{"id":168,"date":"2025-09-16T08:35:03","date_gmt":"2025-09-16T08:35:03","guid":{"rendered":"https:\/\/www.haldren.com\/barcelona\/?page_id=59"},"modified":"2025-10-14T06:14:13","modified_gmt":"2025-10-14T06:14:13","slug":"busqueda-de-ejecutivos","status":"publish","type":"page","link":"https:\/\/www.haldren.com\/barcelona\/es\/adquisicion-de-talentos\/busqueda-de-ejecutivos\/","title":{"rendered":"B\u00fasqueda de ejecutivos"},"content":{"rendered":"\n  <link rel=\"preload\" as=\"image\" href=\"https:\/\/www.haldren.com\/barcelona\/wp-content\/uploads\/sites\/33\/2025\/09\/barcelona-city-e1764150659784.webp\" fetchpriority=\"high\">\n  <style>\n    .inner-banner-section {\n      background-image: url('https:\/\/www.haldren.com\/barcelona\/wp-content\/uploads\/sites\/33\/2025\/09\/barcelona-city-e1764150659784.webp');\n      background-size: cover;\n      background-position: center;\n      background-repeat: no-repeat;\n    }\n\n    @media (max-width: 768px) {\n      .inner-banner-section {\n        background-image: url('https:\/\/www.haldren.com\/barcelona\/wp-content\/uploads\/sites\/33\/2025\/09\/barcelona-city-e1764150659784.webp');\n      }\n    }\n  <\/style>\n\n<div class=\"block-section inner-banner-section lazyload bg-sty section-gaps top-border-line\">\n  <div class=\"container-fluid\">\n    <div class=\"content-wrap\">\n      <h1 class=\"title\">\n        Servicios de b\u00fasqueda de ejecutivos en Barcelona      <\/h1>\n      <span style=\"font-size: 18px;\">C\u00f3mo guiar a las empresas espa\u00f1olas para que consigan l\u00edderes de \u00e9xito duradero<\/span>\n    <\/div>\n  <\/div>\n<\/div>\n\n\n\n\n<div class=\"wp-block-custom-div-wrapper-block col-wrapper has-sidebar\"><div class=\"content-wrapper\" style=\"background-color:#002a26\">\n<div class=\"block-section section-gaps default-content-section \" \n     style=\"--text-color: #ffffff; --bg-color: #119084;\">\n    <div class=\"container\">\n        <div class=\"default-single-content-wrap\">\n            <div class=\"content-wrap\">\n                                    <h2>Empresa l\u00edder en b\u00fasqueda de directivos en Barcelona<\/h2>\n<p>Ofrecemos servicios de b\u00fasqueda de directivos en Barcelona con el cuidado, la discreci\u00f3n y la orientaci\u00f3n consultiva en la que conf\u00edan organizaciones de toda Espa\u00f1a. Nuestra fuerza proviene de nuestros consultores, personas que aportan d\u00e9cadas de experiencia directa en el sector, un conocimiento matizado del mercado local y un compromiso profundamente arraigado con el trabajo \u00e9tico. Cada contrataci\u00f3n se gestiona con absoluta privacidad, dando a nuestros socios la garant\u00eda de que sus decisiones de liderazgo m\u00e1s sensibles est\u00e1n en buenas manos.<\/p>\n<p>Vemos nuestro papel como el de un asesor, diferente al de una agencia de contrataci\u00f3n convencional, apoyando todo el proceso desde la definici\u00f3n de los verdaderos requisitos de un puesto hasta asegurar que el nuevo ejecutivo realiza una transici\u00f3n sin problemas. Nuestros equipos conectan a las empresas con candidatos excepcionales combinando un exhaustivo an\u00e1lisis del mercado, una sofisticada evaluaci\u00f3n del liderazgo y un m\u00e9todo de evaluaci\u00f3n personal estructurado. Esta pr\u00e1ctica disciplinada nos permite encontrar l\u00edderes que no s\u00f3lo poseen las habilidades adecuadas, sino que tambi\u00e9n se alinean realmente con la cultura de una organizaci\u00f3n y sus ambiciones m\u00e1s importantes a largo plazo.<\/p>\n<p>Nuestra red internacional y nuestro conocimiento de la industria nos dan la perspectiva para trabajar en los diversos sectores que definen Barcelona y toda Espa\u00f1a. A menudo se nos solicita para tareas complejas que exigen un an\u00e1lisis minucioso, una investigaci\u00f3n rigurosa y el acceso a los mejores talentos disponibles en cualquier parte del mundo.<\/p>\n<h2>B\u00fasqueda de directivos de primer nivel en Barcelona<\/h2>\n<p>En Haldren, creemos que la b\u00fasqueda de directivos es algo m\u00e1s que cubrir un puesto. Formamos una estrecha colaboraci\u00f3n con cada cliente para encontrar ejecutivos que puedan desempe\u00f1ar un papel esencial en la direcci\u00f3n del crecimiento, la evoluci\u00f3n de una cultura y la obtenci\u00f3n de resultados tangibles en un mercado en constante cambio. Nuestros consultores recurren a sus amplios contactos y a su profundo conocimiento del sector para garantizar que cada nombramiento refuerce la empresa y enriquezca su equipo directivo.<\/p>\n<p>Nuestro trabajo en Espa\u00f1a es conocido por su precisi\u00f3n a la hora de identificar l\u00edderes potenciales que tengan tanto la competencia t\u00e9cnica como el estilo personal que encajen con los objetivos estrat\u00e9gicos. Los consultores de b\u00fasqueda que nos representan est\u00e1n dedicados a la precisi\u00f3n, confidencialidad e integridad, raz\u00f3n por la cual las empresas conf\u00edan constantemente en nosotros para sus necesidades de reclutamiento m\u00e1s cr\u00edticas en Barcelona.<\/p>\n<h4>Evaluaci\u00f3n<\/h4>\n<p>Cada b\u00fasqueda que emprendemos comienza con un an\u00e1lisis cuidadoso y colaborativo de la situaci\u00f3n espec\u00edfica de una organizaci\u00f3n. Trabajamos juntos para construir un perfil de candidato ideal que capte el car\u00e1cter de la empresa, las exigencias del puesto y las expectativas de su direcci\u00f3n. Nuestra evaluaci\u00f3n va mucho m\u00e1s all\u00e1 de un curr\u00edculum, considerando la \u00e9tica de trabajo de una persona, sus motivaciones y su enfoque del liderazgo para asegurarnos de presentar s\u00f3lo a los individuos m\u00e1s adecuados.<\/p>\n<h4>Adquisici\u00f3n de talento<\/h4>\n<p>Nuestros consultores mantienen amplias redes establecidas y utilizan modernas herramientas de b\u00fasqueda para conectar con ejecutivos de una amplia gama de campos. Nos concentramos en encontrar l\u00edderes que puedan convertirse en figuras centrales a la hora de impulsar la innovaci\u00f3n y crear dinamismo. Este m\u00e9todo reflexivo conecta a nuestros socios con los mejores talentos disponibles en Barcelona y en todo el mundo.<\/p>\n<h4>Transformaci\u00f3n organizativa<\/h4>\n<p>Ayudamos a las empresas no s\u00f3lo en la b\u00fasqueda inmediata, sino tambi\u00e9n en su desarrollo a largo plazo. Nuestro trabajo en la evaluaci\u00f3n del liderazgo, la planificaci\u00f3n de la sucesi\u00f3n y el asesoramiento en recursos humanos garantiza que los ejecutivos reci\u00e9n nombrados est\u00e9n posicionados para un \u00e9xito duradero. Estos servicios ponen de relieve nuestro papel como gu\u00edas de confianza responsables de ayudar a las empresas a lograr resultados potentes.<\/p>\n<h2>Nuestro enfoque en la b\u00fasqueda de directivos<\/h2>\n<p>Nuestro trabajo en Barcelona sigue un proceso directo, estructurado y dise\u00f1ado para lograr resultados duraderos. Empezamos escuchando atentamente a nuestros clientes, aprendiendo sobre sus retos, comprendiendo las expectativas de las partes interesadas clave y aclarando el contexto estrat\u00e9gico m\u00e1s amplio. A partir de ah\u00ed, elaboramos un perfil del candidato que recoge las aptitudes esenciales, la experiencia y las cualidades personales necesarias para tener \u00e9xito en el puesto.<\/p>\n<p>Una vez sentadas estas bases, pasamos al mapeo del mercado y a la b\u00fasqueda de candidatos. Nuestros consultores identifican candidatos potenciales no s\u00f3lo dentro de Espa\u00f1a, sino tambi\u00e9n a trav\u00e9s de nuestra red global. Vamos m\u00e1s all\u00e1 de aquellos que est\u00e1n buscando activamente nuevas oportunidades para conectar con ejecutivos consumados que pueden no ser visibles en el mercado abierto pero que pueden aportar un valor real a una organizaci\u00f3n.<\/p>\n<p>Las evaluaciones son exhaustivas y pr\u00e1cticas. Utilizamos entrevistas estructuradas, herramientas establecidas de evaluaci\u00f3n del liderazgo y, cuando procede, an\u00e1lisis psicom\u00e9tricos. Esto nos permite evaluar cualidades como el pensamiento estrat\u00e9gico, la capacidad de gesti\u00f3n y las habilidades interpersonales. Al aplicar este nivel de cuidado, damos a nuestros clientes la confianza de que los ejecutivos preseleccionados est\u00e1n preparados para ofrecer un rendimiento s\u00f3lido.<\/p>\n<p>Gestionamos todo el proceso, desde las entrevistas y las evaluaciones hasta las negociaciones de la oferta. El an\u00e1lisis del mercado y la b\u00fasqueda de candidatos espec\u00edficos garantizan que no se pase por alto a ning\u00fan candidato relevante. Nuestros consultores tambi\u00e9n ayudan con la incorporaci\u00f3n, asegur\u00e1ndose de que los nuevos l\u00edderes est\u00e9n preparados para tener \u00e9xito desde su primer d\u00eda.<\/p>\n<p>Lo que diferencia nuestro enfoque es nuestro compromiso con la \u00e9tica, la confidencialidad y el impacto a largo plazo. No nos limitamos a cubrir un puesto, sino que ayudamos a las organizaciones a asegurar l\u00edderes que puedan satisfacer las necesidades actuales al tiempo que apoyan el crecimiento futuro.<\/p>\n<h2>Nuestra experiencia como l\u00edderes en selecci\u00f3n de ejecutivos en Barcelona<\/h2>\n<p>Nuestros consultores a\u00fanan conocimientos especializados del sector con experiencia directa y pr\u00e1ctica asesorando a clientes en Espa\u00f1a. Muchos de ellos provienen de puestos de responsabilidad en sectores como finanzas, ingenier\u00eda, ventas y direcci\u00f3n general, lo que les permite conocer de primera mano las capacidades necesarias para ocupar puestos ejecutivos. El desarrollo profesional continuo, la exposici\u00f3n internacional y las perspectivas publicadas de los miembros de nuestro equipo refuerzan nuestra autoridad en el campo de la selecci\u00f3n de directivos.<\/p>\n<p>Adaptamos nuestro enfoque a cada organizaci\u00f3n aprendiendo su modelo de negocio, sus retos \u00fanicos y sus aspiraciones. Esta flexibilidad nos permite identificar candidatos relevantes en una gran variedad de sectores, manteniendo siempre las necesidades de nuestros clientes en el centro de la b\u00fasqueda.<\/p>\n<h4>Algunas \u00e1reas en las que nos especializamos<\/h4>\n<p>Nuestra oficina de Barcelona gestiona el reclutamiento de ejecutivos en una amplia gama de funciones, incluyendo finanzas, legal, ingenier\u00eda, ventas y recursos humanos. Tambi\u00e9n servimos a empresas de bienes de consumo, tecnolog\u00eda y sanidad, proporcionando acceso a ejecutivos capaces de lograr resultados en entornos muy exigentes. Nuestros consultores son expertos en encontrar l\u00edderes que se conviertan en indispensables para el progreso de una organizaci\u00f3n.<\/p>\n<h4>Ejemplos de funciones para las que reclutamos<\/h4>\n<p>Nos concentramos en nombramientos de nivel senior y ejecutivo, incluidos directores de la C-suite, jefes funcionales en \u00e1reas como finanzas u operaciones, y ejecutivos encargados de impulsar la innovaci\u00f3n o la expansi\u00f3n empresarial. Tambi\u00e9n identificamos l\u00edderes para puestos clave de mandos intermedios cuando estas funciones son vitales para el desarrollo de una empresa.<\/p>\n<blockquote><p><strong>Para saber c\u00f3mo podemos ayudarle en sus necesidades de b\u00fasqueda de directivos en Barcelona y en toda Espa\u00f1a, p\u00f3ngase en contacto con Haldren hoy mismo. Estaremos encantados de hablar con usted sobre c\u00f3mo asegurar los l\u00edderes adecuados para su equipo.<\/strong><\/p><\/blockquote>\n<h2>Por qu\u00e9 Haldren utiliza un enfoque personalizado para el reclutamiento<\/h2>\n<p>Nuestros consultores entienden que no hay dos organizaciones iguales. Una estrategia de reclutamiento estandarizada simplemente no puede servir a las diversas necesidades de las empresas en el vibrante mercado espa\u00f1ol. Hemos visto c\u00f3mo los m\u00e9todos gen\u00e9ricos a menudo no consiguen encontrar a las mejores personas, lo que puede dar lugar a nombramientos inadecuados y oportunidades perdidas.<\/p>\n<p>En lugar de ello, dise\u00f1amos cada compromiso de b\u00fasqueda de directivos desde cero. Pasamos tiempo escuchando a los equipos del cliente, estudiando las estructuras de gesti\u00f3n y absorbiendo la cultura organizativa. Este profundo conocimiento nos permite encontrar candidatos que no s\u00f3lo tienen las habilidades adecuadas, sino que tambi\u00e9n poseen un estilo de liderazgo que les permitir\u00e1 entrar en un papel fundamental con seguridad.<\/p>\n<p>Los clientes nos dicen que valoran la amplia experiencia que aportamos en diferentes sectores y mercados. Estamos especializados en dise\u00f1ar estrategias de contrataci\u00f3n que reflejen la realidad empresarial, lo que significa que los ejecutivos que colocamos est\u00e1n preparados para triunfar. Nuestra responsabilidad va m\u00e1s all\u00e1 de cubrir un puesto de trabajo; nos comprometemos a apoyar la salud organizativa y los logros duraderos.<\/p>\n<h2>Por qu\u00e9 elegir Haldren para la b\u00fasqueda de ejecutivos<\/h2>\n<p>Las organizaciones de Barcelona y de toda Espa\u00f1a conf\u00edan en nosotros porque estamos centrados, somos responsables y \u00e9ticos en todo lo que hacemos. La discreci\u00f3n es fundamental en nuestro trabajo, y nuestros consultores se aseguran de que la informaci\u00f3n sensible permanezca segura en todo momento. Nuestra reputaci\u00f3n se ha forjado a trav\u00e9s de asociaciones exitosas que perduran.<\/p>\n<p>Nuestro alcance global nos permite encontrar ejecutivos de cualquier parte del mundo, mientras que nuestro conocimiento local garantiza su relevancia para el mercado espa\u00f1ol. Hemos cultivado amplias redes que nos conectan con l\u00edderes de todos los sectores, dando a las empresas acceso a candidatos que pueden aportar un valor claro y medible.<\/p>\n<p>La calidad de nuestro trabajo se basa en la dedicaci\u00f3n de nuestros consultores, que se responsabilizan personalmente de todo el proceso. Gu\u00edan a los clientes con profesionalidad, identifican a las personas m\u00e1s cualificadas y se aseguran de que los nuevos ejecutivos est\u00e9n preparados para afrontar los retos que les esperan.<\/p>\n<blockquote><p><strong>Si est\u00e1 buscando un socio de confianza para el reclutamiento de ejecutivos en Barcelona, p\u00f3ngase en contacto con Haldren. Estaremos encantados de discutir c\u00f3mo nuestros servicios de b\u00fasqueda de directivos pueden ayudar a su organizaci\u00f3n a asegurar los l\u00edderes que impulsar\u00e1n su crecimiento y \u00e9xito a largo plazo.<\/strong><\/p><\/blockquote>\n                            <\/div>\n        <\/div>\n    <\/div>\n<\/div>\n\n<div class=\"block-section accordion-main-section \">\n    <div class=\"container\">    \n                <div class=\"accordion-faqs\">\n            <h2 class=\"m-title\">Frequently Asked Questions (FAQs)<\/h2>\n                        <div class=\"item\">\n                <h3>\u00bfC\u00f3mo garantizar la confidencialidad durante la b\u00fasqueda de directivos?<\/h3>\n                <div class=\"faq-content\"><p>Trabajamos con estrictos protocolos de privacidad de principio a fin. Este compromiso protege la informaci\u00f3n sensible de nuestras empresas clientes, de los candidatos con los que nos comprometemos y de los ejecutivos que est\u00e1n considerando un traslado. La discreci\u00f3n es la base de la confianza que la gente deposita en nosotros.<\/p>\n<\/div>\n            <\/div>\n                        <div class=\"item\">\n                <h3>\u00bfQu\u00e9 diferencia a Haldren de otros Headhunters en Barcelona?<\/h3>\n                <div class=\"faq-content\"><p>Nuestros consultores ofrecen una combinaci\u00f3n \u00fanica de perspectiva global y profunda experiencia local en el mercado espa\u00f1ol. Esto nos permite proporcionar a los clientes acceso a un grupo internacional de talento, manteniendo al mismo tiempo un proceso altamente personal, basado en el asesoramiento y \u00e9tico, que se fundamenta en las realidades del panorama empresarial local.<\/p>\n<\/div>\n            <\/div>\n                        <div class=\"item\">\n                <h3>\u00bfCu\u00e1nto suele durar un proceso de contrataci\u00f3n de ejecutivos?<\/h3>\n                <div class=\"faq-content\"><p>Aunque los plazos pueden variar en funci\u00f3n del puesto y del sector, la mayor\u00eda de nuestras b\u00fasquedas de directivos en Barcelona concluyen en un plazo de tres a cuatro meses. Este periodo suele abarcar la evaluaci\u00f3n inicial en profundidad, el compromiso y el examen exhaustivos de los candidatos, y las fases finales de selecci\u00f3n e incorporaci\u00f3n.<\/p>\n<\/div>\n            <\/div>\n                        <div class=\"item\">\n                <h3>\u00bfApoya a las organizaciones despu\u00e9s de la colocaci\u00f3n?<\/h3>\n                <div class=\"faq-content\"><p>S\u00ed, nuestra colaboraci\u00f3n contin\u00faa despu\u00e9s de una colocaci\u00f3n satisfactoria. Ofrecemos asistencia en la integraci\u00f3n posterior a la colocaci\u00f3n, proporcionamos una evaluaci\u00f3n continua del liderazgo y podemos apoyar otras iniciativas de desarrollo. Nuestro objetivo es ayudar a los ejecutivos a integrarse sin problemas en sus nuevas funciones y garantizar su \u00e9xito a largo plazo dentro de la organizaci\u00f3n.<\/p>\n<\/div>\n            <\/div>\n                    <\/div>\n            <\/div>\n<\/div><\/div><div class=\"sidebar-wrapper\">\n<div class=\"wpcf7 no-js\" id=\"wpcf7-f50-o1\" lang=\"\" dir=\"ltr\" data-wpcf7-id=\"50\">\n<div class=\"screen-reader-response\"><p role=\"status\" aria-live=\"polite\" aria-atomic=\"true\"><\/p> <ul><\/ul><\/div>\n<form action=\"\/barcelona\/wp-json\/wp\/v2\/pages\/168#wpcf7-f50-o1\" method=\"post\" class=\"wpcf7-form init\" aria-label=\"Contact form\" enctype=\"multipart\/form-data\" novalidate=\"novalidate\" data-status=\"init\">\n<fieldset class=\"hidden-fields-container\"><input type=\"hidden\" name=\"_wpcf7\" value=\"50\" \/><input type=\"hidden\" name=\"_wpcf7_version\" value=\"6.1.5\" \/><input type=\"hidden\" name=\"_wpcf7_locale\" value=\"\" \/><input type=\"hidden\" name=\"_wpcf7_unit_tag\" value=\"wpcf7-f50-o1\" \/><input type=\"hidden\" name=\"_wpcf7_container_post\" value=\"0\" \/><input type=\"hidden\" name=\"_wpcf7_posted_data_hash\" value=\"\" \/>\n<\/fieldset>\n<input class=\"wpcf7-form-control wpcf7-hidden\" id=\"utm_source\" value=\"\" type=\"hidden\" name=\"utm_source\" \/>\n<input class=\"wpcf7-form-control wpcf7-hidden\" id=\"utm_medium\" value=\"\" type=\"hidden\" name=\"utm_medium\" \/>\n<input class=\"wpcf7-form-control wpcf7-hidden\" id=\"sideform_user_country\" value=\"\" type=\"hidden\" name=\"userCountry\" \/>\n<div class=\"form-grid-layout\">\n\t<div class=\"form-title\">\n\t\t<h2 class=\"title\">Thrive with Top Talent<br \/>\n- No Upfronts Fees\n\t\t<\/h2>\n\t\t<p>Have it easier with video interview clips and a candidate shortlist within 2-3 weeks\n\t\t<\/p>\n\t<\/div>\n\t<div class=\"input-field\">\n\t\t<p><label for=\"\">Name<\/label><br \/>\n<span class=\"wpcf7-form-control-wrap\" data-name=\"full-Name\"><input size=\"40\" maxlength=\"400\" class=\"wpcf7-form-control wpcf7-text wpcf7-validates-as-required\" aria-required=\"true\" aria-invalid=\"false\" value=\"\" type=\"text\" name=\"full-Name\" \/><\/span>\n\t\t<\/p>\n\t<\/div>\n\t<div class=\"input-field\">\n\t\t<p><label for=\"\">Email Address<\/label><br \/>\n<span class=\"wpcf7-form-control-wrap\" data-name=\"email-address\"><input size=\"40\" maxlength=\"400\" class=\"wpcf7-form-control wpcf7-email wpcf7-validates-as-required wpcf7-text wpcf7-validates-as-email\" aria-required=\"true\" aria-invalid=\"false\" value=\"\" type=\"email\" name=\"email-address\" \/><\/span>\n\t\t<\/p>\n\t<\/div>\n\t<div class=\"input-field\">\n\t\t<p><label for=\"\">Company<\/label><br \/>\n<span class=\"wpcf7-form-control-wrap\" data-name=\"company\"><input size=\"40\" maxlength=\"400\" class=\"wpcf7-form-control wpcf7-text\" aria-invalid=\"false\" value=\"\" type=\"text\" name=\"company\" \/><\/span>\n\t\t<\/p>\n\t<\/div>\n\t<div class=\"radiobox-field\">\n\t\t<p><span class=\"wpcf7-form-control-wrap\" data-name=\"radio-721company-status\"><span class=\"wpcf7-form-control wpcf7-radio\"><span class=\"wpcf7-list-item first\"><label><input type=\"radio\" name=\"radio-721company-status\" value=\"{Employer}\" \/><span class=\"wpcf7-list-item-label\">Employer<\/span><\/label><\/span><span class=\"wpcf7-list-item last\"><label><input type=\"radio\" name=\"radio-721company-status\" value=\"{Candidate}\" \/><span class=\"wpcf7-list-item-label\">Candidate<\/span><\/label><\/span><\/span><\/span>\n\t\t<\/p>\n\t<\/div>\n\t<div class=\"input-field\">\n\t\t<p><span class=\"wpcf7-form-control-wrap\" data-name=\"file-upload\"><input size=\"40\" class=\"wpcf7-form-control wpcf7-file\" accept=\".pdf\" aria-invalid=\"false\" type=\"file\" name=\"file-upload\" \/><\/span>\n\t\t<\/p>\n\t<\/div>\n\t<div class=\"textarea-field\">\n\t\t<p><label for=\"\">How can we help you?<\/label><br \/>\n<span class=\"wpcf7-form-control-wrap\" data-name=\"message\"><textarea cols=\"40\" rows=\"10\" maxlength=\"2000\" class=\"wpcf7-form-control wpcf7-textarea\" aria-invalid=\"false\" name=\"message\"><\/textarea><\/span>\n\t\t<\/p>\n\t<\/div>\n\t<p><span id=\"wpcf7-69f5fb01c298a-wrapper\" class=\"wpcf7-form-control-wrap nickname-wrap\" ><input id=\"wpcf7-69f5fb01c298a-field\"  class=\"wpcf7-form-control wpcf7-text\" type=\"text\" name=\"nickname\" value=\"\" size=\"40\" tabindex=\"-1\" autocomplete=\"off\" \/><\/span>\n\t<\/p>\n\t<div class=\"form-term\">\n\t\t<p>Submission of this form means you have agreed to our <a href=\"\/privacy-policy\/\" title=\"\">Privacy Policy<\/a> and <a href=\"\/terms-of-service\/\" title=\"\">Terms Conditions<\/a>\n\t\t<\/p>\n\t<\/div>\n\t<div class=\"submit-btn\">\n\t\t<p><input class=\"wpcf7-form-control wpcf7-submit has-spinner btn-box\" type=\"submit\" value=\"Get in Touch\" \/>\n\t\t<\/p>\n\t<\/div>\n<\/div><div class=\"wpcf7-response-output\" aria-hidden=\"true\"><\/div>\n<\/form>\n<\/div>\n<\/div><\/div>\n\n\n<div class=\"block-section client-reviews-slider \" style=\"background-color: #119084\">  \n    <div class=\"container\">\n                <div class=\"splide client-slider\">\n            <div class=\"splide__track\">\n                <div class=\"splide__list\">\n                                        <div class=\"splide__slide\">\n                        <div class=\"content-box\">\n                            <div class=\"content\">\n                                <p>&#8220;Haldren nos gui\u00f3 a trav\u00e9s de un proceso de contrataci\u00f3n de ejecutivos altamente confidencial con claridad y discreci\u00f3n. Sus consultores aportaron valiosos conocimientos y nos ayudaron a conseguir los mejores talentos para un puesto fundamental.&#8221;<\/p>\n                            <\/div>\n                                                        <div class=\"name\">\n                                <strong>Marta L.<\/strong>, \n                                Director de RRHH                            <\/div>\n                                                    <\/div>\n                    <\/div>\n                                        <div class=\"splide__slide\">\n                        <div class=\"content-box\">\n                            <div class=\"content\">\n                                <p>&#8220;Los consultores de Haldren nos impresionaron por su amplia experiencia y su profundo conocimiento del mercado espa\u00f1ol. Nos sentimos apoyados en cada paso de la b\u00fasqueda, desde la evaluaci\u00f3n inicial hasta la incorporaci\u00f3n final.&#8221;<\/p>\n                            <\/div>\n                                                        <div class=\"name\">\n                                <strong>Javier R.<\/strong>, \n                                Director Financiero                            <\/div>\n                                                    <\/div>\n                    <\/div>\n                                        <div class=\"splide__slide\">\n                        <div class=\"content-box\">\n                            <div class=\"content\">\n                                <p>&#8220;Trabajar con Haldren fue una experiencia responsable y profesional. Identificaron r\u00e1pidamente a candidatos altamente cualificados y nos guiaron con facilidad a trav\u00e9s de un proceso de contrataci\u00f3n complejo.&#8221;<\/p>\n                            <\/div>\n                                                        <div class=\"name\">\n                                <strong>Laura G.<\/strong>, \n                                Director de Operaciones                            <\/div>\n                                                    <\/div>\n                    <\/div>\n                                    <\/div>\n            <\/div>\n        <\/div>\n            <\/div>\n<\/div>","protected":false},"excerpt":{"rendered":"","protected":false},"author":10,"featured_media":0,"parent":166,"menu_order":0,"comment_status":"closed","ping_status":"closed","template":"","meta":{"_acf_changed":false,"footnotes":""},"class_list":["post-168","page","type-page","status-publish","hentry"],"acf":[],"lang":"es","translations":{"es":168},"jetpack_sharing_enabled":true,"pll_sync_post":[],"_links":{"self":[{"href":"https:\/\/www.haldren.com\/barcelona\/wp-json\/wp\/v2\/pages\/168","targetHints":{"allow":["GET"]}}],"collection":[{"href":"https:\/\/www.haldren.com\/barcelona\/wp-json\/wp\/v2\/pages"}],"about":[{"href":"https:\/\/www.haldren.com\/barcelona\/wp-json\/wp\/v2\/types\/page"}],"author":[{"embeddable":true,"href":"https:\/\/www.haldren.com\/barcelona\/wp-json\/wp\/v2\/users\/10"}],"replies":[{"embeddable":true,"href":"https:\/\/www.haldren.com\/barcelona\/wp-json\/wp\/v2\/comments?post=168"}],"version-history":[{"count":1,"href":"https:\/\/www.haldren.com\/barcelona\/wp-json\/wp\/v2\/pages\/168\/revisions"}],"predecessor-version":[{"id":185,"href":"https:\/\/www.haldren.com\/barcelona\/wp-json\/wp\/v2\/pages\/168\/revisions\/185"}],"up":[{"embeddable":true,"href":"https:\/\/www.haldren.com\/barcelona\/wp-json\/wp\/v2\/pages\/166"}],"wp:attachment":[{"href":"https:\/\/www.haldren.com\/barcelona\/wp-json\/wp\/v2\/media?parent=168"}],"curies":[{"name":"wp","href":"https:\/\/api.w.org\/{rel}","templated":true}]}}