{"id":169,"date":"2025-09-16T08:44:11","date_gmt":"2025-09-16T08:44:11","guid":{"rendered":"https:\/\/www.haldren.com\/barcelona\/?page_id=62"},"modified":"2025-10-16T06:00:15","modified_gmt":"2025-10-16T06:00:15","slug":"busqueda-en-la-junta","status":"publish","type":"page","link":"https:\/\/www.haldren.com\/barcelona\/es\/adquisicion-de-talentos\/busqueda-en-la-junta\/","title":{"rendered":"B\u00fasqueda en la Junta"},"content":{"rendered":"\n  <link rel=\"preload\" as=\"image\" href=\"https:\/\/www.haldren.com\/barcelona\/wp-content\/uploads\/sites\/33\/2025\/09\/barcelona-city-e1764150659784.webp\" fetchpriority=\"high\">\n  <style>\n    .inner-banner-section {\n      background-image: url('https:\/\/www.haldren.com\/barcelona\/wp-content\/uploads\/sites\/33\/2025\/09\/barcelona-city-e1764150659784.webp');\n      background-size: cover;\n      background-position: center;\n      background-repeat: no-repeat;\n    }\n\n    @media (max-width: 768px) {\n      .inner-banner-section {\n        background-image: url('https:\/\/www.haldren.com\/barcelona\/wp-content\/uploads\/sites\/33\/2025\/09\/barcelona-city-e1764150659784.webp');\n      }\n    }\n  <\/style>\n\n<div class=\"block-section inner-banner-section lazyload bg-sty section-gaps top-border-line\">\n  <div class=\"container-fluid\">\n    <div class=\"content-wrap\">\n      <h1 class=\"title\">\n        B\u00fasqueda de consejeros en Barcelona      <\/h1>\n      <span style=\"font-size: 18px;\">C\u00f3mo guiar a las empresas de Barcelona para conseguir directivos que impulsen el \u00e9xito a largo plazo<\/span>\n    <\/div>\n  <\/div>\n<\/div>\n\n\n\n\n<div class=\"wp-block-custom-div-wrapper-block col-wrapper has-sidebar\"><div class=\"content-wrapper\" style=\"background-color:#002a26\">\n<div class=\"block-section section-gaps default-content-section \" \n     style=\"--text-color: #ffffff; --bg-color: #119084;\">\n    <div class=\"container\">\n        <div class=\"default-single-content-wrap\">\n            <div class=\"content-wrap\">\n                                    <h2>Empresa l\u00edder en b\u00fasqueda de consejeros en Barcelona<\/h2>\n<p>Colaboramos con empresas de toda Espa\u00f1a en la b\u00fasqueda de directivos excepcionales, gestionando cada encargo con el cuidado y la precisi\u00f3n que requieren los nombramientos de altos cargos. El prestigio de nuestra empresa se basa en la discreci\u00f3n, los principios de conducta y el profundo conocimiento de nuestros consultores. Entendemos que la selecci\u00f3n de un nuevo directivo es un acontecimiento decisivo para cualquier empresa, que exige un equilibrio entre competencia especializada y aut\u00e9ntico encaje cultural.<\/p>\n<p>Los miembros de nuestro equipo aportan experiencia pr\u00e1ctica en diversos sectores, guiando cada b\u00fasqueda con transparencia y buen juicio. Trabajamos de forma diferente a las agencias de contrataci\u00f3n tradicionales, estableciendo una asociaci\u00f3n con cada organizaci\u00f3n a la que servimos. Este m\u00e9todo combina nuestras amplias conexiones internacionales con un conocimiento espec\u00edfico del panorama empresarial de Barcelona y Madrid. A trav\u00e9s de estas redes, identificamos candidatos preparados para desenvolverse en entornos de gobierno complejos, responder a los intereses de los accionistas y crear valor duradero.<\/p>\n<blockquote><p><strong>Las organizaciones nos conocen por nuestra capacidad para producir resultados a trav\u00e9s de un proceso cuidadoso y met\u00f3dico, una confidencialidad total y unas capacidades de b\u00fasqueda refinadas.<\/strong><\/p><\/blockquote>\n<h2>Firma de B\u00fasqueda de Directivos de primer nivel en Barcelona<\/h2>\n<p>Abordamos la b\u00fasqueda de directivos con la convicci\u00f3n de que un gobierno eficaz construye empresas duraderas. Nuestro trabajo se centra en encontrar l\u00edderes preparados para ofrecer una direcci\u00f3n estrat\u00e9gica, garantizar el cumplimiento de la normativa y complementar el equipo ejecutivo existente. Damos prioridad a la capacidad, el car\u00e1cter y una amplia visi\u00f3n del mundo para conectar a las organizaciones con personas que puedan fomentar nuevas ideas y dirigir un avance constante.<\/p>\n<h4>Evaluaci\u00f3n<\/h4>\n<p>Cada b\u00fasqueda comienza con una conversaci\u00f3n detallada para comprender los objetivos, el marco de gobierno y los planes de sucesi\u00f3n de una organizaci\u00f3n. A partir de esta conversaci\u00f3n, construimos una imagen precisa del candidato ideal, captando las exigencias del puesto, la cultura de la empresa y sus medidas de \u00e9xito. M\u00e1s all\u00e1 del curr\u00edculum vitae, evaluamos el empuje, el enfoque interpersonal y la br\u00fajula \u00e9tica de la persona, todo ello para confirmar que encaja a la perfecci\u00f3n.<\/p>\n<h4>Adquisici\u00f3n de talento<\/h4>\n<p>Aprovechamos nuestra red global, reforzada por relaciones profesionales duraderas en Espa\u00f1a y Europa. Nuestros m\u00e9todos combinan t\u00e9cnicas de b\u00fasqueda tradicionales con plataformas digitales contempor\u00e1neas, lo que nos permite localizar a personas que poseen los conocimientos espec\u00edficos y la visi\u00f3n de futuro necesarios para contribuir a nivel directivo.<\/p>\n<h4>Transformaci\u00f3n organizativa<\/h4>\n<p>M\u00e1s all\u00e1 de las colocaciones individuales, contribuimos al progreso duradero mediante la planificaci\u00f3n de la sucesi\u00f3n, la evaluaci\u00f3n del liderazgo y el asesoramiento en materia de gobernanza. Consideramos que nuestra funci\u00f3n es ayudar a los nuevos consejeros no s\u00f3lo a mejorar el consejo actual, sino tambi\u00e9n a equipar a toda la empresa para hacer frente a lo que est\u00e1 por venir.<\/p>\n<h2>Nuestro enfoque en la b\u00fasqueda de consejeros<\/h2>\n<p>Nuestro m\u00e9todo est\u00e1 dise\u00f1ado para encontrar directores que tengan un impacto significativo a largo plazo. El proceso comienza con sesiones de descubrimiento en profundidad en las que escuchamos a las partes interesadas para comprender sus prioridades, normas de gobierno y objetivos empresariales. Estas conversaciones nos permiten construir un perfil completo que especifica las habilidades, credenciales y cualidades de liderazgo necesarias para el puesto.<\/p>\n<p>A continuaci\u00f3n, mapeamos el mercado y buscamos candidatos potenciales en los sectores clave de Barcelona, como el turismo, la moda y la industria manufacturera. Nuestro equipo combina la comunicaci\u00f3n directa y personal con la investigaci\u00f3n digital avanzada a trav\u00e9s de redes profesionales, foros del sector y bases de datos especializadas. Esta doble estrategia nos ayuda a conectar con personas atractivas, tanto si est\u00e1n buscando activamente un nuevo puesto como si no.<\/p>\n<p>Avanzamos con entrevistas sistem\u00e1ticas, evaluaciones psicom\u00e9tricas y valoraciones objetivas para establecer comparaciones claras entre los posibles candidatos. Cada lista curada de finalistas que presentamos va acompa\u00f1ada de nuestro an\u00e1lisis de sus capacidades profesionales y su compatibilidad con la cultura de la organizaci\u00f3n.<\/p>\n<p>La etapa final de selecci\u00f3n implica discusiones finales y presentaciones formales, dando a nuestros socios una imagen completa de cada individuo. Una vez realizado el nombramiento, nuestro equipo permanece involucrado durante el periodo inicial de integraci\u00f3n, ofreciendo apoyo para asegurar que el nuevo director se asienta eficazmente en el consejo.<\/p>\n<p>Este cuidadoso enfoque, basado en la colaboraci\u00f3n, dota a las empresas de Barcelona de l\u00edderes que elevan la gobernanza e impulsan el \u00e9xito sostenido.<\/p>\n<h2>Nuestra experiencia como l\u00edderes en selecci\u00f3n de directivos en Barcelona<\/h2>\n<p>Nuestro profundo conocimiento en la selecci\u00f3n de directivos proviene de a\u00f1os de estrecha colaboraci\u00f3n con empresas espa\u00f1olas. Los miembros de nuestro equipo poseen un profundo conocimiento de los modelos de gobierno corporativo, las estrategias de sucesi\u00f3n y la evaluaci\u00f3n de directivos, lo que nos permite ofrecer un asesoramiento s\u00f3lido y fiable.<\/p>\n<p>Las empresas acuden a nosotros cuando necesitan l\u00edderes que garanticen el cumplimiento de la normativa, impulsen el pensamiento creativo y promuevan el valor para los accionistas. Adaptamos cada misi\u00f3n al contexto espec\u00edfico de la organizaci\u00f3n, aprovechando nuestras conexiones globales y herramientas anal\u00edticas para encontrar la persona adecuada.<\/p>\n<h4>Algunas \u00e1reas en las que nos especializamos<\/h4>\n<p>Trabajamos en el variado panorama econ\u00f3mico de Barcelona, colocando directivos en sectores que van desde el turismo y la moda hasta las finanzas, los mercados de capitales y la industria manufacturera. Nuestros esfuerzos se concentran en ayudar a empresas que necesitan l\u00edderes que puedan tanto reforzar la supervisi\u00f3n como acelerar el progreso comercial.<\/p>\n<h4>Ejemplos de funciones para las que contratamos<\/h4>\n<p>Nuestras b\u00fasquedas cubren funciones cr\u00edticas de alto nivel, incluidos miembros del consejo de administraci\u00f3n para la supervisi\u00f3n del CEO, directores de comit\u00e9s de auditor\u00eda y asesores de la C-suite. Cada asignaci\u00f3n est\u00e1 guiada por nuestro compromiso de encontrar personas que aporten car\u00e1cter, conocimientos profundos y un historial de logros tangibles.<\/p>\n<blockquote><p><strong>Para las organizaciones en Barcelona que se preparan para nuevos nombramientos en el consejo, invitamos a una conversaci\u00f3n para explorar c\u00f3mo nuestro proceso puede ayudar a asegurar el liderazgo adecuado.<\/strong><\/p><\/blockquote>\n<h2>Por qu\u00e9 Haldren utiliza un enfoque personalizado para el reclutamiento<\/h2>\n<p>Un enfoque estandarizado de reclutamiento rara vez funciona para puestos de nivel directivo. Cada empresa opera con un conjunto distinto de prioridades, obligaciones legales e intereses de las partes interesadas. Ignorar estos matices es arriesgarse a contratar a un director que carezca de la visi\u00f3n necesaria para una supervisi\u00f3n eficaz.<\/p>\n<p>Nuestro equipo ha observado de primera mano c\u00f3mo se transforma un consejo cuando se selecciona a los nuevos miembros en funci\u00f3n de su alineaci\u00f3n con la cultura, la estructura de gobierno y la visi\u00f3n estrat\u00e9gica de la empresa. Empleamos evaluaciones met\u00f3dicas, m\u00e9tricas de puntuaci\u00f3n detalladas y conversaciones directas con figuras clave para producir informaci\u00f3n fiable a lo largo de todo el proceso.<\/p>\n<p>Al personalizar cada asignaci\u00f3n, conseguimos resultados que van mucho m\u00e1s all\u00e1 de cubrir un puesto vacante. Nuestro m\u00e9todo a medida fortalece los consejos de administraci\u00f3n, mejora la gobernanza y proporciona un apoyo duradero a las empresas de toda Barcelona.<\/p>\n<h2>Por qu\u00e9 elegir Haldren para la b\u00fasqueda de consejeros<\/h2>\n<p>Elegir a Haldren significa comprometerse con un equipo que mantiene la confianza, la discreci\u00f3n y una conducta basada en principios. Hemos construido nuestro nombre sobre la base de la fiabilidad, encontrando sistem\u00e1ticamente l\u00edderes que encajan con la visi\u00f3n de una organizaci\u00f3n, protegiendo al mismo tiempo los detalles sensibles de cada b\u00fasqueda.<\/p>\n<p>Nuestros consultores ofrecen una perspectiva informada sobre los entornos empresariales de Barcelona y Madrid, que aumentamos con nuestras amplias conexiones globales. Esta fusi\u00f3n de conocimiento regional y alcance internacional nos permite presentar a personas que otras empresas a menudo pasan por alto.<\/p>\n<p>Las organizaciones aprecian nuestro enfoque sistem\u00e1tico, las evaluaciones en profundidad y la orientaci\u00f3n continua una vez finalizada la b\u00fasqueda. Nos mantenemos en contacto a medida que los nuevos directores comienzan sus funciones, facilitando su asimilaci\u00f3n sin problemas en el trabajo y la cultura de la junta directiva.<\/p>\n<p>Agradecemos la oportunidad de discutir cualquier pr\u00f3xima b\u00fasqueda de una junta directiva en Barcelona. Nuestros consultores est\u00e1n disponibles para compartir nuestra perspectiva, responder preguntas e iniciar la conversaci\u00f3n sobre la b\u00fasqueda del liderazgo adecuado para la organizaci\u00f3n.<\/p>\n                            <\/div>\n        <\/div>\n    <\/div>\n<\/div>\n\n<div class=\"block-section accordion-main-section \">\n    <div class=\"container\">    \n                <div class=\"accordion-faqs\">\n            <h2 class=\"m-title\">Frequently Asked Questions (FAQs)<\/h2>\n                        <div class=\"item\">\n                <h3>\u00bfC\u00f3mo proteger la confidencialidad durante las b\u00fasquedas en los consejos de administraci\u00f3n?<\/h3>\n                <div class=\"faq-content\"><p>Protegemos toda la informaci\u00f3n mediante plataformas digitales seguras, comunicaciones cifradas y un contacto discreto con los candidatos. Cada paso de nuestra b\u00fasqueda se gestiona con el m\u00e1ximo cuidado de la privacidad.<\/p>\n<\/div>\n            <\/div>\n                        <div class=\"item\">\n                <h3>\u00bfCu\u00e1nto tiempo suele durar un nombramiento?<\/h3>\n                <div class=\"faq-content\"><p>La b\u00fasqueda de un miembro del consejo suele durar varios meses. La duraci\u00f3n exacta depende de los requisitos espec\u00edficos del puesto y de la disponibilidad de las personas adecuadas, y siempre trabajamos para adaptarnos a los plazos de una organizaci\u00f3n.<\/p>\n<\/div>\n            <\/div>\n                        <div class=\"item\">\n                <h3>\u00bfC\u00f3mo evaluar a los candidatos m\u00e1s all\u00e1 de su experiencia?<\/h3>\n                <div class=\"faq-content\"><p>Nuestra evaluaci\u00f3n va m\u00e1s all\u00e1 del historial profesional de una persona. Profundizamos en sus motivaciones, su enfoque de la colaboraci\u00f3n y su filosof\u00eda del gobierno corporativo. Mediante entrevistas met\u00f3dicas y herramientas de evaluaci\u00f3n de eficacia probada, ofrecemos una imagen completa y fiable de cada candidato.<\/p>\n<\/div>\n            <\/div>\n                        <div class=\"item\">\n                <h3>\u00bfQu\u00e9 apoyo prestan tras el nombramiento de un Director?<\/h3>\n                <div class=\"faq-content\"><p>Nuestra colaboraci\u00f3n contin\u00faa durante la fase de incorporaci\u00f3n. Ofrecemos asesoramiento para ayudar al nuevo director a alinearse con la din\u00e1mica y las pr\u00e1cticas de gobierno del consejo, un paso que ayuda a fomentar contribuciones eficaces desde el principio.<\/p>\n<\/div>\n            <\/div>\n                    <\/div>\n            <\/div>\n<\/div><\/div><div class=\"sidebar-wrapper\">\n<div class=\"wpcf7 no-js\" id=\"wpcf7-f50-o1\" lang=\"\" dir=\"ltr\" data-wpcf7-id=\"50\">\n<div class=\"screen-reader-response\"><p role=\"status\" aria-live=\"polite\" aria-atomic=\"true\"><\/p> <ul><\/ul><\/div>\n<form action=\"\/barcelona\/wp-json\/wp\/v2\/pages\/169#wpcf7-f50-o1\" method=\"post\" class=\"wpcf7-form init\" aria-label=\"Contact form\" enctype=\"multipart\/form-data\" novalidate=\"novalidate\" data-status=\"init\">\n<fieldset class=\"hidden-fields-container\"><input type=\"hidden\" name=\"_wpcf7\" value=\"50\" \/><input type=\"hidden\" name=\"_wpcf7_version\" value=\"6.1.5\" \/><input type=\"hidden\" name=\"_wpcf7_locale\" value=\"\" \/><input type=\"hidden\" name=\"_wpcf7_unit_tag\" value=\"wpcf7-f50-o1\" \/><input type=\"hidden\" name=\"_wpcf7_container_post\" value=\"0\" \/><input type=\"hidden\" name=\"_wpcf7_posted_data_hash\" value=\"\" \/>\n<\/fieldset>\n<input class=\"wpcf7-form-control wpcf7-hidden\" id=\"utm_source\" value=\"\" type=\"hidden\" name=\"utm_source\" \/>\n<input class=\"wpcf7-form-control wpcf7-hidden\" id=\"utm_medium\" value=\"\" type=\"hidden\" name=\"utm_medium\" \/>\n<input class=\"wpcf7-form-control wpcf7-hidden\" id=\"sideform_user_country\" value=\"\" type=\"hidden\" name=\"userCountry\" \/>\n<div class=\"form-grid-layout\">\n\t<div class=\"form-title\">\n\t\t<h2 class=\"title\">Thrive with Top Talent<br \/>\n- No Upfronts Fees\n\t\t<\/h2>\n\t\t<p>Have it easier with video interview clips and a candidate shortlist within 2-3 weeks\n\t\t<\/p>\n\t<\/div>\n\t<div class=\"input-field\">\n\t\t<p><label for=\"\">Name<\/label><br \/>\n<span class=\"wpcf7-form-control-wrap\" data-name=\"full-Name\"><input size=\"40\" maxlength=\"400\" class=\"wpcf7-form-control wpcf7-text wpcf7-validates-as-required\" aria-required=\"true\" aria-invalid=\"false\" value=\"\" type=\"text\" name=\"full-Name\" \/><\/span>\n\t\t<\/p>\n\t<\/div>\n\t<div class=\"input-field\">\n\t\t<p><label for=\"\">Email Address<\/label><br \/>\n<span class=\"wpcf7-form-control-wrap\" data-name=\"email-address\"><input size=\"40\" maxlength=\"400\" class=\"wpcf7-form-control wpcf7-email wpcf7-validates-as-required wpcf7-text wpcf7-validates-as-email\" aria-required=\"true\" aria-invalid=\"false\" value=\"\" type=\"email\" name=\"email-address\" \/><\/span>\n\t\t<\/p>\n\t<\/div>\n\t<div class=\"input-field\">\n\t\t<p><label for=\"\">Company<\/label><br \/>\n<span class=\"wpcf7-form-control-wrap\" data-name=\"company\"><input size=\"40\" maxlength=\"400\" class=\"wpcf7-form-control wpcf7-text\" aria-invalid=\"false\" value=\"\" type=\"text\" name=\"company\" \/><\/span>\n\t\t<\/p>\n\t<\/div>\n\t<div class=\"radiobox-field\">\n\t\t<p><span class=\"wpcf7-form-control-wrap\" data-name=\"radio-721company-status\"><span class=\"wpcf7-form-control wpcf7-radio\"><span class=\"wpcf7-list-item first\"><label><input type=\"radio\" name=\"radio-721company-status\" value=\"{Employer}\" \/><span class=\"wpcf7-list-item-label\">Employer<\/span><\/label><\/span><span class=\"wpcf7-list-item last\"><label><input type=\"radio\" name=\"radio-721company-status\" value=\"{Candidate}\" \/><span class=\"wpcf7-list-item-label\">Candidate<\/span><\/label><\/span><\/span><\/span>\n\t\t<\/p>\n\t<\/div>\n\t<div class=\"input-field\">\n\t\t<p><span class=\"wpcf7-form-control-wrap\" data-name=\"file-upload\"><input size=\"40\" class=\"wpcf7-form-control wpcf7-file\" accept=\".pdf\" aria-invalid=\"false\" type=\"file\" name=\"file-upload\" \/><\/span>\n\t\t<\/p>\n\t<\/div>\n\t<div class=\"textarea-field\">\n\t\t<p><label for=\"\">How can we help you?<\/label><br \/>\n<span class=\"wpcf7-form-control-wrap\" data-name=\"message\"><textarea cols=\"40\" rows=\"10\" maxlength=\"2000\" class=\"wpcf7-form-control wpcf7-textarea\" aria-invalid=\"false\" name=\"message\"><\/textarea><\/span>\n\t\t<\/p>\n\t<\/div>\n\t<p><span id=\"wpcf7-69f5faadc13b5-wrapper\" class=\"wpcf7-form-control-wrap nickname-wrap\" ><input id=\"wpcf7-69f5faadc13b5-field\"  class=\"wpcf7-form-control wpcf7-text\" type=\"text\" name=\"nickname\" value=\"\" size=\"40\" tabindex=\"-1\" autocomplete=\"off\" \/><\/span>\n\t<\/p>\n\t<div class=\"form-term\">\n\t\t<p>Submission of this form means you have agreed to our <a href=\"\/privacy-policy\/\" title=\"\">Privacy Policy<\/a> and <a href=\"\/terms-of-service\/\" title=\"\">Terms Conditions<\/a>\n\t\t<\/p>\n\t<\/div>\n\t<div class=\"submit-btn\">\n\t\t<p><input class=\"wpcf7-form-control wpcf7-submit has-spinner btn-box\" type=\"submit\" value=\"Get in Touch\" \/>\n\t\t<\/p>\n\t<\/div>\n<\/div><div class=\"wpcf7-response-output\" aria-hidden=\"true\"><\/div>\n<\/form>\n<\/div>\n<\/div><\/div>\n\n\n<div class=\"block-section client-reviews-slider \" style=\"background-color: #119084\">  \n    <div class=\"container\">\n                <div class=\"splide client-slider\">\n            <div class=\"splide__track\">\n                <div class=\"splide__list\">\n                                        <div class=\"splide__slide\">\n                        <div class=\"content-box\">\n                            <div class=\"content\">\n                                <p>&#8220;Trabajar con Haldren dio a nuestra junta directiva la confianza de que los candidatos que recibimos estaban cualificados y alineados con nuestra cultura. Sus consultores proporcionaron una orientaci\u00f3n constante de principio a fin&#8221;.<\/p>\n                            <\/div>\n                                                        <div class=\"name\">\n                                <strong>Marta R.<\/strong>, \n                                Presidente del Consejo                            <\/div>\n                                                    <\/div>\n                    <\/div>\n                                        <div class=\"splide__slide\">\n                        <div class=\"content-box\">\n                            <div class=\"content\">\n                                <p>&#8220;Haldren nos ayud\u00f3 a conseguir directores con conocimientos de gobernanza y experiencia en el sector que no podr\u00edamos haber encontrado por nuestra cuenta. Su proceso nos dio confianza en cada fase&#8221;.<\/p>\n                            <\/div>\n                                                        <div class=\"name\">\n                                <strong>Javier L.<\/strong>, \n                                Consejero Delegado                            <\/div>\n                                                    <\/div>\n                    <\/div>\n                                        <div class=\"splide__slide\">\n                        <div class=\"content-box\">\n                            <div class=\"content\">\n                                <p>&#8220;Los consultores de Haldren gestionaron nuestra solicitud con profesionalidad y discreci\u00f3n. Respetaron la confidencialidad y nos entregaron candidatos que encajaban perfectamente en el puesto y en nuestra organizaci\u00f3n.&#8221;<\/p>\n                            <\/div>\n                                                        <div class=\"name\">\n                                <strong>Isabel T.<\/strong>, \n                                Director no ejecutivo                            <\/div>\n                                                    <\/div>\n                    <\/div>\n                                    <\/div>\n            <\/div>\n        <\/div>\n            <\/div>\n<\/div>","protected":false},"excerpt":{"rendered":"","protected":false},"author":10,"featured_media":0,"parent":166,"menu_order":0,"comment_status":"closed","ping_status":"closed","template":"","meta":{"_acf_changed":false,"footnotes":""},"class_list":["post-169","page","type-page","status-publish","hentry"],"acf":[],"lang":"es","translations":{"es":169},"jetpack_sharing_enabled":true,"pll_sync_post":[],"_links":{"self":[{"href":"https:\/\/www.haldren.com\/barcelona\/wp-json\/wp\/v2\/pages\/169","targetHints":{"allow":["GET"]}}],"collection":[{"href":"https:\/\/www.haldren.com\/barcelona\/wp-json\/wp\/v2\/pages"}],"about":[{"href":"https:\/\/www.haldren.com\/barcelona\/wp-json\/wp\/v2\/types\/page"}],"author":[{"embeddable":true,"href":"https:\/\/www.haldren.com\/barcelona\/wp-json\/wp\/v2\/users\/10"}],"replies":[{"embeddable":true,"href":"https:\/\/www.haldren.com\/barcelona\/wp-json\/wp\/v2\/comments?post=169"}],"version-history":[{"count":4,"href":"https:\/\/www.haldren.com\/barcelona\/wp-json\/wp\/v2\/pages\/169\/revisions"}],"predecessor-version":[{"id":227,"href":"https:\/\/www.haldren.com\/barcelona\/wp-json\/wp\/v2\/pages\/169\/revisions\/227"}],"up":[{"embeddable":true,"href":"https:\/\/www.haldren.com\/barcelona\/wp-json\/wp\/v2\/pages\/166"}],"wp:attachment":[{"href":"https:\/\/www.haldren.com\/barcelona\/wp-json\/wp\/v2\/media?parent=169"}],"curies":[{"name":"wp","href":"https:\/\/api.w.org\/{rel}","templated":true}]}}