{"id":172,"date":"2025-09-16T09:12:35","date_gmt":"2025-09-16T09:12:35","guid":{"rendered":"https:\/\/www.haldren.com\/barcelona\/?page_id=74"},"modified":"2025-10-14T06:15:29","modified_gmt":"2025-10-14T06:15:29","slug":"contratacion","status":"publish","type":"page","link":"https:\/\/www.haldren.com\/barcelona\/es\/adquisicion-de-talentos\/contratacion\/","title":{"rendered":"Contrataci\u00f3n"},"content":{"rendered":"\n  <link rel=\"preload\" as=\"image\" href=\"https:\/\/www.haldren.com\/barcelona\/wp-content\/uploads\/sites\/33\/2025\/09\/barcelona-city-e1764150659784.webp\" fetchpriority=\"high\">\n  <style>\n    .inner-banner-section {\n      background-image: url('https:\/\/www.haldren.com\/barcelona\/wp-content\/uploads\/sites\/33\/2025\/09\/barcelona-city-e1764150659784.webp');\n      background-size: cover;\n      background-position: center;\n      background-repeat: no-repeat;\n    }\n\n    @media (max-width: 768px) {\n      .inner-banner-section {\n        background-image: url('https:\/\/www.haldren.com\/barcelona\/wp-content\/uploads\/sites\/33\/2025\/09\/barcelona-city-e1764150659784.webp');\n      }\n    }\n  <\/style>\n\n<div class=\"block-section inner-banner-section lazyload bg-sty section-gaps top-border-line\">\n  <div class=\"container-fluid\">\n    <div class=\"content-wrap\">\n      <h1 class=\"title\">\n        Servicios de contrataci\u00f3n en Barcelona      <\/h1>\n      <span style=\"font-size: 18px;\">Consultores de contrataci\u00f3n especializados que ayudan a las empresas de Barcelona a encontrar los l\u00edderes adecuados<\/span>\n    <\/div>\n  <\/div>\n<\/div>\n\n\n\n\n<div class=\"wp-block-custom-div-wrapper-block col-wrapper has-sidebar\"><div class=\"content-wrapper\" style=\"background-color:#002a26\">\n<div class=\"block-section section-gaps default-content-section \" \n     style=\"--text-color: #ffffff; --bg-color: #119084;\">\n    <div class=\"container\">\n        <div class=\"default-single-content-wrap\">\n            <div class=\"content-wrap\">\n                                    <h2 data-pm-slice=\"1 1 []\">Empresa l\u00edder en selecci\u00f3n de personal en Barcelona<\/h2>\n<p>Haldren ofrece servicios de selecci\u00f3n de personal en Barcelona con la profesionalidad, discreci\u00f3n y orientaci\u00f3n consultiva que esperan las empresas l\u00edderes de toda Espa\u00f1a. Nuestro equipo de consultores experimentados combina a\u00f1os de experiencia con un fuerte compromiso con las pr\u00e1cticas \u00e9ticas, asegurando que cada contrataci\u00f3n se gestiona con confidencialidad y cuidado.<\/p>\n<p>Operamos como algo m\u00e1s que una agencia de contrataci\u00f3n. Nuestros consultores invierten tiempo en comprender la cultura, las prioridades y los retos de cada organizaci\u00f3n antes de dise\u00f1ar una estrategia que identifique a los candidatos que se ajustan tanto a los requisitos t\u00e9cnicos como a los objetivos a largo plazo. Los clientes conf\u00edan en nosotros por nuestra amplia red, alcance internacional y proceso estructurado que ofrece resultados medibles de forma consistente.<\/p>\n<p>Somos reconocidos en Barcelona por construir asociaciones duraderas con empresas y profesionales por igual, conectando candidatos internacionales y l\u00edderes locales con organizaciones donde pueden tener \u00e9xito.<br \/>\n Haldren<\/p>\n<blockquote><p><strong>es de confianza por sus servicios de reclutamiento fiables, alcance internacional y el toque humano que asegura el ajuste correcto.<\/strong><\/p><\/blockquote>\n<h2>Firma de b\u00fasqueda de ejecutivos de primer nivel en Barcelona<\/h2>\n<p>Nuestro trabajo en selecci\u00f3n de personal est\u00e1 dedicado a alinear a las empresas con los profesionales que pueden reforzar el rendimiento, impulsar el crecimiento y apoyar la innovaci\u00f3n. Creemos que la selecci\u00f3n de personal consiste en crear asociaciones que resulten en un \u00e9xito a largo plazo tanto para las empresas como para los candidatos. Nuestros consultores aplican a\u00f1os de experiencia para proporcionar asesoramiento experto y ofrecer resultados eficientes, siempre respetando la confidencialidad y la confianza.<\/p>\n<h4>Evaluaci\u00f3n<\/h4>\n<p>Cada proyecto comienza con una evaluaci\u00f3n en profundidad de las necesidades de la empresa y los requisitos del puesto. Creamos un perfil del candidato ideal que incluye no s\u00f3lo las aptitudes t\u00e9cnicas y los conocimientos del sector, sino tambi\u00e9n los rasgos de personalidad y los factores motivadores. Esto garantiza que el proceso de selecci\u00f3n eval\u00fae la alineaci\u00f3n cultural tanto como la experiencia profesional.<\/p>\n<h4>Adquisici\u00f3n de talento<\/h4>\n<p>Nuestros consultores se acercan a las personas a trav\u00e9s de amplias redes internacionales de contrataci\u00f3n, contactos en el sector y modernas herramientas digitales. Utilizamos tanto el alcance directo como los m\u00e9todos establecidos para llegar a candidatos internacionales y profesionales locales, dando a las empresas acceso a l\u00edderes con el talento y la visi\u00f3n adecuados. Este amplio alcance nos permite presentar oportunidades tanto a buscadores de empleo activos como a profesionales pasivos.<\/p>\n<h4>Transformaci\u00f3n organizativa<\/h4>\n<p>La contrataci\u00f3n forma parte de una misi\u00f3n m\u00e1s amplia para ayudar a las empresas a alcanzar el \u00e9xito. Apoyamos el desarrollo organizativo con servicios como la evaluaci\u00f3n del liderazgo, la planificaci\u00f3n de la sucesi\u00f3n y la orientaci\u00f3n estructurada de los equipos de RRHH. Al actuar como un socio a largo plazo, nos aseguramos de que cada colocaci\u00f3n fortalezca la organizaci\u00f3n m\u00e1s all\u00e1 de la contrataci\u00f3n inmediata.<\/p>\n<h2>Nuestro enfoque de la contrataci\u00f3n<\/h2>\n<p>Nuestra experiencia en servicios de contrataci\u00f3n se basa en un proceso estructurado y consultivo que hace hincapi\u00e9 en la precisi\u00f3n y los resultados. Comenzamos por reunirnos con las partes interesadas para comprender las prioridades de la empresa, los objetivos de contrataci\u00f3n y los retos del mercado. Esta fase de descubrimiento constituye la base de todo el proceso, garantizando la alineaci\u00f3n desde el primer contacto.<\/p>\n<p>A continuaci\u00f3n, nuestros consultores trazan un mapa de los sectores, investigan las l\u00edneas de negocio y definen unos cuadros de mando claros. Pasamos a la b\u00fasqueda combinando el contacto personal, herramientas digitales como la publicidad dirigida y bolsas de trabajo espec\u00edficas del sector. Nuestra amplia red de talento internacional proporciona acceso a profesionales de finanzas, marketing, ventas y otras funciones cr\u00edticas en Barcelona y Espa\u00f1a.<\/p>\n<p>La evaluaci\u00f3n de candidatos es exhaustiva. Las entrevistas estructuradas, las pruebas psicom\u00e9tricas y las evaluaciones de liderazgo miden tanto la capacidad t\u00e9cnica como el ajuste cultural. Prestamos especial atenci\u00f3n a las aptitudes, la \u00e9tica laboral y el car\u00e1cter que favorecen el crecimiento profesional y el \u00e9xito a largo plazo. Las listas de preseleccionados se perfeccionan con las aportaciones de los l\u00edderes de la empresa, y nuestros consultores proporcionan orientaci\u00f3n en cada fase del proceso de selecci\u00f3n.<\/p>\n<p>Nuestra implicaci\u00f3n va m\u00e1s all\u00e1 de la aceptaci\u00f3n del candidato. Apoyamos la incorporaci\u00f3n, la integraci\u00f3n y la planificaci\u00f3n del desarrollo para garantizar que tanto la empresa como el candidato se benefician de la contrataci\u00f3n. Combinando los m\u00e9todos tradicionales de reclutamiento con el alcance internacional y la anal\u00edtica moderna, ofrecemos resultados que las agencias de reclutamiento est\u00e1ndar no pueden igualar.<\/p>\n<p>Nuestro enfoque consultivo se basa en el toque humano, asegurando que los profesionales y los empleadores construyan relaciones que apoyen el \u00e9xito en el futuro.<\/p>\n<h2>Nuestra experiencia como l\u00edderes en selecci\u00f3n de ejecutivos en Barcelona<\/h2>\n<p>Nuestros consultores aportan a\u00f1os de experiencia en m\u00faltiples sectores en Espa\u00f1a y en el extranjero. Con experiencia en finanzas, marketing, hosteler\u00eda y tecnolog\u00eda, nuestro equipo entiende tanto los requisitos t\u00e9cnicos como la estrategia empresarial. Cada consultor invierte en el desarrollo continuo y se mantiene comprometido con las redes profesionales en toda Europa, asegurando que siempre proporcionamos ideas que reflejan las condiciones actuales del mercado.<\/p>\n<p>Nos hemos ganado la confianza por guiar consistentemente a las empresas a trav\u00e9s de proyectos de contrataci\u00f3n complejos con confidencialidad, eficiencia y orientaci\u00f3n clara. Nuestro trabajo se basa en colaboraciones duraderas, en las que abordamos a las personas y los proyectos con la misma dedicaci\u00f3n. Nuestra experiencia no se limita \u00fanicamente a la contrataci\u00f3n; se extiende a ayudar a las empresas a desarrollar la capacidad de liderazgo, reforzar los procesos de RRHH y acceder a solicitantes de empleo internacionales cuando sea necesario.<\/p>\n<h4>Algunas \u00e1reas en las que nos especializamos<\/h4>\n<p>Nuestros servicios de selecci\u00f3n de personal en Barcelona abarcan sectores como las finanzas, las ventas, el marketing, la hosteler\u00eda y la gesti\u00f3n t\u00e9cnica de proyectos. Tambi\u00e9n apoyamos a empresas de nueva creaci\u00f3n en Espa\u00f1a y a empresas ya establecidas que buscan candidatos internacionales para puestos especializados. Cada misi\u00f3n se beneficia de nuestro proceso estructurado y de nuestra amplia red de profesionales, garantizando a las empresas el acceso al talento adecuado.<\/p>\n<h4>Ejemplos de puestos que reclutamos<\/h4>\n<p>Reclutamos l\u00edderes de alto nivel, altos directivos y profesionales especializados en l\u00edneas de negocio como finanzas, marketing y ventas. Nuestros consultores tambi\u00e9n apoyan a nuevas empresas en crecimiento que buscan contratar ejecutivos capaces de ampliar sus operaciones. Desde buscadores de empleo internacionales hasta profesionales locales, nos aseguramos de que los candidatos se encuentren con las oportunidades adecuadas.<\/p>\n<blockquote><p><strong>Contacte con Haldren hoy mismo para hablar de los puestos que necesita cubrir y descubra c\u00f3mo nuestros servicios de selecci\u00f3n de personal en Barcelona pueden ponerle en contacto con el talento adecuado.<\/strong><\/p><\/blockquote>\n<h2>\u00bfPor qu\u00e9 Haldren utiliza un enfoque personalizado para el reclutamiento?<\/h2>\n<p>El reclutamiento gen\u00e9rico a menudo no tiene en cuenta los retos \u00fanicos a los que se enfrentan las empresas en Barcelona y en toda Espa\u00f1a. Nuestros consultores han comprobado c\u00f3mo los enfoques de &#8220;talla \u00fanica&#8221; conducen a candidatos que cumplen los criterios t\u00e9cnicos pero no tienen \u00e9xito a largo plazo.<\/p>\n<p>En cambio, nosotros utilizamos un proceso de selecci\u00f3n estructurado basado en a\u00f1os de experiencia y en una estrecha colaboraci\u00f3n con las empresas. Por ejemplo, un consultor recuerda un proyecto financiero en el que la empresa puso inicialmente el acento en los conocimientos t\u00e9cnicos por encima de todo. Al ampliar el perfil del candidato para incluir el estilo de liderazgo y las habilidades de comunicaci\u00f3n, conseguimos un ejecutivo que no s\u00f3lo ofrec\u00eda resultados, sino que tambi\u00e9n reforzaba la cohesi\u00f3n del equipo.<\/p>\n<p>Lecciones como \u00e9sta gu\u00edan nuestra filosof\u00eda. Desarrollamos estrategias de contrataci\u00f3n en torno a la cultura, la posici\u00f3n en el mercado y los objetivos de cada empresa, garantizando la colocaci\u00f3n del talento adecuado para un \u00e9xito sostenible. Nuestro enfoque personalizado ofrece tanto a los empleadores como a los candidatos un apoyo personalizado que hace que el reclutamiento sea eficiente y significativo.<\/p>\n<h2>Por qu\u00e9 elegir Haldren para el reclutamiento<\/h2>\n<p>Las empresas de Barcelona y Espa\u00f1a conf\u00edan en Haldren por nuestra discreci\u00f3n, \u00e9tica y estilo consultivo. Actuamos como socios, no s\u00f3lo como reclutadores, invirtiendo en relaciones que apoyan a las empresas y a los profesionales a largo plazo.<\/p>\n<p>Nuestra s\u00f3lida trayectoria se basa en un equipo de consultores expertos que proporcionan una orientaci\u00f3n estructurada, gestionan todo el proceso con cuidado y respetan la confidencialidad de cada conversaci\u00f3n. Prestamos servicios de contrataci\u00f3n que cumplen las normas m\u00e1s estrictas, respaldados por una amplia red de candidatos internacionales y a\u00f1os de experiencia en distintos sectores.<\/p>\n<p>Tambi\u00e9n aportamos el toque humano. La selecci\u00f3n de personal es algo m\u00e1s que cubrir puestos; se trata de ayudar a las empresas a desarrollarse, de ayudar a los profesionales a tener \u00e9xito y de garantizar que ambos se beneficien de las oportunidades adecuadas.<\/p>\n<blockquote><p><strong>P\u00f3ngase en contacto con Haldren hoy mismo para iniciar una conversaci\u00f3n sobre c\u00f3mo nuestros servicios de selecci\u00f3n de personal en Barcelona pueden apoyar su pr\u00f3ximo proyecto o asociaci\u00f3n.<\/strong><\/p><\/blockquote>\n                            <\/div>\n        <\/div>\n    <\/div>\n<\/div>\n\n<div class=\"block-section accordion-main-section \">\n    <div class=\"container\">    \n                <div class=\"accordion-faqs\">\n            <h2 class=\"m-title\">Frequently Asked Questions (FAQs)<\/h2>\n                        <div class=\"item\">\n                <h3>\u00bfC\u00f3mo garantizar la confidencialidad durante la contrataci\u00f3n?<\/h3>\n                <div class=\"faq-content\"><p>Gestionamos cada proyecto con estrictos acuerdos de confidencialidad y una comunicaci\u00f3n clara. Los detalles sensibles permanecen privados, lo que da a las empresas confianza en nuestro proceso.<\/p>\n<\/div>\n            <\/div>\n                        <div class=\"item\">\n                <h3>\u00bfQu\u00e9 papel desempe\u00f1an los clientes en el proceso de selecci\u00f3n?<\/h3>\n                <div class=\"faq-content\"><p>Los clientes participan desde el primer contacto hasta las entrevistas finales. Proporcionamos listas de preseleccionados estructuradas y asesoramiento experto, pero las empresas toman la decisi\u00f3n final con el pleno apoyo de nuestros consultores.<\/p>\n<\/div>\n            <\/div>\n                        <div class=\"item\">\n                <h3>\u00bfC\u00f3mo apoyar a las empresas despu\u00e9s de contratar a un candidato?<\/h3>\n                <div class=\"faq-content\"><p>Nuestros consultores permanecen comprometidos despu\u00e9s de la colocaci\u00f3n, ayudando con la incorporaci\u00f3n y la planificaci\u00f3n del desarrollo para garantizar el \u00e9xito a largo plazo tanto para la empresa como para el candidato.<\/p>\n<\/div>\n            <\/div>\n                        <div class=\"item\">\n                <h3>\u00bfQu\u00e9 diferencia a Haldren de otras agencias de contrataci\u00f3n?<\/h3>\n                <div class=\"faq-content\"><p>A diferencia de muchas agencias, ofrecemos un alcance de contrataci\u00f3n internacional, pr\u00e1cticas \u00e9ticas y un estilo consultivo. Nuestra amplia red y nuestros a\u00f1os de experiencia nos permiten acceder al talento internacional y ofrecer orientaci\u00f3n que respalde un crecimiento sostenible.<\/p>\n<\/div>\n            <\/div>\n                    <\/div>\n            <\/div>\n<\/div><\/div><div class=\"sidebar-wrapper\">\n<div class=\"wpcf7 no-js\" id=\"wpcf7-f50-o1\" lang=\"\" dir=\"ltr\" data-wpcf7-id=\"50\">\n<div class=\"screen-reader-response\"><p role=\"status\" aria-live=\"polite\" aria-atomic=\"true\"><\/p> <ul><\/ul><\/div>\n<form action=\"\/barcelona\/wp-json\/wp\/v2\/pages\/172#wpcf7-f50-o1\" method=\"post\" class=\"wpcf7-form init\" aria-label=\"Contact form\" enctype=\"multipart\/form-data\" novalidate=\"novalidate\" data-status=\"init\">\n<fieldset class=\"hidden-fields-container\"><input type=\"hidden\" name=\"_wpcf7\" value=\"50\" \/><input type=\"hidden\" name=\"_wpcf7_version\" value=\"6.1.5\" \/><input type=\"hidden\" name=\"_wpcf7_locale\" value=\"\" \/><input type=\"hidden\" name=\"_wpcf7_unit_tag\" value=\"wpcf7-f50-o1\" \/><input type=\"hidden\" name=\"_wpcf7_container_post\" value=\"0\" \/><input type=\"hidden\" name=\"_wpcf7_posted_data_hash\" value=\"\" \/>\n<\/fieldset>\n<input class=\"wpcf7-form-control wpcf7-hidden\" id=\"utm_source\" value=\"\" type=\"hidden\" name=\"utm_source\" \/>\n<input class=\"wpcf7-form-control wpcf7-hidden\" id=\"utm_medium\" value=\"\" type=\"hidden\" name=\"utm_medium\" \/>\n<input class=\"wpcf7-form-control wpcf7-hidden\" id=\"sideform_user_country\" value=\"\" type=\"hidden\" name=\"userCountry\" \/>\n<div class=\"form-grid-layout\">\n\t<div class=\"form-title\">\n\t\t<h2 class=\"title\">Thrive with Top Talent<br \/>\n- No Upfronts Fees\n\t\t<\/h2>\n\t\t<p>Have it easier with video interview clips and a candidate shortlist within 2-3 weeks\n\t\t<\/p>\n\t<\/div>\n\t<div class=\"input-field\">\n\t\t<p><label for=\"\">Name<\/label><br \/>\n<span class=\"wpcf7-form-control-wrap\" data-name=\"full-Name\"><input size=\"40\" maxlength=\"400\" class=\"wpcf7-form-control wpcf7-text wpcf7-validates-as-required\" aria-required=\"true\" aria-invalid=\"false\" value=\"\" type=\"text\" name=\"full-Name\" \/><\/span>\n\t\t<\/p>\n\t<\/div>\n\t<div class=\"input-field\">\n\t\t<p><label for=\"\">Email Address<\/label><br \/>\n<span class=\"wpcf7-form-control-wrap\" data-name=\"email-address\"><input size=\"40\" maxlength=\"400\" class=\"wpcf7-form-control wpcf7-email wpcf7-validates-as-required wpcf7-text wpcf7-validates-as-email\" aria-required=\"true\" aria-invalid=\"false\" value=\"\" type=\"email\" name=\"email-address\" \/><\/span>\n\t\t<\/p>\n\t<\/div>\n\t<div class=\"input-field\">\n\t\t<p><label for=\"\">Company<\/label><br \/>\n<span class=\"wpcf7-form-control-wrap\" data-name=\"company\"><input size=\"40\" maxlength=\"400\" class=\"wpcf7-form-control wpcf7-text\" aria-invalid=\"false\" value=\"\" type=\"text\" name=\"company\" \/><\/span>\n\t\t<\/p>\n\t<\/div>\n\t<div class=\"radiobox-field\">\n\t\t<p><span class=\"wpcf7-form-control-wrap\" data-name=\"radio-721company-status\"><span class=\"wpcf7-form-control wpcf7-radio\"><span class=\"wpcf7-list-item first\"><label><input type=\"radio\" name=\"radio-721company-status\" value=\"{Employer}\" \/><span class=\"wpcf7-list-item-label\">Employer<\/span><\/label><\/span><span class=\"wpcf7-list-item last\"><label><input type=\"radio\" name=\"radio-721company-status\" value=\"{Candidate}\" \/><span class=\"wpcf7-list-item-label\">Candidate<\/span><\/label><\/span><\/span><\/span>\n\t\t<\/p>\n\t<\/div>\n\t<div class=\"input-field\">\n\t\t<p><span class=\"wpcf7-form-control-wrap\" data-name=\"file-upload\"><input size=\"40\" class=\"wpcf7-form-control wpcf7-file\" accept=\".pdf\" aria-invalid=\"false\" type=\"file\" name=\"file-upload\" \/><\/span>\n\t\t<\/p>\n\t<\/div>\n\t<div class=\"textarea-field\">\n\t\t<p><label for=\"\">How can we help you?<\/label><br \/>\n<span class=\"wpcf7-form-control-wrap\" data-name=\"message\"><textarea cols=\"40\" rows=\"10\" maxlength=\"2000\" class=\"wpcf7-form-control wpcf7-textarea\" aria-invalid=\"false\" name=\"message\"><\/textarea><\/span>\n\t\t<\/p>\n\t<\/div>\n\t<p><span id=\"wpcf7-69f5fae6ef9c1-wrapper\" class=\"wpcf7-form-control-wrap nickname-wrap\" ><input id=\"wpcf7-69f5fae6ef9c1-field\"  class=\"wpcf7-form-control wpcf7-text\" type=\"text\" name=\"nickname\" value=\"\" size=\"40\" tabindex=\"-1\" autocomplete=\"off\" \/><\/span>\n\t<\/p>\n\t<div class=\"form-term\">\n\t\t<p>Submission of this form means you have agreed to our <a href=\"\/privacy-policy\/\" title=\"\">Privacy Policy<\/a> and <a href=\"\/terms-of-service\/\" title=\"\">Terms Conditions<\/a>\n\t\t<\/p>\n\t<\/div>\n\t<div class=\"submit-btn\">\n\t\t<p><input class=\"wpcf7-form-control wpcf7-submit has-spinner btn-box\" type=\"submit\" value=\"Get in Touch\" \/>\n\t\t<\/p>\n\t<\/div>\n<\/div><div class=\"wpcf7-response-output\" aria-hidden=\"true\"><\/div>\n<\/form>\n<\/div>\n<\/div><\/div>\n\n\n<div class=\"block-section client-reviews-slider \" style=\"background-color: #119084\">  \n    <div class=\"container\">\n                <div class=\"splide client-slider\">\n            <div class=\"splide__track\">\n                <div class=\"splide__list\">\n                                        <div class=\"splide__slide\">\n                        <div class=\"content-box\">\n                            <div class=\"content\">\n                                <p>&#8220;Trabajar con Haldren fue una experiencia \u00fanica. Sus consultores se tomaron el tiempo necesario para comprender nuestras l\u00edneas de negocio y proporcionaron asesoramiento experto durante todo el proceso de selecci\u00f3n. Los resultados fueron eficientes y eficaces&#8221;.<\/p>\n                            <\/div>\n                                                        <div class=\"name\">\n                                <strong>Marta R.<\/strong>, \n                                Director de RRHH                            <\/div>\n                                                    <\/div>\n                    <\/div>\n                                        <div class=\"splide__slide\">\n                        <div class=\"content-box\">\n                            <div class=\"content\">\n                                <p>&#8220;Haldren nos impresion\u00f3 por su alcance internacional de contrataci\u00f3n y su proceso estructurado. Sus consultores nos proporcionaron orientaci\u00f3n y apoyo continuos, ayud\u00e1ndonos a contratar el talento adecuado para un proyecto complejo en finanzas.&#8221;<\/p>\n                            <\/div>\n                                                        <div class=\"name\">\n                                <strong>Javier M.<\/strong>, \n                                Director Financiero                            <\/div>\n                                                    <\/div>\n                    <\/div>\n                                        <div class=\"splide__slide\">\n                        <div class=\"content-box\">\n                            <div class=\"content\">\n                                <p>&#8220;Valoramos el toque humano que Haldren aport\u00f3 a nuestra contrataci\u00f3n. Los consultores eran profesionales, accesibles y estaban claramente implicados en nuestro \u00e9xito. Su enfoque del estilo de las personas marc\u00f3 una verdadera diferencia&#8221;.<\/p>\n                            <\/div>\n                                                        <div class=\"name\">\n                                <strong>Laura P.<\/strong>, \n                                Director General                            <\/div>\n                                                    <\/div>\n                    <\/div>\n                                    <\/div>\n            <\/div>\n        <\/div>\n            <\/div>\n<\/div>","protected":false},"excerpt":{"rendered":"","protected":false},"author":10,"featured_media":0,"parent":166,"menu_order":0,"comment_status":"closed","ping_status":"closed","template":"","meta":{"_acf_changed":false,"footnotes":""},"class_list":["post-172","page","type-page","status-publish","hentry"],"acf":[],"lang":"es","translations":{"es":172},"jetpack_sharing_enabled":true,"pll_sync_post":[],"_links":{"self":[{"href":"https:\/\/www.haldren.com\/barcelona\/wp-json\/wp\/v2\/pages\/172","targetHints":{"allow":["GET"]}}],"collection":[{"href":"https:\/\/www.haldren.com\/barcelona\/wp-json\/wp\/v2\/pages"}],"about":[{"href":"https:\/\/www.haldren.com\/barcelona\/wp-json\/wp\/v2\/types\/page"}],"author":[{"embeddable":true,"href":"https:\/\/www.haldren.com\/barcelona\/wp-json\/wp\/v2\/users\/10"}],"replies":[{"embeddable":true,"href":"https:\/\/www.haldren.com\/barcelona\/wp-json\/wp\/v2\/comments?post=172"}],"version-history":[{"count":2,"href":"https:\/\/www.haldren.com\/barcelona\/wp-json\/wp\/v2\/pages\/172\/revisions"}],"predecessor-version":[{"id":194,"href":"https:\/\/www.haldren.com\/barcelona\/wp-json\/wp\/v2\/pages\/172\/revisions\/194"}],"up":[{"embeddable":true,"href":"https:\/\/www.haldren.com\/barcelona\/wp-json\/wp\/v2\/pages\/166"}],"wp:attachment":[{"href":"https:\/\/www.haldren.com\/barcelona\/wp-json\/wp\/v2\/media?parent=172"}],"curies":[{"name":"wp","href":"https:\/\/api.w.org\/{rel}","templated":true}]}}