{"id":173,"date":"2025-09-16T09:24:44","date_gmt":"2025-09-16T09:24:44","guid":{"rendered":"https:\/\/www.haldren.com\/barcelona\/?page_id=79"},"modified":"2025-10-14T06:16:26","modified_gmt":"2025-10-14T06:16:26","slug":"externalizacion-de-procesos-de-contratacion","status":"publish","type":"page","link":"https:\/\/www.haldren.com\/barcelona\/es\/adquisicion-de-talentos\/externalizacion-de-procesos-de-contratacion\/","title":{"rendered":"Externalizaci\u00f3n de procesos de contrataci\u00f3n"},"content":{"rendered":"\n  <link rel=\"preload\" as=\"image\" href=\"https:\/\/www.haldren.com\/barcelona\/wp-content\/uploads\/sites\/33\/2025\/09\/barcelona-city-e1764150659784.webp\" fetchpriority=\"high\">\n  <style>\n    .inner-banner-section {\n      background-image: url('https:\/\/www.haldren.com\/barcelona\/wp-content\/uploads\/sites\/33\/2025\/09\/barcelona-city-e1764150659784.webp');\n      background-size: cover;\n      background-position: center;\n      background-repeat: no-repeat;\n    }\n\n    @media (max-width: 768px) {\n      .inner-banner-section {\n        background-image: url('https:\/\/www.haldren.com\/barcelona\/wp-content\/uploads\/sites\/33\/2025\/09\/barcelona-city-e1764150659784.webp');\n      }\n    }\n  <\/style>\n\n<div class=\"block-section inner-banner-section lazyload bg-sty section-gaps top-border-line\">\n  <div class=\"container-fluid\">\n    <div class=\"content-wrap\">\n      <h1 class=\"title\">\n        Servicios de externalizaci\u00f3n de procesos de contrataci\u00f3n en Barcelona      <\/h1>\n      <span style=\"font-size: 18px;\">Soluciones eficientes de RPO que conectan a las empresas con el talento adecuado en toda Barcelona y fuera de ella<\/span>\n    <\/div>\n  <\/div>\n<\/div>\n\n\n\n\n<div class=\"wp-block-custom-div-wrapper-block col-wrapper has-sidebar\"><div class=\"content-wrapper\" style=\"background-color:#002a26\">\n<div class=\"block-section section-gaps default-content-section \" \n     style=\"--text-color: #ffffff; --bg-color: #119084;\">\n    <div class=\"container\">\n        <div class=\"default-single-content-wrap\">\n            <div class=\"content-wrap\">\n                                    <h2>Empresa l\u00edder en externalizaci\u00f3n de procesos de selecci\u00f3n en Barcelona<\/h2>\n<p>En Haldren, ofrecemos servicios de externalizaci\u00f3n de procesos de selecci\u00f3n en Barcelona con un m\u00e9todo profesional, discreto y consultivo que empresas destacadas de toda Espa\u00f1a han llegado a reconocer. Nuestros consultores poseen una amplia experiencia en muchos sectores, construyendo marcos de contrataci\u00f3n estructurados que protegen la confidencialidad a la vez que producen resultados claros.<\/p>\n<p>Las empresas depositan su confianza en nosotros porque fusionamos pr\u00e1cticas \u00e9ticas con metodolog\u00edas probadas y una perspectiva internacional. Vamos m\u00e1s all\u00e1 de simplemente cubrir un puesto; nuestro trabajo implica analizar las necesidades organizativas, definir cuadros de mando precisos y conectar con personas que satisfagan tanto los requisitos t\u00e9cnicos como la din\u00e1mica cultural. Con una red global, un equipo multiling\u00fce y una amplia experiencia en RPO, gestionamos el ciclo de contrataci\u00f3n para que las empresas puedan concentrarse en su crecimiento.<br \/>\n Haldren<\/p>\n<blockquote><p><strong>es sin\u00f3nimo de orientaci\u00f3n consultiva, alcance mundial y RPO dise\u00f1ado para obtener resultados empresariales significativos.<\/strong><\/p><\/blockquote>\n<h2>Empresa de b\u00fasqueda de ejecutivos de primer nivel en Barcelona<\/h2>\n<p>Nuestra dedicaci\u00f3n a la externalizaci\u00f3n de procesos de selecci\u00f3n se basa en la mejora de la fortaleza organizativa. Apoyamos a los empleadores mediante la incorporaci\u00f3n de procesos racionalizados que atraen a personas excepcionales, fortalecen los grupos de gesti\u00f3n y fomentan la estabilidad duradera. Guiados por nuestros principios de discreci\u00f3n, compromiso y calidad, nuestro equipo ofrece un apoyo pr\u00e1ctico que ayuda a las empresas a prosperar en Barcelona.<\/p>\n<h4>Evaluaci\u00f3n<\/h4>\n<p>Cada contrataci\u00f3n comienza con una evaluaci\u00f3n exhaustiva de las prioridades empresariales y los objetivos de contrataci\u00f3n. Desarrollamos perfiles de candidatos que reflejen la cultura de la empresa y las exigencias espec\u00edficas de un puesto. M\u00e1s all\u00e1 de las cualificaciones, nuestros consultores analizan la motivaci\u00f3n, el enfoque de liderazgo y el potencial de contribuci\u00f3n a largo plazo.<\/p>\n<h4>Adquisici\u00f3n de talento<\/h4>\n<p>Con un profundo conocimiento local y una amplia red global, conectamos a las empresas con talentos extraordinarios. Nuestros equipos integran m\u00e9todos de b\u00fasqueda tradicionales con plataformas digitales y alcance espec\u00edfico de la industria, lo que nos permite identificar profesionales preparados para liderar a trav\u00e9s de nuestro marco de RPO.<\/p>\n<h4>Transformaci\u00f3n organizativa<\/h4>\n<p>Nuestros servicios van m\u00e1s all\u00e1 de la colocaci\u00f3n. Ofrecemos apoyo de recursos humanos para iniciativas como la planificaci\u00f3n de la sucesi\u00f3n, la evaluaci\u00f3n del liderazgo y el dise\u00f1o organizativo, que ayudan a las empresas a prepararse para una expansi\u00f3n sostenible.<\/p>\n<h2>Nuestro enfoque de la externalizaci\u00f3n de procesos de contrataci\u00f3n<\/h2>\n<p>Con Haldren, la externalizaci\u00f3n de la contrataci\u00f3n es una asociaci\u00f3n estructurada basada en el descubrimiento y la precisi\u00f3n. Comenzamos por hablar directamente con las partes interesadas para comprender las necesidades de una empresa y sus retos espec\u00edficos. A partir de ah\u00ed, nuestros consultores mapean los mercados relevantes, buscan posibles candidatos y construyen un marco de contrataci\u00f3n que refleja los valores fundamentales de la organizaci\u00f3n.<\/p>\n<p>Desarrollamos tarjetas de puntuaci\u00f3n de candidatos que describen las habilidades t\u00e9cnicas, el conocimiento del sector y las competencias de liderazgo. A continuaci\u00f3n, nuestros reclutadores emplean una combinaci\u00f3n de m\u00e9todos establecidos y herramientas contempor\u00e1neas, incluidas bolsas de trabajo del sector, publicidad dirigida, participaci\u00f3n en redes sociales y referencias personales. Cada persona se somete a una evaluaci\u00f3n que incluye entrevistas estructuradas, comprobaci\u00f3n de referencias y pruebas psicom\u00e9tricas para confirmar su calidad.<\/p>\n<p>Nuestro equipo gestiona todo el proceso, desde la b\u00fasqueda inicial y la preselecci\u00f3n hasta la incorporaci\u00f3n y el seguimiento posterior a la colocaci\u00f3n. Cada paso es confidencial, lo que garantiza la protecci\u00f3n de decisiones delicadas. Tambi\u00e9n damos prioridad a la diversidad y la inclusi\u00f3n, ofreciendo a los empleadores acceso a perspectivas m\u00e1s amplias al tiempo que reforzamos las normas \u00e9ticas.<\/p>\n<p>A diferencia de los proveedores estandarizados, nuestro trabajo ofrece RPO basado en el conocimiento, la colaboraci\u00f3n y la responsabilidad. Esta metodolog\u00eda ayuda a reducir costes, mejorar las operaciones y asegurar l\u00edderes que contribuyan al \u00e9xito sostenido.<\/p>\n<h2>Nuestra experiencia como l\u00edderes en selecci\u00f3n de ejecutivos en Barcelona<\/h2>\n<p>Nuestro grupo combina el conocimiento del mercado nacional con conexiones internacionales, gan\u00e1ndose la confianza de las empresas de Barcelona. Los consultores aportan a cada proyecto conocimientos especializados del sector, formaci\u00f3n avanzada y experiencia pr\u00e1ctica en contrataci\u00f3n. Adaptamos nuestros m\u00e9todos a la estructura empresarial de cada cliente, al tiempo que mantenemos unos est\u00e1ndares coherentes de discreci\u00f3n y calidad.<\/p>\n<p>Tras a\u00f1os de trabajo con organizaciones de toda Espa\u00f1a, hemos cultivado un enfoque que garantiza que la selecci\u00f3n de personal sea eficiente, basada en principios y alineada con los objetivos estrat\u00e9gicos.<\/p>\n<h4>Algunas \u00e1reas en las que nos especializamos<\/h4>\n<p>Prestamos servicio a una amplia gama de sectores en Barcelona, abarcando finanzas, ventas, tecnolog\u00eda y operaciones de gesti\u00f3n. Desde corporaciones nacionales establecidas hasta \u00e1giles startups, ajustamos nuestro marco de trabajo para satisfacer las distintas demandas empresariales. Esta especializaci\u00f3n sectorial nos permite presentar individuos que est\u00e1n preparados para marcar la diferencia inmediatamente.<\/p>\n<h4>Ejemplos de puestos para los que reclutamos<\/h4>\n<p>Encontramos l\u00edderes de nivel senior y ejecutivo en toda Barcelona, incluyendo nombramientos de C-suite, directores y profesionales de la gesti\u00f3n con la experiencia necesaria para guiar la estrategia y mejorar las operaciones. Nuestro equipo tambi\u00e9n da soporte a puestos permanentes e interinos en los que la RPO es vital para la continuidad del negocio.<\/p>\n<p>Para explorar los puestos de liderazgo para los que reclutamos y c\u00f3mo podemos conectar su empresa con el talento adecuado, contacte con Haldren hoy mismo.<\/p>\n<h2>Por qu\u00e9 Haldren utiliza un enfoque personalizado para el reclutamiento<\/h2>\n<p>Cada empresa requiere un proceso de contrataci\u00f3n adaptado a su cultura, estructura y posici\u00f3n en el mercado. Uno de nuestros consultores asisti\u00f3 recientemente a una organizaci\u00f3n nacional durante una fusi\u00f3n, donde la discreci\u00f3n y la eficacia eran primordiales. Al personalizar la b\u00fasqueda, ayudamos a garantizar la estabilidad del liderazgo a lo largo de una transici\u00f3n delicada.<\/p>\n<p>La externalizaci\u00f3n gen\u00e9rica a menudo no aborda este tipo de sutilezas. En Haldren, nos centramos en construir marcos de contrataci\u00f3n que se alineen con objetivos y valores empresariales espec\u00edficos, ofreciendo resultados que perduren. Tanto si nos asociamos con grandes empresas como con compa\u00f1\u00edas emergentes, hemos comprobado que la agilidad, la transparencia y una experiencia dedicada impulsan resultados positivos.<\/p>\n<p>Nuestro enfoque a medida se basa en las lecciones aprendidas durante a\u00f1os de apoyo a clientes en toda Espa\u00f1a y a nivel internacional.<\/p>\n<h2>\u00bfPor qu\u00e9 elegir Haldren para la externalizaci\u00f3n de procesos de selecci\u00f3n?<\/h2>\n<p>Haldren es un socio de confianza porque situamos la confidencialidad, la \u00e9tica y la calidad en el centro de cada compromiso. Las empresas conf\u00edan en nosotros para gestionar las necesidades de contrataci\u00f3n sensibles con total profesionalidad, garantizando la privacidad en cada etapa.<\/p>\n<p>Somos conocidos por desarrollar asociaciones duraderas en lugar de puramente transaccionales. Los clientes de Barcelona y Madrid nos recomiendan a menudo como una empresa que ofrece eficacia, orientaci\u00f3n pr\u00e1ctica y una perspectiva global. Nuestro equipo de reclutadores cualificados y consultores multiling\u00fces trabaja para garantizar que cada proyecto de RPO sea eficaz, basado en principios y centrado en los resultados.<\/p>\n<p>Elegir Haldren significa trabajar con una agencia de reclutamiento que a\u00fana el conocimiento local y el acceso internacional. Nuestros valores -integridad, enfoque y excelencia- informan cada proyecto que aceptamos.<\/p>\n<blockquote><p><strong>Contacte con Haldren hoy mismo para hablar sobre la externalizaci\u00f3n de procesos de selecci\u00f3n en Barcelona y descubra c\u00f3mo nuestro equipo puede convertirse en un socio de confianza para construir el \u00e9xito del liderazgo.<\/strong><\/p><\/blockquote>\n                            <\/div>\n        <\/div>\n    <\/div>\n<\/div>\n\n<div class=\"block-section accordion-main-section \">\n    <div class=\"container\">    \n                <div class=\"accordion-faqs\">\n            <h2 class=\"m-title\">Frequently Asked Questions (FAQs)<\/h2>\n                        <div class=\"item\">\n                <h3>\u00bfEn qu\u00e9 se diferencia la externalizaci\u00f3n de procesos de contrataci\u00f3n de la contrataci\u00f3n tradicional?<\/h3>\n                <div class=\"faq-content\"><p>RPO es una alianza estrat\u00e9gica en la que gestionamos toda una funci\u00f3n de contrataci\u00f3n para un cliente. Este enfoque est\u00e1 m\u00e1s estructurado e integrado con los objetivos empresariales a largo plazo que los proyectos de contrataci\u00f3n individuales y aislados, lo que genera una mayor eficiencia y coherencia.<\/p>\n<\/div>\n            <\/div>\n                        <div class=\"item\">\n                <h3>\u00bfC\u00f3mo salvaguardar la confidencialidad durante los compromisos de RPO?<\/h3>\n                <div class=\"faq-content\"><p>Nos adherimos a estrictos protocolos de privacidad a lo largo de todo el proceso. Desde el estudio de mercado inicial hasta la colocaci\u00f3n final, nuestros asesores manejan toda la informaci\u00f3n sensible con la m\u00e1xima discreci\u00f3n y cuidado.<\/p>\n<\/div>\n            <\/div>\n                        <div class=\"item\">\n                <h3>\u00bfQu\u00e9 grado de implicaci\u00f3n tienen los clientes en el proceso de contrataci\u00f3n?<\/h3>\n                <div class=\"faq-content\"><p>Nuestros clientes se mantienen informados e implicados en los momentos cr\u00edticos. Proporcionamos actualizaciones peri\u00f3dicas, compartimos tarjetas de puntuaci\u00f3n de candidatos y presentamos listas de preseleccionados para su revisi\u00f3n. Nos encargamos de la ejecuci\u00f3n diaria, pero las decisiones clave de contrataci\u00f3n se toman siempre en colaboraci\u00f3n.<\/p>\n<\/div>\n            <\/div>\n                        <div class=\"item\">\n                <h3>\u00bfPrestan apoyo despu\u00e9s de la colocaci\u00f3n?<\/h3>\n                <div class=\"faq-content\"><p>S\u00ed, nuestra colaboraci\u00f3n contin\u00faa una vez contratado el candidato. Hacemos un seguimiento tanto de la empresa como del nuevo miembro del equipo para garantizar una transici\u00f3n fluida, ayudar a medir el resultado de la colocaci\u00f3n y apoyar el \u00e9xito a largo plazo.<\/p>\n<\/div>\n            <\/div>\n                    <\/div>\n            <\/div>\n<\/div><\/div><div class=\"sidebar-wrapper\">\n<div class=\"wpcf7 no-js\" id=\"wpcf7-f50-o1\" lang=\"\" dir=\"ltr\" data-wpcf7-id=\"50\">\n<div class=\"screen-reader-response\"><p role=\"status\" aria-live=\"polite\" aria-atomic=\"true\"><\/p> <ul><\/ul><\/div>\n<form action=\"\/barcelona\/wp-json\/wp\/v2\/pages\/173#wpcf7-f50-o1\" method=\"post\" class=\"wpcf7-form init\" aria-label=\"Contact form\" enctype=\"multipart\/form-data\" novalidate=\"novalidate\" data-status=\"init\">\n<fieldset class=\"hidden-fields-container\"><input type=\"hidden\" name=\"_wpcf7\" value=\"50\" \/><input type=\"hidden\" name=\"_wpcf7_version\" value=\"6.1.5\" \/><input type=\"hidden\" name=\"_wpcf7_locale\" value=\"\" \/><input type=\"hidden\" name=\"_wpcf7_unit_tag\" value=\"wpcf7-f50-o1\" \/><input type=\"hidden\" name=\"_wpcf7_container_post\" value=\"0\" \/><input type=\"hidden\" name=\"_wpcf7_posted_data_hash\" value=\"\" \/>\n<\/fieldset>\n<input class=\"wpcf7-form-control wpcf7-hidden\" id=\"utm_source\" value=\"\" type=\"hidden\" name=\"utm_source\" \/>\n<input class=\"wpcf7-form-control wpcf7-hidden\" id=\"utm_medium\" value=\"\" type=\"hidden\" name=\"utm_medium\" \/>\n<input class=\"wpcf7-form-control wpcf7-hidden\" id=\"sideform_user_country\" value=\"\" type=\"hidden\" name=\"userCountry\" \/>\n<div class=\"form-grid-layout\">\n\t<div class=\"form-title\">\n\t\t<h2 class=\"title\">Thrive with Top Talent<br \/>\n- No Upfronts Fees\n\t\t<\/h2>\n\t\t<p>Have it easier with video interview clips and a candidate shortlist within 2-3 weeks\n\t\t<\/p>\n\t<\/div>\n\t<div class=\"input-field\">\n\t\t<p><label for=\"\">Name<\/label><br \/>\n<span class=\"wpcf7-form-control-wrap\" data-name=\"full-Name\"><input size=\"40\" maxlength=\"400\" class=\"wpcf7-form-control wpcf7-text wpcf7-validates-as-required\" aria-required=\"true\" aria-invalid=\"false\" value=\"\" type=\"text\" name=\"full-Name\" \/><\/span>\n\t\t<\/p>\n\t<\/div>\n\t<div class=\"input-field\">\n\t\t<p><label for=\"\">Email Address<\/label><br \/>\n<span class=\"wpcf7-form-control-wrap\" data-name=\"email-address\"><input size=\"40\" maxlength=\"400\" class=\"wpcf7-form-control wpcf7-email wpcf7-validates-as-required wpcf7-text wpcf7-validates-as-email\" aria-required=\"true\" aria-invalid=\"false\" value=\"\" type=\"email\" name=\"email-address\" \/><\/span>\n\t\t<\/p>\n\t<\/div>\n\t<div class=\"input-field\">\n\t\t<p><label for=\"\">Company<\/label><br \/>\n<span class=\"wpcf7-form-control-wrap\" data-name=\"company\"><input size=\"40\" maxlength=\"400\" class=\"wpcf7-form-control wpcf7-text\" aria-invalid=\"false\" value=\"\" type=\"text\" name=\"company\" \/><\/span>\n\t\t<\/p>\n\t<\/div>\n\t<div class=\"radiobox-field\">\n\t\t<p><span class=\"wpcf7-form-control-wrap\" data-name=\"radio-721company-status\"><span class=\"wpcf7-form-control wpcf7-radio\"><span class=\"wpcf7-list-item first\"><label><input type=\"radio\" name=\"radio-721company-status\" value=\"{Employer}\" \/><span class=\"wpcf7-list-item-label\">Employer<\/span><\/label><\/span><span class=\"wpcf7-list-item last\"><label><input type=\"radio\" name=\"radio-721company-status\" value=\"{Candidate}\" \/><span class=\"wpcf7-list-item-label\">Candidate<\/span><\/label><\/span><\/span><\/span>\n\t\t<\/p>\n\t<\/div>\n\t<div class=\"input-field\">\n\t\t<p><span class=\"wpcf7-form-control-wrap\" data-name=\"file-upload\"><input size=\"40\" class=\"wpcf7-form-control wpcf7-file\" accept=\".pdf\" aria-invalid=\"false\" type=\"file\" name=\"file-upload\" \/><\/span>\n\t\t<\/p>\n\t<\/div>\n\t<div class=\"textarea-field\">\n\t\t<p><label for=\"\">How can we help you?<\/label><br \/>\n<span class=\"wpcf7-form-control-wrap\" data-name=\"message\"><textarea cols=\"40\" rows=\"10\" maxlength=\"2000\" class=\"wpcf7-form-control wpcf7-textarea\" aria-invalid=\"false\" name=\"message\"><\/textarea><\/span>\n\t\t<\/p>\n\t<\/div>\n\t<p><span id=\"wpcf7-69f5fb0c7af3a-wrapper\" class=\"wpcf7-form-control-wrap nickname-wrap\" ><input id=\"wpcf7-69f5fb0c7af3a-field\"  class=\"wpcf7-form-control wpcf7-text\" type=\"text\" name=\"nickname\" value=\"\" size=\"40\" tabindex=\"-1\" autocomplete=\"off\" \/><\/span>\n\t<\/p>\n\t<div class=\"form-term\">\n\t\t<p>Submission of this form means you have agreed to our <a href=\"\/privacy-policy\/\" title=\"\">Privacy Policy<\/a> and <a href=\"\/terms-of-service\/\" title=\"\">Terms Conditions<\/a>\n\t\t<\/p>\n\t<\/div>\n\t<div class=\"submit-btn\">\n\t\t<p><input class=\"wpcf7-form-control wpcf7-submit has-spinner btn-box\" type=\"submit\" value=\"Get in Touch\" \/>\n\t\t<\/p>\n\t<\/div>\n<\/div><div class=\"wpcf7-response-output\" aria-hidden=\"true\"><\/div>\n<\/form>\n<\/div>\n<\/div><\/div>\n\n\n<div class=\"block-section client-reviews-slider \" style=\"background-color: #119084\">  \n    <div class=\"container\">\n                <div class=\"splide client-slider\">\n            <div class=\"splide__track\">\n                <div class=\"splide__list\">\n                                        <div class=\"splide__slide\">\n                        <div class=\"content-box\">\n                            <div class=\"content\">\n                                <p>&#8220;Trabajar con Haldren nos proporcion\u00f3 candidatos que no podr\u00edamos haber encontrado por nuestra cuenta. Los consultores gestionaron todos los aspectos de la b\u00fasqueda con una eficacia y discreci\u00f3n impresionantes.&#8221;<\/p>\n                            <\/div>\n                                                        <div class=\"name\">\n                                <strong>Marta G.<\/strong>, \n                                Director de RRHH                            <\/div>\n                                                    <\/div>\n                    <\/div>\n                                        <div class=\"splide__slide\">\n                        <div class=\"content-box\">\n                            <div class=\"content\">\n                                <p>&#8220;Los reclutadores de Haldren comprendieron enseguida los requisitos de nuestro sector. Su modelo de RPO nos ayud\u00f3 a encontrar l\u00edderes senior con la formaci\u00f3n necesaria para mejorar nuestras operaciones en Barcelona.&#8221;<\/p>\n                            <\/div>\n                                                        <div class=\"name\">\n                                <strong>Javier L.<\/strong>, \n                                Director de operaciones                            <\/div>\n                                                    <\/div>\n                    <\/div>\n                                        <div class=\"splide__slide\">\n                        <div class=\"content-box\">\n                            <div class=\"content\">\n                                <p>&#8220;La profesionalidad y la perspicacia de Haldren superaron nuestras expectativas. El equipo nos dio consejos que han cambiado nuestra forma de pensar sobre la externalizaci\u00f3n de la contrataci\u00f3n.&#8221;<\/p>\n                            <\/div>\n                                                        <div class=\"name\">\n                                <strong>Laura P.<\/strong>, \n                                Director Financiero                            <\/div>\n                                                    <\/div>\n                    <\/div>\n                                    <\/div>\n            <\/div>\n        <\/div>\n            <\/div>\n<\/div>","protected":false},"excerpt":{"rendered":"","protected":false},"author":10,"featured_media":0,"parent":166,"menu_order":0,"comment_status":"closed","ping_status":"closed","template":"","meta":{"_acf_changed":false,"footnotes":""},"class_list":["post-173","page","type-page","status-publish","hentry"],"acf":[],"lang":"es","translations":{"es":173},"jetpack_sharing_enabled":true,"pll_sync_post":[],"_links":{"self":[{"href":"https:\/\/www.haldren.com\/barcelona\/wp-json\/wp\/v2\/pages\/173","targetHints":{"allow":["GET"]}}],"collection":[{"href":"https:\/\/www.haldren.com\/barcelona\/wp-json\/wp\/v2\/pages"}],"about":[{"href":"https:\/\/www.haldren.com\/barcelona\/wp-json\/wp\/v2\/types\/page"}],"author":[{"embeddable":true,"href":"https:\/\/www.haldren.com\/barcelona\/wp-json\/wp\/v2\/users\/10"}],"replies":[{"embeddable":true,"href":"https:\/\/www.haldren.com\/barcelona\/wp-json\/wp\/v2\/comments?post=173"}],"version-history":[{"count":1,"href":"https:\/\/www.haldren.com\/barcelona\/wp-json\/wp\/v2\/pages\/173\/revisions"}],"predecessor-version":[{"id":191,"href":"https:\/\/www.haldren.com\/barcelona\/wp-json\/wp\/v2\/pages\/173\/revisions\/191"}],"up":[{"embeddable":true,"href":"https:\/\/www.haldren.com\/barcelona\/wp-json\/wp\/v2\/pages\/166"}],"wp:attachment":[{"href":"https:\/\/www.haldren.com\/barcelona\/wp-json\/wp\/v2\/media?parent=173"}],"curies":[{"name":"wp","href":"https:\/\/api.w.org\/{rel}","templated":true}]}}