{"id":174,"date":"2025-09-16T09:29:25","date_gmt":"2025-09-16T09:29:25","guid":{"rendered":"https:\/\/www.haldren.com\/barcelona\/?page_id=82"},"modified":"2025-10-14T06:27:22","modified_gmt":"2025-10-14T06:27:22","slug":"contratacion-por-contrato","status":"publish","type":"page","link":"https:\/\/www.haldren.com\/barcelona\/es\/adquisicion-de-talentos\/contratacion-por-contrato\/","title":{"rendered":"Contrataci\u00f3n por contrato"},"content":{"rendered":"\n  <link rel=\"preload\" as=\"image\" href=\"https:\/\/www.haldren.com\/barcelona\/wp-content\/uploads\/sites\/33\/2025\/09\/barcelona-city-e1764150659784.webp\" fetchpriority=\"high\">\n  <style>\n    .inner-banner-section {\n      background-image: url('https:\/\/www.haldren.com\/barcelona\/wp-content\/uploads\/sites\/33\/2025\/09\/barcelona-city-e1764150659784.webp');\n      background-size: cover;\n      background-position: center;\n      background-repeat: no-repeat;\n    }\n\n    @media (max-width: 768px) {\n      .inner-banner-section {\n        background-image: url('https:\/\/www.haldren.com\/barcelona\/wp-content\/uploads\/sites\/33\/2025\/09\/barcelona-city-e1764150659784.webp');\n      }\n    }\n  <\/style>\n\n<div class=\"block-section inner-banner-section lazyload bg-sty section-gaps top-border-line\">\n  <div class=\"container-fluid\">\n    <div class=\"content-wrap\">\n      <h1 class=\"title\">\n        Servicios de contrataci\u00f3n en Barcelona      <\/h1>\n      <span style=\"font-size: 18px;\">Soluciones de contrataci\u00f3n flexibles con confidencialidad y experiencia<\/span>\n    <\/div>\n  <\/div>\n<\/div>\n\n\n\n\n<div class=\"wp-block-custom-div-wrapper-block col-wrapper has-sidebar\"><div class=\"content-wrapper\" style=\"background-color:#002a26\">\n<div class=\"block-section section-gaps default-content-section \" \n     style=\"--text-color: #ffffff; --bg-color: #119084;\">\n    <div class=\"container\">\n        <div class=\"default-single-content-wrap\">\n            <div class=\"content-wrap\">\n                                    <h2>Primera empresa de selecci\u00f3n de personal en Barcelona<\/h2>\n<p>Haldren ofrece servicios de selecci\u00f3n de personal en Barcelona con discreci\u00f3n, profesionalidad y un enfoque consultivo en el que conf\u00edan empresas l\u00edderes de toda Espa\u00f1a. Nuestros consultores tienen a\u00f1os de experiencia guiando procesos de selecci\u00f3n en diferentes sectores, ayudando a las empresas a asegurar el talento adecuado para proyectos cr\u00edticos y necesidades a corto plazo. Cada contrataci\u00f3n se basa en pr\u00e1cticas \u00e9ticas y una confidencialidad absoluta, lo que proporciona confianza a los responsables de contrataci\u00f3n y a los candidatos de principio a fin.<\/p>\n<p>A diferencia de una agencia de contrataci\u00f3n convencional, combinamos un alcance de contrataci\u00f3n internacional, consultores multiling\u00fces y m\u00e9todos estructurados que ofrecen resultados de forma r\u00e1pida y eficaz. Desde start-ups hasta empresas consolidadas, gestionamos todo el proceso con un toque humano que equilibra las necesidades inmediatas de contrataci\u00f3n con resultados sostenibles.<br \/>\n Haldren<\/p>\n<blockquote><p><strong>es reconocida en Barcelona por sus soluciones de contrataci\u00f3n que conectan a las empresas con los mejores talentos al tiempo que garantizan un \u00e9xito duradero.<\/strong><\/p><\/blockquote>\n<h2>Firma de b\u00fasqueda de ejecutivos de primer nivel en Barcelona<\/h2>\n<p>Nuestro trabajo en reclutamiento por contrato refleja nuestro compromiso de ayudar a las organizaciones a mantenerse \u00e1giles. Alineamos el talento especializado con las prioridades del negocio, apoyando el crecimiento a la vez que protegemos la estabilidad. El \u00e9xito depende de algo m\u00e1s que de las habilidades t\u00e9cnicas: requiere entender la cultura, la ambici\u00f3n y el estilo de liderazgo.<\/p>\n<h4>Evaluaci\u00f3n<\/h4>\n<p>Cada compromiso comienza con una revisi\u00f3n en profundidad de los objetivos de la empresa y los requisitos de contrataci\u00f3n. Dise\u00f1amos un perfil de candidato ideal que refleje tanto la cultura de la organizaci\u00f3n como las necesidades espec\u00edficas del puesto. Este proceso de selecci\u00f3n estructurado garantiza que presentemos candidatos con el equilibrio adecuado de experiencia, motivaci\u00f3n y adaptabilidad.<\/p>\n<h4>Adquisici\u00f3n de talento<\/h4>\n<p>Nuestra amplia red de personas dedicadas a la b\u00fasqueda de talento abarca sectores como las ciencias de la vida, la ingenier\u00eda, las finanzas y la tecnolog\u00eda. Combinamos la b\u00fasqueda tradicional con estrategias digitales para llegar tanto a los solicitantes de empleo activos como a los candidatos internacionales que pueden no ser visibles a trav\u00e9s de los canales est\u00e1ndar. Este enfoque permite a los responsables de contrataci\u00f3n acceder a profesionales excepcionales listos para generar impacto.<\/p>\n<h4>Transformaci\u00f3n organizativa<\/h4>\n<p>M\u00e1s all\u00e1 de cubrir puestos, ayudamos a las empresas a reforzar la capacidad de liderazgo con servicios como la planificaci\u00f3n de la plantilla, las estrategias de sucesi\u00f3n y las evaluaciones de liderazgo. Estos esfuerzos posicionan a los empleadores para un \u00e9xito empresarial sostenible mucho despu\u00e9s de la contrataci\u00f3n.<\/p>\n<h2>Nuestro enfoque de la contrataci\u00f3n<\/h2>\n<p>Comenzamos con reuniones de descubrimiento en las que los consultores colaboran con los directores de contrataci\u00f3n para aclarar los retos y definir las prioridades. Esta conversaci\u00f3n sienta las bases para un proceso de contrataci\u00f3n que incluye un mapeo del mercado, tablas de puntuaci\u00f3n y criterios de evaluaci\u00f3n adaptados al puesto.<\/p>\n<p>Nuestros reclutadores recurren al acceso a la contrataci\u00f3n internacional, la publicidad dirigida, las bolsas de trabajo espec\u00edficas del sector y el contacto directo. Consultores multiling\u00fces realizan entrevistas estructuradas, pruebas psicom\u00e9tricas y evaluaciones detalladas para garantizar que cada candidato cumple las expectativas t\u00e9cnicas y culturales.<\/p>\n<p>Tras la preselecci\u00f3n, guiamos a las empresas a trav\u00e9s de las entrevistas, ofreciendo asesoramiento experto que ayuda a afinar las decisiones. Desde el primer contacto hasta la selecci\u00f3n final, nuestros consultores permanecen estrechamente implicados, garantizando una comunicaci\u00f3n fluida y resultados precisos. Tanto si el objetivo es la contrataci\u00f3n temporal como permanente, aportamos claridad, discreci\u00f3n y resultados cuantificables.<\/p>\n<p>La \u00e9tica y la diversidad siguen siendo fundamentales en nuestro trabajo. A diferencia de una agencia transaccional, nos acercamos a las personas de manera reflexiva y vemos la contrataci\u00f3n como la construcci\u00f3n de asociaciones que aportan valor a largo plazo.<\/p>\n<h2>Nuestra experiencia como l\u00edderes en selecci\u00f3n de ejecutivos en Barcelona<\/h2>\n<p>Nuestros consultores aportan un profundo conocimiento de la industria, adquirido tras a\u00f1os de experiencia en sectores como las finanzas, la tecnolog\u00eda, las ciencias de la vida y la ingenier\u00eda. Muchos de ellos han trabajado en estos sectores, lo que nos permite ofrecer una orientaci\u00f3n informada durante todo el proceso de selecci\u00f3n.<\/p>\n<p>Refinamos continuamente nuestros m\u00e9todos bas\u00e1ndonos en las lecciones aprendidas de proyectos anteriores, garantizando que nuestras soluciones de selecci\u00f3n sigan siendo relevantes y eficaces. Las empresas nos eligen no s\u00f3lo por nuestra amplia red y alcance internacional de reclutamiento, sino tambi\u00e9n por nuestra discreci\u00f3n y fiabilidad como agencia de reclutamiento l\u00edder en Barcelona.<\/p>\n<h4>Algunas \u00e1reas en las que nos especializamos<\/h4>\n<p>Trabajamos con empresas de todos los sectores, incluyendo ciencias de la vida, ingenier\u00eda, tecnolog\u00eda y finanzas. Nuestros reclutadores tambi\u00e9n apoyan a start-ups que buscan agilidad e innovaci\u00f3n, as\u00ed como a empresas consolidadas que gestionan proyectos complejos.<\/p>\n<h4>Ejemplos de puestos para los que contratamos<\/h4>\n<p>Reclutamos profesionales senior y especialistas de nivel ejecutivo para puestos contractuales en Barcelona, desde l\u00edderes de C-suite hasta expertos en proyectos t\u00e9cnicos. Cada b\u00fasqueda se gestiona con confidencialidad y precisi\u00f3n para asegurar el mejor resultado posible.<\/p>\n<blockquote><p><strong>Contacte con Haldren hoy mismo para explorar las funciones para las que podemos ayudarle a reclutar talento en Barcelona.<\/strong><\/p><\/blockquote>\n<h2>Por qu\u00e9 Haldren utiliza un enfoque personalizado para el reclutamiento<\/h2>\n<p>Por experiencia, sabemos que no hay dos proyectos de reclutamiento iguales. Algunos empleadores requieren contrataciones para apoyar la innovaci\u00f3n urgente, mientras que otros necesitan l\u00edderes interinos para estabilizar las operaciones. Nuestros consultores adaptan los m\u00e9todos a cada situaci\u00f3n, aplicando las lecciones aprendidas en todos los sectores.<\/p>\n<p>La contrataci\u00f3n estandarizada a menudo pasa por alto la alineaci\u00f3n cultural y el valor a largo plazo. Nosotros nos ocupamos de esto acerc\u00e1ndonos a las personas con cuidado, alineando las habilidades con los objetivos estrat\u00e9gicos y asegur\u00e1ndonos de que cada candidato encaja perfectamente en la empresa.<\/p>\n<p>Nuestro proceso siempre incluye entrevistas estructuradas, evaluaciones detalladas y una comunicaci\u00f3n abierta con los responsables de contrataci\u00f3n. Este toque humano garantiza que las decisiones se tomen con claridad y confianza. Creemos que la contrataci\u00f3n no consiste en cubrir puestos de trabajo r\u00e1pidamente, sino en ayudar a las empresas a desarrollar equipos sostenibles que generen resultados reales.<\/p>\n<h2>Por qu\u00e9 elegir Haldren para la contrataci\u00f3n de personal<\/h2>\n<p>La confianza y la \u00e9tica definen nuestra forma de trabajar. Los empleadores de Barcelona conf\u00edan en nosotros por nuestra confidencialidad, orientaci\u00f3n profesional y resultados basados en metodolog\u00edas probadas. Nuestros consultores aportan a\u00f1os de experiencia, acceso a la contrataci\u00f3n internacional y un proceso estructurado que identifica sistem\u00e1ticamente el talento adecuado.<\/p>\n<p>La reputaci\u00f3n de Haldren como agencia de contrataci\u00f3n l\u00edder proviene de nuestras colaboraciones a largo plazo. Trabajamos con empresas de nueva creaci\u00f3n, empresas medianas y empresas globales, centr\u00e1ndonos siempre en resultados mensurables y en el \u00e9xito del cliente. Con una amplia red, consultores multiling\u00fces y reclutadores dedicados, damos a los responsables de contrataci\u00f3n la confianza de que cada paso del proceso se gestiona con cuidado.<\/p>\n<p>La contrataci\u00f3n con nosotros es colaborativa. Nos acercamos a las personas con respeto, apoyamos a los candidatos en la exploraci\u00f3n de oportunidades de empleo y ayudamos a los empleadores a contratar profesionales que tengan un impacto duradero.<\/p>\n<blockquote><p><strong>Si est\u00e1 pensando en contratar personal en Barcelona, p\u00f3ngase en contacto con Haldren hoy mismo para descubrir c\u00f3mo podemos ayudarle en su contrataci\u00f3n con experiencia, discreci\u00f3n y un toque humano.<\/strong><\/p><\/blockquote>\n                            <\/div>\n        <\/div>\n    <\/div>\n<\/div>\n\n<div class=\"block-section accordion-main-section \">\n    <div class=\"container\">    \n                <div class=\"accordion-faqs\">\n            <h2 class=\"m-title\">Frequently Asked Questions (FAQs)<\/h2>\n                        <div class=\"item\">\n                <h3>\u00bfC\u00f3mo salvaguardar la confidencialidad durante la contrataci\u00f3n?<\/h3>\n                <div class=\"faq-content\"><p>Tratamos la informaci\u00f3n confidencial con cuidado, garantizando que las comunicaciones y las interacciones con los candidatos sigan siendo privadas en todo momento.<\/p>\n<\/div>\n            <\/div>\n                        <div class=\"item\">\n                <h3>\u00bfQu\u00e9 plazo podemos esperar para la contrataci\u00f3n?<\/h3>\n                <div class=\"faq-content\"><p>La mayor\u00eda de los proyectos pasan del primer contacto a las entrevistas finales en unas pocas semanas, dependiendo de la complejidad del puesto y del sector.<\/p>\n<\/div>\n            <\/div>\n                        <div class=\"item\">\n                <h3>\u00bfC\u00f3mo participan los responsables de contrataci\u00f3n en el proceso?<\/h3>\n                <div class=\"faq-content\"><p>Los responsables de contrataci\u00f3n colaboran estrechamente con nuestros consultores para definir los perfiles de los candidatos, revisar las listas de preseleccionados y participar en entrevistas estructuradas.<\/p>\n<\/div>\n            <\/div>\n                        <div class=\"item\">\n                <h3>\u00bfQu\u00e9 diferencia a Haldren de una agencia de contrataci\u00f3n est\u00e1ndar?<\/h3>\n                <div class=\"faq-content\"><p>Proporcionamos m\u00e1s que colocaciones. Nuestro proceso consultivo, amplia red y acceso a la contrataci\u00f3n internacional garantizan resultados duraderos, respaldados por consultores experimentados que se acercan a las personas con integridad.<\/p>\n<\/div>\n            <\/div>\n                    <\/div>\n            <\/div>\n<\/div><\/div><div class=\"sidebar-wrapper\">\n<div class=\"wpcf7 no-js\" id=\"wpcf7-f50-o1\" lang=\"\" dir=\"ltr\" data-wpcf7-id=\"50\">\n<div class=\"screen-reader-response\"><p role=\"status\" aria-live=\"polite\" aria-atomic=\"true\"><\/p> <ul><\/ul><\/div>\n<form action=\"\/barcelona\/wp-json\/wp\/v2\/pages\/174#wpcf7-f50-o1\" method=\"post\" class=\"wpcf7-form init\" aria-label=\"Contact form\" enctype=\"multipart\/form-data\" novalidate=\"novalidate\" data-status=\"init\">\n<fieldset class=\"hidden-fields-container\"><input type=\"hidden\" name=\"_wpcf7\" value=\"50\" \/><input type=\"hidden\" name=\"_wpcf7_version\" value=\"6.1.5\" \/><input type=\"hidden\" name=\"_wpcf7_locale\" value=\"\" \/><input type=\"hidden\" name=\"_wpcf7_unit_tag\" value=\"wpcf7-f50-o1\" \/><input type=\"hidden\" name=\"_wpcf7_container_post\" value=\"0\" \/><input type=\"hidden\" name=\"_wpcf7_posted_data_hash\" value=\"\" \/>\n<\/fieldset>\n<input class=\"wpcf7-form-control wpcf7-hidden\" id=\"utm_source\" value=\"\" type=\"hidden\" name=\"utm_source\" \/>\n<input class=\"wpcf7-form-control wpcf7-hidden\" id=\"utm_medium\" value=\"\" type=\"hidden\" name=\"utm_medium\" \/>\n<input class=\"wpcf7-form-control wpcf7-hidden\" id=\"sideform_user_country\" value=\"\" type=\"hidden\" name=\"userCountry\" \/>\n<div class=\"form-grid-layout\">\n\t<div class=\"form-title\">\n\t\t<h2 class=\"title\">Thrive with Top Talent<br \/>\n- No Upfronts Fees\n\t\t<\/h2>\n\t\t<p>Have it easier with video interview clips and a candidate shortlist within 2-3 weeks\n\t\t<\/p>\n\t<\/div>\n\t<div class=\"input-field\">\n\t\t<p><label for=\"\">Name<\/label><br \/>\n<span class=\"wpcf7-form-control-wrap\" data-name=\"full-Name\"><input size=\"40\" maxlength=\"400\" class=\"wpcf7-form-control wpcf7-text wpcf7-validates-as-required\" aria-required=\"true\" aria-invalid=\"false\" value=\"\" type=\"text\" name=\"full-Name\" \/><\/span>\n\t\t<\/p>\n\t<\/div>\n\t<div class=\"input-field\">\n\t\t<p><label for=\"\">Email Address<\/label><br \/>\n<span class=\"wpcf7-form-control-wrap\" data-name=\"email-address\"><input size=\"40\" maxlength=\"400\" class=\"wpcf7-form-control wpcf7-email wpcf7-validates-as-required wpcf7-text wpcf7-validates-as-email\" aria-required=\"true\" aria-invalid=\"false\" value=\"\" type=\"email\" name=\"email-address\" \/><\/span>\n\t\t<\/p>\n\t<\/div>\n\t<div class=\"input-field\">\n\t\t<p><label for=\"\">Company<\/label><br \/>\n<span class=\"wpcf7-form-control-wrap\" data-name=\"company\"><input size=\"40\" maxlength=\"400\" class=\"wpcf7-form-control wpcf7-text\" aria-invalid=\"false\" value=\"\" type=\"text\" name=\"company\" \/><\/span>\n\t\t<\/p>\n\t<\/div>\n\t<div class=\"radiobox-field\">\n\t\t<p><span class=\"wpcf7-form-control-wrap\" data-name=\"radio-721company-status\"><span class=\"wpcf7-form-control wpcf7-radio\"><span class=\"wpcf7-list-item first\"><label><input type=\"radio\" name=\"radio-721company-status\" value=\"{Employer}\" \/><span class=\"wpcf7-list-item-label\">Employer<\/span><\/label><\/span><span class=\"wpcf7-list-item last\"><label><input type=\"radio\" name=\"radio-721company-status\" value=\"{Candidate}\" \/><span class=\"wpcf7-list-item-label\">Candidate<\/span><\/label><\/span><\/span><\/span>\n\t\t<\/p>\n\t<\/div>\n\t<div class=\"input-field\">\n\t\t<p><span class=\"wpcf7-form-control-wrap\" data-name=\"file-upload\"><input size=\"40\" class=\"wpcf7-form-control wpcf7-file\" accept=\".pdf\" aria-invalid=\"false\" type=\"file\" name=\"file-upload\" \/><\/span>\n\t\t<\/p>\n\t<\/div>\n\t<div class=\"textarea-field\">\n\t\t<p><label for=\"\">How can we help you?<\/label><br \/>\n<span class=\"wpcf7-form-control-wrap\" data-name=\"message\"><textarea cols=\"40\" rows=\"10\" maxlength=\"2000\" class=\"wpcf7-form-control wpcf7-textarea\" aria-invalid=\"false\" name=\"message\"><\/textarea><\/span>\n\t\t<\/p>\n\t<\/div>\n\t<p><span id=\"wpcf7-69f5fd826572c-wrapper\" class=\"wpcf7-form-control-wrap nickname-wrap\" ><input id=\"wpcf7-69f5fd826572c-field\"  class=\"wpcf7-form-control wpcf7-text\" type=\"text\" name=\"nickname\" value=\"\" size=\"40\" tabindex=\"-1\" autocomplete=\"off\" \/><\/span>\n\t<\/p>\n\t<div class=\"form-term\">\n\t\t<p>Submission of this form means you have agreed to our <a href=\"\/privacy-policy\/\" title=\"\">Privacy Policy<\/a> and <a href=\"\/terms-of-service\/\" title=\"\">Terms Conditions<\/a>\n\t\t<\/p>\n\t<\/div>\n\t<div class=\"submit-btn\">\n\t\t<p><input class=\"wpcf7-form-control wpcf7-submit has-spinner btn-box\" type=\"submit\" value=\"Get in Touch\" \/>\n\t\t<\/p>\n\t<\/div>\n<\/div><div class=\"wpcf7-response-output\" aria-hidden=\"true\"><\/div>\n<\/form>\n<\/div>\n<\/div><\/div>\n\n\n<div class=\"block-section client-reviews-slider \" style=\"background-color: #119084\">  \n    <div class=\"container\">\n                <div class=\"splide client-slider\">\n            <div class=\"splide__track\">\n                <div class=\"splide__list\">\n                                        <div class=\"splide__slide\">\n                        <div class=\"content-box\">\n                            <div class=\"content\">\n                                <p>&#8220;Desde el primer contacto, los consultores de Haldren hicieron que el proceso fuera claro y sencillo. Comprendieron nuestros requisitos y nos presentaron candidatos que encajaban tanto con las necesidades t\u00e9cnicas como con la cultura del equipo.&#8221;<\/p>\n                            <\/div>\n                                                        <div class=\"name\">\n                                <strong>Marta R.<\/strong>, \n                                Director de RRHH                            <\/div>\n                                                    <\/div>\n                    <\/div>\n                                        <div class=\"splide__slide\">\n                        <div class=\"content-box\">\n                            <div class=\"content\">\n                                <p>&#8220;Haldren nos gui\u00f3 a trav\u00e9s de cada etapa con profesionalidad y asesoramiento experto. Sus consultores nos ayudaron a conseguir candidatos internacionales que ofrecieron resultados inmediatos a la vez que encajaban perfectamente en nuestra empresa.&#8221;<\/p>\n                            <\/div>\n                                                        <div class=\"name\">\n                                <strong>Josep L.<\/strong>, \n                                DIRECTOR DE OPERACIONES                            <\/div>\n                                                    <\/div>\n                    <\/div>\n                                        <div class=\"splide__slide\">\n                        <div class=\"content-box\">\n                            <div class=\"content\">\n                                <p>&#8220;Necesit\u00e1bamos contrataciones r\u00e1pidas pero no pod\u00edamos arriesgarnos a comprometer la calidad. Los reclutadores de Haldren nos proporcionaron acceso a profesionales excepcionales de todos los sectores con total discreci\u00f3n. Sus a\u00f1os de experiencia fueron evidentes en cada etapa&#8221;.<\/p>\n                            <\/div>\n                                                        <div class=\"name\">\n                                <strong>Ana S.<\/strong>, \n                                Director General                            <\/div>\n                                                    <\/div>\n                    <\/div>\n                                    <\/div>\n            <\/div>\n        <\/div>\n            <\/div>\n<\/div>","protected":false},"excerpt":{"rendered":"","protected":false},"author":10,"featured_media":0,"parent":166,"menu_order":0,"comment_status":"closed","ping_status":"closed","template":"","meta":{"_acf_changed":false,"footnotes":""},"class_list":["post-174","page","type-page","status-publish","hentry"],"acf":[],"lang":"es","translations":{"es":174},"jetpack_sharing_enabled":true,"pll_sync_post":[],"_links":{"self":[{"href":"https:\/\/www.haldren.com\/barcelona\/wp-json\/wp\/v2\/pages\/174","targetHints":{"allow":["GET"]}}],"collection":[{"href":"https:\/\/www.haldren.com\/barcelona\/wp-json\/wp\/v2\/pages"}],"about":[{"href":"https:\/\/www.haldren.com\/barcelona\/wp-json\/wp\/v2\/types\/page"}],"author":[{"embeddable":true,"href":"https:\/\/www.haldren.com\/barcelona\/wp-json\/wp\/v2\/users\/10"}],"replies":[{"embeddable":true,"href":"https:\/\/www.haldren.com\/barcelona\/wp-json\/wp\/v2\/comments?post=174"}],"version-history":[{"count":2,"href":"https:\/\/www.haldren.com\/barcelona\/wp-json\/wp\/v2\/pages\/174\/revisions"}],"predecessor-version":[{"id":196,"href":"https:\/\/www.haldren.com\/barcelona\/wp-json\/wp\/v2\/pages\/174\/revisions\/196"}],"up":[{"embeddable":true,"href":"https:\/\/www.haldren.com\/barcelona\/wp-json\/wp\/v2\/pages\/166"}],"wp:attachment":[{"href":"https:\/\/www.haldren.com\/barcelona\/wp-json\/wp\/v2\/media?parent=174"}],"curies":[{"name":"wp","href":"https:\/\/api.w.org\/{rel}","templated":true}]}}