{"id":167,"date":"2025-11-06T01:59:55","date_gmt":"2025-11-06T01:59:55","guid":{"rendered":"https:\/\/www.haldren.com\/berlin\/?page_id=167"},"modified":"2026-01-07T03:43:22","modified_gmt":"2026-01-07T03:43:22","slug":"suche-nach-fuhrungskraften","status":"publish","type":"page","link":"https:\/\/www.haldren.com\/berlin\/de\/talentwerving\/suche-nach-fuhrungskraften\/","title":{"rendered":"Suche nach F\u00fchrungskr\u00e4ften"},"content":{"rendered":"\n  <link rel=\"preload\" as=\"image\" href=\"https:\/\/www.haldren.com\/berlin\/wp-content\/uploads\/sites\/42\/2025\/10\/berlin-city-e1764148658987.webp\" fetchpriority=\"high\">\n  <style>\n    .inner-banner-section {\n      background-image: url('https:\/\/www.haldren.com\/berlin\/wp-content\/uploads\/sites\/42\/2025\/10\/berlin-city-e1764148658987.webp');\n      background-size: cover;\n      background-position: center;\n      background-repeat: no-repeat;\n    }\n\n    @media (max-width: 768px) {\n      .inner-banner-section {\n        background-image: url('https:\/\/www.haldren.com\/berlin\/wp-content\/uploads\/sites\/42\/2025\/10\/berlin-city-e1764148658987.webp');\n      }\n    }\n  <\/style>\n\n<div class=\"block-section inner-banner-section lazyload bg-sty section-gaps top-border-line\">\n  <div class=\"container-fluid\">\n    <div class=\"content-wrap\">\n      <h1 class=\"title\">\n        Executive Search Dienstleistungen in Berlin      <\/h1>\n      <span style=\"font-size: 18px;\">Unterst\u00fctzung von Berliner Unternehmen bei der Ernennung von F\u00fchrungskr\u00e4ften, die das Wachstum vorantreiben und die Strategie st\u00e4rken<\/span>\n    <\/div>\n  <\/div>\n<\/div>\n\n\n\n\n<div class=\"wp-block-custom-div-wrapper-block col-wrapper has-sidebar\"><div class=\"content-wrapper\" style=\"background-color:#002a26\">\n<div class=\"block-section section-gaps default-content-section \" \n     style=\"--text-color: #ffffff; --bg-color: #119084;\">\n    <div class=\"container\">\n        <div class=\"default-single-content-wrap\">\n            <div class=\"content-wrap\">\n                                    <h2>F\u00fchrendes Personalberatungsunternehmen in Berlin<\/h2>\n<p>Haldren steht f\u00fcr Integrit\u00e4t, Klarheit und zuverl\u00e4ssige Ergebnisse bei der Suche nach F\u00fchrungskr\u00e4ften in Berlin. Unsere Berater verbinden fundierte Kenntnisse in der Suche nach F\u00fchrungskr\u00e4ften mit der Verpflichtung zur Diskretion und begleiten Unternehmen durch alle Phasen des Rekrutierungsprozesses. Jedes Projekt wird sorgf\u00e4ltig gemanagt, so dass sowohl Klienten als auch Kandidaten Fairness, Vertraulichkeit und Professionalit\u00e4t erfahren.<\/p>\n<p>Wir gehen \u00fcber Standard-Personalberatungen hinaus, indem wir uns auf strukturierte Suchmethoden, langfristige kulturelle Passung und globale Reichweite konzentrieren. Von der Unterst\u00fctzung von Unternehmen bei der Besetzung von F\u00fchrungspositionen \u00fcber die Besetzung von Nischenpositionen bis hin zur Beratung von Gesch\u00e4ftsf\u00fchrern bei der F\u00fchrungsnachfolge passen wir unsere Arbeit an die besonderen Herausforderungen der Gesch\u00e4ftst\u00e4tigkeit in Deutschland an.<br \/>\n Haldren<\/p>\n<blockquote><p><strong>zeichnet sich in Berlin als ein Personalberatungspartner aus, dem man aufgrund seiner ethischen Praktiken, seiner Beratungskompetenz und seiner dauerhaften Besetzung vertraut.<\/strong><\/p><\/blockquote>\n<h2>Top-Tier Executive Search Firma in Berlin<\/h2>\n<p>Unser Ziel ist es, Berliner Unternehmen bei der Erreichung ihrer strategischen Ziele zu unterst\u00fctzen, indem wir sie mit F\u00fchrungskr\u00e4ften zusammenbringen, die eine messbare Wirkung erzielen. Die Suche nach F\u00fchrungskr\u00e4ften erfordert mehr als eine schnelle Besetzung &#8211; sie erfordert Fokus, Einsicht und ein Engagement f\u00fcr die St\u00e4rkung der Unternehmensf\u00fchrung. Unsere Berater sind in ganz Deutschland daf\u00fcr bekannt, dass sie Unternehmen als echte Partner bei dieser Arbeit unterst\u00fctzen.<\/p>\n<h4>Bewertung<\/h4>\n<p>Jeder Auftrag beginnt mit einer strukturierten Analyse der gesch\u00e4ftlichen Priorit\u00e4ten und Stellenanforderungen. Senior Consultants arbeiten mit Gesch\u00e4ftsf\u00fchrern zusammen, um F\u00fchrungsprofile zu erstellen, die nicht nur die fachlichen F\u00e4higkeiten, sondern auch die kulturelle Eignung, Motivation und Belastbarkeit widerspiegeln. Auf diese Weise stellen wir sicher, dass wir die idealen Kandidaten identifizieren, die langfristig erfolgreich sein k\u00f6nnen.<\/p>\n<h4>Talentakquise<\/h4>\n<p>Wir verf\u00fcgen \u00fcber ein ausgezeichnetes Netzwerk von Branchenf\u00fchrern, internationalen Partnern und Unternehmenskontakten, das uns den Zugang zu potenziellen Kandidaten weit \u00fcber Stellenausschreibungen hinaus erm\u00f6glicht. Mit einer Mischung aus diskretem Headhunting, traditionellen Rekrutierungstechniken und gezielter digitaler Ansprache stellen wir immer wieder Top-F\u00fchrungskr\u00e4fte vor, die f\u00fcr den Erfolg in Berlin geeignet sind.<\/p>\n<h4>Organisatorische Transformation<\/h4>\n<p>Executive Search endet nicht mit der Vermittlung. Wir unterst\u00fctzen unsere Klienten mit Referenzchecks, Nachfolgeplanung und Leadership Assessments, um Stabilit\u00e4t bei Ver\u00e4nderungen zu gew\u00e4hrleisten. Auf diese Weise bleiben wir eine Personalberatung, die weit \u00fcber die Erstbesetzung hinaus zu einer exzellenten Organisation beitr\u00e4gt.<\/p>\n<h2>Unser Ansatz f\u00fcr Executive Search Services<\/h2>\n<p>Effektives Executive Search in Berlin ist gepr\u00e4gt von Zuh\u00f6ren, Analyse und Struktur. Unsere Berater beginnen mit Informationsgespr\u00e4chen, um die Unternehmenskultur, die personellen Herausforderungen und die strategischen Ziele zu verstehen. Daraufhin erstellen wir detaillierte Kandidaten-Scorecards, die F\u00fchrungskompetenzen, Branchenkenntnisse und Pers\u00f6nlichkeitsmerkmale enthalten, die auf die zu besetzende Stelle abgestimmt sind.<\/p>\n<p>Der Suchprozess l\u00e4uft dann Schritt f\u00fcr Schritt ab: Marktanalyse, Sourcing, Evaluierung, Auswahllisten, strukturierte Interviews und Unterst\u00fctzung beim Onboarding. Unsere Personalvermittler verfolgen einen ausgewogenen Ansatz, bei dem sie traditionelles Executive Recruiting mit modernen Methoden wie digitalen Kampagnen, diskreten Stellenausschreibungen und Social Media Outreach kombinieren. Dies hilft, sowohl aktive Kandidaten als auch versteckte F\u00fchrungskr\u00e4fte zu identifizieren.<\/p>\n<p>Wir bewerten nicht nur fachliche Qualifikationen. Psychometrische Tests, strukturierte Interviews und gr\u00fcndliche Referenzpr\u00fcfungen helfen uns, Kandidaten vorzustellen, die nicht nur qualifiziert, sondern auch in der Lage sind, Teams zu f\u00fchren und einen Beitrag zur langfristigen Strategie zu leisten. Gehaltsbenchmarks und motivierende Einblicke sind in jeder Auswahlliste enthalten, um eine sichere Entscheidungsfindung zu erm\u00f6glichen.<\/p>\n<p>Im Vergleich zu herk\u00f6mmlichen Personalvermittlungsdiensten ist unsere Methode umfassend, ethisch und ergebnisorientiert. Durch die Betonung von kultureller Passung, Vielfalt und nachhaltigen Ergebnissen stellen wir sicher, dass Berliner Unternehmen F\u00fchrungskr\u00e4fte finden, die den unmittelbaren Gesch\u00e4ftsbedarf und den langfristigen Erfolg in ganz Deutschland unterst\u00fctzen.<\/p>\n<h2>Unsere Expertise als f\u00fchrende Berliner Executive Recruiter<\/h2>\n<p>Unsere Personalberater kombinieren praktische Erfahrung, Branchenkenntnis und eine internationale Perspektive, um Executive Search-Ergebnisse zu erzielen, die Unternehmen st\u00e4rken. Jeder Senior Consultant bei Haldren hat eng mit Gesch\u00e4ftsf\u00fchrern und Unternehmenspartnern zusammengearbeitet und so Einblicke in die Besetzung von F\u00fchrungspositionen in verschiedenen Branchen gewonnen.<\/p>\n<p>Wir passen uns schnell an, h\u00f6ren uns die Ziele unserer Kunden an und stimmen unseren Rekrutierungsprozess auf den jeweiligen Kontext ab. Unabh\u00e4ngig davon, ob es sich um die Besetzung von F\u00fchrungspositionen in hochrangigen Unternehmen oder um die Rekrutierung von Nischenfunktionen handelt, konzentrieren wir uns auf Vertraulichkeit, Professionalit\u00e4t und Ergebnisse.<\/p>\n<h4>Einige Bereiche, auf die wir uns spezialisiert haben<\/h4>\n<p>Wir unterst\u00fctzen Unternehmen aus allen Branchen, einschlie\u00dflich Finanzwesen, Logistik, Gesundheitswesen, Technologie, Beh\u00f6rden und freiberufliche Dienstleistungen in Berlin. Jede Branche stellt andere Anforderungen, und unsere Personalberater passen ihre Vorgehensweise entsprechend an. Unser Fokus liegt stets darauf, geeignete Kandidaten vorzustellen, die sowohl unmittelbare als auch langfristige Ziele erreichen k\u00f6nnen.<\/p>\n<h4>Beispiele f\u00fcr Rollen, f\u00fcr die wir rekrutieren<\/h4>\n<p>Unsere Arbeit umfasst F\u00fchrungspositionen wie C-Suite Executives, Gesch\u00e4ftsf\u00fchrer, Senior Consultants und Direktoren in wichtigen Unternehmensfunktionen. Wir identifizieren auch Kandidaten f\u00fcr spezialisierte Gesch\u00e4ftsbereiche in den Bereichen Finanzen, Personal, Vertrieb und Operations.<\/p>\n<blockquote><p><strong>Wenn Sie erfahrene Unterst\u00fctzung bei der Einstellung von F\u00fchrungskr\u00e4ften in Berlin suchen, kontaktieren Sie Haldren noch heute, um zu besprechen, wie wir Ihnen helfen k\u00f6nnen, die besten Talente f\u00fcr Ihr Unternehmen zu gewinnen.<\/strong><\/p><\/blockquote>\n<h2>Warum Haldren einen ma\u00dfgeschneiderten Ansatz zur Rekrutierung verwendet<\/h2>\n<p>Standard-Rekrutierung st\u00fctzt sich oft stark auf Stellenausschreibungen und Lebensl\u00e4ufe, aber wir wissen, dass die Einstellung von F\u00fchrungskr\u00e4ften mehr Nuancen erfordert. Jede Besetzung einer F\u00fchrungsposition ist anders, und so behandeln wir sie auch.<\/p>\n<p>Einer unserer Berater erinnert sich an die Arbeit mit einem Berliner Unternehmen, bei dem die allgemeine Personalbeschaffung keine Top-F\u00fchrungskr\u00e4fte hervorgebracht hatte. Nachdem wir den Suchprozess neu bewertet, versteckte Herausforderungen identifiziert und die Reichweite unseres globalen Netzwerks erweitert hatten, pr\u00e4sentierten wir Kandidaten, die perfekt zur Kultur und den strategischen Zielen des Unternehmens passten. Diese Erfahrung hat uns in unserer \u00dcberzeugung best\u00e4rkt, dass personalisierte Strategien zu weitaus besseren Ergebnissen f\u00fchren.<\/p>\n<p>Aus diesem Grund passen unsere Berater jeden Executive-Search-Auftrag individuell an, indem sie die globale Reichweite mit detaillierten Bewertungen ausgleichen. Auf diese Weise stellen wir sicher, dass Unternehmen Zugang zu F\u00fchrungskr\u00e4ften erhalten, die in der Lage sind, Teams zu f\u00fchren, die Unternehmenskultur zu st\u00e4rken und den Gesch\u00e4ftserfolg f\u00fcr die kommenden Jahre zu sichern.<\/p>\n<h2>Warum sollten Sie Haldren f\u00fcr Executive Search Services w\u00e4hlen?<\/h2>\n<p>Executive Search beruht auf Vertrauen. Unsere Kunden in Berlin verlassen sich darauf, dass wir vertrauliche Prozesse steuern, mit sensiblen Informationen sorgf\u00e4ltig umgehen und nur Kandidaten pr\u00e4sentieren, die den strategischen Zielen entsprechen.<\/p>\n<p>Unser Ruf beruht auf Professionalit\u00e4t, Vertraulichkeit und nachhaltigen Ergebnissen. Wir legen Wert auf Transparenz in jeder Phase, von der ersten Beurteilung \u00fcber die Interviews bis zur endg\u00fcltigen Vermittlung. Unsere Berater kennen die Branchen in ganz Deutschland, Gehaltsbenchmarks und kulturelle Erwartungen, so dass sie Unternehmen pr\u00e4zise unterst\u00fctzen k\u00f6nnen.<\/p>\n<p>Mit einem exzellenten Netzwerk und einer echten globalen Reichweite k\u00f6nnen wir bei Bedarf potenzielle Kandidaten weit \u00fcber Deutschland hinaus identifizieren. Durch die Kombination von internationalem Zugang und fundierten Kenntnissen des Berliner Marktes vermitteln wir F\u00fchrungskr\u00e4fte, die die Unternehmenskultur st\u00e4rken und messbare Ergebnisse erzielen k\u00f6nnen.<\/p>\n<blockquote><p><strong>Wenn Ihr Unternehmen bereit ist, mit einer Personalberatung zusammenzuarbeiten, die f\u00fcr Diskretion, Fachwissen und zuverl\u00e4ssige Ergebnisse bekannt ist, wenden Sie sich noch heute an Haldren, um Ihre Suche nach F\u00fchrungskr\u00e4ften zu beginnen.<\/strong><\/p><\/blockquote>\n                            <\/div>\n        <\/div>\n    <\/div>\n<\/div>\n\n<div class=\"block-section accordion-main-section \">\n    <div class=\"container\">    \n                <div class=\"accordion-faqs\">\n            <h2 class=\"m-title\">Frequently Asked Questions (FAQs)<\/h2>\n                        <div class=\"item\">\n                <h3>Welche Ma\u00dfnahmen ergreifen Sie, um die Suche vertraulich zu halten?<\/h3>\n                <div class=\"faq-content\"><p>Die gesamte Kommunikation wird von erfahrenen Beratern geleitet. Sowohl die Angaben zu den Bewerbern als auch die Kundeninformationen bleiben w\u00e4hrend des gesamten Einstellungsverfahrens vertraulich.<\/p>\n<\/div>\n            <\/div>\n                        <div class=\"item\">\n                <h3>Wie unterscheidet sich die Suche nach F\u00fchrungskr\u00e4ften von der traditionellen Personalbeschaffung?<\/h3>\n                <div class=\"faq-content\"><p>Die Suche nach F\u00fchrungskr\u00e4ften konzentriert sich auf F\u00fchrungspositionen und leitende Angestellte. Sie umfasst strukturierte Beurteilungen, eine internationale Reichweite und eine diskrete Suche, statt sich auf \u00f6ffentliche Stellenausschreibungen zu verlassen.<\/p>\n<\/div>\n            <\/div>\n                        <div class=\"item\">\n                <h3>Wie werden die Kunden in den Prozess einbezogen?<\/h3>\n                <div class=\"faq-content\"><p>Die Kunden arbeiten bei der Definition der Stellenanforderungen, der Pr\u00fcfung der Auswahllisten und der Durchf\u00fchrung der abschlie\u00dfenden Gespr\u00e4che eng zusammen. Wir \u00fcbernehmen die Beschaffung, Zuordnung und Bewertung, um den Prozess zu optimieren.<\/p>\n<\/div>\n            <\/div>\n                        <div class=\"item\">\n                <h3>Bieten Sie Unterst\u00fctzung an, sobald eine F\u00fchrungskraft ernannt ist?<\/h3>\n                <div class=\"faq-content\"><p>Ja. Wir stehen weiterhin f\u00fcr Nachfassaktionen, Referenzpr\u00fcfungen und Nachfolgeplanung zur Verf\u00fcgung. Unser Engagement gilt einer langfristigen Partnerschaft, nicht nur einer einmaligen Vermittlung.<\/p>\n<\/div>\n            <\/div>\n                    <\/div>\n            <\/div>\n<\/div><\/div><div class=\"sidebar-wrapper\">\n<div class=\"wpcf7 no-js\" id=\"wpcf7-f40-o1\" lang=\"\" dir=\"ltr\" data-wpcf7-id=\"40\">\n<div class=\"screen-reader-response\"><p role=\"status\" aria-live=\"polite\" aria-atomic=\"true\"><\/p> <ul><\/ul><\/div>\n<form action=\"\/berlin\/wp-json\/wp\/v2\/pages\/167#wpcf7-f40-o1\" method=\"post\" class=\"wpcf7-form init\" aria-label=\"Contact form\" enctype=\"multipart\/form-data\" novalidate=\"novalidate\" data-status=\"init\">\n<fieldset class=\"hidden-fields-container\"><input type=\"hidden\" name=\"_wpcf7\" value=\"40\" \/><input type=\"hidden\" name=\"_wpcf7_version\" value=\"6.1.5\" \/><input type=\"hidden\" name=\"_wpcf7_locale\" value=\"\" \/><input type=\"hidden\" name=\"_wpcf7_unit_tag\" value=\"wpcf7-f40-o1\" \/><input type=\"hidden\" name=\"_wpcf7_container_post\" value=\"0\" \/><input type=\"hidden\" name=\"_wpcf7_posted_data_hash\" value=\"\" \/>\n<\/fieldset>\n<input class=\"wpcf7-form-control wpcf7-hidden\" id=\"utm_source\" value=\"\" type=\"hidden\" name=\"utm_source\" \/>\n<input class=\"wpcf7-form-control wpcf7-hidden\" id=\"utm_medium\" value=\"\" type=\"hidden\" name=\"utm_medium\" \/>\n<input class=\"wpcf7-form-control wpcf7-hidden\" id=\"sideform_user_country\" value=\"\" type=\"hidden\" name=\"userCountry\" \/>\n<div class=\"form-grid-layout\">\n\t<div class=\"form-title\">\n\t\t<h2 class=\"title\">Thrive with Top Talent<br \/>\n- No Upfronts Fees\n\t\t<\/h2>\n\t\t<p>Have it easier with video interview clips and a candidate shortlist within 2-3 weeks\n\t\t<\/p>\n\t<\/div>\n\t<div class=\"input-field\">\n\t\t<p><label for=\"\">Name<\/label><br \/>\n<span class=\"wpcf7-form-control-wrap\" data-name=\"full-Name\"><input size=\"40\" maxlength=\"400\" class=\"wpcf7-form-control wpcf7-text wpcf7-validates-as-required\" aria-required=\"true\" aria-invalid=\"false\" value=\"\" type=\"text\" name=\"full-Name\" \/><\/span>\n\t\t<\/p>\n\t<\/div>\n\t<div class=\"input-field\">\n\t\t<p><label for=\"\">Email Address<\/label><br \/>\n<span class=\"wpcf7-form-control-wrap\" data-name=\"email-address\"><input size=\"40\" maxlength=\"400\" class=\"wpcf7-form-control wpcf7-email wpcf7-validates-as-required wpcf7-text wpcf7-validates-as-email\" aria-required=\"true\" aria-invalid=\"false\" value=\"\" type=\"email\" name=\"email-address\" \/><\/span>\n\t\t<\/p>\n\t<\/div>\n\t<div class=\"input-field\">\n\t\t<p><label for=\"\">Company<\/label><br \/>\n<span class=\"wpcf7-form-control-wrap\" data-name=\"company\"><input size=\"40\" maxlength=\"400\" class=\"wpcf7-form-control wpcf7-text\" aria-invalid=\"false\" value=\"\" type=\"text\" name=\"company\" \/><\/span>\n\t\t<\/p>\n\t<\/div>\n\t<div class=\"radiobox-field\">\n\t\t<p><span class=\"wpcf7-form-control-wrap\" data-name=\"radio-721company-status\"><span class=\"wpcf7-form-control wpcf7-radio\"><span class=\"wpcf7-list-item first\"><label><input type=\"radio\" name=\"radio-721company-status\" value=\"{Employer}\" \/><span class=\"wpcf7-list-item-label\">Employer<\/span><\/label><\/span><span class=\"wpcf7-list-item last\"><label><input type=\"radio\" name=\"radio-721company-status\" value=\"{Candidate}\" \/><span class=\"wpcf7-list-item-label\">Candidate<\/span><\/label><\/span><\/span><\/span>\n\t\t<\/p>\n\t<\/div>\n\t<div class=\"input-field\">\n\t\t<p><span class=\"wpcf7-form-control-wrap\" data-name=\"file-upload\"><input size=\"40\" class=\"wpcf7-form-control wpcf7-file\" accept=\".pdf\" aria-invalid=\"false\" type=\"file\" name=\"file-upload\" \/><\/span>\n\t\t<\/p>\n\t<\/div>\n\t<div class=\"textarea-field\">\n\t\t<p><label for=\"\">How can we help you?<\/label><br \/>\n<span class=\"wpcf7-form-control-wrap\" data-name=\"message\"><textarea cols=\"40\" rows=\"10\" maxlength=\"2000\" class=\"wpcf7-form-control wpcf7-textarea\" aria-invalid=\"false\" name=\"message\"><\/textarea><\/span>\n\t\t<\/p>\n\t<\/div>\n\t<p><span id=\"wpcf7-69fc8b9c505ef-wrapper\" class=\"wpcf7-form-control-wrap nickname-wrap\" ><input id=\"wpcf7-69fc8b9c505ef-field\"  class=\"wpcf7-form-control wpcf7-text\" type=\"text\" name=\"nickname\" value=\"\" size=\"40\" tabindex=\"-1\" autocomplete=\"off\" \/><\/span>\n\t<\/p>\n\t<div class=\"form-term\">\n\t\t<p>Submission of this form means you have agreed to our <a href=\"\/privacy-policy\/\" title=\"\">Privacy Policy<\/a> and <a href=\"\/terms-of-service\/\" title=\"\">Terms Conditions<\/a>\n\t\t<\/p>\n\t<\/div>\n\t<div class=\"submit-btn\">\n\t\t<p><input class=\"wpcf7-form-control wpcf7-submit has-spinner btn-box\" type=\"submit\" value=\"Get in Touch\" \/>\n\t\t<\/p>\n\t<\/div>\n<\/div><div class=\"wpcf7-response-output\" aria-hidden=\"true\"><\/div>\n<\/form>\n<\/div>\n<\/div><\/div>\n\n\n<div class=\"block-section client-reviews-slider \" style=\"background-color: #119084\">  \n    <div class=\"container\">\n                <div class=\"splide client-slider\">\n            <div class=\"splide__track\">\n                <div class=\"splide__list\">\n                                        <div class=\"splide__slide\">\n                        <div class=\"content-box\">\n                            <div class=\"content\">\n                                <p>&#8220;Haldren hat w\u00e4hrend des gesamten Prozesses mit Diskretion und Professionalit\u00e4t gearbeitet. Sie haben unsere gesch\u00e4ftlichen Herausforderungen verstanden und uns Kandidaten vorgestellt, die sowohl fachlich als auch kulturell zu uns passten.&#8221;<\/p>\n                            <\/div>\n                                                        <div class=\"name\">\n                                <strong>Daniel F.<\/strong>, \n                                Gesch\u00e4ftsf\u00fchrender Direktor                            <\/div>\n                                                    <\/div>\n                    <\/div>\n                                        <div class=\"splide__slide\">\n                        <div class=\"content-box\">\n                            <div class=\"content\">\n                                <p>&#8220;Die Berater von Haldren waren gr\u00fcndlich in ihrer Beurteilung und transparent in ihrer Kommunikation. Sie pr\u00e4sentierten Top-F\u00fchrungskr\u00e4fte, die mit unseren strategischen Zielen \u00fcbereinstimmten.&#8221;<\/p>\n                            <\/div>\n                                                        <div class=\"name\">\n                                <strong>Johanna W.<\/strong>, \n                                Senior Berater                            <\/div>\n                                                    <\/div>\n                    <\/div>\n                                        <div class=\"splide__slide\">\n                        <div class=\"content-box\">\n                            <div class=\"content\">\n                                <p>&#8220;Wir hatten in Berlin dringend offene Stellen zu besetzen, und Haldren hat uns sofort unterst\u00fctzt. Ihre Personalvermittler gingen noch einen Schritt weiter und brachten uns mit F\u00fchrungskr\u00e4ften aus dem In- und Ausland zusammen, die f\u00fcr Stabilit\u00e4t und langfristige Wirkung sorgten.&#8221;<\/p>\n                            <\/div>\n                                                        <div class=\"name\">\n                                <strong>Matthias K.<\/strong>, \n                                Direktor des Unternehmens                            <\/div>\n                                                    <\/div>\n                    <\/div>\n                                    <\/div>\n            <\/div>\n        <\/div>\n            <\/div>\n<\/div>","protected":false},"excerpt":{"rendered":"","protected":false},"author":10,"featured_media":0,"parent":162,"menu_order":0,"comment_status":"closed","ping_status":"closed","template":"","meta":{"_acf_changed":false,"footnotes":""},"class_list":["post-167","page","type-page","status-publish","hentry"],"acf":[],"lang":"de","translations":{"de":167,"en":59},"jetpack_sharing_enabled":true,"pll_sync_post":[],"_links":{"self":[{"href":"https:\/\/www.haldren.com\/berlin\/wp-json\/wp\/v2\/pages\/167","targetHints":{"allow":["GET"]}}],"collection":[{"href":"https:\/\/www.haldren.com\/berlin\/wp-json\/wp\/v2\/pages"}],"about":[{"href":"https:\/\/www.haldren.com\/berlin\/wp-json\/wp\/v2\/types\/page"}],"author":[{"embeddable":true,"href":"https:\/\/www.haldren.com\/berlin\/wp-json\/wp\/v2\/users\/10"}],"replies":[{"embeddable":true,"href":"https:\/\/www.haldren.com\/berlin\/wp-json\/wp\/v2\/comments?post=167"}],"version-history":[{"count":1,"href":"https:\/\/www.haldren.com\/berlin\/wp-json\/wp\/v2\/pages\/167\/revisions"}],"predecessor-version":[{"id":170,"href":"https:\/\/www.haldren.com\/berlin\/wp-json\/wp\/v2\/pages\/167\/revisions\/170"}],"up":[{"embeddable":true,"href":"https:\/\/www.haldren.com\/berlin\/wp-json\/wp\/v2\/pages\/162"}],"wp:attachment":[{"href":"https:\/\/www.haldren.com\/berlin\/wp-json\/wp\/v2\/media?parent=167"}],"curies":[{"name":"wp","href":"https:\/\/api.w.org\/{rel}","templated":true}]}}