{"id":171,"date":"2025-11-06T02:01:01","date_gmt":"2025-11-06T02:01:01","guid":{"rendered":"https:\/\/www.haldren.com\/berlin\/?page_id=171"},"modified":"2026-01-07T03:42:38","modified_gmt":"2026-01-07T03:42:38","slug":"interim-management","status":"publish","type":"page","link":"https:\/\/www.haldren.com\/berlin\/de\/talentwerving\/interim-management\/","title":{"rendered":"Interim Management"},"content":{"rendered":"\n  <link rel=\"preload\" as=\"image\" href=\"https:\/\/www.haldren.com\/berlin\/wp-content\/uploads\/sites\/42\/2025\/10\/berlin-city-e1764148658987.webp\" fetchpriority=\"high\">\n  <style>\n    .inner-banner-section {\n      background-image: url('https:\/\/www.haldren.com\/berlin\/wp-content\/uploads\/sites\/42\/2025\/10\/berlin-city-e1764148658987.webp');\n      background-size: cover;\n      background-position: center;\n      background-repeat: no-repeat;\n    }\n\n    @media (max-width: 768px) {\n      .inner-banner-section {\n        background-image: url('https:\/\/www.haldren.com\/berlin\/wp-content\/uploads\/sites\/42\/2025\/10\/berlin-city-e1764148658987.webp');\n      }\n    }\n  <\/style>\n\n<div class=\"block-section inner-banner-section lazyload bg-sty section-gaps top-border-line\">\n  <div class=\"container-fluid\">\n    <div class=\"content-wrap\">\n      <h1 class=\"title\">\n        Interim Management Dienstleistungen in Berlin      <\/h1>\n      <span style=\"font-size: 18px;\">Wir unterst\u00fctzen Berliner Unternehmen mit Interim-Managern, die Stabilit\u00e4t, Einblick und schnelle Wirkung bieten.<\/span>\n    <\/div>\n  <\/div>\n<\/div>\n\n\n\n\n<div class=\"wp-block-custom-div-wrapper-block col-wrapper has-sidebar\"><div class=\"content-wrapper\" style=\"background-color:#002a26\">\n<div class=\"block-section section-gaps default-content-section \" \n     style=\"--text-color: #ffffff; --bg-color: #119084;\">\n    <div class=\"container\">\n        <div class=\"default-single-content-wrap\">\n            <div class=\"content-wrap\">\n                                    <h2>F\u00fchrende Interim Management Firma in Berlin<\/h2>\n<p>Wir bieten Interim-Management-Dienstleistungen in Berlin mit Professionalit\u00e4t, Diskretion und umfassender Erfahrung. Unsere Berater verf\u00fcgen \u00fcber langj\u00e4hrige Erfahrung im Executive Search und in der Beratung und unterst\u00fctzen bundesweit Unternehmen, die kurzfristig Interim Manager ben\u00f6tigen. Wir arbeiten mit Kunden zusammen, die vor dringenden Herausforderungen stehen: von der kurzfristigen \u00dcberbr\u00fcckung von Vakanzen \u00fcber die \u00dcbernahme von Managementaufgaben auf Zeit bis hin zur Sicherung von externem Know-how zur Stabilisierung des operativen Gesch\u00e4fts.<\/p>\n<p>Jeder Auftrag wird vertraulich, mit klaren Prozessen und unter Ber\u00fccksichtigung der fachlichen und menschlichen Qualit\u00e4ten abgewickelt. Wir bewerten nicht nur das Fachwissen, sondern auch die F\u00e4higkeit, Teams zu f\u00fchren, Verantwortung zu \u00fcbernehmen und zu einer nachhaltigen Entwicklung beizutragen. Dank unserer globalen Reichweite und unserer profunden Kenntnis des Berliner Marktes helfen wir Unternehmen, Interim Manager zu finden, die schnell reagieren und Ergebnisse liefern.<br \/>\n Haldren<\/p>\n<blockquote><p><strong>genie\u00dft in Berlin Vertrauen f\u00fcr Interim Management-Angebote, die sich durch Ethik, Kompetenz und messbare Ergebnisse auszeichnen.<\/strong><\/p><\/blockquote>\n<h2>Top-Tier Executive Search Firma in Berlin<\/h2>\n<p>Unsere Arbeit im Interim Management basiert auf einem einfachen Prinzip: In schwierigen Situationen kommt es vor allem auf F\u00fchrung an. Von Interim Managern wird mehr erwartet als kurzfristige Kontrolle. Sie m\u00fcssen Prozesse st\u00e4rken, Risiken reduzieren und Organisationen auf zuk\u00fcnftiges Wachstum vorbereiten. Mit strukturierten Rekrutierungsmethoden und einem beratungsgeleiteten Ansatz bieten wir Interim-Management-Angebote, die Unternehmen in ganz Deutschland den Zugang zu handlungsf\u00e4higen F\u00fchrungskr\u00e4ften sichern.<\/p>\n<h4>Bewertung<\/h4>\n<p>Wir beginnen mit einer gr\u00fcndlichen \u00dcberpr\u00fcfung der Bed\u00fcrfnisse des Unternehmens, der Anforderungen an die Rolle und der kulturellen Bedingungen. Darauf aufbauend erstellen wir ein Kandidatenprofil, das nicht nur die Erfahrung, sondern auch die Motivation, die Pers\u00f6nlichkeit und die Arbeitsmoral ber\u00fccksichtigt. So stellen wir sicher, dass Interim Manager f\u00fcr anspruchsvolle Aufgaben ger\u00fcstet sind.<\/p>\n<h4>Talent-Akquisition<\/h4>\n<p>Durch unsere starken Netzwerke in Deutschland und Europa haben wir Zugang zu hochqualifizierten Kandidaten, die schnell in Positionen einsteigen k\u00f6nnen. Wir nutzen sowohl traditionelle Rekrutierungsinstrumente als auch moderne Suchmethoden, um Unternehmen mit F\u00fchrungskr\u00e4ften zusammenzubringen, die in der Lage sind, unmittelbare Herausforderungen zu bew\u00e4ltigen und gleichzeitig die Entwicklung voranzutreiben.<\/p>\n<h4>Organisatorische Transformation<\/h4>\n<p>Wir gehen \u00fcber die Besetzung von Vakanzen hinaus. Unsere Berater beraten bei der Nachfolgeplanung, der Organisationsentwicklung und der Schulung von F\u00fchrungskr\u00e4ften. Neben der Besetzung von Interimspositionen bieten wir weitere Informationen und Unterst\u00fctzung, um Unternehmen bei der St\u00e4rkung ihrer langfristigen Widerstandsf\u00e4higkeit zu helfen.<\/p>\n<h2>Unser Ansatz f\u00fcr Interim Management<\/h2>\n<p>Interim Management erfordert mehr als Schnelligkeit &#8211; es verlangt Struktur, Klarheit und Vertrauen. Bei Haldren beginnen wir mit einer Bestandsaufnahme, bei der wir uns die Priorit\u00e4ten, Herausforderungen und Risiken unserer Kunden genau anh\u00f6ren. Auf dieser Grundlage definieren wir eine Rollen-Scorecard, die die Basis f\u00fcr die Kandidatenauswahl bildet und die technischen F\u00e4higkeiten, die F\u00fchrungsqualit\u00e4ten und die kulturelle Passung beschreibt.<\/p>\n<p>Anschlie\u00dfend suchen wir Kandidaten mit Hilfe bew\u00e4hrter Suchmethoden, moderner Rekrutierungsplattformen und gezielter Ansprache. Dabei werden sowohl aktive Bewerber als auch erfahrene Fachleute, die f\u00fcr Interimspositionen offen sind, ber\u00fccksichtigt. Strukturierte Interviews, psychometrische Tests und sorgf\u00e4ltige Beurteilungen grenzen das Feld auf die st\u00e4rksten Optionen ein.<\/p>\n<p>Kunden erhalten detaillierte Kandidatenprofile, die eine fundierte \u00dcberpr\u00fcfung des F\u00fchrungsstils, des beruflichen Hintergrunds und der relevanten Leistungen erm\u00f6glichen. Nach der Auswahl unterst\u00fctzen wir das Onboarding, um sicherzustellen, dass sich der Interim Manager reibungslos in die Teams und Prozesse integriert. Unsere Berater bleiben ein fester Ansprechpartner, der w\u00e4hrend des gesamten Einsatzes zus\u00e4tzliche Ressourcen und Ratschl\u00e4ge zur Verf\u00fcgung stellt.<\/p>\n<p>Was uns von anderen unterscheidet, ist unser Bestehen auf Qualit\u00e4t bei Zeitarbeitsl\u00f6sungen. W\u00e4hrend sich viele Agenturen darauf konzentrieren, einfach nur offene Stellen zu besetzen, stellen wir sicher, dass jeder Einsatz die Kontrolle st\u00e4rkt, Risiken minimiert und die zuk\u00fcnftige Entwicklung unterst\u00fctzt.<\/p>\n<h2>Unsere Expertise als f\u00fchrende Berliner Personalberatung<\/h2>\n<p>Unsere Berater verf\u00fcgen \u00fcber umfangreiche Erfahrungen in den Bereichen Executive Search, Personalberatung und Interim Management. Wir verstehen die Dringlichkeit, mit der Unternehmen konfrontiert sind, wenn kritische Positionen schnell, aber verantwortungsvoll besetzt werden m\u00fcssen. Um dieser Herausforderung gerecht zu werden, investiert unser Team in kontinuierliche Weiterbildung, F\u00fchrungsbeurteilung und fortschrittliche Rekrutierungsprozesse.<\/p>\n<p>Wir passen uns an jeden Fall an und wenden die Erfahrungen aus jahrelanger Beratung von Unternehmen in ganz Deutschland an. Diese Anpassungsf\u00e4higkeit, kombiniert mit Vertraulichkeit und ethischen Standards, hat Haldren zu einem zuverl\u00e4ssigen Partner f\u00fcr Interim Management in Berlin gemacht.<\/p>\n<h4>Einige Bereiche, auf die wir uns spezialisiert haben<\/h4>\n<p>Wir unterst\u00fctzen Unternehmen in den Bereichen Finanzen, Gesundheitswesen, Logistik, Technologie und Konsumg\u00fcter. Ganz gleich, ob Unternehmen Interim-Manager zur Stabilisierung des Gesch\u00e4ftsbetriebs, zur Leitung von Transformationen oder zur \u00dcberbr\u00fcckung kurzfristiger Vakanzen ben\u00f6tigen, wir stellen sicher, dass die richtige Expertise zur Verf\u00fcgung steht.<\/p>\n<h4>Beispiele f\u00fcr Rollen, f\u00fcr die wir rekrutieren<\/h4>\n<p>Wir ernennen Interim-Manager f\u00fcr Positionen wie Finanzdirektoren, Personalleiter, Betriebsleiter und leitende Projektmanager. Dar\u00fcber hinaus besetzen wir bei Bedarf Interimspositionen f\u00fcr F\u00fchrungskr\u00e4fte wie Gesch\u00e4ftsf\u00fchrer und CEOs.<\/p>\n<p>Um mehr \u00fcber die von uns in Berlin betreuten Positionen zu erfahren, kontaktieren Sie bitte noch heute Haldren. Unsere Berater stehen Ihnen gerne f\u00fcr weitere Informationen zur Verf\u00fcgung.<\/p>\n<h2>Warum Haldren einen ma\u00dfgeschneiderten Ansatz f\u00fcr die Rekrutierung verwendet<\/h2>\n<p>Jeder Fall von Interim Management ist anders. Ein Unternehmen ben\u00f6tigt eine Interim-F\u00fchrungskraft, um die Finanzprozesse zu stabilisieren, ein anderes braucht jemanden, der ein Team w\u00e4hrend einer Umstrukturierung entwickelt. Ein Einheitsansatz kann diesen individuellen Bedingungen nicht gerecht werden.<\/p>\n<p>Unsere Berater bieten Beratung, die auf praktischen Erfahrungen beruht. In einem Fall war es wichtig, eine Stelle schnell zu besetzen, aber durch eine gr\u00fcndliche Pr\u00fcfung der Kandidaten konnten wir Risiken vermeiden, die zu langfristigen Problemen h\u00e4tten f\u00fchren k\u00f6nnen. Erfahrungen wie diese machen deutlich, warum strukturierte Beurteilungen und eine klare Kommunikation unverzichtbar sind.<\/p>\n<p>Durch die individuelle Anpassung jeder Suche stellen wir sicher, dass Interim Manager in der Lage sind, sofortige Ergebnisse zu liefern, ohne dabei Abstriche bei der Qualit\u00e4t zu machen. Wir konzentrieren uns auf schnelle und dauerhafte L\u00f6sungen, die sowohl dringende Bed\u00fcrfnisse als auch nachhaltiges Wachstum unterst\u00fctzen.<\/p>\n<h2>Warum Haldren f\u00fcr Interim Management w\u00e4hlen?<\/h2>\n<p>Interim Management erfordert Vertrauen. Bei Haldren stehen Vertraulichkeit, ethisches Recruiting und Respekt gegen\u00fcber Unternehmen und Kandidaten an erster Stelle. Dank unserer globalen Reichweite und unserer lokalen Erfahrung k\u00f6nnen wir Interim Manager schnell identifizieren und gleichzeitig sicherstellen, dass sie die richtigen F\u00fchrungsqualit\u00e4ten und menschlichen Qualit\u00e4ten mitbringen.<\/p>\n<p>Unser Ruf in Berlin und in ganz Deutschland beruht auf Zuverl\u00e4ssigkeit und langfristigen Partnerschaften. Wir sind daf\u00fcr bekannt, dass wir schnell reagieren, Prozesse pr\u00e4zise steuern und unsere Kunden w\u00e4hrend des gesamten Interim-Einsatzes unterst\u00fctzen. Von der Bereitstellung zus\u00e4tzlicher Ressourcen bis hin zur Beratung bei der Organisationsentwicklung bleiben wir engagiert, bis die Aufgabe erfolgreich abgeschlossen ist.<\/p>\n<p>Unsere Kunden entscheiden sich nicht nur f\u00fcr uns, weil wir offene Stellen besetzen, sondern weil wir ihnen helfen, Stabilit\u00e4t zu erhalten, Risiken zu kontrollieren und Zukunftschancen zu entwickeln.<\/p>\n<blockquote><p><strong>Wenn Sie Interim Management in Berlin in Erw\u00e4gung ziehen, kontaktieren Sie Haldren noch heute. Unser Team w\u00fcrde sich freuen, Ihre Bed\u00fcrfnisse zu besprechen und Ihnen Kandidaten vorzustellen, die Ergebnisse liefern k\u00f6nnen.<\/strong><\/p><\/blockquote>\n                            <\/div>\n        <\/div>\n    <\/div>\n<\/div>\n\n<div class=\"block-section accordion-main-section \">\n    <div class=\"container\">    \n                <div class=\"accordion-faqs\">\n            <h2 class=\"m-title\">Frequently Asked Questions (FAQs)<\/h2>\n                        <div class=\"item\">\n                <h3>Wie schnell k\u00f6nnen Interim-Manager ernannt werden?<\/h3>\n                <div class=\"faq-content\"><p>In den meisten F\u00e4llen k\u00f6nnen Interim Manager innerhalb weniger Tage vermittelt werden. Unser Rekrutierungsprozess ist darauf ausgerichtet, schnell zu reagieren und gleichzeitig Qualit\u00e4t und Vertraulichkeit zu gew\u00e4hrleisten.<\/p>\n<\/div>\n            <\/div>\n                        <div class=\"item\">\n                <h3>Was unterscheidet Interim Management von Standard-Recruiting?<\/h3>\n                <div class=\"faq-content\"><p>Im Gegensatz zum traditionellen Recruiting konzentriert sich das Interim Management auf zeitlich begrenzte F\u00fchrungsl\u00f6sungen f\u00fcr kritische Situationen. Der Schwerpunkt liegt auf Schnelligkeit, Verantwortung und der Erzielung unmittelbarer Ergebnisse.<\/p>\n<\/div>\n            <\/div>\n                        <div class=\"item\">\n                <h3>Wie k\u00f6nnen Sie sicherstellen, dass Interim Manager zur Unternehmenskultur passen?<\/h3>\n                <div class=\"faq-content\"><p>Wir bewerten Kandidaten nicht nur nach ihren F\u00e4higkeiten. Pers\u00f6nlichkeit, Motivation und F\u00fchrungsstil werden gepr\u00fcft, um sicherzustellen, dass die Manager sich reibungslos integrieren und das Vertrauen des Teams gewinnen.<\/p>\n<\/div>\n            <\/div>\n                        <div class=\"item\">\n                <h3>Bieten Sie Unterst\u00fctzung nach der Vermittlung an?<\/h3>\n                <div class=\"faq-content\"><p>Ja. Wir bleiben w\u00e4hrend der gesamten Dauer des Interim-Einsatzes ein aktiver Ansprechpartner, der mit Ratschl\u00e4gen, weiteren Informationen und zus\u00e4tzlichen Ressourcen zum Erfolg beitr\u00e4gt.<\/p>\n<\/div>\n            <\/div>\n                    <\/div>\n            <\/div>\n<\/div><\/div><div class=\"sidebar-wrapper\">\n<div class=\"wpcf7 no-js\" id=\"wpcf7-f40-o1\" lang=\"\" dir=\"ltr\" data-wpcf7-id=\"40\">\n<div class=\"screen-reader-response\"><p role=\"status\" aria-live=\"polite\" aria-atomic=\"true\"><\/p> <ul><\/ul><\/div>\n<form action=\"\/berlin\/wp-json\/wp\/v2\/pages\/171#wpcf7-f40-o1\" method=\"post\" class=\"wpcf7-form init\" aria-label=\"Contact form\" enctype=\"multipart\/form-data\" novalidate=\"novalidate\" data-status=\"init\">\n<fieldset class=\"hidden-fields-container\"><input type=\"hidden\" name=\"_wpcf7\" value=\"40\" \/><input type=\"hidden\" name=\"_wpcf7_version\" value=\"6.1.5\" \/><input type=\"hidden\" name=\"_wpcf7_locale\" value=\"\" \/><input type=\"hidden\" name=\"_wpcf7_unit_tag\" value=\"wpcf7-f40-o1\" \/><input type=\"hidden\" name=\"_wpcf7_container_post\" value=\"0\" \/><input type=\"hidden\" name=\"_wpcf7_posted_data_hash\" value=\"\" \/>\n<\/fieldset>\n<input class=\"wpcf7-form-control wpcf7-hidden\" id=\"utm_source\" value=\"\" type=\"hidden\" name=\"utm_source\" \/>\n<input class=\"wpcf7-form-control wpcf7-hidden\" id=\"utm_medium\" value=\"\" type=\"hidden\" name=\"utm_medium\" \/>\n<input class=\"wpcf7-form-control wpcf7-hidden\" id=\"sideform_user_country\" value=\"\" type=\"hidden\" name=\"userCountry\" \/>\n<div class=\"form-grid-layout\">\n\t<div class=\"form-title\">\n\t\t<h2 class=\"title\">Thrive with Top Talent<br \/>\n- No Upfronts Fees\n\t\t<\/h2>\n\t\t<p>Have it easier with video interview clips and a candidate shortlist within 2-3 weeks\n\t\t<\/p>\n\t<\/div>\n\t<div class=\"input-field\">\n\t\t<p><label for=\"\">Name<\/label><br \/>\n<span class=\"wpcf7-form-control-wrap\" data-name=\"full-Name\"><input size=\"40\" maxlength=\"400\" class=\"wpcf7-form-control wpcf7-text wpcf7-validates-as-required\" aria-required=\"true\" aria-invalid=\"false\" value=\"\" type=\"text\" name=\"full-Name\" \/><\/span>\n\t\t<\/p>\n\t<\/div>\n\t<div class=\"input-field\">\n\t\t<p><label for=\"\">Email Address<\/label><br \/>\n<span class=\"wpcf7-form-control-wrap\" data-name=\"email-address\"><input size=\"40\" maxlength=\"400\" class=\"wpcf7-form-control wpcf7-email wpcf7-validates-as-required wpcf7-text wpcf7-validates-as-email\" aria-required=\"true\" aria-invalid=\"false\" value=\"\" type=\"email\" name=\"email-address\" \/><\/span>\n\t\t<\/p>\n\t<\/div>\n\t<div class=\"input-field\">\n\t\t<p><label for=\"\">Company<\/label><br \/>\n<span class=\"wpcf7-form-control-wrap\" data-name=\"company\"><input size=\"40\" maxlength=\"400\" class=\"wpcf7-form-control wpcf7-text\" aria-invalid=\"false\" value=\"\" type=\"text\" name=\"company\" \/><\/span>\n\t\t<\/p>\n\t<\/div>\n\t<div class=\"radiobox-field\">\n\t\t<p><span class=\"wpcf7-form-control-wrap\" data-name=\"radio-721company-status\"><span class=\"wpcf7-form-control wpcf7-radio\"><span class=\"wpcf7-list-item first\"><label><input type=\"radio\" name=\"radio-721company-status\" value=\"{Employer}\" \/><span class=\"wpcf7-list-item-label\">Employer<\/span><\/label><\/span><span class=\"wpcf7-list-item last\"><label><input type=\"radio\" name=\"radio-721company-status\" value=\"{Candidate}\" \/><span class=\"wpcf7-list-item-label\">Candidate<\/span><\/label><\/span><\/span><\/span>\n\t\t<\/p>\n\t<\/div>\n\t<div class=\"input-field\">\n\t\t<p><span class=\"wpcf7-form-control-wrap\" data-name=\"file-upload\"><input size=\"40\" class=\"wpcf7-form-control wpcf7-file\" accept=\".pdf\" aria-invalid=\"false\" type=\"file\" name=\"file-upload\" \/><\/span>\n\t\t<\/p>\n\t<\/div>\n\t<div class=\"textarea-field\">\n\t\t<p><label for=\"\">How can we help you?<\/label><br \/>\n<span class=\"wpcf7-form-control-wrap\" data-name=\"message\"><textarea cols=\"40\" rows=\"10\" maxlength=\"2000\" class=\"wpcf7-form-control wpcf7-textarea\" aria-invalid=\"false\" name=\"message\"><\/textarea><\/span>\n\t\t<\/p>\n\t<\/div>\n\t<p><span id=\"wpcf7-69fc8b9f44cbc-wrapper\" class=\"wpcf7-form-control-wrap nickname-wrap\" ><input id=\"wpcf7-69fc8b9f44cbc-field\"  class=\"wpcf7-form-control wpcf7-text\" type=\"text\" name=\"nickname\" value=\"\" size=\"40\" tabindex=\"-1\" autocomplete=\"off\" \/><\/span>\n\t<\/p>\n\t<div class=\"form-term\">\n\t\t<p>Submission of this form means you have agreed to our <a href=\"\/privacy-policy\/\" title=\"\">Privacy Policy<\/a> and <a href=\"\/terms-of-service\/\" title=\"\">Terms Conditions<\/a>\n\t\t<\/p>\n\t<\/div>\n\t<div class=\"submit-btn\">\n\t\t<p><input class=\"wpcf7-form-control wpcf7-submit has-spinner btn-box\" type=\"submit\" value=\"Get in Touch\" \/>\n\t\t<\/p>\n\t<\/div>\n<\/div><div class=\"wpcf7-response-output\" aria-hidden=\"true\"><\/div>\n<\/form>\n<\/div>\n<\/div><\/div>\n\n\n<div class=\"block-section client-reviews-slider \" style=\"background-color: #119084\">  \n    <div class=\"container\">\n                <div class=\"splide client-slider\">\n            <div class=\"splide__track\">\n                <div class=\"splide__list\">\n                                        <div class=\"splide__slide\">\n                        <div class=\"content-box\">\n                            <div class=\"content\">\n                                <p>&#8220;Haldren hat unsere Herausforderung sofort verstanden. Innerhalb weniger Tage haben sie einen Interimsmanager eingesetzt, der die Kontrolle wiederhergestellt und unser Finanzteam stabilisiert hat.&#8221;<\/p>\n                            <\/div>\n                                                        <div class=\"name\">\n                                <strong>Anna K.<\/strong>, \n                                Leitender HR-Direktor                            <\/div>\n                                                    <\/div>\n                    <\/div>\n                                        <div class=\"splide__slide\">\n                        <div class=\"content-box\">\n                            <div class=\"content\">\n                                <p>&#8220;Als wir dringende Stellen in Berlin zu besetzen hatten, hat Haldren schnell mit starken Kandidaten reagiert. Ihre Berater verbanden Schnelligkeit mit Sorgfalt, was uns Vertrauen gab.&#8221;<\/p>\n                            <\/div>\n                                                        <div class=\"name\">\n                                <strong>Martin S.<\/strong>, \n                                Leiter der Finanzabteilung                            <\/div>\n                                                    <\/div>\n                    <\/div>\n                                        <div class=\"splide__slide\">\n                        <div class=\"content-box\">\n                            <div class=\"content\">\n                                <p>&#8220;Haldren blieb w\u00e4hrend des gesamten Einsatzes ein st\u00e4ndiger Ansprechpartner. Dank ihrer Ratschl\u00e4ge und weiteren Informationen verlief der Interimsprozess reibungslos, und der Manager \u00fcbertraf die Erwartungen.&#8221;<\/p>\n                            <\/div>\n                                                        <div class=\"name\">\n                                <strong>Julia F.<\/strong>, \n                                Senior Operations Manager                            <\/div>\n                                                    <\/div>\n                    <\/div>\n                                    <\/div>\n            <\/div>\n        <\/div>\n            <\/div>\n<\/div>","protected":false},"excerpt":{"rendered":"","protected":false},"author":10,"featured_media":0,"parent":162,"menu_order":0,"comment_status":"closed","ping_status":"closed","template":"","meta":{"_acf_changed":false,"footnotes":""},"class_list":["post-171","page","type-page","status-publish","hentry"],"acf":[],"lang":"de","translations":{"de":171,"en":65},"jetpack_sharing_enabled":true,"pll_sync_post":[],"_links":{"self":[{"href":"https:\/\/www.haldren.com\/berlin\/wp-json\/wp\/v2\/pages\/171","targetHints":{"allow":["GET"]}}],"collection":[{"href":"https:\/\/www.haldren.com\/berlin\/wp-json\/wp\/v2\/pages"}],"about":[{"href":"https:\/\/www.haldren.com\/berlin\/wp-json\/wp\/v2\/types\/page"}],"author":[{"embeddable":true,"href":"https:\/\/www.haldren.com\/berlin\/wp-json\/wp\/v2\/users\/10"}],"replies":[{"embeddable":true,"href":"https:\/\/www.haldren.com\/berlin\/wp-json\/wp\/v2\/comments?post=171"}],"version-history":[{"count":1,"href":"https:\/\/www.haldren.com\/berlin\/wp-json\/wp\/v2\/pages\/171\/revisions"}],"predecessor-version":[{"id":174,"href":"https:\/\/www.haldren.com\/berlin\/wp-json\/wp\/v2\/pages\/171\/revisions\/174"}],"up":[{"embeddable":true,"href":"https:\/\/www.haldren.com\/berlin\/wp-json\/wp\/v2\/pages\/162"}],"wp:attachment":[{"href":"https:\/\/www.haldren.com\/berlin\/wp-json\/wp\/v2\/media?parent=171"}],"curies":[{"name":"wp","href":"https:\/\/api.w.org\/{rel}","templated":true}]}}