{"id":175,"date":"2025-11-10T07:26:19","date_gmt":"2025-11-10T07:26:19","guid":{"rendered":"https:\/\/www.haldren.com\/cologne\/?page_id=175"},"modified":"2026-01-07T04:07:49","modified_gmt":"2026-01-07T04:07:49","slug":"board-suche","status":"publish","type":"page","link":"https:\/\/www.haldren.com\/cologne\/de\/talentwerving\/board-search\/","title":{"rendered":"Board-Suche"},"content":{"rendered":"\n  <link rel=\"preload\" as=\"image\" href=\"https:\/\/www.haldren.com\/cologne\/wp-content\/uploads\/sites\/45\/2025\/10\/cologne-city-e1764148080933.webp\" fetchpriority=\"high\">\n  <style>\n    .inner-banner-section {\n      background-image: url('https:\/\/www.haldren.com\/cologne\/wp-content\/uploads\/sites\/45\/2025\/10\/cologne-city-e1764148080933.webp');\n      background-size: cover;\n      background-position: center;\n      background-repeat: no-repeat;\n    }\n\n    @media (max-width: 768px) {\n      .inner-banner-section {\n        background-image: url('https:\/\/www.haldren.com\/cologne\/wp-content\/uploads\/sites\/45\/2025\/10\/cologne-city-e1764148080933.webp');\n      }\n    }\n  <\/style>\n\n<div class=\"block-section inner-banner-section lazyload bg-sty section-gaps top-border-line\">\n  <div class=\"container-fluid\">\n    <div class=\"content-wrap\">\n      <h1 class=\"title\">\n        Vorstandssuche in K\u00f6ln      <\/h1>\n      <span style=\"font-size: 18px;\">Erfahrene Executive Search Partner f\u00fcr Vorstandsbesetzungen in Nordrhein-Westfalen und Deutschland.<\/span>\n    <\/div>\n  <\/div>\n<\/div>\n\n\n\n\n<div class=\"wp-block-custom-div-wrapper-block col-wrapper has-sidebar\"><div class=\"content-wrapper\" style=\"background-color:#002a26\">\n<div class=\"block-section section-gaps default-content-section \" \n     style=\"--text-color: #ffffff; --bg-color: #119084;\">\n    <div class=\"container\">\n        <div class=\"default-single-content-wrap\">\n            <div class=\"content-wrap\">\n                                    <h2>F\u00fchrende Personalberatung f\u00fcr Aufsichtsr\u00e4te in K\u00f6ln<\/h2>\n<p>Wir von Haldren unterst\u00fctzen Unternehmen in K\u00f6ln und Nordrhein-Westfalen bei der Besetzung wichtiger F\u00fchrungspositionen. Unser Ziel ist es, unseren Kunden dabei zu helfen, die richtige F\u00fchrungskraft zu finden, die einen echten Mehrwert f\u00fcr die Unternehmensf\u00fchrung und das Wachstum darstellt. Jeder Auftrag wird mit Sorgfalt, Pr\u00e4zision und absoluter Vertraulichkeit behandelt. Unsere Berater verf\u00fcgen \u00fcber umfangreiche Erfahrungen im Executive Search, Branchenkenntnisse und ein Urteilsverm\u00f6gen, das durch die jahrelange Zusammenarbeit mit F\u00fchrungskr\u00e4ften und Unternehmen in ganz Deutschland verfeinert wurde.<\/p>\n<p>Wir nehmen uns die Zeit, um zu verstehen, worauf es ankommt &#8211; Strategie, Struktur und Kultur. Jede Suche wird von Diskretion, Transparenz und Liebe zum Detail geleitet. Unser breites Netzwerk erm\u00f6glicht uns den Zugang zu Spitzenkandidaten in verschiedenen Branchen, w\u00e4hrend unsere strukturierten Methoden sicherstellen, dass jede Empfehlung sowohl zur Rolle als auch zu den langfristigen Zielen des Unternehmens passt.<\/p>\n<blockquote><p><strong>Wir sehen jede Vorstandsbestellung als Chance, die F\u00fchrung zu st\u00e4rken, die Unternehmensf\u00fchrung anzupassen und den nachhaltigen Gesch\u00e4ftserfolg zu unterst\u00fctzen.<\/strong><\/p><\/blockquote>\n<h2>Top-Tier Executive Search Firm in K\u00f6ln<\/h2>\n<p>Unsere Arbeit bei der Suche nach Vorstandsmitgliedern konzentriert sich darauf, Unternehmen bei der Ernennung von Vorstandsmitgliedern zu unterst\u00fctzen, die Erfahrung, Unabh\u00e4ngigkeit und ein gesundes Urteilsverm\u00f6gen vereinen. Wir konzentrieren uns auf die Identifizierung von F\u00fchrungskr\u00e4ften, die sowohl die Aufsichtspflicht als auch die strategische Perspektive in den Aufsichtsrat einbringen k\u00f6nnen. Durch einen konsequenten Dialog und einen disziplinierten Prozess helfen wir Unternehmen, die Unternehmensf\u00fchrung zu st\u00e4rken und sich gleichzeitig auf k\u00fcnftige Herausforderungen vorzubereiten.<\/p>\n<p>Unsere Berater verf\u00fcgen \u00fcber jahrelange Erfahrung im Executive Search in verschiedenen Branchen. Wir beurteilen die am besten geeigneten Kandidaten nicht nur nach ihrem technischen Fachwissen, sondern auch danach, wie sie denken, entscheiden und zusammenarbeiten. Jedes Profil basiert auf der kulturellen Eignung und dem Beitrag, den sie leisten k\u00f6nnen, und nicht nur auf ihren Qualifikationen. Das Ergebnis sind Vorstandsmitglieder, die F\u00fchrungsteams mit Zuversicht leiten k\u00f6nnen.<\/p>\n<p>Kunden sch\u00e4tzen unsere Best\u00e4ndigkeit und Klarheit. Wir bleiben w\u00e4hrend des gesamten Prozesses in der N\u00e4he und koordinieren Forschung, Kommunikation und Bewertung mit einem starken Team, das sowohl die Governance-Standards als auch die Realit\u00e4ten des deutschen Marktes versteht.<\/p>\n<h4>Bewertung<\/h4>\n<p>Jedes Projekt beginnt mit einer sorgf\u00e4ltigen Bewertung. Wir erfassen die Gesch\u00e4ftsstrategie, die Struktur und die Erwartungen des Unternehmens an die Rolle. Darauf aufbauend definieren wir die Kompetenzen, Werte und die kulturelle Passung, die erforderlich sind, um das Board Alignment zu erreichen. Jedes Profil spiegelt sowohl die fachliche Kompetenz als auch die pers\u00f6nlichen Qualit\u00e4ten wider, die eine Zusammenarbeit erm\u00f6glichen.<\/p>\n<h4>Talentakquise<\/h4>\n<p>Wir greifen auf ein breites Netzwerk von Partnern und Verbindungen in ganz Nordrhein und Nordrhein-Westfalen zur\u00fcck. Neben der diskreten Kontaktaufnahme nutzen wir ausgew\u00e4hlte Stellenausschreibungen und gezielte Recherchen, um aktive und passive Kandidaten anzusprechen. Dieser Ansatz hilft uns bei der Identifizierung von Vorstandsmitgliedern und F\u00fchrungskr\u00e4ften, die die Aufsicht st\u00e4rken und Kontinuit\u00e4t gew\u00e4hrleisten k\u00f6nnen.<\/p>\n<h4>Organisatorische Umwandlung<\/h4>\n<p>Unsere Arbeit h\u00f6rt nicht bei der Vermittlung auf. Wir beraten bei der Nachfolgeplanung, der Beurteilung von F\u00fchrungskr\u00e4ften und der organisatorischen Entwicklung, damit sich die neuen Direktoren reibungslos integrieren k\u00f6nnen. Indem wir sowohl den Vorstand als auch das Management unterst\u00fctzen, helfen wir Unternehmen, eine dauerhafte Zusammenarbeit und Widerstandsf\u00e4higkeit aufzubauen.<\/p>\n<h2>Unser Ansatz bei der Suche nach Vorstandsmitgliedern<\/h2>\n<p>Eine erfolgreiche Vorstandsbestellung beginnt mit Klarheit. Wir beginnen damit, herauszufinden, wie der Vorstand die Gesch\u00e4ftsstrategie des Unternehmens unterst\u00fctzt, wo seine Priorit\u00e4ten liegen und welche Art von F\u00fchrung er ben\u00f6tigt. Aus diesem Verst\u00e4ndnis entsteht ein Rekrutierungsprozess, der auf praktische Ergebnisse und gegenseitigen Respekt ausgerichtet ist.<\/p>\n<p>Unsere Berater folgen einer definierten Struktur. Discovery best\u00e4tigt Umfang und Erfolgsma\u00dfnahmen. Eine Marktanalyse zeigt auf, wo geeignete Kandidaten zu finden sind, sowohl innerhalb der Branche des Kunden als auch dar\u00fcber hinaus. Wir kombinieren Recherchen, Empfehlungen und die direkte Ansprache durch vertrauensw\u00fcrdige Partner.<\/p>\n<p>Jeder Kandidat wird anhand strukturierter Interviews, Referenzpr\u00fcfungen und psychometrischer Erkenntnisse bewertet. Wir untersuchen, wie der Einzelne Entscheidungen trifft, wie er zusammenarbeitet und wie er sich an neue Gegebenheiten anpasst. Das Verfahren ist darauf ausgelegt, St\u00e4rken hervorzuheben und Risiken zu verringern &#8211; so dass jede Vorstandsernennung Kontinuit\u00e4t und eine neue Perspektive f\u00f6rdert.<\/p>\n<p>Unsere Auswahllisten sind ausgewogen, umfassend und umsetzbar. Wir pr\u00e4sentieren Spitzenkandidaten mit klaren Begr\u00fcndungen f\u00fcr ihre Eignung und Bereitschaft. Sobald die Vorstellungsgespr\u00e4che beginnen, leiten wir die Logistik, steuern die Erwartungen und helfen beiden Seiten, Transparenz zu wahren.<\/p>\n<p>Nach der Ernennung bleiben wir engagiert. Wir erleichtern das Onboarding und die fr\u00fchzeitige Zusammenarbeit zwischen dem neuen Direktor, den bestehenden Vorstandsmitgliedern und der obersten F\u00fchrungsebene. So stellen wir sicher, dass der neue Mitarbeiter von Anfang an einen Mehrwert schafft und diesen auch im Laufe der Zeit beibeh\u00e4lt. Im Vergleich zu herk\u00f6mmlichen Personalvermittlungsmodellen ist unser Prozess pers\u00f6nlicher, datengest\u00fctzt und auf dauerhaften Erfolg ausgelegt.<\/p>\n<h2>Unsere Expertise als f\u00fchrende K\u00f6lner Personalberatung<\/h2>\n<p>Wir bringen eine Kombination aus Branchenkenntnis, Verst\u00e4ndnis f\u00fcr die Unternehmensf\u00fchrung und konsequenter Executive Search-Praxis mit. Viele unserer Berater haben eng mit Vorst\u00e4nden und F\u00fchrungskr\u00e4ften in Deutschland zusammengearbeitet, was unsere F\u00e4higkeit sch\u00e4rft, zu erkennen, was jedes Unternehmen wirklich braucht.<\/p>\n<p>Wir passen unseren Prozess an jeden Kunden an. Ganz gleich, ob wir mit einem Familienunternehmen, einem internationalen Konzern oder einer Private-Equity-Gesellschaft zusammenarbeiten, wir stimmen unsere Recherchen und Kommunikation auf die Erwartungen und die Unternehmenskultur ab. Diese Flexibilit\u00e4t gew\u00e4hrleistet, dass sowohl Kunden als auch Kandidaten einen transparenten und respektvollen Prozess erleben, der messbare Ergebnisse liefert.<\/p>\n<h4>Einige Bereiche, auf die wir uns spezialisiert haben<\/h4>\n<p>Wir arbeiten in verschiedenen Branchen in K\u00f6ln, Nordrhein und Nordrhein-Westfalen. Unsere Auftr\u00e4ge umfassen h\u00e4ufig die Bereiche Produktion, Logistik, Finanzdienstleistungen, Technologie, Gesundheitswesen, Energie und Konsumg\u00fcter. Wir unterst\u00fctzen auch wachstumsorientierte Unternehmen bei der Suche nach unabh\u00e4ngigen Direktoren und Ausschussvorsitzenden. Jede Suche zielt darauf ab, die F\u00fchrungsf\u00e4higkeiten mit den Priorit\u00e4ten der Unternehmensf\u00fchrung in Einklang zu bringen.<\/p>\n<h4>Beispiele f\u00fcr Rollen, f\u00fcr die wir rekrutieren<\/h4>\n<p>Wir rekrutieren regelm\u00e4\u00dfig Aufsichtsrats- und Beiratsfunktionen wie den Vorsitz, den stellvertretenden Vorsitz, unabh\u00e4ngige Direktoren und Ausschussvorsitzende f\u00fcr Audit, Risiko und Verg\u00fctung. Wir suchen auch Direktoren mit Erfahrung in den Bereichen ESG, Nachhaltigkeit und digitale Transformation und beraten F\u00fchrungskr\u00e4fte, die zum ersten Mal eine F\u00fchrungsrolle \u00fcbernehmen m\u00f6chten.<\/p>\n<blockquote><p><strong>Wenn Sie mehr dar\u00fcber erfahren m\u00f6chten, wie wir Sie bei der Besetzung von Vorstands- und Aufsichtsratspositionen unterst\u00fctzen, kontaktieren Sie Haldren. Wir stellen Ihnen Spitzenkandidaten vor, die Ihren Vorstand und die langfristige Leistung Ihres Unternehmens st\u00e4rken k\u00f6nnen.<\/strong><\/p><\/blockquote>\n<h2>Warum Haldren bei der Rekrutierung einen ma\u00dfgeschneiderten Ansatz verfolgt<\/h2>\n<p>Jede Organisation hat ihren eigenen Rhythmus, ihre eigene Struktur und ihre eigenen Ziele. Deshalb passen wir unseren Rekrutierungsprozess f\u00fcr jedes Projekt an. Manche Vorst\u00e4nde brauchen Stabilit\u00e4t und Erfahrung, andere suchen nach Erneuerung und Perspektive. Unser Ansatz respektiert beide Realit\u00e4ten.<\/p>\n<p>Im Laufe der Zeit haben wir gelernt, dass kleine Anpassungen zu besseren Ergebnissen f\u00fchren &#8211; die fr\u00fchzeitige Festlegung klarer Erwartungen, die Abstimmung auf die kulturelle Eignung und die Aufrechterhaltung einer offenen Kommunikation. Diese praktischen Schritte helfen, Missverst\u00e4ndnisse zu vermeiden und Vertrauen zwischen Unternehmen, Kandidaten und Beratern aufzubauen.<\/p>\n<p>Unsere Methoden verbinden Struktur mit Intuition. Wir bewerten die Unabh\u00e4ngigkeit, den Stil der Zusammenarbeit und die ethischen Grunds\u00e4tze und nutzen Daten, um unser professionelles Urteil zu untermauern. Referenzen best\u00e4tigen sowohl Kompetenz als auch Verhalten. Dieses Gleichgewicht stellt sicher, dass jede Ernennung die Zusammenarbeit, die Entscheidungsfindung und die Aufsicht st\u00e4rkt.<\/p>\n<p>Unser starkes Team bleibt \u00fcber das endg\u00fcltige Angebot hinaus engagiert und hilft neuen Direktoren, sich einzuleben und einen effektiven Beitrag zu leisten. Durch diese Best\u00e4ndigkeit sind wir zu einem zuverl\u00e4ssigen Partner f\u00fcr Unternehmen in ganz Nordrhein-Westfalen geworden, die auf der Suche nach geeigneten und leistungsf\u00e4higen Gesch\u00e4ftsf\u00fchrern sind.<\/p>\n<h2>Warum sollten Sie Haldren f\u00fcr die Suche nach Verwaltungsratsmitgliedern w\u00e4hlen?<\/h2>\n<p>Wir schaffen Vertrauen durch Klarheit, Integrit\u00e4t und Engagement. Jede Suche erfolgt diskret, mit transparenten Aktualisierungen und sorgf\u00e4ltiger Dokumentation. Vertraulichkeit ist absolut &#8211; sowohl Kunden als auch Kandidaten wissen, dass ihre Informationen gesch\u00fctzt sind.<\/p>\n<p>Unsere Beziehungen gehen \u00fcber einzelne Projekte hinaus. Viele Kunden in K\u00f6ln, Nordrhein und Nordrhein-Westfalen arbeiten immer wieder mit uns zusammen, weil wir sie best\u00e4ndig und nachhaltig begleiten. Unsere Berater bringen praktische Einsichten und Einf\u00fchlungsverm\u00f6gen in jedes Gespr\u00e4ch ein und konzentrieren sich auf L\u00f6sungen, die der Unternehmensf\u00fchrung und dem Wachstum dienen.<\/p>\n<p>Wir verf\u00fcgen \u00fcber ein breites Netzwerk an erfahrenen F\u00fchrungskr\u00e4ften und Vorstandsmitgliedern in ganz Deutschland. Hinter jeder Suche steht ein starkes Team, das Recherche, Kontaktaufnahme und Bewertung mit Konsequenz und Sorgfalt koordiniert. Nach jeder Einstellung bleiben wir in Kontakt und helfen den neuen Vorst\u00e4nden, sich zu integrieren, Glaubw\u00fcrdigkeit aufzubauen und schnell einen Beitrag zu leisten.<\/p>\n<blockquote><p><strong>Wenn Ihre Organisation eine Vorstandsbestellung in K\u00f6ln oder in ganz Nordrhein-Westfalen plant, kontaktieren Sie uns noch heute. Wenden Sie sich an Haldren, um eine vertrauliche, professionelle und kooperative Suche nach F\u00fchrungskr\u00e4ften zu erleben.<\/strong><\/p><\/blockquote>\n                            <\/div>\n        <\/div>\n    <\/div>\n<\/div>\n\n<div class=\"block-section accordion-main-section \">\n    <div class=\"container\">    \n                <div class=\"accordion-faqs\">\n            <h2 class=\"m-title\">Frequently Asked Questions (FAQs)<\/h2>\n                        <div class=\"item\">\n                <h3>Wie wahren Sie die Vertraulichkeit bei einer Vorstandssuche in K\u00f6ln?<\/h3>\n                <div class=\"faq-content\"><p>Wir verwalten die Kommunikation sorgf\u00e4ltig und geben Details nur weiter, wenn es angemessen ist. Referenzen werden diskret und immer mit Zustimmung durchgef\u00fchrt. Die Vertraulichkeit steht w\u00e4hrend des gesamten Projekts im Mittelpunkt.<\/p>\n<\/div>\n            <\/div>\n                        <div class=\"item\">\n                <h3>Wie unterscheidet sich Ihr Ansatz von dem einer typischen Personalvermittlungsagentur?<\/h3>\n                <div class=\"faq-content\"><p>Wir sind auf die Suche nach F\u00fchrungskr\u00e4ften f\u00fcr den Vorstand und leitende Positionen spezialisiert und konzentrieren uns dabei auf die F\u00e4higkeit zur Unternehmensf\u00fchrung und das F\u00fchrungsverhalten und nicht nur auf Referenzen. Unser Prozess ist pers\u00f6nlich, strukturiert und auf eine langfristige Ausrichtung ausgerichtet.<\/p>\n<\/div>\n            <\/div>\n                        <div class=\"item\">\n                <h3>Wie stark sind die Kunden w\u00e4hrend des gesamten Prozesses eingebunden?<\/h3>\n                <div class=\"faq-content\"><p>Wir sorgen f\u00fcr ein stetiges, aber effizientes Engagement. Regelm\u00e4\u00dfige Aktualisierungen, Fortschritts\u00fcberpr\u00fcfungen und strukturiertes Feedback gew\u00e4hrleisten eine Abstimmung, ohne die Beteiligten zu \u00fcberfordern.<\/p>\n<\/div>\n            <\/div>\n                        <div class=\"item\">\n                <h3>Bieten Sie Unterst\u00fctzung an, nachdem ein neuer Direktor eingetreten ist?<\/h3>\n                <div class=\"faq-content\"><p>Ja. Wir helfen bei der Einarbeitung, den ersten Pr\u00fcfungen und der Zusammenarbeit zwischen dem neuen Vorstandsmitglied und der bestehenden Leitung. Diese Kontinuit\u00e4t tr\u00e4gt zu einem reibungslosen \u00dcbergang und fr\u00fchen Ergebnissen bei.<\/p>\n<\/div>\n            <\/div>\n                    <\/div>\n            <\/div>\n<\/div><\/div><div class=\"sidebar-wrapper\">\n<div class=\"wpcf7 no-js\" id=\"wpcf7-f50-o1\" lang=\"\" dir=\"ltr\" data-wpcf7-id=\"50\">\n<div class=\"screen-reader-response\"><p role=\"status\" aria-live=\"polite\" aria-atomic=\"true\"><\/p> <ul><\/ul><\/div>\n<form action=\"\/cologne\/wp-json\/wp\/v2\/pages\/175#wpcf7-f50-o1\" method=\"post\" class=\"wpcf7-form init\" aria-label=\"Contact form\" enctype=\"multipart\/form-data\" novalidate=\"novalidate\" data-status=\"init\">\n<fieldset class=\"hidden-fields-container\"><input type=\"hidden\" name=\"_wpcf7\" value=\"50\" \/><input type=\"hidden\" name=\"_wpcf7_version\" value=\"6.1.5\" \/><input type=\"hidden\" name=\"_wpcf7_locale\" value=\"\" \/><input type=\"hidden\" name=\"_wpcf7_unit_tag\" value=\"wpcf7-f50-o1\" \/><input type=\"hidden\" name=\"_wpcf7_container_post\" value=\"0\" \/><input type=\"hidden\" name=\"_wpcf7_posted_data_hash\" value=\"\" \/>\n<\/fieldset>\n<input class=\"wpcf7-form-control wpcf7-hidden\" id=\"utm_source\" value=\"\" type=\"hidden\" name=\"utm_source\" \/>\n<input class=\"wpcf7-form-control wpcf7-hidden\" id=\"utm_medium\" value=\"\" type=\"hidden\" name=\"utm_medium\" \/>\n<input class=\"wpcf7-form-control wpcf7-hidden\" id=\"sideform_user_country\" value=\"\" type=\"hidden\" name=\"userCountry\" \/>\n<div class=\"form-grid-layout\">\n\t<div class=\"form-title\">\n\t\t<h2 class=\"title\">Bloeien met toptalent<br \/>\n- Geen kosten vooraf\n\t\t<\/h2>\n\t\t<p>Maak het uzelf gemakkelijker met videogespreksfragmenten en een shortlist van kandidaten binnen 2-3 weken.\n\t\t<\/p>\n\t<\/div>\n\t<div class=\"input-field\">\n\t\t<p><label for=\"\">Naam<\/label><br \/>\n<span class=\"wpcf7-form-control-wrap\" data-name=\"full-Name\"><input size=\"40\" maxlength=\"400\" class=\"wpcf7-form-control wpcf7-text wpcf7-validates-as-required\" aria-required=\"true\" aria-invalid=\"false\" value=\"\" type=\"text\" name=\"full-Name\" \/><\/span>\n\t\t<\/p>\n\t<\/div>\n\t<div class=\"input-field\">\n\t\t<p><label for=\"\">E-mailadres<\/label><br \/>\n<span class=\"wpcf7-form-control-wrap\" data-name=\"email-address\"><input size=\"40\" maxlength=\"400\" class=\"wpcf7-form-control wpcf7-email wpcf7-validates-as-required wpcf7-text wpcf7-validates-as-email\" aria-required=\"true\" aria-invalid=\"false\" value=\"\" type=\"email\" name=\"email-address\" \/><\/span>\n\t\t<\/p>\n\t<\/div>\n\t<div class=\"input-field\">\n\t\t<p><label for=\"\">Bedrijf<\/label><br \/>\n<span class=\"wpcf7-form-control-wrap\" data-name=\"company\"><input size=\"40\" maxlength=\"400\" class=\"wpcf7-form-control wpcf7-text\" aria-invalid=\"false\" value=\"\" type=\"text\" name=\"company\" \/><\/span>\n\t\t<\/p>\n\t<\/div>\n\t<div class=\"radiobox-field\">\n\t\t<p><span class=\"wpcf7-form-control-wrap\" data-name=\"radio-721company-status\"><span class=\"wpcf7-form-control wpcf7-radio\"><span class=\"wpcf7-list-item first\"><label><input type=\"radio\" name=\"radio-721company-status\" value=\"{Employer}\" \/><span class=\"wpcf7-list-item-label\">Werkgever<\/span><\/label><\/span><span class=\"wpcf7-list-item last\"><label><input type=\"radio\" name=\"radio-721company-status\" value=\"{Candidate}\" \/><span class=\"wpcf7-list-item-label\">Kandidaat<\/span><\/label><\/span><\/span><\/span>\n\t\t<\/p>\n\t<\/div>\n\t<div class=\"input-field\">\n\t\t<p><span class=\"wpcf7-form-control-wrap\" data-name=\"file-upload\"><input size=\"40\" class=\"wpcf7-form-control wpcf7-file\" accept=\".pdf\" aria-invalid=\"false\" type=\"file\" name=\"file-upload\" \/><\/span>\n\t\t<\/p>\n\t<\/div>\n\t<div class=\"textarea-field\">\n\t\t<p><label for=\"\">Hoe kunnen we u helpen?<\/label><br \/>\n<span class=\"wpcf7-form-control-wrap\" data-name=\"message\"><textarea cols=\"40\" rows=\"10\" maxlength=\"2000\" class=\"wpcf7-form-control wpcf7-textarea\" aria-invalid=\"false\" name=\"message\"><\/textarea><\/span>\n\t\t<\/p>\n\t<\/div>\n\t<p><span id=\"wpcf7-6a01ca35df422-wrapper\" class=\"wpcf7-form-control-wrap nickname-wrap\" ><input id=\"wpcf7-6a01ca35df422-field\"  class=\"wpcf7-form-control wpcf7-text\" type=\"text\" name=\"nickname\" value=\"\" size=\"40\" tabindex=\"-1\" autocomplete=\"off\" \/><\/span>\n\t<\/p>\n\t<div class=\"form-term\">\n\t\t<p>Submission of this form means you have agreed to our <a href=\"\/privacy-policy\/\" title=\"\">Privacy Policy<\/a> and <a href=\"\/terms-of-service\/\" title=\"\">Terms Conditions<\/a>\n\t\t<\/p>\n\t<\/div>\n\t<div class=\"submit-btn\">\n\t\t<p><input class=\"wpcf7-form-control wpcf7-submit has-spinner btn-box\" type=\"submit\" value=\"Neem contact op\" \/>\n\t\t<\/p>\n\t<\/div>\n<\/div><div class=\"wpcf7-response-output\" aria-hidden=\"true\"><\/div>\n<\/form>\n<\/div>\n<\/div><\/div>\n\n\n<div class=\"block-section client-reviews-slider \" style=\"background-color: #119084\">  \n    <div class=\"container\">\n                <div class=\"splide client-slider\">\n            <div class=\"splide__track\">\n                <div class=\"splide__list\">\n                                        <div class=\"splide__slide\">\n                        <div class=\"content-box\">\n                            <div class=\"content\">\n                                <p>&#8220;Die Berater von Haldren sind bei unserer Suche mit Professionalit\u00e4t und Herzlichkeit vorgegangen. Sie h\u00f6rten uns zu, verfeinerten unsere Aufgabenstellung und halfen uns, einen Direktor zu ernennen, dessen Erfahrung die Ausrichtung unseres Vorstands bereits gest\u00e4rkt hat.<\/p>\n                            <\/div>\n                                                        <div class=\"name\">\n                                <strong>Sabine K.<\/strong>, \n                                Personalleiter                            <\/div>\n                                                    <\/div>\n                    <\/div>\n                                        <div class=\"splide__slide\">\n                        <div class=\"content-box\">\n                            <div class=\"content\">\n                                <p>&#8220;Die Kommunikation des Teams war best\u00e4ndig und klar. Sie haben Spitzenkandidaten gefunden, die unsere Erwartungen erf\u00fcllen und unsere Strategie unterst\u00fctzen. Die endg\u00fcltige Ernennung passt perfekt zu unserer Kultur.&#8221;<\/p>\n                            <\/div>\n                                                        <div class=\"name\">\n                                <strong>Lukas M.<\/strong>, \n                                Gesch\u00e4ftsf\u00fchrender Direktor                            <\/div>\n                                                    <\/div>\n                    <\/div>\n                                        <div class=\"splide__slide\">\n                        <div class=\"content-box\">\n                            <div class=\"content\">\n                                <p>&#8220;Haldren hat unseren Prozess mit Geduld und Pr\u00e4zision geleitet. Ihre Beurteilung ging \u00fcber Lebensl\u00e4ufe hinaus &#8211; sie verstanden, welche Art von F\u00fchrung unser Vorstand brauchte. Das Ergebnis spricht f\u00fcr sich selbst.&#8221;<\/p>\n                            <\/div>\n                                                        <div class=\"name\">\n                                <strong>Anja R.<\/strong>, \n                                Leiter der Abteilung Unternehmensentwicklung                            <\/div>\n                                                    <\/div>\n                    <\/div>\n                                    <\/div>\n            <\/div>\n        <\/div>\n            <\/div>\n<\/div>","protected":false},"excerpt":{"rendered":"","protected":false},"author":10,"featured_media":0,"parent":169,"menu_order":0,"comment_status":"closed","ping_status":"closed","template":"","meta":{"_acf_changed":false,"footnotes":""},"class_list":["post-175","page","type-page","status-publish","hentry"],"acf":[],"lang":"de","translations":{"de":175,"en":69},"jetpack_sharing_enabled":true,"pll_sync_post":[],"_links":{"self":[{"href":"https:\/\/www.haldren.com\/cologne\/wp-json\/wp\/v2\/pages\/175","targetHints":{"allow":["GET"]}}],"collection":[{"href":"https:\/\/www.haldren.com\/cologne\/wp-json\/wp\/v2\/pages"}],"about":[{"href":"https:\/\/www.haldren.com\/cologne\/wp-json\/wp\/v2\/types\/page"}],"author":[{"embeddable":true,"href":"https:\/\/www.haldren.com\/cologne\/wp-json\/wp\/v2\/users\/10"}],"replies":[{"embeddable":true,"href":"https:\/\/www.haldren.com\/cologne\/wp-json\/wp\/v2\/comments?post=175"}],"version-history":[{"count":1,"href":"https:\/\/www.haldren.com\/cologne\/wp-json\/wp\/v2\/pages\/175\/revisions"}],"predecessor-version":[{"id":176,"href":"https:\/\/www.haldren.com\/cologne\/wp-json\/wp\/v2\/pages\/175\/revisions\/176"}],"up":[{"embeddable":true,"href":"https:\/\/www.haldren.com\/cologne\/wp-json\/wp\/v2\/pages\/169"}],"wp:attachment":[{"href":"https:\/\/www.haldren.com\/cologne\/wp-json\/wp\/v2\/media?parent=175"}],"curies":[{"name":"wp","href":"https:\/\/api.w.org\/{rel}","templated":true}]}}