{"id":179,"date":"2025-11-10T09:21:49","date_gmt":"2025-11-10T09:21:49","guid":{"rendered":"https:\/\/www.haldren.com\/cologne\/?page_id=179"},"modified":"2026-01-07T04:01:37","modified_gmt":"2026-01-07T04:01:37","slug":"suche-nach-fuhrungskraften","status":"publish","type":"page","link":"https:\/\/www.haldren.com\/cologne\/de\/talentwerving\/suche-nach-fuhrungskraften\/","title":{"rendered":"Suche nach F\u00fchrungskr\u00e4ften"},"content":{"rendered":"\n  <link rel=\"preload\" as=\"image\" href=\"https:\/\/www.haldren.com\/cologne\/wp-content\/uploads\/sites\/45\/2025\/10\/cologne-city-e1764148080933.webp\" fetchpriority=\"high\">\n  <style>\n    .inner-banner-section {\n      background-image: url('https:\/\/www.haldren.com\/cologne\/wp-content\/uploads\/sites\/45\/2025\/10\/cologne-city-e1764148080933.webp');\n      background-size: cover;\n      background-position: center;\n      background-repeat: no-repeat;\n    }\n\n    @media (max-width: 768px) {\n      .inner-banner-section {\n        background-image: url('https:\/\/www.haldren.com\/cologne\/wp-content\/uploads\/sites\/45\/2025\/10\/cologne-city-e1764148080933.webp');\n      }\n    }\n  <\/style>\n\n<div class=\"block-section inner-banner-section lazyload bg-sty section-gaps top-border-line\">\n  <div class=\"container-fluid\">\n    <div class=\"content-wrap\">\n      <h1 class=\"title\">\n        Executive Search Dienstleistungen in K\u00f6ln      <\/h1>\n      <span style=\"font-size: 18px;\">Executive Recruiter f\u00fcr wachstumsorientierte Unternehmen in K\u00f6ln und in ganz Nordrhein-Westfalen<\/span>\n    <\/div>\n  <\/div>\n<\/div>\n\n\n\n\n<div class=\"wp-block-custom-div-wrapper-block col-wrapper has-sidebar\"><div class=\"content-wrapper\" style=\"background-color:#002a26\">\n<div class=\"block-section section-gaps default-content-section \" \n     style=\"--text-color: #ffffff; --bg-color: #119084;\">\n    <div class=\"container\">\n        <div class=\"default-single-content-wrap\">\n            <div class=\"content-wrap\">\n                                    <h2>F\u00fchrendes Personalberatungsunternehmen in K\u00f6ln<\/h2>\n<p>Haldren bietet Executive Search Services in K\u00f6ln f\u00fcr Unternehmen, die auf der Suche nach F\u00fchrungskr\u00e4ften sind, die mit Integrit\u00e4t messbare Erfolge erzielen. Unsere Berater vereinen langj\u00e4hrige Erfahrung, fundierte Branchenkenntnisse und absolute Diskretion. Wir arbeiten eng mit unseren Kunden in K\u00f6ln, in ganz Deutschland und international zusammen und nutzen dabei einen strukturierten Rekrutierungsprozess, der durch ein umfangreiches Netzwerk unterst\u00fctzt wird, das alle Beteiligten respektiert.<\/p>\n<p>Vertrauen ist die Grundlage unseres Handelns. Jedes Engagement sch\u00fctzt die Vertraulichkeit, gleicht die Erwartungen ab und stellt die kulturelle Passung sicher. Wir sorgen f\u00fcr eine klare Kommunikation und fundierte Entscheidungen vom ersten Gespr\u00e4ch bis zum endg\u00fcltigen Angebot. Unsere Berater sind bekannt f\u00fcr best\u00e4ndige Beratung, bew\u00e4hrte Methoden und die Konzentration auf praktische Ergebnisse. Mit globaler Reichweite und lokalem Verst\u00e4ndnis in ganz Nordrhein-Westfalen helfen wir Unternehmen, F\u00fchrungskr\u00e4fte zu finden, die Leistung und Stabilit\u00e4t st\u00e4rken.<\/p>\n<blockquote><p><strong>Wir sind ein Partner, der sich durch Klarheit, Professionalit\u00e4t und langfristigen Erfolg auszeichnet.<\/strong><\/p><\/blockquote>\n<h2>Top-Tier Executive Search Firma in K\u00f6ln<\/h2>\n<p>Unsere Arbeit im Executive Search konzentriert sich darauf, F\u00fchrungstalente mit wachstumswilligen Unternehmen zusammenzubringen. Wir kombinieren lokale Kenntnisse mit internationaler Reichweite, um F\u00fchrungskr\u00e4fte, Manager und Spezialisten zu finden, die eine Strategie in Ergebnisse umsetzen k\u00f6nnen. Jede Suche zielt darauf ab, eine Dynamik in Teams, Kultur und Betrieb aufzubauen.<\/p>\n<p>Verschiedene Unternehmen stehen vor unterschiedlichen Herausforderungen, doch der Schl\u00fcssel bleibt derselbe &#8211; die Ausrichtung der F\u00fchrung. Wir nehmen uns Zeit, um die interne Dynamik und die Ziele zu verstehen, und f\u00fchren den Prozess dann mit Diskretion und Fokus. Unsere Kunden erkennen unsere Best\u00e4ndigkeit und die ruhige, professionelle Art, mit der wir jede Suche durchf\u00fchren.<\/p>\n<p>Unser Ziel ist einfach. Wir helfen Unternehmen bei der Ernennung von F\u00fchrungskr\u00e4ften durch eine strukturierte Suche, eine durchdachte Bewertung und eine pers\u00f6nliche Unterst\u00fctzung, die Vertrauen und dauerhaften Wert schafft.<\/p>\n<h4>Bewertung<\/h4>\n<p>Jeder Auftrag beginnt mit dem Verst\u00e4ndnis der Struktur, der Ziele und der aktuellen Herausforderungen des Unternehmens. Wir definieren, wie Erfolg aussieht und erstellen ein klares Kandidatenprofil, das sowohl die gesch\u00e4ftlichen Priorit\u00e4ten als auch die kulturellen Erwartungen widerspiegelt. Die Beurteilung erstreckt sich nicht nur auf die F\u00e4higkeiten, sondern auch auf die Motivation, das Temperament und die Werte, damit die am besten geeigneten Kandidaten auf nat\u00fcrliche Weise an die Spitze gelangen.<\/p>\n<h4>Talentakquise<\/h4>\n<p>Wir greifen auf umfangreiche Netzwerke in ganz Deutschland und Europa zur\u00fcck und stellen so den Kontakt zu F\u00fchrungskr\u00e4ften her, die zwar nicht aktiv auf der Suche sind, aber dennoch offen f\u00fcr sinnvolle Karrierem\u00f6glichkeiten. Durch direkte Suche und moderne Rekrutierungstools identifizieren wir F\u00fchrungspers\u00f6nlichkeiten, die in der Lage sind, die Leistung in leitenden Managementpositionen zu steigern. Unsere Reichweite verbindet Effizienz mit Pr\u00e4zision.<\/p>\n<h4>Organisatorische Umwandlung<\/h4>\n<p>Unsere Beziehung zu unseren Kunden geht auch nach der Vermittlung weiter. Wir unterst\u00fctzen die Beurteilung von F\u00fchrungskr\u00e4ften, die Nachfolgeplanung und die Organisationsentwicklung, um die langfristige Leistung zu sichern. Dieser partnerschaftliche Ansatz st\u00e4rkt Teams, sch\u00e4rft die Strategie und st\u00e4rkt den Erfolg in ganz K\u00f6ln und Nordrhein-Westfalen.<\/p>\n<h2>Unser Ansatz f\u00fcr Executive Search Services<\/h2>\n<p>Unser Ansatz beginnt mit Klarheit. Wir h\u00f6ren zu, stellen detaillierte Fragen und stimmen die Suchstrategie mit der Gesch\u00e4ftsausrichtung des jeweiligen Kunden ab. Sobald wir die Position und die Erfolgskriterien definiert haben, kartieren wir den Markt und identifizieren, wo die richtigen F\u00fchrungskr\u00e4fte zu finden sind.<\/p>\n<p>Der Prozess folgt einer klaren Struktur. Die Entdeckung gibt die Ziele vor; die Recherche definiert den Talentpool; die direkte Suche f\u00fchrt zu diskreten Kontakten mit den Kandidaten. Bei den Bewertungen werden strukturierte Interviews, psychometrische Instrumente und Referenzpr\u00fcfungen kombiniert, die Aufschluss \u00fcber die F\u00fchrungsf\u00e4higkeiten und die kulturelle \u00dcbereinstimmung geben. Wir pr\u00e4sentieren eine \u00fcbersichtliche Auswahlliste mit transparenten Begr\u00fcndungen und Erkenntnissen f\u00fcr jeden Kandidaten. Die Vorstellungsgespr\u00e4che laufen in koordinierten Schritten ab, gefolgt von der Begleitung durch das Angebot und das Onboarding.<\/p>\n<p>Unsere Berater arbeiten mit etablierten Netzwerken und digitalen Plattformen &#8211; sozialen Medien, Berufsverb\u00e4nden und gezielter Werbung &#8211; und verbinden so die traditionelle Tiefe der Suche mit moderner Reichweite. In jeder Phase werden Fairness und Vertraulichkeit sowohl f\u00fcr Kunden als auch f\u00fcr Kandidaten gewahrt.<\/p>\n<p>Wir legen w\u00e4hrend des gesamten Rekrutierungsprozesses Wert auf Ethik, Vielfalt und Respekt. Im Vergleich zu Standardmodellen ist unsere Methode durchdacht und evidenzbasiert und erm\u00f6glicht es Unternehmen in K\u00f6ln, wichtige F\u00fchrungspositionen erfolgreich mit Spitzenkandidaten zu besetzen, die langfristige Ergebnisse erzielen.<\/p>\n<h2>Unsere Expertise als f\u00fchrende K\u00f6lner Executive Recruiter<\/h2>\n<p>Wir wissen, dass effektive F\u00fchrung von fachlichem Wissen und menschlichem Verst\u00e4ndnis abh\u00e4ngt. Unsere Berater verf\u00fcgen \u00fcber umfassende Branchenerfahrung in den Bereichen Technik, Energie, Konsumg\u00fcter, Handel und E-Commerce. Durch kontinuierliche Weiterbildung und den direkten Austausch mit Branchenspezialisten bleiben wir auf dem Laufenden.<\/p>\n<p>Jede Suche beginnt mit Zuh\u00f6ren. Wir passen unseren Ansatz an die Struktur, die F\u00fchrungskultur und die betrieblichen Gegebenheiten jedes Unternehmens an. Diese Pr\u00e4zision minimiert das Einstellungsrisiko und hilft neuen F\u00fchrungskr\u00e4ften, sich reibungslos in ihre Teams zu integrieren.<\/p>\n<p>Durch unsere Arbeit in ganz Deutschland und Europa haben wir eine globale Reichweite und bleiben gleichzeitig im K\u00f6lner Gesch\u00e4ftsumfeld verwurzelt. Wir pflegen ein professionelles, konsistentes und ergebnisorientiertes Vorgehen, das unsere Werte und die Ambitionen unserer Kunden widerspiegelt.<\/p>\n<h4>Einige Bereiche, auf die wir uns spezialisiert haben<\/h4>\n<p>Wir f\u00fchren die Suche nach F\u00fchrungskr\u00e4ften in verschiedenen Branchen durch, darunter Maschinenbau, Logistik, Energie, Handel und Konsumg\u00fcter. Unser Team unterst\u00fctzt auch Unternehmen in digitalen und technologiegetriebenen Branchen in ganz Nordrhein-Westfalen. Jede Suche wird von klaren Zielen, detaillierten Recherchen und der Zusammenarbeit mit unseren Kunden geleitet, um das richtige Ergebnis zu gew\u00e4hrleisten.<\/p>\n<h4>Beispiele f\u00fcr Rollen, f\u00fcr die wir rekrutieren<\/h4>\n<p>Wir rekrutieren f\u00fcr Senior- und C-Suite-Positionen in K\u00f6ln, wie Chief Financial Officer, Chief Operations Officer, VP Sales, VP Engineering, Head of Marketing und Plant Director. Wir finden auch erfahrene Spezialisten, die Teams leiten und zuk\u00fcnftige F\u00fchrungskr\u00e4fte entwickeln.<\/p>\n<blockquote><p><strong>Wenn Ihr Unternehmen plant, sein F\u00fchrungsteam zu verst\u00e4rken, kontaktieren Sie uns, um zu besprechen, wie wir Ihnen Top-Kandidaten f\u00fcr Ihre n\u00e4chste Position vorstellen k\u00f6nnen.<\/strong><\/p><\/blockquote>\n<h2>Warum Haldren bei der Rekrutierung einen ma\u00dfgeschneiderten Ansatz verfolgt<\/h2>\n<p>Jedes Unternehmen in K\u00f6ln agiert innerhalb einzigartiger Parameter &#8211; Eigent\u00fcmerstruktur, Marktbedingungen und interne Kultur. Ein standardisiertes Modell passt selten zu diesen Nuancen. Wir passen jeden Auftrag an die Bed\u00fcrfnisse, den Zeitplan und die Ressourcen des Unternehmens an.<\/p>\n<p>Unsere Berater stimmen alle Parteien fr\u00fchzeitig im Prozess ab und sorgen f\u00fcr Klarheit, bevor die Recherche beginnt. Strukturierte Interviews und Bewertungsinstrumente sorgen f\u00fcr Konsistenz, erlauben es den Kandidaten aber dennoch, ihre Individualit\u00e4t zu zeigen. Dieses Gleichgewicht f\u00fchrt zu genauen Erkenntnissen und sinnvollen Entscheidungen.<\/p>\n<p>Die Erfahrung hat uns gelehrt, dass Details und Kommunikation den Erfolg bestimmen. Regelm\u00e4\u00dfige Updates halten unsere Kunden auf dem Laufenden, und offenes Feedback hilft den Kandidaten, ihre Pr\u00e4sentation zu verfeinern. Unser ma\u00dfgeschneiderter Ansatz kombiniert Pr\u00e4zision, Transparenz und Respekt &#8211; und unterst\u00fctzt so langfristige Ergebnisse f\u00fcr Unternehmen und F\u00fchrungskr\u00e4fte.<\/p>\n<h2>Warum sollten Sie Haldren f\u00fcr Executive Search Services w\u00e4hlen?<\/h2>\n<p>Vertraulichkeit, Ethik und Professionalit\u00e4t bestimmen unsere Arbeitsweise. Wir sch\u00fctzen Informationen sorgf\u00e4ltig, respektieren die Privatsph\u00e4re aller Beteiligten und gew\u00e4hrleisten Integrit\u00e4t in jeder Interaktion.<\/p>\n<p>Unsere Zuverl\u00e4ssigkeit beruht auf Prozessdisziplin und dem Engagement der Berater. Jedes Projekt folgt strukturierten Meilensteinen und einer transparenten Kommunikation. Die Kunden in K\u00f6ln sch\u00e4tzen diese Klarheit &#8211; sie schafft Vertrauen und beschleunigt Entscheidungen. Unsere globale Reichweite erweitert die Auswahl an Kandidaten und bewahrt gleichzeitig den lokalen Einblick, der f\u00fcr eine erfolgreiche Vermittlung unerl\u00e4sslich ist.<\/p>\n<p>Wir konzentrieren uns darauf, geeignete Kandidaten vorzustellen, die sowohl zur Unternehmensstrategie als auch zur Unternehmenskultur passen. Jeder Schritt, von der Kontaktaufnahme bis zum Onboarding, unterst\u00fctzt eine reibungslose und produktive Zusammenarbeit zwischen F\u00fchrungskr\u00e4ften und Unternehmen.<\/p>\n<blockquote><p><strong>Wenn sich Ihr Unternehmen auf die Rekrutierung von F\u00fchrungskr\u00e4ften in K\u00f6ln vorbereitet, wenden Sie sich an Haldren, um ein vertrauliches Gespr\u00e4ch zu beginnen &#8211; oder kontaktieren Sie uns noch heute, um zu erfahren, wie unsere Executive Search Services Ihr F\u00fchrungsteam verst\u00e4rken k\u00f6nnen.<\/strong><\/p><\/blockquote>\n                            <\/div>\n        <\/div>\n    <\/div>\n<\/div>\n\n<div class=\"block-section accordion-main-section \">\n    <div class=\"container\">    \n                <div class=\"accordion-faqs\">\n            <h2 class=\"m-title\">Frequently Asked Questions (FAQs)<\/h2>\n                        <div class=\"item\">\n                <h3>Wie wahren Sie die Vertraulichkeit bei einer Personalberatung in K\u00f6ln?<\/h3>\n                <div class=\"faq-content\"><p>Wir sch\u00fctzen alle Informationen durch strenge Zugangskontrolle und sichere Kommunikation. Bei der Erbringung von Beratungsdienstleistungen erhalten nur bestimmte Beteiligte Updates, so dass in jeder Phase absolute Diskretion gew\u00e4hrleistet ist.<\/p>\n<\/div>\n            <\/div>\n                        <div class=\"item\">\n                <h3>Wer sind die am Executive Search Prozess beteiligten Parteien?<\/h3>\n                <div class=\"faq-content\"><p>Zu jedem Projekt geh\u00f6ren ein leitender Berater, ein Forschungsanalyst und ein Projektkoordinator. Wir stimmen uns eng mit den Interessenvertretern des Kunden ab und sorgen w\u00e4hrend des gesamten Prozesses f\u00fcr eine klare Kommunikation und definierte Verantwortlichkeiten, um F\u00fchrungspositionen zu besetzen.<\/p>\n<\/div>\n            <\/div>\n                        <div class=\"item\">\n                <h3>Wie bewerten Sie die F\u00e4higkeit zur F\u00fchrung und die kulturelle Eignung?<\/h3>\n                <div class=\"faq-content\"><p>Wir bewerten durch strukturierte Interviews, psychometrische Instrumente und Referenzgespr\u00e4che. Diese Kombination bietet einen ausgewogenen \u00dcberblick \u00fcber den F\u00fchrungsstil, die Entscheidungsfindung und die Anpassung an die Unternehmenskultur.<\/p>\n<\/div>\n            <\/div>\n                        <div class=\"item\">\n                <h3>Welche Unterst\u00fctzung bieten Sie nach der Platzierung an?<\/h3>\n                <div class=\"faq-content\"><p>Unser Engagement geht \u00fcber die Einstellung hinaus. Wir unterst\u00fctzen das Onboarding, f\u00fchren Nachpr\u00fcfungen durch und stehen f\u00fcr eine kontinuierliche Beratung zur Verf\u00fcgung, um sicherzustellen, dass sich jede Vermittlung zu einer erfolgreichen Zusammenarbeit entwickelt.<\/p>\n<\/div>\n            <\/div>\n                    <\/div>\n            <\/div>\n<\/div><\/div><div class=\"sidebar-wrapper\">\n<div class=\"wpcf7 no-js\" id=\"wpcf7-f50-o1\" lang=\"\" dir=\"ltr\" data-wpcf7-id=\"50\">\n<div class=\"screen-reader-response\"><p role=\"status\" aria-live=\"polite\" aria-atomic=\"true\"><\/p> <ul><\/ul><\/div>\n<form action=\"\/cologne\/wp-json\/wp\/v2\/pages\/179#wpcf7-f50-o1\" method=\"post\" class=\"wpcf7-form init\" aria-label=\"Contact form\" enctype=\"multipart\/form-data\" novalidate=\"novalidate\" data-status=\"init\">\n<fieldset class=\"hidden-fields-container\"><input type=\"hidden\" name=\"_wpcf7\" value=\"50\" \/><input type=\"hidden\" name=\"_wpcf7_version\" value=\"6.1.5\" \/><input type=\"hidden\" name=\"_wpcf7_locale\" value=\"\" \/><input type=\"hidden\" name=\"_wpcf7_unit_tag\" value=\"wpcf7-f50-o1\" \/><input type=\"hidden\" name=\"_wpcf7_container_post\" value=\"0\" \/><input type=\"hidden\" name=\"_wpcf7_posted_data_hash\" value=\"\" \/>\n<\/fieldset>\n<input class=\"wpcf7-form-control wpcf7-hidden\" id=\"utm_source\" value=\"\" type=\"hidden\" name=\"utm_source\" \/>\n<input class=\"wpcf7-form-control wpcf7-hidden\" id=\"utm_medium\" value=\"\" type=\"hidden\" name=\"utm_medium\" \/>\n<input class=\"wpcf7-form-control wpcf7-hidden\" id=\"sideform_user_country\" value=\"\" type=\"hidden\" name=\"userCountry\" \/>\n<div class=\"form-grid-layout\">\n\t<div class=\"form-title\">\n\t\t<h2 class=\"title\">Thrive with Top Talent<br \/>\n- No Upfronts Fees\n\t\t<\/h2>\n\t\t<p>Have it easier with video interview clips and a candidate shortlist within 2-3 weeks\n\t\t<\/p>\n\t<\/div>\n\t<div class=\"input-field\">\n\t\t<p><label for=\"\">Name<\/label><br \/>\n<span class=\"wpcf7-form-control-wrap\" data-name=\"full-Name\"><input size=\"40\" maxlength=\"400\" class=\"wpcf7-form-control wpcf7-text wpcf7-validates-as-required\" aria-required=\"true\" aria-invalid=\"false\" value=\"\" type=\"text\" name=\"full-Name\" \/><\/span>\n\t\t<\/p>\n\t<\/div>\n\t<div class=\"input-field\">\n\t\t<p><label for=\"\">Email Address<\/label><br \/>\n<span class=\"wpcf7-form-control-wrap\" data-name=\"email-address\"><input size=\"40\" maxlength=\"400\" class=\"wpcf7-form-control wpcf7-email wpcf7-validates-as-required wpcf7-text wpcf7-validates-as-email\" aria-required=\"true\" aria-invalid=\"false\" value=\"\" type=\"email\" name=\"email-address\" \/><\/span>\n\t\t<\/p>\n\t<\/div>\n\t<div class=\"input-field\">\n\t\t<p><label for=\"\">Company<\/label><br \/>\n<span class=\"wpcf7-form-control-wrap\" data-name=\"company\"><input size=\"40\" maxlength=\"400\" class=\"wpcf7-form-control wpcf7-text\" aria-invalid=\"false\" value=\"\" type=\"text\" name=\"company\" \/><\/span>\n\t\t<\/p>\n\t<\/div>\n\t<div class=\"radiobox-field\">\n\t\t<p><span class=\"wpcf7-form-control-wrap\" data-name=\"radio-721company-status\"><span class=\"wpcf7-form-control wpcf7-radio\"><span class=\"wpcf7-list-item first\"><label><input type=\"radio\" name=\"radio-721company-status\" value=\"{Employer}\" \/><span class=\"wpcf7-list-item-label\">Employer<\/span><\/label><\/span><span class=\"wpcf7-list-item last\"><label><input type=\"radio\" name=\"radio-721company-status\" value=\"{Candidate}\" \/><span class=\"wpcf7-list-item-label\">Candidate<\/span><\/label><\/span><\/span><\/span>\n\t\t<\/p>\n\t<\/div>\n\t<div class=\"input-field\">\n\t\t<p><span class=\"wpcf7-form-control-wrap\" data-name=\"file-upload\"><input size=\"40\" class=\"wpcf7-form-control wpcf7-file\" accept=\".pdf\" aria-invalid=\"false\" type=\"file\" name=\"file-upload\" \/><\/span>\n\t\t<\/p>\n\t<\/div>\n\t<div class=\"textarea-field\">\n\t\t<p><label for=\"\">How can we help you?<\/label><br \/>\n<span class=\"wpcf7-form-control-wrap\" data-name=\"message\"><textarea cols=\"40\" rows=\"10\" maxlength=\"2000\" class=\"wpcf7-form-control wpcf7-textarea\" aria-invalid=\"false\" name=\"message\"><\/textarea><\/span>\n\t\t<\/p>\n\t<\/div>\n\t<p><span id=\"wpcf7-6a01cbd73515e-wrapper\" class=\"wpcf7-form-control-wrap nickname-wrap\" ><input id=\"wpcf7-6a01cbd73515e-field\"  class=\"wpcf7-form-control wpcf7-text\" type=\"text\" name=\"nickname\" value=\"\" size=\"40\" tabindex=\"-1\" autocomplete=\"off\" \/><\/span>\n\t<\/p>\n\t<div class=\"form-term\">\n\t\t<p>Submission of this form means you have agreed to our <a href=\"\/privacy-policy\/\" title=\"\">Privacy Policy<\/a> and <a href=\"\/terms-of-service\/\" title=\"\">Terms Conditions<\/a>\n\t\t<\/p>\n\t<\/div>\n\t<div class=\"submit-btn\">\n\t\t<p><input class=\"wpcf7-form-control wpcf7-submit has-spinner btn-box\" type=\"submit\" value=\"Get in Touch\" \/>\n\t\t<\/p>\n\t<\/div>\n<\/div><div class=\"wpcf7-response-output\" aria-hidden=\"true\"><\/div>\n<\/form>\n<\/div>\n<\/div><\/div>\n\n\n<div class=\"block-section client-reviews-slider \" style=\"background-color: #119084\">  \n    <div class=\"container\">\n                <div class=\"splide client-slider\">\n            <div class=\"splide__track\">\n                <div class=\"splide__list\">\n                                        <div class=\"splide__slide\">\n                        <div class=\"content-box\">\n                            <div class=\"content\">\n                                <p>&#8220;Die Zusammenarbeit mit Haldren war unkompliziert und professionell. Die Berater haben gut zugeh\u00f6rt, den Prozess klar strukturiert und waren immer erreichbar. Wir haben zwei F\u00fchrungskr\u00e4fte in K\u00f6ln ernannt und sch\u00e4tzten die Diskretion und die Liebe zum Detail.<\/p>\n                            <\/div>\n                                                        <div class=\"name\">\n                                <strong>Lena K.<\/strong>, \n                                COO                            <\/div>\n                                                    <\/div>\n                    <\/div>\n                                        <div class=\"splide__slide\">\n                        <div class=\"content-box\">\n                            <div class=\"content\">\n                                <p>&#8220;Die Berater von Haldren haben unser Gesch\u00e4ft verstanden und eine gute Kommunikation gepflegt. Ihre Reichweite in ganz Deutschland und Europa war beeindruckend, aber sie konzentrierten sich auf das, was vor Ort wichtig ist. Unsere neuen F\u00fchrungskr\u00e4fte haben sich gut integriert und erste Ergebnisse geliefert.&#8221;<\/p>\n                            <\/div>\n                                                        <div class=\"name\">\n                                <strong>Markus H.<\/strong>, \n                                Personalleiter                            <\/div>\n                                                    <\/div>\n                    <\/div>\n                                        <div class=\"splide__slide\">\n                        <div class=\"content-box\">\n                            <div class=\"content\">\n                                <p>&#8220;Der Prozess war transparent, organisiert und respektvoll. Jeder vorgestellte Kandidat war gut vorbereitet und entsprach unseren Anforderungen. Der Einblick des Beraters gab uns Vertrauen in jede Entscheidung, und die Vermittlung ist weiterhin sehr erfolgreich.<\/p>\n                            <\/div>\n                                                        <div class=\"name\">\n                                <strong>Sabine T.<\/strong>, \n                                VP Technik                            <\/div>\n                                                    <\/div>\n                    <\/div>\n                                    <\/div>\n            <\/div>\n        <\/div>\n            <\/div>\n<\/div>","protected":false},"excerpt":{"rendered":"","protected":false},"author":10,"featured_media":0,"parent":169,"menu_order":0,"comment_status":"closed","ping_status":"closed","template":"","meta":{"_acf_changed":false,"footnotes":""},"class_list":["post-179","page","type-page","status-publish","hentry"],"acf":[],"lang":"de","translations":{"de":179,"en":66},"jetpack_sharing_enabled":true,"pll_sync_post":[],"_links":{"self":[{"href":"https:\/\/www.haldren.com\/cologne\/wp-json\/wp\/v2\/pages\/179","targetHints":{"allow":["GET"]}}],"collection":[{"href":"https:\/\/www.haldren.com\/cologne\/wp-json\/wp\/v2\/pages"}],"about":[{"href":"https:\/\/www.haldren.com\/cologne\/wp-json\/wp\/v2\/types\/page"}],"author":[{"embeddable":true,"href":"https:\/\/www.haldren.com\/cologne\/wp-json\/wp\/v2\/users\/10"}],"replies":[{"embeddable":true,"href":"https:\/\/www.haldren.com\/cologne\/wp-json\/wp\/v2\/comments?post=179"}],"version-history":[{"count":1,"href":"https:\/\/www.haldren.com\/cologne\/wp-json\/wp\/v2\/pages\/179\/revisions"}],"predecessor-version":[{"id":182,"href":"https:\/\/www.haldren.com\/cologne\/wp-json\/wp\/v2\/pages\/179\/revisions\/182"}],"up":[{"embeddable":true,"href":"https:\/\/www.haldren.com\/cologne\/wp-json\/wp\/v2\/pages\/169"}],"wp:attachment":[{"href":"https:\/\/www.haldren.com\/cologne\/wp-json\/wp\/v2\/media?parent=179"}],"curies":[{"name":"wp","href":"https:\/\/api.w.org\/{rel}","templated":true}]}}