{"id":245,"date":"2025-08-26T07:27:14","date_gmt":"2025-08-26T07:27:14","guid":{"rendered":"https:\/\/www.haldren.com\/dusseldorf\/?page_id=64"},"modified":"2025-11-03T06:36:57","modified_gmt":"2025-11-03T06:36:57","slug":"suche-nach-fuhrungskraften","status":"publish","type":"page","link":"https:\/\/www.haldren.com\/dusseldorf\/de\/talentwerving\/suche-nach-fuhrungskraften\/","title":{"rendered":"Suche nach F\u00fchrungskr\u00e4ften"},"content":{"rendered":"\n  <link rel=\"preload\" as=\"image\" href=\"https:\/\/www.haldren.com\/dusseldorf\/wp-content\/uploads\/sites\/23\/2025\/08\/dusseldorf-city-e1764151041146.webp\" fetchpriority=\"high\">\n  <style>\n    .inner-banner-section {\n      background-image: url('https:\/\/www.haldren.com\/dusseldorf\/wp-content\/uploads\/sites\/23\/2025\/08\/dusseldorf-city-e1764151041146.webp');\n      background-size: cover;\n      background-position: center;\n      background-repeat: no-repeat;\n    }\n\n    @media (max-width: 768px) {\n      .inner-banner-section {\n        background-image: url('https:\/\/www.haldren.com\/dusseldorf\/wp-content\/uploads\/sites\/23\/2025\/08\/dusseldorf-city-e1764151041146.webp');\n      }\n    }\n  <\/style>\n\n<div class=\"block-section inner-banner-section lazyload bg-sty section-gaps top-border-line\">\n  <div class=\"container-fluid\">\n    <div class=\"content-wrap\">\n      <h1 class=\"title\">\n        Executive Search Dienstleistungen in D\u00fcsseldorf      <\/h1>\n      <span style=\"font-size: 18px;\">Partnerschaften mit Unternehmensleitern, um die richtigen F\u00fchrungskr\u00e4fte f\u00fcr nachhaltiges Wachstum zu finden, zu bewerten und zu engagieren<\/span>\n    <\/div>\n  <\/div>\n<\/div>\n\n\n\n\n<div class=\"wp-block-custom-div-wrapper-block col-wrapper has-sidebar\"><div class=\"content-wrapper\" style=\"background-color:#002a26\">\n<div class=\"block-section section-gaps default-content-section \" \n     style=\"--text-color: #ffffff; --bg-color: #119084;\">\n    <div class=\"container\">\n        <div class=\"default-single-content-wrap\">\n            <div class=\"content-wrap\">\n                                    <h2 data-pm-slice=\"1 1 []\">Erstklassige Executive Search Dienstleistungen in D\u00fcsseldorf, Deutschland<\/h2>\n<p>Haldren bietet Executive Search Services in D\u00fcsseldorf an und unterst\u00fctzt Unternehmen in ganz Nordrhein-Westfalen und auf der ganzen Welt. Unsere Personalberater verbinden Branchenkenntnis mit einem praxisorientierten Ansatz, bei dem der Mensch im Mittelpunkt steht. So stellen wir sicher, dass jeder Auftrag von Transparenz, Professionalit\u00e4t und der Verpflichtung zu messbaren Ergebnissen geleitet wird.<\/p>\n<p>Wir halten in jeder Phase des Prozesses engen Kontakt zu unseren Kunden, von der ersten Beurteilung bis zur endg\u00fcltigen Vermittlung. Die Experten von Haldren konzentrieren sich darauf, die Unternehmensziele zu verstehen, bevor sie qualifizierte Kandidaten finden, die die Unternehmensleistung des Kunden f\u00f6rdern k\u00f6nnen. Ethisches Verhalten und Vertraulichkeit sind grundlegend f\u00fcr jede Suche, die wir durchf\u00fchren, um gegenseitiges Vertrauen mit jedem Unternehmen, das wir betreuen, zu gew\u00e4hrleisten.<\/p>\n<p>Unser F\u00fchrungsteam verf\u00fcgt \u00fcber langj\u00e4hrige Erfahrung in der Durchf\u00fchrung von Executive-Search-Projekten in verschiedenen Branchen in der Region D\u00fcsseldorf und in ganz Deutschland. Wir arbeiten schnell, ohne Kompromisse bei der Qualit\u00e4t einzugehen, und nutzen datengest\u00fctzte Erkenntnisse, um geeignete Kandidaten zu evaluieren, die mit der Vision und den Anforderungen des jeweiligen Unternehmens \u00fcbereinstimmen.<br \/>\n Haldren<\/p>\n<blockquote><p><strong>hilft Unternehmen, F\u00fchrungskr\u00e4fte zu finden, die durch Transparenz und Partnerschaft langfristigen Erfolg erzielen.<\/strong><\/p><\/blockquote>\n<h2>Top-Tier Executive Search Firma in D\u00fcsseldorf<\/h2>\n<p>Wir widmen uns der erstklassigen Suche nach F\u00fchrungskr\u00e4ften, weil wir der Meinung sind, dass F\u00fchrung den Erfolg jeder Organisation bestimmt. Unsere Experten helfen Unternehmen, Bewerber zu finden, die Managementpositionen st\u00e4rken, Mitarbeiter f\u00fchren, Strategien verfeinern und den Wandel in sich schnell ver\u00e4ndernden Branchen begleiten k\u00f6nnen.<\/p>\n<p>Kurz gesagt, unsere Mission ist es, Unternehmen dabei zu helfen, Top-Performer einzustellen, die Herausforderungen in F\u00fchrungspositionen annehmen und meistern k\u00f6nnen.<\/p>\n<h3>Bewertung<\/h3>\n<p>Jeder Auftrag beginnt damit, dass wir ein tiefes Verst\u00e4ndnis f\u00fcr das Gesch\u00e4ft des Kunden, die Priorit\u00e4ten des Managements und die Ziele der Organisation gewinnen. Wir definieren das ideale Kandidatenprofil auf der Grundlage harter F\u00e4higkeiten und Qualifikationen sowie kultureller Werte und Faktoren. Unsere Beurteilung geht \u00fcber die Erfahrung hinaus und ber\u00fccksichtigt Motivation, Kommunikationsstil und F\u00fchrungseigenschaften, um die besten Kandidaten f\u00fcr jede Position zu finden.<\/p>\n<h3>Talentakquise<\/h3>\n<p>Wir nutzen starke Netzwerke und unser Wissen \u00fcber die deutschen Branchen, um mit potenziellen Kandidaten in Kontakt zu treten, die den Erwartungen unserer Kunden entsprechen. Unsere Berater nutzen sowohl etablierte Rekrutierungsmethoden als auch moderne Suchtechnologien, um F\u00fchrungspers\u00f6nlichkeiten zu identifizieren, die bereit sind, leitende Positionen und C-Suite-Positionen, wie z. B. die des Gesch\u00e4ftsf\u00fchrers, zu \u00fcbernehmen. Dieser Ansatz erm\u00f6glicht es uns, Fachleute zu erreichen, die \u00fcber herk\u00f6mmliche Rekrutierungsdienste oft nicht zu erreichen sind.<\/p>\n<h3>Organisatorische Umwandlung<\/h3>\n<p>Indem wir die Einstellungsstrategie mit den Unternehmenszielen abstimmen, helfen wir unseren Kunden, ihr Wachstum aufrechtzuerhalten, ihre Managementteams zu st\u00e4rken und sich auf zuk\u00fcnftige Herausforderungen vorzubereiten. \u00dcber die Einstellung hinaus unterst\u00fctzen wir die langfristige Entwicklung durch Beratungsdienste, die auf die Gew\u00e4hrleistung eines dauerhaften Erfolgs ausgerichtet sind. Dazu geh\u00f6rt die Unterst\u00fctzung bei der Beurteilung von F\u00fchrungskr\u00e4ften, der Nachfolgeplanung und der Leistungsbeurteilung.<\/p>\n<h2>Unser Ansatz bei der Suche nach F\u00fchrungskr\u00e4ften<\/h2>\n<p>Unsere Methodik f\u00fcr die Suche nach F\u00fchrungskr\u00e4ften spiegelt die jahrelange Verfeinerung und Zusammenarbeit mit Unternehmen aus verschiedenen Branchen wider, vom Anlagenbau \u00fcber die Automobilindustrie bis hin zu Technologie und professionellen Dienstleistungen. Jedes Projekt beginnt mit einer Erkundungsphase, in der wir die Lebensl\u00e4ufe, die Unternehmenskultur, die Teamdynamik und die Erwartungen des Managements analysieren. Auf der Grundlage dieser Erkenntnisse leiten wir jede Phase unseres Rekrutierungsprozesses, um Klarheit, Konsistenz und \u00dcbereinstimmung zu gew\u00e4hrleisten.<\/p>\n<p>Anschlie\u00dfend f\u00fchren wir eine Marktanalyse durch, um potenzielle Kandidaten zu identifizieren, die dem vereinbarten Kandidatenprofil entsprechen. W\u00e4hrend des Sourcings sprechen wir sowohl aktive als auch passive Kandidaten \u00fcber digitale Plattformen, pers\u00f6nliche Netzwerke und direkte Ansprache an. In strukturierten Interviews k\u00f6nnen wir die F\u00fchrungsqualit\u00e4ten, die technischen F\u00e4higkeiten und die Motivationsfaktoren der Kandidaten beurteilen. Au\u00dferdem bewerten wir die Kompatibilit\u00e4t des Teams und die \u00dcbereinstimmung mit der Vision des Kunden.<\/p>\n<p>Sobald eine Auswahlliste erstellt wurde, pr\u00e4sentieren wir diese zusammen mit transparenten Daten und Erkenntnissen, um sicherzustellen, dass die Kunden \u00fcber die Informationen verf\u00fcgen, die sie ben\u00f6tigen, um sichere Einstellungsentscheidungen zu treffen.<\/p>\n<p>Jeder Schritt unseres Prozesses wird von einem Engagement f\u00fcr Qualit\u00e4t und ethische Rekrutierungsstandards geleitet. Das professionelle Verhalten unserer Berater, die Gleichberechtigung mit unseren Kunden und die Fokussierung auf nachhaltige Ergebnisse unterscheiden unsere Arbeit von Standard-Recruiting-Methoden.<\/p>\n<p>Durch die Kombination von analytischer Strenge und menschlichem Verst\u00e4ndnis identifizieren wir geeignete Kandidaten, die messbare Ergebnisse liefern k\u00f6nnen.<\/p>\n<h2>Unsere Expertise als f\u00fchrende D\u00fcsseldorfer Executive Recruiter<\/h2>\n<p>Die Expertise unserer Berater liegt darin, Branchen zu verstehen und dieses Wissen in umsetzbare Einstellungsstrategien zu \u00fcbersetzen. Jedes Mitglied unseres Teams verf\u00fcgt \u00fcber umfassende Erfahrung in der Beurteilung von Managementkandidaten, in der Beratung unserer Kunden zu Gehaltsbenchmarks und in der Sicherstellung der h\u00f6chsten Qualit\u00e4t bei der Besetzung von F\u00fchrungspositionen. Wir entwickeln unseren Ansatz auf der Grundlage von Marktdaten, Kandidatenfeedback und Kundenergebnissen kontinuierlich weiter.<\/p>\n<h4>Einige Bereiche, auf die wir uns spezialisiert haben<\/h4>\n<p>Wir arbeiten mit Unternehmen in ganz D\u00fcsseldorf und Nordrhein-Westfalen aus den Branchen Automotive, Technologie, Professional Services und Anlagenbau zusammen. Zu unseren Kunden z\u00e4hlen etablierte Hersteller, Familienunternehmen und internationale Organisationen, die erfahrene Manager und F\u00fchrungskr\u00e4fte suchen. Der Fokus unserer Berater liegt dabei stets auf der Ausrichtung der Rekrutierungsergebnisse an den langfristigen Unternehmenszielen des Kunden.<\/p>\n<h4>Beispiele f\u00fcr Rollen, f\u00fcr die wir rekrutieren<\/h4>\n<p>Wir sind spezialisiert auf Positionen auf Senior- und Executive-Ebene, einschlie\u00dflich Managing Director, Plant Manager, Chief Financial Officer und andere C-Suite-F\u00fchrungskr\u00e4fte. Unser Team \u00fcbernimmt auch die Suche nach Fachleuten f\u00fcr Management- und kaufm\u00e4nnische F\u00fchrungspositionen und stellt sicher, dass jede Einstellung sowohl zur Kultur als auch zur Strategie passt.<\/p>\n<blockquote><p><strong>Um zu besprechen, wie Haldren Ihnen helfen kann, die richtigen F\u00fchrungskr\u00e4fte zu finden, kontaktieren Sie uns noch heute. Wir sind bereit, Ihnen Einblicke zu geben, Fragen zu beantworten und Ihnen dabei zu helfen, mit Vertrauen einzustellen.<\/strong><\/p><\/blockquote>\n<h2>Warum Haldren einen ma\u00dfgeschneiderten Ansatz f\u00fcr die Personalbeschaffung verwendet<\/h2>\n<p>Jedes Unternehmen steht vor einzigartigen Herausforderungen. Wir haben die Erfahrung gemacht, dass keine zwei Suchen identisch sind, auch nicht innerhalb desselben Sektors. Deshalb passen wir die Einstellung von F\u00fchrungskr\u00e4ften an die individuellen Bed\u00fcrfnisse unserer Kunden an.<\/p>\n<p>Unsere Berater erinnern sich lebhaft an vergangene Auftr\u00e4ge, die zeigen, warum ein ma\u00dfgeschneiderter Ansatz so wichtig ist. In einem Beispiel hatte ein Kunde Schwierigkeiten, motivierte Kandidaten f\u00fcr eine spezialisierte Stelle im technischen Management zu finden. Die Anwendung allgemeiner Rekrutierungsmethoden funktionierte nicht. Durch die Neudefinition des Aufgabenbereichs, die Festlegung kultureller Erwartungen und den Einsatz spezieller Instrumente zur Bewertung von Soft Skills konnten wir jedoch Fachleute finden, die die Leistungsziele nicht nur erf\u00fcllten, sondern sogar \u00fcbertrafen.<\/p>\n<p>Bei allgemeinen Rekrutierungsmethoden werden oft wichtige Nuancen \u00fcbersehen. Bei Haldren konzentrieren wir uns darauf, den tieferen Kontext zu verstehen, z. B. warum eine Stelle existiert, wie sie die Unternehmensziele unterst\u00fctzt und welche Qualit\u00e4ten die besten Kandidaten f\u00fcr dieses Umfeld auszeichnen. Dieses Ma\u00df an Detailgenauigkeit f\u00fchrt zu messbaren Ergebnissen und hat es unserer Agentur erm\u00f6glicht, dauerhafte Kundenbeziehungen aufzubauen.<\/p>\n<h2>Warum Haldren f\u00fcr die Suche nach F\u00fchrungskr\u00e4ften w\u00e4hlen?<\/h2>\n<p>Unternehmen entscheiden sich f\u00fcr Haldren, weil wir uns zu Integrit\u00e4t, Vertraulichkeit und Partnerschaft verpflichtet haben. Jede Suche wird von einem konsistenten Prozess geleitet, der darauf ausgelegt ist, die Privatsph\u00e4re zu sch\u00fctzen, Transparenz zu wahren und ethische Standards zu gew\u00e4hrleisten. Wir wahren w\u00e4hrend der gesamten Suche Diskretion und stellen sicher, dass sowohl Klienten als auch Kandidaten einen vertrauensvollen Prozess erleben.<\/p>\n<p>Unser Team nimmt auch aktiv an Branchendiskussionen in ganz Deutschland teil, um Erkenntnisse und Perspektiven mit Fachleuten aus Bereichen wie Management, Ingenieurwesen und Technologie auszutauschen. Durch dieses kontinuierliche Lernen sind unsere Headhunter immer auf dem neuesten Stand, was die Entwicklung des Personalbedarfs angeht, und k\u00f6nnen so ihre Rekrutierungsstrategien effektiv und ethisch korrekt anpassen.<\/p>\n<p>Mit unserer globalen Reichweite und unserem tiefgreifenden Verst\u00e4ndnis der deutschen Branchen helfen unsere Rekrutierungsexperten Ihnen, sichere F\u00fchrungsentscheidungen zu treffen. Unser Fokus auf Qualit\u00e4t, Daten und Zusammenarbeit erm\u00f6glicht es uns, Ergebnisse zu liefern, die den Test der Zeit bestehen.<\/p>\n<blockquote><p><strong>Wenn Sie einen Partner f\u00fcr Ihre n\u00e4chste Suche nach F\u00fchrungskr\u00e4ften in Betracht ziehen, wenden Sie sich noch heute an Haldren. Unser Team bespricht gerne mit Ihnen Ihre Bed\u00fcrfnisse, gibt Ihnen Einblicke und erl\u00e4utert Ihnen, wie wir Ihnen helfen k\u00f6nnen, die besten Kandidaten f\u00fcr die Zukunft Ihres Unternehmens zu finden.<\/strong><\/p><\/blockquote>\n                            <\/div>\n        <\/div>\n    <\/div>\n<\/div>\n\n<div class=\"block-section accordion-main-section \">\n    <div class=\"container\">    \n                <div class=\"accordion-faqs\">\n            <h2 class=\"m-title\">Frequently Asked Questions (FAQs)<\/h2>\n                        <div class=\"item\">\n                <h3>Wie bewertet Haldren die Kandidaten w\u00e4hrend des Executive Search Prozesses?<\/h3>\n                <div class=\"faq-content\"><p data-pm-slice=\"1 1 []\">Wir verwenden strukturierte Interviews und spezielle Instrumente, um sowohl technische F\u00e4higkeiten als auch F\u00fchrungsqualit\u00e4ten zu bewerten. So stellen wir sicher, dass die Bewerber die beruflichen Anforderungen erf\u00fcllen und gleichzeitig mit der Unternehmenskultur \u00fcbereinstimmen.<\/p>\n<\/div>\n            <\/div>\n                        <div class=\"item\">\n                <h3>Welche Ma\u00dfnahmen zur Wahrung der Vertraulichkeit gibt es w\u00e4hrend des Einstellungsverfahrens?<\/h3>\n                <div class=\"faq-content\"><p data-pm-slice=\"1 1 []\">Vertraulichkeit ist ein zentraler Punkt bei jedem Auftrag. Wir behandeln alle Kunden- und Bewerberdaten nach strengen Datenschutzstandards, damit die Informationen w\u00e4hrend des gesamten Prozesses gesch\u00fctzt bleiben.<\/p>\n<\/div>\n            <\/div>\n                        <div class=\"item\">\n                <h3>Wie lange dauert die Suche nach einer F\u00fchrungskraft in der Regel?<\/h3>\n                <div class=\"faq-content\"><p data-pm-slice=\"1 1 []\">Der Zeitplan h\u00e4ngt von der Komplexit\u00e4t der Stelle und der Branche ab. Unsere Berater stehen in engem Kontakt mit den Kunden, um sie auf dem Laufenden zu halten und sicherzustellen, dass der Prozess effizient und ohne Qualit\u00e4tseinbu\u00dfen abl\u00e4uft.<\/p>\n<\/div>\n            <\/div>\n                        <div class=\"item\">\n                <h3>Was unterscheidet Haldren von anderen Executive-Search-Spezialisten?<\/h3>\n                <div class=\"faq-content\"><p data-pm-slice=\"1 1 []\">Unsere Berater kombinieren langj\u00e4hrige Erfahrung mit datengest\u00fctzten Erkenntnissen, ethischen Praktiken und einem pers\u00f6nlichen Fokus auf die Bed\u00fcrfnisse jedes einzelnen Kundenunternehmens. Dieses Gleichgewicht aus Professionalit\u00e4t und menschlichem Verst\u00e4ndnis zeichnet unsere Dienstleistungen aus.<\/p>\n<\/div>\n            <\/div>\n                    <\/div>\n            <\/div>\n<\/div><\/div><div class=\"sidebar-wrapper\">\n<div class=\"wpcf7 no-js\" id=\"wpcf7-f40-o1\" lang=\"\" dir=\"ltr\" data-wpcf7-id=\"40\">\n<div class=\"screen-reader-response\"><p role=\"status\" aria-live=\"polite\" aria-atomic=\"true\"><\/p> <ul><\/ul><\/div>\n<form action=\"\/dusseldorf\/wp-json\/wp\/v2\/pages\/245#wpcf7-f40-o1\" method=\"post\" class=\"wpcf7-form init\" aria-label=\"Contact form\" enctype=\"multipart\/form-data\" novalidate=\"novalidate\" data-status=\"init\">\n<fieldset class=\"hidden-fields-container\"><input type=\"hidden\" name=\"_wpcf7\" value=\"40\" \/><input type=\"hidden\" name=\"_wpcf7_version\" value=\"6.1.5\" \/><input type=\"hidden\" name=\"_wpcf7_locale\" value=\"\" \/><input type=\"hidden\" name=\"_wpcf7_unit_tag\" value=\"wpcf7-f40-o1\" \/><input type=\"hidden\" name=\"_wpcf7_container_post\" value=\"0\" \/><input type=\"hidden\" name=\"_wpcf7_posted_data_hash\" value=\"\" \/>\n<\/fieldset>\n<input class=\"wpcf7-form-control wpcf7-hidden\" id=\"utm_source\" value=\"\" type=\"hidden\" name=\"utm_source\" \/>\n<input class=\"wpcf7-form-control wpcf7-hidden\" id=\"utm_medium\" value=\"\" type=\"hidden\" name=\"utm_medium\" \/>\n<input class=\"wpcf7-form-control wpcf7-hidden\" id=\"sideform_user_country\" value=\"\" type=\"hidden\" name=\"userCountry\" \/>\n<div class=\"form-grid-layout\">\n\t<div class=\"form-title\">\n\t\t<h2 class=\"title\">Thrive with Top Talent<br \/>\n- No Upfronts Fees\n\t\t<\/h2>\n\t\t<p>Have it easier with video interview clips and a candidate shortlist within 2-3 weeks\n\t\t<\/p>\n\t<\/div>\n\t<div class=\"input-field\">\n\t\t<p><label for=\"\">Name<\/label><br \/>\n<span class=\"wpcf7-form-control-wrap\" data-name=\"full-Name\"><input size=\"40\" maxlength=\"400\" class=\"wpcf7-form-control wpcf7-text wpcf7-validates-as-required\" aria-required=\"true\" aria-invalid=\"false\" value=\"\" type=\"text\" name=\"full-Name\" \/><\/span>\n\t\t<\/p>\n\t<\/div>\n\t<div class=\"input-field\">\n\t\t<p><label for=\"\">Email Address<\/label><br \/>\n<span class=\"wpcf7-form-control-wrap\" data-name=\"email-address\"><input size=\"40\" maxlength=\"400\" class=\"wpcf7-form-control wpcf7-email wpcf7-validates-as-required wpcf7-text wpcf7-validates-as-email\" aria-required=\"true\" aria-invalid=\"false\" value=\"\" type=\"email\" name=\"email-address\" \/><\/span>\n\t\t<\/p>\n\t<\/div>\n\t<div class=\"input-field\">\n\t\t<p><label for=\"\">Company<\/label><br \/>\n<span class=\"wpcf7-form-control-wrap\" data-name=\"company\"><input size=\"40\" maxlength=\"400\" class=\"wpcf7-form-control wpcf7-text\" aria-invalid=\"false\" value=\"\" type=\"text\" name=\"company\" \/><\/span>\n\t\t<\/p>\n\t<\/div>\n\t<div class=\"radiobox-field\">\n\t\t<p><span class=\"wpcf7-form-control-wrap\" data-name=\"radio-721company-status\"><span class=\"wpcf7-form-control wpcf7-radio\"><span class=\"wpcf7-list-item first\"><label><input type=\"radio\" name=\"radio-721company-status\" value=\"{Employer}\" \/><span class=\"wpcf7-list-item-label\">Employer<\/span><\/label><\/span><span class=\"wpcf7-list-item last\"><label><input type=\"radio\" name=\"radio-721company-status\" value=\"{Candidate}\" \/><span class=\"wpcf7-list-item-label\">Candidate<\/span><\/label><\/span><\/span><\/span>\n\t\t<\/p>\n\t<\/div>\n\t<div class=\"input-field\">\n\t\t<p><span class=\"wpcf7-form-control-wrap\" data-name=\"file-upload\"><input size=\"40\" class=\"wpcf7-form-control wpcf7-file\" accept=\".pdf\" aria-invalid=\"false\" type=\"file\" name=\"file-upload\" \/><\/span>\n\t\t<\/p>\n\t<\/div>\n\t<div class=\"textarea-field\">\n\t\t<p><label for=\"\">How can we help you?<\/label><br \/>\n<span class=\"wpcf7-form-control-wrap\" data-name=\"message\"><textarea cols=\"40\" rows=\"10\" maxlength=\"2000\" class=\"wpcf7-form-control wpcf7-textarea\" aria-invalid=\"false\" name=\"message\"><\/textarea><\/span>\n\t\t<\/p>\n\t<\/div>\n\t<p><span id=\"wpcf7-69fc8c7d33f0f-wrapper\" class=\"wpcf7-form-control-wrap nickname-wrap\" ><input id=\"wpcf7-69fc8c7d33f0f-field\"  class=\"wpcf7-form-control wpcf7-text\" type=\"text\" name=\"nickname\" value=\"\" size=\"40\" tabindex=\"-1\" autocomplete=\"off\" \/><\/span>\n\t<\/p>\n\t<div class=\"form-term\">\n\t\t<p>Submission of this form means you have agreed to our <a href=\"\/privacy-policy\/\" title=\"\">Privacy Policy<\/a> and <a href=\"\/terms-of-service\/\" title=\"\">Terms Conditions<\/a>\n\t\t<\/p>\n\t<\/div>\n\t<div class=\"submit-btn\">\n\t\t<p><input class=\"wpcf7-form-control wpcf7-submit has-spinner btn-box\" type=\"submit\" value=\"Get in Touch\" \/>\n\t\t<\/p>\n\t<\/div>\n<\/div><div class=\"wpcf7-response-output\" aria-hidden=\"true\"><\/div>\n<\/form>\n<\/div>\n<\/div><\/div>\n\n\n<div class=\"block-section client-reviews-slider \" style=\"background-color: #119084\">  \n    <div class=\"container\">\n                <div class=\"splide client-slider\">\n            <div class=\"splide__track\">\n                <div class=\"splide__list\">\n                                        <div class=\"splide__slide\">\n                        <div class=\"content-box\">\n                            <div class=\"content\">\n                                <p data-pm-slice=\"1 1 []\">&#8220;Das Team von Haldren war w\u00e4hrend unseres gesamten Executive-Search-Projekts professionell, einf\u00fchlsam und reaktionsschnell. Sie haben unsere Herausforderungen verstanden und qualifizierte Mitarbeiter gefunden, die zu unserer Arbeitskultur passen. Der Prozess war effizient, und wir hatten das Gef\u00fchl, dass sie alles mit echter Sorgfalt behandelt haben.<\/p>\n                            <\/div>\n                                                        <div class=\"name\">\n                                <strong>Ulrich K.<\/strong>, \n                                Gesch\u00e4ftsf\u00fchrender Direktor                            <\/div>\n                                                    <\/div>\n                    <\/div>\n                                        <div class=\"splide__slide\">\n                        <div class=\"content-box\">\n                            <div class=\"content\">\n                                <p data-pm-slice=\"1 1 []\">&#8220;Wir haben mit Haldren bereits bei mehreren Managementpositionen zusammengearbeitet und waren immer von ihrer F\u00e4higkeit beeindruckt, Kandidaten zu finden, die perfekt zu unseren Anforderungen passen. Die Professionalit\u00e4t der Berater und ihr Verst\u00e4ndnis f\u00fcr unsere Branche haben einen echten Unterschied gemacht. Wie immer eine gro\u00dfartige Erfahrung mit Haldren.&#8221;<\/p>\n                            <\/div>\n                                                        <div class=\"name\">\n                                <strong>Thomas R.<\/strong>, \n                                Leiterin der Personalabteilung                            <\/div>\n                                                    <\/div>\n                    <\/div>\n                                        <div class=\"splide__slide\">\n                        <div class=\"content-box\">\n                            <div class=\"content\">\n                                <p data-pm-slice=\"1 1 []\">&#8220;Unser Unternehmen brauchte einen neuen Manager in einer Zeit, in der wir einige gro\u00dfe Ver\u00e4nderungen durchliefen. Haldren begleitete den Einstellungsprozess mit Geduld und half uns, eine F\u00fchrungskraft einzustellen, die unsere Erwartungen bereits \u00fcbertroffen hat. Hervorragende Arbeit!&#8221;<\/p>\n                            <\/div>\n                                                        <div class=\"name\">\n                                <strong>Anja S.<\/strong>, \n                                Leitende HR-Fachkraft                            <\/div>\n                                                    <\/div>\n                    <\/div>\n                                    <\/div>\n            <\/div>\n        <\/div>\n            <\/div>\n<\/div>","protected":false},"excerpt":{"rendered":"","protected":false},"author":10,"featured_media":0,"parent":242,"menu_order":0,"comment_status":"closed","ping_status":"closed","template":"","meta":{"_acf_changed":false,"footnotes":""},"class_list":["post-245","page","type-page","status-publish","hentry"],"acf":[],"lang":"de","translations":{"de":245,"en":64},"jetpack_sharing_enabled":true,"pll_sync_post":[],"_links":{"self":[{"href":"https:\/\/www.haldren.com\/dusseldorf\/wp-json\/wp\/v2\/pages\/245","targetHints":{"allow":["GET"]}}],"collection":[{"href":"https:\/\/www.haldren.com\/dusseldorf\/wp-json\/wp\/v2\/pages"}],"about":[{"href":"https:\/\/www.haldren.com\/dusseldorf\/wp-json\/wp\/v2\/types\/page"}],"author":[{"embeddable":true,"href":"https:\/\/www.haldren.com\/dusseldorf\/wp-json\/wp\/v2\/users\/10"}],"replies":[{"embeddable":true,"href":"https:\/\/www.haldren.com\/dusseldorf\/wp-json\/wp\/v2\/comments?post=245"}],"version-history":[{"count":1,"href":"https:\/\/www.haldren.com\/dusseldorf\/wp-json\/wp\/v2\/pages\/245\/revisions"}],"predecessor-version":[{"id":269,"href":"https:\/\/www.haldren.com\/dusseldorf\/wp-json\/wp\/v2\/pages\/245\/revisions\/269"}],"up":[{"embeddable":true,"href":"https:\/\/www.haldren.com\/dusseldorf\/wp-json\/wp\/v2\/pages\/242"}],"wp:attachment":[{"href":"https:\/\/www.haldren.com\/dusseldorf\/wp-json\/wp\/v2\/media?parent=245"}],"curies":[{"name":"wp","href":"https:\/\/api.w.org\/{rel}","templated":true}]}}