{"id":249,"date":"2025-08-26T07:53:02","date_gmt":"2025-08-26T07:53:02","guid":{"rendered":"https:\/\/www.haldren.com\/dusseldorf\/?page_id=76"},"modified":"2025-11-03T06:36:47","modified_gmt":"2025-11-03T06:36:47","slug":"rekrutierung","status":"publish","type":"page","link":"https:\/\/www.haldren.com\/dusseldorf\/de\/talentwerving\/rekrutierung\/","title":{"rendered":"Rekrutierung"},"content":{"rendered":"\n  <link rel=\"preload\" as=\"image\" href=\"https:\/\/www.haldren.com\/dusseldorf\/wp-content\/uploads\/sites\/23\/2025\/08\/dusseldorf-city-e1764151041146.webp\" fetchpriority=\"high\">\n  <style>\n    .inner-banner-section {\n      background-image: url('https:\/\/www.haldren.com\/dusseldorf\/wp-content\/uploads\/sites\/23\/2025\/08\/dusseldorf-city-e1764151041146.webp');\n      background-size: cover;\n      background-position: center;\n      background-repeat: no-repeat;\n    }\n\n    @media (max-width: 768px) {\n      .inner-banner-section {\n        background-image: url('https:\/\/www.haldren.com\/dusseldorf\/wp-content\/uploads\/sites\/23\/2025\/08\/dusseldorf-city-e1764151041146.webp');\n      }\n    }\n  <\/style>\n\n<div class=\"block-section inner-banner-section lazyload bg-sty section-gaps top-border-line\">\n  <div class=\"container-fluid\">\n    <div class=\"content-wrap\">\n      <h1 class=\"title\">\n        Personaldienstleistungen in D\u00fcsseldorf      <\/h1>\n      <span style=\"font-size: 18px;\">Fachkundige Personalberatung f\u00fcr Arbeitgeber in ganz D\u00fcsseldorf und Deutschland, die talentierte F\u00fchrungskr\u00e4fte suchen<\/span>\n    <\/div>\n  <\/div>\n<\/div>\n\n\n\n\n<div class=\"wp-block-custom-div-wrapper-block col-wrapper has-sidebar\"><div class=\"content-wrapper\" style=\"background-color:#002a26\">\n<div class=\"block-section section-gaps default-content-section \" \n     style=\"--text-color: #ffffff; --bg-color: #119084;\">\n    <div class=\"container\">\n        <div class=\"default-single-content-wrap\">\n            <div class=\"content-wrap\">\n                                    <h2 data-pm-slice=\"1 1 []\">Erstklassige Personaldienstleistungen in D\u00fcsseldorf<\/h2>\n<p>Der Ansatz von Haldren bei der Personalvermittlung in D\u00fcsseldorf basiert auf einem einfachen Fundament aus Pr\u00e4zision, Partnerschaft und einem starken ethischen Kompass. Wir sind bekannt f\u00fcr unsere Professionalit\u00e4t und unser echtes Verst\u00e4ndnis der lokalen und internationalen M\u00e4rkte. F\u00fcr uns ist jedes Rekrutierungsprojekt eine Chance, unseren Kunden Transparenz, Vertraulichkeit und Unterst\u00fctzung auf der Grundlage praktischer Erfahrung zu bieten.<\/p>\n<p>Wir verstehen uns als vertrauensw\u00fcrdige Berater f\u00fcr Arbeitgeber und Bewerber gleicherma\u00dfen und arbeiten eng zusammen, um die spezifischen Bed\u00fcrfnisse, die f\u00fcr Einstellungsentscheidungen ausschlaggebend sind, auf den Punkt zu bringen. Jeder Recruiter in unserem Team bringt eine F\u00fclle von Branchenkenntnissen und praktischer Erfahrung mit, die ihn in die Lage versetzen, die richtigen Stellen zu identifizieren und langfristige Stellenbesetzungen zu f\u00f6rdern. Unsere D\u00fcsseldorfer Personalagentur hat sich zu h\u00f6chster Diskretion verpflichtet, um unseren Kunden zu helfen, die Fachkr\u00e4fte zu finden, die wirklich zu ihren Unternehmenszielen passen, ohne ihre Privatsph\u00e4re zu opfern.<\/p>\n<p>Unsere Rekrutierungsexperten bringen Arbeitgeber und Bewerber durch vertrauensw\u00fcrdige, ethische und effektive Methoden zusammen, die zu echtem Erfolg f\u00fchren.<br \/>\n Haldren hebt<\/p>\n<blockquote><p><strong>sich durch sein Engagement f\u00fcr Partnerschaft, Pr\u00e4zision und ethische Rekrutierung ab, die Unternehmen in ganz Deutschland st\u00e4rkt.<\/strong><\/p><\/blockquote>\n<h2>Top-Tier Executive Search Firma in D\u00fcsseldorf<\/h2>\n<p>Als eine der f\u00fchrenden Personalagenturen in Deutschland bieten wir mit Leidenschaft Personaldienstleistungen an, die Unternehmen wirklich st\u00e4rken und Karrieren zum Bl\u00fchen bringen. Wir helfen Arbeitgebern, Teams aufzubauen, die Leistung, Wachstum und Innovation f\u00f6rdern. Unsere Berater arbeiten mit einem tiefen Verst\u00e4ndnis f\u00fcr die Unternehmensziele und helfen Unternehmen, Talente einzustellen, die sich sowohl in der Kultur als auch in der strategischen Ausrichtung des Unternehmens zu Hause f\u00fchlen. Dieses Engagement macht uns zu einem angesehenen Partner und Marktf\u00fchrer bei der Rekrutierung von F\u00fchrungskr\u00e4ften auf dem D\u00fcsseldorfer Markt.<\/p>\n<h3>Bewertung<\/h3>\n<p>Unser Prozess beginnt immer mit einem ausf\u00fchrlichen Gespr\u00e4ch, in dem wir die Struktur, die Ziele und den Rekrutierungsbedarf Ihres Unternehmens analysieren. Wir bewerten die gesch\u00e4ftlichen Priorit\u00e4ten und die Erwartungen an die Rolle, um ein ideales Kandidatenprofil zu erstellen. Wir nehmen uns auch die Zeit, die Anforderungen an die Arbeitsmoral, den F\u00fchrungsstil und die Motivation des Kandidaten zu bewerten, um sicherzustellen, dass die von uns ausgew\u00e4hlten Bewerber gut zur Kultur und den langfristigen Anforderungen Ihres Unternehmens passen.<\/p>\n<h3>Talentakquise<\/h3>\n<p>Wir nutzen unsere umfangreichen Netzwerke, wenden uns direkt an Sie und verwenden die neuesten digitalen Rekrutierungstools, um sowohl mit aktiven als auch mit passiven Kandidaten in Kontakt zu treten. Unsere Berater wenden gezielte Methoden an, um Fachkr\u00e4fte zu finden, deren Qualifikationen und Visionen zu Ihrer Unternehmensausrichtung passen. Jede Suche ist eine Mischung aus menschlichem Verst\u00e4ndnis und datengesteuerten Methoden, die darauf ausgelegt ist, au\u00dfergew\u00f6hnliche Einstellungsergebnisse in Deutschland zu erzielen.<\/p>\n<h3>Organisatorische Umwandlung<\/h3>\n<p>Unsere Unterst\u00fctzung f\u00fcr unsere Kunden geht weit \u00fcber die erste Vermittlung hinaus. Wir bauen langfristige Rekrutierungspartnerschaften auf, indem wir bei der Beurteilung von F\u00fchrungskr\u00e4ften, der Nachfolgeplanung und der Organisationsentwicklung behilflich sind. Diese strukturierte Unterst\u00fctzung hilft Arbeitgebern, ihren Erfolg aufrechtzuerhalten und ihre Teams in jeder Wachstumsphase zu st\u00e4rken, um sicherzustellen, dass jede neue Person, die zu ihrem Unternehmen st\u00f6\u00dft, einen dauerhaften Mehrwert schafft.<\/p>\n<h2>Unser Ansatz bei der Personalbeschaffung<\/h2>\n<p>Wir sind davon \u00fcberzeugt, dass es bei der Personalbeschaffung in D\u00fcsseldorf darauf ankommt, Menschen und Unternehmen zu verstehen. Wir beginnen immer mit einer Findungsphase, in der wir Ihre Unternehmenskultur, Einstellungsziele und Projektanforderungen kennenlernen. Danach definieren wir die Parameter der Rolle, erstellen klare Kandidatenprofile und entwickeln eine Suchstrategie, die sowohl die technischen F\u00e4higkeiten als auch das F\u00fchrungspotenzial ber\u00fccksichtigt. Der eigentliche Vorteil ist, dass die Suche vom ersten Tag an effektiv ist.<\/p>\n<p>Als N\u00e4chstes f\u00fchren wir Recherchen und Talent Mapping durch, um zu ermitteln, wo sich die besten Kandidaten befinden und wie sie in Ihre Struktur passen k\u00f6nnten. Unsere Sourcing-Methoden kombinieren traditionelles Personalbeschaffungs-Know-how mit modernen digitalen Suchinstrumenten, einschlie\u00dflich sozialer Medien, Stellenb\u00f6rsen und direkter Vernetzung. So k\u00f6nnen wir die richtigen Kandidaten zum richtigen Zeitpunkt ihrer Stellensuche erreichen und gleichzeitig die Privatsph\u00e4re respektieren und die Professionalit\u00e4t wahren.<\/p>\n<p>Unsere Kandidatenbewertungen folgen einem strukturierten Prozess, der Interviews, Referenzpr\u00fcfungen und psychometrische Bewertungen umfasst. Wir ermitteln auch F\u00fchrungsqualit\u00e4ten, zwischenmenschliche F\u00e4higkeiten und technisches Wissen, um sicherzustellen, dass jeder in die engere Wahl gekommene Bewerber sowohl messbare als auch kulturelle Anforderungen erf\u00fcllt.<\/p>\n<p>Sobald die Auswahlliste fertig ist, begleiten wir unsere Kunden durch die Vorstellungsgespr\u00e4che, bieten Einblicke in den Hintergrund der einzelnen Kandidaten und helfen bei den endg\u00fcltigen Einstellungsentscheidungen. Unsere Berater unterst\u00fctzen auch den Onboarding-Prozess, um einen reibungslosen \u00dcbergang und dauerhaften Erfolg zu gew\u00e4hrleisten.<\/p>\n<p>Wir setzen uns bei allem, was wir tun, f\u00fcr Vielfalt und ethische Praktiken ein. Im Gegensatz zu Agenturen, die nur auf das Volumen achten, konzentrieren wir uns auf Genauigkeit und langfristige Eignung. Jede Vermittlung spiegelt unsere \u00dcberzeugung wider, dass es bei der erfolgreichen Rekrutierung nicht um Schnelligkeit geht, sondern darum, sowohl Unternehmen als auch Fachkr\u00e4fte zu verstehen und ihnen zu helfen, einen nachhaltigen Weg zum Erfolg in Deutschland zu finden.<\/p>\n<h2>Unsere Expertise als f\u00fchrende D\u00fcsseldorfer Personalberatung f\u00fcr F\u00fchrungskr\u00e4fte<\/h2>\n<p>Was unsere Experten auszeichnet, ist ihre Mischung aus technischem Fachwissen und tiefem Einblick in bestimmte Branchen. Jedes Mitglied des Haldren-Teams wird laufend in Bezug auf Rekrutierungspraktiken, Arbeitsmarkttrends und Compliance-Standards geschult. Dieses Engagement stellt sicher, dass unsere Arbeit stets sachkundig, konsistent und zuverl\u00e4ssig ist.<\/p>\n<p>Unsere Personalvermittlung st\u00fctzt sich auf jahrelange Erfahrung in der Unterst\u00fctzung von Unternehmen in Deutschland und auf der ganzen Welt, passt sich schnell an Ver\u00e4nderungen in der Branche an und beh\u00e4lt dabei stets unseren Kundenfokus bei. Bei jedem Projekt kombinieren wir professionelle Strenge mit dem Marktverst\u00e4ndnis, das starke Partnerschaften entstehen l\u00e4sst.<\/p>\n<h3>Einige Bereiche, auf die wir uns spezialisiert haben<\/h3>\n<p>Unsere D\u00fcsseldorfer Berater haben Erfahrung in der Zusammenarbeit mit Arbeitgebern in einer Vielzahl von Branchen, darunter Fertigung, Technologie, Finanzen, Gesundheitswesen, Logistik und professionelle Dienstleistungen. Unabh\u00e4ngig davon, ob wir etablierte Unternehmen oder wachsende Firmen beraten, arbeiten wir daran, die Ziele und den langfristigen Rekrutierungsbedarf jeder Organisation in ihrem Sektor mit den Kandidaten abzustimmen.<\/p>\n<p>Wir messen unseren Erfolg an den Beziehungen, die wir aufbauen, und an dem Wert, den unsere Vermittlungen f\u00fcr Kunden in ganz D\u00fcsseldorf, Deutschland, und an benachbarten Standorten wie Duisburg liefern.<\/p>\n<h3>Beispiele f\u00fcr Rollen, f\u00fcr die wir rekrutieren<\/h3>\n<p>Wir helfen bei der Suche nach F\u00fchrungskr\u00e4ften f\u00fcr C-Suite-Positionen, Senior Management und spezialisierte technische Positionen. Unser Team unterst\u00fctzt Unternehmen auch bei der Suche nach Abteilungsleitern, Gesch\u00e4ftsf\u00fchrern und anderen Fachleuten, deren Expertise zu Leistung und nachhaltigem Wachstum beitr\u00e4gt.<\/p>\n<p>Unsere Aufgabe ist es, F\u00fchrungskr\u00e4fte zu finden, die Abteilungen leiten, strategische Bem\u00fchungen \u00fcberwachen und messbare Gesch\u00e4ftsergebnisse erzielen k\u00f6nnen.<\/p>\n<blockquote><p><strong>Um mehr \u00fcber die von uns rekrutierten Positionen zu erfahren, wenden Sie sich bitte noch heute an Haldren. Unsere Berater sind jederzeit bereit, Ihren Einstellungsbedarf zu besprechen und Ihre Fragen zu beantworten.<\/strong><\/p><\/blockquote>\n<h2>Warum Haldren einen ma\u00dfgeschneiderten Ansatz f\u00fcr die Personalbeschaffung verwendet<\/h2>\n<p>Im Laufe der Jahre haben wir gelernt, dass keine zwei Organisationen mit exakt denselben Herausforderungen bei der Personalbeschaffung konfrontiert sind. Unsere Berater haben auch festgestellt, dass bei allgemeinen Methoden oft die entscheidenden Details wie F\u00fchrungsstil und Organisationsstruktur \u00fcbersehen werden. Unsere Berater erinnern sich noch gut daran, wie ein ausf\u00fchrliches Gespr\u00e4ch vor der Einstellung dazu beigetragen hat, einen unerwarteten Kandidaten zu identifizieren, der die Effizienz einer Abteilung ver\u00e4ndert hat.<\/p>\n<p>Erfahrungen wie diese sind eine st\u00e4ndige Erinnerung daran, dass die besten Einstellungsergebnisse durch aufmerksames Zuh\u00f6ren und sorgf\u00e4ltige Analyse erzielt werden. Aus diesem Grund schneidet Haldren jeden Prozess so zu, dass er den Zielen, der Kultur und der langfristigen Ausrichtung Ihres Unternehmens entspricht. In der Praxis bedeutet dies, dass wir uns die Zeit nehmen, Ihre Bed\u00fcrfnisse wirklich zu verstehen, bevor wir \u00fcberhaupt mit der Suche beginnen.<\/p>\n<p>Allgemeine Einstellungsmethoden k\u00f6nnen zwar Positionen besetzen, aber sie f\u00fchren selten zu einer echten Anpassung oder Bindung. Mit unserem ma\u00dfgeschneiderten Rekrutierungsansatz konzentrieren wir uns auf Ergebnisse, die den Erfolg auf Dauer sichern. Die Erfahrungen aus jahrelanger Zusammenarbeit mit unseren Kunden flie\u00dfen in die Verfeinerung unserer Methoden und in die Bewertung jeder Vermittlung ein, sowohl f\u00fcr Festanstellungen als auch f\u00fcr Zeitarbeit.<\/p>\n<h2>Warum Haldren f\u00fcr die Personalbeschaffung w\u00e4hlen?<\/h2>\n<p>Unternehmen entscheiden sich f\u00fcr Haldren, weil wir unsere Partnerschaften auf Vertrauen, Vertraulichkeit und ethischen Rekrutierungspraktiken aufbauen. Unsere Berater arbeiten diskret und sch\u00fctzen die Informationen unserer Kunden und die Privatsph\u00e4re der Bewerber in jeder Phase. Dar\u00fcber hinaus spiegelt jeder Auftrag unser Engagement f\u00fcr Klarheit, Qualit\u00e4t und Fairness wider.<\/p>\n<p>Unser Ruf in D\u00fcsseldorf und Deutschland beruht auf unserer F\u00e4higkeit, langfristige Beziehungen zu Arbeitgebern aufzubauen, die sich bei wichtigen Einstellungsentscheidungen auf unser Wissen verlassen. Wir verf\u00fcgen \u00fcber eine globale Reichweite durch ein gro\u00dfes Netzwerk von Talenten und besch\u00e4ftigen Experten, die in der Lage sind, komplexe Suchen an mehreren Standorten zu unterst\u00fctzen.<\/p>\n<p>Die Berater von Haldren verbinden analytische Pr\u00e4zision mit echter F\u00fcrsorge f\u00fcr Bewerber und Kunden. Jede Suche wird mit Liebe zum Detail und Respekt f\u00fcr die beteiligten Personen durchgef\u00fchrt. Unsere strukturierte Methodik stellt sicher, dass jede Stelle mit der richtigen Fachkraft besetzt wird, deren Motivation und Werte perfekt mit Ihren Unternehmenszielen \u00fcbereinstimmen.<\/p>\n<blockquote><p><strong>Um Ihre Rekrutierungspl\u00e4ne zu besprechen oder eine Partnerschaft zu beginnen, kontaktieren Sie uns noch heute per Telefon oder E-Mail. Das Team von Haldren ist bereit, Ihr n\u00e4chstes Einstellungsprojekt mit Fachwissen und Integrit\u00e4t zu unterst\u00fctzen.<\/strong><\/p><\/blockquote>\n                            <\/div>\n        <\/div>\n    <\/div>\n<\/div>\n\n<div class=\"block-section accordion-main-section \">\n    <div class=\"container\">    \n                <div class=\"accordion-faqs\">\n            <h2 class=\"m-title\">Frequently Asked Questions (FAQs)<\/h2>\n                        <div class=\"item\">\n                <h3>Wie bewertet Haldren Kandidaten f\u00fcr leitende und h\u00f6here Positionen?<\/h3>\n                <div class=\"faq-content\"><p data-pm-slice=\"1 1 []\">Wir verwenden eine durchdachte Mischung aus strukturierten Interviews, Referenz\u00fcberpr\u00fcfungen und datengest\u00fctzten Beurteilungen, um technisches Fachwissen, F\u00fchrungsqualit\u00e4ten und kulturelle \u00dcbereinstimmung zu bewerten. Jeder Schritt gibt uns die Gewissheit, dass die in die engere Wahl gezogenen Bewerber sowohl die Leistungs- als auch die Pers\u00f6nlichkeitsanforderungen erf\u00fcllen, und liefert unseren Kunden klare Antworten.<\/p>\n<\/div>\n            <\/div>\n                        <div class=\"item\">\n                <h3>Welches Ma\u00df an Kundenbeteiligung wird w\u00e4hrend des Einstellungsverfahrens erwartet?<\/h3>\n                <div class=\"faq-content\"><p data-pm-slice=\"1 1 []\">Wir glauben, dass die besten Ergebnisse durch Zusammenarbeit erzielt werden. Wir f\u00f6rdern die Zusammenarbeit bei jedem unserer Projekte. Unsere Kunden pr\u00fcfen Rollenprofile, Kandidatenlisten und Ergebnisse von Vorstellungsgespr\u00e4chen, was Transparenz und eine fundierte Entscheidungsfindung in jeder Phase des Projekts gew\u00e4hrleistet.<\/p>\n<\/div>\n            <\/div>\n                        <div class=\"item\">\n                <h3>Kann Haldren die Personalbeschaffung f\u00fcr mehrere Standorte in Deutschland managen?<\/h3>\n                <div class=\"faq-content\"><p data-pm-slice=\"1 1 []\">Ganz genau. Unsere Rekrutierungsexperten sind bestens ger\u00fcstet, um Ihre Einstellungsinitiativen in D\u00fcsseldorf und anderen wichtigen deutschen Standorten zu unterst\u00fctzen. Wir halten einheitliche Standards ein und passen uns gleichzeitig an die spezifischen Anforderungen des jeweiligen Marktes an.<\/p>\n<\/div>\n            <\/div>\n                        <div class=\"item\">\n                <h3>Wie misst Haldren den Erfolg eines Rekrutierungsprojekts?<\/h3>\n                <div class=\"faq-content\"><p data-pm-slice=\"1 1 []\">F\u00fcr uns bedeutet Erfolg mehr als nur die Besetzung einer Stelle. Wir messen unsere Ergebnisse anhand Ihrer langfristigen Zufriedenheit, der Bindungsrate und der Leistung der von uns vermittelten Fachkr\u00e4fte. Diese kontinuierliche Bewertung hilft uns, unseren Prozess zu verfeinern und konstant hohe Ergebnisse zu erzielen.<\/p>\n<\/div>\n            <\/div>\n                    <\/div>\n            <\/div>\n<\/div><\/div><div class=\"sidebar-wrapper\">\n<div class=\"wpcf7 no-js\" id=\"wpcf7-f40-o1\" lang=\"\" dir=\"ltr\" data-wpcf7-id=\"40\">\n<div class=\"screen-reader-response\"><p role=\"status\" aria-live=\"polite\" aria-atomic=\"true\"><\/p> <ul><\/ul><\/div>\n<form action=\"\/dusseldorf\/wp-json\/wp\/v2\/pages\/249#wpcf7-f40-o1\" method=\"post\" class=\"wpcf7-form init\" aria-label=\"Contact form\" enctype=\"multipart\/form-data\" novalidate=\"novalidate\" data-status=\"init\">\n<fieldset class=\"hidden-fields-container\"><input type=\"hidden\" name=\"_wpcf7\" value=\"40\" \/><input type=\"hidden\" name=\"_wpcf7_version\" value=\"6.1.5\" \/><input type=\"hidden\" name=\"_wpcf7_locale\" value=\"\" \/><input type=\"hidden\" name=\"_wpcf7_unit_tag\" value=\"wpcf7-f40-o1\" \/><input type=\"hidden\" name=\"_wpcf7_container_post\" value=\"0\" \/><input type=\"hidden\" name=\"_wpcf7_posted_data_hash\" value=\"\" \/>\n<\/fieldset>\n<input class=\"wpcf7-form-control wpcf7-hidden\" id=\"utm_source\" value=\"\" type=\"hidden\" name=\"utm_source\" \/>\n<input class=\"wpcf7-form-control wpcf7-hidden\" id=\"utm_medium\" value=\"\" type=\"hidden\" name=\"utm_medium\" \/>\n<input class=\"wpcf7-form-control wpcf7-hidden\" id=\"sideform_user_country\" value=\"\" type=\"hidden\" name=\"userCountry\" \/>\n<div class=\"form-grid-layout\">\n\t<div class=\"form-title\">\n\t\t<h2 class=\"title\">Thrive with Top Talent<br \/>\n- No Upfronts Fees\n\t\t<\/h2>\n\t\t<p>Have it easier with video interview clips and a candidate shortlist within 2-3 weeks\n\t\t<\/p>\n\t<\/div>\n\t<div class=\"input-field\">\n\t\t<p><label for=\"\">Name<\/label><br \/>\n<span class=\"wpcf7-form-control-wrap\" data-name=\"full-Name\"><input size=\"40\" maxlength=\"400\" class=\"wpcf7-form-control wpcf7-text wpcf7-validates-as-required\" aria-required=\"true\" aria-invalid=\"false\" value=\"\" type=\"text\" name=\"full-Name\" \/><\/span>\n\t\t<\/p>\n\t<\/div>\n\t<div class=\"input-field\">\n\t\t<p><label for=\"\">Email Address<\/label><br \/>\n<span class=\"wpcf7-form-control-wrap\" data-name=\"email-address\"><input size=\"40\" maxlength=\"400\" class=\"wpcf7-form-control wpcf7-email wpcf7-validates-as-required wpcf7-text wpcf7-validates-as-email\" aria-required=\"true\" aria-invalid=\"false\" value=\"\" type=\"email\" name=\"email-address\" \/><\/span>\n\t\t<\/p>\n\t<\/div>\n\t<div class=\"input-field\">\n\t\t<p><label for=\"\">Company<\/label><br \/>\n<span class=\"wpcf7-form-control-wrap\" data-name=\"company\"><input size=\"40\" maxlength=\"400\" class=\"wpcf7-form-control wpcf7-text\" aria-invalid=\"false\" value=\"\" type=\"text\" name=\"company\" \/><\/span>\n\t\t<\/p>\n\t<\/div>\n\t<div class=\"radiobox-field\">\n\t\t<p><span class=\"wpcf7-form-control-wrap\" data-name=\"radio-721company-status\"><span class=\"wpcf7-form-control wpcf7-radio\"><span class=\"wpcf7-list-item first\"><label><input type=\"radio\" name=\"radio-721company-status\" value=\"{Employer}\" \/><span class=\"wpcf7-list-item-label\">Employer<\/span><\/label><\/span><span class=\"wpcf7-list-item last\"><label><input type=\"radio\" name=\"radio-721company-status\" value=\"{Candidate}\" \/><span class=\"wpcf7-list-item-label\">Candidate<\/span><\/label><\/span><\/span><\/span>\n\t\t<\/p>\n\t<\/div>\n\t<div class=\"input-field\">\n\t\t<p><span class=\"wpcf7-form-control-wrap\" data-name=\"file-upload\"><input size=\"40\" class=\"wpcf7-form-control wpcf7-file\" accept=\".pdf\" aria-invalid=\"false\" type=\"file\" name=\"file-upload\" \/><\/span>\n\t\t<\/p>\n\t<\/div>\n\t<div class=\"textarea-field\">\n\t\t<p><label for=\"\">How can we help you?<\/label><br \/>\n<span class=\"wpcf7-form-control-wrap\" data-name=\"message\"><textarea cols=\"40\" rows=\"10\" maxlength=\"2000\" class=\"wpcf7-form-control wpcf7-textarea\" aria-invalid=\"false\" name=\"message\"><\/textarea><\/span>\n\t\t<\/p>\n\t<\/div>\n\t<p><span id=\"wpcf7-69fc8c3a904b7-wrapper\" class=\"wpcf7-form-control-wrap nickname-wrap\" ><input id=\"wpcf7-69fc8c3a904b7-field\"  class=\"wpcf7-form-control wpcf7-text\" type=\"text\" name=\"nickname\" value=\"\" size=\"40\" tabindex=\"-1\" autocomplete=\"off\" \/><\/span>\n\t<\/p>\n\t<div class=\"form-term\">\n\t\t<p>Submission of this form means you have agreed to our <a href=\"\/privacy-policy\/\" title=\"\">Privacy Policy<\/a> and <a href=\"\/terms-of-service\/\" title=\"\">Terms Conditions<\/a>\n\t\t<\/p>\n\t<\/div>\n\t<div class=\"submit-btn\">\n\t\t<p><input class=\"wpcf7-form-control wpcf7-submit has-spinner btn-box\" type=\"submit\" value=\"Get in Touch\" \/>\n\t\t<\/p>\n\t<\/div>\n<\/div><div class=\"wpcf7-response-output\" aria-hidden=\"true\"><\/div>\n<\/form>\n<\/div>\n<\/div><\/div>\n\n\n<div class=\"block-section client-reviews-slider \" style=\"background-color: #119084\">  \n    <div class=\"container\">\n                <div class=\"splide client-slider\">\n            <div class=\"splide__track\">\n                <div class=\"splide__list\">\n                                        <div class=\"splide__slide\">\n                        <div class=\"content-box\">\n                            <div class=\"content\">\n                                <p data-pm-slice=\"1 1 []\">&#8220;Die Berater von Haldren haben uns vom ersten Treffen an hervorragend bei der Personalbeschaffung unterst\u00fctzt. Sie nahmen sich die Zeit, unser Unternehmen zu verstehen und gaben uns eine Liste von Kandidaten, die sowohl zur Stelle als auch zur Unternehmenskultur passen. Ihre Professionalit\u00e4t machte den Prozess m\u00fchelos.&#8221;<\/p>\n                            <\/div>\n                                                        <div class=\"name\">\n                                <strong>Lena M.<\/strong>, \n                                Direktorin f\u00fcr Humanressourcen                            <\/div>\n                                                    <\/div>\n                    <\/div>\n                                        <div class=\"splide__slide\">\n                        <div class=\"content-box\">\n                            <div class=\"content\">\n                                <p data-pm-slice=\"1 1 []\">&#8220;Wir haben mit mehreren Agenturen gearbeitet, bevor wir uns f\u00fcr Haldren entschieden haben, und der Unterschied war beeindruckend. Die Experten von Haldren haben unseren Einstellungsbedarf wirklich ber\u00fccksichtigt und uns geholfen, qualifizierte Bewerber zu finden. Wir sind sehr zufrieden mit dem Service, den wir erhalten haben.&#8221;<\/p>\n                            <\/div>\n                                                        <div class=\"name\">\n                                <strong>Markus T.<\/strong>, \n                                Betriebsleiter                            <\/div>\n                                                    <\/div>\n                    <\/div>\n                                        <div class=\"splide__slide\">\n                        <div class=\"content-box\">\n                            <div class=\"content\">\n                                <p data-pm-slice=\"1 1 []\">&#8220;Das Team von Haldren war durchweg ehrlich und respektvoll, was wir sehr zu sch\u00e4tzen wussten. Die Kommunikation war klar, und jeder Berater war sehr sachkundig. Wir hatten das Gef\u00fchl, dass wir von Anfang an auf derselben Seite standen. Ich w\u00fcrde sie gerne jedem Unternehmen empfehlen.&#8221;<\/p>\n                            <\/div>\n                                                        <div class=\"name\">\n                                <strong>Julia R.<\/strong>, \n                                Gesch\u00e4ftsf\u00fchrer Finanzen                            <\/div>\n                                                    <\/div>\n                    <\/div>\n                                    <\/div>\n            <\/div>\n        <\/div>\n            <\/div>\n<\/div>","protected":false},"excerpt":{"rendered":"","protected":false},"author":10,"featured_media":0,"parent":242,"menu_order":0,"comment_status":"closed","ping_status":"closed","template":"","meta":{"_acf_changed":false,"footnotes":""},"class_list":["post-249","page","type-page","status-publish","hentry"],"acf":[],"lang":"de","translations":{"de":249,"en":76},"jetpack_sharing_enabled":true,"pll_sync_post":[],"_links":{"self":[{"href":"https:\/\/www.haldren.com\/dusseldorf\/wp-json\/wp\/v2\/pages\/249","targetHints":{"allow":["GET"]}}],"collection":[{"href":"https:\/\/www.haldren.com\/dusseldorf\/wp-json\/wp\/v2\/pages"}],"about":[{"href":"https:\/\/www.haldren.com\/dusseldorf\/wp-json\/wp\/v2\/types\/page"}],"author":[{"embeddable":true,"href":"https:\/\/www.haldren.com\/dusseldorf\/wp-json\/wp\/v2\/users\/10"}],"replies":[{"embeddable":true,"href":"https:\/\/www.haldren.com\/dusseldorf\/wp-json\/wp\/v2\/comments?post=249"}],"version-history":[{"count":1,"href":"https:\/\/www.haldren.com\/dusseldorf\/wp-json\/wp\/v2\/pages\/249\/revisions"}],"predecessor-version":[{"id":268,"href":"https:\/\/www.haldren.com\/dusseldorf\/wp-json\/wp\/v2\/pages\/249\/revisions\/268"}],"up":[{"embeddable":true,"href":"https:\/\/www.haldren.com\/dusseldorf\/wp-json\/wp\/v2\/pages\/242"}],"wp:attachment":[{"href":"https:\/\/www.haldren.com\/dusseldorf\/wp-json\/wp\/v2\/media?parent=249"}],"curies":[{"name":"wp","href":"https:\/\/api.w.org\/{rel}","templated":true}]}}