{"id":252,"date":"2025-08-26T08:02:32","date_gmt":"2025-08-26T08:02:32","guid":{"rendered":"https:\/\/www.haldren.com\/dusseldorf\/?page_id=86"},"modified":"2025-12-02T05:29:39","modified_gmt":"2025-12-02T05:29:39","slug":"funktionen","status":"publish","type":"page","link":"https:\/\/www.haldren.com\/dusseldorf\/de\/funktionen\/","title":{"rendered":"Funktionen"},"content":{"rendered":"<div class=\"block-section section-gaps accordion-box-section top-border-line\">\n    <div class=\"container\">\n        <div class=\"accordion-faqs border-sty-accordion\">\n                        <h1 class=\"m-title\">\n                Funktionen, auf die sich unsere D\u00fcsseldorfer Recruiter spezialisiert haben            <\/h1>\n                        \n                        <div class=\"grid col-2 \">\n                                <div class=\"item\">\n                    <h3>Vorstand &amp; C-Ebene<\/h3>\n                                    <\/div>\n                                <div class=\"item\">\n                    <h3>Finanzen und Betrieb<\/h3>\n                                    <\/div>\n                                <div class=\"item\">\n                    <h3>Marketing und Vertrieb<\/h3>\n                                    <\/div>\n                                <div class=\"item\">\n                    <h3>ITech &amp; Digital-Beauftragte<\/h3>\n                                    <\/div>\n                                <div class=\"item\">\n                    <h3>Recht, Risiko &amp; Compliance<\/h3>\n                                    <\/div>\n                                <div class=\"item\">\n                    <h3>Unternehmensangelegenheiten<\/h3>\n                                    <\/div>\n                                <div class=\"item\">\n                    <h3>Lieferkette und Logistik<\/h3>\n                                    <\/div>\n                                <div class=\"item\">\n                    <h3>F\u00fchrungspers\u00f6nlichkeiten im Bereich Diversit\u00e4t und Integration<\/h3>\n                                    <\/div>\n                                <div class=\"item\">\n                    <h3>Beauftragte f\u00fcr Nachhaltigkeit &amp; ESG<\/h3>\n                                    <\/div>\n                                <div class=\"item\">\n                    <h3>Personalwesen<\/h3>\n                                    <\/div>\n                            <\/div>\n                    <\/div>\n    <\/div>\n<\/div>","protected":false},"excerpt":{"rendered":"","protected":false},"author":10,"featured_media":0,"parent":0,"menu_order":0,"comment_status":"closed","ping_status":"closed","template":"","meta":{"_acf_changed":false,"footnotes":""},"class_list":["post-252","page","type-page","status-publish","hentry"],"acf":[],"lang":"de","translations":{"de":252,"en":86},"jetpack_sharing_enabled":true,"pll_sync_post":[],"_links":{"self":[{"href":"https:\/\/www.haldren.com\/dusseldorf\/wp-json\/wp\/v2\/pages\/252","targetHints":{"allow":["GET"]}}],"collection":[{"href":"https:\/\/www.haldren.com\/dusseldorf\/wp-json\/wp\/v2\/pages"}],"about":[{"href":"https:\/\/www.haldren.com\/dusseldorf\/wp-json\/wp\/v2\/types\/page"}],"author":[{"embeddable":true,"href":"https:\/\/www.haldren.com\/dusseldorf\/wp-json\/wp\/v2\/users\/10"}],"replies":[{"embeddable":true,"href":"https:\/\/www.haldren.com\/dusseldorf\/wp-json\/wp\/v2\/comments?post=252"}],"version-history":[{"count":3,"href":"https:\/\/www.haldren.com\/dusseldorf\/wp-json\/wp\/v2\/pages\/252\/revisions"}],"predecessor-version":[{"id":312,"href":"https:\/\/www.haldren.com\/dusseldorf\/wp-json\/wp\/v2\/pages\/252\/revisions\/312"}],"wp:attachment":[{"href":"https:\/\/www.haldren.com\/dusseldorf\/wp-json\/wp\/v2\/media?parent=252"}],"curies":[{"name":"wp","href":"https:\/\/api.w.org\/{rel}","templated":true}]}}