{"id":293,"date":"2025-08-13T06:28:35","date_gmt":"2025-08-13T06:28:35","guid":{"rendered":"https:\/\/www.haldren.com\/frankfurt\/?page_id=46"},"modified":"2025-10-31T08:24:01","modified_gmt":"2025-10-31T08:24:01","slug":"suche-nach-fuhrungskraften","status":"publish","type":"page","link":"https:\/\/www.haldren.com\/frankfurt\/de\/talentwerving\/suche-nach-fuhrungskraften\/","title":{"rendered":"Suche nach F\u00fchrungskr\u00e4ften"},"content":{"rendered":"\n  <link rel=\"preload\" as=\"image\" href=\"https:\/\/www.haldren.com\/frankfurt\/wp-content\/uploads\/sites\/19\/2025\/08\/frankfurt-city-e1764152023708.jpg\" fetchpriority=\"high\">\n  <style>\n    .inner-banner-section {\n      background-image: url('https:\/\/www.haldren.com\/frankfurt\/wp-content\/uploads\/sites\/19\/2025\/08\/frankfurt-city-e1764152023708.jpg');\n      background-size: cover;\n      background-position: center;\n      background-repeat: no-repeat;\n    }\n\n    @media (max-width: 768px) {\n      .inner-banner-section {\n        background-image: url('https:\/\/www.haldren.com\/frankfurt\/wp-content\/uploads\/sites\/19\/2025\/08\/frankfurt-city-e1764152023708.jpg');\n      }\n    }\n  <\/style>\n\n<div class=\"block-section inner-banner-section lazyload bg-sty section-gaps top-border-line\">\n  <div class=\"container-fluid\">\n    <div class=\"content-wrap\">\n      <h1 class=\"title\">\n        Executive Search Dienstleistungen in Frankfurt      <\/h1>\n      <span style=\"font-size: 18px;\">Partnerschaften mit Organisationen in Frankfurt, um au\u00dfergew\u00f6hnliche F\u00fchrungskr\u00e4fte mit nachhaltiger Wirkung zu gewinnen<\/span>\n    <\/div>\n  <\/div>\n<\/div>\n\n\n\n\n<div class=\"wp-block-custom-div-wrapper-block col-wrapper has-sidebar\"><div class=\"content-wrapper\" style=\"background-color:#002a26\">\n<div class=\"block-section section-gaps default-content-section \" \n     style=\"--text-color: #ffffff; --bg-color: #119084;\">\n    <div class=\"container\">\n        <div class=\"default-single-content-wrap\">\n            <div class=\"content-wrap\">\n                                    <h2 data-pm-slice=\"1 1 []\"><span data-color=\"transparent\">Premier Executive Search in Frankfurt, Deutschland<\/span><\/h2>\n<p>Haldren bietet Executive Search Services in Frankfurt mit echter Sorgfalt, Diskretion und dem Fokus auf nachhaltigen Erfolg. Unsere Berater verf\u00fcgen \u00fcber jahrzehntelange Erfahrung in Deutschland und auf internationalen M\u00e4rkten und arbeiten eng mit unseren Kunden zusammen, um die strategischen Priorit\u00e4ten und den individuellen Bedarf an F\u00fchrungskr\u00e4ften zu verstehen. Jeder Auftrag spiegelt unser Engagement f\u00fcr Partnerschaft, Vertraulichkeit und professionelle Dienstleistungen wider.<\/p>\n<p>Unsere Personalberater in Frankfurt unterst\u00fctzen Kunden aus den unterschiedlichsten Branchen, darunter das Gesundheitswesen, die Automobilindustrie und der digitale Sektor. Wir beraten sowohl Unternehmen als auch Kandidaten mit Transparenz und orientieren uns dabei stets an den Realit\u00e4ten des heutigen Marktes. Als vertrauensw\u00fcrdige Personalberatung f\u00fchlen wir uns geehrt, als Top-Personaldienstleister f\u00fcr internationale Unternehmen und Start-ups anerkannt zu sein, die in Frankfurt und in ganz Deutschland wachsen wollen.<br \/>\n Haldren<\/p>\n<blockquote><p><strong>ist Ihr engagierter Partner, der Ihnen hilft, Top-Talente mit Expertise, Sorgfalt und einer Vision f\u00fcr den Erfolg zu finden.<\/strong><\/p><\/blockquote>\n<h2>Top-Tier Executive Search Firma in Frankfurt, Deutschland<\/h2>\n<p>Unsere Leidenschaft ist die Suche nach F\u00fchrungskr\u00e4ften, und unsere Mission ist es, Unternehmen in Frankfurt und Deutschland dabei zu helfen, nachhaltiges Wachstum durch F\u00fchrungskr\u00e4fte zu erzielen, die die Zukunft gestalten k\u00f6nnen. <span data-color=\"transparent\">Die Berater von Haldren wissen, dass die F\u00fchrungskr\u00e4fte von heute mehr tun m\u00fcssen als nur zu managen: Sie m\u00fcssen Innovationen inspirieren, Mitarbeiter motivieren und echte Ergebnisse liefern. Deshalb konzentrieren wir uns bei der Besetzung von F\u00fchrungspositionen darauf, dass sie sowohl kulturell als auch strategisch zu den Unternehmen passen, damit der Erfolg \u00fcber Jahre hinweg anh\u00e4lt.<\/span><\/p>\n<h4>Bewertung<\/h4>\n<p><span data-color=\"transparent\">Jeder Auftrag beginnt mit einer strukturierten Bewertung Ihrer Unternehmensziele und Ihres F\u00fchrungsbedarfs. Gemeinsam erstellen wir Profile Ihrer idealen Kandidaten, die die Unternehmenskultur, die Anforderungen an die Rolle und die Leistungserwartungen widerspiegeln. Neben der Erfahrung bewerten wir auch die Motivation, den F\u00fchrungsstil und die pers\u00f6nlichen Werte der Kandidaten.<\/span><\/p>\n<h4>Talentakquise<\/h4>\n<p>Wir nutzen unsere umfassenden Netzwerke, internationalen Verbindungen und Marktkenntnisse, um au\u00dfergew\u00f6hnliche F\u00fchrungskr\u00e4fte zu finden. Unser Team kombiniert die engagierte Strenge traditioneller Headhunter mit modernen digitalen Strategien, die durch k\u00fcnstliche Intelligenz unterst\u00fctzt werden, um aktive und passive Kandidaten zu erreichen. Indem wir branchen\u00fcbergreifend Kontakte zu F\u00fchrungskr\u00e4ften kn\u00fcpfen, helfen wir Ihnen, Manager zu finden, die \u00fcber die F\u00e4higkeiten und Visionen verf\u00fcgen, die zum Erfolg f\u00fchren.<\/p>\n<h4>Organisatorische Transformation<\/h4>\n<p><span data-color=\"transparent\">Wir sind ein langfristiger Partner, der Sie bei der Nachfolgeplanung, der Entwicklung von F\u00fchrungskr\u00e4ften und dem organisatorischen Wandel unterst\u00fctzt. Indem wir Beratungsdienste anbieten, die \u00fcber die Personalbeschaffung hinausgehen, helfen wir Unternehmen, die Vielfalt zu st\u00e4rken und sich auf zuk\u00fcnftige Herausforderungen vorzubereiten. Mit anderen Worten: Unser Ansatz unterst\u00fctzt eine nachhaltige Leistung und hilft unseren Kunden, in einer sich ver\u00e4ndernden Welt Stabilit\u00e4t zu erreichen.<\/span><\/p>\n<h2>Unser Ansatz bei der Suche nach F\u00fchrungskr\u00e4ften<\/h2>\n<p><span data-color=\"transparent\">Haldrens Executive-Search-Prozess ist auf die komplexen Bed\u00fcrfnisse von Unternehmen in Frankfurt und dem Rest Deutschlands zugeschnitten. Wir beginnen mit einem ausf\u00fchrlichen Gespr\u00e4ch, um die gesch\u00e4ftlichen Priorit\u00e4ten, die kulturellen Werte und die F\u00fchrungsanforderungen zu verstehen. In diesem ersten Schritt <\/span>wird ein klares Rollenprofil erstellt, an dem sich die gesamte Suche orientiert.<\/p>\n<p><span data-color=\"transparent\">Als n\u00e4chstes erstellen unsere Berater eine Branchen- und Markt\u00fcbersicht, um bew\u00e4hrte F\u00fchrungskr\u00e4fte im Gesundheitswesen, in der Automobilindustrie und im digitalen Sektor zu identifizieren. Wir suchen Kandidaten durch direkte Ansprache, Empfehlungen, Berufsverb\u00e4nde und modernste Rekrutierungstechnologien. <\/span>Diese Mischung aus traditionellen Methoden und moderner Beschaffung erm\u00f6glicht es uns, sowohl mit sichtbaren als auch mit verborgenen Talenten in Kontakt zu treten.<\/p>\n<p><span data-color=\"transparent\">Jeder Kandidat durchl\u00e4uft strukturierte Interviews und psychometrische Tests, um technisches Know-how, F\u00fchrungsstil und Motivationsfaktoren zu messen. Wir bewerten nicht nur die Qualifikationen, sondern auch die langfristige Eignung, um sicherzustellen, dass die Kandidaten effektiv mit den bestehenden Mitarbeitern, dem Team und den F\u00fchrungskr\u00e4ften des Unternehmens zusammenarbeiten k\u00f6nnen. Die Auswahllisten werden transparent pr\u00e4sentiert, gefolgt von strukturierten Kundengespr\u00e4chen, Feedback-Sitzungen und Onboarding-Unterst\u00fctzung.<\/span><\/p>\n<p>Im Gegensatz zu anderen Unternehmen legen wir Wert auf Ethik, Vertraulichkeit und Vielfalt. <span data-color=\"transparent\">Unser strukturierter Beratungsansatz f\u00fchrt zu besseren Ergebnissen als transaktionale Einstellungen und erm\u00f6glicht es unseren Kunden, F\u00fchrungskr\u00e4fte zu finden, die ihrem Unternehmen \u00fcber Jahre hinweg dienen werden. Dieses Bekenntnis zu Vertrauen und Nachhaltigkeit ist es, was Haldren in Frankfurt und Deutschland auszeichnet.<\/span><\/p>\n<h2>Unsere Expertise als f\u00fchrende Frankfurter Personalberatung f\u00fcr F\u00fchrungskr\u00e4fte<\/h2>\n<p>Die Berater von Haldren verf\u00fcgen \u00fcber Branchenwissen, Marktkenntnis und <span data-color=\"transparent\">jahrelange, kundenorientierte Erfahrung. <\/span>Wir setzen uns aktiv mit der Frankfurter Industrie auseinander, um unsere F\u00e4higkeit zu sch\u00e4rfen, sinnvolle Unterst\u00fctzung zu bieten. Unsere Berater sind au\u00dferdem in fortschrittlichen Beurteilungsmethoden geschult und bilden sich kontinuierlich weiter. So stellen wir sicher, dass wir uns an internationalen Best Practices orientieren und gleichzeitig in der deutschen Gesch\u00e4ftswelt verwurzelt bleiben.<\/p>\n<p>Wir wissen, dass jedes Unternehmen seine eigenen Bed\u00fcrfnisse hat. Wir h\u00f6ren genau zu und passen unseren Beratungsstil an, um sowohl internationale Unternehmen als auch lokale Start-ups zu unterst\u00fctzen. Unser Team bietet Rekrutierungsdienstleistungen an, die ein Gleichgewicht zwischen Visionen, F\u00e4higkeiten und Fachkenntnissen herstellen, unabh\u00e4ngig von der Art der F\u00fchrungskraft, die Sie einstellen m\u00f6chten.<\/p>\n<h4>Einige Bereiche, auf die wir uns spezialisiert haben<\/h4>\n<p>Wir betreuen Unternehmen aus verschiedenen Branchen in Frankfurt, darunter Gesundheitswesen, Automobilindustrie, Digitaltechnik und Technologie. Unsere Berater unterst\u00fctzen auch professionelle Dienstleistungsunternehmen, Start-ups und internationale Unternehmen, die in Deutschland t\u00e4tig sind. Dank dieser breit gef\u00e4cherten Expertise sind wir in der Lage, unterschiedliche Ziele zu verfolgen und branchen\u00fcbergreifend wettbewerbsf\u00e4hige Unterst\u00fctzung zu bieten.<\/p>\n<h4>Beispiele f\u00fcr Rollen, f\u00fcr die wir rekrutieren<\/h4>\n<p><span data-color=\"transparent\">Unsere Headhunter und Berater rekrutieren regelm\u00e4\u00dfig C-Suite-F\u00fchrungskr\u00e4fte, Senior Manager und spezialisierte F\u00fchrungskr\u00e4fte aus verschiedenen Branchen in Frankfurt. <\/span>Dazu geh\u00f6ren Positionen wie Chief Executive Officer, Chief Financial Officer, Chief Technology Officer und andere leitende Mitarbeiter. Wir betrachten jede Rolle als eine strategische Aufgabe, um Kandidaten zu finden, die unseren Kunden einen dauerhaften Nutzen bringen.<\/p>\n<blockquote><p><strong><span data-color=\"transparent\">Wenn Sie mehr \u00fcber die von uns angebotenen F\u00fchrungspositionen erfahren m\u00f6chten, laden wir Sie ein, noch heute mit Haldren Kontakt aufzunehmen. <\/span>Unser Team ist bereit, Ihr Unternehmen bei der Suche nach der n\u00e4chsten gro\u00dfen F\u00fchrungskraft zu unterst\u00fctzen.<\/strong><\/p><\/blockquote>\n<h2>Warum Haldren einen ma\u00dfgeschneiderten Ansatz zur Personalbeschaffung verwendet<\/h2>\n<p>Wir wissen, dass generische Rekrutierung nicht funktioniert. Einheitsl\u00f6sungen \u00fcbersehen oft die einzigartigen Faktoren, die den Erfolg einer F\u00fchrungskraft ausmachen, was zu unpassenden Einstellungen und Zeitverschwendung f\u00fchrt. Unsere Berater haben mit Kunden in ganz Frankfurt zusammengearbeitet, die sich nach solchen Erfahrungen an uns gewandt haben, was unser Verst\u00e4ndnis f\u00fcr die Notwendigkeit eines ma\u00dfgeschneiderten Services vertieft hat.<\/p>\n<p>Ein Kunde aus dem Gesundheitswesen ben\u00f6tigte beispielsweise eine F\u00fchrungskraft mit klinischem Fachwissen, die auch in der Lage war, Mitarbeiter zu inspirieren und sich an regulatorische Ver\u00e4nderungen anzupassen. Unsere Berater schufen einen Rahmen, der die verborgenen St\u00e4rken der Kandidaten aufdeckte und zu einer erfolgreichen, langfristigen Vermittlung f\u00fchrte.<\/p>\n<p><span data-color=\"transparent\">Diese Lektionen leiten unsere Philosophie, dass die Personalbeschaffung die Ziele des Unternehmens, den Druck der Branche und die Teamkultur widerspiegeln muss. Indem wir jeden Schritt &#8211; von der ersten Beratung bis zum endg\u00fcltigen Onboarding &#8211; individuell gestalten, stellen wir sicher, dass die F\u00fchrungskr\u00e4fte nicht nur qualifiziert, sondern auch in der Lage sind, den Wandel voranzutreiben und k\u00fcnftiges Wachstum zu unterst\u00fctzen. Dieser kundenorientierte Ansatz macht unsere Arbeit so effektiv und vertrauensw\u00fcrdig.<\/span><\/p>\n<h2>Warum Haldren f\u00fcr die Suche nach F\u00fchrungskr\u00e4ften w\u00e4hlen?<\/h2>\n<p>Vertrauen, Vertraulichkeit und Ethik sind die Grundlage unserer Executive-Search-Dienstleistungen. Wir sch\u00fctzen sensible Informationen und behandeln jeden Kunden w\u00e4hrend des gesamten Prozesses mit Diskretion. Unsere Berater haben sich durch jahrelange erfolgreiche Vermittlungen als zuverl\u00e4ssig erwiesen und arbeiten Seite an Seite mit den Unternehmen, um dauerhafte Ergebnisse zu erzielen.<\/p>\n<p><span data-color=\"transparent\">Wir bieten internationale Reichweite in Kombination mit fundierten Kenntnissen \u00fcber Frankfurt und Deutschland. Unser Team kennt die Schl\u00fcsselindustrien, den Druck des Marktes und die Bed\u00fcrfnisse von F\u00fchrungskr\u00e4ften und Managern. Unternehmen verlassen sich darauf, dass wir nicht nur Kandidaten finden, sondern auch F\u00fchrungskr\u00e4fte vermitteln, die zu Erfolg und Wachstum beitragen k\u00f6nnen.<\/span><\/p>\n<p>Wir setzen auf langfristige Partnerschaften. Viele Unternehmen arbeiten seit Jahren mit uns zusammen und vertrauen darauf, dass wir ihre Teams erg\u00e4nzen. Durch die Kombination von Erfahrung, Fachwissen und einem beratenden Ansatz sind wir mehr als nur Personalvermittler; wir sind strategische Partner bei der Suche nach F\u00fchrungskr\u00e4ften.<\/p>\n<blockquote><p><strong>Wenn Ihr Unternehmen auf der Suche nach vertrauensw\u00fcrdigen Beratern f\u00fcr die Suche nach F\u00fchrungskr\u00e4ften in Frankfurt ist, ermutigen wir Sie, uns zu kontaktieren. Setzen Sie sich noch heute mit uns in Verbindung, um ein Gespr\u00e4ch mit unserem Team zu beginnen und herauszufinden, wie wir Ihren Bedarf an F\u00fchrungskr\u00e4ften unterst\u00fctzen k\u00f6nnen.<\/strong><\/p><\/blockquote>\n                            <\/div>\n        <\/div>\n    <\/div>\n<\/div>\n\n<div class=\"block-section accordion-main-section \">\n    <div class=\"container\">    \n                <div class=\"accordion-faqs\">\n            <h2 class=\"m-title\">Frequently Asked Questions (FAQs)<\/h2>\n                        <div class=\"item\">\n                <h3>Wie stellt Haldren die Vertraulichkeit bei der Suche nach F\u00fchrungskr\u00e4ften sicher?<\/h3>\n                <div class=\"faq-content\"><p data-pm-slice=\"1 1 []\">Vertraulichkeit ist ein zentraler Bestandteil unserer Arbeit. Wir nutzen sichere Prozesse, diskrete Kommunikation und private Kontakte, um sensible Informationen von Beginn einer Suche an zu sch\u00fctzen. Sowohl Kunden als auch Kandidaten k\u00f6nnen darauf vertrauen, dass ihre Identit\u00e4ten, Gespr\u00e4che und Daten streng vertraulich behandelt werden. Diese Verpflichtung zur Diskretion erm\u00f6glicht es F\u00fchrungskr\u00e4ften und Unternehmen, offen und vertrauensvoll mit uns zusammenzuarbeiten, da sie wissen, dass ihr Vertrauen stets gesch\u00fctzt ist.<\/p>\n<\/div>\n            <\/div>\n                        <div class=\"item\">\n                <h3>Inwieweit sind die Kunden in den Prozess eingebunden?<\/h3>\n                <div class=\"faq-content\"><p data-pm-slice=\"1 1 []\">Wir sehen unsere Kunden als aktive Partner in jeder Phase der Suche. Unsere Berater halten sie regelm\u00e4\u00dfig auf dem Laufenden, stellen sorgf\u00e4ltig vorbereitete Auswahllisten vor und ermutigen sie zu offenem Feedback, um sicherzustellen, dass wir den Anforderungen des Unternehmens gerecht werden. Au\u00dferdem planen wir strukturierte Kontrolltermine, damit unsere Kunden umfassend informiert bleiben, ohne sich selbst um die Details k\u00fcmmern zu m\u00fcssen. Dieser kooperative Ansatz stellt sicher, dass jede Besetzung sowohl die Unternehmensziele als auch die kulturelle Eignung widerspiegelt.<\/p>\n<\/div>\n            <\/div>\n                        <div class=\"item\">\n                <h3>Wie lange dauert die Suche nach einer F\u00fchrungskraft in der Regel?<\/h3>\n                <div class=\"faq-content\"><p data-pm-slice=\"1 1 []\">Auch wenn der Zeitrahmen variiert, sind die meisten Suchen nach F\u00fchrungskr\u00e4ften innerhalb von acht bis zw\u00f6lf Wochen abgeschlossen. Die Dauer h\u00e4ngt von Faktoren wie der Branche, der Komplexit\u00e4t der Aufgabe und der Verf\u00fcgbarkeit von qualifizierten Kandidaten ab. Wir arbeiten effizient, ohne die Qualit\u00e4t der Beurteilungen zu beeintr\u00e4chtigen, damit Sie die richtigen F\u00fchrungskr\u00e4fte zur richtigen Zeit treffen. Unsere Priorit\u00e4t ist immer Genauigkeit, Nachhaltigkeit und langfristiger Erfolg und nicht nur Schnelligkeit.<\/p>\n<\/div>\n            <\/div>\n                        <div class=\"item\">\n                <h3>Wodurch unterscheidet sich Haldren von anderen Personaldienstleistern?<\/h3>\n                <div class=\"faq-content\"><p data-pm-slice=\"1 1 []\">Unsere Besonderheit liegt in unserem beratenden Ansatz und unserer konsequenten Ausrichtung auf langfristige Ergebnisse. Im Gegensatz zu Firmen, die auf kurzfristige Vermittlungen setzen, investieren wir Zeit, um die Ziele Ihres Unternehmens, die Teamdynamik und den Branchendruck zu verstehen. Wir kombinieren globale Marktkenntnis mit fundiertem Fachwissen in Deutschland, wodurch wir sowohl internationale Unternehmen als auch lokale Start-ups effektiv unterst\u00fctzen k\u00f6nnen. Als Top-Personaldienstleister messen wir den Erfolg nicht nur an der Einstellung, sondern auch an dem Wert, den F\u00fchrungskr\u00e4fte \u00fcber Jahre hinweg bringen.<\/p>\n<\/div>\n            <\/div>\n                    <\/div>\n            <\/div>\n<\/div><\/div><div class=\"sidebar-wrapper\">\n<div class=\"wpcf7 no-js\" id=\"wpcf7-f16-o1\" lang=\"\" dir=\"ltr\" data-wpcf7-id=\"16\">\n<div class=\"screen-reader-response\"><p role=\"status\" aria-live=\"polite\" aria-atomic=\"true\"><\/p> <ul><\/ul><\/div>\n<form action=\"\/frankfurt\/wp-json\/wp\/v2\/pages\/293#wpcf7-f16-o1\" method=\"post\" class=\"wpcf7-form init\" aria-label=\"Contact form\" enctype=\"multipart\/form-data\" novalidate=\"novalidate\" data-status=\"init\">\n<fieldset class=\"hidden-fields-container\"><input type=\"hidden\" name=\"_wpcf7\" value=\"16\" \/><input type=\"hidden\" name=\"_wpcf7_version\" value=\"6.1.5\" \/><input type=\"hidden\" name=\"_wpcf7_locale\" value=\"\" \/><input type=\"hidden\" name=\"_wpcf7_unit_tag\" value=\"wpcf7-f16-o1\" \/><input type=\"hidden\" name=\"_wpcf7_container_post\" value=\"0\" \/><input type=\"hidden\" name=\"_wpcf7_posted_data_hash\" value=\"\" \/>\n<\/fieldset>\n<input class=\"wpcf7-form-control wpcf7-hidden\" id=\"utm_source\" value=\"\" type=\"hidden\" name=\"utm_source\" \/>\n<input class=\"wpcf7-form-control wpcf7-hidden\" id=\"utm_medium\" value=\"\" type=\"hidden\" name=\"utm_medium\" \/>\n<input class=\"wpcf7-form-control wpcf7-hidden\" id=\"sideform_user_country\" value=\"\" type=\"hidden\" name=\"userCountry\" \/>\n<div class=\"form-grid-layout\">\n\t<div class=\"form-title\">\n\t\t<h2 class=\"title\">Thrive with Top Talent<br \/>\n- No Upfronts Fees\n\t\t<\/h2>\n\t\t<p>Have it easier with video interview clips and a candidate shortlist within 2-3 weeks\n\t\t<\/p>\n\t<\/div>\n\t<div class=\"input-field\">\n\t\t<p><label for=\"\">Name<\/label><br \/>\n<span class=\"wpcf7-form-control-wrap\" data-name=\"full-Name\"><input size=\"40\" maxlength=\"400\" class=\"wpcf7-form-control wpcf7-text wpcf7-validates-as-required\" aria-required=\"true\" aria-invalid=\"false\" value=\"\" type=\"text\" name=\"full-Name\" \/><\/span>\n\t\t<\/p>\n\t<\/div>\n\t<div class=\"input-field\">\n\t\t<p><label for=\"\">Email Address<\/label><br \/>\n<span class=\"wpcf7-form-control-wrap\" data-name=\"email-address\"><input size=\"40\" maxlength=\"400\" class=\"wpcf7-form-control wpcf7-email wpcf7-validates-as-required wpcf7-text wpcf7-validates-as-email\" aria-required=\"true\" aria-invalid=\"false\" value=\"\" type=\"email\" name=\"email-address\" \/><\/span>\n\t\t<\/p>\n\t<\/div>\n\t<div class=\"input-field\">\n\t\t<p><label for=\"\">Company<\/label><br \/>\n<span class=\"wpcf7-form-control-wrap\" data-name=\"company\"><input size=\"40\" maxlength=\"400\" class=\"wpcf7-form-control wpcf7-text\" aria-invalid=\"false\" value=\"\" type=\"text\" name=\"company\" \/><\/span>\n\t\t<\/p>\n\t<\/div>\n\t<div class=\"radiobox-field\">\n\t\t<p><span class=\"wpcf7-form-control-wrap\" data-name=\"radio-721company-status\"><span class=\"wpcf7-form-control wpcf7-radio\"><span class=\"wpcf7-list-item first\"><label><input type=\"radio\" name=\"radio-721company-status\" value=\"{Employer}\" \/><span class=\"wpcf7-list-item-label\">Employer<\/span><\/label><\/span><span class=\"wpcf7-list-item last\"><label><input type=\"radio\" name=\"radio-721company-status\" value=\"{Candidate}\" \/><span class=\"wpcf7-list-item-label\">Candidate<\/span><\/label><\/span><\/span><\/span>\n\t\t<\/p>\n\t<\/div>\n\t<div class=\"input-field\">\n\t\t<p><span class=\"wpcf7-form-control-wrap\" data-name=\"file-upload\"><input size=\"40\" class=\"wpcf7-form-control wpcf7-file\" accept=\".pdf\" aria-invalid=\"false\" type=\"file\" name=\"file-upload\" \/><\/span>\n\t\t<\/p>\n\t<\/div>\n\t<div class=\"textarea-field\">\n\t\t<p><label for=\"\">How can we help you?<\/label><br \/>\n<span class=\"wpcf7-form-control-wrap\" data-name=\"message\"><textarea cols=\"40\" rows=\"10\" maxlength=\"2000\" class=\"wpcf7-form-control wpcf7-textarea\" aria-invalid=\"false\" name=\"message\"><\/textarea><\/span>\n\t\t<\/p>\n\t<\/div>\n\t<p><span id=\"wpcf7-6a04718dcf3d1-wrapper\" class=\"wpcf7-form-control-wrap nickname-wrap\" ><input id=\"wpcf7-6a04718dcf3d1-field\"  class=\"wpcf7-form-control wpcf7-text\" type=\"text\" name=\"nickname\" value=\"\" size=\"40\" tabindex=\"-1\" autocomplete=\"off\" \/><\/span>\n\t<\/p>\n\t<div class=\"form-term\">\n\t\t<p>Submission of this form means you have agreed to our <a href=\"\/privacy-policy\/\" title=\"\">Privacy Policy<\/a> and <a href=\"\/terms-of-service\/\" title=\"\">Terms Conditions<\/a>\n\t\t<\/p>\n\t<\/div>\n\t<div class=\"submit-btn\">\n\t\t<p><input class=\"wpcf7-form-control wpcf7-submit has-spinner btn-box\" type=\"submit\" value=\"Get in Touch\" \/>\n\t\t<\/p>\n\t<\/div>\n<\/div><div class=\"wpcf7-response-output\" aria-hidden=\"true\"><\/div>\n<\/form>\n<\/div>\n<\/div><\/div>\n\n\n<div class=\"block-section client-reviews-slider \" style=\"background-color: #119084\">  \n    <div class=\"container\">\n                <div class=\"splide client-slider\">\n            <div class=\"splide__track\">\n                <div class=\"splide__list\">\n                                        <div class=\"splide__slide\">\n                        <div class=\"content-box\">\n                            <div class=\"content\">\n                                <p data-pm-slice=\"1 1 []\">&#8220;Die Zusammenarbeit mit Haldren war eine professionelle und unterst\u00fctzende Erfahrung. Die Berater nahmen sich die Zeit, die Bed\u00fcrfnisse unseres Unternehmens zu verstehen und lieferten F\u00fchrungskr\u00e4fte, die unsere Erwartungen \u00fcbertrafen.&#8221;<\/p>\n                            <\/div>\n                                                        <div class=\"name\">\n                                <strong>Stefan L.<\/strong>, \n                                Gesch\u00e4ftsf\u00fchrender Direktor                            <\/div>\n                                                    <\/div>\n                    <\/div>\n                                        <div class=\"splide__slide\">\n                        <div class=\"content-box\">\n                            <div class=\"content\">\n                                <p data-pm-slice=\"1 1 []\">&#8220;Das Team von Haldren hat uns mit seiner Kompetenz und Marktkenntnis beeindruckt. Sie haben uns geholfen, Manager zu finden, die nicht nur f\u00fcr die Stelle geeignet sind, sondern auch zum langfristigen Erfolg beitragen.&#8221;<\/p>\n                            <\/div>\n                                                        <div class=\"name\">\n                                <strong>Anke S.<\/strong>, \n                                Senior Partner                            <\/div>\n                                                    <\/div>\n                    <\/div>\n                                        <div class=\"splide__slide\">\n                        <div class=\"content-box\">\n                            <div class=\"content\">\n                                <p data-pm-slice=\"1 1 []\">&#8220;Wir haben Haldren mit einer vertraulichen Suche nach einer C-Suite-Position betraut. Ihre Diskretion und ihr Engagement gaben uns Vertrauen, und das Ergebnis war genau die F\u00fchrungskraft, die wir brauchten.&#8221;<\/p>\n                            <\/div>\n                                                        <div class=\"name\">\n                                <strong>Cem Y.<\/strong>, \n                                Leiterin der Personalabteilung                            <\/div>\n                                                    <\/div>\n                    <\/div>\n                                    <\/div>\n            <\/div>\n        <\/div>\n            <\/div>\n<\/div>","protected":false},"excerpt":{"rendered":"","protected":false},"author":10,"featured_media":0,"parent":284,"menu_order":0,"comment_status":"closed","ping_status":"closed","template":"","meta":{"_acf_changed":false,"footnotes":""},"class_list":["post-293","page","type-page","status-publish","hentry"],"acf":[],"jetpack_sharing_enabled":true,"_links":{"self":[{"href":"https:\/\/www.haldren.com\/frankfurt\/wp-json\/wp\/v2\/pages\/293","targetHints":{"allow":["GET"]}}],"collection":[{"href":"https:\/\/www.haldren.com\/frankfurt\/wp-json\/wp\/v2\/pages"}],"about":[{"href":"https:\/\/www.haldren.com\/frankfurt\/wp-json\/wp\/v2\/types\/page"}],"author":[{"embeddable":true,"href":"https:\/\/www.haldren.com\/frankfurt\/wp-json\/wp\/v2\/users\/10"}],"replies":[{"embeddable":true,"href":"https:\/\/www.haldren.com\/frankfurt\/wp-json\/wp\/v2\/comments?post=293"}],"version-history":[{"count":1,"href":"https:\/\/www.haldren.com\/frankfurt\/wp-json\/wp\/v2\/pages\/293\/revisions"}],"predecessor-version":[{"id":306,"href":"https:\/\/www.haldren.com\/frankfurt\/wp-json\/wp\/v2\/pages\/293\/revisions\/306"}],"up":[{"embeddable":true,"href":"https:\/\/www.haldren.com\/frankfurt\/wp-json\/wp\/v2\/pages\/284"}],"wp:attachment":[{"href":"https:\/\/www.haldren.com\/frankfurt\/wp-json\/wp\/v2\/media?parent=293"}],"curies":[{"name":"wp","href":"https:\/\/api.w.org\/{rel}","templated":true}]}}