{"id":297,"date":"2025-08-13T06:51:59","date_gmt":"2025-08-13T06:51:59","guid":{"rendered":"https:\/\/www.haldren.com\/frankfurt\/?page_id=59"},"modified":"2025-10-31T08:20:38","modified_gmt":"2025-10-31T08:20:38","slug":"rekrutierung","status":"publish","type":"page","link":"https:\/\/www.haldren.com\/frankfurt\/de\/talentwerving\/rekrutierung\/","title":{"rendered":"Rekrutierung"},"content":{"rendered":"\n  <link rel=\"preload\" as=\"image\" href=\"https:\/\/www.haldren.com\/frankfurt\/wp-content\/uploads\/sites\/19\/2025\/08\/frankfurt-city-e1764152023708.jpg\" fetchpriority=\"high\">\n  <style>\n    .inner-banner-section {\n      background-image: url('https:\/\/www.haldren.com\/frankfurt\/wp-content\/uploads\/sites\/19\/2025\/08\/frankfurt-city-e1764152023708.jpg');\n      background-size: cover;\n      background-position: center;\n      background-repeat: no-repeat;\n    }\n\n    @media (max-width: 768px) {\n      .inner-banner-section {\n        background-image: url('https:\/\/www.haldren.com\/frankfurt\/wp-content\/uploads\/sites\/19\/2025\/08\/frankfurt-city-e1764152023708.jpg');\n      }\n    }\n  <\/style>\n\n<div class=\"block-section inner-banner-section lazyload bg-sty section-gaps top-border-line\">\n  <div class=\"container-fluid\">\n    <div class=\"content-wrap\">\n      <h1 class=\"title\">\n        Personaldienstleistungen in Frankfurt      <\/h1>\n      <span style=\"font-size: 18px;\">Expertenl\u00f6sungen f\u00fcr die Personalbeschaffung, die Unternehmen mit den richtigen Talenten zusammenbringen<\/span>\n    <\/div>\n  <\/div>\n<\/div>\n\n\n\n\n<div class=\"wp-block-custom-div-wrapper-block col-wrapper has-sidebar\"><div class=\"content-wrapper\" style=\"background-color:#002a26\">\n<div class=\"block-section section-gaps default-content-section \" \n     style=\"--text-color: #ffffff; --bg-color: #119084;\">\n    <div class=\"container\">\n        <div class=\"default-single-content-wrap\">\n            <div class=\"content-wrap\">\n                                    <h2 data-pm-slice=\"1 1 []\">Erstklassige Personalbeschaffung in Frankfurt, Deutschland<\/h2>\n<p>Haldren <span data-color=\"transparent\">ist bekannt daf\u00fcr, dass wir in Frankfurt Personaldienstleistungen mit Pr\u00e4zision, Integrit\u00e4t und fundiertem Fachwissen anbieten. Unsere Berater verbinden umfassende Erfahrung in verschiedenen Branchen mit der Verpflichtung zur Vertraulichkeit und zum Vertrauen unserer Kunden. Wir arbeiten eng mit Unternehmen zusammen, um sicherzustellen, dass wir geeignete Kandidaten finden, die <\/span>nicht nur die fachlichen Anforderungen einer Position erf\u00fcllen, sondern auch mit dem einzigartigen Geist der Teams unserer Kunden \u00fcbereinstimmen.<\/p>\n<p>Unser Name als vertrauensw\u00fcrdige Personalagentur basiert auf einer nachgewiesenen Erfolgsbilanz erfolgreicher Partnerschaften, die Unternehmen durch einen durchdachten Einstellungsprozess f\u00fchren. <span data-color=\"transparent\">Wir legen Wert auf Ethik, offene Kommunikation und einen beratenden Stil, der uns von Agenturen mit einem generischen Ansatz unterscheidet. Unser Zugang zu globalen Kandidaten, gepaart mit Branchenerfahrung aus erster Hand, erm\u00f6glicht es uns, sowohl kurzfristige Herausforderungen als auch langfristige Einstellungsstrategien anzugehen.<\/span><\/p>\n<p>Indem wir unser tiefes Verst\u00e4ndnis des Arbeitsmarktes mit intelligenter Talentanalyse verbinden, entwickeln wir geeignete L\u00f6sungen, die nicht nur aktuelle Vakanzen besetzen, sondern Ihre F\u00fchrungsteams st\u00e4rken und einen dauerhaften Wert schaffen.<br \/>\n Haldren<\/p>\n<blockquote><p><strong><span data-color=\"transparent\">bietet Rekrutierungsdienstleistungen, die auf Vertraulichkeit, Fachwissen und einem unerm\u00fcdlichen Engagement f\u00fcr den Erfolg unserer Kunden basieren.<\/span><\/strong><\/p><\/blockquote>\n<h2>Top-Tier Executive Search Firma in Frankfurt<\/h2>\n<p>Bei Haldren geht es bei der Personalbeschaffung nicht nur um die Besetzung einer Position. Vielmehr geht es darum, die strategische Vision Ihres Unternehmens mit au\u00dfergew\u00f6hnlichen Talenten in Einklang zu bringen, um eine langfristige Wirkung zu erzielen. Wir gehen an jede Suche nach F\u00fchrungskr\u00e4ften mit echter Sorgfalt heran und stellen sicher, dass die von uns rekrutierten F\u00fchrungskr\u00e4fte bereit sind, das Wachstum in verschiedenen Branchen zu inspirieren. <span data-color=\"transparent\">Die umfassende Expertise und das breite Netzwerk unserer Berater haben uns zum bevorzugten Partner f\u00fcr Unternehmen in der Region Frankfurt und dar\u00fcber hinaus gemacht.<\/span><\/p>\n<h4>Bewertung<\/h4>\n<p><span data-color=\"transparent\">Jedes unserer Engagements beginnt mit einer gr\u00fcndlichen Bewertung der spezifischen Anforderungen unserer Kunden. Darauf aufbauend erstellen unsere Berater ein ideales Kandidatenprofil, das die fachlichen F\u00e4higkeiten, die Werte und die kulturelle Eignung beschreibt. Anschlie\u00dfend nehmen wir uns die Zeit, qualifizierte Kandidaten hinsichtlich ihrer Arbeitsmoral, ihres F\u00fchrungspotenzials und ihrer Motivation zu beurteilen, um eine perfekte \u00dcbereinstimmung zu gew\u00e4hrleisten.<\/span><\/p>\n<h4>Talentakquise<\/h4>\n<p>Unser Talentakquisitionsprozess erreicht sowohl lokale als auch internationale Fachkr\u00e4fte. Au\u00dferdem kombinieren wir unsere globale Reichweite mit einem starken Netzwerk von Fachleuten aus den Bereichen Biowissenschaften, Lieferkette, Informationstechnologie und anderen Branchen. Durch den Einsatz moderner digitaler Sourcing-Tools und traditioneller Rekrutierungsmethoden erhalten wir Zugang zu hochqualifizierten F\u00fchrungskr\u00e4ften, die den Anforderungen komplexer Aufgaben gerecht werden k\u00f6nnen. Diese Kandidatensuche bietet ein Gleichgewicht zwischen Pr\u00e4zision und Flexibilit\u00e4t.<\/p>\n<h4>Organisatorische Umwandlung<\/h4>\n<p>Unsere Partnerschaft geht \u00fcber die Rekrutierung von F\u00fchrungskr\u00e4ften hinaus. Wir unterst\u00fctzen Unternehmen durch Interimsmanagement, Nachfolgeplanung und F\u00fchrungsentwicklung. Das profunde Verst\u00e4ndnis unserer Berater f\u00fcr verschiedene Branchen hilft Unternehmen, sich auf k\u00fcnftiges Wachstum vorzubereiten. Als eine der f\u00fchrenden Personalberatungen sind wir ein langfristiger Partner, der seine Kunden zu nachhaltigem Erfolg f\u00fchrt.<\/p>\n<h2>Unser Ansatz bei der Personalbeschaffung<\/h2>\n<p>Unser Rekrutierungsprozess ist strukturiert, transparent und unterst\u00fctzend. Wir beginnen mit einer Bestandsaufnahme des Arbeitsmarktes und lernen die Priorit\u00e4ten unserer Kunden kennen. In unseren Kandidatenprofilen werden die Erwartungen an die Rolle, die technischen Qualifikationen, die F\u00fchrungskompetenzen und die Karriereziele festgehalten, um die \u00dcbereinstimmung mit den Gesch\u00e4ftsanforderungen zu gew\u00e4hrleisten.<\/p>\n<p>In der Sourcing-Phase greifen wir auf unsere umfassende Erfahrung und unsere starken Netzwerke zur\u00fcck, unterst\u00fctzt durch digitale Kontakte, Stellenb\u00f6rsen und gezielte Anzeigen. <span data-color=\"transparent\">Wir arbeiten eng mit unseren Kunden zusammen, um in jeder Phase Transparenz zu gew\u00e4hrleisten, und bieten kontinuierliche Feedbackschleifen und detaillierte Informationen \u00fcber die Kandidaten. Unsere Bewertungen umfassen strukturierte Interviews, technische Bewertungen und psychometrische Tests, um sowohl die F\u00e4higkeiten als auch die Motivationsfaktoren zu messen und die richtige \u00dcbereinstimmung zu gew\u00e4hrleisten.<\/span><\/p>\n<p><span data-color=\"transparent\">Im Gegensatz zu Agenturen, die einen generischen Ansatz verfolgen, legen wir Wert auf Vielfalt, ethische Praktiken und nachhaltige Einstellungen. Unsere Berater setzen Talentanalysen ein, um die Suchergebnisse zu verfeinern und Top-Talente mit Sicherheit zu finden. Dieser strukturierte Prozess verringert die Einstellungsrisiken und f\u00fchrt zu besseren langfristigen Vermittlungen. Wir bleiben w\u00e4hrend des gesamten Bewerbungsprozesses, der Vorstellungsgespr\u00e4che und des Onboardings aktiv beteiligt, um einen reibungslosen \u00dcbergang zwischen Kunden und Kandidaten zu gew\u00e4hrleisten.<\/span><\/p>\n<p>Unser Engagement geht \u00fcber eine einzelne Stelle hinaus. Indem wir \u00fcber den Arbeitsmarkt informiert bleiben, k\u00f6nnen wir <span data-color=\"transparent\">Trends in verschiedenen Branchen vorhersehen und unsere Strategien entsprechend anpassen. <\/span>Das Ergebnis ist nicht nur die Suche nach den richtigen Talenten, sondern auch der Aufbau einer Rekrutierungspartnerschaft, die auf Zuverl\u00e4ssigkeit, Vertrauen und gemeinsamen Erfolgen basiert.<\/p>\n<h2>Unsere Kompetenz als f\u00fchrende Frankfurter Personalberatung<\/h2>\n<p>Unsere Berater verf\u00fcgen \u00fcber ein umfangreiches Wissen und Branchenerfahrung aus erster Hand in den Bereichen Life Sciences, Engineering, Marketing, Supply Chain, Banking, Informationstechnologie und mehr. Diese Bandbreite erm\u00f6glicht es uns, uns auf spezifische Bed\u00fcrfnisse einzustellen und Einstellungen in verschiedenen Branchen zu begleiten.<\/p>\n<p>Wir st\u00fctzen uns auf umfassendes Fachwissen und bew\u00e4hrte Methoden, um unseren Kunden Zugang zu hochqualifizierten Fachkr\u00e4ften f\u00fcr Positionen im mittleren und oberen Management zu verschaffen. Unsere Berater bilden sich st\u00e4ndig weiter und nehmen aktiv an Branchendiskussionen teil, um ihre Kompetenz zu st\u00e4rken und ihre Kenntnisse zu vertiefen. Durch dieses Engagement f\u00fcr kontinuierliches Wachstum verfeinern wir unsere Rekrutierungsdienstleistungen, um den sich wandelnden Anforderungen gerecht zu werden und messbare Ergebnisse zu erzielen.<\/p>\n<h4>Einige Bereiche, auf die wir uns spezialisiert haben<\/h4>\n<p>Unsere Personalagentur ist stolz darauf, Kunden aus einer Reihe dynamischer Branchen zu betreuen, darunter Biowissenschaften, Ingenieurwesen, Marketing, Informationstechnologie, Lieferketten und Banken. Die Region Frankfurt ist die Heimat von Unternehmen mit unterschiedlichen Bed\u00fcrfnissen, und wir bieten mit Leidenschaft die passenden Rekrutierungsdienstleistungen. Die umfassende Erfahrung unseres Teams in verschiedenen Branchen gew\u00e4hrleistet, dass unsere Kunden durchdachte L\u00f6sungen erhalten, die ihnen helfen, ihre langfristigen Ziele zu erreichen.<\/p>\n<h4>Beispiele f\u00fcr Rollen, f\u00fcr die wir rekrutieren<\/h4>\n<p>Wir sind auf die Rekrutierung von Positionen auf Senior- und Executive-Ebene spezialisiert, von C-Suite-F\u00fchrungskr\u00e4ften bis hin zu Positionen im mittleren Management, die f\u00fcr das Unternehmenswachstum entscheidend sind. Dazu geh\u00f6ren die Bereiche Betrieb, Finanzen, Marketing, Informationstechnologie, Lieferkette und Biowissenschaften. Jede Suche, die wir durchf\u00fchren, orientiert sich an den spezifischen Anforderungen unserer Kunden, um sicherzustellen, dass ihr Unternehmen mit Top-Talenten in Kontakt kommt, die ihre Visionen teilen.<\/p>\n<blockquote><p><strong>Um mehr \u00fcber die Positionen zu erfahren, f\u00fcr die wir rekrutieren, kontaktieren Sie Haldren noch heute.<\/strong><\/p><\/blockquote>\n<h2>Warum Haldren einen ma\u00dfgeschneiderten Ansatz f\u00fcr die Rekrutierung verwendet<\/h2>\n<p>Unsere Berater haben aus erster Hand erfahren, dass ein allgemeiner, einheitlicher Ansatz bei der Personalbeschaffung oft am Ziel vorbeigeht. Unternehmen <span data-color=\"transparent\">brauchen mehr als nur einen passenden Lebenslauf; sie brauchen Kandidaten, die ihre Vision, ihre Werte und ihre langfristigen Gesch\u00e4ftsziele widerspiegeln. <\/span>Durch offene Gespr\u00e4che und kontinuierliches Feedback passen wir unsere Strategien an die individuellen Bed\u00fcrfnisse unserer Kunden an und stellen ihnen Kandidaten vor, die einen messbaren Mehrwert f\u00fcr ihre Teams darstellen.<\/p>\n<p>Einer unserer Berater erinnert sich an die Zusammenarbeit mit einem Kunden, der vor einer neuen Herausforderung bei der Einstellung von Mitarbeitern f\u00fcr die Lieferkette stand. <span data-color=\"transparent\">Anstatt uns auf allgemeine Profile zu verlassen, haben wir unsere Kandidatensuche mit branchenspezifischen Marktkenntnissen und Talentanalysen verfeinert, was zu einer hochqualifizierten Vermittlung f\u00fchrte, die die Erwartungen \u00fcbertraf. <\/span>Es ist diese Art von pers\u00f6nlicher Erfahrung aus erster Hand, die unsere gesamte Methodik leitet.<\/p>\n<p>Jedes Unternehmen hat andere Anforderungen, weshalb wir mit Flexibilit\u00e4t und Sorgfalt rekrutieren. Unterst\u00fctzt durch ein starkes Netzwerk und ethische Praktiken liefern wir personenzentrierte L\u00f6sungen, die in der Praxis funktionieren, nicht nur auf dem Papier. Unser ma\u00dfgeschneiderter Ansatz stellt sicher, dass Unternehmen eine perfekte \u00dcbereinstimmung erzielen, die sowohl unmittelbare Ziele als auch nachhaltigen Erfolg unterst\u00fctzt.<\/p>\n<h2>Warum Haldren f\u00fcr die Personalbeschaffung w\u00e4hlen?<\/h2>\n<p>Die Wahl eines Personalvermittlungspartners ist eine Entscheidung, die auf Vertrauen basiert. Bei Haldren honorieren wir dieses Vertrauen und sch\u00fctzen die Vertraulichkeit unserer Kunden und Kandidaten in jeder Phase des Einstellungsprozesses, von der Abwicklung bis zum Abschlussgespr\u00e4ch. Die umfassende Erfahrung unserer Berater in verschiedenen Branchen erm\u00f6glicht es uns, unsere Kunden mit Vertrauen, Integrit\u00e4t und Diskretion zu beraten.<\/p>\n<p>Kunden sch\u00e4tzen unsere nachweisliche Erfolgsbilanz und unser Engagement f\u00fcr dauerhafte Partnerschaften. Durch unseren Zugang zu globalen Kandidaten k\u00f6nnen wir Unternehmen mit au\u00dfergew\u00f6hnlichen Talenten in Verbindung bringen und gleichzeitig ihre spezifischen Anforderungen ber\u00fccksichtigen. <span data-color=\"transparent\">Unsere Personalberatung floriert, weil wir eng mit Unternehmen zusammenarbeiten, um ihre Herausforderungen zu verstehen, Bed\u00fcrfnisse zu antizipieren und eine offene Kommunikation zu gew\u00e4hrleisten.<\/span><\/p>\n<p>Wir sind mehr als eine Personalagentur; wir sind ein Partner, der in den Aufbau langfristiger Werte investiert. Der starke Fokus unserer Berater auf Branchenkenntnis und ein breites Netzwerk von Fachleuten stellen sicher, dass jeder Rekrutierungsprozess transparent, effizient und ergebnisorientiert ist.<\/p>\n<blockquote><p><strong>Wenn Sie bereit sind, einen Partner zu engagieren, dem Ihr Erfolg wichtig ist, wenden Sie sich noch heute an Haldren. Wir w\u00fcrden uns freuen, ein Gespr\u00e4ch mit Ihnen zu beginnen.<\/strong><\/p><\/blockquote>\n                            <\/div>\n        <\/div>\n    <\/div>\n<\/div>\n\n<div class=\"block-section accordion-main-section \">\n    <div class=\"container\">    \n                <div class=\"accordion-faqs\">\n            <h2 class=\"m-title\">Frequently Asked Questions (FAQs)<\/h2>\n                        <div class=\"item\">\n                <h3>Wie stark werden unsere F\u00fchrungskr\u00e4fte an der Suche beteiligt sein?<\/h3>\n                <div class=\"faq-content\"><p data-pm-slice=\"1 1 []\">Wir halten die Einbindung praktisch und respektieren die Zeit. In fr\u00fchen Gespr\u00e4chen stimmen wir den Rekrutierungsprozess mit Ihren Priorit\u00e4ten ab und stellen dann Auswahllisten und strukturierte Aktualisierungen bereit, damit die Entscheidungen klar und effizient sind. Durch kontinuierliche Feedbackschleifen bleiben Sie auf dem Laufenden, ohne dass Sie den Verwaltungsaufwand tragen m\u00fcssen.<\/p>\n<\/div>\n            <\/div>\n                        <div class=\"item\">\n                <h3>Was macht Haldrens Einstellungsprozess anders?<\/h3>\n                <div class=\"faq-content\"><p data-pm-slice=\"1 1 []\">Unser Rekrutierungsprozess ist auf den Menschen ausgerichtet. Unsere Berater kombinieren Branchenerfahrung aus erster Hand mit strukturierten Beurteilungen, Talentanalysen und regelm\u00e4\u00dfigen Status-Updates, um sicherzustellen, dass Unternehmen nicht nur Talente, sondern auch die richtigen Talente erhalten.<\/p>\n<\/div>\n            <\/div>\n                        <div class=\"item\">\n                <h3>Wie sch\u00fctzt Haldren die Vertraulichkeit bei sensiblen Aufgaben?<\/h3>\n                <div class=\"faq-content\"><p data-pm-slice=\"1 1 []\">Wir beschr\u00e4nken den Zugang zu Informationen \u00fcber die Bewerber, gehen diskret auf sie zu und vereinbaren von Anfang an klare Kommunikationsprotokolle. Referenzen werden gestaffelt und nur mit ausdr\u00fccklicher Zustimmung durchgef\u00fchrt. W\u00e4hrend der gesamten Dauer des Executive Search-Auftrags wahren wir strikte Vertraulichkeit, damit Sie einen sicheren Einstellungsprozess durchf\u00fchren k\u00f6nnen.<\/p>\n<\/div>\n            <\/div>\n                        <div class=\"item\">\n                <h3>Welche Unterst\u00fctzung bietet Haldren nach der Einstufung?<\/h3>\n                <div class=\"faq-content\"><p data-pm-slice=\"1 1 []\">Unsere Partnerschaft geht auch nach der Einstellung weiter. Wir unterst\u00fctzen die Nachfolgeplanung, das Interimsmanagement und die laufende Kommunikation, um den Erfolg von Kunden und Kandidaten sicherzustellen.<\/p>\n<\/div>\n            <\/div>\n                    <\/div>\n            <\/div>\n<\/div><\/div><div class=\"sidebar-wrapper\">\n<div class=\"wpcf7 no-js\" id=\"wpcf7-f16-o1\" lang=\"\" dir=\"ltr\" data-wpcf7-id=\"16\">\n<div class=\"screen-reader-response\"><p role=\"status\" aria-live=\"polite\" aria-atomic=\"true\"><\/p> <ul><\/ul><\/div>\n<form action=\"\/frankfurt\/wp-json\/wp\/v2\/pages\/297#wpcf7-f16-o1\" method=\"post\" class=\"wpcf7-form init\" aria-label=\"Contact form\" enctype=\"multipart\/form-data\" novalidate=\"novalidate\" data-status=\"init\">\n<fieldset class=\"hidden-fields-container\"><input type=\"hidden\" name=\"_wpcf7\" value=\"16\" \/><input type=\"hidden\" name=\"_wpcf7_version\" value=\"6.1.5\" \/><input type=\"hidden\" name=\"_wpcf7_locale\" value=\"\" \/><input type=\"hidden\" name=\"_wpcf7_unit_tag\" value=\"wpcf7-f16-o1\" \/><input type=\"hidden\" name=\"_wpcf7_container_post\" value=\"0\" \/><input type=\"hidden\" name=\"_wpcf7_posted_data_hash\" value=\"\" \/>\n<\/fieldset>\n<input class=\"wpcf7-form-control wpcf7-hidden\" id=\"utm_source\" value=\"\" type=\"hidden\" name=\"utm_source\" \/>\n<input class=\"wpcf7-form-control wpcf7-hidden\" id=\"utm_medium\" value=\"\" type=\"hidden\" name=\"utm_medium\" \/>\n<input class=\"wpcf7-form-control wpcf7-hidden\" id=\"sideform_user_country\" value=\"\" type=\"hidden\" name=\"userCountry\" \/>\n<div class=\"form-grid-layout\">\n\t<div class=\"form-title\">\n\t\t<h2 class=\"title\">Thrive with Top Talent<br \/>\n- No Upfronts Fees\n\t\t<\/h2>\n\t\t<p>Have it easier with video interview clips and a candidate shortlist within 2-3 weeks\n\t\t<\/p>\n\t<\/div>\n\t<div class=\"input-field\">\n\t\t<p><label for=\"\">Name<\/label><br \/>\n<span class=\"wpcf7-form-control-wrap\" data-name=\"full-Name\"><input size=\"40\" maxlength=\"400\" class=\"wpcf7-form-control wpcf7-text wpcf7-validates-as-required\" aria-required=\"true\" aria-invalid=\"false\" value=\"\" type=\"text\" name=\"full-Name\" \/><\/span>\n\t\t<\/p>\n\t<\/div>\n\t<div class=\"input-field\">\n\t\t<p><label for=\"\">Email Address<\/label><br \/>\n<span class=\"wpcf7-form-control-wrap\" data-name=\"email-address\"><input size=\"40\" maxlength=\"400\" class=\"wpcf7-form-control wpcf7-email wpcf7-validates-as-required wpcf7-text wpcf7-validates-as-email\" aria-required=\"true\" aria-invalid=\"false\" value=\"\" type=\"email\" name=\"email-address\" \/><\/span>\n\t\t<\/p>\n\t<\/div>\n\t<div class=\"input-field\">\n\t\t<p><label for=\"\">Company<\/label><br \/>\n<span class=\"wpcf7-form-control-wrap\" data-name=\"company\"><input size=\"40\" maxlength=\"400\" class=\"wpcf7-form-control wpcf7-text\" aria-invalid=\"false\" value=\"\" type=\"text\" name=\"company\" \/><\/span>\n\t\t<\/p>\n\t<\/div>\n\t<div class=\"radiobox-field\">\n\t\t<p><span class=\"wpcf7-form-control-wrap\" data-name=\"radio-721company-status\"><span class=\"wpcf7-form-control wpcf7-radio\"><span class=\"wpcf7-list-item first\"><label><input type=\"radio\" name=\"radio-721company-status\" value=\"{Employer}\" \/><span class=\"wpcf7-list-item-label\">Employer<\/span><\/label><\/span><span class=\"wpcf7-list-item last\"><label><input type=\"radio\" name=\"radio-721company-status\" value=\"{Candidate}\" \/><span class=\"wpcf7-list-item-label\">Candidate<\/span><\/label><\/span><\/span><\/span>\n\t\t<\/p>\n\t<\/div>\n\t<div class=\"input-field\">\n\t\t<p><span class=\"wpcf7-form-control-wrap\" data-name=\"file-upload\"><input size=\"40\" class=\"wpcf7-form-control wpcf7-file\" accept=\".pdf\" aria-invalid=\"false\" type=\"file\" name=\"file-upload\" \/><\/span>\n\t\t<\/p>\n\t<\/div>\n\t<div class=\"textarea-field\">\n\t\t<p><label for=\"\">How can we help you?<\/label><br \/>\n<span class=\"wpcf7-form-control-wrap\" data-name=\"message\"><textarea cols=\"40\" rows=\"10\" maxlength=\"2000\" class=\"wpcf7-form-control wpcf7-textarea\" aria-invalid=\"false\" name=\"message\"><\/textarea><\/span>\n\t\t<\/p>\n\t<\/div>\n\t<p><span id=\"wpcf7-6a0471b6beb7a-wrapper\" class=\"wpcf7-form-control-wrap nickname-wrap\" ><input id=\"wpcf7-6a0471b6beb7a-field\"  class=\"wpcf7-form-control wpcf7-text\" type=\"text\" name=\"nickname\" value=\"\" size=\"40\" tabindex=\"-1\" autocomplete=\"off\" \/><\/span>\n\t<\/p>\n\t<div class=\"form-term\">\n\t\t<p>Submission of this form means you have agreed to our <a href=\"\/privacy-policy\/\" title=\"\">Privacy Policy<\/a> and <a href=\"\/terms-of-service\/\" title=\"\">Terms Conditions<\/a>\n\t\t<\/p>\n\t<\/div>\n\t<div class=\"submit-btn\">\n\t\t<p><input class=\"wpcf7-form-control wpcf7-submit has-spinner btn-box\" type=\"submit\" value=\"Get in Touch\" \/>\n\t\t<\/p>\n\t<\/div>\n<\/div><div class=\"wpcf7-response-output\" aria-hidden=\"true\"><\/div>\n<\/form>\n<\/div>\n<\/div><\/div>\n\n\n<div class=\"block-section client-reviews-slider \" style=\"background-color: #119084\">  \n    <div class=\"container\">\n                <div class=\"splide client-slider\">\n            <div class=\"splide__track\">\n                <div class=\"splide__list\">\n                                        <div class=\"splide__slide\">\n                        <div class=\"content-box\">\n                            <div class=\"content\">\n                                <p data-pm-slice=\"1 1 []\">&#8220;Die Zusammenarbeit mit Haldren hat uns w\u00e4hrend des gesamten Rekrutierungsprozesses Vertrauen gegeben. Ihre Berater kombinierten Marktkenntnisse mit einem starken Netzwerk und pr\u00e4sentierten nur hochqualifizierte Kandidaten, die zu unseren Anforderungen und kulturellen Erwartungen passten.&#8221;<\/p>\n                            <\/div>\n                                                        <div class=\"name\">\n                                <strong>Thorsten A.<\/strong>, \n                                Personalleiter                            <\/div>\n                                                    <\/div>\n                    <\/div>\n                                        <div class=\"splide__slide\">\n                        <div class=\"content-box\">\n                            <div class=\"content\">\n                                <p data-pm-slice=\"1 1 []\">&#8220;Die Berater von Haldren verf\u00fcgen \u00fcber umfassendes Fachwissen und eine nachweisliche Erfolgsbilanz bei der Einstellung von F\u00fchrungskr\u00e4ften. Sie bewerteten unseren spezifischen Bedarf gr\u00fcndlich und boten Rekrutierungsdienstleistungen an, die mit unserer langfristigen Strategie \u00fcbereinstimmten. Die Ergebnisse \u00fcbertrafen unsere Erwartungen.&#8221;<\/p>\n                            <\/div>\n                                                        <div class=\"name\">\n                                <strong>Klaudia S.<\/strong>, \n                                Leiter der Abteilung Operations                            <\/div>\n                                                    <\/div>\n                    <\/div>\n                                        <div class=\"splide__slide\">\n                        <div class=\"content-box\">\n                            <div class=\"content\">\n                                <p data-pm-slice=\"1 1 []\">&#8220;Unser Team stand vor der Herausforderung, eine Stelle im mittleren Management im Ingenieurwesen zu besetzen. Haldren bot Rekrutierungsdienstleistungen mit regelm\u00e4\u00dfigen Fortschrittsberichten und klarer Kommunikation an. Ihr Engagement und ihre Professionalit\u00e4t zeichneten sich in jeder Interaktion aus.&#8221;<\/p>\n                            <\/div>\n                                                        <div class=\"name\">\n                                <strong>Anika R.<\/strong>, \n                                Gesch\u00e4ftsf\u00fchrender Partner                            <\/div>\n                                                    <\/div>\n                    <\/div>\n                                    <\/div>\n            <\/div>\n        <\/div>\n            <\/div>\n<\/div>","protected":false},"excerpt":{"rendered":"","protected":false},"author":10,"featured_media":0,"parent":284,"menu_order":0,"comment_status":"closed","ping_status":"closed","template":"","meta":{"_acf_changed":false,"footnotes":""},"class_list":["post-297","page","type-page","status-publish","hentry"],"acf":[],"jetpack_sharing_enabled":true,"_links":{"self":[{"href":"https:\/\/www.haldren.com\/frankfurt\/wp-json\/wp\/v2\/pages\/297","targetHints":{"allow":["GET"]}}],"collection":[{"href":"https:\/\/www.haldren.com\/frankfurt\/wp-json\/wp\/v2\/pages"}],"about":[{"href":"https:\/\/www.haldren.com\/frankfurt\/wp-json\/wp\/v2\/types\/page"}],"author":[{"embeddable":true,"href":"https:\/\/www.haldren.com\/frankfurt\/wp-json\/wp\/v2\/users\/10"}],"replies":[{"embeddable":true,"href":"https:\/\/www.haldren.com\/frankfurt\/wp-json\/wp\/v2\/comments?post=297"}],"version-history":[{"count":1,"href":"https:\/\/www.haldren.com\/frankfurt\/wp-json\/wp\/v2\/pages\/297\/revisions"}],"predecessor-version":[{"id":304,"href":"https:\/\/www.haldren.com\/frankfurt\/wp-json\/wp\/v2\/pages\/297\/revisions\/304"}],"up":[{"embeddable":true,"href":"https:\/\/www.haldren.com\/frankfurt\/wp-json\/wp\/v2\/pages\/284"}],"wp:attachment":[{"href":"https:\/\/www.haldren.com\/frankfurt\/wp-json\/wp\/v2\/media?parent=297"}],"curies":[{"name":"wp","href":"https:\/\/api.w.org\/{rel}","templated":true}]}}