{"id":847,"date":"2026-01-20T03:37:08","date_gmt":"2026-01-20T03:37:08","guid":{"rendered":"https:\/\/www.haldren.com\/frankfurt\/?page_id=847"},"modified":"2026-01-20T03:37:11","modified_gmt":"2026-01-20T03:37:11","slug":"headhunting-spain-spanish-gemini-2-5-pro","status":"publish","type":"page","link":"https:\/\/www.haldren.com\/frankfurt\/es\/headhunting-spain-spanish-gemini-2-5-pro\/","title":{"rendered":"Headhunting Spain Spanish Gemini 2.5 pro"},"content":{"rendered":"\n  <link rel=\"preload\" as=\"image\" href=\"https:\/\/www.haldren.com\/frankfurt\/wp-content\/uploads\/sites\/19\/2025\/08\/frankfurt-city-e1764152023708.jpg\" fetchpriority=\"high\">\n  <style>\n    .inner-banner-section {\n      background-image: url('https:\/\/www.haldren.com\/frankfurt\/wp-content\/uploads\/sites\/19\/2025\/08\/frankfurt-city-e1764152023708.jpg');\n      background-size: cover;\n      background-position: center;\n      background-repeat: no-repeat;\n    }\n\n    @media (max-width: 768px) {\n      .inner-banner-section {\n        background-image: url('https:\/\/www.haldren.com\/frankfurt\/wp-content\/uploads\/sites\/19\/2025\/08\/frankfurt-city-e1764152023708.jpg');\n      }\n    }\n  <\/style>\n\n<div class=\"block-section inner-banner-section lazyload bg-sty section-gaps top-border-line\">\n  <div class=\"container-fluid\">\n    <div class=\"content-wrap\">\n      <h1 class=\"title\">\n        Servicios de headhunting en Fr\u00e1ncfort      <\/h1>\n      <span style=\"font-size: 18px;\">Guiando a las empresas hacia un crecimiento estrat\u00e9gico con discreci\u00f3n y experiencia<\/span>\n    <\/div>\n  <\/div>\n<\/div>\n\n\n\n\n<div class=\"wp-block-custom-div-wrapper-block col-wrapper has-sidebar\"><div class=\"content-wrapper\" style=\"background-color:#002a26\">\n<div class=\"block-section section-gaps default-content-section \" \n     style=\"--text-color: #ffffff; --bg-color: #119084;\">\n    <div class=\"container\">\n        <div class=\"default-single-content-wrap\">\n            <div class=\"content-wrap\">\n                                    <h2>Headhunting de primer nivel en Fr\u00e1ncfort, Alemania<\/h2>\n<p>Haldren conecta a las empresas l\u00edderes de Fr\u00e1ncfort con los ejecutivos que las guiar\u00e1n hacia el \u00e9xito a largo plazo. Con una d\u00e9cada de experiencia internacional, nuestros consultores gestionan cada b\u00fasqueda con gran profesionalidad, total confidencialidad y un aut\u00e9ntico compromiso de hacer las cosas bien.<\/p>\n<p>Nuestro equipo conoce en profundidad los requisitos \u00fanicos de las empresas de todos los sectores, desde la tecnolog\u00eda y la sanidad hasta las finanzas y los servicios digitales. Nos tomamos el tiempo necesario para entender su negocio, evaluando cuidadosamente a cada directivo y alto cargo que presentamos para asegurar un encaje excelente, no solo para el puesto, sino tambi\u00e9n para la cultura y la visi\u00f3n de su empresa.<\/p>\n<p>Trabajamos con empresas internacionales que buscan un equipo capaz de abordar con ellas complejos retos de liderazgo. Nuestros consultores combinan un profundo conocimiento del sector, rigurosos m\u00e9todos de selecci\u00f3n y una pasi\u00f3n por ofrecer resultados exitosos. Con experiencia en toda Alemania y Europa, sabemos c\u00f3mo situar a l\u00edderes con talento en puestos donde puedan prosperar, inspirar a sus equipos y crear un impacto medible.<\/p>\n<blockquote><p><strong>Haldren es el socio de b\u00fasqueda de ejecutivos en Fr\u00e1ncfort en el que las empresas conf\u00edan por su reclutamiento \u00e9tico, su alcance global y sus resultados consistentes.<\/strong><\/p><\/blockquote>\n<h2>Empresa de b\u00fasqueda de ejecutivos de primer nivel en Fr\u00e1ncfort<\/h2>\n<p>Para nosotros, el headhunting es m\u00e1s que simplemente cubrir puestos. Se trata de encontrar la alineaci\u00f3n perfecta entre la visi\u00f3n de un ejecutivo y la estrategia de su empresa. Nos centramos en la alta direcci\u00f3n, <span data-color=\"transparent\">donde las decisiones dan forma a los sectores e influyen en el futuro de las empresas en Alemania y Europa.<\/span><\/p>\n<p>Nuestro trabajo se gu\u00eda por una filosof\u00eda sencilla basada en la integridad, la profesionalidad y el respeto por todas las personas con las que interactuamos. Nuestros consultores saben c\u00f3mo conectar con profesionales de todo el mundo, al tiempo que ofrecen a las empresas de Fr\u00e1ncfort el servicio centrado y personal que merecen. Combinando la experiencia en la b\u00fasqueda de ejecutivos con herramientas de inteligencia artificial, ayudamos a los clientes a encontrar los candidatos adecuados y a alcanzar un verdadero \u00e9xito empresarial.<\/p>\n<p>Nuestros servicios se impulsan por la pasi\u00f3n de ayudar a las empresas a crecer encontrando l\u00edderes que aporten excepcionales habilidades de gesti\u00f3n y la motivaci\u00f3n para triunfar. Para cada b\u00fasqueda, analizamos sus requisitos a fondo, presentamos solo a los candidatos que cumplen con esos est\u00e1ndares y nos mantenemos como su socio activo en la planificaci\u00f3n del desarrollo.<\/p>\n<h4>Evaluaci\u00f3n<\/h4>\n<p><span data-color=\"transparent\">Cada encargo de headhunting comienza con una evaluaci\u00f3n de las necesidades de negocio de nuestro cliente, la din\u00e1mica del sector y los objetivos de liderazgo. A partir de ah\u00ed, desarrollamos fichas de evaluaci\u00f3n claras para los candidatos, asegurando que la selecci\u00f3n vaya m\u00e1s all\u00e1 de la experiencia para incluir la personalidad, la \u00e9tica de trabajo y la motivaci\u00f3n. Esto garantiza que encontremos un l\u00edder que realmente se ajuste tanto al puesto como a la cultura de la empresa. <\/span><\/p>\n<h4>Adquisici\u00f3n de talento<\/h4>\n<p>Recurrimos a nuestra amplia red de profesionales, especialistas del sector y socios de confianza para conectar con ejecutivos excepcionales en toda Europa. Nuestro equipo combina m\u00e9todos de reclutamiento tradicionales y probados con tecnolog\u00eda moderna para llegar a candidatos con talento, incluidos aquellos que no est\u00e1n buscando activamente un nuevo empleo. Nuestro objetivo es simple: encontrarle un l\u00edder con la visi\u00f3n y las habilidades para triunfar.<\/p>\n<h4>Transformaci\u00f3n organizativa<\/h4>\n<p><span data-color=\"transparent\">Adem\u00e1s de la colocaci\u00f3n, apoyamos el crecimiento de su empresa con la evaluaci\u00f3n de liderazgo, la planificaci\u00f3n de la sucesi\u00f3n y la consultor\u00eda de gesti\u00f3n. <\/span>Estos servicios ayudan a asegurar resultados inmediatos mientras preparan a los directivos y altos ejecutivos para la transformaci\u00f3n y el cambio futuros.<\/p>\n<h2>Nuestro enfoque del headhunting<\/h2>\n<p>Sabemos que cada empresa en Fr\u00e1ncfort se enfrenta a presiones \u00fanicas. Por eso, cada b\u00fasqueda comienza con una conversaci\u00f3n abierta, donde escuchamos para entender sus objetivos, los desaf\u00edos actuales y su visi\u00f3n de futuro. Esta base nos permite crear perfiles de candidatos precisos y encontrar l\u00edderes que se ajusten perfectamente tanto a los requisitos del puesto como a la cultura.<\/p>\n<p>Nuestro proceso comienza con un mapeo del mercado para identificar a los ejecutivos que marcan la pauta en su sector. Luego, buscamos candidatos a trav\u00e9s de redes internacionales, canales de medios, plataformas tecnol\u00f3gicas y software de reclutamiento. A continuaci\u00f3n, nuestro equipo eval\u00faa a cada profesional mediante entrevistas estructuradas, pruebas psicom\u00e9tricas y evaluaciones de liderazgo, garantizando el cumplimiento de las normas \u00e9ticas y los requisitos del cliente.<\/p>\n<p>Cuando presentamos una lista de finalistas, esta incluye solo a los candidatos que creemos que aportar\u00e1n \u00e9xito. Cada perfil contiene detalles sobre su experiencia, estilo de gesti\u00f3n y factores de motivaci\u00f3n. Esto significa que, para cuando nuestros clientes los revisan, ya comprenden sus fortalezas y su posible impacto en el \u00e9xito del negocio.<\/p>\n<p>Adem\u00e1s, adoptamos enfoques de reclutamiento tanto digitales como tradicionales. Utilizamos investigaci\u00f3n impulsada por IA, bolsas de trabajo y redes sociales para conectar con profesionales de alto nivel, al tiempo que confiamos en referencias de confianza, conversaciones a nivel directivo y relaciones consolidadas en el sector. Este equilibrio nos ayuda a encontrar l\u00edderes que pueden no estar buscando activamente un nuevo empleo.<\/p>\n<p>Finalmente, nos apasiona la diversidad, <span data-color=\"transparent\">asegurando que las empresas se beneficien de l\u00edderes que contribuyan a la innovaci\u00f3n y al cambio positivo. No nos centramos solo en la colocaci\u00f3n inmediata, sino tambi\u00e9n en la transformaci\u00f3n a largo plazo, guiando a los l\u00edderes hacia puestos en los que puedan desarrollarse, dirigir eficazmente e inspirar a sus equipos. <\/span><\/p>\n<p><span data-color=\"transparent\">Este proceso estructurado y \u00e9tico nos distingue de los enfoques de reclutamiento est\u00e1ndar, ofreciendo a las empresas de Fr\u00e1ncfort un camino probado hacia el \u00e9xito duradero.<\/span><\/p>\n<h2>Nuestra experiencia como reclutadores de ejecutivos l\u00edderes en Fr\u00e1ncfort<\/h2>\n<p>Nuestros consultores aportan un profundo conocimiento de los sectores de Alemania y Europa. Con una amplia formaci\u00f3n y experiencia en el reclutamiento de directivos, tambi\u00e9n sabemos c\u00f3mo evaluar a los ejecutivos por su pericia t\u00e9cnica, su capacidad de liderazgo y su potencial de negocio a largo plazo.<\/p>\n<p><span data-color=\"transparent\">El equipo de Haldren est\u00e1 compuesto por especialistas con experiencia en software, sanidad, tecnolog\u00eda y finanzas. Esto nos permite discutir los detalles con los directores de contrataci\u00f3n de igual a igual, traduciendo los requisitos estrat\u00e9gicos en resultados de reclutamiento claros. Nuestro trabajo se apoya en el aprendizaje continuo y el compromiso con la evoluci\u00f3n del mercado.<\/span><\/p>\n<p><span data-color=\"transparent\">Mantenemos nuestro compromiso de colaborar estrechamente con los clientes, adaptando los m\u00e9todos a las necesidades empresariales actuales y asegurando que los l\u00edderes est\u00e9n siempre en posici\u00f3n de triunfar.<\/span><\/p>\n<h4>Algunas de nuestras \u00e1reas de especializaci\u00f3n<\/h4>\n<p>Ofrecemos apoyo en reclutamiento para empresas de Fr\u00e1ncfort y de toda Alemania en sectores como la tecnolog\u00eda, los medios digitales, la sanidad, las finanzas y la manufactura. Nuestros consultores tienen fuertes conexiones con profesionales de alto nivel en toda Europa, lo que nos permite presentar a las empresas l\u00edderes que est\u00e1n listos para generar un impacto duradero.<\/p>\n<h4>Ejemplos de puestos para los que reclutamos<\/h4>\n<p>Apoyamos regularmente a los clientes en la cobertura de puestos de alta direcci\u00f3n, incluyendo nombramientos de nivel C y de consejo, as\u00ed como puestos directivos en diversos sectores. Algunos de los l\u00edderes que seleccionamos incluyen directores financieros, l\u00edderes senior de tecnolog\u00eda, directores de sanidad y especialistas en transformaci\u00f3n digital.<\/p>\n<blockquote><p><strong>P\u00f3ngase en contacto con nosotros para hablar de toda la gama de puestos de liderazgo para los que podemos ayudarle a reclutar.<\/strong><\/p><\/blockquote>\n<h2>Por qu\u00e9 Haldren utiliza un enfoque personalizado para el reclutamiento<\/h2>\n<p>Hemos visto una y otra vez que el reclutamiento gen\u00e9rico a menudo no cumple con los requisitos empresariales. <span data-color=\"transparent\">Las empresas que dependen de m\u00e9todos de selecci\u00f3n est\u00e1ndar a menudo encuentran l\u00edderes que encajan sobre el papel pero que no logran un impacto a largo plazo. Nuestros consultores aprendieron esto a trav\u00e9s de a\u00f1os de trabajo en diversos sectores, donde observamos que los directivos triunfaban cuando se les asignaban puestos que respetaban su motivaci\u00f3n y su estilo de liderazgo.<\/span><\/p>\n<p><span data-color=\"transparent\">Nuestro proceso a medida nos permite discutir las prioridades de cada empresa en detalle. Luego, desarrollamos fichas de evaluaci\u00f3n precisas para los puestos, asegurando que los ejecutivos sean evaluados por sus habilidades t\u00e9cnicas, su potencial de liderazgo y su encaje cultural. Al involucrar a nuestros clientes en cada etapa, nos aseguramos de que los candidatos cumplan los requisitos con precisi\u00f3n y contribuyan al desarrollo de la empresa.<\/span><\/p>\n<p><span data-color=\"transparent\">Hemos trabajado con empresas internacionales, negocios locales y organizaciones en crecimiento en todo Fr\u00e1ncfort. Cada colaboraci\u00f3n confirm\u00f3 que el \u00e9xito requiere flexibilidad, atenci\u00f3n al detalle y la capacidad de adaptar el reclutamiento para que se ajuste a las necesidades culturales y organizativas.<\/span><\/p>\n<p><span data-color=\"transparent\">Este enfoque en el headhunting personalizado asegura que Haldren ofrezca ejecutivos que no solo aseguran resultados inmediatos, sino que tambi\u00e9n lideran un crecimiento empresarial sostenible.<\/span><\/p>\n<h2>\u00bfPor qu\u00e9 elegir a Haldren para el headhunting?<\/h2>\n<p>La confianza, la confidencialidad y el cumplimiento definen nuestra forma de trabajar. Salvaguardamos los derechos de privacidad de los clientes y protegemos la informaci\u00f3n de los candidatos, garantizando que los detalles sensibles est\u00e9n siempre seguros. Las empresas valoran nuestra fiabilidad y reconocen a nuestros consultores como socios a largo plazo que se preocupan profundamente por su \u00e9xito.<\/p>\n<p>Nuestro equipo se ha forjado una reputaci\u00f3n en toda Alemania y Europa por sus resultados consistentes en la b\u00fasqueda de ejecutivos. Conectamos a l\u00edderes con empleos significativos, permitiendo que las empresas prosperen mientras apoyamos a los profesionales en su desarrollo profesional.<\/p>\n<p><span data-color=\"transparent\">A diferencia de muchas empresas de reclutamiento, priorizamos la colaboraci\u00f3n consultiva, discutiendo cada etapa del proceso abiertamente. Involucramos a los clientes en las evaluaciones de los candidatos, compartimos informaci\u00f3n detallada y permanecemos presentes incluso despu\u00e9s de las contrataciones para apoyar el desarrollo organizativo.<\/span><\/p>\n<p><span data-color=\"transparent\">Nuestros consultores son especialistas con alcance internacional, que combinan la experiencia local de Fr\u00e1ncfort con redes que abarcan sectores de toda Europa. Equilibramos el reclutamiento impulsado por la tecnolog\u00eda con m\u00e9todos tradicionales, ofreciendo un enfoque integral para encontrar ejecutivos que generar\u00e1n un impacto medible.<\/span><\/p>\n<blockquote><p><strong><span data-color=\"transparent\">Contacte con Haldren hoy mismo para analizar c\u00f3mo nuestros servicios de headhunting pueden ayudar a su empresa a conseguir l\u00edderes excepcionales.<\/span><\/strong><\/p><\/blockquote>\n                            <\/div>\n        <\/div>\n    <\/div>\n<\/div>\n\n<div class=\"block-section accordion-main-section \">\n    <div class=\"container\">    \n                <div class=\"accordion-faqs\">\n            <h2 class=\"m-title\">Frequently Asked Questions (FAQs)<\/h2>\n                        <div class=\"item\">\n                <h3>\u00bfC\u00f3mo se asegura Haldren de que los directivos sean los adecuados?<\/h3>\n                <div class=\"faq-content\"><p>Conocemos su empresa en detalle antes de iniciar cualquier b\u00fasqueda. Mediante la creaci\u00f3n de un perfil de candidato claro y la realizaci\u00f3n de entrevistas reflexivas y estructuradas, evaluamos la experiencia t\u00e9cnica, el estilo de gesti\u00f3n y la motivaci\u00f3n personal. Tambi\u00e9n consideramos el encaje cultural y el potencial de liderazgo, asegurando que los directivos que presentamos tendr\u00e1n un impacto significativo tanto ahora como en el futuro.<\/p>\n<\/div>\n            <\/div>\n                        <div class=\"item\">\n                <h3>\u00bfQu\u00e9 nivel de participaci\u00f3n tendr\u00e1n nuestros gerentes en el proceso de reclutamiento?<\/h3>\n                <div class=\"faq-content\"><p>Sus gerentes son socios activos de principio a fin. Trabajamos con usted para definir los requisitos del puesto, analizar los perfiles de los candidatos y revisar juntos las listas de finalistas, de modo que el proceso refleje siempre sus prioridades. Este nivel de colaboraci\u00f3n garantiza que los gerentes se sientan seguros con la selecci\u00f3n final y que cada nombramiento respalde sus objetivos empresariales a largo plazo.<\/p>\n<\/div>\n            <\/div>\n                        <div class=\"item\">\n                <h3>\u00bfCu\u00e1nto tiempo suele durar el proceso de headhunting?<\/h3>\n                <div class=\"faq-content\"><p>Cada b\u00fasqueda es diferente y los plazos var\u00edan en funci\u00f3n de la antig\u00fcedad del puesto, la complejidad de los requisitos y la disponibilidad de candidatos cualificados. Al principio, ofrecemos un esquema claro de lo que puede esperar y fijamos hitos realistas. Durante todo el proceso, le mantenemos informado para que siempre conozca el progreso actual y los pr\u00f3ximos pasos.<\/p>\n<\/div>\n            <\/div>\n                        <div class=\"item\">\n                <h3>\u00bfQu\u00e9 apoyo ofrece Haldren despu\u00e9s de la contrataci\u00f3n?<\/h3>\n                <div class=\"faq-content\"><p>Creemos que el reclutamiento no termina con la firma de un contrato. Despu\u00e9s de la contrataci\u00f3n, seguimos presentes para apoyarle con evaluaciones de liderazgo, planificaci\u00f3n de la sucesi\u00f3n y servicios de desarrollo continuo. Esta colaboraci\u00f3n continua ayuda a sus nuevos directivos a integrarse, garantiza que el encaje sea sostenible y apoya el crecimiento de su empresa a largo plazo.<\/p>\n<\/div>\n            <\/div>\n                    <\/div>\n            <\/div>\n<\/div><\/div><div class=\"sidebar-wrapper\">\n<div class=\"wpcf7 no-js\" id=\"wpcf7-f16-o1\" lang=\"\" dir=\"ltr\" data-wpcf7-id=\"16\">\n<div class=\"screen-reader-response\"><p role=\"status\" aria-live=\"polite\" aria-atomic=\"true\"><\/p> <ul><\/ul><\/div>\n<form action=\"\/frankfurt\/wp-json\/wp\/v2\/pages\/847#wpcf7-f16-o1\" method=\"post\" class=\"wpcf7-form init\" aria-label=\"Contact form\" enctype=\"multipart\/form-data\" novalidate=\"novalidate\" data-status=\"init\">\n<fieldset class=\"hidden-fields-container\"><input type=\"hidden\" name=\"_wpcf7\" value=\"16\" \/><input type=\"hidden\" name=\"_wpcf7_version\" value=\"6.1.5\" \/><input type=\"hidden\" name=\"_wpcf7_locale\" value=\"\" \/><input type=\"hidden\" name=\"_wpcf7_unit_tag\" value=\"wpcf7-f16-o1\" \/><input type=\"hidden\" name=\"_wpcf7_container_post\" value=\"0\" \/><input type=\"hidden\" name=\"_wpcf7_posted_data_hash\" value=\"\" \/>\n<\/fieldset>\n<input class=\"wpcf7-form-control wpcf7-hidden\" id=\"utm_source\" value=\"\" type=\"hidden\" name=\"utm_source\" \/>\n<input class=\"wpcf7-form-control wpcf7-hidden\" id=\"utm_medium\" value=\"\" type=\"hidden\" name=\"utm_medium\" \/>\n<input class=\"wpcf7-form-control wpcf7-hidden\" id=\"sideform_user_country\" value=\"\" type=\"hidden\" name=\"userCountry\" \/>\n<div class=\"form-grid-layout\">\n\t<div class=\"form-title\">\n\t\t<h2 class=\"title\">Thrive with Top Talent<br \/>\n- No Upfronts Fees\n\t\t<\/h2>\n\t\t<p>Have it easier with video interview clips and a candidate shortlist within 2-3 weeks\n\t\t<\/p>\n\t<\/div>\n\t<div class=\"input-field\">\n\t\t<p><label for=\"\">Name<\/label><br \/>\n<span class=\"wpcf7-form-control-wrap\" data-name=\"full-Name\"><input size=\"40\" maxlength=\"400\" class=\"wpcf7-form-control wpcf7-text wpcf7-validates-as-required\" aria-required=\"true\" aria-invalid=\"false\" value=\"\" type=\"text\" name=\"full-Name\" \/><\/span>\n\t\t<\/p>\n\t<\/div>\n\t<div class=\"input-field\">\n\t\t<p><label for=\"\">Email Address<\/label><br \/>\n<span class=\"wpcf7-form-control-wrap\" data-name=\"email-address\"><input size=\"40\" maxlength=\"400\" class=\"wpcf7-form-control wpcf7-email wpcf7-validates-as-required wpcf7-text wpcf7-validates-as-email\" aria-required=\"true\" aria-invalid=\"false\" value=\"\" type=\"email\" name=\"email-address\" \/><\/span>\n\t\t<\/p>\n\t<\/div>\n\t<div class=\"input-field\">\n\t\t<p><label for=\"\">Company<\/label><br \/>\n<span class=\"wpcf7-form-control-wrap\" data-name=\"company\"><input size=\"40\" maxlength=\"400\" class=\"wpcf7-form-control wpcf7-text\" aria-invalid=\"false\" value=\"\" type=\"text\" name=\"company\" \/><\/span>\n\t\t<\/p>\n\t<\/div>\n\t<div class=\"radiobox-field\">\n\t\t<p><span class=\"wpcf7-form-control-wrap\" data-name=\"radio-721company-status\"><span class=\"wpcf7-form-control wpcf7-radio\"><span class=\"wpcf7-list-item first\"><label><input type=\"radio\" name=\"radio-721company-status\" value=\"{Employer}\" \/><span class=\"wpcf7-list-item-label\">Employer<\/span><\/label><\/span><span class=\"wpcf7-list-item last\"><label><input type=\"radio\" name=\"radio-721company-status\" value=\"{Candidate}\" \/><span class=\"wpcf7-list-item-label\">Candidate<\/span><\/label><\/span><\/span><\/span>\n\t\t<\/p>\n\t<\/div>\n\t<div class=\"input-field\">\n\t\t<p><span class=\"wpcf7-form-control-wrap\" data-name=\"file-upload\"><input size=\"40\" class=\"wpcf7-form-control wpcf7-file\" accept=\".pdf\" aria-invalid=\"false\" type=\"file\" name=\"file-upload\" \/><\/span>\n\t\t<\/p>\n\t<\/div>\n\t<div class=\"textarea-field\">\n\t\t<p><label for=\"\">How can we help you?<\/label><br \/>\n<span class=\"wpcf7-form-control-wrap\" data-name=\"message\"><textarea cols=\"40\" rows=\"10\" maxlength=\"2000\" class=\"wpcf7-form-control wpcf7-textarea\" aria-invalid=\"false\" name=\"message\"><\/textarea><\/span>\n\t\t<\/p>\n\t<\/div>\n\t<p><span id=\"wpcf7-6a048086dff4e-wrapper\" class=\"wpcf7-form-control-wrap nickname-wrap\" ><input id=\"wpcf7-6a048086dff4e-field\"  class=\"wpcf7-form-control wpcf7-text\" type=\"text\" name=\"nickname\" value=\"\" size=\"40\" tabindex=\"-1\" autocomplete=\"off\" \/><\/span>\n\t<\/p>\n\t<div class=\"form-term\">\n\t\t<p>Submission of this form means you have agreed to our <a href=\"\/privacy-policy\/\" title=\"\">Privacy Policy<\/a> and <a href=\"\/terms-of-service\/\" title=\"\">Terms Conditions<\/a>\n\t\t<\/p>\n\t<\/div>\n\t<div class=\"submit-btn\">\n\t\t<p><input class=\"wpcf7-form-control wpcf7-submit has-spinner btn-box\" type=\"submit\" value=\"Get in Touch\" \/>\n\t\t<\/p>\n\t<\/div>\n<\/div><div class=\"wpcf7-response-output\" aria-hidden=\"true\"><\/div>\n<\/form>\n<\/div>\n<\/div><\/div>\n\n\n<div class=\"block-section client-reviews-slider \" style=\"background-color: #119084\">  \n    <div class=\"container\">\n                <div class=\"splide client-slider\">\n            <div class=\"splide__track\">\n                <div class=\"splide__list\">\n                                        <div class=\"splide__slide\">\n                        <div class=\"content-box\">\n                            <div class=\"content\">\n                                <p>\u201cTrabajar con los consultores de Haldren nos transmiti\u00f3 confianza desde la primera conversaci\u00f3n. Su comprensi\u00f3n de nuestros requisitos y su compromiso con la confidencialidad marcaron una gran diferencia.\u201d<\/p>\n                            <\/div>\n                                                        <div class=\"name\">\n                                <strong>Johanna W.<\/strong>, \n                                Directora de Riesgos                            <\/div>\n                                                    <\/div>\n                    <\/div>\n                                        <div class=\"splide__slide\">\n                        <div class=\"content-box\">\n                            <div class=\"content\">\n                                <p>\u201cHaldren nos present\u00f3 una selecci\u00f3n de excelentes ejecutivos que no solo ten\u00edan la experiencia t\u00e9cnica, sino tambi\u00e9n la motivaci\u00f3n para triunfar en nuestra empresa. Sus consultores nos guiaron en cada detalle.\u201d<\/p>\n                            <\/div>\n                                                        <div class=\"name\">\n                                <strong>Kerstin K.<\/strong>, \n                                Directora s\u00e9nior de Recursos Humanos                            <\/div>\n                                                    <\/div>\n                    <\/div>\n                                        <div class=\"splide__slide\">\n                        <div class=\"content-box\">\n                            <div class=\"content\">\n                                <p>\u201cNuestra experiencia con Haldren demostr\u00f3 el valor del reclutamiento \u00e9tico. Su equipo se tom\u00f3 el tiempo para entender nuestra empresa, presentarnos opciones realistas y apoyarnos durante el cambio\u201d.<\/p>\n                            <\/div>\n                                                        <div class=\"name\">\n                                <strong>Aylin \u00c7.<\/strong>, \n                                Director de Operaciones                            <\/div>\n                                                    <\/div>\n                    <\/div>\n                                    <\/div>\n            <\/div>\n        <\/div>\n            <\/div>\n<\/div>","protected":false},"excerpt":{"rendered":"","protected":false},"author":10,"featured_media":0,"parent":0,"menu_order":0,"comment_status":"closed","ping_status":"closed","template":"","meta":{"_acf_changed":false,"footnotes":""},"class_list":["post-847","page","type-page","status-publish","hentry"],"acf":[],"jetpack_sharing_enabled":true,"_links":{"self":[{"href":"https:\/\/www.haldren.com\/frankfurt\/wp-json\/wp\/v2\/pages\/847","targetHints":{"allow":["GET"]}}],"collection":[{"href":"https:\/\/www.haldren.com\/frankfurt\/wp-json\/wp\/v2\/pages"}],"about":[{"href":"https:\/\/www.haldren.com\/frankfurt\/wp-json\/wp\/v2\/types\/page"}],"author":[{"embeddable":true,"href":"https:\/\/www.haldren.com\/frankfurt\/wp-json\/wp\/v2\/users\/10"}],"replies":[{"embeddable":true,"href":"https:\/\/www.haldren.com\/frankfurt\/wp-json\/wp\/v2\/comments?post=847"}],"version-history":[{"count":1,"href":"https:\/\/www.haldren.com\/frankfurt\/wp-json\/wp\/v2\/pages\/847\/revisions"}],"predecessor-version":[{"id":848,"href":"https:\/\/www.haldren.com\/frankfurt\/wp-json\/wp\/v2\/pages\/847\/revisions\/848"}],"wp:attachment":[{"href":"https:\/\/www.haldren.com\/frankfurt\/wp-json\/wp\/v2\/media?parent=847"}],"curies":[{"name":"wp","href":"https:\/\/api.w.org\/{rel}","templated":true}]}}