{"id":867,"date":"2026-01-20T04:35:25","date_gmt":"2026-01-20T04:35:25","guid":{"rendered":"https:\/\/www.haldren.com\/frankfurt\/?page_id=867"},"modified":"2026-01-20T04:35:28","modified_gmt":"2026-01-20T04:35:28","slug":"headhunting-latin-american-spanish-gemini-3-pro-preview","status":"publish","type":"page","link":"https:\/\/www.haldren.com\/frankfurt\/es-mx\/headhunting-latin-american-spanish-gemini-3-pro-preview\/","title":{"rendered":"Headhunting Latin American Spanish Gemini 3-pro preview"},"content":{"rendered":"\n  <link rel=\"preload\" as=\"image\" href=\"https:\/\/www.haldren.com\/frankfurt\/wp-content\/uploads\/sites\/19\/2025\/08\/frankfurt-city-e1764152023708.jpg\" fetchpriority=\"high\">\n  <style>\n    .inner-banner-section {\n      background-image: url('https:\/\/www.haldren.com\/frankfurt\/wp-content\/uploads\/sites\/19\/2025\/08\/frankfurt-city-e1764152023708.jpg');\n      background-size: cover;\n      background-position: center;\n      background-repeat: no-repeat;\n    }\n\n    @media (max-width: 768px) {\n      .inner-banner-section {\n        background-image: url('https:\/\/www.haldren.com\/frankfurt\/wp-content\/uploads\/sites\/19\/2025\/08\/frankfurt-city-e1764152023708.jpg');\n      }\n    }\n  <\/style>\n\n<div class=\"block-section inner-banner-section lazyload bg-sty section-gaps top-border-line\">\n  <div class=\"container-fluid\">\n    <div class=\"content-wrap\">\n      <h1 class=\"title\">\n        Servicios de cazatalentos en Frankfurt      <\/h1>\n      <span style=\"font-size: 18px;\">Guiando a las empresas hacia el crecimiento estrat\u00e9gico con discreci\u00f3n y experiencia<\/span>\n    <\/div>\n  <\/div>\n<\/div>\n\n\n\n\n<div class=\"wp-block-custom-div-wrapper-block col-wrapper has-sidebar\"><div class=\"content-wrapper\" style=\"background-color:#002a26\">\n<div class=\"block-section section-gaps default-content-section \" \n     style=\"--text-color: #ffffff; --bg-color: #119084;\">\n    <div class=\"container\">\n        <div class=\"default-single-content-wrap\">\n            <div class=\"content-wrap\">\n                                    <h2>Headhunting de Primer Nivel en Frankfurt, Alemania<\/h2>\n<p>Haldren conecta a las empresas l\u00edderes de Frankfurt con los ejecutivos que las guiar\u00e1n hacia el \u00e9xito a largo plazo. Con una d\u00e9cada de experiencia internacional, nuestros consultores gestionan cada b\u00fasqueda con profundo profesionalismo, total confidencialidad y un compromiso genuino de hacer las cosas de la manera correcta.<\/p>\n<p>Nuestro equipo est\u00e1 profundamente familiarizado con los requisitos \u00fanicos de las empresas en cada industria, desde tecnolog\u00eda y salud hasta finanzas y servicios digitales. Nos tomamos el tiempo para entender su negocio, evaluando cuidadosamente a cada gerente y l\u00edder senior que presentamos para asegurar un ajuste excelente, no solo para el puesto sino tambi\u00e9n para la cultura y visi\u00f3n de su empresa.<\/p>\n<p>Trabajamos con empresas internacionales que buscan un equipo capaz de abordar con ellas complejos desaf\u00edos de liderazgo. Nuestros consultores combinan un profundo conocimiento de la industria, m\u00e9todos de selecci\u00f3n rigurosos y una pasi\u00f3n por brindar \u00e9xito. Con experiencia en Alemania y Europa, sabemos c\u00f3mo colocar l\u00edderes talentosos en posiciones donde puedan prosperar, inspirar a sus equipos y crear un impacto medible.<\/p>\n<blockquote><p><strong>Haldren es el socio de b\u00fasqueda ejecutiva en Frankfurt en el que las empresas conf\u00edan por su reclutamiento \u00e9tico, alcance global y resultados consistentes.<\/strong><\/p><\/blockquote>\n<h2>Firma de B\u00fasqueda Ejecutiva de Alto Nivel en Frankfurt<\/h2>\n<p>Para nosotros, el headhunting es m\u00e1s que solo cubrir puestos de trabajo. Se trata de encontrar la alineaci\u00f3n perfecta entre la visi\u00f3n de un ejecutivo y la estrategia de su empresa. Nos enfocamos en la alta direcci\u00f3n, <span data-color=\"transparent\">donde las decisiones moldean industrias e influyen en el futuro de las empresas en Alemania y Europa.<\/span><\/p>\n<p>Nuestro trabajo se gu\u00eda por una filosof\u00eda simple construida sobre la integridad, el profesionalismo y el respeto por todos con quienes interactuamos. Nuestros consultores saben c\u00f3mo conectar con profesionales en todo el mundo mientras brindan a las empresas de Frankfurt el servicio enfocado y personal que merecen. Al combinar la experiencia en b\u00fasqueda ejecutiva con herramientas de inteligencia artificial, ayudamos a los clientes a encontrar a los candidatos adecuados y lograr un verdadero \u00e9xito empresarial.<\/p>\n<p>Nuestros servicios son impulsados por la pasi\u00f3n de ayudar a las empresas a crecer encontrando l\u00edderes que aporten habilidades de gesti\u00f3n excepcionales y la motivaci\u00f3n para triunfar. Para cada b\u00fasqueda, discutimos sus requisitos a fondo, presentamos solo candidatos que cumplan con esos est\u00e1ndares y nos mantenemos como su socio activo en la planificaci\u00f3n del desarrollo.<\/p>\n<h4>Evaluaci\u00f3n<\/h4>\n<p><span data-color=\"transparent\">Cada compromiso de headhunting comienza con una evaluaci\u00f3n de las necesidades comerciales, la din\u00e1mica de la industria y los objetivos de liderazgo de nuestro cliente. A partir de ah\u00ed, desarrollamos tarjetas de puntuaci\u00f3n claras para los candidatos, asegurando que la selecci\u00f3n vaya m\u00e1s all\u00e1 de la experiencia para incluir personalidad, \u00e9tica de trabajo y motivaci\u00f3n. Esto garantiza que encontremos un l\u00edder que realmente encaje tanto en el rol como en la cultura de la empresa. <\/span><\/p>\n<h4>Adquisici\u00f3n de Talento<\/h4>\n<p>Aprovechamos nuestra extensa red de profesionales, especialistas de la industria y socios de confianza para conectar con ejecutivos excepcionales en toda Europa. Nuestro equipo combina m\u00e9todos de reclutamiento tradicionales y probados con tecnolog\u00eda moderna para llegar a candidatos talentosos, incluidos aquellos que no est\u00e1n buscando activamente nuevos empleos. Nuestro objetivo es simple: encontrarle un l\u00edder con la visi\u00f3n y las habilidades para triunfar.<\/p>\n<h4>Transformaci\u00f3n Organizacional<\/h4>\n<p><span data-color=\"transparent\">Adem\u00e1s de la colocaci\u00f3n, apoyamos el crecimiento de su empresa con evaluaci\u00f3n de liderazgo, planificaci\u00f3n de sucesi\u00f3n y consultor\u00eda de gesti\u00f3n. <\/span>Estos servicios ayudan a asegurar resultados inmediatos mientras preparan a los gerentes y altos ejecutivos para la transformaci\u00f3n y el cambio futuros.<\/p>\n<h2>Nuestro Enfoque en el Headhunting<\/h2>\n<p>Sabemos que cada empresa en Frankfurt enfrenta presiones \u00fanicas. Es por eso que cada b\u00fasqueda comienza con una discusi\u00f3n abierta, donde escuchamos para entender sus objetivos, desaf\u00edos actuales y visi\u00f3n para el futuro. Esta base nos permite construir perfiles de candidatos precisos y encontrar l\u00edderes que sean una excelente combinaci\u00f3n tanto para los requisitos del rol como para la cultura.<\/p>\n<p>Nuestro proceso comienza con el mapeo del mercado para identificar a los ejecutivos que establecen el est\u00e1ndar en su industria. Luego buscamos candidatos a trav\u00e9s de redes internacionales, canales de medios, plataformas tecnol\u00f3gicas y software de reclutamiento. A continuaci\u00f3n, nuestro equipo eval\u00faa a cada profesional utilizando entrevistas estructuradas, pruebas psicom\u00e9tricas y evaluaciones de liderazgo, asegurando el cumplimiento de los est\u00e1ndares \u00e9ticos y los requisitos del cliente.<\/p>\n<p>Cuando presentamos una lista corta, incluye solo candidatos que creemos que traer\u00e1n \u00e9xito. Cada perfil contiene detalles sobre su experiencia, estilo de gesti\u00f3n e impulsores motivacionales. Esto significa que, para cuando nuestros clientes los revisan, ya comprenden sus fortalezas y el impacto potencial en el \u00e9xito del negocio.<\/p>\n<p>Adem\u00e1s, adoptamos enfoques de reclutamiento tanto digitales como tradicionales. Utilizamos investigaci\u00f3n impulsada por IA, bolsas de trabajo y redes sociales para conectar con profesionales senior, mientras confiamos tambi\u00e9n en referencias de confianza, discusiones a nivel de consejo y relaciones establecidas en la industria. Este equilibrio nos ayuda a encontrar l\u00edderes que pueden no estar buscando activamente nuevos empleos.<\/p>\n<p>Finalmente, nos apasiona la diversidad, <span data-color=\"transparent\">asegurando que las empresas se beneficien de l\u00edderes que contribuyen a la innovaci\u00f3n y al cambio positivo. Nos enfocamos no solo en la colocaci\u00f3n inmediata, sino tambi\u00e9n en la transformaci\u00f3n a largo plazo, guiando a los l\u00edderes hacia roles donde puedan desarrollarse, liderar eficazmente e inspirar a sus equipos. <\/span><\/p>\n<p><span data-color=\"transparent\">Este proceso estructurado y \u00e9tico nos distingue de los enfoques de reclutamiento est\u00e1ndar, ofreciendo a las empresas en Frankfurt un camino probado hacia el \u00e9xito duradero.<\/span><\/p>\n<h2>Nuestra Experiencia como Reclutadores Ejecutivos L\u00edderes en Frankfurt<\/h2>\n<p>Nuestros consultores aportan un profundo conocimiento de las industrias en toda Alemania y Europa. Con una amplia capacitaci\u00f3n y experiencia en reclutamiento gerencial, tambi\u00e9n sabemos c\u00f3mo evaluar a los ejecutivos por su experiencia t\u00e9cnica, capacidad de liderazgo y potencial comercial a largo plazo.<\/p>\n<p><span data-color=\"transparent\">El equipo de Haldren est\u00e1 compuesto por especialistas con antecedentes en software, salud, tecnolog\u00eda y finanzas. Esto nos permite discutir detalles con los gerentes de contrataci\u00f3n a un nivel de pares, traduciendo los requisitos estrat\u00e9gicos en resultados de reclutamiento claros. Nuestro trabajo est\u00e1 respaldado por el aprendizaje continuo y el compromiso con los desarrollos del mercado.<\/span><\/p>\n<p><span data-color=\"transparent\">Seguimos comprometidos a asociarnos estrechamente con los clientes, adaptando los m\u00e9todos a las necesidades comerciales actuales y asegurando que los l\u00edderes est\u00e9n siempre posicionados para triunfar.<\/span><\/p>\n<h4>Algunas \u00c1reas en las que nos Especializamos<\/h4>\n<p>Ofrecemos apoyo en reclutamiento para empresas en Frankfurt y Alemania en industrias como tecnolog\u00eda, medios digitales, salud, finanzas y manufactura. Nuestros consultores tienen fuertes conexiones con profesionales senior en toda Europa, lo que nos permite presentar a las empresas l\u00edderes que est\u00e1n listos para generar un impacto duradero.<\/p>\n<h4>Ejemplos de Roles para los que Reclutamos<\/h4>\n<p>Apoyamos regularmente a los clientes para cubrir puestos senior, incluyendo nombramientos de nivel C-suite y directivos, as\u00ed como trabajos de gesti\u00f3n en diversas industrias. Algunos de los l\u00edderes que buscamos incluyen Directores Financieros, L\u00edderes Tecnol\u00f3gicos Senior, Gerentes de Salud y Especialistas en Transformaci\u00f3n Digital.<\/p>\n<blockquote><p><strong>P\u00f3ngase en contacto con nosotros para discutir la gama completa de puestos de liderazgo para los que podemos ayudarle a reclutar.<\/strong><\/p><\/blockquote>\n<h2>Por Qu\u00e9 Haldren Utiliza un Enfoque Personalizado para el Reclutamiento<\/h2>\n<p>Hemos visto una y otra vez que el reclutamiento gen\u00e9rico a menudo no cumple con los requisitos comerciales. <span data-color=\"transparent\">Las empresas que dependen de m\u00e9todos de selecci\u00f3n est\u00e1ndar a menudo encuentran l\u00edderes que encajan en el papel pero no logran generar un impacto a largo plazo. Nuestros consultores aprendieron esto a trav\u00e9s de a\u00f1os de trabajo en diversas industrias, donde observamos que los gerentes ten\u00edan \u00e9xito cuando se les emparejaba con roles que respetaban su motivaci\u00f3n y estilo de liderazgo.<\/span><\/p>\n<p><span data-color=\"transparent\">Nuestro proceso a la medida nos permite discutir en detalle las prioridades de cada empresa. Luego desarrollamos tarjetas de puntuaci\u00f3n precisas para el rol, asegurando que los ejecutivos sean evaluados por sus habilidades t\u00e9cnicas, potencial de liderazgo y ajuste cultural. Al involucrar a nuestros clientes en cada etapa, aseguramos que los candidatos cumplan con los requisitos con precisi\u00f3n y contribuyan al desarrollo de la empresa.<\/span><\/p>\n<p><span data-color=\"transparent\">Hemos trabajado con empresas internacionales, negocios locales y organizaciones en crecimiento en todo Frankfurt. Cada asociaci\u00f3n confirm\u00f3 que el \u00e9xito requiere flexibilidad, atenci\u00f3n al detalle y la capacidad de adaptar el reclutamiento para ajustarse a las necesidades culturales y organizacionales.<\/span><\/p>\n<p><span data-color=\"transparent\">Este enfoque en headhunting personalizado asegura que Haldren entregue ejecutivos que no solo aseguren resultados inmediatos, sino que tambi\u00e9n lideren un crecimiento empresarial sostenible.<\/span><\/p>\n<h2>\u00bfPor Qu\u00e9 Elegir a Haldren para el Headhunting?<\/h2>\n<p>La confianza, la confidencialidad y el cumplimiento definen c\u00f3mo trabajamos. Salvaguardamos los derechos de privacidad de los clientes y protegemos la informaci\u00f3n de los candidatos, asegurando que los detalles confidenciales est\u00e9n siempre seguros. Las empresas valoran nuestra fiabilidad y reconocen a nuestros consultores como socios a largo plazo que se preocupan profundamente por su \u00e9xito.<\/p>\n<p>Nuestro equipo ha construido una reputaci\u00f3n en Alemania y Europa por resultados consistentes en la b\u00fasqueda ejecutiva. Conectamos a l\u00edderes con trabajos significativos, permitiendo a las empresas prosperar mientras apoyamos a los profesionales en su desarrollo profesional.<\/p>\n<p><span data-color=\"transparent\">A diferencia de muchas firmas de reclutamiento, priorizamos la colaboraci\u00f3n consultiva, discutiendo cada etapa del proceso abiertamente. Involucramos a los clientes en las evaluaciones de candidatos, compartimos ideas detalladas y permanecemos presentes incluso despu\u00e9s de las colocaciones para apoyar el desarrollo organizacional.<\/span><\/p>\n<p><span data-color=\"transparent\">Nuestros consultores son especialistas con alcance internacional, combinando la experiencia local de Frankfurt con redes que abarcan industrias en toda Europa. Equilibramos el reclutamiento impulsado por tecnolog\u00eda con m\u00e9todos tradicionales, ofreciendo un enfoque integral para encontrar ejecutivos que generen un impacto medible.<\/span><\/p>\n<blockquote><p><strong><span data-color=\"transparent\">Contacte a Haldren hoy mismo para discutir c\u00f3mo nuestros servicios de headhunting pueden ayudar a su empresa a asegurar l\u00edderes excepcionales.<\/span><\/strong><\/p><\/blockquote>\n                            <\/div>\n        <\/div>\n    <\/div>\n<\/div>\n\n<div class=\"block-section accordion-main-section \">\n    <div class=\"container\">    \n                <div class=\"accordion-faqs\">\n            <h2 class=\"m-title\">Frequently Asked Questions (FAQs)<\/h2>\n                        <div class=\"item\">\n                <h3>\u00bfC\u00f3mo asegura Haldren que los ejecutivos sean los adecuados?<\/h3>\n                <div class=\"faq-content\"><p>Conocemos su empresa a detalle antes de comenzar cualquier b\u00fasqueda. Al crear un perfil de candidato claro y realizar entrevistas reflexivas y estructuradas, evaluamos la experiencia t\u00e9cnica, el estilo de gesti\u00f3n y la motivaci\u00f3n personal. Tambi\u00e9n consideramos la alineaci\u00f3n cultural y el potencial de liderazgo, asegurando que los ejecutivos que presentamos tengan un impacto significativo tanto ahora como en el futuro.<\/p>\n<\/div>\n            <\/div>\n                        <div class=\"item\">\n                <h3>\u00bfQu\u00e9 nivel de participaci\u00f3n tendr\u00e1n nuestros gerentes en el proceso de reclutamiento?<\/h3>\n                <div class=\"faq-content\"><p>Sus gerentes son socios activos de principio a fin. Trabajamos con ustedes para definir los requisitos del rol, discutir los perfiles de los candidatos y revisar juntos las listas de finalistas, de modo que el proceso siempre refleje sus prioridades. Este nivel de colaboraci\u00f3n asegura que los gerentes se sientan confiados en la selecci\u00f3n final y que cada nombramiento respalde sus objetivos comerciales a largo plazo.<\/p>\n<\/div>\n            <\/div>\n                        <div class=\"item\">\n                <h3>\u00bfCu\u00e1nto tiempo toma t\u00edpicamente el proceso de headhunting?<\/h3>\n                <div class=\"faq-content\"><p>Cada b\u00fasqueda es diferente y los tiempos var\u00edan dependiendo del nivel del puesto, la complejidad de los requisitos y la disponibilidad de candidatos calificados. Al inicio, proporcionamos un esquema claro de qu\u00e9 esperar y establecemos hitos realistas. A lo largo del proceso, los mantenemos informados para que siempre comprendan el progreso actual y los siguientes pasos.<\/p>\n<\/div>\n            <\/div>\n                        <div class=\"item\">\n                <h3>\u00bfQu\u00e9 apoyo ofrece Haldren despu\u00e9s de la colocaci\u00f3n?<\/h3>\n                <div class=\"faq-content\"><p>Creemos que el reclutamiento no termina con un contrato firmado. Despu\u00e9s de la colocaci\u00f3n, permanecemos presentes para apoyarlos con evaluaciones de liderazgo, planificaci\u00f3n de sucesi\u00f3n y servicios de desarrollo continuo. Esta asociaci\u00f3n continua ayuda a sus nuevos ejecutivos a integrarse, asegura que la compatibilidad sea sostenible y respalda el crecimiento de su empresa hacia el futuro.<\/p>\n<\/div>\n            <\/div>\n                    <\/div>\n            <\/div>\n<\/div><\/div><div class=\"sidebar-wrapper\">\n<div class=\"wpcf7 no-js\" id=\"wpcf7-f16-o1\" lang=\"\" dir=\"ltr\" data-wpcf7-id=\"16\">\n<div class=\"screen-reader-response\"><p role=\"status\" aria-live=\"polite\" aria-atomic=\"true\"><\/p> <ul><\/ul><\/div>\n<form action=\"\/frankfurt\/wp-json\/wp\/v2\/pages\/867#wpcf7-f16-o1\" method=\"post\" class=\"wpcf7-form init\" aria-label=\"Contact form\" enctype=\"multipart\/form-data\" novalidate=\"novalidate\" data-status=\"init\">\n<fieldset class=\"hidden-fields-container\"><input type=\"hidden\" name=\"_wpcf7\" value=\"16\" \/><input type=\"hidden\" name=\"_wpcf7_version\" value=\"6.1.5\" \/><input type=\"hidden\" name=\"_wpcf7_locale\" value=\"\" \/><input type=\"hidden\" name=\"_wpcf7_unit_tag\" value=\"wpcf7-f16-o1\" \/><input type=\"hidden\" name=\"_wpcf7_container_post\" value=\"0\" \/><input type=\"hidden\" name=\"_wpcf7_posted_data_hash\" value=\"\" \/>\n<\/fieldset>\n<input class=\"wpcf7-form-control wpcf7-hidden\" id=\"utm_source\" value=\"\" type=\"hidden\" name=\"utm_source\" \/>\n<input class=\"wpcf7-form-control wpcf7-hidden\" id=\"utm_medium\" value=\"\" type=\"hidden\" name=\"utm_medium\" \/>\n<input class=\"wpcf7-form-control wpcf7-hidden\" id=\"sideform_user_country\" value=\"\" type=\"hidden\" name=\"userCountry\" \/>\n<div class=\"form-grid-layout\">\n\t<div class=\"form-title\">\n\t\t<h2 class=\"title\">Thrive with Top Talent<br \/>\n- No Upfronts Fees\n\t\t<\/h2>\n\t\t<p>Have it easier with video interview clips and a candidate shortlist within 2-3 weeks\n\t\t<\/p>\n\t<\/div>\n\t<div class=\"input-field\">\n\t\t<p><label for=\"\">Name<\/label><br \/>\n<span class=\"wpcf7-form-control-wrap\" data-name=\"full-Name\"><input size=\"40\" maxlength=\"400\" class=\"wpcf7-form-control wpcf7-text wpcf7-validates-as-required\" aria-required=\"true\" aria-invalid=\"false\" value=\"\" type=\"text\" name=\"full-Name\" \/><\/span>\n\t\t<\/p>\n\t<\/div>\n\t<div class=\"input-field\">\n\t\t<p><label for=\"\">Email Address<\/label><br \/>\n<span class=\"wpcf7-form-control-wrap\" data-name=\"email-address\"><input size=\"40\" maxlength=\"400\" class=\"wpcf7-form-control wpcf7-email wpcf7-validates-as-required wpcf7-text wpcf7-validates-as-email\" aria-required=\"true\" aria-invalid=\"false\" value=\"\" type=\"email\" name=\"email-address\" \/><\/span>\n\t\t<\/p>\n\t<\/div>\n\t<div class=\"input-field\">\n\t\t<p><label for=\"\">Company<\/label><br \/>\n<span class=\"wpcf7-form-control-wrap\" data-name=\"company\"><input size=\"40\" maxlength=\"400\" class=\"wpcf7-form-control wpcf7-text\" aria-invalid=\"false\" value=\"\" type=\"text\" name=\"company\" \/><\/span>\n\t\t<\/p>\n\t<\/div>\n\t<div class=\"radiobox-field\">\n\t\t<p><span class=\"wpcf7-form-control-wrap\" data-name=\"radio-721company-status\"><span class=\"wpcf7-form-control wpcf7-radio\"><span class=\"wpcf7-list-item first\"><label><input type=\"radio\" name=\"radio-721company-status\" value=\"{Employer}\" \/><span class=\"wpcf7-list-item-label\">Employer<\/span><\/label><\/span><span class=\"wpcf7-list-item last\"><label><input type=\"radio\" name=\"radio-721company-status\" value=\"{Candidate}\" \/><span class=\"wpcf7-list-item-label\">Candidate<\/span><\/label><\/span><\/span><\/span>\n\t\t<\/p>\n\t<\/div>\n\t<div class=\"input-field\">\n\t\t<p><span class=\"wpcf7-form-control-wrap\" data-name=\"file-upload\"><input size=\"40\" class=\"wpcf7-form-control wpcf7-file\" accept=\".pdf\" aria-invalid=\"false\" type=\"file\" name=\"file-upload\" \/><\/span>\n\t\t<\/p>\n\t<\/div>\n\t<div class=\"textarea-field\">\n\t\t<p><label for=\"\">How can we help you?<\/label><br \/>\n<span class=\"wpcf7-form-control-wrap\" data-name=\"message\"><textarea cols=\"40\" rows=\"10\" maxlength=\"2000\" class=\"wpcf7-form-control wpcf7-textarea\" aria-invalid=\"false\" name=\"message\"><\/textarea><\/span>\n\t\t<\/p>\n\t<\/div>\n\t<p><span id=\"wpcf7-6a04ea9178038-wrapper\" class=\"wpcf7-form-control-wrap nickname-wrap\" ><input id=\"wpcf7-6a04ea9178038-field\"  class=\"wpcf7-form-control wpcf7-text\" type=\"text\" name=\"nickname\" value=\"\" size=\"40\" tabindex=\"-1\" autocomplete=\"off\" \/><\/span>\n\t<\/p>\n\t<div class=\"form-term\">\n\t\t<p>Submission of this form means you have agreed to our <a href=\"\/privacy-policy\/\" title=\"\">Privacy Policy<\/a> and <a href=\"\/terms-of-service\/\" title=\"\">Terms Conditions<\/a>\n\t\t<\/p>\n\t<\/div>\n\t<div class=\"submit-btn\">\n\t\t<p><input class=\"wpcf7-form-control wpcf7-submit has-spinner btn-box\" type=\"submit\" value=\"Get in Touch\" \/>\n\t\t<\/p>\n\t<\/div>\n<\/div><div class=\"wpcf7-response-output\" aria-hidden=\"true\"><\/div>\n<\/form>\n<\/div>\n<\/div><\/div>\n\n\n<div class=\"block-section client-reviews-slider \" style=\"background-color: #119084\">  \n    <div class=\"container\">\n                <div class=\"splide client-slider\">\n            <div class=\"splide__track\">\n                <div class=\"splide__list\">\n                                        <div class=\"splide__slide\">\n                        <div class=\"content-box\">\n                            <div class=\"content\">\n                                <p>\u201cTrabajar con los consultores de Haldren nos brind\u00f3 confianza desde la primera conversaci\u00f3n. Su comprensi\u00f3n de nuestros requisitos y su compromiso con la confidencialidad hicieron una gran diferencia.\u201d<\/p>\n                            <\/div>\n                                                        <div class=\"name\">\n                                <strong>Johanna W.<\/strong>, \n                                Director de Riesgos                            <\/div>\n                                                    <\/div>\n                    <\/div>\n                                        <div class=\"splide__slide\">\n                        <div class=\"content-box\">\n                            <div class=\"content\">\n                                <p>\u201cHaldren present\u00f3 una lista selecta de excelentes ejecutivos que no solo contaban con la experiencia t\u00e9cnica, sino tambi\u00e9n con la motivaci\u00f3n para tener \u00e9xito en nuestro negocio. Sus consultores nos guiaron en cada detalle.\u201d<\/p>\n                            <\/div>\n                                                        <div class=\"name\">\n                                <strong>Kerstin K.<\/strong>, \n                                Gerente Senior de Recursos Humanos                            <\/div>\n                                                    <\/div>\n                    <\/div>\n                                        <div class=\"splide__slide\">\n                        <div class=\"content-box\">\n                            <div class=\"content\">\n                                <p>\u201cNuestra experiencia con Haldren demostr\u00f3 el valor del reclutamiento \u00e9tico. Su equipo se tom\u00f3 el tiempo para entender nuestra empresa, presentar opciones realistas y apoyarnos a trav\u00e9s del cambio.\u201d<\/p>\n                            <\/div>\n                                                        <div class=\"name\">\n                                <strong>Aylin \u00c7.<\/strong>, \n                                Director de Operaciones                            <\/div>\n                                                    <\/div>\n                    <\/div>\n                                    <\/div>\n            <\/div>\n        <\/div>\n            <\/div>\n<\/div>","protected":false},"excerpt":{"rendered":"","protected":false},"author":10,"featured_media":0,"parent":0,"menu_order":0,"comment_status":"closed","ping_status":"closed","template":"","meta":{"_acf_changed":false,"footnotes":""},"class_list":["post-867","page","type-page","status-publish","hentry"],"acf":[],"jetpack_sharing_enabled":true,"_links":{"self":[{"href":"https:\/\/www.haldren.com\/frankfurt\/wp-json\/wp\/v2\/pages\/867","targetHints":{"allow":["GET"]}}],"collection":[{"href":"https:\/\/www.haldren.com\/frankfurt\/wp-json\/wp\/v2\/pages"}],"about":[{"href":"https:\/\/www.haldren.com\/frankfurt\/wp-json\/wp\/v2\/types\/page"}],"author":[{"embeddable":true,"href":"https:\/\/www.haldren.com\/frankfurt\/wp-json\/wp\/v2\/users\/10"}],"replies":[{"embeddable":true,"href":"https:\/\/www.haldren.com\/frankfurt\/wp-json\/wp\/v2\/comments?post=867"}],"version-history":[{"count":1,"href":"https:\/\/www.haldren.com\/frankfurt\/wp-json\/wp\/v2\/pages\/867\/revisions"}],"predecessor-version":[{"id":868,"href":"https:\/\/www.haldren.com\/frankfurt\/wp-json\/wp\/v2\/pages\/867\/revisions\/868"}],"wp:attachment":[{"href":"https:\/\/www.haldren.com\/frankfurt\/wp-json\/wp\/v2\/media?parent=867"}],"curies":[{"name":"wp","href":"https:\/\/api.w.org\/{rel}","templated":true}]}}