{"id":175,"date":"2025-10-07T07:31:20","date_gmt":"2025-10-07T07:31:20","guid":{"rendered":"https:\/\/www.haldren.com\/hamburg\/?page_id=57"},"modified":"2025-11-06T08:40:35","modified_gmt":"2025-11-06T08:40:35","slug":"dienstleistungen-zur-talentakquise","status":"publish","type":"page","link":"https:\/\/www.haldren.com\/hamburg\/de\/talentwerving\/dienstleistungen-zur-talentakquise\/","title":{"rendered":"Dienstleistungen zur Talentakquise"},"content":{"rendered":"\n  <link rel=\"preload\" as=\"image\" href=\"https:\/\/www.haldren.com\/hamburg\/wp-content\/uploads\/sites\/43\/2025\/10\/hamburg-city-e1764148466898.webp\" fetchpriority=\"high\">\n  <style>\n    .inner-banner-section {\n      background-image: url('https:\/\/www.haldren.com\/hamburg\/wp-content\/uploads\/sites\/43\/2025\/10\/hamburg-city-e1764148466898.webp');\n      background-size: cover;\n      background-position: center;\n      background-repeat: no-repeat;\n    }\n\n    @media (max-width: 768px) {\n      .inner-banner-section {\n        background-image: url('https:\/\/www.haldren.com\/hamburg\/wp-content\/uploads\/sites\/43\/2025\/10\/hamburg-city-e1764148466898.webp');\n      }\n    }\n  <\/style>\n\n<div class=\"block-section inner-banner-section lazyload bg-sty section-gaps top-border-line\">\n  <div class=\"container-fluid\">\n    <div class=\"content-wrap\">\n      <h1 class=\"title\">\n        Talent Acquisition Dienstleistungen in Hamburg      <\/h1>\n      <span style=\"font-size: 18px;\">Wir helfen Hamburger Arbeitgebern, Fachkr\u00e4fte zu finden, die Teams st\u00e4rken und nachhaltiges Wachstum gestalten<\/span>\n    <\/div>\n  <\/div>\n<\/div>\n\n\n\n\n<div class=\"wp-block-custom-div-wrapper-block col-wrapper has-sidebar\"><div class=\"content-wrapper\" style=\"background-color:#002a26\">\n<div class=\"block-section section-gaps default-content-section \" \n     style=\"--text-color: #ffffff; --bg-color: #119084;\">\n    <div class=\"container\">\n        <div class=\"default-single-content-wrap\">\n            <div class=\"content-wrap\">\n                                    <h2>F\u00fchrende Firma f\u00fcr Talentakquise in Hamburg<\/h2>\n<p>Haldren bietet Dienstleistungen im Bereich der Talentakquise in Hamburg mit Vertraulichkeit, Struktur und Professionalit\u00e4t. Unsere Berater betreuen auch Klienten, die in Berlin nach Talentakquisitionsdienstleistungen suchen, was unsere Reichweite in den wichtigsten deutschen Wirtschaftszentren widerspiegelt. Wir stellen Fachleute vor, die technisches Wissen mit kultureller Anpassung verbinden und Unternehmen dabei helfen, Talente zu gewinnen, die einen langfristigen Wert schaffen.<\/p>\n<p>Jeder Auftrag wird mit Klarheit und Respekt f\u00fcr Arbeitgeber und Arbeitnehmer durchgef\u00fchrt. Durch die Kombination von internationalen Netzwerken mit der Kenntnis von Hamburg und Berlin verschaffen wir Unternehmen Zugang zu Fachkr\u00e4ften, die vom ersten Tag an einen Beitrag leisten und mit dem Unternehmen wachsen k\u00f6nnen.<br \/>\n Haldren<\/p>\n<blockquote><p><strong>ist ein vertrauensw\u00fcrdiger Partner f\u00fcr die Talentakquise, der sich durch ethische Grunds\u00e4tze, Fachwissen und nachhaltige Ergebnisse auszeichnet.<\/strong><\/p><\/blockquote>\n<h2>Top-Tier Executive Search Firma in Hamburg<\/h2>\n<p>Wir betrachten die Talentakquise als strategisches Instrument zur St\u00e4rkung der Unternehmenskultur und zur F\u00f6rderung der Gesch\u00e4ftspriorit\u00e4ten. Unsere Aufgabe ist es, Unternehmen dabei zu unterst\u00fctzen, Fachkr\u00e4fte zu finden, die messbare Ergebnisse liefern und gleichzeitig f\u00fcr langfristige Stabilit\u00e4t sorgen.<\/p>\n<h4>Bewertung<\/h4>\n<p>Unsere Arbeit beginnt mit einer strukturierten Analyse der Bed\u00fcrfnisse, der Kultur und der Strategie des Unternehmens. Wir erstellen Rollenprofile, die fachliche F\u00e4higkeiten, Motivation und zwischenmenschliche Qualit\u00e4ten widerspiegeln und die beste Eignung sowohl f\u00fcr die Position als auch f\u00fcr das gesamte Team gew\u00e4hrleisten.<\/p>\n<h4>Talentakquise<\/h4>\n<p>Unsere Berater nutzen Netzwerke, digitale Kan\u00e4le und Empfehlungen, um Zugang zu Managern, Spezialisten und F\u00fchrungskr\u00e4ften zu erhalten. Durch diese Kombination von Methoden finden wir sowohl Kandidaten, die f\u00fcr eine neue Herausforderung offen sind, als auch solche, die aktiv nach geeigneten M\u00f6glichkeiten suchen.<\/p>\n<h4>Organisatorische Transformation<\/h4>\n<p>Unsere Arbeit geht \u00fcber die Besetzung von Positionen hinaus und umfasst auch die Beratung bei der Nachfolgeplanung, der Entwicklung von F\u00fchrungskr\u00e4ften und der Organisationsstruktur. Als verl\u00e4ngerter Arm der Personalabteilung unterst\u00fctzen wir Arbeitgeber in Hamburg und Berlin dabei, Teams zu st\u00e4rken und auf zuk\u00fcnftige Projekte vorzubereiten.<\/p>\n<h2>Unser Ansatz zur Talentakquise<\/h2>\n<p>Unser Ansatz f\u00fcr die Talentakquise in Hamburg ist strukturiert, transparent und basiert auf einer engen Zusammenarbeit mit den Arbeitgebern. Wir sind der Meinung, dass Einstellungsentscheidungen auf klaren Prozessen und nicht auf schnellen \u00dcbereinstimmungen beruhen sollten. Deshalb beginnt jedes Engagement mit einer sorgf\u00e4ltigen Erkundungsphase.<\/p>\n<p>Wir beginnen mit einem Treffen mit der Gesch\u00e4ftsf\u00fchrung und den HR-Teams, um die Unternehmensziele, die aktuellen Herausforderungen f\u00fcr die Belegschaft und die mit der Position verbundenen Aufgaben zu besprechen. Diese fr\u00fche Phase hilft uns, Erwartungen anzusprechen, Erfolg zu definieren und ein Rollenprofil zu erstellen, das nicht nur technische Anforderungen, sondern auch pers\u00f6nliche Qualit\u00e4ten wie Anpassungsf\u00e4higkeit, Motivation und Beitrag zum Team umfasst.<\/p>\n<p>Sobald das Profil erstellt ist, gehen wir zur Marktanalyse \u00fcber. Unsere Berater greifen auf ein globales Netzwerk, Branchenforschung und Empfehlungen in Hamburg und Berlin zur\u00fcck, um einen breiten Zugang zu potenziellen Kandidaten zu gew\u00e4hrleisten. Wir nutzen digitale Tools, Social Media Recruiting und gezielte Werbung neben der traditionellen Ansprache, um die Suche auszuweiten. Durch diese Kombination finden wir sowohl Fachleute, die aktiv nach einer neuen Stelle suchen, als auch solche, die zwar offen f\u00fcr eine neue Herausforderung sind, aber derzeit nicht auf dem Markt sichtbar sind.<\/p>\n<p>Die Kandidaten, die die ersten Kriterien erf\u00fcllen, kommen dann in die Evaluierungsphase. Wir f\u00fchren strukturierte Interviews, Kompetenzbewertungen und gegebenenfalls psychometrische Tests durch. Auch die Referenzen werden gr\u00fcndlich gepr\u00fcft. Zu diesem Zeitpunkt bewerten wir nicht nur die fachliche Kompetenz, sondern auch die F\u00e4higkeit, sich in die Unternehmenskultur zu integrieren und einen sinnvollen Beitrag zu langfristigen Projekten zu leisten.<\/p>\n<p>Die von uns vorgelegte Auswahlliste soll Arbeitgebern Vertrauen und Klarheit vermitteln. Jeder Kandidat wird mit einem vollst\u00e4ndigen Profil vorgestellt, in dem seine St\u00e4rken, Entwicklungsbereiche und seine Eignung f\u00fcr die Stelle erl\u00e4utert werden. Dieser Detaillierungsgrad stellt sicher, dass Personalverantwortliche die Optionen effektiv vergleichen und fundierte Entscheidungen treffen k\u00f6nnen.<\/p>\n<p>Unser Engagement endet nicht mit der Vermittlung. Wir unterst\u00fctzen auch weiterhin das Onboarding und die fr\u00fche Integration und stehen zur Verf\u00fcgung, um Herausforderungen anzusprechen, Feedback einzuholen und sicherzustellen, dass sich neue Mitarbeiter gut einleben. Diese fortlaufende Zusammenarbeit spiegelt unser Engagement wider, Ergebnisse zu liefern, die Bestand haben und einen dauerhaften Wert f\u00fcr das Unternehmen darstellen.<\/p>\n<h2>Unsere Expertise als f\u00fchrende Hamburger Executive Recruiter<\/h2>\n<p>Unsere Berater vereinen Erfahrung, Branchenkenntnis und ein tiefes Verst\u00e4ndnis daf\u00fcr, was eine Einstellung erfolgreich macht. Viele von ihnen haben branchen\u00fcbergreifend komplexe Besetzungsprojekte unterst\u00fctzt und kennen daher die Qualit\u00e4ten, die f\u00fcr eine erfolgreiche Besetzung von F\u00fchrungspositionen erforderlich sind.<\/p>\n<p>Wir passen uns schnell an die sich \u00e4ndernden Marktanforderungen an und bleiben an den Diskussionen der Branche beteiligt. Durch unsere Kontakte zu Fachleuten in ganz Hamburg und Berlin bieten wir Arbeitgebern einen zuverl\u00e4ssigen Zugang zu einem breiten Pool potenzieller Kandidaten.<\/p>\n<h4>Einige Bereiche, auf die wir uns spezialisiert haben<\/h4>\n<p>Wir rekrutieren f\u00fcr Branchen wie Finanzen, Technologie, Gesundheitswesen, Life Sciences, Vertrieb und Produktion in Hamburg und Umgebung. Wir unterst\u00fctzen auch Unternehmen in Berlin, wo Wachstumsbranchen qualifizierte Mitarbeiter suchen, die eine lohnende Karriere anstreben. Unsere Berater bringen Perspektive und Struktur ein, um sicherzustellen, dass jedes Engagement langfristige Ziele unterst\u00fctzt.<\/p>\n<h4>Beispiele f\u00fcr Rollen, f\u00fcr die wir rekrutieren<\/h4>\n<p>Wir rekrutieren leitende Angestellte, Manager und C-Suite-F\u00fchrungskr\u00e4fte sowie Fachleute f\u00fcr projektbezogene und vertragliche Aufgaben. Die Aufgaben k\u00f6nnen sich auf die Besetzung von F\u00fchrungspositionen, die Bereitstellung von Interimspositionen oder die Vermittlung von Fachkr\u00e4ften an geeignete Stellen konzentrieren, die den Anforderungen des Unternehmens entsprechen.<\/p>\n<blockquote><p><strong>Wenn Ihr Unternehmen eine Neueinstellung plant oder auf der Suche nach Spitzenkr\u00e4ften ist, wenden Sie sich noch heute an Haldren, um zu erfahren, wie wir Ihre Rekrutierungsziele unterst\u00fctzen k\u00f6nnen.<\/strong><\/p><\/blockquote>\n<h2>Warum Haldren einen ma\u00dfgeschneiderten Ansatz zur Personalbeschaffung verwendet<\/h2>\n<p>Unsere Erfahrung in ganz Deutschland hat gezeigt, dass Unternehmen nur selten den gleichen Einstellungsbedarf haben. Einige ben\u00f6tigen sofortige Hilfe bei der Suche nach Mitarbeitern, um den Betrieb zu stabilisieren. Andere ben\u00f6tigen eine vertrauliche Suche auf Senior-Level in Hamburg oder Berlin. Jedes Szenario erfordert eine Anpassung.<\/p>\n<p>Wir passen unsere Methoden je nach Kontext an. Manchmal arbeiten wir als verl\u00e4ngerter Arm der internen HR-Teams, um mehrere Neueinstellungen zu verwalten. In anderen F\u00e4llen f\u00fchren wir diskrete Suchen durch, die absolute Vertraulichkeit erfordern. Beide Ans\u00e4tze beruhen auf Zusammenarbeit, Kommunikation und Respekt gegen\u00fcber Kunden und Mitarbeitern.<\/p>\n<p>Wir haben festgestellt, dass strukturierte Prozesse in Kombination mit Flexibilit\u00e4t zu besseren Ergebnissen f\u00fchren. Durch ma\u00dfgeschneiderte Rekrutierungsarbeit und den Einsatz geeigneter Instrumente stellen wir immer wieder Kandidaten vor, die zu den Unternehmenszielen passen und langfristig einen sinnvollen Beitrag leisten.<\/p>\n<h2>Warum Haldren f\u00fcr die Talentakquise w\u00e4hlen?<\/h2>\n<p>Arbeitgeber verlassen sich auf Haldren, weil wir auf Vertrauen, Klarheit und nachhaltige Ergebnisse setzen. Wir f\u00fchren jede Suche mit Respekt, Vertraulichkeit und einem Engagement f\u00fcr messbare Ergebnisse durch.<\/p>\n<p>Unsere Berater verstehen sowohl die unmittelbaren als auch die langfristigen Herausforderungen bei der Personalbeschaffung. Wir bieten Zugang zu Fachleuten in ganz Hamburg und Berlin, wobei wir stets auf Ethik und Qualit\u00e4t achten. Durch die enge Zusammenarbeit mit den Arbeitgebern stellen wir sicher, dass Einstellungsentscheidungen sowohl f\u00fcr Teams als auch f\u00fcr Unternehmen greifbare Vorteile bringen.<\/p>\n<p>Wer sich f\u00fcr Haldren entscheidet, arbeitet mit einem Partner zusammen, der Ethik, Erfahrung und Professionalit\u00e4t sch\u00e4tzt. Wir identifizieren Fachkr\u00e4fte, die Organisationen st\u00e4rken, einen Beitrag zur Kultur leisten und einen Mehrwert \u00fcber die erste Vermittlung hinaus bieten.<\/p>\n<blockquote><p><strong>Wenn Ihr Unternehmen einen vertrauensw\u00fcrdigen Partner f\u00fcr die Talentakquise in Hamburg sucht, wenden Sie sich noch heute an Haldren, um zu besprechen, wie wir Ihren Personalbedarf decken k\u00f6nnen.<\/strong><\/p><\/blockquote>\n                            <\/div>\n        <\/div>\n    <\/div>\n<\/div>\n\n<div class=\"block-section accordion-main-section \">\n    <div class=\"container\">    \n                <div class=\"accordion-faqs\">\n            <h2 class=\"m-title\">Frequently Asked Questions (FAQs)<\/h2>\n                        <div class=\"item\">\n                <h3>Wie beurteilen Sie die Eignung von Bewerbern?<\/h3>\n                <div class=\"faq-content\"><p>Wir kombinieren strukturierte Interviews, Referenzen und psychometrische Instrumente, um F\u00e4higkeiten, F\u00fchrungsqualit\u00e4ten und die F\u00e4higkeit, effektiv zum Teamerfolg beizutragen, zu bewerten.<\/p>\n<\/div>\n            <\/div>\n                        <div class=\"item\">\n                <h3>Decken Sie auch Stellen au\u00dferhalb von Hamburg ab?<\/h3>\n                <div class=\"faq-content\"><p>Ja. Zus\u00e4tzlich zu unserer Arbeit in Hamburg unterst\u00fctzen wir regelm\u00e4\u00dfig Projekte in Berlin und Umgebung und helfen Arbeitgebern bei der Bew\u00e4ltigung des lokalen und \u00fcberregionalen Einstellungsbedarfs.<\/p>\n<\/div>\n            <\/div>\n                        <div class=\"item\">\n                <h3>Was ist, wenn wir Unterst\u00fctzung f\u00fcr vor\u00fcbergehende oder dringende Aufgaben ben\u00f6tigen?<\/h3>\n                <div class=\"faq-content\"><p>Wir arbeiten mit Arbeitgebern zusammen, die einen dringenden Bedarf haben, z. B. an Vertrags- oder Projektarbeit. Unsere Netzwerke erm\u00f6glichen es uns, schnell zu handeln und gleichzeitig die Standards hoch zu halten.<\/p>\n<\/div>\n            <\/div>\n                        <div class=\"item\">\n                <h3>Welche Unterst\u00fctzung wird nach der Vermittlung angeboten?<\/h3>\n                <div class=\"faq-content\"><p>Wir bleiben auch nach der Vermittlung engagiert und bieten Feedback-Sitzungen, Onboarding-Unterst\u00fctzung und Beratung an, um sicherzustellen, dass sich die Mitarbeiter erfolgreich integrieren und im Laufe der Zeit einen Mehrwert bieten.<\/p>\n<\/div>\n            <\/div>\n                    <\/div>\n            <\/div>\n<\/div><\/div><div class=\"sidebar-wrapper\">\n<div class=\"wpcf7 no-js\" id=\"wpcf7-f53-o1\" lang=\"\" dir=\"ltr\" data-wpcf7-id=\"53\">\n<div class=\"screen-reader-response\"><p role=\"status\" aria-live=\"polite\" aria-atomic=\"true\"><\/p> <ul><\/ul><\/div>\n<form action=\"\/hamburg\/wp-json\/wp\/v2\/pages\/175#wpcf7-f53-o1\" method=\"post\" class=\"wpcf7-form init\" aria-label=\"Contact form\" enctype=\"multipart\/form-data\" novalidate=\"novalidate\" data-status=\"init\">\n<fieldset class=\"hidden-fields-container\"><input type=\"hidden\" name=\"_wpcf7\" value=\"53\" \/><input type=\"hidden\" name=\"_wpcf7_version\" value=\"6.1.5\" \/><input type=\"hidden\" name=\"_wpcf7_locale\" value=\"\" \/><input type=\"hidden\" name=\"_wpcf7_unit_tag\" value=\"wpcf7-f53-o1\" \/><input type=\"hidden\" name=\"_wpcf7_container_post\" value=\"0\" \/><input type=\"hidden\" name=\"_wpcf7_posted_data_hash\" value=\"\" \/>\n<\/fieldset>\n<input class=\"wpcf7-form-control wpcf7-hidden\" id=\"utm_source\" value=\"\" type=\"hidden\" name=\"utm_source\" \/>\n<input class=\"wpcf7-form-control wpcf7-hidden\" id=\"utm_medium\" value=\"\" type=\"hidden\" name=\"utm_medium\" \/>\n<input class=\"wpcf7-form-control wpcf7-hidden\" id=\"sideform_user_country\" value=\"\" type=\"hidden\" name=\"userCountry\" \/>\n<p>\\\n<\/p>\n<div class=\"form-grid-layout\">\n\t<div class=\"form-title\">\n\t\t<h2 class=\"title\">Thrive with Top Talent<br \/>\n- No Upfronts Fees\n\t\t<\/h2>\n\t\t<p>Have it easier with video interview clips and a candidate shortlist within 2-3 weeks\n\t\t<\/p>\n\t<\/div>\n\t<div class=\"input-field\">\n\t\t<p><label for=\"\">Name<\/label><br \/>\n<span class=\"wpcf7-form-control-wrap\" data-name=\"full-Name\"><input size=\"40\" maxlength=\"400\" class=\"wpcf7-form-control wpcf7-text wpcf7-validates-as-required\" aria-required=\"true\" aria-invalid=\"false\" value=\"\" type=\"text\" name=\"full-Name\" \/><\/span>\n\t\t<\/p>\n\t<\/div>\n\t<div class=\"input-field\">\n\t\t<p><label for=\"\">Email Address<\/label><br \/>\n<span class=\"wpcf7-form-control-wrap\" data-name=\"email-address\"><input size=\"40\" maxlength=\"400\" class=\"wpcf7-form-control wpcf7-email wpcf7-validates-as-required wpcf7-text wpcf7-validates-as-email\" aria-required=\"true\" aria-invalid=\"false\" value=\"\" type=\"email\" name=\"email-address\" \/><\/span>\n\t\t<\/p>\n\t<\/div>\n\t<div class=\"input-field\">\n\t\t<p><label for=\"\">Company<\/label><br \/>\n<span class=\"wpcf7-form-control-wrap\" data-name=\"company\"><input size=\"40\" maxlength=\"400\" class=\"wpcf7-form-control wpcf7-text\" aria-invalid=\"false\" value=\"\" type=\"text\" name=\"company\" \/><\/span>\n\t\t<\/p>\n\t<\/div>\n\t<div class=\"radiobox-field\">\n\t\t<p><span class=\"wpcf7-form-control-wrap\" data-name=\"radio-721company-status\"><span class=\"wpcf7-form-control wpcf7-radio\"><span class=\"wpcf7-list-item first\"><label><input type=\"radio\" name=\"radio-721company-status\" value=\"{Employer}\" \/><span class=\"wpcf7-list-item-label\">Employer<\/span><\/label><\/span><span class=\"wpcf7-list-item last\"><label><input type=\"radio\" name=\"radio-721company-status\" value=\"{Candidate}\" \/><span class=\"wpcf7-list-item-label\">Candidate<\/span><\/label><\/span><\/span><\/span>\n\t\t<\/p>\n\t<\/div>\n\t<div class=\"input-field\">\n\t\t<p><span class=\"wpcf7-form-control-wrap\" data-name=\"file-upload\"><input size=\"40\" class=\"wpcf7-form-control wpcf7-file\" accept=\".pdf\" aria-invalid=\"false\" type=\"file\" name=\"file-upload\" \/><\/span>\n\t\t<\/p>\n\t<\/div>\n\t<div class=\"textarea-field\">\n\t\t<p><label for=\"\">How can we help you?<\/label><br \/>\n<span class=\"wpcf7-form-control-wrap\" data-name=\"message\"><textarea cols=\"40\" rows=\"10\" maxlength=\"2000\" class=\"wpcf7-form-control wpcf7-textarea\" aria-invalid=\"false\" name=\"message\"><\/textarea><\/span>\n\t\t<\/p>\n\t<\/div>\n\t<p><span id=\"wpcf7-69fc8b9c8c5b8-wrapper\" class=\"wpcf7-form-control-wrap nickname-wrap\" ><input id=\"wpcf7-69fc8b9c8c5b8-field\"  class=\"wpcf7-form-control wpcf7-text\" type=\"text\" name=\"nickname\" value=\"\" size=\"40\" tabindex=\"-1\" autocomplete=\"off\" \/><\/span>\n\t<\/p>\n\t<div class=\"form-term\">\n\t\t<p>Submission of this form means you have agreed to our <a href=\"\/privacy-policy\/\" title=\"\">Privacy Policy<\/a> and <a href=\"\/terms-of-service\/\" title=\"\">Terms Conditions<\/a>\n\t\t<\/p>\n\t<\/div>\n\t<div class=\"submit-btn\">\n\t\t<p><input class=\"wpcf7-form-control wpcf7-submit has-spinner btn-box\" type=\"submit\" value=\"Get in Touch\" \/>\n\t\t<\/p>\n\t<\/div>\n<\/div><div class=\"wpcf7-response-output\" aria-hidden=\"true\"><\/div>\n<\/form>\n<\/div>\n<\/div><\/div>\n\n\n<div class=\"block-section client-reviews-slider \" style=\"background-color: #119084\">  \n    <div class=\"container\">\n                <div class=\"splide client-slider\">\n            <div class=\"splide__track\">\n                <div class=\"splide__list\">\n                                        <div class=\"splide__slide\">\n                        <div class=\"content-box\">\n                            <div class=\"content\">\n                                <p>&#8220;Haldren hat unseren Einstellungsprozess mit Geduld und Sorgfalt begleitet. Ihre Berater boten strukturierte Unterst\u00fctzung, verschafften uns Zugang zu Fachleuten in Hamburg und Berlin und stellten sicher, dass wir sowohl kulturell als auch fachlich zu ihnen passen.&#8221;<\/p>\n                            <\/div>\n                                                        <div class=\"name\">\n                                <strong>Miriam S.<\/strong>, \n                                HR-Gesch\u00e4ftspartner                            <\/div>\n                                                    <\/div>\n                    <\/div>\n                                        <div class=\"splide__slide\">\n                        <div class=\"content-box\">\n                            <div class=\"content\">\n                                <p>&#8220;Die Zusammenarbeit war respektvoll und professionell. Haldren hat uns schnell Kandidaten vorgestellt, die unseren Anforderungen entsprachen, und den Prozess diskret abgewickelt. Wir sch\u00e4tzten ihre F\u00e4higkeit, uns mit Fachleuten zu verbinden, die sofort einen Beitrag leisteten.<\/p>\n                            <\/div>\n                                                        <div class=\"name\">\n                                <strong>Tobias H.<\/strong>, \n                                Senior Manager                            <\/div>\n                                                    <\/div>\n                    <\/div>\n                                        <div class=\"splide__slide\">\n                        <div class=\"content-box\">\n                            <div class=\"content\">\n                                <p>&#8220;Die Berater h\u00f6rten aufmerksam zu, reagierten mit Fachwissen und stellten qualifizierte Mitarbeiter vor, die nicht nur die fachlichen Erwartungen erf\u00fcllten, sondern auch unsere Unternehmenskultur st\u00e4rkten.&#8221;<\/p>\n                            <\/div>\n                                                        <div class=\"name\">\n                                <strong>Karla W.<\/strong>, \n                                Betriebsdirektor                            <\/div>\n                                                    <\/div>\n                    <\/div>\n                                    <\/div>\n            <\/div>\n        <\/div>\n            <\/div>\n<\/div>","protected":false},"excerpt":{"rendered":"","protected":false},"author":10,"featured_media":0,"parent":174,"menu_order":0,"comment_status":"closed","ping_status":"closed","template":"","meta":{"_acf_changed":false,"footnotes":""},"class_list":["post-175","page","type-page","status-publish","hentry"],"acf":[],"lang":"de","translations":{"de":175,"en":57},"jetpack_sharing_enabled":true,"pll_sync_post":[],"_links":{"self":[{"href":"https:\/\/www.haldren.com\/hamburg\/wp-json\/wp\/v2\/pages\/175","targetHints":{"allow":["GET"]}}],"collection":[{"href":"https:\/\/www.haldren.com\/hamburg\/wp-json\/wp\/v2\/pages"}],"about":[{"href":"https:\/\/www.haldren.com\/hamburg\/wp-json\/wp\/v2\/types\/page"}],"author":[{"embeddable":true,"href":"https:\/\/www.haldren.com\/hamburg\/wp-json\/wp\/v2\/users\/10"}],"replies":[{"embeddable":true,"href":"https:\/\/www.haldren.com\/hamburg\/wp-json\/wp\/v2\/comments?post=175"}],"version-history":[{"count":1,"href":"https:\/\/www.haldren.com\/hamburg\/wp-json\/wp\/v2\/pages\/175\/revisions"}],"predecessor-version":[{"id":197,"href":"https:\/\/www.haldren.com\/hamburg\/wp-json\/wp\/v2\/pages\/175\/revisions\/197"}],"up":[{"embeddable":true,"href":"https:\/\/www.haldren.com\/hamburg\/wp-json\/wp\/v2\/pages\/174"}],"wp:attachment":[{"href":"https:\/\/www.haldren.com\/hamburg\/wp-json\/wp\/v2\/media?parent=175"}],"curies":[{"name":"wp","href":"https:\/\/api.w.org\/{rel}","templated":true}]}}