{"id":176,"date":"2025-10-07T07:41:10","date_gmt":"2025-10-07T07:41:10","guid":{"rendered":"https:\/\/www.haldren.com\/hamburg\/?page_id=64"},"modified":"2025-11-06T08:40:48","modified_gmt":"2025-11-06T08:40:48","slug":"management-recruitment","status":"publish","type":"page","link":"https:\/\/www.haldren.com\/hamburg\/de\/talentwerving\/management-recruitment\/","title":{"rendered":"Management Rekrutierung"},"content":{"rendered":"\n  <link rel=\"preload\" as=\"image\" href=\"https:\/\/www.haldren.com\/hamburg\/wp-content\/uploads\/sites\/43\/2025\/10\/hamburg-city-e1764148466898.webp\" fetchpriority=\"high\">\n  <style>\n    .inner-banner-section {\n      background-image: url('https:\/\/www.haldren.com\/hamburg\/wp-content\/uploads\/sites\/43\/2025\/10\/hamburg-city-e1764148466898.webp');\n      background-size: cover;\n      background-position: center;\n      background-repeat: no-repeat;\n    }\n\n    @media (max-width: 768px) {\n      .inner-banner-section {\n        background-image: url('https:\/\/www.haldren.com\/hamburg\/wp-content\/uploads\/sites\/43\/2025\/10\/hamburg-city-e1764148466898.webp');\n      }\n    }\n  <\/style>\n\n<div class=\"block-section inner-banner-section lazyload bg-sty section-gaps top-border-line\">\n  <div class=\"container-fluid\">\n    <div class=\"content-wrap\">\n      <h1 class=\"title\">\n        Management-Rekrutierungsdienstleistungen in Hamburg      <\/h1>\n      <span style=\"font-size: 18px;\">Unterst\u00fctzung Hamburger Unternehmen bei der Rekrutierung von Managern, die Teams st\u00e4rken und nachhaltige Werte schaffen<\/span>\n    <\/div>\n  <\/div>\n<\/div>\n\n\n\n\n<div class=\"wp-block-custom-div-wrapper-block col-wrapper has-sidebar\"><div class=\"content-wrapper\" style=\"background-color:#002a26\">\n<div class=\"block-section section-gaps default-content-section \" \n     style=\"--text-color: #ffffff; --bg-color: #119084;\">\n    <div class=\"container\">\n        <div class=\"default-single-content-wrap\">\n            <div class=\"content-wrap\">\n                                    <h2>F\u00fchrende Management-Personalberatung in Hamburg<\/h2>\n<p>Haldren bietet Management-Rekrutierungsdienstleistungen in Hamburg mit Diskretion, Professionalit\u00e4t und messbaren Ergebnissen. Unsere Berater verf\u00fcgen \u00fcber langj\u00e4hrige Erfahrung im Executive Search und in der Personalberatung und unterst\u00fctzen Kunden in der Metropolregion Hamburg und Umgebung. Wir unterst\u00fctzen Hamburger Unternehmen bei der Suche nach geeigneten Kandidaten f\u00fcr Schl\u00fcsselpositionen, von Managern bis hin zu F\u00fchrungskr\u00e4ften, in verschiedenen Branchen.<\/p>\n<p>Wir sind bekannt f\u00fcr unsere enge Zusammenarbeit mit unseren Kunden, unser starkes Netzwerk von Fachleuten und unser tiefes Verst\u00e4ndnis f\u00fcr fachliche und zwischenmenschliche Anforderungen. Jeder Auftrag wird vertraulich und klar gehandhabt, so dass sowohl Kunden als auch Kandidaten w\u00e4hrend des gesamten Rekrutierungsprozesses Respekt und Transparenz erfahren.<\/p>\n<p>Unser guter Ruf beruht auf der Kombination eines gro\u00dfen Talentpools mit strukturierten Prozessen, die Unternehmen Zugang zu qualifizierten Kandidaten verschaffen, die zu ihrer Strategie und Kultur passen. Indem wir die Personalrekrutierung mit Branchenkenntnissen unterst\u00fctzen, bieten wir L\u00f6sungen an, die Unternehmen helfen, berufliche Herausforderungen zu meistern und langfristiges Wachstum zu sichern.<br \/>\n Haldren<\/p>\n<blockquote><p><strong>ist als zuverl\u00e4ssiger Partner f\u00fcr die Rekrutierung von F\u00fchrungskr\u00e4ften in Hamburg anerkannt und bekannt f\u00fcr Integrit\u00e4t, Fachwissen und dauerhafte Ergebnisse.<\/strong><\/p><\/blockquote>\n<h2>Top-Tier Executive Search Firma in Hamburg<\/h2>\n<p>Unser Fokus auf die Rekrutierung von F\u00fchrungskr\u00e4ften spiegelt unsere Mission wider, Unternehmen zu st\u00e4rken, indem wir sie mit Top-Talenten zusammenbringen. Wir sind davon \u00fcberzeugt, dass erfolgreiche Stellenbesetzungen nicht nur von Qualifikationen abh\u00e4ngen, sondern auch von der \u00dcbereinstimmung mit der Unternehmenskultur, der Strategie und den langfristigen Zielen.<\/p>\n<p>Unsere Personalberater verstehen die beruflichen Herausforderungen, denen sich F\u00fchrungskr\u00e4fte in Hamburg und ganz Deutschland gegen\u00fcbersehen. Wir unterst\u00fctzen Unternehmen dabei, motivierte und f\u00e4hige F\u00fchrungskr\u00e4fte zu gewinnen, die sowohl f\u00fcr den aktuellen Bedarf als auch f\u00fcr zuk\u00fcnftige Entwicklungen ger\u00fcstet sind. Mit den Methoden des Executive Search, der Direktansprache und unserem umfangreichen Netzwerk bieten wir eine Personalberatung, die stets den perfekten Match liefert.<\/p>\n<h4>Bewertung<\/h4>\n<p>Ein Engagement beginnt mit einer strukturierten Analyse der Kundenbed\u00fcrfnisse, der Unternehmenskultur und des Zielprofils. Wir erstellen klare Rollenbeschreibungen, die technische F\u00e4higkeiten, Managementkompetenzen und Motivationsfaktoren ber\u00fccksichtigen. Wir gehen \u00fcber Lebensl\u00e4ufe hinaus und identifizieren Kandidaten mit der richtigen Mischung aus Fachwissen, Pers\u00f6nlichkeit und Ehrgeiz.<\/p>\n<h4>Talentakquise<\/h4>\n<p>Unsere Berater haben Zugang zu einem starken Netzwerk von Managern, F\u00fchrungskr\u00e4ften und Spezialisten in der Umgebung. Wir nutzen sowohl \u00f6ffentlich ausgeschriebene Stellen als auch diskrete Direktsuchstrategien, um geeignete Kandidaten zu finden. Dieser Ansatz stellt sicher, dass Hamburger Unternehmen Fachkr\u00e4fte erreichen, die bereit sind, sich neuen beruflichen Herausforderungen zu stellen und vom ersten Tag an einen Beitrag zu leisten.<\/p>\n<h4>Organisatorische Transformation<\/h4>\n<p>Wir betrachten die Personalbeschaffung als Teil einer umfassenderen Organisationsentwicklung. Unsere Dienstleistungen erstrecken sich auf die Nachfolgeplanung, die Beurteilung von F\u00fchrungskr\u00e4ften und langfristige Talentstrategien. Als Partner f\u00fcr die Personalberatung unterst\u00fctzen wir unsere Kunden bei der St\u00e4rkung der Unternehmensf\u00fchrung und dem Aufbau belastbarer Teams, die sich neuen Herausforderungen und der sich ver\u00e4ndernden Marktdynamik anpassen k\u00f6nnen.<\/p>\n<h2>Unser Ansatz bei der Rekrutierung von F\u00fchrungskr\u00e4ften<\/h2>\n<p>Wir gehen bei der Rekrutierung von F\u00fchrungskr\u00e4ften klar und diszipliniert vor und stellen sicher, dass jede offene Position mit Pr\u00e4zision besetzt wird. Unser Prozess beginnt mit der Suche &#8211; wir h\u00f6ren den Interessengruppen des Unternehmens aufmerksam zu und definieren das Zielprofil. Danach erstellen wir eine Markt\u00fcbersicht, identifizieren potenzielle Kandidaten und beginnen mit der direkten Suche nach Fachkr\u00e4ften, die sowohl zur Strategie als auch zur Unternehmenskultur passen.<\/p>\n<p>Die Bewertung der Kandidaten steht im Mittelpunkt unserer Arbeit. Wir suchen nach qualifizierten Mitarbeitern mit der richtigen Mischung aus technischem Wissen, F\u00fchrungsqualit\u00e4ten und zwischenmenschlichen St\u00e4rken. Unsere Berater beurteilen die Bewerber anhand von strukturierten Interviews, psychometrischen Tests und Referenzvalidierung. Auf diese Weise wird sichergestellt, dass nur die am besten geeigneten Kandidaten in die engere Wahl kommen.<\/p>\n<p>Wir sind der Meinung, dass eine Personalberatung mehr bieten muss als nur eine Vorstellung. Unsere Unterst\u00fctzung erstreckt sich \u00fcber den gesamten Bewerbungsprozess, die Vorstellungsgespr\u00e4che und die abschlie\u00dfenden Verhandlungen. Wir bieten auch Unterst\u00fctzung beim Onboarding und helfen Managern, reibungslos in ihre Festanstellung zu wechseln. Dank dieses strukturierten Prozesses profitieren Unternehmen von langfristiger Stabilit\u00e4t, w\u00e4hrend Arbeitssuchende die Gewissheit haben, dass sie die richtige Stelle gefunden haben.<\/p>\n<p>Im Gegensatz zu einer herk\u00f6mmlichen Personalvermittlung kombinieren wir den globalen Zugang zu Top-Talenten mit einem starken lokalen Netzwerk. Wir nutzen Social Media Recruiting, gezielte Werbung und branchenspezifische Jobb\u00f6rsen, um den gro\u00dfen Talentpool, der Hamburger Unternehmen zur Verf\u00fcgung steht, zu erweitern. Ganz gleich, ob Gesch\u00e4ftsf\u00fchrer, F\u00fchrungskr\u00e4fte oder Spezialisten in den Bereichen Technik, Vertrieb oder anderen Sektoren gesucht werden, unser Team stellt sicher, dass jede Vermittlung einem hohen Qualit\u00e4tsstandard entspricht.<\/p>\n<p>Unsere Berater bringen Branchenkenntnisse und praktische Erfahrungen aus den letzten Jahren erfolgreicher Vermittlungen mit. Wir kennen die Herausforderungen der Zeitarbeit, der Suche nach Festanstellungen und der Direktsuche. Durch die Einhaltung strenger ethischer Grunds\u00e4tze und Vertraulichkeit bieten wir einen Rekrutierungsservice, von dem sowohl Unternehmen als auch Arbeitssuchende in der gesamten Umgebung profitieren.<\/p>\n<h2>Unsere Expertise als f\u00fchrende Hamburger Personalberater<\/h2>\n<p>Unsere Berater bringen Branchenkenntnisse, strukturierte Schulungen und praktische Erfahrung in jede Personalberatung ein. Wir arbeiten eng mit unseren Kunden zusammen, um uns an ihre sich wandelnden Bed\u00fcrfnisse anzupassen und neue berufliche Herausforderungen mit effektiven L\u00f6sungen anzugehen.<\/p>\n<p>Wir engagieren uns weiterhin in Branchennetzwerken, um unsere F\u00e4higkeit zu st\u00e4rken, Top-Talente zu identifizieren und messbare Ergebnisse zu erzielen. Dieser kundenorientierte Ansatz stellt sicher, dass Hamburger Unternehmen von einer praxisnahen, aktuellen und marktgerechten Expertise profitieren.<\/p>\n<h4>Einige Bereiche, auf die wir uns spezialisiert haben<\/h4>\n<p>Wir unterst\u00fctzen Unternehmen in der Metropolregion Hamburg und Umgebung in Branchen wie Technik, Vertrieb, Finanzen und Professional Services. Unsere Personalberatung ist so strukturiert, dass sie flexible L\u00f6sungen anbietet, die den Anforderungen der verschiedenen Branchen gerecht werden, ohne dabei den Fokus auf nachhaltiges Wachstum zu verlieren.<\/p>\n<h4>Beispiele f\u00fcr Rollen, f\u00fcr die wir rekrutieren<\/h4>\n<p>Wir stellen regelm\u00e4\u00dfig Personal f\u00fcr Schl\u00fcsselpositionen wie Gesch\u00e4ftsf\u00fchrer, Abteilungsleiter, leitende Angestellte und andere F\u00fchrungspositionen ein. Wir konzentrieren uns darauf, unseren Kunden dabei zu helfen, Fachleute zu finden, die perfekt zu ihren Unternehmenszielen und ihrer Unternehmenskultur passen.<\/p>\n<blockquote><p><strong>Um mehr \u00fcber die verschiedenen Rollen zu erfahren, die wir unterst\u00fctzen, laden wir Sie ein, mit Haldren in Kontakt zu treten. Sprechen Sie mit uns dar\u00fcber, wie wir Ihnen helfen k\u00f6nnen, Top-Talente f\u00fcr Ihre offenen Stellen zu finden.<\/strong><\/p><\/blockquote>\n<h2>Warum Haldren einen ma\u00dfgeschneiderten Ansatz zur Personalbeschaffung verwendet<\/h2>\n<p>Bei der allgemeinen Personalbeschaffung wird oft \u00fcbersehen, wie komplex es ist, den richtigen Kandidaten f\u00fcr spezielle Positionen zu finden. Unsere Berater kennen die Risiken, denen Unternehmen ausgesetzt sind, wenn sie sich auf pauschale Methoden verlassen, wie z. B. nicht \u00fcbereinstimmende F\u00e4higkeiten oder falsch abgestimmte Erwartungen.<\/p>\n<p>Unser Ansatz ist darauf ausgerichtet, diese Fehler zu vermeiden. Wir arbeiten eng mit Bewerbern und Kunden zusammen und definieren das Zielprofil sorgf\u00e4ltig, bevor wir mit der Suche beginnen. Durch den Einsatz von Direktansprache, Personalberatungsexpertise und unserem starken Netzwerk bringen wir Kunden mit passenden Stellen und Kandidaten zusammen, die sowohl fachlich als auch pers\u00f6nlich passen.<\/p>\n<p>Aus unserer Erfahrung in der Metropolregion Hamburg wissen wir, dass jedes Unternehmen und jeder Bewerber eine individuelle Herausforderung darstellt. Manche Kunden ben\u00f6tigen sofortige Unterst\u00fctzung bei der Zeitarbeit, andere konzentrieren sich auf die Vermittlung von F\u00fchrungskr\u00e4ften in eine Festanstellung. In jedem Fall passen unsere Personalberater den Prozess an, um verl\u00e4ssliche Ergebnisse und einen langfristigen Nutzen zu erzielen.<\/p>\n<p>Wir betrachten jeden Personalvermittlungsauftrag als eine Partnerschaft, von der sowohl Kunden als auch Arbeitssuchende profitieren. Indem wir Vertraulichkeit, Ethik und Transparenz in den Vordergrund stellen, bauen wir Vertrauen auf, das \u00fcber eine einzelne Vermittlung hinaus Bestand hat.<\/p>\n<h2>Warum Haldren f\u00fcr die Rekrutierung von F\u00fchrungskr\u00e4ften w\u00e4hlen?<\/h2>\n<p>Haldren genie\u00dft das Vertrauen Hamburger Unternehmen, weil wir mit Integrit\u00e4t und Professionalit\u00e4t messbare Ergebnisse liefern. Unsere Berater kombinieren Fachwissen im Executive Search mit einem starken Netzwerk qualifizierter Kandidaten und stellen so sicher, dass Unternehmen Zugang zu Fachleuten haben, die in anspruchsvollen Positionen erfolgreich sein k\u00f6nnen.<\/p>\n<p>Vertraulichkeit steht im Mittelpunkt unserer Rekrutierungsdienstleistungen. Wir wissen, dass Unternehmen sensible Informationen w\u00e4hrend des Rekrutierungsprozesses sch\u00fctzen m\u00fcssen, und wir garantieren Diskretion von Anfang bis Ende. Unsere Kunden sch\u00e4tzen diese Zuverl\u00e4ssigkeit ebenso wie unsere F\u00e4higkeit, Spitzentalente zu pr\u00e4sentieren, die zur Unternehmenskultur und zu den Unternehmenszielen passen.<\/p>\n<p>Wir bieten Unterst\u00fctzung, die \u00fcber die eigentliche Rekrutierung hinausgeht, einschlie\u00dflich Beratung in den Bereichen Schulung, F\u00fchrungsentwicklung und Nachfolgeplanung. Dieser ganzheitliche Ansatz hat uns zu einer Personalberatung gemacht, auf die Unternehmen bei verschiedenen beruflichen Herausforderungen zur\u00fcckgreifen.<\/p>\n<p>Unser Ruf beruht auf ethischen Praktiken, einem hohen Qualit\u00e4tsstandard und langfristigen Partnerschaften mit Kunden in der gesamten Umgebung. Wir sind nicht nur als Personalvermittler anerkannt, sondern auch als vertrauensw\u00fcrdiger Partner f\u00fcr die Personalvermittlung von F\u00fchrungskr\u00e4ften in Hamburg.<\/p>\n<blockquote><p><strong>Wenn Sie einen neuen Einstellungsbedarf haben, kontaktieren Sie uns noch heute. Setzen Sie sich mit Haldren in Verbindung, um zu besprechen, wie unsere Berater Ihrem Unternehmen helfen k\u00f6nnen, die richtigen Manager und F\u00fchrungskr\u00e4fte f\u00fcr einen dauerhaften Erfolg zu gewinnen.<\/strong><\/p><\/blockquote>\n                            <\/div>\n        <\/div>\n    <\/div>\n<\/div>\n\n<div class=\"block-section accordion-main-section \">\n    <div class=\"container\">    \n                <div class=\"accordion-faqs\">\n            <h2 class=\"m-title\">Frequently Asked Questions (FAQs)<\/h2>\n                        <div class=\"item\">\n                <h3>Wie stellt Haldren die Vertraulichkeit der Bewerber sicher?<\/h3>\n                <div class=\"faq-content\"><p>Wir sch\u00fctzen sowohl Kunden als auch Bewerber, indem wir w\u00e4hrend des gesamten Einstellungsverfahrens Diskretion wahren. Jeder Schritt, von der Direktsuche bis zum Vorstellungsgespr\u00e4ch, wird mit Respekt und Vertraulichkeit behandelt.<\/p>\n<\/div>\n            <\/div>\n                        <div class=\"item\">\n                <h3>Was unterscheidet Haldren von einer normalen Personalvermittlung?<\/h3>\n                <div class=\"faq-content\"><p>Im Gegensatz zu allgemeinen Personalvermittlern kombinieren wir Methoden des Executive Search, ein tiefes Verst\u00e4ndnis der Branchen und ein starkes Netzwerk in der Metropolregion Hamburg. So stellen wir sicher, dass wir qualifizierte Kandidaten finden, die mit den Unternehmenszielen \u00fcbereinstimmen.<\/p>\n<\/div>\n            <\/div>\n                        <div class=\"item\">\n                <h3>Wie lange dauert ein Management-Rekrutierungsprojekt in der Regel?<\/h3>\n                <div class=\"faq-content\"><p>Der Zeitrahmen h\u00e4ngt von der Komplexit\u00e4t der Stelle und den Marktbedingungen ab. Im Durchschnitt k\u00f6nnen Schl\u00fcsselpositionen innerhalb von einigen Wochen besetzt werden, wobei die Besetzung von F\u00fchrungspositionen aufgrund des direkten Suchprozesses l\u00e4nger dauern kann.<\/p>\n<\/div>\n            <\/div>\n                        <div class=\"item\">\n                <h3>Bieten Sie auch nach der Vermittlung Unterst\u00fctzung an?<\/h3>\n                <div class=\"faq-content\"><p>Ja, wir unterst\u00fctzen unsere Kunden auch nach der Einstellung, indem wir sie beim Onboarding, der Schulung und der Nachfolgeplanung beraten. Unser Ziel ist es, sicherzustellen, dass sowohl der Kunde als auch der neue Mitarbeiter von einer nachhaltigen Partnerschaft profitieren.<\/p>\n<\/div>\n            <\/div>\n                    <\/div>\n            <\/div>\n<\/div><\/div><div class=\"sidebar-wrapper\">\n<div class=\"wpcf7 no-js\" id=\"wpcf7-f53-o1\" lang=\"\" dir=\"ltr\" data-wpcf7-id=\"53\">\n<div class=\"screen-reader-response\"><p role=\"status\" aria-live=\"polite\" aria-atomic=\"true\"><\/p> <ul><\/ul><\/div>\n<form action=\"\/hamburg\/wp-json\/wp\/v2\/pages\/176#wpcf7-f53-o1\" method=\"post\" class=\"wpcf7-form init\" aria-label=\"Contact form\" enctype=\"multipart\/form-data\" novalidate=\"novalidate\" data-status=\"init\">\n<fieldset class=\"hidden-fields-container\"><input type=\"hidden\" name=\"_wpcf7\" value=\"53\" \/><input type=\"hidden\" name=\"_wpcf7_version\" value=\"6.1.5\" \/><input type=\"hidden\" name=\"_wpcf7_locale\" value=\"\" \/><input type=\"hidden\" name=\"_wpcf7_unit_tag\" value=\"wpcf7-f53-o1\" \/><input type=\"hidden\" name=\"_wpcf7_container_post\" value=\"0\" \/><input type=\"hidden\" name=\"_wpcf7_posted_data_hash\" value=\"\" \/>\n<\/fieldset>\n<input class=\"wpcf7-form-control wpcf7-hidden\" id=\"utm_source\" value=\"\" type=\"hidden\" name=\"utm_source\" \/>\n<input class=\"wpcf7-form-control wpcf7-hidden\" id=\"utm_medium\" value=\"\" type=\"hidden\" name=\"utm_medium\" \/>\n<input class=\"wpcf7-form-control wpcf7-hidden\" id=\"sideform_user_country\" value=\"\" type=\"hidden\" name=\"userCountry\" \/>\n<p>\\\n<\/p>\n<div class=\"form-grid-layout\">\n\t<div class=\"form-title\">\n\t\t<h2 class=\"title\">Thrive with Top Talent<br \/>\n- No Upfronts Fees\n\t\t<\/h2>\n\t\t<p>Have it easier with video interview clips and a candidate shortlist within 2-3 weeks\n\t\t<\/p>\n\t<\/div>\n\t<div class=\"input-field\">\n\t\t<p><label for=\"\">Name<\/label><br \/>\n<span class=\"wpcf7-form-control-wrap\" data-name=\"full-Name\"><input size=\"40\" maxlength=\"400\" class=\"wpcf7-form-control wpcf7-text wpcf7-validates-as-required\" aria-required=\"true\" aria-invalid=\"false\" value=\"\" type=\"text\" name=\"full-Name\" \/><\/span>\n\t\t<\/p>\n\t<\/div>\n\t<div class=\"input-field\">\n\t\t<p><label for=\"\">Email Address<\/label><br \/>\n<span class=\"wpcf7-form-control-wrap\" data-name=\"email-address\"><input size=\"40\" maxlength=\"400\" class=\"wpcf7-form-control wpcf7-email wpcf7-validates-as-required wpcf7-text wpcf7-validates-as-email\" aria-required=\"true\" aria-invalid=\"false\" value=\"\" type=\"email\" name=\"email-address\" \/><\/span>\n\t\t<\/p>\n\t<\/div>\n\t<div class=\"input-field\">\n\t\t<p><label for=\"\">Company<\/label><br \/>\n<span class=\"wpcf7-form-control-wrap\" data-name=\"company\"><input size=\"40\" maxlength=\"400\" class=\"wpcf7-form-control wpcf7-text\" aria-invalid=\"false\" value=\"\" type=\"text\" name=\"company\" \/><\/span>\n\t\t<\/p>\n\t<\/div>\n\t<div class=\"radiobox-field\">\n\t\t<p><span class=\"wpcf7-form-control-wrap\" data-name=\"radio-721company-status\"><span class=\"wpcf7-form-control wpcf7-radio\"><span class=\"wpcf7-list-item first\"><label><input type=\"radio\" name=\"radio-721company-status\" value=\"{Employer}\" \/><span class=\"wpcf7-list-item-label\">Employer<\/span><\/label><\/span><span class=\"wpcf7-list-item last\"><label><input type=\"radio\" name=\"radio-721company-status\" value=\"{Candidate}\" \/><span class=\"wpcf7-list-item-label\">Candidate<\/span><\/label><\/span><\/span><\/span>\n\t\t<\/p>\n\t<\/div>\n\t<div class=\"input-field\">\n\t\t<p><span class=\"wpcf7-form-control-wrap\" data-name=\"file-upload\"><input size=\"40\" class=\"wpcf7-form-control wpcf7-file\" accept=\".pdf\" aria-invalid=\"false\" type=\"file\" name=\"file-upload\" \/><\/span>\n\t\t<\/p>\n\t<\/div>\n\t<div class=\"textarea-field\">\n\t\t<p><label for=\"\">How can we help you?<\/label><br \/>\n<span class=\"wpcf7-form-control-wrap\" data-name=\"message\"><textarea cols=\"40\" rows=\"10\" maxlength=\"2000\" class=\"wpcf7-form-control wpcf7-textarea\" aria-invalid=\"false\" name=\"message\"><\/textarea><\/span>\n\t\t<\/p>\n\t<\/div>\n\t<p><span id=\"wpcf7-69fc8bfc5338f-wrapper\" class=\"wpcf7-form-control-wrap nickname-wrap\" ><input id=\"wpcf7-69fc8bfc5338f-field\"  class=\"wpcf7-form-control wpcf7-text\" type=\"text\" name=\"nickname\" value=\"\" size=\"40\" tabindex=\"-1\" autocomplete=\"off\" \/><\/span>\n\t<\/p>\n\t<div class=\"form-term\">\n\t\t<p>Submission of this form means you have agreed to our <a href=\"\/privacy-policy\/\" title=\"\">Privacy Policy<\/a> and <a href=\"\/terms-of-service\/\" title=\"\">Terms Conditions<\/a>\n\t\t<\/p>\n\t<\/div>\n\t<div class=\"submit-btn\">\n\t\t<p><input class=\"wpcf7-form-control wpcf7-submit has-spinner btn-box\" type=\"submit\" value=\"Get in Touch\" \/>\n\t\t<\/p>\n\t<\/div>\n<\/div><div class=\"wpcf7-response-output\" aria-hidden=\"true\"><\/div>\n<\/form>\n<\/div>\n<\/div><\/div>\n\n\n<div class=\"block-section client-reviews-slider \" style=\"background-color: #119084\">  \n    <div class=\"container\">\n                <div class=\"splide client-slider\">\n            <div class=\"splide__track\">\n                <div class=\"splide__list\">\n                                        <div class=\"splide__slide\">\n                        <div class=\"content-box\">\n                            <div class=\"content\">\n                                <p>&#8220;Haldren hat uns mit Professionalit\u00e4t und Klarheit durch den Rekrutierungsprozess gef\u00fchrt. Ihre Berater haben sich die Zeit genommen, unsere Unternehmenskultur zu verstehen, und die von ihnen vorgestellten Kandidaten haben hervorragend in unser Team gepasst.&#8221;<\/p>\n                            <\/div>\n                                                        <div class=\"name\">\n                                <strong>Jens M.<\/strong>, \n                                Betriebsdirektor                            <\/div>\n                                                    <\/div>\n                    <\/div>\n                                        <div class=\"splide__slide\">\n                        <div class=\"content-box\">\n                            <div class=\"content\">\n                                <p>&#8220;Wir mussten schnell Schl\u00fcsselpositionen besetzen, und Haldren bot uns Zugang zu einem gro\u00dfen Talentpool in Hamburg. Die Personalberatung arbeitete eng mit uns zusammen und sorgte f\u00fcr einen reibungslosen Bewerbungsprozess und \u00fcberzeugende Ergebnisse.&#8221;<\/p>\n                            <\/div>\n                                                        <div class=\"name\">\n                                <strong>Sabine R.<\/strong>, \n                                HR Manager                            <\/div>\n                                                    <\/div>\n                    <\/div>\n                                        <div class=\"splide__slide\">\n                        <div class=\"content-box\">\n                            <div class=\"content\">\n                                <p>&#8220;Was mich am meisten beeindruckt hat, waren ihre Vertraulichkeit und ihre ethischen Standards. Die Personalberater von Haldren haben uns in jeder Phase Vertrauen geschenkt, und wir konnten qualifizierte Mitarbeiter einstellen, die perfekt auf unsere Bed\u00fcrfnisse abgestimmt waren.&#8221;<\/p>\n                            <\/div>\n                                                        <div class=\"name\">\n                                <strong>Thomas K.<\/strong>, \n                                Gesch\u00e4ftsf\u00fchrender Direktor                            <\/div>\n                                                    <\/div>\n                    <\/div>\n                                    <\/div>\n            <\/div>\n        <\/div>\n            <\/div>\n<\/div>","protected":false},"excerpt":{"rendered":"","protected":false},"author":10,"featured_media":0,"parent":174,"menu_order":0,"comment_status":"closed","ping_status":"closed","template":"","meta":{"_acf_changed":false,"footnotes":""},"class_list":["post-176","page","type-page","status-publish","hentry"],"acf":[],"lang":"de","translations":{"de":176,"en":64},"jetpack_sharing_enabled":true,"pll_sync_post":[],"_links":{"self":[{"href":"https:\/\/www.haldren.com\/hamburg\/wp-json\/wp\/v2\/pages\/176","targetHints":{"allow":["GET"]}}],"collection":[{"href":"https:\/\/www.haldren.com\/hamburg\/wp-json\/wp\/v2\/pages"}],"about":[{"href":"https:\/\/www.haldren.com\/hamburg\/wp-json\/wp\/v2\/types\/page"}],"author":[{"embeddable":true,"href":"https:\/\/www.haldren.com\/hamburg\/wp-json\/wp\/v2\/users\/10"}],"replies":[{"embeddable":true,"href":"https:\/\/www.haldren.com\/hamburg\/wp-json\/wp\/v2\/comments?post=176"}],"version-history":[{"count":1,"href":"https:\/\/www.haldren.com\/hamburg\/wp-json\/wp\/v2\/pages\/176\/revisions"}],"predecessor-version":[{"id":200,"href":"https:\/\/www.haldren.com\/hamburg\/wp-json\/wp\/v2\/pages\/176\/revisions\/200"}],"up":[{"embeddable":true,"href":"https:\/\/www.haldren.com\/hamburg\/wp-json\/wp\/v2\/pages\/174"}],"wp:attachment":[{"href":"https:\/\/www.haldren.com\/hamburg\/wp-json\/wp\/v2\/media?parent=176"}],"curies":[{"name":"wp","href":"https:\/\/api.w.org\/{rel}","templated":true}]}}