{"id":177,"date":"2025-10-07T07:45:39","date_gmt":"2025-10-07T07:45:39","guid":{"rendered":"https:\/\/www.haldren.com\/hamburg\/?page_id=69"},"modified":"2025-11-06T08:41:34","modified_gmt":"2025-11-06T08:41:34","slug":"suche-nach-fuhrungskraften","status":"publish","type":"page","link":"https:\/\/www.haldren.com\/hamburg\/de\/talentwerving\/suche-nach-fuhrungskraften\/","title":{"rendered":"Suche nach F\u00fchrungskr\u00e4ften"},"content":{"rendered":"\n  <link rel=\"preload\" as=\"image\" href=\"https:\/\/www.haldren.com\/hamburg\/wp-content\/uploads\/sites\/43\/2025\/10\/hamburg-city-e1764148466898.webp\" fetchpriority=\"high\">\n  <style>\n    .inner-banner-section {\n      background-image: url('https:\/\/www.haldren.com\/hamburg\/wp-content\/uploads\/sites\/43\/2025\/10\/hamburg-city-e1764148466898.webp');\n      background-size: cover;\n      background-position: center;\n      background-repeat: no-repeat;\n    }\n\n    @media (max-width: 768px) {\n      .inner-banner-section {\n        background-image: url('https:\/\/www.haldren.com\/hamburg\/wp-content\/uploads\/sites\/43\/2025\/10\/hamburg-city-e1764148466898.webp');\n      }\n    }\n  <\/style>\n\n<div class=\"block-section inner-banner-section lazyload bg-sty section-gaps top-border-line\">\n  <div class=\"container-fluid\">\n    <div class=\"content-wrap\">\n      <h1 class=\"title\">\n        Executive Search Dienstleistungen in Hamburg      <\/h1>\n      <span style=\"font-size: 18px;\">Verbindet Hamburger Unternehmen mit F\u00fchrungskr\u00e4ften, die Wachstum, Strategie und nachhaltigen Erfolg vorantreiben<\/span>\n    <\/div>\n  <\/div>\n<\/div>\n\n\n\n\n<div class=\"wp-block-custom-div-wrapper-block col-wrapper has-sidebar\"><div class=\"content-wrapper\" style=\"background-color:#002a26\">\n<div class=\"block-section section-gaps default-content-section \" \n     style=\"--text-color: #ffffff; --bg-color: #119084;\">\n    <div class=\"container\">\n        <div class=\"default-single-content-wrap\">\n            <div class=\"content-wrap\">\n                                    <h2>F\u00fchrende Personalberatung in Hamburg<\/h2>\n<p>Haldren bietet Executive Search Services in Hamburg mit Vertraulichkeit, Professionalit\u00e4t und messbaren Ergebnissen. Unsere Berater verf\u00fcgen \u00fcber jahrelange Erfahrung im Recruiting und unterst\u00fctzen Unternehmen bei der Besetzung von F\u00fchrungspositionen, die das operative Gesch\u00e4ft st\u00e4rken und langfristiges Wachstum f\u00f6rdern. Jeder Auftrag wird diskret behandelt, so dass sich sowohl Klienten als auch Kandidaten w\u00e4hrend des gesamten Prozesses respektiert f\u00fchlen.<\/p>\n<p>Wir gehen bei der Suche nach F\u00fchrungskr\u00e4ften mit strukturierten Methoden und praktischen Erkenntnissen vor. Unsere Netzwerke reichen weit \u00fcber Hamburg hinaus und erm\u00f6glichen Unternehmen den Zugang zu F\u00fchrungskr\u00e4ften in ganz Deutschland und Europa, die in der Lage sind, Strategien zu gestalten, Komplexit\u00e4t zu managen und Widerstandsf\u00e4higkeit zu f\u00f6rdern. Im Gegensatz zu Agenturen, die Schnelligkeit \u00fcber Genauigkeit stellen, legen wir Wert auf gr\u00fcndliche Evaluierung und kulturelle Anpassung.<\/p>\n<blockquote><p><strong>Unternehmen vertrauen uns, weil unsere Arbeit konsistent, ethisch vertretbar und auf fundierter Erfahrung basiert. Haldren steht in Hamburg als Partner f\u00fcr Executive Search, der sich durch Diskretion, Integrit\u00e4t und nachhaltige Ergebnisse auszeichnet.<\/strong><\/p><\/blockquote>\n<h2>Top-Tier Executive Search Firma in Hamburg<\/h2>\n<p>Wir widmen uns der Suche nach F\u00fchrungskr\u00e4ften, denn die F\u00fchrung bestimmt, wie sich Unternehmen entwickeln und anpassen. Unsere Aufgabe ist es, Hamburger Unternehmen bei der Suche nach F\u00fchrungskr\u00e4ften zu unterst\u00fctzen, die fachliche Kompetenz mit Visionen und Charakterst\u00e4rke verbinden und so sicherstellen, dass Managemententscheidungen zu dauerhaften Ergebnissen f\u00fchren.<\/p>\n<p>Unsere Berater verf\u00fcgen \u00fcber langj\u00e4hrige Erfahrung in der Personalberatung in Deutschland und Europa. Wir kombinieren strukturierte Beurteilungen mit einem durchdachten, beratenden Ansatz, der bei jeder Einstellung Vertrauen schafft. Unternehmen erkennen unseren Fokus auf Klarheit, Respekt und stetige Beratung, wenn sie Kandidaten bewerten, die vom ersten Tag an einen Beitrag leisten und mit dem Unternehmen wachsen k\u00f6nnen.<\/p>\n<h4>Bewertung<\/h4>\n<p>Jede Suche beginnt mit einem klaren Verst\u00e4ndnis der Unternehmensziele, der Unternehmenskultur und der Anforderungen an die Stelle. Wir erstellen detaillierte Kandidatenprofile, die technische F\u00e4higkeiten, F\u00fchrungsqualit\u00e4ten und Motivationsfaktoren widerspiegeln. So stellen wir sicher, dass unsere Empfehlungen sowohl mit den betrieblichen Anforderungen als auch mit den Werten des Unternehmens in Einklang stehen.<\/p>\n<h4>Talentakquise<\/h4>\n<p>Unser Team verf\u00fcgt \u00fcber ein weitreichendes Netzwerk, das auch F\u00fchrungskr\u00e4fte umfasst, die f\u00fcr neue M\u00f6glichkeiten offen sind, aber nicht aktiv suchen. Wir kombinieren bew\u00e4hrte Rekrutierungstechniken mit digitalen Ressourcen, um die gr\u00f6\u00dftm\u00f6gliche Zahl von Kandidaten zu erreichen. Auf diese Weise finden wir F\u00fchrungskr\u00e4fte, die \u00fcber die F\u00e4higkeiten und Perspektiven verf\u00fcgen, um in anspruchsvollen Positionen erfolgreich zu sein.<\/p>\n<h4>Organisatorische Umwandlung<\/h4>\n<p>Wir unterst\u00fctzen Sie nicht nur bei der Erstbesetzung von Stellen. Leadership Assessments, Nachfolgeplanung und Organisationsentwicklung sind Teil unserer Dienstleistungen. Auf diese Weise agieren wir als langfristiger Partner f\u00fcr Hamburger Unternehmen und st\u00e4rken sowohl die unmittelbare Managementf\u00e4higkeit als auch die zuk\u00fcnftige Belastbarkeit.<\/p>\n<h2>Unser Ansatz bei der Suche nach F\u00fchrungskr\u00e4ften<\/h2>\n<p>Wir f\u00fchren die Suche nach F\u00fchrungskr\u00e4ften in Hamburg mit einem strukturierten und dennoch anpassungsf\u00e4higen Prozess durch, der darauf ausgerichtet ist, nachhaltige Ergebnisse zu erzielen. Jeder Auftrag beginnt damit, dass wir den Managementteams zuh\u00f6ren und sowohl die aktuellen Herausforderungen als auch die langfristigen Ziele verstehen. In dieser Findungsphase wird die Suche in der Realit\u00e4t des Unternehmens verankert.<\/p>\n<p>Anschlie\u00dfend f\u00fchren wir eine Marktanalyse durch, suchen nach Kandidaten und f\u00fchren strukturierte Bewertungen durch. Erst nach der Bewertung der technischen F\u00e4higkeiten, der F\u00fchrungsqualit\u00e4ten und der zwischenmenschlichen St\u00e4rken wird eine Auswahlliste erstellt. Es folgen Vorstellungsgespr\u00e4che, psychometrische Tests und Referenzpr\u00fcfungen, die den Kunden zuverl\u00e4ssige Informationen \u00fcber die Eignung jedes einzelnen Kandidaten liefern.<\/p>\n<p>Unsere Berater kombinieren die direkte Rekrutierung mit digitaler Ansprache, einschlie\u00dflich gezielter Werbung, sozialer Plattformen und spezialisierter Stellenb\u00f6rsen. Dadurch wird die Suche ausgeweitet und es werden F\u00fchrungskr\u00e4fte entdeckt, die andernfalls unerreichbar bleiben w\u00fcrden.<\/p>\n<p>Wir verpflichten uns bei jedem Auftrag zu Vielfalt, Ethik und Nachhaltigkeit. Unser strukturierter, beratender Ansatz hebt sich von der transaktionalen Rekrutierung ab, indem er sicherstellt, dass jede Vermittlung nicht nur die betreffende Position, sondern auch die langfristige Ausrichtung des Unternehmens st\u00e4rkt.<\/p>\n<h2>Unsere Expertise als f\u00fchrende Hamburger Personalberatung f\u00fcr F\u00fchrungskr\u00e4fte<\/h2>\n<p>Unsere Berater bringen Branchenkenntnisse, fachliche Recruiting-Kompetenz und langj\u00e4hrige Praxiserfahrung mit. Wir bleiben mit den Entwicklungen in Deutschland und Europa verbunden und k\u00f6nnen unsere Kunden sowohl bei der sofortigen Besetzung als auch bei der l\u00e4ngerfristigen Planung von F\u00fchrungspositionen beraten.<\/p>\n<p>Aus jedem Auftrag zu lernen, ist Teil unserer Kultur. Mit jedem Projekt verfeinern wir unsere Methoden und wenden die in einem Sektor gewonnenen Erkenntnisse auf Herausforderungen in einem anderen an. Diese Anpassungsf\u00e4higkeit und kundenorientierte Denkweise st\u00e4rken unsere Stellung als vertrauensw\u00fcrdige Spezialisten f\u00fcr die Suche nach F\u00fchrungskr\u00e4ften.<\/p>\n<h4>Einige Bereiche, auf die wir uns spezialisiert haben<\/h4>\n<p>Wir betreuen regelm\u00e4\u00dfig Hamburger Unternehmen aus den Bereichen Finanzen, Logistik, Gesundheitswesen, Technologie, Konsumg\u00fcter und Marketing. Jeder Bereich stellt besondere Anforderungen an eine F\u00fchrungskraft, und unsere Berater passen die Suche an die spezifischen Bed\u00fcrfnisse des jeweiligen Unternehmens an. Unser Ziel ist einheitlich: Wir wollen Unternehmen bei der Besetzung von F\u00fchrungspositionen helfen, die Kultur, Strategie und Leistung st\u00e4rken.<\/p>\n<h4>Beispiele f\u00fcr Rollen, f\u00fcr die wir rekrutieren<\/h4>\n<p>Wir f\u00fchren Suchen auf allen F\u00fchrungsebenen durch, einschlie\u00dflich C-Suite-F\u00fchrungskr\u00e4ften und Abteilungsleitern. Zu den typischen Aufgaben geh\u00f6ren Chief Financial Officers, Chief Marketing Officers, Operations Directors und F\u00fchrungskr\u00e4fte, die f\u00fcr die digitale Transformation verantwortlich sind. Jede Suche wird als Auftrag verstanden, F\u00fchrungskr\u00e4fte zu finden, die in der Lage sind, sowohl die Strategie als auch das Tagesgesch\u00e4ft zu steuern.<\/p>\n<blockquote><p><strong>Um mehr dar\u00fcber zu erfahren, wie wir die Rekrutierung von F\u00fchrungskr\u00e4ften in Hamburg unterst\u00fctzen, kontaktieren Sie Haldren noch heute. Wir freuen uns auf ein Gespr\u00e4ch \u00fcber Ihren Bedarf an F\u00fchrungskr\u00e4ften.<\/strong><\/p><\/blockquote>\n<h2>Warum Haldren einen ma\u00dfgeschneiderten Ansatz zur Rekrutierung verwendet<\/h2>\n<p>Unsere Erfahrung hat uns gezeigt, dass die Anforderungen an F\u00fchrungskr\u00e4fte von Unternehmen zu Unternehmen sehr unterschiedlich sind. Einige ben\u00f6tigen F\u00fchrungskr\u00e4fte, die die internationale Expansion leiten, w\u00e4hrend andere Spezialisten ben\u00f6tigen, um die Stabilit\u00e4t wiederherzustellen oder Prozesse zu verbessern. Diese Unterschiede erfordern pr\u00e4zise Rekrutierungsstrategien.<\/p>\n<p>Allgemeine Methoden \u00fcbersehen oft kritische Faktoren wie die Unternehmenskultur, die Erwartungen des Vorstands oder den F\u00fchrungsstil. Wir gehen auf diese Faktoren durch eine strukturierte Suche ein, die es uns erm\u00f6glicht, klare Kandidatenprofile zu entwickeln, bevor die Suche beginnt. Dadurch wird sichergestellt, dass die Bewertungen die realen Anforderungen widerspiegeln und nicht nur Annahmen.<\/p>\n<p>Im Laufe der Jahre haben wir auch festgestellt, dass ein beruflicher Werdegang allein noch keinen Erfolg garantiert. F\u00fchrungskr\u00e4fte m\u00fcssen sich an den Priorit\u00e4ten des Managements orientieren und sich das Vertrauen der Teams verdienen. Durch die Kombination von strukturierten Rekrutierungsinstrumenten mit sorgf\u00e4ltiger menschlicher Beurteilung k\u00f6nnen wir immer wieder Stellenbesetzungen vornehmen, die in der Praxis funktionieren und zu einem nachhaltigen Erfolg beitragen.<\/p>\n<h2>Warum Haldren f\u00fcr Executive Search w\u00e4hlen?<\/h2>\n<p>Die Suche nach F\u00fchrungskr\u00e4ften erfordert einen Partner, der Vertraulichkeit, Ethik und Vertrauen sch\u00e4tzt. Bei Haldren wird jeder Auftrag von diesen Prinzipien geleitet. Unsere Berater sch\u00fctzen die Privatsph\u00e4re unserer Kunden und halten w\u00e4hrend des gesamten Rekrutierungsprozesses professionelle Standards ein.<\/p>\n<p>Wir sind daf\u00fcr bekannt, dass wir dauerhafte Partnerschaften aufbauen und oft \u00fcber viele Jahre hinweg dieselben Unternehmen unterst\u00fctzen. Unternehmen sch\u00e4tzen die Best\u00e4ndigkeit und Zuverl\u00e4ssigkeit unserer Arbeit sowie die Offenheit unserer Kommunikation. Mit unseren Netzwerken, die sich \u00fcber Hamburg, Deutschland und Europa erstrecken, verschaffen wir unseren Kunden Zugang zu einem breiten und hochqualifizierten Kandidatenfeld.<\/p>\n<p>Unser Team geht jedes Projekt mit Professionalit\u00e4t und einem Engagement f\u00fcr messbare Ergebnisse an. Wir verstehen uns als Partner bei der St\u00e4rkung von F\u00fchrungskr\u00e4ften und der Unterst\u00fctzung von langfristigem Wachstum.<\/p>\n<blockquote><p><strong>Wenn Executive Search f\u00fcr Ihr Unternehmen eine Priorit\u00e4t ist, kontaktieren Sie Haldren noch heute. Wir w\u00fcrden uns freuen zu erfahren, wie wir Ihr Unternehmen bei der Besetzung von F\u00fchrungspositionen unterst\u00fctzen k\u00f6nnen, die einen nachhaltigen Unterschied machen.<\/strong><\/p><\/blockquote>\n                            <\/div>\n        <\/div>\n    <\/div>\n<\/div>\n\n<div class=\"block-section accordion-main-section \">\n    <div class=\"container\">    \n                <div class=\"accordion-faqs\">\n            <h2 class=\"m-title\">Frequently Asked Questions (FAQs)<\/h2>\n                        <div class=\"item\">\n                <h3>Wie k\u00f6nnen Sie sicherstellen, dass Kandidaten f\u00fcr F\u00fchrungspositionen sowohl zur Rolle als auch zur Kultur passen?<\/h3>\n                <div class=\"faq-content\"><p>Wir kombinieren strukturierte Interviews, psychometrische Beurteilungen und Referenz\u00fcberpr\u00fcfungen mit klaren Rollenscorecards. So k\u00f6nnen wir sowohl die beruflichen F\u00e4higkeiten als auch den F\u00fchrungsstil beurteilen.<\/p>\n<\/div>\n            <\/div>\n                        <div class=\"item\">\n                <h3>Welche Beteiligung sollten Kunden w\u00e4hrend der Suche erwarten?<\/h3>\n                <div class=\"faq-content\"><p>W\u00e4hrend des gesamten Prozesses arbeiten wir eng mit den Managementteams zusammen. Von der Ausarbeitung des Rollenprofils bis zu den abschlie\u00dfenden Gespr\u00e4chen bleiben die Kunden engagiert und informiert.<\/p>\n<\/div>\n            <\/div>\n                        <div class=\"item\">\n                <h3>Was ist der typische Zeitrahmen f\u00fcr eine Personalberatung in Hamburg?<\/h3>\n                <div class=\"faq-content\"><p>Die Zeitvorgaben variieren je nach Funktion und Markt, aber die meisten Suchen dauern 8 bis 12 Wochen. Unser strukturierter Rekrutierungsprozess sorgt f\u00fcr effiziente Projekte ohne Qualit\u00e4tseinbu\u00dfen.<\/p>\n<\/div>\n            <\/div>\n                        <div class=\"item\">\n                <h3>Bieten Sie nach der Ernennung eines Bewerbers Unterst\u00fctzung an?<\/h3>\n                <div class=\"faq-content\"><p>Ja. Wir stehen f\u00fcr Einf\u00fchrungsgespr\u00e4che und Feedbackgespr\u00e4che zur Verf\u00fcgung. Dadurch wird sichergestellt, dass sowohl das Unternehmen als auch die F\u00fchrungskraft eine solide Grundlage f\u00fcr langfristigen Erfolg schaffen.<\/p>\n<\/div>\n            <\/div>\n                    <\/div>\n            <\/div>\n<\/div><\/div><div class=\"sidebar-wrapper\">\n<div class=\"wpcf7 no-js\" id=\"wpcf7-f53-o1\" lang=\"\" dir=\"ltr\" data-wpcf7-id=\"53\">\n<div class=\"screen-reader-response\"><p role=\"status\" aria-live=\"polite\" aria-atomic=\"true\"><\/p> <ul><\/ul><\/div>\n<form action=\"\/hamburg\/wp-json\/wp\/v2\/pages\/177#wpcf7-f53-o1\" method=\"post\" class=\"wpcf7-form init\" aria-label=\"Contact form\" enctype=\"multipart\/form-data\" novalidate=\"novalidate\" data-status=\"init\">\n<fieldset class=\"hidden-fields-container\"><input type=\"hidden\" name=\"_wpcf7\" value=\"53\" \/><input type=\"hidden\" name=\"_wpcf7_version\" value=\"6.1.5\" \/><input type=\"hidden\" name=\"_wpcf7_locale\" value=\"\" \/><input type=\"hidden\" name=\"_wpcf7_unit_tag\" value=\"wpcf7-f53-o1\" \/><input type=\"hidden\" name=\"_wpcf7_container_post\" value=\"0\" \/><input type=\"hidden\" name=\"_wpcf7_posted_data_hash\" value=\"\" \/>\n<\/fieldset>\n<input class=\"wpcf7-form-control wpcf7-hidden\" id=\"utm_source\" value=\"\" type=\"hidden\" name=\"utm_source\" \/>\n<input class=\"wpcf7-form-control wpcf7-hidden\" id=\"utm_medium\" value=\"\" type=\"hidden\" name=\"utm_medium\" \/>\n<input class=\"wpcf7-form-control wpcf7-hidden\" id=\"sideform_user_country\" value=\"\" type=\"hidden\" name=\"userCountry\" \/>\n<p>\\\n<\/p>\n<div class=\"form-grid-layout\">\n\t<div class=\"form-title\">\n\t\t<h2 class=\"title\">Thrive with Top Talent<br \/>\n- No Upfronts Fees\n\t\t<\/h2>\n\t\t<p>Have it easier with video interview clips and a candidate shortlist within 2-3 weeks\n\t\t<\/p>\n\t<\/div>\n\t<div class=\"input-field\">\n\t\t<p><label for=\"\">Name<\/label><br \/>\n<span class=\"wpcf7-form-control-wrap\" data-name=\"full-Name\"><input size=\"40\" maxlength=\"400\" class=\"wpcf7-form-control wpcf7-text wpcf7-validates-as-required\" aria-required=\"true\" aria-invalid=\"false\" value=\"\" type=\"text\" name=\"full-Name\" \/><\/span>\n\t\t<\/p>\n\t<\/div>\n\t<div class=\"input-field\">\n\t\t<p><label for=\"\">Email Address<\/label><br \/>\n<span class=\"wpcf7-form-control-wrap\" data-name=\"email-address\"><input size=\"40\" maxlength=\"400\" class=\"wpcf7-form-control wpcf7-email wpcf7-validates-as-required wpcf7-text wpcf7-validates-as-email\" aria-required=\"true\" aria-invalid=\"false\" value=\"\" type=\"email\" name=\"email-address\" \/><\/span>\n\t\t<\/p>\n\t<\/div>\n\t<div class=\"input-field\">\n\t\t<p><label for=\"\">Company<\/label><br \/>\n<span class=\"wpcf7-form-control-wrap\" data-name=\"company\"><input size=\"40\" maxlength=\"400\" class=\"wpcf7-form-control wpcf7-text\" aria-invalid=\"false\" value=\"\" type=\"text\" name=\"company\" \/><\/span>\n\t\t<\/p>\n\t<\/div>\n\t<div class=\"radiobox-field\">\n\t\t<p><span class=\"wpcf7-form-control-wrap\" data-name=\"radio-721company-status\"><span class=\"wpcf7-form-control wpcf7-radio\"><span class=\"wpcf7-list-item first\"><label><input type=\"radio\" name=\"radio-721company-status\" value=\"{Employer}\" \/><span class=\"wpcf7-list-item-label\">Employer<\/span><\/label><\/span><span class=\"wpcf7-list-item last\"><label><input type=\"radio\" name=\"radio-721company-status\" value=\"{Candidate}\" \/><span class=\"wpcf7-list-item-label\">Candidate<\/span><\/label><\/span><\/span><\/span>\n\t\t<\/p>\n\t<\/div>\n\t<div class=\"input-field\">\n\t\t<p><span class=\"wpcf7-form-control-wrap\" data-name=\"file-upload\"><input size=\"40\" class=\"wpcf7-form-control wpcf7-file\" accept=\".pdf\" aria-invalid=\"false\" type=\"file\" name=\"file-upload\" \/><\/span>\n\t\t<\/p>\n\t<\/div>\n\t<div class=\"textarea-field\">\n\t\t<p><label for=\"\">How can we help you?<\/label><br \/>\n<span class=\"wpcf7-form-control-wrap\" data-name=\"message\"><textarea cols=\"40\" rows=\"10\" maxlength=\"2000\" class=\"wpcf7-form-control wpcf7-textarea\" aria-invalid=\"false\" name=\"message\"><\/textarea><\/span>\n\t\t<\/p>\n\t<\/div>\n\t<p><span id=\"wpcf7-69fc8c0f90641-wrapper\" class=\"wpcf7-form-control-wrap nickname-wrap\" ><input id=\"wpcf7-69fc8c0f90641-field\"  class=\"wpcf7-form-control wpcf7-text\" type=\"text\" name=\"nickname\" value=\"\" size=\"40\" tabindex=\"-1\" autocomplete=\"off\" \/><\/span>\n\t<\/p>\n\t<div class=\"form-term\">\n\t\t<p>Submission of this form means you have agreed to our <a href=\"\/privacy-policy\/\" title=\"\">Privacy Policy<\/a> and <a href=\"\/terms-of-service\/\" title=\"\">Terms Conditions<\/a>\n\t\t<\/p>\n\t<\/div>\n\t<div class=\"submit-btn\">\n\t\t<p><input class=\"wpcf7-form-control wpcf7-submit has-spinner btn-box\" type=\"submit\" value=\"Get in Touch\" \/>\n\t\t<\/p>\n\t<\/div>\n<\/div><div class=\"wpcf7-response-output\" aria-hidden=\"true\"><\/div>\n<\/form>\n<\/div>\n<\/div><\/div>\n\n\n<div class=\"block-section client-reviews-slider \" style=\"background-color: #119084\">  \n    <div class=\"container\">\n                <div class=\"splide client-slider\">\n            <div class=\"splide__track\">\n                <div class=\"splide__list\">\n                                        <div class=\"splide__slide\">\n                        <div class=\"content-box\">\n                            <div class=\"content\">\n                                <p>&#8220;Die Zusammenarbeit mit Haldren war unkompliziert und respektvoll. Die Berater haben genau zugeh\u00f6rt, gut qualifizierte Kandidaten vorgestellt und uns geholfen, eine Entscheidung zu treffen, von der unser Unternehmen weiterhin profitiert.<\/p>\n                            <\/div>\n                                                        <div class=\"name\">\n                                <strong>Anna K.<\/strong>, \n                                Gesch\u00e4ftsf\u00fchrender Direktor                            <\/div>\n                                                    <\/div>\n                    <\/div>\n                                        <div class=\"splide__slide\">\n                        <div class=\"content-box\">\n                            <div class=\"content\">\n                                <p>&#8220;Wir sch\u00e4tzten die Struktur des Suchprozesses von Haldren. Die Berater brachten ihr Fachwissen ein und stellten uns Kandidaten vor, die wir allein nicht erreicht h\u00e4tten. Unsere neue F\u00fchrungskraft hat sich schnell als die richtige Wahl erwiesen.&#8221;<\/p>\n                            <\/div>\n                                                        <div class=\"name\">\n                                <strong>Michael R.<\/strong>, \n                                Operativer Gesch\u00e4ftsf\u00fchrer                            <\/div>\n                                                    <\/div>\n                    <\/div>\n                                        <div class=\"splide__slide\">\n                        <div class=\"content-box\">\n                            <div class=\"content\">\n                                <p>&#8220;Haldren bewies von Anfang bis Ende Diskretion und Professionalit\u00e4t. Sie haben einen sensiblen Prozess mit Sorgfalt gemanagt und uns Kandidaten vermittelt, die sowohl zu unseren technischen Anforderungen als auch zu unserer Kultur passen.&#8221;<\/p>\n                            <\/div>\n                                                        <div class=\"name\">\n                                <strong>Sabine L.<\/strong>, \n                                Personalleiter                            <\/div>\n                                                    <\/div>\n                    <\/div>\n                                    <\/div>\n            <\/div>\n        <\/div>\n            <\/div>\n<\/div>","protected":false},"excerpt":{"rendered":"","protected":false},"author":10,"featured_media":0,"parent":174,"menu_order":0,"comment_status":"closed","ping_status":"closed","template":"","meta":{"_acf_changed":false,"footnotes":""},"class_list":["post-177","page","type-page","status-publish","hentry"],"acf":[],"lang":"de","translations":{"de":177,"en":69},"jetpack_sharing_enabled":true,"pll_sync_post":[],"_links":{"self":[{"href":"https:\/\/www.haldren.com\/hamburg\/wp-json\/wp\/v2\/pages\/177","targetHints":{"allow":["GET"]}}],"collection":[{"href":"https:\/\/www.haldren.com\/hamburg\/wp-json\/wp\/v2\/pages"}],"about":[{"href":"https:\/\/www.haldren.com\/hamburg\/wp-json\/wp\/v2\/types\/page"}],"author":[{"embeddable":true,"href":"https:\/\/www.haldren.com\/hamburg\/wp-json\/wp\/v2\/users\/10"}],"replies":[{"embeddable":true,"href":"https:\/\/www.haldren.com\/hamburg\/wp-json\/wp\/v2\/comments?post=177"}],"version-history":[{"count":1,"href":"https:\/\/www.haldren.com\/hamburg\/wp-json\/wp\/v2\/pages\/177\/revisions"}],"predecessor-version":[{"id":203,"href":"https:\/\/www.haldren.com\/hamburg\/wp-json\/wp\/v2\/pages\/177\/revisions\/203"}],"up":[{"embeddable":true,"href":"https:\/\/www.haldren.com\/hamburg\/wp-json\/wp\/v2\/pages\/174"}],"wp:attachment":[{"href":"https:\/\/www.haldren.com\/hamburg\/wp-json\/wp\/v2\/media?parent=177"}],"curies":[{"name":"wp","href":"https:\/\/api.w.org\/{rel}","templated":true}]}}