{"id":179,"date":"2025-10-07T08:03:33","date_gmt":"2025-10-07T08:03:33","guid":{"rendered":"https:\/\/www.haldren.com\/hamburg\/?page_id=76"},"modified":"2025-11-06T08:40:45","modified_gmt":"2025-11-06T08:40:45","slug":"interim-management","status":"publish","type":"page","link":"https:\/\/www.haldren.com\/hamburg\/de\/talentwerving\/interim-management\/","title":{"rendered":"Interim Management"},"content":{"rendered":"\n  <link rel=\"preload\" as=\"image\" href=\"https:\/\/www.haldren.com\/hamburg\/wp-content\/uploads\/sites\/43\/2025\/10\/hamburg-city-e1764148466898.webp\" fetchpriority=\"high\">\n  <style>\n    .inner-banner-section {\n      background-image: url('https:\/\/www.haldren.com\/hamburg\/wp-content\/uploads\/sites\/43\/2025\/10\/hamburg-city-e1764148466898.webp');\n      background-size: cover;\n      background-position: center;\n      background-repeat: no-repeat;\n    }\n\n    @media (max-width: 768px) {\n      .inner-banner-section {\n        background-image: url('https:\/\/www.haldren.com\/hamburg\/wp-content\/uploads\/sites\/43\/2025\/10\/hamburg-city-e1764148466898.webp');\n      }\n    }\n  <\/style>\n\n<div class=\"block-section inner-banner-section lazyload bg-sty section-gaps top-border-line\">\n  <div class=\"container-fluid\">\n    <div class=\"content-wrap\">\n      <h1 class=\"title\">\n        Interim Management Dienstleistungen in Hamburg      <\/h1>\n      <span style=\"font-size: 18px;\">Hamburger Unternehmen mit Interim-F\u00fchrungskr\u00e4ften versorgen, die f\u00fcr Stabilit\u00e4t sorgen und den Fortschritt vorantreiben<\/span>\n    <\/div>\n  <\/div>\n<\/div>\n\n\n\n\n<div class=\"wp-block-custom-div-wrapper-block col-wrapper has-sidebar\"><div class=\"content-wrapper\" style=\"background-color:#002a26\">\n<div class=\"block-section section-gaps default-content-section \" \n     style=\"--text-color: #ffffff; --bg-color: #119084;\">\n    <div class=\"container\">\n        <div class=\"default-single-content-wrap\">\n            <div class=\"content-wrap\">\n                                    <h2>F\u00fchrende Interim Management Firma in Hamburg<\/h2>\n<p>Haldren bietet Interim-Management-Dienstleistungen in Hamburg mit Diskretion, Professionalit\u00e4t und dem Fokus auf messbare Ergebnisse. Unsere Berater arbeiten eng mit Unternehmen zusammen, die Interim-Manager ben\u00f6tigen, die kurzfristig operative Verantwortung \u00fcbernehmen k\u00f6nnen und dabei hohe F\u00fchrungsstandards einhalten. Jeder Auftrag wird vertraulich und sorgf\u00e4ltig ausgef\u00fchrt, so dass sich sowohl das Unternehmen als auch die beteiligten Fachleute respektiert f\u00fchlen.<\/p>\n<p>Wir sehen Interim Management nicht als Notl\u00f6sung, sondern als Chance, Organisationen in entscheidenden Phasen zu st\u00e4rken. Unsere Berater bieten branchen\u00fcbergreifend Zugang zu sehr erfahrenen Managern, die es Unternehmen erm\u00f6glichen, \u00dcberg\u00e4nge zu bew\u00e4ltigen, Projekte zu managen und Wachstum ohne Unterbrechung zu verfolgen.<br \/>\n Haldren<\/p>\n<blockquote><p><strong>ist in Hamburg als vertrauensw\u00fcrdiger Partner f\u00fcr Interim Management anerkannt, der auf Ethik, Einsicht und Zuverl\u00e4ssigkeit basiert.<\/strong><\/p><\/blockquote>\n<h2>Top-Tier Executive Search Firma in Hamburg<\/h2>\n<p>Unsere Arbeit im Interim Management wird von der \u00dcberzeugung geleitet, dass F\u00fchrung eine entscheidende Rolle f\u00fcr den Erfolg eines Unternehmens spielt. Interim Manager bieten mehr als nur eine kurzfristige Abdeckung, sie bieten L\u00f6sungen, die den Betrieb stabilisieren und die Anpassungsf\u00e4higkeit eines Unternehmens erh\u00f6hen.<\/p>\n<p>Wir haben einen Prozess entwickelt, der eine klare Bewertung, eine sorgf\u00e4ltige Auswahl und eine aktive Unterst\u00fctzung w\u00e4hrend jedes Einsatzes kombiniert. Dadurch wird sichergestellt, dass die von uns vermittelten Fachleute schnell handeln, sich effektiv integrieren und zum langfristigen Erfolg beitragen k\u00f6nnen.<\/p>\n<h4>Bewertung<\/h4>\n<p>Wir beginnen damit, die aktuelle Situation des Unternehmens zu verstehen, die Herausforderungen zu identifizieren, die sofortige Aufmerksamkeit erfordern, und die Qualit\u00e4ten zu definieren, die in einem Interim-Manager ben\u00f6tigt werden. Wir bewerten sowohl das technische Know-how als auch den F\u00fchrungsstil, um ein Profil zu erstellen, das die kulturelle Ausrichtung widerspiegelt.<\/p>\n<h4>Talentakquise<\/h4>\n<p>Unsere Berater nutzen ihre Beratungskompetenz und internationale Reichweite, um geeignete Kandidaten zu finden. Durch die Kombination traditioneller Rekrutierungsmethoden mit modernen Sourcing-Tools bieten wir Zugang zu aktiven und passiven Fachkr\u00e4ften, die bereit sind, anspruchsvolle Projekte zu \u00fcbernehmen.<\/p>\n<h4>Organisatorische Umwandlung<\/h4>\n<p>Unsere Dienstleistungen gehen \u00fcber die Stellenbesetzung hinaus. Wir unterst\u00fctzen Unternehmen bei der Nachfolgeplanung, der Beurteilung von F\u00fchrungskr\u00e4ften und der Organisationsentwicklung, um sicherzustellen, dass Interim Management auch ein nachhaltiges Wachstum unterst\u00fctzt.<\/p>\n<h2>Unser Ansatz f\u00fcr Interim Management Dienstleistungen<\/h2>\n<p>Interim Management in Hamburg erfordert ein ausgewogenes Verh\u00e4ltnis von Schnelligkeit und Struktur. Bei Haldren beginnen wir mit ausf\u00fchrlichen Gespr\u00e4chen, um Priorit\u00e4ten, Ziele und Prozesse zu kl\u00e4ren, die gest\u00e4rkt werden m\u00fcssen. Darauf aufbauend konzipieren wir die Rolle, identifizieren potenzielle Kandidaten und erstellen Profile, die fachliche Qualifikationen, Managementf\u00e4higkeiten und Motivationsfaktoren widerspiegeln.<\/p>\n<p>Wir greifen auf umfangreiche Netzwerke zur\u00fcck, die wir in jahrelanger Beratung und Executive Search aufgebaut haben. Unser Team kombiniert diese pers\u00f6nlichen Verbindungen mit digitalen Tools wie gezielter Ansprache, professionellen Plattformen und branchenspezifischen Ressourcen, um sicherzustellen, dass wir die richtigen Manager f\u00fcr jeden Auftrag finden.<\/p>\n<p>Die Bewertung der Kandidaten umfasst strukturierte Interviews, Referenzpr\u00fcfungen und psychometrische Tools zur Beurteilung der Entscheidungsfindung, Belastbarkeit und F\u00fchrungsf\u00e4higkeit. Wir bleiben auch nach der Vermittlung aktiv und unterst\u00fctzen sowohl den Interim Manager als auch das Unternehmen w\u00e4hrend des \u00dcbergangs, um sicherzustellen, dass die Ziele erreicht werden.<\/p>\n<p>Im Gegensatz zu Firmen, die sich nur auf schnelle Ernennungen konzentrieren, legen wir Wert auf einen strukturierten Prozess, der Stabilit\u00e4t und messbare Leistung liefert. Unser Ansatz spiegelt unser Engagement f\u00fcr Ethik, Vielfalt und L\u00f6sungen wider, die Unternehmen in Hamburg nicht nur kurzfristig, sondern langfristig zum Erfolg verhelfen.<\/p>\n<h2>Unsere Expertise als f\u00fchrende Hamburger Personalberatung f\u00fcr F\u00fchrungskr\u00e4fte<\/h2>\n<p>Die Berater von Haldren verf\u00fcgen \u00fcber fundierte Kenntnisse der Branchen und der Unternehmensdynamik. Viele von uns haben einen Hintergrund in der Personal- und Unternehmensberatung, was bedeutet, dass wir sowohl die strategischen als auch die operativen Aspekte von Interimseins\u00e4tzen verstehen. Wir setzen diese Expertise ein, um Unternehmen in Hamburg mit Klarheit und Zuversicht durch kritische Entscheidungen zu f\u00fchren.<\/p>\n<p>Wir bleiben auf dem Laufenden \u00fcber die Entwicklungen in allen Branchen, von der digitalen Transformation und Innovationen im Gesundheitswesen bis hin zu Ver\u00e4nderungen in der Lieferkette und Finanzvorschriften. Dieses Bewusstsein erm\u00f6glicht es uns, Interim Manager auszuw\u00e4hlen, die auf die Herausforderungen vorbereitet sind, denen sich Unternehmen heute und in Zukunft stellen m\u00fcssen.<\/p>\n<h4>Einige Bereiche, auf die wir uns spezialisiert haben<\/h4>\n<p>Unsere Arbeit erstreckt sich \u00fcber Branchen wie Logistik, Konsumg\u00fcter, Finanzdienstleistungen, Gesundheitswesen, Fertigung und Technologie. Wir konzentrieren uns auf die Bereitstellung von L\u00f6sungen, die mit den Unternehmenszielen \u00fcbereinstimmen &#8211; sei es bei der Stabilisierung von F\u00fchrungskr\u00e4ften, dem Management von Ver\u00e4nderungsinitiativen oder der Bereitstellung von Projektmanagement-Fachwissen.<\/p>\n<h4>Beispiele f\u00fcr Rollen, f\u00fcr die wir rekrutieren<\/h4>\n<p>Wir rekrutieren f\u00fcr eine breite Palette von Interimspositionen, wie Interim-CFOs, HR-F\u00fchrungskr\u00e4fte, Transformationsspezialisten, COOs und Projektmanager. Wir helfen Unternehmen auch bei der Auswahl von F\u00fchrungskr\u00e4ften f\u00fcr Restrukturierungsprojekte, Post-Merger-Integration oder internationale Expansion.<\/p>\n<blockquote><p><strong>Um zu erfahren, wie Haldren Ihnen helfen kann, die richtigen Interim Manager in Hamburg zu finden, kontaktieren Sie uns noch heute f\u00fcr ein Gespr\u00e4ch.<\/strong><\/p><\/blockquote>\n<h2>Warum Haldren bei der Rekrutierung einen ma\u00dfgeschneiderten Ansatz verfolgt<\/h2>\n<p>Wir wissen aus Erfahrung, dass Interim Management nicht mit einer einzigen Formel angegangen werden kann. Jedes Unternehmen agiert in einem einzigartigen Kontext, mit unterschiedlichen Prozessen, Teamstrukturen und strategischen Herausforderungen. Deshalb entwickeln unsere Berater L\u00f6sungen, die auf den jeweiligen Auftrag zugeschnitten sind.<\/p>\n<p>Ein gro\u00dfes Produktionsunternehmen kann zum Beispiel Interim-Manager ben\u00f6tigen, um die Effizienz zu steigern und die Produktion zu stabilisieren. Ein kleineres digitales Unternehmen ben\u00f6tigt vielleicht eine schnelle F\u00fchrung, um Wachstumsprojekte zu beaufsichtigen. In jedem Fall muss die L\u00f6sung die Priorit\u00e4ten, die Kultur und die Zeitvorgaben des Unternehmens widerspiegeln.<\/p>\n<p>Bei der allgemeinen Rekrutierung werden diese Details nicht ber\u00fccksichtigt. Im Gegensatz dazu kombiniert unser Ansatz eine strukturierte Beurteilung mit Erkenntnissen, die wir in jahrelanger Beratungst\u00e4tigkeit gewonnen haben. Dadurch wird sichergestellt, dass die von uns vermittelten Interim-Manager nicht nur in der Lage sind, ihre Aufgaben sofort zu erf\u00fcllen, sondern auch eine Dynamik in Richtung k\u00fcnftiger Ziele aufzubauen.<\/p>\n<h2>Warum sollten Sie Haldren f\u00fcr Interim Management Services w\u00e4hlen?<\/h2>\n<p>Vertraulichkeit, Ethik und Zuverl\u00e4ssigkeit bestimmen unsere Arbeit. Unternehmen vertrauen uns in sensiblen Phasen, und wir nehmen diese Verantwortung ernst. Wir sorgen w\u00e4hrend des gesamten Prozesses f\u00fcr Klarheit und stellen sicher, dass sich sowohl das Unternehmen als auch der Interim Manager vom ersten Gespr\u00e4ch bis zur endg\u00fcltigen \u00dcbergabe unterst\u00fctzt f\u00fchlen.<\/p>\n<p>Dank unserer globalen Netzwerke und unserer Beraterexpertise k\u00f6nnen wir auf ein breites Spektrum an Managern aus verschiedenen Branchen zur\u00fcckgreifen. Jeder von ihnen wird sorgf\u00e4ltig ausgew\u00e4hlt, um sicherzustellen, dass er mit der Unternehmenskultur und den strategischen Zielen \u00fcbereinstimmt.<\/p>\n<p>Unternehmen in Hamburg entscheiden sich f\u00fcr Haldren, weil wir mehr tun als nur Namen zu nennen. Wir liefern strukturierte L\u00f6sungen, die Stabilit\u00e4t bringen, die Leistung steigern und den langfristigen Erfolg unterst\u00fctzen. Unsere Berater bleiben w\u00e4hrend des gesamten Prozesses aktiv und geben Unternehmen die Gewissheit, dass jede Entscheidung auf Professionalit\u00e4t und Sorgfalt beruht.<\/p>\n<blockquote><p><strong>Wenn Ihr Unternehmen Interim Management in Hamburg in Betracht zieht, wenden Sie sich noch heute an Haldren. Wir w\u00fcrden uns freuen, mit Ihnen zu besprechen, wie unsere Berater die richtigen L\u00f6sungen f\u00fcr Ihre Bed\u00fcrfnisse anbieten k\u00f6nnen.<\/strong><\/p><\/blockquote>\n                            <\/div>\n        <\/div>\n    <\/div>\n<\/div>\n\n<div class=\"block-section accordion-main-section \">\n    <div class=\"container\">    \n                <div class=\"accordion-faqs\">\n            <h2 class=\"m-title\">Frequently Asked Questions (FAQs)<\/h2>\n                        <div class=\"item\">\n                <h3>Wie schnell kann ein Interim Manager anfangen?<\/h3>\n                <div class=\"faq-content\"><p>Die meisten Interim Manager k\u00f6nnen innerhalb weniger Tage oder Wochen beginnen. Wir gew\u00e4hrleisten Schnelligkeit, ohne auf eine gr\u00fcndliche Bewertung zu verzichten.<\/p>\n<\/div>\n            <\/div>\n                        <div class=\"item\">\n                <h3>Bieten Sie Unterst\u00fctzung w\u00e4hrend des Einsatzes an?<\/h3>\n                <div class=\"faq-content\"><p>Ja. Wir bleiben w\u00e4hrend des gesamten Praktikums aktiv und unterst\u00fctzen sowohl den Manager als auch das Unternehmen, um sicherzustellen, dass die Ziele erreicht werden.<\/p>\n<\/div>\n            <\/div>\n                        <div class=\"item\">\n                <h3>Was macht Haldrens Ansatz anders?<\/h3>\n                <div class=\"faq-content\"><p>Wir bieten strukturierte Beratungsprozesse, die Bewertung, Beschaffung und laufende Unterst\u00fctzung kombinieren. Im Gegensatz zu allgemeinen Agenturen ist unsere Arbeit sowohl auf langfristigen Erfolg als auch auf unmittelbare Ergebnisse ausgerichtet.<\/p>\n<\/div>\n            <\/div>\n                        <div class=\"item\">\n                <h3>Welche Arten von Unternehmen profitieren am meisten vom Interim Management?<\/h3>\n                <div class=\"faq-content\"><p>Wir unterst\u00fctzen Unternehmen verschiedener Gr\u00f6\u00dfen und Branchen. Von gro\u00dfen Konzernen bis hin zu Familienunternehmen ist Interim Management immer dann wichtig, wenn schnelle F\u00fchrung und strukturierte L\u00f6sungen gefragt sind.<\/p>\n<\/div>\n            <\/div>\n                    <\/div>\n            <\/div>\n<\/div><\/div><div class=\"sidebar-wrapper\">\n<div class=\"wpcf7 no-js\" id=\"wpcf7-f53-o1\" lang=\"\" dir=\"ltr\" data-wpcf7-id=\"53\">\n<div class=\"screen-reader-response\"><p role=\"status\" aria-live=\"polite\" aria-atomic=\"true\"><\/p> <ul><\/ul><\/div>\n<form action=\"\/hamburg\/wp-json\/wp\/v2\/pages\/179#wpcf7-f53-o1\" method=\"post\" class=\"wpcf7-form init\" aria-label=\"Contact form\" enctype=\"multipart\/form-data\" novalidate=\"novalidate\" data-status=\"init\">\n<fieldset class=\"hidden-fields-container\"><input type=\"hidden\" name=\"_wpcf7\" value=\"53\" \/><input type=\"hidden\" name=\"_wpcf7_version\" value=\"6.1.5\" \/><input type=\"hidden\" name=\"_wpcf7_locale\" value=\"\" \/><input type=\"hidden\" name=\"_wpcf7_unit_tag\" value=\"wpcf7-f53-o1\" \/><input type=\"hidden\" name=\"_wpcf7_container_post\" value=\"0\" \/><input type=\"hidden\" name=\"_wpcf7_posted_data_hash\" value=\"\" \/>\n<\/fieldset>\n<input class=\"wpcf7-form-control wpcf7-hidden\" id=\"utm_source\" value=\"\" type=\"hidden\" name=\"utm_source\" \/>\n<input class=\"wpcf7-form-control wpcf7-hidden\" id=\"utm_medium\" value=\"\" type=\"hidden\" name=\"utm_medium\" \/>\n<input class=\"wpcf7-form-control wpcf7-hidden\" id=\"sideform_user_country\" value=\"\" type=\"hidden\" name=\"userCountry\" \/>\n<p>\\\n<\/p>\n<div class=\"form-grid-layout\">\n\t<div class=\"form-title\">\n\t\t<h2 class=\"title\">Thrive with Top Talent<br \/>\n- No Upfronts Fees\n\t\t<\/h2>\n\t\t<p>Have it easier with video interview clips and a candidate shortlist within 2-3 weeks\n\t\t<\/p>\n\t<\/div>\n\t<div class=\"input-field\">\n\t\t<p><label for=\"\">Name<\/label><br \/>\n<span class=\"wpcf7-form-control-wrap\" data-name=\"full-Name\"><input size=\"40\" maxlength=\"400\" class=\"wpcf7-form-control wpcf7-text wpcf7-validates-as-required\" aria-required=\"true\" aria-invalid=\"false\" value=\"\" type=\"text\" name=\"full-Name\" \/><\/span>\n\t\t<\/p>\n\t<\/div>\n\t<div class=\"input-field\">\n\t\t<p><label for=\"\">Email Address<\/label><br \/>\n<span class=\"wpcf7-form-control-wrap\" data-name=\"email-address\"><input size=\"40\" maxlength=\"400\" class=\"wpcf7-form-control wpcf7-email wpcf7-validates-as-required wpcf7-text wpcf7-validates-as-email\" aria-required=\"true\" aria-invalid=\"false\" value=\"\" type=\"email\" name=\"email-address\" \/><\/span>\n\t\t<\/p>\n\t<\/div>\n\t<div class=\"input-field\">\n\t\t<p><label for=\"\">Company<\/label><br \/>\n<span class=\"wpcf7-form-control-wrap\" data-name=\"company\"><input size=\"40\" maxlength=\"400\" class=\"wpcf7-form-control wpcf7-text\" aria-invalid=\"false\" value=\"\" type=\"text\" name=\"company\" \/><\/span>\n\t\t<\/p>\n\t<\/div>\n\t<div class=\"radiobox-field\">\n\t\t<p><span class=\"wpcf7-form-control-wrap\" data-name=\"radio-721company-status\"><span class=\"wpcf7-form-control wpcf7-radio\"><span class=\"wpcf7-list-item first\"><label><input type=\"radio\" name=\"radio-721company-status\" value=\"{Employer}\" \/><span class=\"wpcf7-list-item-label\">Employer<\/span><\/label><\/span><span class=\"wpcf7-list-item last\"><label><input type=\"radio\" name=\"radio-721company-status\" value=\"{Candidate}\" \/><span class=\"wpcf7-list-item-label\">Candidate<\/span><\/label><\/span><\/span><\/span>\n\t\t<\/p>\n\t<\/div>\n\t<div class=\"input-field\">\n\t\t<p><span class=\"wpcf7-form-control-wrap\" data-name=\"file-upload\"><input size=\"40\" class=\"wpcf7-form-control wpcf7-file\" accept=\".pdf\" aria-invalid=\"false\" type=\"file\" name=\"file-upload\" \/><\/span>\n\t\t<\/p>\n\t<\/div>\n\t<div class=\"textarea-field\">\n\t\t<p><label for=\"\">How can we help you?<\/label><br \/>\n<span class=\"wpcf7-form-control-wrap\" data-name=\"message\"><textarea cols=\"40\" rows=\"10\" maxlength=\"2000\" class=\"wpcf7-form-control wpcf7-textarea\" aria-invalid=\"false\" name=\"message\"><\/textarea><\/span>\n\t\t<\/p>\n\t<\/div>\n\t<p><span id=\"wpcf7-69fc8c2c89ef7-wrapper\" class=\"wpcf7-form-control-wrap nickname-wrap\" ><input id=\"wpcf7-69fc8c2c89ef7-field\"  class=\"wpcf7-form-control wpcf7-text\" type=\"text\" name=\"nickname\" value=\"\" size=\"40\" tabindex=\"-1\" autocomplete=\"off\" \/><\/span>\n\t<\/p>\n\t<div class=\"form-term\">\n\t\t<p>Submission of this form means you have agreed to our <a href=\"\/privacy-policy\/\" title=\"\">Privacy Policy<\/a> and <a href=\"\/terms-of-service\/\" title=\"\">Terms Conditions<\/a>\n\t\t<\/p>\n\t<\/div>\n\t<div class=\"submit-btn\">\n\t\t<p><input class=\"wpcf7-form-control wpcf7-submit has-spinner btn-box\" type=\"submit\" value=\"Get in Touch\" \/>\n\t\t<\/p>\n\t<\/div>\n<\/div><div class=\"wpcf7-response-output\" aria-hidden=\"true\"><\/div>\n<\/form>\n<\/div>\n<\/div><\/div>\n\n\n<div class=\"block-section client-reviews-slider \" style=\"background-color: #119084\">  \n    <div class=\"container\">\n                <div class=\"splide client-slider\">\n            <div class=\"splide__track\">\n                <div class=\"splide__list\">\n                                        <div class=\"splide__slide\">\n                        <div class=\"content-box\">\n                            <div class=\"content\">\n                                <p>&#8220;Haldren hat uns einen Interims-COO vermittelt, der unseren Betrieb schnell stabilisiert und das Team durch eine wichtige Phase gef\u00fchrt hat. Ihre Berater blieben nah am Prozess, was uns Vertrauen gab.&#8221;<\/p>\n                            <\/div>\n                                                        <div class=\"name\">\n                                <strong>Jan M.<\/strong>, \n                                Gesch\u00e4ftsf\u00fchrender Direktor                            <\/div>\n                                                    <\/div>\n                    <\/div>\n                                        <div class=\"splide__slide\">\n                        <div class=\"content-box\">\n                            <div class=\"content\">\n                                <p>&#8220;Wir brauchten eine Interimsleitung f\u00fcr ein Transformationsprojekt. Haldren stellte uns einen Manager vor, der sowohl \u00fcber Branchenkenntnisse als auch \u00fcber die F\u00e4higkeit verf\u00fcgte, unsere Mitarbeiter zu motivieren. Die Ergebnisse \u00fcbertrafen unsere Erwartungen.&#8221;<\/p>\n                            <\/div>\n                                                        <div class=\"name\">\n                                <strong>Katrin S.<\/strong>, \n                                Personalleiter                            <\/div>\n                                                    <\/div>\n                    <\/div>\n                                        <div class=\"splide__slide\">\n                        <div class=\"content-box\">\n                            <div class=\"content\">\n                                <p>&#8220;Die Berater von Haldren waren bei jedem Schritt professionell, ansprechbar und klar. Der Interim-CFO, den sie f\u00fcr uns gefunden haben, war genau der Richtige, um die Finanzprozesse in einer anspruchsvollen Zeit zu \u00fcberwachen.&#8221;<\/p>\n                            <\/div>\n                                                        <div class=\"name\">\n                                <strong>Daniel H.<\/strong>, \n                                Gesch\u00e4ftsf\u00fchrender Direktor                            <\/div>\n                                                    <\/div>\n                    <\/div>\n                                    <\/div>\n            <\/div>\n        <\/div>\n            <\/div>\n<\/div>","protected":false},"excerpt":{"rendered":"","protected":false},"author":10,"featured_media":0,"parent":174,"menu_order":0,"comment_status":"closed","ping_status":"closed","template":"","meta":{"_acf_changed":false,"footnotes":""},"class_list":["post-179","page","type-page","status-publish","hentry"],"acf":[],"lang":"de","translations":{"de":179,"en":76},"jetpack_sharing_enabled":true,"pll_sync_post":[],"_links":{"self":[{"href":"https:\/\/www.haldren.com\/hamburg\/wp-json\/wp\/v2\/pages\/179","targetHints":{"allow":["GET"]}}],"collection":[{"href":"https:\/\/www.haldren.com\/hamburg\/wp-json\/wp\/v2\/pages"}],"about":[{"href":"https:\/\/www.haldren.com\/hamburg\/wp-json\/wp\/v2\/types\/page"}],"author":[{"embeddable":true,"href":"https:\/\/www.haldren.com\/hamburg\/wp-json\/wp\/v2\/users\/10"}],"replies":[{"embeddable":true,"href":"https:\/\/www.haldren.com\/hamburg\/wp-json\/wp\/v2\/comments?post=179"}],"version-history":[{"count":1,"href":"https:\/\/www.haldren.com\/hamburg\/wp-json\/wp\/v2\/pages\/179\/revisions"}],"predecessor-version":[{"id":199,"href":"https:\/\/www.haldren.com\/hamburg\/wp-json\/wp\/v2\/pages\/179\/revisions\/199"}],"up":[{"embeddable":true,"href":"https:\/\/www.haldren.com\/hamburg\/wp-json\/wp\/v2\/pages\/174"}],"wp:attachment":[{"href":"https:\/\/www.haldren.com\/hamburg\/wp-json\/wp\/v2\/media?parent=179"}],"curies":[{"name":"wp","href":"https:\/\/api.w.org\/{rel}","templated":true}]}}