{"id":157,"date":"2025-09-25T11:44:09","date_gmt":"2025-09-25T11:44:09","guid":{"rendered":"https:\/\/www.haldren.com\/madrid\/?page_id=56"},"modified":"2025-10-28T09:54:39","modified_gmt":"2025-10-28T09:54:39","slug":"servicios-de-adquisicion-de-talentos","status":"publish","type":"page","link":"https:\/\/www.haldren.com\/madrid\/es\/adquisicion-de-talentos\/servicios-de-adquisicion-de-talentos\/","title":{"rendered":"Servicios de adquisici\u00f3n de talentos"},"content":{"rendered":"\n  <link rel=\"preload\" as=\"image\" href=\"https:\/\/www.haldren.com\/madrid\/wp-content\/uploads\/sites\/38\/2025\/09\/madrid-city-e1758865269818.webp\" fetchpriority=\"high\">\n  <style>\n    .inner-banner-section {\n      background-image: url('https:\/\/www.haldren.com\/madrid\/wp-content\/uploads\/sites\/38\/2025\/09\/madrid-city-e1758865269818.webp');\n      background-size: cover;\n      background-position: center;\n      background-repeat: no-repeat;\n    }\n\n    @media (max-width: 768px) {\n      .inner-banner-section {\n        background-image: url('https:\/\/www.haldren.com\/madrid\/wp-content\/uploads\/sites\/38\/2025\/09\/madrid-city-e1758865269818.webp');\n      }\n    }\n  <\/style>\n\n<div class=\"block-section inner-banner-section lazyload bg-sty section-gaps top-border-line\">\n  <div class=\"container-fluid\">\n    <div class=\"content-wrap\">\n      <h1 class=\"title\">\n        Servicios de adquisici\u00f3n de talentos en Madrid      <\/h1>\n      <span style=\"font-size: 18px;\">Conectando empresas madrile\u00f1as con l\u00edderes que aportan claridad, continuidad e impacto duradero<\/span>\n    <\/div>\n  <\/div>\n<\/div>\n\n\n\n\n<div class=\"wp-block-custom-div-wrapper-block col-wrapper has-sidebar\"><div class=\"content-wrapper\" style=\"background-color:#002a26\">\n<div class=\"block-section section-gaps default-content-section \" \n     style=\"--text-color: #ffffff; --bg-color: #119084;\">\n    <div class=\"container\">\n        <div class=\"default-single-content-wrap\">\n            <div class=\"content-wrap\">\n                                    <h2>Primera empresa de adquisici\u00f3n de talento en Madrid<\/h2>\n<p>Haldren ofrece servicios de adquisici\u00f3n de talento en Madrid dise\u00f1ados para organizaciones que desean precisi\u00f3n en cada decisi\u00f3n de contrataci\u00f3n. Nuestros consultores combinan experiencia en b\u00fasqueda de directivos, recursos humanos y servicios de selecci\u00f3n en sectores como el financiero, el industrial y el tecnol\u00f3gico. Esta experiencia nos da la perspectiva para gestionar b\u00fasquedas complejas en las que tanto la experiencia t\u00e9cnica como la capacidad de liderazgo son esenciales.<\/p>\n<p>Somos reconocidos como una agencia de selecci\u00f3n que apoya a las empresas en la b\u00fasqueda de soluciones de personal alineadas con los objetivos de negocio, la cultura del lugar de trabajo y el crecimiento a largo plazo. Nuestro alcance se extiende por toda Espa\u00f1a y Europa, garantizando a los clientes el acceso a profesionales con talento all\u00ed donde sus equipos necesiten apoyo. Con una investigaci\u00f3n estructurada y una evaluaci\u00f3n disciplinada, aseguramos las colocaciones que refuerzan el rendimiento actual y preparan el liderazgo para el ma\u00f1ana.<\/p>\n<blockquote><p><strong>En Madrid, Haldren est\u00e1 considerado como un socio de reclutamiento de confianza comprometido con la discreci\u00f3n, la experiencia y los resultados duraderos.<\/strong><\/p><\/blockquote>\n<h2>Empresa de B\u00fasqueda de Directivos de primer nivel en Madrid<\/h2>\n<p>Abordamos la adquisici\u00f3n de talento con el mismo cuidado que aplicamos a las asignaciones de b\u00fasqueda de altos ejecutivos. Cada proyecto es una oportunidad para alinear las prioridades de una organizaci\u00f3n con profesionales que puedan reforzar la estrategia, aportar innovaci\u00f3n y mantener el impulso. Nuestros consultores son conocidos por evaluar no s\u00f3lo las cualificaciones, sino tambi\u00e9n las cualidades de liderazgo que impulsan el \u00e9xito de la organizaci\u00f3n.<\/p>\n<h4>Evaluaci\u00f3n<\/h4>\n<p>Nuestro proceso comienza con conversaciones que aclaran los objetivos de la empresa, los retos de contrataci\u00f3n y la cultura del lugar de trabajo. A continuaci\u00f3n, creamos un perfil del candidato que incluye experiencia, conocimientos t\u00e9cnicos y atributos personales como \u00e9tica laboral y motivaci\u00f3n. Esta base nos ayuda a presentar candidatos que cumplen las expectativas a todos los niveles.<\/p>\n<h4>Adquisici\u00f3n de talento<\/h4>\n<p>Utilizamos una combinaci\u00f3n de contactos establecidos en el sector y herramientas avanzadas de reclutamiento para llegar tanto a los candidatos activos como a los pasivos. Al involucrar a profesionales de diversos sectores, identificamos sistem\u00e1ticamente a l\u00edderes listos para contribuir desde el principio. Este enfoque garantiza el acceso a los mejores talentos con capacidad de adaptaci\u00f3n y visi\u00f3n de futuro.<\/p>\n<h4>Desarrollo organizativo<\/h4>\n<p>Adem\u00e1s de cubrir vacantes, apoyamos a nuestros clientes con consultor\u00eda de RRHH, planes de sucesi\u00f3n y evaluaciones de liderazgo. Nuestro papel es actuar como un socio empresarial, proporcionando soluciones de dotaci\u00f3n de personal al tiempo que ayudamos a las organizaciones a fortalecer las estructuras para el crecimiento a largo plazo.<\/p>\n<h2>Nuestro enfoque de los servicios de adquisici\u00f3n de talento<\/h2>\n<p>Creemos que una contrataci\u00f3n eficaz requiere estructura, experiencia y una comunicaci\u00f3n constante. En Haldren, cada contrataci\u00f3n comienza con una fase de descubrimiento detallada para definir los requisitos del puesto y las prioridades de la empresa. A partir de ah\u00ed, desarrollamos un perfil de candidato ideal que equilibre los conocimientos t\u00e9cnicos, el potencial de liderazgo y el encaje cultural.<\/p>\n<p>Nuestros reclutadores llevan a cabo investigaciones espec\u00edficas en Espa\u00f1a e internacionalmente, utilizando tanto m\u00e9todos tradicionales de b\u00fasqueda de ejecutivos como plataformas digitales tales como redes profesionales, campa\u00f1as publicitarias y foros del sector. Los an\u00e1lisis y las pruebas psicom\u00e9tricas nos permiten evaluar a los candidatos con precisi\u00f3n, proporcionando informaci\u00f3n adicional sobre el potencial de liderazgo y la motivaci\u00f3n.<\/p>\n<p>El proceso de selecci\u00f3n abarca todas las etapas: longlisting, entrevistas estructuradas, preselecci\u00f3n y onboarding. Gestionamos todo el proceso con transparencia y protegiendo la confidencialidad. Mientras que otros enfoques pueden priorizar la rapidez, nosotros hacemos hincapi\u00e9 en la calidad y la alineaci\u00f3n, garantizando que los nombramientos fortalezcan la organizaci\u00f3n mucho m\u00e1s all\u00e1 de los primeros meses.<\/p>\n<h2>Nuestra experiencia como l\u00edderes en selecci\u00f3n de directivos en Madrid<\/h2>\n<p>Organizaciones de todo Madrid y Espa\u00f1a conf\u00edan en nosotros para la b\u00fasqueda de directivos cuando hay mucho en juego. Nuestros consultores mantienen una s\u00f3lida experiencia combinando el conocimiento de la industria con la investigaci\u00f3n continua y el desarrollo profesional. Esto nos permite adaptarnos a las necesidades de cada cliente al tiempo que mantenemos la discreci\u00f3n y la \u00e9tica.<\/p>\n<p>Cada b\u00fasqueda contribuye a nuestra comprensi\u00f3n de lo que hace que el liderazgo sea eficaz en diferentes sectores. Aplicamos esas lecciones para perfeccionar nuestros m\u00e9todos de selecci\u00f3n y ofrecer los mejores candidatos para puestos directivos.<\/p>\n<h4>Algunas \u00e1reas en las que nos especializamos<\/h4>\n<p>Trabajamos en los sectores de finanzas, tecnolog\u00eda, marketing, fabricaci\u00f3n y recursos humanos, y tambi\u00e9n ofrecemos soluciones de dotaci\u00f3n de personal en ventas, consultor\u00eda y asuntos p\u00fablicos. En todos los sectores, nos centramos en alcanzar los objetivos del cliente.<\/p>\n<h4>Ejemplos de funciones para las que contratamos<\/h4>\n<p>Estamos especializados en nombramientos de altos cargos, incluidos l\u00edderes de la C-suite, directores, altos directivos y expertos en la materia. Cada compromiso est\u00e1 impulsado por un objetivo: introducir profesionales que puedan tener un impacto medible.<\/p>\n<blockquote><p><strong>Si desea explorar los puestos ejecutivos y senior para los que reclutamos en Madrid, p\u00f3ngase en contacto con Haldren hoy mismo.<\/strong><\/p><\/blockquote>\n<h2>Por qu\u00e9 Haldren utiliza un enfoque personalizado para el reclutamiento<\/h2>\n<p>Nuestros consultores han visto las limitaciones del reclutamiento de talla \u00fanica. Las asignaciones que ignoran la alineaci\u00f3n cultural o el potencial de liderazgo a menudo conducen a vacantes repetidas y a un progreso estancado. Abordamos las b\u00fasquedas de forma diferente: escuchando atentamente, dise\u00f1ando estrategias en funci\u00f3n de las necesidades espec\u00edficas y evaluando a los candidatos m\u00e1s all\u00e1 de los curr\u00edculos.<\/p>\n<p>En proyectos anteriores, ampliar la evaluaci\u00f3n para incluir la motivaci\u00f3n y las cualidades de liderazgo ayud\u00f3 a las organizaciones a crear equipos que perduraron. Estas experiencias reafirman nuestro punto de vista de que el \u00e9xito en la selecci\u00f3n de personal depende de la adaptaci\u00f3n a las distintas circunstancias de cada cliente.<\/p>\n<p>Esta creencia est\u00e1 moldeada por una amplia experiencia en Espa\u00f1a y a nivel internacional. Cada b\u00fasqueda refuerza el valor de la visi\u00f3n pr\u00e1ctica, la pr\u00e1ctica \u00e9tica y el pensamiento a largo plazo.<\/p>\n<h2>Por qu\u00e9 elegir Haldren para servicios de adquisici\u00f3n de talento en Madrid<\/h2>\n<p>Los clientes eligen Haldren porque la confidencialidad, la confianza y la profesionalidad definen cada proyecto que gestionamos. Nuestros consultores son conocidos por su discreci\u00f3n, criterio y capacidad para construir relaciones duraderas.<\/p>\n<p>Combinamos alcance internacional, m\u00e9todos avanzados de investigaci\u00f3n y procesos estructurados de reclutamiento. Como algo m\u00e1s que una agencia de contrataci\u00f3n, tambi\u00e9n ofrecemos b\u00fasqueda de ejecutivos, consultor\u00eda de RRHH y consultor\u00eda estrat\u00e9gica para ayudar a las organizaciones a prepararse para la transformaci\u00f3n digital, la sucesi\u00f3n y la expansi\u00f3n.<\/p>\n<p>Nuestra participaci\u00f3n no termina una vez que se hace un nombramiento. Seguimos comprometidos durante la incorporaci\u00f3n y la integraci\u00f3n, garantizando que los l\u00edderes contribuyan de forma r\u00e1pida y eficaz. Este compromiso continuo nos ha valido el reconocimiento en Madrid como socio de reclutamiento que ofrece tanto resultados inmediatos como valor duradero.<\/p>\n<blockquote><p><strong>Si se est\u00e1 preparando para reforzar su equipo de liderazgo en Madrid, p\u00f3ngase en contacto con Haldren hoy mismo. Estaremos encantados de discutir sus prioridades y presentarle candidatos preparados para liderar.<\/strong><\/p><\/blockquote>\n                            <\/div>\n        <\/div>\n    <\/div>\n<\/div>\n\n<div class=\"block-section accordion-main-section \">\n    <div class=\"container\">    \n                <div class=\"accordion-faqs\">\n            <h2 class=\"m-title\">Frequently Asked Questions (FAQs)<\/h2>\n                        <div class=\"item\">\n                <h3>\u00bfC\u00f3mo proteger la confidencialidad durante un registro?<\/h3>\n                <div class=\"faq-content\"><p>Utilizamos canales de comunicaci\u00f3n seguros, limitamos el acceso a datos confidenciales y mantenemos protocolos estrictos para proteger la informaci\u00f3n tanto del cliente como del candidato.<\/p>\n<\/div>\n            <\/div>\n                        <div class=\"item\">\n                <h3>\u00bfQu\u00e9 papel desempe\u00f1an los clientes en el proceso de contrataci\u00f3n?<\/h3>\n                <div class=\"faq-content\"><p>Los clientes siguen participando activamente, desde la definici\u00f3n del perfil del puesto hasta la participaci\u00f3n en las entrevistas finales. Esta colaboraci\u00f3n garantiza que cada nombramiento refleje tanto las necesidades t\u00e9cnicas como la alineaci\u00f3n cultural.<\/p>\n<\/div>\n            <\/div>\n                        <div class=\"item\">\n                <h3>\u00bfCu\u00e1nto suele durar una b\u00fasqueda?<\/h3>\n                <div class=\"faq-content\"><p>El plazo depende de la complejidad del puesto, pero la mayor\u00eda de las asignaciones en Madrid se completan en varios meses. Nuestra prioridad es equilibrar la eficiencia con una evaluaci\u00f3n exhaustiva.<\/p>\n<\/div>\n            <\/div>\n                        <div class=\"item\">\n                <h3>\u00bfSigue implicado despu\u00e9s de una colocaci\u00f3n?<\/h3>\n                <div class=\"faq-content\"><p>S\u00ed. Proporcionamos apoyo durante la incorporaci\u00f3n y la integraci\u00f3n, asegur\u00e1ndonos de que la transici\u00f3n del profesional se realice sin problemas y contribuya eficazmente a los objetivos de la organizaci\u00f3n.<\/p>\n<\/div>\n            <\/div>\n                    <\/div>\n            <\/div>\n<\/div><\/div><div class=\"sidebar-wrapper\">\n<div class=\"wpcf7 no-js\" id=\"wpcf7-f13-o1\" lang=\"\" dir=\"ltr\" data-wpcf7-id=\"13\">\n<div class=\"screen-reader-response\"><p role=\"status\" aria-live=\"polite\" aria-atomic=\"true\"><\/p> <ul><\/ul><\/div>\n<form action=\"\/madrid\/wp-json\/wp\/v2\/pages\/157#wpcf7-f13-o1\" method=\"post\" class=\"wpcf7-form init\" aria-label=\"Contact form\" enctype=\"multipart\/form-data\" novalidate=\"novalidate\" data-status=\"init\">\n<fieldset class=\"hidden-fields-container\"><input type=\"hidden\" name=\"_wpcf7\" value=\"13\" \/><input type=\"hidden\" name=\"_wpcf7_version\" value=\"6.1.5\" \/><input type=\"hidden\" name=\"_wpcf7_locale\" value=\"\" \/><input type=\"hidden\" name=\"_wpcf7_unit_tag\" value=\"wpcf7-f13-o1\" \/><input type=\"hidden\" name=\"_wpcf7_container_post\" value=\"0\" \/><input type=\"hidden\" name=\"_wpcf7_posted_data_hash\" value=\"\" \/>\n<\/fieldset>\n<input class=\"wpcf7-form-control wpcf7-hidden\" id=\"utm_source\" value=\"\" type=\"hidden\" name=\"utm_source\" \/>\n<input class=\"wpcf7-form-control wpcf7-hidden\" id=\"utm_medium\" value=\"\" type=\"hidden\" name=\"utm_medium\" \/>\n<input class=\"wpcf7-form-control wpcf7-hidden\" id=\"sideform_user_country\" value=\"\" type=\"hidden\" name=\"userCountry\" \/>\n<div class=\"form-grid-layout\">\n\t<div class=\"form-title\">\n\t\t<h2 class=\"title\">Thrive with Top Talent<br \/>\n- No Upfronts Fees\n\t\t<\/h2>\n\t\t<p>Have it easier with video interview clips and a candidate shortlist within 2-3 weeks\n\t\t<\/p>\n\t<\/div>\n\t<div class=\"input-field\">\n\t\t<p><label for=\"\">Name<\/label><br \/>\n<span class=\"wpcf7-form-control-wrap\" data-name=\"full-Name\"><input size=\"40\" maxlength=\"400\" class=\"wpcf7-form-control wpcf7-text wpcf7-validates-as-required\" aria-required=\"true\" aria-invalid=\"false\" value=\"\" type=\"text\" name=\"full-Name\" \/><\/span>\n\t\t<\/p>\n\t<\/div>\n\t<div class=\"input-field\">\n\t\t<p><label for=\"\">Email Address<\/label><br \/>\n<span class=\"wpcf7-form-control-wrap\" data-name=\"email-address\"><input size=\"40\" maxlength=\"400\" class=\"wpcf7-form-control wpcf7-email wpcf7-validates-as-required wpcf7-text wpcf7-validates-as-email\" aria-required=\"true\" aria-invalid=\"false\" value=\"\" type=\"email\" name=\"email-address\" \/><\/span>\n\t\t<\/p>\n\t<\/div>\n\t<div class=\"input-field\">\n\t\t<p><label for=\"\">Company<\/label><br \/>\n<span class=\"wpcf7-form-control-wrap\" data-name=\"company\"><input size=\"40\" maxlength=\"400\" class=\"wpcf7-form-control wpcf7-text\" aria-invalid=\"false\" value=\"\" type=\"text\" name=\"company\" \/><\/span>\n\t\t<\/p>\n\t<\/div>\n\t<div class=\"radiobox-field\">\n\t\t<p><span class=\"wpcf7-form-control-wrap\" data-name=\"radio-721company-status\"><span class=\"wpcf7-form-control wpcf7-radio\"><span class=\"wpcf7-list-item first\"><label><input type=\"radio\" name=\"radio-721company-status\" value=\"{Employer}\" \/><span class=\"wpcf7-list-item-label\">Employer<\/span><\/label><\/span><span class=\"wpcf7-list-item last\"><label><input type=\"radio\" name=\"radio-721company-status\" value=\"{Candidate}\" \/><span class=\"wpcf7-list-item-label\">Candidate<\/span><\/label><\/span><\/span><\/span>\n\t\t<\/p>\n\t<\/div>\n\t<div class=\"input-field\">\n\t\t<p><span class=\"wpcf7-form-control-wrap\" data-name=\"file-upload\"><input size=\"40\" class=\"wpcf7-form-control wpcf7-file\" accept=\".pdf\" aria-invalid=\"false\" type=\"file\" name=\"file-upload\" \/><\/span>\n\t\t<\/p>\n\t<\/div>\n\t<div class=\"textarea-field\">\n\t\t<p><label for=\"\">How can we help you?<\/label><br \/>\n<span class=\"wpcf7-form-control-wrap\" data-name=\"message\"><textarea cols=\"40\" rows=\"10\" maxlength=\"2000\" class=\"wpcf7-form-control wpcf7-textarea\" aria-invalid=\"false\" name=\"message\"><\/textarea><\/span>\n\t\t<\/p>\n\t<\/div>\n\t<p><span id=\"wpcf7-69fa27ffb3dd1-wrapper\" class=\"wpcf7-form-control-wrap nickname-wrap\" ><input id=\"wpcf7-69fa27ffb3dd1-field\"  class=\"wpcf7-form-control wpcf7-text\" type=\"text\" name=\"nickname\" value=\"\" size=\"40\" tabindex=\"-1\" autocomplete=\"off\" \/><\/span>\n\t<\/p>\n\t<div class=\"form-term\">\n\t\t<p>Submission of this form means you have agreed to our <a href=\"\/privacy-policy\/\" title=\"\">Privacy Policy<\/a> and <a href=\"\/terms-of-service\/\" title=\"\">Terms Conditions<\/a>\n\t\t<\/p>\n\t<\/div>\n\t<div class=\"submit-btn\">\n\t\t<p><input class=\"wpcf7-form-control wpcf7-submit has-spinner btn-box\" type=\"submit\" value=\"Get in Touch\" \/>\n\t\t<\/p>\n\t<\/div>\n<\/div><div class=\"wpcf7-response-output\" aria-hidden=\"true\"><\/div>\n<\/form>\n<\/div>\n<\/div><\/div>\n\n\n<div class=\"block-section client-reviews-slider \" style=\"background-color: #119084\">  \n    <div class=\"container\">\n                <div class=\"splide client-slider\">\n            <div class=\"splide__track\">\n                <div class=\"splide__list\">\n                                        <div class=\"splide__slide\">\n                        <div class=\"content-box\">\n                            <div class=\"content\">\n                                <p>&#8220;Haldren trabaj\u00f3 con discreci\u00f3n y esmero durante toda nuestra b\u00fasqueda. Sus consultores comprendieron r\u00e1pidamente nuestras necesidades y gestionaron el proceso con profesionalidad.&#8221;<\/p>\n                            <\/div>\n                                                        <div class=\"name\">\n                                <strong>Marta G.<\/strong>, \n                                Director de RRHH                            <\/div>\n                                                    <\/div>\n                    <\/div>\n                                        <div class=\"splide__slide\">\n                        <div class=\"content-box\">\n                            <div class=\"content\">\n                                <p>&#8220;Nos ayudaron a conseguir un alto dirigente en un momento decisivo para nuestra organizaci\u00f3n. El proceso fue estructurado, la comunicaci\u00f3n fue clara y el resultado super\u00f3 las expectativas.&#8221;<\/p>\n                            <\/div>\n                                                        <div class=\"name\">\n                                <strong>Javier R.<\/strong>, \n                                Director Financiero                            <\/div>\n                                                    <\/div>\n                    <\/div>\n                                        <div class=\"splide__slide\">\n                        <div class=\"content-box\">\n                            <div class=\"content\">\n                                <p>&#8220;Durante un periodo de r\u00e1pido crecimiento, confiamos en Haldren para encontrar altos directivos que pudieran contribuir de inmediato. Sus reclutadores nos presentaron a profesionales que estaban a la vez capacitados y alineados con nuestra cultura.&#8221;<\/p>\n                            <\/div>\n                                                        <div class=\"name\">\n                                <strong>Lucia S.<\/strong>, \n                                Director General                            <\/div>\n                                                    <\/div>\n                    <\/div>\n                                    <\/div>\n            <\/div>\n        <\/div>\n            <\/div>\n<\/div>","protected":false},"excerpt":{"rendered":"","protected":false},"author":10,"featured_media":0,"parent":156,"menu_order":0,"comment_status":"closed","ping_status":"closed","template":"","meta":{"_acf_changed":false,"footnotes":""},"class_list":["post-157","page","type-page","status-publish","hentry"],"acf":[],"lang":"es","translations":{"es":157},"jetpack_sharing_enabled":true,"pll_sync_post":[],"_links":{"self":[{"href":"https:\/\/www.haldren.com\/madrid\/wp-json\/wp\/v2\/pages\/157","targetHints":{"allow":["GET"]}}],"collection":[{"href":"https:\/\/www.haldren.com\/madrid\/wp-json\/wp\/v2\/pages"}],"about":[{"href":"https:\/\/www.haldren.com\/madrid\/wp-json\/wp\/v2\/types\/page"}],"author":[{"embeddable":true,"href":"https:\/\/www.haldren.com\/madrid\/wp-json\/wp\/v2\/users\/10"}],"replies":[{"embeddable":true,"href":"https:\/\/www.haldren.com\/madrid\/wp-json\/wp\/v2\/comments?post=157"}],"version-history":[{"count":1,"href":"https:\/\/www.haldren.com\/madrid\/wp-json\/wp\/v2\/pages\/157\/revisions"}],"predecessor-version":[{"id":186,"href":"https:\/\/www.haldren.com\/madrid\/wp-json\/wp\/v2\/pages\/157\/revisions\/186"}],"up":[{"embeddable":true,"href":"https:\/\/www.haldren.com\/madrid\/wp-json\/wp\/v2\/pages\/156"}],"wp:attachment":[{"href":"https:\/\/www.haldren.com\/madrid\/wp-json\/wp\/v2\/media?parent=157"}],"curies":[{"name":"wp","href":"https:\/\/api.w.org\/{rel}","templated":true}]}}