{"id":158,"date":"2025-09-25T12:14:47","date_gmt":"2025-09-25T12:14:47","guid":{"rendered":"https:\/\/www.haldren.com\/madrid\/?page_id=60"},"modified":"2025-10-28T09:51:37","modified_gmt":"2025-10-28T09:51:37","slug":"contratacion-de-directivos","status":"publish","type":"page","link":"https:\/\/www.haldren.com\/madrid\/es\/adquisicion-de-talentos\/contratacion-de-directivos\/","title":{"rendered":"Contrataci\u00f3n de directivos"},"content":{"rendered":"\n  <link rel=\"preload\" as=\"image\" href=\"https:\/\/www.haldren.com\/madrid\/wp-content\/uploads\/sites\/38\/2025\/09\/madrid-city-e1758865269818.webp\" fetchpriority=\"high\">\n  <style>\n    .inner-banner-section {\n      background-image: url('https:\/\/www.haldren.com\/madrid\/wp-content\/uploads\/sites\/38\/2025\/09\/madrid-city-e1758865269818.webp');\n      background-size: cover;\n      background-position: center;\n      background-repeat: no-repeat;\n    }\n\n    @media (max-width: 768px) {\n      .inner-banner-section {\n        background-image: url('https:\/\/www.haldren.com\/madrid\/wp-content\/uploads\/sites\/38\/2025\/09\/madrid-city-e1758865269818.webp');\n      }\n    }\n  <\/style>\n\n<div class=\"block-section inner-banner-section lazyload bg-sty section-gaps top-border-line\">\n  <div class=\"container-fluid\">\n    <div class=\"content-wrap\">\n      <h1 class=\"title\">\n        Servicios de contrataci\u00f3n de directivos en Madrid      <\/h1>\n      <span style=\"font-size: 18px;\">Ayudar a las organizaciones madrile\u00f1as a identificar l\u00edderes que refuercen la estrategia y ofrezcan resultados mensurables<\/span>\n    <\/div>\n  <\/div>\n<\/div>\n\n\n\n\n<div class=\"wp-block-custom-div-wrapper-block col-wrapper has-sidebar\"><div class=\"content-wrapper\" style=\"background-color:#002a26\">\n<div class=\"block-section section-gaps default-content-section \" \n     style=\"--text-color: #ffffff; --bg-color: #119084;\">\n    <div class=\"container\">\n        <div class=\"default-single-content-wrap\">\n            <div class=\"content-wrap\">\n                                    <h2>Primera empresa de selecci\u00f3n de directivos en Madrid<\/h2>\n<p>Haldren ofrece servicios de selecci\u00f3n de directivos en Madrid para organizaciones que desean que cada decisi\u00f3n de contrataci\u00f3n sea meditada, discreta y eficaz. Reunimos a consultores con experiencia en b\u00fasqueda de directivos, recursos humanos y consultor\u00eda de recursos humanos para guiar a los clientes a trav\u00e9s de un proceso de selecci\u00f3n estructurado, transparente y centrado en los resultados.<\/p>\n<p>Las empresas de toda Espa\u00f1a recurren a nosotros porque nos adaptamos a las distintas necesidades de selecci\u00f3n. Algunas requieren mandos intermedios capaces de construir equipos fiables, mientras que otras buscan reclutamiento ejecutivo para apoyar el crecimiento en servicios financieros, fabricaci\u00f3n o transformaci\u00f3n digital. Con nuestra red global y experiencia en reclutamiento internacional, conectamos a las organizaciones con profesionales que combinan habilidades t\u00e9cnicas, liderazgo y criterio.<\/p>\n<p><strong>Somos reconocidos en Madrid como una agencia de reclutamiento que gestiona las asignaciones de b\u00fasqueda de ejecutivos con cuidado, disciplina y perspectiva a largo plazo.<\/strong><\/p>\n<h2>Empresa de B\u00fasqueda de Directivos de primer nivel en Madrid<\/h2>\n<p>Nuestro trabajo en servicios de selecci\u00f3n de directivos se centra en ayudar a las empresas a incorporar talento ejecutivo que contribuya directamente al rendimiento del negocio. Vemos cada b\u00fasqueda como una oportunidad para reforzar el liderazgo, alinear prioridades y crear estabilidad para el futuro.<\/p>\n<p>Los clientes valoran a nuestros consultores por su capacidad para conectar la estrategia con los profesionales adecuados. Nos acercamos a las personas con respeto y claridad, utilizando tanto t\u00e9cnicas tradicionales de headhunting como modernas de reclutamiento. Este equilibrio garantiza el acceso a los mejores talentos en Madrid y Espa\u00f1a, incluso para puestos altamente especializados en sectores clave.<\/p>\n<h4>Evaluaci\u00f3n<\/h4>\n<p>Comenzamos con una discusi\u00f3n clara de los objetivos de la organizaci\u00f3n, las necesidades de contrataci\u00f3n y las expectativas para el puesto. A partir de ah\u00ed, damos forma a un perfil de candidato ideal que refleje las habilidades, las cualidades de liderazgo y la cultura de la empresa. Nuestra evaluaci\u00f3n va m\u00e1s all\u00e1 de la experiencia para considerar la motivaci\u00f3n, la \u00e9tica laboral y la trayectoria profesional.<\/p>\n<h4>Adquisici\u00f3n de talento<\/h4>\n<p>Nuestros consultores utilizan la b\u00fasqueda de talentos, las referencias y nuestra red global para identificar candidatos que pueden no ser visibles a trav\u00e9s de los canales p\u00fablicos de contrataci\u00f3n. Aprovechamos el conocimiento y las relaciones del sector para llegar a profesionales cuya experiencia se ajuste tanto a los requisitos t\u00e9cnicos como de liderazgo de los puestos directivos.<\/p>\n<h4>Transformaci\u00f3n organizativa<\/h4>\n<p>Tambi\u00e9n apoyamos a las organizaciones mediante la planificaci\u00f3n de la sucesi\u00f3n, la evaluaci\u00f3n del liderazgo y otras iniciativas de recursos humanos. Estos servicios refuerzan los equipos directivos y garantizan la continuidad en tiempos de cambio, ayudando a las empresas madrile\u00f1as a seguir siendo resistentes y competitivas.<\/p>\n<h2>Nuestro enfoque de los servicios de selecci\u00f3n de directivos<\/h2>\n<p>Abordamos los servicios de selecci\u00f3n de directivos en Madrid con un proceso estructurado dise\u00f1ado para ofrecer claridad en cada etapa. Nos centramos en generar confianza, mantener una comunicaci\u00f3n fluida y garantizar que los clientes puedan tomar decisiones informadas con confianza.<\/p>\n<p>El descubrimiento es el primer paso. Nos reunimos con las principales partes interesadas para comprender los objetivos de contrataci\u00f3n, las necesidades espec\u00edficas y el contexto empresarial. A partir de ah\u00ed, trazamos un mapa del mercado, identificando d\u00f3nde se pueden encontrar candidatos fuertes en Madrid, Espa\u00f1a e internacionalmente. Nuestros reclutadores se dirigen a las personas de forma directa y discreta, al tiempo que utilizan modernas herramientas de reclutamiento, como la difusi\u00f3n en redes sociales, la publicidad digital y la participaci\u00f3n a trav\u00e9s de plataformas espec\u00edficas del sector.<\/p>\n<p>A continuaci\u00f3n se realiza la evaluaci\u00f3n. Los candidatos se someten a entrevistas estructuradas, pruebas psicom\u00e9tricas y verificaci\u00f3n de referencias. Este proceso nos permite evaluar las competencias de liderazgo, los conocimientos t\u00e9cnicos y la alineaci\u00f3n cultural. Cada perfil de candidato se presenta con pruebas claras, dando a las empresas la informaci\u00f3n necesaria para elegir con confianza.<\/p>\n<p>Una vez presentada una lista de preseleccionados, seguimos estrechamente implicados. Nuestros consultores ofrecen apoyo durante las entrevistas, facilitan los comentarios y ayudan a estructurar las discusiones finales. Tambi\u00e9n ofrecemos asistencia en la incorporaci\u00f3n para garantizar que los nuevos l\u00edderes se integren sin problemas y aporten valor desde el principio.<\/p>\n<p>Combinando los m\u00e9todos tradicionales de b\u00fasqueda de directivos con estrategias digitales, construimos un proceso de contrataci\u00f3n disciplinado y adaptable. Este enfoque ayuda a las organizaciones a asegurar l\u00edderes que no s\u00f3lo cumplen con los requisitos inmediatos, sino que tambi\u00e9n fortalecen la estrategia a largo plazo.<\/p>\n<h2>Nuestra experiencia como l\u00edderes en selecci\u00f3n de directivos en Madrid<\/h2>\n<p>Nuestros consultores aportan a\u00f1os de experiencia en selecci\u00f3n de directivos y un conocimiento pr\u00e1ctico de los sectores en Madrid y en toda Espa\u00f1a. Esta experiencia nos permite abordar complejos retos de selecci\u00f3n con claridad y criterio.<\/p>\n<p>Sabemos que el \u00e9xito en la contrataci\u00f3n depende de algo m\u00e1s que de las cualificaciones t\u00e9cnicas. Trabajando estrechamente con nuestros clientes, nos aseguramos de que cada nombramiento refleje la cultura de la empresa y sus objetivos a largo plazo. Esta perspectiva centrada en el cliente nos ha convertido en un socio de confianza para las organizaciones que buscan talento directivo y ejecutivo.<\/p>\n<h4>Algunas \u00e1reas en las que nos especializamos<\/h4>\n<p>Trabajamos en una amplia gama de industrias en Madrid, incluidos los servicios financieros, la transformaci\u00f3n digital, la fabricaci\u00f3n, la ingenier\u00eda y otros sectores clave. Esta amplitud nos permite adaptar estrategias sin dejar de centrarnos en las prioridades de negocio de cada cliente.<\/p>\n<h4>Ejemplos de puestos para los que reclutamos<\/h4>\n<p>Nuestro trabajo incluye el reclutamiento para posiciones de C-suite, liderazgo departamental y roles de gerencia media en finanzas, operaciones e ingenier\u00eda. Cada b\u00fasqueda se gestiona cuidadosamente para conectar a las organizaciones con los mejores talentos para el \u00e9xito estrat\u00e9gico y operativo.<\/p>\n<blockquote><p><strong>Si est\u00e1 interesado en explorar c\u00f3mo podemos apoyar sus necesidades de reclutamiento, le invitamos a ponerse en contacto con Haldren para hablar de los puestos directivos y ejecutivos para los que podemos asegurar talento.<\/strong><\/p><\/blockquote>\n<h2>\u00bfPor qu\u00e9 Haldren utiliza un enfoque personalizado para el reclutamiento?<\/h2>\n<p>Hemos visto que no hay dos empresas que aborden la contrataci\u00f3n de la misma manera. Por este motivo, nuestros consultores dise\u00f1an los procesos de contrataci\u00f3n en funci\u00f3n de las prioridades, los retos y la cultura de cada organizaci\u00f3n.<\/p>\n<p>Por ejemplo, una empresa madrile\u00f1a de servicios financieros necesitaba directivos con conocimientos t\u00e9cnicos y capacidad de liderazgo para gestionar el cambio normativo. Otro cliente del sector manufacturero buscaba estabilidad en los mandos intermedios durante un periodo de transici\u00f3n. En ambos casos, nuestras estrategias de contrataci\u00f3n se personalizaron para reflejar las necesidades espec\u00edficas del cliente, lo que hizo que los resultados fueran pr\u00e1cticos y sostenibles.<\/p>\n<p>Creemos que la contrataci\u00f3n es algo m\u00e1s que cubrir puestos de trabajo. Se trata de fortalecer las organizaciones, desarrollar la capacidad de liderazgo y apoyar a los equipos. Combinando una investigaci\u00f3n minuciosa, una evaluaci\u00f3n estructurada y un alcance internacional, ayudamos a las empresas a conseguir talentos que contribuyan de forma inmediata, al tiempo que las preparamos para el futuro.<\/p>\n<blockquote><p><strong>Todo nuestro proceso garantiza que cada misi\u00f3n se gestione con precisi\u00f3n, confidencialidad y cuidado.<\/strong><\/p><\/blockquote>\n<h2>Por qu\u00e9 elegir Haldren para los servicios de contrataci\u00f3n de directivos<\/h2>\n<p>Elegir al socio de reclutamiento adecuado es una cuesti\u00f3n de confianza. En Haldren, protegemos la confidencialidad, mantenemos una comunicaci\u00f3n constante y mantenemos el proceso de contrataci\u00f3n claro y disciplinado. Nuestros consultores comprenden lo mucho que depende de cada decisi\u00f3n de contrataci\u00f3n y abordan cada encargo con la atenci\u00f3n que merece.<\/p>\n<p>Somos conocidos en Madrid por nuestra fiabilidad, coherencia y visi\u00f3n a largo plazo de la contrataci\u00f3n. Tratamos cada encargo como una colaboraci\u00f3n, apoyando a los clientes a medida que los sectores evolucionan y las necesidades de contrataci\u00f3n cambian. Tanto si se trata de una b\u00fasqueda de directivos en servicios financieros, de mandos intermedios en el sector industrial o de liderazgo para proyectos de transformaci\u00f3n digital, aplicamos m\u00e9todos estructurados y un alcance internacional para asegurar el mejor talento.<\/p>\n<p>Los clientes nos valoran no solo por los resultados, sino tambi\u00e9n por c\u00f3mo los conseguimos: con respeto por las personas, compromiso con la \u00e9tica y enfoque en la creaci\u00f3n de alianzas duraderas.<\/p>\n<blockquote><p><strong>Si desea trabajar con una agencia de selecci\u00f3n que valora la confidencialidad, el criterio y los resultados, p\u00f3ngase en contacto con Haldren hoy mismo para obtener m\u00e1s informaci\u00f3n sobre nuestros servicios de selecci\u00f3n de directivos en Madrid.<\/strong><\/p><\/blockquote>\n                            <\/div>\n        <\/div>\n    <\/div>\n<\/div>\n\n<div class=\"block-section accordion-main-section \">\n    <div class=\"container\">    \n                <div class=\"accordion-faqs\">\n            <h2 class=\"m-title\">Frequently Asked Questions (FAQs)<\/h2>\n                        <div class=\"item\">\n                <h3>\u00bfC\u00f3mo se estructura el proceso de contrataci\u00f3n?<\/h3>\n                <div class=\"faq-content\"><p>Comenzamos con el descubrimiento para comprender los objetivos de la organizaci\u00f3n, luego pasamos al mapeo del mercado, la b\u00fasqueda de candidatos, las entrevistas, las evaluaciones y el apoyo a la incorporaci\u00f3n. Cada etapa se documenta y se comunica con claridad.<\/p>\n<\/div>\n            <\/div>\n                        <div class=\"item\">\n                <h3>\u00bfQu\u00e9 factores tiene en cuenta al evaluar a los candidatos?<\/h3>\n                <div class=\"faq-content\"><p>Nos fijamos en las aptitudes, las competencias de liderazgo, la \u00e9tica laboral y la alineaci\u00f3n cultural. M\u00e1s all\u00e1 de las cualificaciones, nos centramos en la progresi\u00f3n profesional y la motivaci\u00f3n para garantizar el \u00e9xito a largo plazo.<\/p>\n<\/div>\n            <\/div>\n                        <div class=\"item\">\n                <h3>\u00bfC\u00f3mo mantener a los clientes implicados sin sobrecargarlos?<\/h3>\n                <div class=\"faq-content\"><p>Compartimos actualizaciones peri\u00f3dicas, presentamos listas de preseleccionados claras y permanecemos disponibles para mantener conversaciones. Este equilibrio mantiene informados a los clientes sin exigirles que gestionen los detalles de la b\u00fasqueda.<\/p>\n<\/div>\n            <\/div>\n                        <div class=\"item\">\n                <h3>\u00bfContrata s\u00f3lo en Madrid o tambi\u00e9n internacionalmente?<\/h3>\n                <div class=\"faq-content\"><p>Aunque muchas b\u00fasquedas se centran en Madrid y Espa\u00f1a, tambi\u00e9n reclutamos internacionalmente a trav\u00e9s de nuestra red global. Este alcance ayuda a las organizaciones a conseguir profesionales con una valiosa experiencia transfronteriza.<\/p>\n<\/div>\n            <\/div>\n                    <\/div>\n            <\/div>\n<\/div><\/div><div class=\"sidebar-wrapper\">\n<div class=\"wpcf7 no-js\" id=\"wpcf7-f13-o1\" lang=\"\" dir=\"ltr\" data-wpcf7-id=\"13\">\n<div class=\"screen-reader-response\"><p role=\"status\" aria-live=\"polite\" aria-atomic=\"true\"><\/p> <ul><\/ul><\/div>\n<form action=\"\/madrid\/wp-json\/wp\/v2\/pages\/158#wpcf7-f13-o1\" method=\"post\" class=\"wpcf7-form init\" aria-label=\"Contact form\" enctype=\"multipart\/form-data\" novalidate=\"novalidate\" data-status=\"init\">\n<fieldset class=\"hidden-fields-container\"><input type=\"hidden\" name=\"_wpcf7\" value=\"13\" \/><input type=\"hidden\" name=\"_wpcf7_version\" value=\"6.1.5\" \/><input type=\"hidden\" name=\"_wpcf7_locale\" value=\"\" \/><input type=\"hidden\" name=\"_wpcf7_unit_tag\" value=\"wpcf7-f13-o1\" \/><input type=\"hidden\" name=\"_wpcf7_container_post\" value=\"0\" \/><input type=\"hidden\" name=\"_wpcf7_posted_data_hash\" value=\"\" \/>\n<\/fieldset>\n<input class=\"wpcf7-form-control wpcf7-hidden\" id=\"utm_source\" value=\"\" type=\"hidden\" name=\"utm_source\" \/>\n<input class=\"wpcf7-form-control wpcf7-hidden\" id=\"utm_medium\" value=\"\" type=\"hidden\" name=\"utm_medium\" \/>\n<input class=\"wpcf7-form-control wpcf7-hidden\" id=\"sideform_user_country\" value=\"\" type=\"hidden\" name=\"userCountry\" \/>\n<div class=\"form-grid-layout\">\n\t<div class=\"form-title\">\n\t\t<h2 class=\"title\">Thrive with Top Talent<br \/>\n- No Upfronts Fees\n\t\t<\/h2>\n\t\t<p>Have it easier with video interview clips and a candidate shortlist within 2-3 weeks\n\t\t<\/p>\n\t<\/div>\n\t<div class=\"input-field\">\n\t\t<p><label for=\"\">Name<\/label><br \/>\n<span class=\"wpcf7-form-control-wrap\" data-name=\"full-Name\"><input size=\"40\" maxlength=\"400\" class=\"wpcf7-form-control wpcf7-text wpcf7-validates-as-required\" aria-required=\"true\" aria-invalid=\"false\" value=\"\" type=\"text\" name=\"full-Name\" \/><\/span>\n\t\t<\/p>\n\t<\/div>\n\t<div class=\"input-field\">\n\t\t<p><label for=\"\">Email Address<\/label><br \/>\n<span class=\"wpcf7-form-control-wrap\" data-name=\"email-address\"><input size=\"40\" maxlength=\"400\" class=\"wpcf7-form-control wpcf7-email wpcf7-validates-as-required wpcf7-text wpcf7-validates-as-email\" aria-required=\"true\" aria-invalid=\"false\" value=\"\" type=\"email\" name=\"email-address\" \/><\/span>\n\t\t<\/p>\n\t<\/div>\n\t<div class=\"input-field\">\n\t\t<p><label for=\"\">Company<\/label><br \/>\n<span class=\"wpcf7-form-control-wrap\" data-name=\"company\"><input size=\"40\" maxlength=\"400\" class=\"wpcf7-form-control wpcf7-text\" aria-invalid=\"false\" value=\"\" type=\"text\" name=\"company\" \/><\/span>\n\t\t<\/p>\n\t<\/div>\n\t<div class=\"radiobox-field\">\n\t\t<p><span class=\"wpcf7-form-control-wrap\" data-name=\"radio-721company-status\"><span class=\"wpcf7-form-control wpcf7-radio\"><span class=\"wpcf7-list-item first\"><label><input type=\"radio\" name=\"radio-721company-status\" value=\"{Employer}\" \/><span class=\"wpcf7-list-item-label\">Employer<\/span><\/label><\/span><span class=\"wpcf7-list-item last\"><label><input type=\"radio\" name=\"radio-721company-status\" value=\"{Candidate}\" \/><span class=\"wpcf7-list-item-label\">Candidate<\/span><\/label><\/span><\/span><\/span>\n\t\t<\/p>\n\t<\/div>\n\t<div class=\"input-field\">\n\t\t<p><span class=\"wpcf7-form-control-wrap\" data-name=\"file-upload\"><input size=\"40\" class=\"wpcf7-form-control wpcf7-file\" accept=\".pdf\" aria-invalid=\"false\" type=\"file\" name=\"file-upload\" \/><\/span>\n\t\t<\/p>\n\t<\/div>\n\t<div class=\"textarea-field\">\n\t\t<p><label for=\"\">How can we help you?<\/label><br \/>\n<span class=\"wpcf7-form-control-wrap\" data-name=\"message\"><textarea cols=\"40\" rows=\"10\" maxlength=\"2000\" class=\"wpcf7-form-control wpcf7-textarea\" aria-invalid=\"false\" name=\"message\"><\/textarea><\/span>\n\t\t<\/p>\n\t<\/div>\n\t<p><span id=\"wpcf7-69fa27e104e26-wrapper\" class=\"wpcf7-form-control-wrap nickname-wrap\" ><input id=\"wpcf7-69fa27e104e26-field\"  class=\"wpcf7-form-control wpcf7-text\" type=\"text\" name=\"nickname\" value=\"\" size=\"40\" tabindex=\"-1\" autocomplete=\"off\" \/><\/span>\n\t<\/p>\n\t<div class=\"form-term\">\n\t\t<p>Submission of this form means you have agreed to our <a href=\"\/privacy-policy\/\" title=\"\">Privacy Policy<\/a> and <a href=\"\/terms-of-service\/\" title=\"\">Terms Conditions<\/a>\n\t\t<\/p>\n\t<\/div>\n\t<div class=\"submit-btn\">\n\t\t<p><input class=\"wpcf7-form-control wpcf7-submit has-spinner btn-box\" type=\"submit\" value=\"Get in Touch\" \/>\n\t\t<\/p>\n\t<\/div>\n<\/div><div class=\"wpcf7-response-output\" aria-hidden=\"true\"><\/div>\n<\/form>\n<\/div>\n<\/div><\/div>\n\n\n<div class=\"block-section client-reviews-slider \" style=\"background-color: #119084\">  \n    <div class=\"container\">\n                <div class=\"splide client-slider\">\n            <div class=\"splide__track\">\n                <div class=\"splide__list\">\n                                        <div class=\"splide__slide\">\n                        <div class=\"content-box\">\n                            <div class=\"content\">\n                                <p>&#8220;Haldren nos apoy\u00f3 con profesionalidad y discreci\u00f3n durante una b\u00fasqueda de directivos. Sus consultores escucharon atentamente, comprendieron nuestra cultura y presentaron candidatos que se alineaban tanto con la funci\u00f3n t\u00e9cnica como con la direcci\u00f3n a largo plazo de nuestra empresa.&#8221;<\/p>\n                            <\/div>\n                                                        <div class=\"name\">\n                                <strong>Isabel G.<\/strong>, \n                                Director de Recursos Humanos                            <\/div>\n                                                    <\/div>\n                    <\/div>\n                                        <div class=\"splide__slide\">\n                        <div class=\"content-box\">\n                            <div class=\"content\">\n                                <p>&#8220;Nuestra contrataci\u00f3n de ejecutivos en Madrid requer\u00eda precisi\u00f3n, y Haldren cumpli\u00f3. Nos guiaron paso a paso por el proceso, nos proporcionaron actualizaciones claras y presentaron candidatos bien preparados y muy motivados.&#8221;<\/p>\n                            <\/div>\n                                                        <div class=\"name\">\n                                <strong>Carlos M.<\/strong>, \n                                Director de Operaciones                            <\/div>\n                                                    <\/div>\n                    <\/div>\n                                        <div class=\"splide__slide\">\n                        <div class=\"content-box\">\n                            <div class=\"content\">\n                                <p>&#8220;Los consultores de Haldren gestionaron nuestro proyecto de contrataci\u00f3n con coherencia y atenci\u00f3n al detalle. Trajeron profesionales cualificados, fiables y dispuestos a contribuir desde el primer d\u00eda. El proceso nos dio confianza en su criterio&#8221;.<\/p>\n                            <\/div>\n                                                        <div class=\"name\">\n                                <strong>Ana P.<\/strong>, \n                                Director financiero                            <\/div>\n                                                    <\/div>\n                    <\/div>\n                                    <\/div>\n            <\/div>\n        <\/div>\n            <\/div>\n<\/div>","protected":false},"excerpt":{"rendered":"","protected":false},"author":10,"featured_media":0,"parent":156,"menu_order":0,"comment_status":"closed","ping_status":"closed","template":"","meta":{"_acf_changed":false,"footnotes":""},"class_list":["post-158","page","type-page","status-publish","hentry"],"acf":[],"lang":"es","translations":{"es":158},"jetpack_sharing_enabled":true,"pll_sync_post":[],"_links":{"self":[{"href":"https:\/\/www.haldren.com\/madrid\/wp-json\/wp\/v2\/pages\/158","targetHints":{"allow":["GET"]}}],"collection":[{"href":"https:\/\/www.haldren.com\/madrid\/wp-json\/wp\/v2\/pages"}],"about":[{"href":"https:\/\/www.haldren.com\/madrid\/wp-json\/wp\/v2\/types\/page"}],"author":[{"embeddable":true,"href":"https:\/\/www.haldren.com\/madrid\/wp-json\/wp\/v2\/users\/10"}],"replies":[{"embeddable":true,"href":"https:\/\/www.haldren.com\/madrid\/wp-json\/wp\/v2\/comments?post=158"}],"version-history":[{"count":1,"href":"https:\/\/www.haldren.com\/madrid\/wp-json\/wp\/v2\/pages\/158\/revisions"}],"predecessor-version":[{"id":183,"href":"https:\/\/www.haldren.com\/madrid\/wp-json\/wp\/v2\/pages\/158\/revisions\/183"}],"up":[{"embeddable":true,"href":"https:\/\/www.haldren.com\/madrid\/wp-json\/wp\/v2\/pages\/156"}],"wp:attachment":[{"href":"https:\/\/www.haldren.com\/madrid\/wp-json\/wp\/v2\/media?parent=158"}],"curies":[{"name":"wp","href":"https:\/\/api.w.org\/{rel}","templated":true}]}}