{"id":160,"date":"2025-09-25T12:48:59","date_gmt":"2025-09-25T12:48:59","guid":{"rendered":"https:\/\/www.haldren.com\/madrid\/?page_id=65"},"modified":"2025-10-28T09:49:06","modified_gmt":"2025-10-28T09:49:06","slug":"busqueda-en-la-junta","status":"publish","type":"page","link":"https:\/\/www.haldren.com\/madrid\/es\/busqueda-en-la-junta\/","title":{"rendered":"B\u00fasqueda en la Junta"},"content":{"rendered":"\n  <link rel=\"preload\" as=\"image\" href=\"https:\/\/www.haldren.com\/madrid\/wp-content\/uploads\/sites\/38\/2025\/09\/madrid-city-e1758865269818.webp\" fetchpriority=\"high\">\n  <style>\n    .inner-banner-section {\n      background-image: url('https:\/\/www.haldren.com\/madrid\/wp-content\/uploads\/sites\/38\/2025\/09\/madrid-city-e1758865269818.webp');\n      background-size: cover;\n      background-position: center;\n      background-repeat: no-repeat;\n    }\n\n    @media (max-width: 768px) {\n      .inner-banner-section {\n        background-image: url('https:\/\/www.haldren.com\/madrid\/wp-content\/uploads\/sites\/38\/2025\/09\/madrid-city-e1758865269818.webp');\n      }\n    }\n  <\/style>\n\n<div class=\"block-section inner-banner-section lazyload bg-sty section-gaps top-border-line\">\n  <div class=\"container-fluid\">\n    <div class=\"content-wrap\">\n      <h1 class=\"title\">\n        B\u00fasqueda de consejeros en Madrid      <\/h1>\n      <span style=\"font-size: 18px;\">Orientar a las empresas madrile\u00f1as para que nombren consejeros que refuercen la gobernanza y la estrategia a largo plazo<\/span>\n    <\/div>\n  <\/div>\n<\/div>\n\n\n\n\n<div class=\"wp-block-custom-div-wrapper-block col-wrapper has-sidebar\"><div class=\"content-wrapper\" style=\"background-color:#002a26\">\n<div class=\"block-section section-gaps default-content-section \" \n     style=\"--text-color: #ffffff; --bg-color: #119084;\">\n    <div class=\"container\">\n        <div class=\"default-single-content-wrap\">\n            <div class=\"content-wrap\">\n                                    <h2>Primera empresa de b\u00fasqueda de directivos en Madrid<\/h2>\n<p>Haldren ofrece servicios de b\u00fasqueda de consejeros en Madrid para organizaciones que consideran la sala de juntas como la base de la estabilidad y el crecimiento. Nuestros consultores combinan una larga experiencia en la b\u00fasqueda de directivos con un firme respeto por la confidencialidad, garantizando que cada encargo se gestione con cuidado y precisi\u00f3n.<\/p>\n<p>Cuando los consejeros se incorporan a un consejo de administraci\u00f3n, dan forma a la visi\u00f3n estrat\u00e9gica, a la planificaci\u00f3n de la sucesi\u00f3n y a la cultura de la organizaci\u00f3n de un modo que perdura durante a\u00f1os. Dedicamos tiempo a comprender esas prioridades antes de localizar a las personas cuya experiencia y cualidades personales encajen con la cultura y los objetivos futuros de una empresa. Con acceso a consejeros experimentados en Espa\u00f1a y Europa, ayudamos a las empresas a reforzar su gobierno corporativo tanto en periodos de crecimiento constante como en transiciones complejas.<br \/>\n Haldren<\/p>\n<blockquote><p><strong>es una empresa de confianza en Madrid para la b\u00fasqueda de consejeros que conecten a las organizaciones con consejeros que aporten competencia, criterio y valor a largo plazo.<\/strong><\/p><\/blockquote>\n<h2>Empresa de B\u00fasqueda de Directivos de primer nivel en Madrid<\/h2>\n<p>Nuestra dedicaci\u00f3n a los servicios de b\u00fasqueda de consejeros proviene de la creencia de que un gobierno eficaz depende de consejeros que combinen habilidad con independencia de pensamiento. Somos conocidos por equilibrar la evaluaci\u00f3n reflexiva con la discreci\u00f3n, presentando candidatos que inspiran confianza en el consejo y refuerzan el liderazgo.<\/p>\n<p>Cada nombramiento es una oportunidad para reforzar la planificaci\u00f3n de la sucesi\u00f3n, afinar los objetivos organizativos y ampliar la capacidad de liderazgo de un consejo. Nuestros consultores eval\u00faan a los candidatos tanto por sus habilidades t\u00e9cnicas como por su alineaci\u00f3n cultural, garantizando que cada director pueda contribuir directamente a la visi\u00f3n estrat\u00e9gica de la organizaci\u00f3n.<\/p>\n<h4>Evaluaci\u00f3n<\/h4>\n<p>Cada b\u00fasqueda comienza con una evaluaci\u00f3n clara de los objetivos actuales del consejo y de la empresa. A continuaci\u00f3n, definimos un perfil de candidato ideal que refleje las necesidades de gobierno, la cultura de la empresa y la direcci\u00f3n a largo plazo. Junto con el historial profesional, evaluamos la \u00e9tica de trabajo, la motivaci\u00f3n y el compromiso para garantizar que los directores puedan dirigir con eficacia.<\/p>\n<h4>Adquisici\u00f3n de talento<\/h4>\n<p>Mantenemos s\u00f3lidas redes de contactos en Espa\u00f1a y en toda Europa, lo que nos permite localizar personas con la experiencia y la visi\u00f3n necesarias para los puestos m\u00e1s exigentes. Utilizando tanto la investigaci\u00f3n tradicional como m\u00e9todos digitales, identificamos l\u00edderes que pueden no estar considerando activamente un nuevo puesto, pero que pueden aportar un valor significativo como miembros del consejo.<\/p>\n<h4>Transformaci\u00f3n organizativa<\/h4>\n<p>Las b\u00fasquedas en los consejos de administraci\u00f3n van m\u00e1s all\u00e1 de las decisiones inmediatas de contrataci\u00f3n. Influyen en la eficacia, la continuidad y la resistencia a largo plazo. M\u00e1s all\u00e1 de los nombramientos de directores, asesoramos en la planificaci\u00f3n de la sucesi\u00f3n, la evaluaci\u00f3n del liderazgo y el desarrollo organizativo, actuando como un socio a largo plazo para los consejos centrados en el \u00e9xito sostenible.<\/p>\n<h2>Nuestro enfoque de los servicios de b\u00fasqueda de directivos<\/h2>\n<p>Nuestro enfoque es met\u00f3dico pero personal, dise\u00f1ado para servir a los intereses de las organizaciones madrile\u00f1as con claridad y discreci\u00f3n. Comenzamos analizando el estado actual del consejo, identificando los objetivos empresariales y estableciendo prioridades claras. A partir de ah\u00ed, creamos perfiles detallados que definen las expectativas del puesto, las habilidades requeridas y los atributos de liderazgo.<\/p>\n<p>A continuaci\u00f3n, buscamos cuidadosamente en el mercado, localizando personas de diferentes sectores que demuestren tanto experiencia t\u00e9cnica como buen juicio. Cada candidato es abordado con discreci\u00f3n y evaluado con arreglo a criterios precisos. La evaluaci\u00f3n incluye entrevistas estructuradas, an\u00e1lisis psicom\u00e9tricos y comprobaci\u00f3n de referencias, lo que nos permite presentar candidatos con capacidad y compromiso demostrados.<\/p>\n<p>A lo largo de todo el proceso, proporcionamos a los clientes actualizaciones transparentes al tiempo que protegemos la privacidad de los candidatos. Hacemos hincapi\u00e9 en la diversidad de formaci\u00f3n y pensamiento, garantizando que los consejos se vean reforzados no s\u00f3lo por la capacidad t\u00e9cnica, sino tambi\u00e9n por nuevas perspectivas. Una vez nombrados los consejeros, seguimos analizando la integraci\u00f3n, la eficacia y la planificaci\u00f3n de la sucesi\u00f3n, ayudando a las organizaciones a mantener el impulso.<\/p>\n<p>Este enfoque estructurado y consultivo nos permite ofrecer consejeros que contribuyen a la gobernanza con profundidad, independencia y un enfoque de futuro.<\/p>\n<h2>Nuestra experiencia como l\u00edderes en selecci\u00f3n de directivos en Madrid<\/h2>\n<p>Nuestros consultores combinan su experiencia en la b\u00fasqueda de directivos con su experiencia pr\u00e1ctica asesorando a consejos de administraci\u00f3n. Entendemos c\u00f3mo las empresas en Espa\u00f1a abordan la gobernanza, las relaciones institucionales y la planificaci\u00f3n de la sucesi\u00f3n, lo que nos permite aportar soluciones basadas tanto en el an\u00e1lisis como en el conocimiento pr\u00e1ctico.<\/p>\n<p>Invertimos en perfeccionar nuestros m\u00e9todos, extrayendo lecciones del trabajo de nuestros clientes y del di\u00e1logo continuo con la industria. Este compromiso nos permite adaptarnos r\u00e1pidamente, anticiparnos a los retos y seguir sirviendo a las organizaciones con profesionalidad y discreci\u00f3n.<\/p>\n<h4>Algunas \u00e1reas en las que nos especializamos<\/h4>\n<p>Realizamos b\u00fasquedas de consejeros en sectores como el financiero, energ\u00e9tico, sanitario, industrial y tecnol\u00f3gico. Tanto si se trata de directores con conocimientos de marcos normativos como de l\u00edderes capaces de guiar a empresas de r\u00e1pido crecimiento, nos centramos en alinear a los candidatos con los objetivos estrat\u00e9gicos de cada organizaci\u00f3n.<\/p>\n<h4>Ejemplos de puestos para los que reclutamos<\/h4>\n<p>Gestionamos b\u00fasquedas para puestos como presidente del consejo, director no ejecutivo, director independiente y miembros de comit\u00e9s con experiencia en gobernanza, auditor\u00eda o planificaci\u00f3n de sucesiones. Tambi\u00e9n reclutamos directores con experiencia en mercados de capitales y relaciones institucionales.<\/p>\n<blockquote><p><strong>Si su organizaci\u00f3n est\u00e1 considerando nuevas posiciones en el consejo o revisando la efectividad de su consejo actual, contacte con Haldren para explorar c\u00f3mo podemos ayudarle a identificar a los candidatos adecuados.<\/strong><\/p><\/blockquote>\n<h2>Por qu\u00e9 Haldren utiliza un enfoque personalizado para el reclutamiento<\/h2>\n<p>Hemos aprendido a trav\u00e9s de la experiencia que cada b\u00fasqueda de consejo conlleva retos distintos. Un \u00fanico proceso no puede servir a las organizaciones por igual en todos los sectores, tama\u00f1os de empresa y etapas de desarrollo. Lo que funciona para una empresa puede no responder a las prioridades de otra.<\/p>\n<p>A lo largo de los a\u00f1os, hemos asesorado a organizaciones que se preparaban para la sucesi\u00f3n, respond\u00edan a presiones normativas o se expand\u00edan a nuevos mercados. Estas experiencias confirmaron que el proceso de b\u00fasqueda debe ser flexible, estar determinado por una evaluaci\u00f3n detallada y guiarse por un debate sincero con los clientes. En algunos casos, el \u00e9nfasis recae en los conocimientos t\u00e9cnicos, mientras que en otros, la cultura organizativa o la eficacia de la gobernanza son primordiales.<\/p>\n<p>Nuestros consultores adaptan los m\u00e9todos para reflejar estas realidades, dise\u00f1ando procesos que respeten los objetivos y ofrezcan directores que aporten profundidad, equilibrio y perspectiva. Este compromiso con la personalizaci\u00f3n garantiza que nuestros clientes nombren directores capaces de contribuir tanto inmediatamente como en el futuro.<\/p>\n<h2>Por qu\u00e9 elegir Haldren para la b\u00fasqueda de directivos<\/h2>\n<p>Los clientes nos eligen porque combinamos confidencialidad, disciplina y profesionalidad en cada etapa del proceso. Cada b\u00fasqueda de consejeros se gestiona con cuidado, desde la evaluaci\u00f3n inicial hasta el nombramiento final. Protegemos la informaci\u00f3n sensible al tiempo que garantizamos una evaluaci\u00f3n exhaustiva de los candidatos.<\/p>\n<p>Nuestro trabajo se basa en asociaciones a largo plazo m\u00e1s que en contrataciones \u00fanicas. Muchas organizaciones vuelven a nosotros para b\u00fasquedas posteriores debido a nuestros resultados consistentes y a nuestra capacidad para ofrecer directores que refuerzan la gobernanza. Con acceso a candidatos de toda Espa\u00f1a y Europa, presentamos tanto a directores experimentados como a l\u00edderes con nuevas perspectivas.<\/p>\n<p>La confianza es fundamental en nuestro enfoque. Mantenemos los m\u00e1s altos est\u00e1ndares \u00e9ticos y mantenemos informados a nuestros clientes con una comunicaci\u00f3n clara y coherente. Nuestro objetivo es garantizar que los consejos de administraci\u00f3n cuenten con la competencia y la independencia necesarias para dirigir las organizaciones con confianza hacia el futuro.<\/p>\n<blockquote><p><strong>Si su empresa est\u00e1 planificando la b\u00fasqueda de un consejo de administraci\u00f3n en Madrid, le invitamos a que se ponga en contacto con Haldren hoy mismo y descubra c\u00f3mo podemos ayudarle en sus necesidades de gobierno y liderazgo.<\/strong><\/p><\/blockquote>\n                            <\/div>\n        <\/div>\n    <\/div>\n<\/div>\n\n<div class=\"block-section accordion-main-section \">\n    <div class=\"container\">    \n                <div class=\"accordion-faqs\">\n            <h2 class=\"m-title\">Frequently Asked Questions (FAQs)<\/h2>\n                        <div class=\"item\">\n                <h3>\u00bfC\u00f3mo se eval\u00faa a los candidatos a un puesto en la Junta Directiva?<\/h3>\n                <div class=\"faq-content\"><p>Combinamos entrevistas estructuradas, evaluaciones psicom\u00e9tricas y comprobaciones de referencias con el an\u00e1lisis de los objetivos y la cultura de la empresa para garantizar que los candidatos son competentes y est\u00e1n alineados.<\/p>\n<\/div>\n            <\/div>\n                        <div class=\"item\">\n                <h3>\u00bfQu\u00e9 papel desempe\u00f1a el Consejo actual durante la b\u00fasqueda?<\/h3>\n                <div class=\"faq-content\"><p>Mantenemos la participaci\u00f3n activa del consejo actual, compartiendo los informes de progreso y debatiendo las evaluaciones de los candidatos para crear consenso y reforzar la toma de decisiones.<\/p>\n<\/div>\n            <\/div>\n                        <div class=\"item\">\n                <h3>\u00bfOfrecen apoyo m\u00e1s all\u00e1 de la cita?<\/h3>\n                <div class=\"faq-content\"><p>S\u00ed. Asesoramos sobre la incorporaci\u00f3n, la planificaci\u00f3n de la sucesi\u00f3n y el desarrollo para garantizar que los nuevos directores contribuyan eficazmente desde su primera reuni\u00f3n.<\/p>\n<\/div>\n            <\/div>\n                        <div class=\"item\">\n                <h3>\u00bfC\u00f3mo se mantiene la confidencialidad durante una b\u00fasqueda?<\/h3>\n                <div class=\"faq-content\"><p>Protegemos la informaci\u00f3n sensible limitando el alcance, utilizando una comunicaci\u00f3n segura y garantizando la discreci\u00f3n tanto para las empresas como para los candidatos a lo largo de todo el proceso.<\/p>\n<\/div>\n            <\/div>\n                    <\/div>\n            <\/div>\n<\/div><\/div><div class=\"sidebar-wrapper\">\n<div class=\"wpcf7 no-js\" id=\"wpcf7-f13-o1\" lang=\"\" dir=\"ltr\" data-wpcf7-id=\"13\">\n<div class=\"screen-reader-response\"><p role=\"status\" aria-live=\"polite\" aria-atomic=\"true\"><\/p> <ul><\/ul><\/div>\n<form action=\"\/madrid\/wp-json\/wp\/v2\/pages\/160#wpcf7-f13-o1\" method=\"post\" class=\"wpcf7-form init\" aria-label=\"Contact form\" enctype=\"multipart\/form-data\" novalidate=\"novalidate\" data-status=\"init\">\n<fieldset class=\"hidden-fields-container\"><input type=\"hidden\" name=\"_wpcf7\" value=\"13\" \/><input type=\"hidden\" name=\"_wpcf7_version\" value=\"6.1.5\" \/><input type=\"hidden\" name=\"_wpcf7_locale\" value=\"\" \/><input type=\"hidden\" name=\"_wpcf7_unit_tag\" value=\"wpcf7-f13-o1\" \/><input type=\"hidden\" name=\"_wpcf7_container_post\" value=\"0\" \/><input type=\"hidden\" name=\"_wpcf7_posted_data_hash\" value=\"\" \/>\n<\/fieldset>\n<input class=\"wpcf7-form-control wpcf7-hidden\" id=\"utm_source\" value=\"\" type=\"hidden\" name=\"utm_source\" \/>\n<input class=\"wpcf7-form-control wpcf7-hidden\" id=\"utm_medium\" value=\"\" type=\"hidden\" name=\"utm_medium\" \/>\n<input class=\"wpcf7-form-control wpcf7-hidden\" id=\"sideform_user_country\" value=\"\" type=\"hidden\" name=\"userCountry\" \/>\n<div class=\"form-grid-layout\">\n\t<div class=\"form-title\">\n\t\t<h2 class=\"title\">Thrive with Top Talent<br \/>\n- No Upfronts Fees\n\t\t<\/h2>\n\t\t<p>Have it easier with video interview clips and a candidate shortlist within 2-3 weeks\n\t\t<\/p>\n\t<\/div>\n\t<div class=\"input-field\">\n\t\t<p><label for=\"\">Name<\/label><br \/>\n<span class=\"wpcf7-form-control-wrap\" data-name=\"full-Name\"><input size=\"40\" maxlength=\"400\" class=\"wpcf7-form-control wpcf7-text wpcf7-validates-as-required\" aria-required=\"true\" aria-invalid=\"false\" value=\"\" type=\"text\" name=\"full-Name\" \/><\/span>\n\t\t<\/p>\n\t<\/div>\n\t<div class=\"input-field\">\n\t\t<p><label for=\"\">Email Address<\/label><br \/>\n<span class=\"wpcf7-form-control-wrap\" data-name=\"email-address\"><input size=\"40\" maxlength=\"400\" class=\"wpcf7-form-control wpcf7-email wpcf7-validates-as-required wpcf7-text wpcf7-validates-as-email\" aria-required=\"true\" aria-invalid=\"false\" value=\"\" type=\"email\" name=\"email-address\" \/><\/span>\n\t\t<\/p>\n\t<\/div>\n\t<div class=\"input-field\">\n\t\t<p><label for=\"\">Company<\/label><br \/>\n<span class=\"wpcf7-form-control-wrap\" data-name=\"company\"><input size=\"40\" maxlength=\"400\" class=\"wpcf7-form-control wpcf7-text\" aria-invalid=\"false\" value=\"\" type=\"text\" name=\"company\" \/><\/span>\n\t\t<\/p>\n\t<\/div>\n\t<div class=\"radiobox-field\">\n\t\t<p><span class=\"wpcf7-form-control-wrap\" data-name=\"radio-721company-status\"><span class=\"wpcf7-form-control wpcf7-radio\"><span class=\"wpcf7-list-item first\"><label><input type=\"radio\" name=\"radio-721company-status\" value=\"{Employer}\" \/><span class=\"wpcf7-list-item-label\">Employer<\/span><\/label><\/span><span class=\"wpcf7-list-item last\"><label><input type=\"radio\" name=\"radio-721company-status\" value=\"{Candidate}\" \/><span class=\"wpcf7-list-item-label\">Candidate<\/span><\/label><\/span><\/span><\/span>\n\t\t<\/p>\n\t<\/div>\n\t<div class=\"input-field\">\n\t\t<p><span class=\"wpcf7-form-control-wrap\" data-name=\"file-upload\"><input size=\"40\" class=\"wpcf7-form-control wpcf7-file\" accept=\".pdf\" aria-invalid=\"false\" type=\"file\" name=\"file-upload\" \/><\/span>\n\t\t<\/p>\n\t<\/div>\n\t<div class=\"textarea-field\">\n\t\t<p><label for=\"\">How can we help you?<\/label><br \/>\n<span class=\"wpcf7-form-control-wrap\" data-name=\"message\"><textarea cols=\"40\" rows=\"10\" maxlength=\"2000\" class=\"wpcf7-form-control wpcf7-textarea\" aria-invalid=\"false\" name=\"message\"><\/textarea><\/span>\n\t\t<\/p>\n\t<\/div>\n\t<p><span id=\"wpcf7-69fa2673390ab-wrapper\" class=\"wpcf7-form-control-wrap nickname-wrap\" ><input id=\"wpcf7-69fa2673390ab-field\"  class=\"wpcf7-form-control wpcf7-text\" type=\"text\" name=\"nickname\" value=\"\" size=\"40\" tabindex=\"-1\" autocomplete=\"off\" \/><\/span>\n\t<\/p>\n\t<div class=\"form-term\">\n\t\t<p>Submission of this form means you have agreed to our <a href=\"\/privacy-policy\/\" title=\"\">Privacy Policy<\/a> and <a href=\"\/terms-of-service\/\" title=\"\">Terms Conditions<\/a>\n\t\t<\/p>\n\t<\/div>\n\t<div class=\"submit-btn\">\n\t\t<p><input class=\"wpcf7-form-control wpcf7-submit has-spinner btn-box\" type=\"submit\" value=\"Get in Touch\" \/>\n\t\t<\/p>\n\t<\/div>\n<\/div><div class=\"wpcf7-response-output\" aria-hidden=\"true\"><\/div>\n<\/form>\n<\/div>\n<\/div><\/div>\n\n\n<div class=\"block-section client-reviews-slider \" style=\"background-color: #119084\">  \n    <div class=\"container\">\n                <div class=\"splide client-slider\">\n            <div class=\"splide__track\">\n                <div class=\"splide__list\">\n                                        <div class=\"splide__slide\">\n                        <div class=\"content-box\">\n                            <div class=\"content\">\n                                <p>&#8220;Haldren gestion\u00f3 nuestra b\u00fasqueda de consejeros con discreci\u00f3n y claridad. Sus consultores presentaron candidatos que a\u00f1adieron verdadera profundidad a nuestros debates sobre gobernanza y reforzaron nuestro liderazgo.&#8221;<\/p>\n                            <\/div>\n                                                        <div class=\"name\">\n                                <strong>Ana G.<\/strong>, \n                                Director independiente                            <\/div>\n                                                    <\/div>\n                    <\/div>\n                                        <div class=\"splide__slide\">\n                        <div class=\"content-box\">\n                            <div class=\"content\">\n                                <p>&#8220;El proceso fue estructurado, eficiente y respetuoso con nuestra cultura organizativa. Nos sentimos seguros en cada etapa, y el director que nombramos ya se ha convertido en un gran colaborador.&#8221;<\/p>\n                            <\/div>\n                                                        <div class=\"name\">\n                                <strong>Carlos F.<\/strong>, \n                                Miembro del Consejo                            <\/div>\n                                                    <\/div>\n                    <\/div>\n                                        <div class=\"splide__slide\">\n                        <div class=\"content-box\">\n                            <div class=\"content\">\n                                <p>&#8220;Nuestro consejo requer\u00eda directores con conocimientos de mercados de capitales y planificaci\u00f3n de sucesiones. Haldren present\u00f3 candidatos con las aptitudes y el compromiso adecuados, lo que nos dio seguridad de cara al futuro.&#8221;<\/p>\n                            <\/div>\n                                                        <div class=\"name\">\n                                <strong>Isabel L.<\/strong>, \n                                Director no ejecutivo                            <\/div>\n                                                    <\/div>\n                    <\/div>\n                                    <\/div>\n            <\/div>\n        <\/div>\n            <\/div>\n<\/div>","protected":false},"excerpt":{"rendered":"","protected":false},"author":10,"featured_media":0,"parent":156,"menu_order":0,"comment_status":"closed","ping_status":"closed","template":"","meta":{"_acf_changed":false,"footnotes":""},"class_list":["post-160","page","type-page","status-publish","hentry"],"acf":[],"lang":"es","translations":{"es":160},"jetpack_sharing_enabled":true,"pll_sync_post":[],"_links":{"self":[{"href":"https:\/\/www.haldren.com\/madrid\/wp-json\/wp\/v2\/pages\/160","targetHints":{"allow":["GET"]}}],"collection":[{"href":"https:\/\/www.haldren.com\/madrid\/wp-json\/wp\/v2\/pages"}],"about":[{"href":"https:\/\/www.haldren.com\/madrid\/wp-json\/wp\/v2\/types\/page"}],"author":[{"embeddable":true,"href":"https:\/\/www.haldren.com\/madrid\/wp-json\/wp\/v2\/users\/10"}],"replies":[{"embeddable":true,"href":"https:\/\/www.haldren.com\/madrid\/wp-json\/wp\/v2\/comments?post=160"}],"version-history":[{"count":1,"href":"https:\/\/www.haldren.com\/madrid\/wp-json\/wp\/v2\/pages\/160\/revisions"}],"predecessor-version":[{"id":179,"href":"https:\/\/www.haldren.com\/madrid\/wp-json\/wp\/v2\/pages\/160\/revisions\/179"}],"up":[{"embeddable":true,"href":"https:\/\/www.haldren.com\/madrid\/wp-json\/wp\/v2\/pages\/156"}],"wp:attachment":[{"href":"https:\/\/www.haldren.com\/madrid\/wp-json\/wp\/v2\/media?parent=160"}],"curies":[{"name":"wp","href":"https:\/\/api.w.org\/{rel}","templated":true}]}}