{"id":161,"date":"2025-09-25T12:53:18","date_gmt":"2025-09-25T12:53:18","guid":{"rendered":"https:\/\/www.haldren.com\/madrid\/?page_id=68"},"modified":"2025-10-28T09:53:31","modified_gmt":"2025-10-28T09:53:31","slug":"gestion-provisional","status":"publish","type":"page","link":"https:\/\/www.haldren.com\/madrid\/es\/adquisicion-de-talentos\/gestion-provisional\/","title":{"rendered":"Gesti\u00f3n provisional"},"content":{"rendered":"\n  <link rel=\"preload\" as=\"image\" href=\"https:\/\/www.haldren.com\/madrid\/wp-content\/uploads\/sites\/38\/2025\/09\/madrid-city-e1758865269818.webp\" fetchpriority=\"high\">\n  <style>\n    .inner-banner-section {\n      background-image: url('https:\/\/www.haldren.com\/madrid\/wp-content\/uploads\/sites\/38\/2025\/09\/madrid-city-e1758865269818.webp');\n      background-size: cover;\n      background-position: center;\n      background-repeat: no-repeat;\n    }\n\n    @media (max-width: 768px) {\n      .inner-banner-section {\n        background-image: url('https:\/\/www.haldren.com\/madrid\/wp-content\/uploads\/sites\/38\/2025\/09\/madrid-city-e1758865269818.webp');\n      }\n    }\n  <\/style>\n\n<div class=\"block-section inner-banner-section lazyload bg-sty section-gaps top-border-line\">\n  <div class=\"container-fluid\">\n    <div class=\"content-wrap\">\n      <h1 class=\"title\">\n        Interim Management B\u00fasqueda En Madrid      <\/h1>\n      <span style=\"font-size: 18px;\">Apoyo a las empresas madrile\u00f1as con gestores interinos que aportan estabilidad, rapidez y valor duradero<\/span>\n    <\/div>\n  <\/div>\n<\/div>\n\n\n\n\n<div class=\"wp-block-custom-div-wrapper-block col-wrapper has-sidebar\"><div class=\"content-wrapper\" style=\"background-color:#002a26\">\n<div class=\"block-section section-gaps default-content-section \" \n     style=\"--text-color: #ffffff; --bg-color: #119084;\">\n    <div class=\"container\">\n        <div class=\"default-single-content-wrap\">\n            <div class=\"content-wrap\">\n                                    <h2 data-pm-slice=\"1 1 []\">Primera empresa de b\u00fasqueda de directivos interinos en Madrid<\/h2>\n<p>Haldren ofrece servicios de b\u00fasqueda de directivos interinos en Madrid para empresas que necesitan l\u00edderes experimentados durante periodos de transici\u00f3n, crecimiento o reestructuraci\u00f3n. Nuestros consultores aportan una amplia experiencia en la selecci\u00f3n de directivos, combinando una visi\u00f3n pr\u00e1ctica con un proceso disciplinado que salvaguarda la confidencialidad y garantiza los resultados. Las asignaciones provisionales a menudo implican proyectos complejos, plazos ajustados y objetivos delicados, y nosotros respondemos con precisi\u00f3n.<\/p>\n<p>Nuestros gestores provisionales ocupan puestos ejecutivos durante un periodo espec\u00edfico, ayudando a las organizaciones a mantener las operaciones, gestionar adquisiciones o dirigir los esfuerzos de reestructuraci\u00f3n. Con un s\u00f3lido conocimiento del entorno empresarial de Madrid y acceso a ejecutivos de toda Europa, identificamos l\u00edderes con las habilidades y el criterio necesarios para lograr resultados duraderos.<\/p>\n<blockquote><p><strong>Somos reconocidos por nuestro compromiso con la excelencia, la discreci\u00f3n y las soluciones que ayudan a los clientes a cubrir puestos clave con rapidez y confianza. Haldren ofrece servicios de gesti\u00f3n interina en Madrid que apoyan a las empresas a trav\u00e9s de transiciones cr\u00edticas con claridad y cuidado.<\/strong><\/p><\/blockquote>\n<h2>Firma de B\u00fasqueda de Directivos de primer nivel en Madrid<\/h2>\n<p>Nuestra misi\u00f3n es hacer del interim management una fuente de fortaleza. Los l\u00edderes interinos impulsan el crecimiento, gu\u00edan las adquisiciones y protegen la continuidad mientras se identifican soluciones permanentes. Nuestro equipo se centra en alinear los objetivos de la empresa con ejecutivos que puedan gestionar los recursos con eficacia, ofrecer un \u00e9xito medible y apoyar el desarrollo a largo plazo.<\/p>\n<h4>Evaluaci\u00f3n<\/h4>\n<p>Cada proyecto comienza con un cuidadoso an\u00e1lisis de los retos empresariales, las prioridades de las partes interesadas y la capacidad interna de talento. Creamos un perfil de puesto que va m\u00e1s all\u00e1 de los requisitos t\u00e9cnicos, evaluando la motivaci\u00f3n, la personalidad y las cualidades de liderazgo para garantizar un fuerte ajuste cultural.<\/p>\n<h4>Adquisici\u00f3n de talento<\/h4>\n<p>Recurrimos a amplias redes y conexiones de grupos internacionales para llegar tanto a los candidatos activos como a los pasivos. Nuestra metodolog\u00eda combina procesos de b\u00fasqueda estructurados con herramientas modernas y alcance tradicional, lo que nos da el alcance necesario para identificar directivos interinos preparados para puestos exigentes.<\/p>\n<h4>Transformaci\u00f3n organizativa<\/h4>\n<p>M\u00e1s all\u00e1 de cubrir puestos interinos, apoyamos el desarrollo a largo plazo mediante planes de sucesi\u00f3n, evaluaciones de liderazgo y asesoramiento organizativo. Mediante la aplicaci\u00f3n de estrategias que abordan la reestructuraci\u00f3n y el crecimiento, ayudamos a los clientes a lograr un \u00e9xito sostenible.<\/p>\n<h2>Nuestro enfoque de los servicios de b\u00fasqueda de directivos interinos<\/h2>\n<p>Abordamos la b\u00fasqueda de directivos interinos con estructura y disciplina. Los compromisos comienzan con el descubrimiento, donde nuestros consultores se re\u00fanen con los equipos del cliente para aclarar los objetivos, definir la misi\u00f3n y esbozar el alcance de la posici\u00f3n. A partir de ah\u00ed, llevamos a cabo un an\u00e1lisis del mercado, trazamos un mapa de los candidatos y comenzamos la b\u00fasqueda selectiva.<\/p>\n<p>Los candidatos son evaluados mediante entrevistas estructuradas, evaluaciones psicom\u00e9tricas y comprobaci\u00f3n de referencias. Evaluamos las aptitudes t\u00e9cnicas, las competencias de liderazgo y la capacidad de cumplir plazos espec\u00edficos. Nuestro proceso incluye el desarrollo de tarjetas de puntuaci\u00f3n de funciones, la creaci\u00f3n de listas de preseleccionados, la gesti\u00f3n de entrevistas y el apoyo a la selecci\u00f3n final.<\/p>\n<p>Dado que los gestores interinos suelen ser llamados para supervisar reestructuraciones o gestionar proyectos complejos, nos aseguramos de que cada candidato tenga la experiencia y el juicio necesarios para alcanzar los objetivos sin interrumpir las operaciones. Tambi\u00e9n apoyamos la implementaci\u00f3n y proporcionamos orientaci\u00f3n a lo largo de la misi\u00f3n para garantizar el \u00e9xito.<\/p>\n<p>En comparaci\u00f3n con los m\u00e9todos de contrataci\u00f3n gen\u00e9ricos, nuestro enfoque es riguroso y consultivo. Evaluamos los factores t\u00e9cnicos y humanos, confirmamos la alineaci\u00f3n cultural y nos centramos en soluciones que reduzcan costes y aporten beneficios cuantificables. Este proceso estructurado garantiza que cada nombramiento refuerce el liderazgo y apoye el crecimiento a largo plazo.<\/p>\n<h2>Nuestra experiencia como l\u00edderes en selecci\u00f3n de directivos en Madrid<\/h2>\n<p>Aportamos conocimiento de la industria, disciplina de consultor\u00eda y un compromiso para apoyar a las organizaciones en Madrid con servicios de gesti\u00f3n interina. Nuestros consultores han trabajado en sectores como el financiero, el industrial, el tecnol\u00f3gico y el de capital riesgo. Cada compromiso est\u00e1 guiado por la misi\u00f3n de ayudar a las empresas a alcanzar sus objetivos a trav\u00e9s de un liderazgo interino eficaz.<\/p>\n<p>Los miembros de nuestro equipo comparten consejos, intercambian conocimientos y perfeccionan la metodolog\u00eda a trav\u00e9s de un desarrollo profesional continuo. Esto nos mantiene por delante de los retos del mercado, mejora la evaluaci\u00f3n y ayuda a los clientes a alcanzar sus objetivos con confianza.<\/p>\n<h4>Algunas \u00e1reas en las que nos especializamos<\/h4>\n<p>Apoyamos a empresas de todo Madrid en sectores como la energ\u00eda, la tecnolog\u00eda digital, la sanidad, la industria manufacturera y los servicios financieros. Cada sector exige habilidades diferentes, y adaptamos nuestro proceso en consecuencia. Nuestra misi\u00f3n es apoyar a los clientes con soluciones que aborden los retos inmediatos al tiempo que preparan a las organizaciones para el crecimiento futuro.<\/p>\n<h4>Ejemplos de puestos para los que contratamos<\/h4>\n<p>Nuestra b\u00fasqueda de directivos interinos cubre puestos directivos como Director Financiero, Director de Operaciones, Director de Recursos Humanos, Director de Programas y otras funciones de C-suite. Tambi\u00e9n cubrimos puestos clave en estrategia, operaciones y liderazgo de proyectos.<\/p>\n<blockquote><p><strong>Si est\u00e1 buscando directivos interinos en Madrid, p\u00f3ngase en contacto con Haldren para obtener m\u00e1s informaci\u00f3n sobre los puestos ejecutivos y las funciones de liderazgo que podemos ayudarle a cubrir.<\/strong><\/p><\/blockquote>\n<h2>Por qu\u00e9 Haldren utiliza un enfoque personalizado para el reclutamiento<\/h2>\n<p>Hemos visto de primera mano que los encargos de interim management difieren ampliamente. Una empresa puede necesitar un gerente interino para supervisar la implementaci\u00f3n de un nuevo sistema, mientras que otra requiere liderazgo durante una fusi\u00f3n o adquisici\u00f3n. Un enfoque gen\u00e9rico corre el riesgo de pasar por alto los retos espec\u00edficos de cada situaci\u00f3n.<\/p>\n<p>Nuestros consultores dedican tiempo a comprender los objetivos, evaluar los recursos internos e identificar d\u00f3nde la experiencia interina a\u00f1ade valor. Llevamos a cabo evaluaciones detalladas y utilizamos fases de b\u00fasqueda estructuradas para garantizar que los candidatos re\u00fanen tanto las competencias como el encaje cultural.<\/p>\n<p>Los clientes se benefician porque este enfoque reduce costes, gestiona los riesgos y garantiza el cumplimiento de los plazos. La gesti\u00f3n interina es m\u00e1s que un parche: es una soluci\u00f3n estrat\u00e9gica para impulsar el cambio, alcanzar objetivos y apoyar el crecimiento empresarial. Adaptando los m\u00e9todos a cada tarea, ayudamos a las empresas a gestionar proyectos complejos, reestructuraciones y transiciones con confianza.<\/p>\n<h2>Por qu\u00e9 elegir Haldren para los servicios de b\u00fasqueda de directivos interinos<\/h2>\n<p>Elegir el servicio de interim management adecuado requiere confianza, confidencialidad y est\u00e1ndares \u00e9ticos. En Haldren, nos hemos forjado una reputaci\u00f3n de fiabilidad centr\u00e1ndonos en lo m\u00e1s importante: alcanzar los objetivos del cliente, salvaguardar la informaci\u00f3n y obtener resultados.<\/p>\n<p>Nuestros consultores aportan una amplia experiencia y mantienen la discreci\u00f3n durante todo el proceso de b\u00fasqueda. Se nos reconoce por apoyar a las organizaciones durante adquisiciones, reestructuraciones e iniciativas de desarrollo con directivos interinos que proporcionan estabilidad y un \u00e9xito mensurable.<\/p>\n<p>Nuestro alcance se extiende m\u00e1s all\u00e1 del mercado nacional, dando a los clientes acceso a ejecutivos internacionales. Al mismo tiempo, nuestro conocimiento local garantiza que los interim managers se alineen con las expectativas culturales y las realidades empresariales de Madrid.<\/p>\n<blockquote><p><strong>Nuestra misi\u00f3n es ofrecer soluciones de interim management que cubran puestos clave con rapidez y precisi\u00f3n, ayudando a las empresas a alcanzar objetivos inmediatos y crecimiento a largo plazo. Para saber c\u00f3mo Haldren puede cubrir sus necesidades de gesti\u00f3n interina en Madrid, p\u00f3ngase en contacto con nosotros hoy mismo y hablemos de la soluci\u00f3n adecuada para su empresa.<\/strong><\/p><\/blockquote>\n                            <\/div>\n        <\/div>\n    <\/div>\n<\/div>\n\n<div class=\"block-section accordion-main-section \">\n    <div class=\"container\">    \n                <div class=\"accordion-faqs\">\n            <h2 class=\"m-title\">Frequently Asked Questions (FAQs)<\/h2>\n                        <div class=\"item\">\n                <h3>\u00bfCu\u00e1nto dura una b\u00fasqueda de directivos interinos en Madrid?<\/h3>\n                <div class=\"faq-content\"><p>La mayor\u00eda de las b\u00fasquedas se completan en semanas, dependiendo de la complejidad del puesto y de las competencias requeridas. Nuestro proceso estructurado garantiza la eficiencia sin comprometer la calidad.<\/p>\n<\/div>\n            <\/div>\n                        <div class=\"item\">\n                <h3>\u00bfQu\u00e9 nivel de confidencialidad podemos esperar?<\/h3>\n                <div class=\"faq-content\"><p>La confidencialidad es fundamental en nuestra metodolog\u00eda. Protegemos la informaci\u00f3n de la empresa, los datos del candidato y los objetivos del proyecto durante todo el proceso.<\/p>\n<\/div>\n            <\/div>\n                        <div class=\"item\">\n                <h3>\u00bfEn qu\u00e9 medida participan los clientes en el proceso de gesti\u00f3n interina?<\/h3>\n                <div class=\"faq-content\"><p>Los clientes participan en la definici\u00f3n de objetivos, la revisi\u00f3n de las listas de preseleccionados y la aprobaci\u00f3n de los candidatos finales. Nosotros nos encargamos de la b\u00fasqueda, el an\u00e1lisis y la evaluaci\u00f3n, mientras que el cliente toma las decisiones.<\/p>\n<\/div>\n            <\/div>\n                        <div class=\"item\">\n                <h3>\u00bfContribuyen los gestores interinos m\u00e1s all\u00e1 de su misi\u00f3n?<\/h3>\n                <div class=\"faq-content\"><p>S\u00ed, los directivos interinos suelen dejar tras de s\u00ed sistemas m\u00e1s s\u00f3lidos, talento interno desarrollado y pr\u00e1cticas que benefician a la empresa m\u00e1s all\u00e1 del periodo concreto de contrataci\u00f3n.<\/p>\n<\/div>\n            <\/div>\n                    <\/div>\n            <\/div>\n<\/div><\/div><div class=\"sidebar-wrapper\">\n<div class=\"wpcf7 no-js\" id=\"wpcf7-f13-o1\" lang=\"\" dir=\"ltr\" data-wpcf7-id=\"13\">\n<div class=\"screen-reader-response\"><p role=\"status\" aria-live=\"polite\" aria-atomic=\"true\"><\/p> <ul><\/ul><\/div>\n<form action=\"\/madrid\/wp-json\/wp\/v2\/pages\/161#wpcf7-f13-o1\" method=\"post\" class=\"wpcf7-form init\" aria-label=\"Contact form\" enctype=\"multipart\/form-data\" novalidate=\"novalidate\" data-status=\"init\">\n<fieldset class=\"hidden-fields-container\"><input type=\"hidden\" name=\"_wpcf7\" value=\"13\" \/><input type=\"hidden\" name=\"_wpcf7_version\" value=\"6.1.5\" \/><input type=\"hidden\" name=\"_wpcf7_locale\" value=\"\" \/><input type=\"hidden\" name=\"_wpcf7_unit_tag\" value=\"wpcf7-f13-o1\" \/><input type=\"hidden\" name=\"_wpcf7_container_post\" value=\"0\" \/><input type=\"hidden\" name=\"_wpcf7_posted_data_hash\" value=\"\" \/>\n<\/fieldset>\n<input class=\"wpcf7-form-control wpcf7-hidden\" id=\"utm_source\" value=\"\" type=\"hidden\" name=\"utm_source\" \/>\n<input class=\"wpcf7-form-control wpcf7-hidden\" id=\"utm_medium\" value=\"\" type=\"hidden\" name=\"utm_medium\" \/>\n<input class=\"wpcf7-form-control wpcf7-hidden\" id=\"sideform_user_country\" value=\"\" type=\"hidden\" name=\"userCountry\" \/>\n<div class=\"form-grid-layout\">\n\t<div class=\"form-title\">\n\t\t<h2 class=\"title\">Thrive with Top Talent<br \/>\n- No Upfronts Fees\n\t\t<\/h2>\n\t\t<p>Have it easier with video interview clips and a candidate shortlist within 2-3 weeks\n\t\t<\/p>\n\t<\/div>\n\t<div class=\"input-field\">\n\t\t<p><label for=\"\">Name<\/label><br \/>\n<span class=\"wpcf7-form-control-wrap\" data-name=\"full-Name\"><input size=\"40\" maxlength=\"400\" class=\"wpcf7-form-control wpcf7-text wpcf7-validates-as-required\" aria-required=\"true\" aria-invalid=\"false\" value=\"\" type=\"text\" name=\"full-Name\" \/><\/span>\n\t\t<\/p>\n\t<\/div>\n\t<div class=\"input-field\">\n\t\t<p><label for=\"\">Email Address<\/label><br \/>\n<span class=\"wpcf7-form-control-wrap\" data-name=\"email-address\"><input size=\"40\" maxlength=\"400\" class=\"wpcf7-form-control wpcf7-email wpcf7-validates-as-required wpcf7-text wpcf7-validates-as-email\" aria-required=\"true\" aria-invalid=\"false\" value=\"\" type=\"email\" name=\"email-address\" \/><\/span>\n\t\t<\/p>\n\t<\/div>\n\t<div class=\"input-field\">\n\t\t<p><label for=\"\">Company<\/label><br \/>\n<span class=\"wpcf7-form-control-wrap\" data-name=\"company\"><input size=\"40\" maxlength=\"400\" class=\"wpcf7-form-control wpcf7-text\" aria-invalid=\"false\" value=\"\" type=\"text\" name=\"company\" \/><\/span>\n\t\t<\/p>\n\t<\/div>\n\t<div class=\"radiobox-field\">\n\t\t<p><span class=\"wpcf7-form-control-wrap\" data-name=\"radio-721company-status\"><span class=\"wpcf7-form-control wpcf7-radio\"><span class=\"wpcf7-list-item first\"><label><input type=\"radio\" name=\"radio-721company-status\" value=\"{Employer}\" \/><span class=\"wpcf7-list-item-label\">Employer<\/span><\/label><\/span><span class=\"wpcf7-list-item last\"><label><input type=\"radio\" name=\"radio-721company-status\" value=\"{Candidate}\" \/><span class=\"wpcf7-list-item-label\">Candidate<\/span><\/label><\/span><\/span><\/span>\n\t\t<\/p>\n\t<\/div>\n\t<div class=\"input-field\">\n\t\t<p><span class=\"wpcf7-form-control-wrap\" data-name=\"file-upload\"><input size=\"40\" class=\"wpcf7-form-control wpcf7-file\" accept=\".pdf\" aria-invalid=\"false\" type=\"file\" name=\"file-upload\" \/><\/span>\n\t\t<\/p>\n\t<\/div>\n\t<div class=\"textarea-field\">\n\t\t<p><label for=\"\">How can we help you?<\/label><br \/>\n<span class=\"wpcf7-form-control-wrap\" data-name=\"message\"><textarea cols=\"40\" rows=\"10\" maxlength=\"2000\" class=\"wpcf7-form-control wpcf7-textarea\" aria-invalid=\"false\" name=\"message\"><\/textarea><\/span>\n\t\t<\/p>\n\t<\/div>\n\t<p><span id=\"wpcf7-69fa27f688751-wrapper\" class=\"wpcf7-form-control-wrap nickname-wrap\" ><input id=\"wpcf7-69fa27f688751-field\"  class=\"wpcf7-form-control wpcf7-text\" type=\"text\" name=\"nickname\" value=\"\" size=\"40\" tabindex=\"-1\" autocomplete=\"off\" \/><\/span>\n\t<\/p>\n\t<div class=\"form-term\">\n\t\t<p>Submission of this form means you have agreed to our <a href=\"\/privacy-policy\/\" title=\"\">Privacy Policy<\/a> and <a href=\"\/terms-of-service\/\" title=\"\">Terms Conditions<\/a>\n\t\t<\/p>\n\t<\/div>\n\t<div class=\"submit-btn\">\n\t\t<p><input class=\"wpcf7-form-control wpcf7-submit has-spinner btn-box\" type=\"submit\" value=\"Get in Touch\" \/>\n\t\t<\/p>\n\t<\/div>\n<\/div><div class=\"wpcf7-response-output\" aria-hidden=\"true\"><\/div>\n<\/form>\n<\/div>\n<\/div><\/div>\n\n\n<div class=\"block-section client-reviews-slider \" style=\"background-color: #119084\">  \n    <div class=\"container\">\n                <div class=\"splide client-slider\">\n            <div class=\"splide__track\">\n                <div class=\"splide__list\">\n                                        <div class=\"splide__slide\">\n                        <div class=\"content-box\">\n                            <div class=\"content\">\n                                <p>&#8220;Trabajar con Haldren nos dio confianza en un momento cr\u00edtico. El gestor interino que presentaron estabiliz\u00f3 las operaciones, mantuvo los proyectos en marcha y gener\u00f3 confianza con nuestro equipo.&#8221;<\/p>\n                            <\/div>\n                                                        <div class=\"name\">\n                                <strong>Javier M.<\/strong>, \n                                Director de Operaciones                            <\/div>\n                                                    <\/div>\n                    <\/div>\n                                        <div class=\"splide__slide\">\n                        <div class=\"content-box\">\n                            <div class=\"content\">\n                                <p>&#8220;Los consultores de Haldren nos impresionaron por su profesionalidad y perspicacia. Escucharon nuestros objetivos e identificaron a un gestor interino que ofreci\u00f3 resultados durante una reestructuraci\u00f3n dif\u00edcil.&#8221;<\/p>\n                            <\/div>\n                                                        <div class=\"name\">\n                                <strong>Marta L.<\/strong>, \n                                Director General                            <\/div>\n                                                    <\/div>\n                    <\/div>\n                                        <div class=\"splide__slide\">\n                        <div class=\"content-box\">\n                            <div class=\"content\">\n                                <p>&#8220;Necesit\u00e1bamos a alguien con experiencia internacional y conocimiento del sector. El proceso de Haldren fue exhaustivo, y el gestor interino que contratamos nos ayud\u00f3 a tener \u00e9xito tanto en la estrategia como en la ejecuci\u00f3n.&#8221;<\/p>\n                            <\/div>\n                                                        <div class=\"name\">\n                                <strong>Luis G.<\/strong>, \n                                Director Financiero                            <\/div>\n                                                    <\/div>\n                    <\/div>\n                                    <\/div>\n            <\/div>\n        <\/div>\n            <\/div>\n<\/div>","protected":false},"excerpt":{"rendered":"","protected":false},"author":10,"featured_media":0,"parent":156,"menu_order":0,"comment_status":"closed","ping_status":"closed","template":"","meta":{"_acf_changed":false,"footnotes":""},"class_list":["post-161","page","type-page","status-publish","hentry"],"acf":[],"lang":"es","translations":{"es":161},"jetpack_sharing_enabled":true,"pll_sync_post":[],"_links":{"self":[{"href":"https:\/\/www.haldren.com\/madrid\/wp-json\/wp\/v2\/pages\/161","targetHints":{"allow":["GET"]}}],"collection":[{"href":"https:\/\/www.haldren.com\/madrid\/wp-json\/wp\/v2\/pages"}],"about":[{"href":"https:\/\/www.haldren.com\/madrid\/wp-json\/wp\/v2\/types\/page"}],"author":[{"embeddable":true,"href":"https:\/\/www.haldren.com\/madrid\/wp-json\/wp\/v2\/users\/10"}],"replies":[{"embeddable":true,"href":"https:\/\/www.haldren.com\/madrid\/wp-json\/wp\/v2\/comments?post=161"}],"version-history":[{"count":1,"href":"https:\/\/www.haldren.com\/madrid\/wp-json\/wp\/v2\/pages\/161\/revisions"}],"predecessor-version":[{"id":185,"href":"https:\/\/www.haldren.com\/madrid\/wp-json\/wp\/v2\/pages\/161\/revisions\/185"}],"up":[{"embeddable":true,"href":"https:\/\/www.haldren.com\/madrid\/wp-json\/wp\/v2\/pages\/156"}],"wp:attachment":[{"href":"https:\/\/www.haldren.com\/madrid\/wp-json\/wp\/v2\/media?parent=161"}],"curies":[{"name":"wp","href":"https:\/\/api.w.org\/{rel}","templated":true}]}}