{"id":162,"date":"2025-09-25T12:58:28","date_gmt":"2025-09-25T12:58:28","guid":{"rendered":"https:\/\/www.haldren.com\/madrid\/?page_id=71"},"modified":"2025-10-28T09:48:30","modified_gmt":"2025-10-28T09:48:30","slug":"cazatalentos","status":"publish","type":"page","link":"https:\/\/www.haldren.com\/madrid\/es\/adquisicion-de-talentos\/cazatalentos\/","title":{"rendered":"Cazatalentos"},"content":{"rendered":"\n  <link rel=\"preload\" as=\"image\" href=\"https:\/\/www.haldren.com\/madrid\/wp-content\/uploads\/sites\/38\/2025\/09\/madrid-city-e1758865269818.webp\" fetchpriority=\"high\">\n  <style>\n    .inner-banner-section {\n      background-image: url('https:\/\/www.haldren.com\/madrid\/wp-content\/uploads\/sites\/38\/2025\/09\/madrid-city-e1758865269818.webp');\n      background-size: cover;\n      background-position: center;\n      background-repeat: no-repeat;\n    }\n\n    @media (max-width: 768px) {\n      .inner-banner-section {\n        background-image: url('https:\/\/www.haldren.com\/madrid\/wp-content\/uploads\/sites\/38\/2025\/09\/madrid-city-e1758865269818.webp');\n      }\n    }\n  <\/style>\n\n<div class=\"block-section inner-banner-section lazyload bg-sty section-gaps top-border-line\">\n  <div class=\"container-fluid\">\n    <div class=\"content-wrap\">\n      <h1 class=\"title\">\n        Servicios de b\u00fasqueda de directivos en Madrid      <\/h1>\n      <span style=\"font-size: 18px;\">Ayudamos a las empresas madrile\u00f1as a nombrar directivos que refuercen su liderazgo e impulsen su crecimiento estrat\u00e9gico<\/span>\n    <\/div>\n  <\/div>\n<\/div>\n\n\n\n\n<div class=\"wp-block-custom-div-wrapper-block col-wrapper has-sidebar\"><div class=\"content-wrapper\" style=\"background-color:#002a26\">\n<div class=\"block-section section-gaps default-content-section \" \n     style=\"--text-color: #ffffff; --bg-color: #119084;\">\n    <div class=\"container\">\n        <div class=\"default-single-content-wrap\">\n            <div class=\"content-wrap\">\n                                    <h2>Principal empresa de b\u00fasqueda de directivos en Madrid<\/h2>\n<p>Haldren ofrece servicios de headhunting en Madrid para organizaciones que buscan ejecutivos capaces de guiar la estrategia, reforzar la gobernanza y gestionar prioridades complejas. Nuestros consultores combinan a\u00f1os de experiencia en la b\u00fasqueda de directivos con un enfoque constante en la discreci\u00f3n y la profesionalidad. Cada encargo se lleva a cabo con rigor, garantizando la confidencialidad a la vez que se eval\u00faa a los candidatos por sus cualidades de liderazgo, habilidades t\u00e9cnicas y capacidad para integrarse en la cultura de la empresa.<\/p>\n<p>Nuestro trabajo se define por un enfoque personalizado que alinea los objetivos de la empresa con la ambici\u00f3n del candidato. A trav\u00e9s de una red global y un profundo conocimiento de la comunidad empresarial madrile\u00f1a, identificamos profesionales capaces de aportar un valor a\u00f1adido medible en sectores como el digital, el energ\u00e9tico, el legal y el manufacturero.<\/p>\n<blockquote><p><strong>Los clientes aprecian nuestra eficiencia y la cercan\u00eda con la que gestionamos cada paso del proceso de selecci\u00f3n. Haldren es conocida en Madrid como un socio de headhunting de confianza, conectando el talento ejecutivo con las empresas de manera que se genere confianza y fuerza duradera.<\/strong><\/p><\/blockquote>\n<h2>Empresa de B\u00fasqueda de Directivos de primer nivel en Madrid<\/h2>\n<p>Nuestro compromiso con la b\u00fasqueda de directivos se basa en la creencia de que los altos directivos influyen en todos los aspectos del rendimiento organizativo. Al centrarnos en los nombramientos estrat\u00e9gicos, nos aseguramos de que las empresas obtengan ejecutivos que combinen perspicacia, disciplina y visi\u00f3n.<\/p>\n<p>Nuestros cazatalentos son reconocidos por su experiencia en la b\u00fasqueda de ejecutivos y su capacidad para llevar a cabo un proceso de selecci\u00f3n riguroso sin comprometer la confidencialidad. En Madrid, las empresas suelen buscar ejecutivos que puedan gestionar equipos diversos y, al mismo tiempo, posibilitar el crecimiento en los sectores energ\u00e9tico, digital, jur\u00eddico o de ingenier\u00eda.<\/p>\n<p>Mediante una evaluaci\u00f3n minuciosa y una comunicaci\u00f3n coherente, ayudamos a los clientes a crear estructuras de liderazgo que superen la prueba del tiempo.<\/p>\n<h4>Evaluaci\u00f3n<\/h4>\n<p>Las asignaciones comienzan con una cuidadosa revisi\u00f3n de los objetivos de la empresa y los requisitos del equipo. Dise\u00f1amos un perfil de candidato ideal que refleje no s\u00f3lo los antecedentes profesionales, sino tambi\u00e9n el encaje cultural y el estilo de liderazgo. El car\u00e1cter, la motivaci\u00f3n y la \u00e9tica de trabajo se tienen en cuenta para garantizar resultados sostenibles.<\/p>\n<h4>Adquisici\u00f3n de talento<\/h4>\n<p>Utilizamos una amplia red de contactos globales para encontrar candidatos con las aptitudes y la perspectiva adecuadas. Los m\u00e9todos de investigaci\u00f3n tradicionales se combinan con la difusi\u00f3n digital para identificar a ejecutivos que pueden no estar buscando activamente pero que son id\u00f3neos para liderar.<\/p>\n<h4>Transformaci\u00f3n organizativa<\/h4>\n<p>Nuestro papel va m\u00e1s all\u00e1 de los nombramientos de ejecutivos. Tambi\u00e9n asesoramos en la planificaci\u00f3n de la sucesi\u00f3n, el desarrollo del liderazgo y la alineaci\u00f3n organizativa. Al asociarse con Haldren, las empresas refuerzan la estabilidad mientras se preparan para el crecimiento a largo plazo.<\/p>\n<h2>Nuestro enfoque de la b\u00fasqueda de directivos<\/h2>\n<p>En Haldren, la b\u00fasqueda de directivos se lleva a cabo a trav\u00e9s de un proceso estructurado que prioriza la claridad, la confidencialidad y la alineaci\u00f3n cultural.<\/p>\n<p>Comenzamos con el descubrimiento, escuchando a los equipos de liderazgo y aclarando los objetivos inmediatos y a largo plazo. A continuaci\u00f3n trazamos un mapa del mercado, utilizando nuestra red global, contactos en el sector y recursos digitales para identificar posibles candidatos. Para cada puesto, preparamos un perfil detallado que abarca la experiencia t\u00e9cnica, las competencias de liderazgo y el ajuste cultural.<\/p>\n<p>El proceso de selecci\u00f3n incluye entrevistas estructuradas, evaluaciones psicom\u00e9tricas y evaluaciones basadas en datos. Nuestros consultores van m\u00e1s all\u00e1 de los curr\u00edculos para asegurarse de que los candidatos pueden integrarse sin problemas en los equipos y generar impacto r\u00e1pidamente. Las listas de candidatos preseleccionados se elaboran con transparencia, proporcionando a las empresas informaci\u00f3n clara para tomar decisiones con confianza.<\/p>\n<p>Integramos t\u00e9cnicas digitales modernas, como la publicidad dirigida y la b\u00fasqueda en l\u00ednea, con pr\u00e1cticas tradicionales de headhunting, como el contacto directo y las referencias profesionales. Este m\u00e9todo equilibrado nos permite encontrar candidatos que combinan aptitudes probadas con la capacidad de adaptarse a las necesidades cambiantes de la empresa.<\/p>\n<p>Nuestro enfoque se centra siempre en resultados sostenibles. Manteniendo la confidencialidad y el rigor, nos aseguramos de que los ejecutivos no s\u00f3lo sean contratados, sino que est\u00e9n posicionados para tener \u00e9xito a largo plazo.<\/p>\n<h2>Nuestra experiencia como l\u00edderes en selecci\u00f3n de directivos en Madrid<\/h2>\n<p>Nuestro equipo ha ayudado a empresas de todo Madrid a contratar ejecutivos para puestos que requieren profundidad t\u00e9cnica, liderazgo y criterio. Desde funciones legales y digitales hasta proyectos energ\u00e9ticos y liderazgo en ingenier\u00eda, aportamos una visi\u00f3n de los retos espec\u00edficos del sector y de c\u00f3mo los ejecutivos adecuados pueden abordarlos.<\/p>\n<p>Nuestros consultores se mantienen al d\u00eda de los desarrollos del mercado, perfeccionando sus m\u00e9todos para mantenerse a la vanguardia de la b\u00fasqueda de directivos. Evaluamos no s\u00f3lo las competencias, sino tambi\u00e9n el estilo de liderazgo y la contribuci\u00f3n cultural, garantizando que cada colocaci\u00f3n refuerce tanto el rendimiento como la cohesi\u00f3n.<\/p>\n<h4>Algunas \u00e1reas en las que nos especializamos<\/h4>\n<p>Ofrecemos apoyo en la b\u00fasqueda de directivos en sectores clave para la econom\u00eda madrile\u00f1a. Esto incluye funciones digitales y tecnol\u00f3gicas, liderazgo en el sector energ\u00e9tico y manufacturero, y nombramientos de altos cargos en servicios jur\u00eddicos y financieros. Nuestros consultores se adaptan al contexto de cada empresa manteniendo unos est\u00e1ndares de excelencia constantes.<\/p>\n<h4>Ejemplos de puestos para los que contratamos<\/h4>\n<p>Reclutamos regularmente para puestos de alta direcci\u00f3n, incluidos nombramientos de C-suite como Director de Operaciones y Director Financiero. Tambi\u00e9n trabajamos con empresas para contratar directores y altos directivos en los sectores digital, energ\u00e9tico, jur\u00eddico y de ingenier\u00eda.<\/p>\n<blockquote><p><strong>P\u00f3ngase en contacto con Haldren hoy mismo para saber c\u00f3mo nuestro equipo puede ayudarle a identificar a los ejecutivos que su organizaci\u00f3n necesita para tener \u00e9xito.<\/strong><\/p><\/blockquote>\n<h2>Por qu\u00e9 Haldren utiliza un enfoque personalizado para el reclutamiento<\/h2>\n<p>No hay dos empresas que se enfrenten a los mismos retos, raz\u00f3n por la cual evitamos el reclutamiento de talla \u00fanica. Nuestros consultores han visto c\u00f3mo los enfoques estandarizados a menudo pasan por alto el ajuste cultural o los factores de motivaci\u00f3n que determinan el \u00e9xito a largo plazo.<\/p>\n<p>En nuestro trabajo con empresas de todo Madrid, hemos aprendido que los estilos de liderazgo deben reflejar las prioridades de la organizaci\u00f3n. En proyectos digitales, la innovaci\u00f3n puede ser lo m\u00e1s importante; en entornos energ\u00e9ticos o jur\u00eddicos, la estabilidad y la confianza suelen ser decisivas. Estas lecciones determinan la forma en que evaluamos y presentamos a los candidatos.<\/p>\n<p>Cada contrataci\u00f3n es \u00fanica. Definimos los requisitos del puesto, llevamos a cabo un riguroso proceso de selecci\u00f3n y permanecemos cerca tanto de la empresa como del candidato durante la integraci\u00f3n. Este enfoque garantiza la eficacia a la vez que crea estructuras de liderazgo que apoyan el crecimiento a largo plazo.<\/p>\n<h2>Por qu\u00e9 elegir Haldren para Headhunting<\/h2>\n<p>Nuestra reputaci\u00f3n se basa en la confianza, la confidencialidad y los resultados constantes. Las empresas vuelven a nosotros porque combinamos discreci\u00f3n con un enfoque disciplinado de la b\u00fasqueda de directivos. Somos headhunters consolidados que se aseguran de que cada candidato sea evaluado minuciosamente a la vez que salvaguardan la informaci\u00f3n sensible.<\/p>\n<p>Nuestro alcance es global, pero nos mantenemos cerca del entorno empresarial de Madrid, asegur\u00e1ndonos de que los ejecutivos que presentamos est\u00e1n tanto t\u00e9cnicamente cualificados como culturalmente alineados. Cada b\u00fasqueda se gestiona con eficiencia, profundidad y un claro compromiso con la excelencia.<\/p>\n<p>Haldren es reconocida por construir asociaciones a largo plazo, no s\u00f3lo por cubrir puestos. Los clientes valoran nuestra capacidad para identificar l\u00edderes que encajan perfectamente en los equipos y fortalecen las organizaciones a lo largo del tiempo.<\/p>\n<blockquote><p><strong>P\u00f3ngase en contacto con Haldren hoy mismo para iniciar una conversaci\u00f3n sobre las necesidades de headhunting de su empresa en Madrid.<\/strong><\/p><\/blockquote>\n                            <\/div>\n        <\/div>\n    <\/div>\n<\/div>\n\n<div class=\"block-section accordion-main-section \">\n    <div class=\"container\">    \n                <div class=\"accordion-faqs\">\n            <h2 class=\"m-title\">Frequently Asked Questions (FAQs)<\/h2>\n                        <div class=\"item\">\n                <h3>\u00bfQu\u00e9 medidas toman para garantizar la confidencialidad?<\/h3>\n                <div class=\"faq-content\"><p>Restringimos el acceso a datos confidenciales, gestionamos la comunicaci\u00f3n a trav\u00e9s de canales seguros y respetamos los acuerdos de confidencialidad en todas las fases de la b\u00fasqueda.<\/p>\n<\/div>\n            <\/div>\n                        <div class=\"item\">\n                <h3>\u00bfC\u00f3mo evaluar a los candidatos m\u00e1s all\u00e1 de su experiencia?<\/h3>\n                <div class=\"faq-content\"><p>Utilizamos entrevistas estructuradas, evaluaciones psicom\u00e9tricas y m\u00e9todos de evaluaci\u00f3n basados en datos para evaluar la motivaci\u00f3n, el estilo de liderazgo y la alineaci\u00f3n cultural, adem\u00e1s de las competencias t\u00e9cnicas.<\/p>\n<\/div>\n            <\/div>\n                        <div class=\"item\">\n                <h3>\u00bfQu\u00e9 papel desempe\u00f1an los clientes en el proceso de selecci\u00f3n?<\/h3>\n                <div class=\"faq-content\"><p>Mantenemos a los clientes involucrados en todo momento, proporcion\u00e1ndoles actualizaciones detalladas, perfiles de funciones y listas de candidatos preseleccionados. Las entrevistas finales se gestionan en colaboraci\u00f3n para garantizar la alineaci\u00f3n con los objetivos de la empresa.<\/p>\n<\/div>\n            <\/div>\n                        <div class=\"item\">\n                <h3>\u00bfProporcionan apoyo tras la incorporaci\u00f3n del candidato?<\/h3>\n                <div class=\"faq-content\"><p>S\u00ed. Nuestros consultores permanecen disponibles durante la incorporaci\u00f3n para garantizar una transici\u00f3n fluida. Ayudamos tanto a la empresa como al nuevo ejecutivo a establecer confianza y claridad desde el primer d\u00eda.<\/p>\n<\/div>\n            <\/div>\n                    <\/div>\n            <\/div>\n<\/div><\/div><div class=\"sidebar-wrapper\">\n<div class=\"wpcf7 no-js\" id=\"wpcf7-f13-o1\" lang=\"\" dir=\"ltr\" data-wpcf7-id=\"13\">\n<div class=\"screen-reader-response\"><p role=\"status\" aria-live=\"polite\" aria-atomic=\"true\"><\/p> <ul><\/ul><\/div>\n<form action=\"\/madrid\/wp-json\/wp\/v2\/pages\/162#wpcf7-f13-o1\" method=\"post\" class=\"wpcf7-form init\" aria-label=\"Contact form\" enctype=\"multipart\/form-data\" novalidate=\"novalidate\" data-status=\"init\">\n<fieldset class=\"hidden-fields-container\"><input type=\"hidden\" name=\"_wpcf7\" value=\"13\" \/><input type=\"hidden\" name=\"_wpcf7_version\" value=\"6.1.5\" \/><input type=\"hidden\" name=\"_wpcf7_locale\" value=\"\" \/><input type=\"hidden\" name=\"_wpcf7_unit_tag\" value=\"wpcf7-f13-o1\" \/><input type=\"hidden\" name=\"_wpcf7_container_post\" value=\"0\" \/><input type=\"hidden\" name=\"_wpcf7_posted_data_hash\" value=\"\" \/>\n<\/fieldset>\n<input class=\"wpcf7-form-control wpcf7-hidden\" id=\"utm_source\" value=\"\" type=\"hidden\" name=\"utm_source\" \/>\n<input class=\"wpcf7-form-control wpcf7-hidden\" id=\"utm_medium\" value=\"\" type=\"hidden\" name=\"utm_medium\" \/>\n<input class=\"wpcf7-form-control wpcf7-hidden\" id=\"sideform_user_country\" value=\"\" type=\"hidden\" name=\"userCountry\" \/>\n<div class=\"form-grid-layout\">\n\t<div class=\"form-title\">\n\t\t<h2 class=\"title\">Thrive with Top Talent<br \/>\n- No Upfronts Fees\n\t\t<\/h2>\n\t\t<p>Have it easier with video interview clips and a candidate shortlist within 2-3 weeks\n\t\t<\/p>\n\t<\/div>\n\t<div class=\"input-field\">\n\t\t<p><label for=\"\">Name<\/label><br \/>\n<span class=\"wpcf7-form-control-wrap\" data-name=\"full-Name\"><input size=\"40\" maxlength=\"400\" class=\"wpcf7-form-control wpcf7-text wpcf7-validates-as-required\" aria-required=\"true\" aria-invalid=\"false\" value=\"\" type=\"text\" name=\"full-Name\" \/><\/span>\n\t\t<\/p>\n\t<\/div>\n\t<div class=\"input-field\">\n\t\t<p><label for=\"\">Email Address<\/label><br \/>\n<span class=\"wpcf7-form-control-wrap\" data-name=\"email-address\"><input size=\"40\" maxlength=\"400\" class=\"wpcf7-form-control wpcf7-email wpcf7-validates-as-required wpcf7-text wpcf7-validates-as-email\" aria-required=\"true\" aria-invalid=\"false\" value=\"\" type=\"email\" name=\"email-address\" \/><\/span>\n\t\t<\/p>\n\t<\/div>\n\t<div class=\"input-field\">\n\t\t<p><label for=\"\">Company<\/label><br \/>\n<span class=\"wpcf7-form-control-wrap\" data-name=\"company\"><input size=\"40\" maxlength=\"400\" class=\"wpcf7-form-control wpcf7-text\" aria-invalid=\"false\" value=\"\" type=\"text\" name=\"company\" \/><\/span>\n\t\t<\/p>\n\t<\/div>\n\t<div class=\"radiobox-field\">\n\t\t<p><span class=\"wpcf7-form-control-wrap\" data-name=\"radio-721company-status\"><span class=\"wpcf7-form-control wpcf7-radio\"><span class=\"wpcf7-list-item first\"><label><input type=\"radio\" name=\"radio-721company-status\" value=\"{Employer}\" \/><span class=\"wpcf7-list-item-label\">Employer<\/span><\/label><\/span><span class=\"wpcf7-list-item last\"><label><input type=\"radio\" name=\"radio-721company-status\" value=\"{Candidate}\" \/><span class=\"wpcf7-list-item-label\">Candidate<\/span><\/label><\/span><\/span><\/span>\n\t\t<\/p>\n\t<\/div>\n\t<div class=\"input-field\">\n\t\t<p><span class=\"wpcf7-form-control-wrap\" data-name=\"file-upload\"><input size=\"40\" class=\"wpcf7-form-control wpcf7-file\" accept=\".pdf\" aria-invalid=\"false\" type=\"file\" name=\"file-upload\" \/><\/span>\n\t\t<\/p>\n\t<\/div>\n\t<div class=\"textarea-field\">\n\t\t<p><label for=\"\">How can we help you?<\/label><br \/>\n<span class=\"wpcf7-form-control-wrap\" data-name=\"message\"><textarea cols=\"40\" rows=\"10\" maxlength=\"2000\" class=\"wpcf7-form-control wpcf7-textarea\" aria-invalid=\"false\" name=\"message\"><\/textarea><\/span>\n\t\t<\/p>\n\t<\/div>\n\t<p><span id=\"wpcf7-69fa266422888-wrapper\" class=\"wpcf7-form-control-wrap nickname-wrap\" ><input id=\"wpcf7-69fa266422888-field\"  class=\"wpcf7-form-control wpcf7-text\" type=\"text\" name=\"nickname\" value=\"\" size=\"40\" tabindex=\"-1\" autocomplete=\"off\" \/><\/span>\n\t<\/p>\n\t<div class=\"form-term\">\n\t\t<p>Submission of this form means you have agreed to our <a href=\"\/privacy-policy\/\" title=\"\">Privacy Policy<\/a> and <a href=\"\/terms-of-service\/\" title=\"\">Terms Conditions<\/a>\n\t\t<\/p>\n\t<\/div>\n\t<div class=\"submit-btn\">\n\t\t<p><input class=\"wpcf7-form-control wpcf7-submit has-spinner btn-box\" type=\"submit\" value=\"Get in Touch\" \/>\n\t\t<\/p>\n\t<\/div>\n<\/div><div class=\"wpcf7-response-output\" aria-hidden=\"true\"><\/div>\n<\/form>\n<\/div>\n<\/div><\/div>\n\n\n<div class=\"block-section client-reviews-slider \" style=\"background-color: #119084\">  \n    <div class=\"container\">\n                <div class=\"splide client-slider\">\n            <div class=\"splide__track\">\n                <div class=\"splide__list\">\n                                        <div class=\"splide__slide\">\n                        <div class=\"content-box\">\n                            <div class=\"content\">\n                                <p>&#8220;Los consultores de Haldren gestionaron el proceso con profesionalidad de principio a fin. Nos impresion\u00f3 su confidencialidad y la calidad de los candidatos presentados.&#8221;<\/p>\n                            <\/div>\n                                                        <div class=\"name\">\n                                <strong>Alejandro S.<\/strong>, \n                                DIRECTOR GENERAL                            <\/div>\n                                                    <\/div>\n                    <\/div>\n                                        <div class=\"splide__slide\">\n                        <div class=\"content-box\">\n                            <div class=\"content\">\n                                <p>&#8220;La experiencia del equipo fue evidente en todo momento. Nos ayudaron a definir el puesto, llevaron a cabo un riguroso proceso de selecci\u00f3n y se aseguraron de que el candidato final encajara culturalmente a la perfecci\u00f3n.&#8221;<\/p>\n                            <\/div>\n                                                        <div class=\"name\">\n                                <strong>Marta P.<\/strong>, \n                                Director de RRHH                            <\/div>\n                                                    <\/div>\n                    <\/div>\n                                        <div class=\"splide__slide\">\n                        <div class=\"content-box\">\n                            <div class=\"content\">\n                                <p>&#8220;Valoramos la eficacia del proceso. Haldren present\u00f3 una preselecci\u00f3n de candidatos que cumpl\u00edan todos nuestros requisitos, lo que facilit\u00f3 la decisi\u00f3n final.&#8221;<\/p>\n                            <\/div>\n                                                        <div class=\"name\">\n                                <strong>Diego L.<\/strong>, \n                                Director de Operaciones                            <\/div>\n                                                    <\/div>\n                    <\/div>\n                                    <\/div>\n            <\/div>\n        <\/div>\n            <\/div>\n<\/div>","protected":false},"excerpt":{"rendered":"","protected":false},"author":10,"featured_media":0,"parent":156,"menu_order":0,"comment_status":"closed","ping_status":"closed","template":"","meta":{"_acf_changed":false,"footnotes":""},"class_list":["post-162","page","type-page","status-publish","hentry"],"acf":[],"lang":"es","translations":{"es":162},"jetpack_sharing_enabled":true,"pll_sync_post":[],"_links":{"self":[{"href":"https:\/\/www.haldren.com\/madrid\/wp-json\/wp\/v2\/pages\/162","targetHints":{"allow":["GET"]}}],"collection":[{"href":"https:\/\/www.haldren.com\/madrid\/wp-json\/wp\/v2\/pages"}],"about":[{"href":"https:\/\/www.haldren.com\/madrid\/wp-json\/wp\/v2\/types\/page"}],"author":[{"embeddable":true,"href":"https:\/\/www.haldren.com\/madrid\/wp-json\/wp\/v2\/users\/10"}],"replies":[{"embeddable":true,"href":"https:\/\/www.haldren.com\/madrid\/wp-json\/wp\/v2\/comments?post=162"}],"version-history":[{"count":1,"href":"https:\/\/www.haldren.com\/madrid\/wp-json\/wp\/v2\/pages\/162\/revisions"}],"predecessor-version":[{"id":180,"href":"https:\/\/www.haldren.com\/madrid\/wp-json\/wp\/v2\/pages\/162\/revisions\/180"}],"up":[{"embeddable":true,"href":"https:\/\/www.haldren.com\/madrid\/wp-json\/wp\/v2\/pages\/156"}],"wp:attachment":[{"href":"https:\/\/www.haldren.com\/madrid\/wp-json\/wp\/v2\/media?parent=162"}],"curies":[{"name":"wp","href":"https:\/\/api.w.org\/{rel}","templated":true}]}}