{"id":163,"date":"2025-09-25T13:05:17","date_gmt":"2025-09-25T13:05:17","guid":{"rendered":"https:\/\/www.haldren.com\/madrid\/?page_id=73"},"modified":"2025-10-28T09:49:59","modified_gmt":"2025-10-28T09:49:59","slug":"contratacion","status":"publish","type":"page","link":"https:\/\/www.haldren.com\/madrid\/es\/adquisicion-de-talentos\/contratacion\/","title":{"rendered":"Contrataci\u00f3n"},"content":{"rendered":"\n  <link rel=\"preload\" as=\"image\" href=\"https:\/\/www.haldren.com\/madrid\/wp-content\/uploads\/sites\/38\/2025\/09\/madrid-city-e1758865269818.webp\" fetchpriority=\"high\">\n  <style>\n    .inner-banner-section {\n      background-image: url('https:\/\/www.haldren.com\/madrid\/wp-content\/uploads\/sites\/38\/2025\/09\/madrid-city-e1758865269818.webp');\n      background-size: cover;\n      background-position: center;\n      background-repeat: no-repeat;\n    }\n\n    @media (max-width: 768px) {\n      .inner-banner-section {\n        background-image: url('https:\/\/www.haldren.com\/madrid\/wp-content\/uploads\/sites\/38\/2025\/09\/madrid-city-e1758865269818.webp');\n      }\n    }\n  <\/style>\n\n<div class=\"block-section inner-banner-section lazyload bg-sty section-gaps top-border-line\">\n  <div class=\"container-fluid\">\n    <div class=\"content-wrap\">\n      <h1 class=\"title\">\n        Servicios de contrataci\u00f3n en Madrid      <\/h1>\n      <span style=\"font-size: 18px;\">Ayudamos a las empresas madrile\u00f1as a encontrar l\u00edderes que impulsen la estrategia y aporten un valor mensurable<\/span>\n    <\/div>\n  <\/div>\n<\/div>\n\n\n\n\n<div class=\"wp-block-custom-div-wrapper-block col-wrapper has-sidebar\"><div class=\"content-wrapper\" style=\"background-color:#002a26\">\n<div class=\"block-section section-gaps default-content-section \" \n     style=\"--text-color: #ffffff; --bg-color: #119084;\">\n    <div class=\"container\">\n        <div class=\"default-single-content-wrap\">\n            <div class=\"content-wrap\">\n                                    <h2 data-pm-slice=\"1 1 []\">Principal proveedor de servicios de contrataci\u00f3n en Madrid<\/h2>\n<p>Ponemos en contacto a organizaciones con sede en Madrid con l\u00edderes que pueden reforzar el rendimiento y guiar el crecimiento sostenible. Nuestros consultores aplican su experiencia en b\u00fasqueda de directivos y recursos humanos para gestionar cada asignaci\u00f3n con disciplina y cuidado. En un panorama de contrataci\u00f3n tan competitivo como el de Espa\u00f1a, ofrecemos un proceso de selecci\u00f3n claro y estructurado que sirve a los intereses tanto de las empresas como de los candidatos. Mediante la integraci\u00f3n de una investigaci\u00f3n espec\u00edfica con una amplia red internacional, creamos soluciones de selecci\u00f3n de personal que responden a retos espec\u00edficos a la vez que promueven las ambiciones empresariales a largo plazo. Nuestro trabajo en Madrid se basa en una reputaci\u00f3n de discreci\u00f3n, precisi\u00f3n y resultados duraderos.<\/p>\n<h2>La mejor empresa de b\u00fasqueda de directivos en Madrid<\/h2>\n<p>Creemos que la selecci\u00f3n de personal consiste en dar forma al futuro de una empresa: c\u00f3mo crece, se adapta y compite. Nuestros consultores se comprometen con los profesionales utilizando un equilibrio de conocimientos t\u00e9cnicos y perspicacia humana, lo que garantiza que una organizaci\u00f3n obtenga l\u00edderes que construyan resiliencia y creen oportunidades de desarrollo. Somos conocidos en toda Espa\u00f1a por presentar candidatos excepcionales y por gestionar cada proceso de b\u00fasqueda con transparencia.<\/p>\n<h4>Evaluaci\u00f3n<\/h4>\n<p>Cada proyecto comienza con un an\u00e1lisis detallado de los objetivos de negocio y las prioridades de contrataci\u00f3n de la empresa. Trabajamos en colaboraci\u00f3n para desarrollar un perfil de candidato ideal que capte la cultura de la empresa, los requisitos t\u00e9cnicos y las motivaciones. Este paso fundamental permite que nuestras evaluaciones vayan m\u00e1s all\u00e1 del conjunto de habilidades, incorporando la personalidad y la \u00e9tica de trabajo.<\/p>\n<h4>Adquisici\u00f3n de talento<\/h4>\n<p>Nuestra amplia red de contactos en Madrid, Espa\u00f1a y el resto del mundo nos permite acceder a profesionales cualificados de numerosos sectores. Utilizamos m\u00e9todos de b\u00fasqueda establecidos junto con modernos recursos digitales para conectar con candidatos activos y pasivos, presentando a las empresas l\u00edderes con una visi\u00f3n y experiencia demostradas.<\/p>\n<h4>Transformaci\u00f3n organizativa<\/h4>\n<p>M\u00e1s all\u00e1 de las colocaciones individuales, ofrecemos orientaci\u00f3n de recursos humanos en la evaluaci\u00f3n del liderazgo, la planificaci\u00f3n de la sucesi\u00f3n y el dise\u00f1o organizativo. Estos servicios de asesoramiento ayudan a las empresas a reforzar su gobernanza interna y a posicionarse para un \u00e9xito duradero.<\/p>\n<h2>Nuestro enfoque de la selecci\u00f3n de personal<\/h2>\n<p>Nuestros servicios de selecci\u00f3n de personal en Madrid siguen un m\u00e9todo disciplinado dise\u00f1ado para identificar el mejor talento. Cada proyecto comienza con sesiones de descubrimiento en las que nuestros consultores escuchan las prioridades de la empresa y establecen expectativas claras para un resultado exitoso. A partir de estas conversaciones, creamos un detallado cuadro de mando de funciones y un perfil de candidato para guiar la b\u00fasqueda.<\/p>\n<p>A continuaci\u00f3n, realizamos un estudio de mercado y un mapeo del talento, aprovechando nuestros recursos internacionales y nuestro profundo conocimiento local. Llegamos a los candidatos potenciales a trav\u00e9s de contactos directos, redes profesionales y canales de b\u00fasqueda de directivos. Nuestro trabajo tambi\u00e9n incorpora la difusi\u00f3n en las redes sociales y la publicidad espec\u00edfica para garantizar la visibilidad en las plataformas pertinentes.<\/p>\n<p>La selecci\u00f3n de las personas implica entrevistas estructuradas, evaluaciones psicom\u00e9tricas y una revisi\u00f3n exhaustiva de sus cualificaciones. Prestamos especial atenci\u00f3n al estilo de liderazgo, la motivaci\u00f3n y la alineaci\u00f3n cultural, presentando \u00fanicamente a profesionales que est\u00e9n preparados para contribuir desde el primer d\u00eda. A lo largo del proceso de selecci\u00f3n, mantenemos informados a nuestros clientes con actualizaciones constantes y listas de preseleccionados bien definidas.<\/p>\n<p>Este proceso consultivo es deliberado y \u00e9tico. Hacemos hincapi\u00e9 en la diversidad, mantenemos el respeto por cada candidato y nos aseguramos de que nuestros esfuerzos est\u00e9n en consonancia con los objetivos de la empresa. La durabilidad de nuestras colocaciones demuestra el valor de un enfoque reflexivo.<\/p>\n<h2>Nuestra experiencia como l\u00edderes en selecci\u00f3n de directivos en Madrid<\/h2>\n<p>Nuestro equipo en Espa\u00f1a a\u00fana la perspicacia t\u00e9cnica con la experiencia pr\u00e1ctica en el sector, lo que nos capacita para gestionar necesidades empresariales complejas. Muchos de nuestros consultores tienen experiencia en consultor\u00eda estrat\u00e9gica, liderazgo de RR.HH. y b\u00fasqueda de directivos, lo que les capacita para entender tanto las estructuras organizativas como los retos de liderazgo.<\/p>\n<p>Tratamos la confidencialidad como una prioridad constante. Cada miembro de nuestro equipo ampl\u00eda continuamente sus conocimientos mediante la formaci\u00f3n profesional y la participaci\u00f3n activa en debates del sector. Al combinar los objetivos del cliente con nuestros servicios especializados, ponemos en contacto a las empresas con profesionales que aportan un valor inmediato al tiempo que refuerzan la estrategia a largo plazo.<\/p>\n<h4>Algunas \u00e1reas en las que nos especializamos<\/h4>\n<p>Nuestro trabajo en Madrid se centra a menudo en los sectores industrial, financiero, energ\u00e9tico, jur\u00eddico y tecnol\u00f3gico. Cada b\u00fasqueda que realizamos refleja un fuerte enfoque en alinear la estrategia de una organizaci\u00f3n con las personas adecuadas. Esta cobertura espec\u00edfica del sector garantiza que los objetivos del cliente se cumplan con precisi\u00f3n y perspicacia.<\/p>\n<h4>Ejemplos de puestos para los que reclutamos<\/h4>\n<p>Colocamos talentos de nivel senior y ejecutivo, incluidos funcionarios de la C-suite, directores, jefes funcionales y gestores de proyectos clave. Nuestra misi\u00f3n para cada misi\u00f3n es presentar a los candidatos m\u00e1s fuertes que encajen tanto con la cultura de la empresa como con sus prioridades estrat\u00e9gicas.<\/p>\n<p>Agradecemos una conversaci\u00f3n sobre los roles de liderazgo que fortalecer\u00edan una organizaci\u00f3n.<\/p>\n<h2>Por qu\u00e9 Haldren utiliza un enfoque personalizado para el reclutamiento<\/h2>\n<p>Nuestra experiencia nos ha demostrado que un enfoque \u00fanico del reclutamiento rara vez tiene \u00e9xito y a menudo resulta en contrataciones a corto plazo. Nosotros enfocamos la contrataci\u00f3n de forma diferente. Nuestros consultores empiezan escuchando y luego elaboran una estrategia que se adapte a las necesidades espec\u00edficas de cada organizaci\u00f3n.<\/p>\n<p>Cada empresa se enfrenta a sus propios retos. Algunas pueden necesitar apoyo inmediato para una vacante cr\u00edtica, mientras que otras necesitan un l\u00edder para un desarrollo a largo plazo. Combinando una investigaci\u00f3n estructurada con una comunicaci\u00f3n abierta, dise\u00f1amos un proceso que responde a las necesidades espec\u00edficas sin comprometer la calidad.<\/p>\n<p>Para nosotros, un enfoque a medida significa algo m\u00e1s que presentar una lista de preseleccionados; se trata de asegurar un talento que apoye la estabilidad y el crecimiento. Las lecciones que hemos aprendido trabajando con organizaciones de toda Espa\u00f1a refuerzan nuestra creencia de que el reclutamiento es m\u00e1s eficaz cuando es a la vez preciso y adaptable.<\/p>\n<h2>Por qu\u00e9 elegir Haldren para el reclutamiento<\/h2>\n<p>Discreci\u00f3n, \u00e9tica y confianza son las bases de nuestro trabajo. Gestionamos cada proceso de selecci\u00f3n con cuidado, protegiendo los intereses tanto de la empresa como de los candidatos implicados. Las empresas de Madrid y Espa\u00f1a valoran nuestra reputaci\u00f3n por ofrecer resultados consistentes y fomentar colaboraciones a largo plazo.<\/p>\n<p>La experiencia combinada de nuestros consultores nos permite llevar a cabo todo el proceso con profesionalidad, desde el descubrimiento inicial hasta la incorporaci\u00f3n final. Con acceso a una amplia red, podemos buscar en diversos sectores para presentar profesionales que cumplan los requisitos m\u00e1s exigentes.<\/p>\n<p>Nos centramos en construir relaciones duraderas, no s\u00f3lo en cubrir puestos. Nuestros clientes reconocen el compromiso que aportamos a cada proyecto, la claridad de nuestra comunicaci\u00f3n y el calibre de los l\u00edderes que presentamos.<\/p>\n<blockquote><p><strong>Cuando est\u00e9 listo para reforzar su empresa con los mejores talentos, estaremos encantados de apoyarle en su pr\u00f3ximo proyecto de contrataci\u00f3n.<\/strong><\/p><\/blockquote>\n                            <\/div>\n        <\/div>\n    <\/div>\n<\/div>\n\n<div class=\"block-section accordion-main-section \">\n    <div class=\"container\">    \n                <div class=\"accordion-faqs\">\n            <h2 class=\"m-title\">Frequently Asked Questions (FAQs)<\/h2>\n                        <div class=\"item\">\n                <h3>\u00bfC\u00f3mo asegurarse de que los candidatos son los adecuados?<\/h3>\n                <div class=\"faq-content\"><p>Comenzamos creando un perfil del candidato ideal que detalla los requisitos t\u00e9cnicos, las cualidades de liderazgo y la alineaci\u00f3n cultural. A continuaci\u00f3n, cada persona pasa por entrevistas y evaluaciones estructuradas antes de que se realice una presentaci\u00f3n.<\/p>\n<\/div>\n            <\/div>\n                        <div class=\"item\">\n                <h3>\u00bfEn qu\u00e9 medida participaremos en el proceso de contrataci\u00f3n?<\/h3>\n                <div class=\"faq-content\"><p>Nuestro proceso est\u00e1 dise\u00f1ado para ser colaborativo. Proporcionamos peri\u00f3dicamente listas de preseleccionados e informes de progreso para las decisiones clave, lo que ahorra tiempo mientras nuestro equipo gestiona las actividades operativas de b\u00fasqueda. Este equilibrio mantiene a los l\u00edderes de la empresa comprometidos donde m\u00e1s importa.<\/p>\n<\/div>\n            <\/div>\n                        <div class=\"item\">\n                <h3>\u00bfPuede Haldren gestionar encargos confidenciales?<\/h3>\n                <div class=\"faq-content\"><p>La confidencialidad es fundamental en nuestro trabajo. Mantenemos una discreci\u00f3n absoluta a lo largo de toda la misi\u00f3n, protegiendo la identidad de la empresa y gestionando cuidadosamente todas las comunicaciones hasta el momento adecuado para compartir los detalles con los posibles candidatos.<\/p>\n<\/div>\n            <\/div>\n                        <div class=\"item\">\n                <h3>\u00bfQu\u00e9 apoyo se presta tras la incorporaci\u00f3n de un candidato?<\/h3>\n                <div class=\"faq-content\"><p>Nuestra colaboraci\u00f3n va m\u00e1s all\u00e1 de la colocaci\u00f3n inicial. Realizamos seguimientos posteriores a la colocaci\u00f3n para garantizar que tanto la empresa como el nuevo profesional dispongan de los recursos necesarios para una transici\u00f3n satisfactoria. Este apoyo continuo contribuye a garantizar resultados positivos a largo plazo.<\/p>\n<\/div>\n            <\/div>\n                    <\/div>\n            <\/div>\n<\/div><\/div><div class=\"sidebar-wrapper\">\n<div class=\"wpcf7 no-js\" id=\"wpcf7-f13-o1\" lang=\"\" dir=\"ltr\" data-wpcf7-id=\"13\">\n<div class=\"screen-reader-response\"><p role=\"status\" aria-live=\"polite\" aria-atomic=\"true\"><\/p> <ul><\/ul><\/div>\n<form action=\"\/madrid\/wp-json\/wp\/v2\/pages\/163#wpcf7-f13-o1\" method=\"post\" class=\"wpcf7-form init\" aria-label=\"Contact form\" enctype=\"multipart\/form-data\" novalidate=\"novalidate\" data-status=\"init\">\n<fieldset class=\"hidden-fields-container\"><input type=\"hidden\" name=\"_wpcf7\" value=\"13\" \/><input type=\"hidden\" name=\"_wpcf7_version\" value=\"6.1.5\" \/><input type=\"hidden\" name=\"_wpcf7_locale\" value=\"\" \/><input type=\"hidden\" name=\"_wpcf7_unit_tag\" value=\"wpcf7-f13-o1\" \/><input type=\"hidden\" name=\"_wpcf7_container_post\" value=\"0\" \/><input type=\"hidden\" name=\"_wpcf7_posted_data_hash\" value=\"\" \/>\n<\/fieldset>\n<input class=\"wpcf7-form-control wpcf7-hidden\" id=\"utm_source\" value=\"\" type=\"hidden\" name=\"utm_source\" \/>\n<input class=\"wpcf7-form-control wpcf7-hidden\" id=\"utm_medium\" value=\"\" type=\"hidden\" name=\"utm_medium\" \/>\n<input class=\"wpcf7-form-control wpcf7-hidden\" id=\"sideform_user_country\" value=\"\" type=\"hidden\" name=\"userCountry\" \/>\n<div class=\"form-grid-layout\">\n\t<div class=\"form-title\">\n\t\t<h2 class=\"title\">Thrive with Top Talent<br \/>\n- No Upfronts Fees\n\t\t<\/h2>\n\t\t<p>Have it easier with video interview clips and a candidate shortlist within 2-3 weeks\n\t\t<\/p>\n\t<\/div>\n\t<div class=\"input-field\">\n\t\t<p><label for=\"\">Name<\/label><br \/>\n<span class=\"wpcf7-form-control-wrap\" data-name=\"full-Name\"><input size=\"40\" maxlength=\"400\" class=\"wpcf7-form-control wpcf7-text wpcf7-validates-as-required\" aria-required=\"true\" aria-invalid=\"false\" value=\"\" type=\"text\" name=\"full-Name\" \/><\/span>\n\t\t<\/p>\n\t<\/div>\n\t<div class=\"input-field\">\n\t\t<p><label for=\"\">Email Address<\/label><br \/>\n<span class=\"wpcf7-form-control-wrap\" data-name=\"email-address\"><input size=\"40\" maxlength=\"400\" class=\"wpcf7-form-control wpcf7-email wpcf7-validates-as-required wpcf7-text wpcf7-validates-as-email\" aria-required=\"true\" aria-invalid=\"false\" value=\"\" type=\"email\" name=\"email-address\" \/><\/span>\n\t\t<\/p>\n\t<\/div>\n\t<div class=\"input-field\">\n\t\t<p><label for=\"\">Company<\/label><br \/>\n<span class=\"wpcf7-form-control-wrap\" data-name=\"company\"><input size=\"40\" maxlength=\"400\" class=\"wpcf7-form-control wpcf7-text\" aria-invalid=\"false\" value=\"\" type=\"text\" name=\"company\" \/><\/span>\n\t\t<\/p>\n\t<\/div>\n\t<div class=\"radiobox-field\">\n\t\t<p><span class=\"wpcf7-form-control-wrap\" data-name=\"radio-721company-status\"><span class=\"wpcf7-form-control wpcf7-radio\"><span class=\"wpcf7-list-item first\"><label><input type=\"radio\" name=\"radio-721company-status\" value=\"{Employer}\" \/><span class=\"wpcf7-list-item-label\">Employer<\/span><\/label><\/span><span class=\"wpcf7-list-item last\"><label><input type=\"radio\" name=\"radio-721company-status\" value=\"{Candidate}\" \/><span class=\"wpcf7-list-item-label\">Candidate<\/span><\/label><\/span><\/span><\/span>\n\t\t<\/p>\n\t<\/div>\n\t<div class=\"input-field\">\n\t\t<p><span class=\"wpcf7-form-control-wrap\" data-name=\"file-upload\"><input size=\"40\" class=\"wpcf7-form-control wpcf7-file\" accept=\".pdf\" aria-invalid=\"false\" type=\"file\" name=\"file-upload\" \/><\/span>\n\t\t<\/p>\n\t<\/div>\n\t<div class=\"textarea-field\">\n\t\t<p><label for=\"\">How can we help you?<\/label><br \/>\n<span class=\"wpcf7-form-control-wrap\" data-name=\"message\"><textarea cols=\"40\" rows=\"10\" maxlength=\"2000\" class=\"wpcf7-form-control wpcf7-textarea\" aria-invalid=\"false\" name=\"message\"><\/textarea><\/span>\n\t\t<\/p>\n\t<\/div>\n\t<p><span id=\"wpcf7-69fa37ac49ccb-wrapper\" class=\"wpcf7-form-control-wrap nickname-wrap\" ><input id=\"wpcf7-69fa37ac49ccb-field\"  class=\"wpcf7-form-control wpcf7-text\" type=\"text\" name=\"nickname\" value=\"\" size=\"40\" tabindex=\"-1\" autocomplete=\"off\" \/><\/span>\n\t<\/p>\n\t<div class=\"form-term\">\n\t\t<p>Submission of this form means you have agreed to our <a href=\"\/privacy-policy\/\" title=\"\">Privacy Policy<\/a> and <a href=\"\/terms-of-service\/\" title=\"\">Terms Conditions<\/a>\n\t\t<\/p>\n\t<\/div>\n\t<div class=\"submit-btn\">\n\t\t<p><input class=\"wpcf7-form-control wpcf7-submit has-spinner btn-box\" type=\"submit\" value=\"Get in Touch\" \/>\n\t\t<\/p>\n\t<\/div>\n<\/div><div class=\"wpcf7-response-output\" aria-hidden=\"true\"><\/div>\n<\/form>\n<\/div>\n<\/div><\/div>\n\n\n<div class=\"block-section client-reviews-slider \" style=\"background-color: #119084\">  \n    <div class=\"container\">\n                <div class=\"splide client-slider\">\n            <div class=\"splide__track\">\n                <div class=\"splide__list\">\n                                        <div class=\"splide__slide\">\n                        <div class=\"content-box\">\n                            <div class=\"content\">\n                                <p>&#8220;Trabajar con Haldren cambi\u00f3 nuestra forma de concebir la contrataci\u00f3n. Sus consultores gestionaron el proceso de contrataci\u00f3n con precisi\u00f3n, presentando candidatos cualificados que no solo estaban capacitados, sino que adem\u00e1s encajaban culturalmente.&#8221;<\/p>\n                            <\/div>\n                                                        <div class=\"name\">\n                                <strong>Javier M.<\/strong>, \n                                Director de RRHH                            <\/div>\n                                                    <\/div>\n                    <\/div>\n                                        <div class=\"splide__slide\">\n                        <div class=\"content-box\">\n                            <div class=\"content\">\n                                <p>&#8220;Haldren nos apoy\u00f3 en una vacante dif\u00edcil. Sus experimentados reclutadores combinaron la investigaci\u00f3n con el juicio pr\u00e1ctico, y el profesional que introdujeron se ha convertido en esencial para nuestro equipo de liderazgo.&#8221;<\/p>\n                            <\/div>\n                                                        <div class=\"name\">\n                                <strong>Marta L.<\/strong>, \n                                Director de Operaciones                            <\/div>\n                                                    <\/div>\n                    <\/div>\n                                        <div class=\"splide__slide\">\n                        <div class=\"content-box\">\n                            <div class=\"content\">\n                                <p>&#8220;Nuestra empresa opera en varios sectores y la contrataci\u00f3n siempre ha sido compleja. Los consultores de Haldren se acercaron a las personas con profesionalidad y esmero, lo que les convirti\u00f3 en un socio de confianza para nuestras necesidades de contrataci\u00f3n.&#8221;<\/p>\n                            <\/div>\n                                                        <div class=\"name\">\n                                <strong>Diego R.<\/strong>, \n                                Director General                            <\/div>\n                                                    <\/div>\n                    <\/div>\n                                    <\/div>\n            <\/div>\n        <\/div>\n            <\/div>\n<\/div>","protected":false},"excerpt":{"rendered":"","protected":false},"author":10,"featured_media":0,"parent":156,"menu_order":0,"comment_status":"closed","ping_status":"closed","template":"","meta":{"_acf_changed":false,"footnotes":""},"class_list":["post-163","page","type-page","status-publish","hentry"],"acf":[],"lang":"es","translations":{"es":163},"jetpack_sharing_enabled":true,"pll_sync_post":[],"_links":{"self":[{"href":"https:\/\/www.haldren.com\/madrid\/wp-json\/wp\/v2\/pages\/163","targetHints":{"allow":["GET"]}}],"collection":[{"href":"https:\/\/www.haldren.com\/madrid\/wp-json\/wp\/v2\/pages"}],"about":[{"href":"https:\/\/www.haldren.com\/madrid\/wp-json\/wp\/v2\/types\/page"}],"author":[{"embeddable":true,"href":"https:\/\/www.haldren.com\/madrid\/wp-json\/wp\/v2\/users\/10"}],"replies":[{"embeddable":true,"href":"https:\/\/www.haldren.com\/madrid\/wp-json\/wp\/v2\/comments?post=163"}],"version-history":[{"count":1,"href":"https:\/\/www.haldren.com\/madrid\/wp-json\/wp\/v2\/pages\/163\/revisions"}],"predecessor-version":[{"id":181,"href":"https:\/\/www.haldren.com\/madrid\/wp-json\/wp\/v2\/pages\/163\/revisions\/181"}],"up":[{"embeddable":true,"href":"https:\/\/www.haldren.com\/madrid\/wp-json\/wp\/v2\/pages\/156"}],"wp:attachment":[{"href":"https:\/\/www.haldren.com\/madrid\/wp-json\/wp\/v2\/media?parent=163"}],"curies":[{"name":"wp","href":"https:\/\/api.w.org\/{rel}","templated":true}]}}