{"id":165,"date":"2025-09-26T02:03:08","date_gmt":"2025-09-26T02:03:08","guid":{"rendered":"https:\/\/www.haldren.com\/madrid\/?page_id=80"},"modified":"2025-10-28T09:55:33","modified_gmt":"2025-10-28T09:55:33","slug":"contratacion-por-contrato","status":"publish","type":"page","link":"https:\/\/www.haldren.com\/madrid\/es\/contratacion-por-contrato\/","title":{"rendered":"Contrataci\u00f3n por contrato"},"content":{"rendered":"\n  <link rel=\"preload\" as=\"image\" href=\"https:\/\/www.haldren.com\/madrid\/wp-content\/uploads\/sites\/38\/2025\/09\/madrid-city-e1758865269818.webp\" fetchpriority=\"high\">\n  <style>\n    .inner-banner-section {\n      background-image: url('https:\/\/www.haldren.com\/madrid\/wp-content\/uploads\/sites\/38\/2025\/09\/madrid-city-e1758865269818.webp');\n      background-size: cover;\n      background-position: center;\n      background-repeat: no-repeat;\n    }\n\n    @media (max-width: 768px) {\n      .inner-banner-section {\n        background-image: url('https:\/\/www.haldren.com\/madrid\/wp-content\/uploads\/sites\/38\/2025\/09\/madrid-city-e1758865269818.webp');\n      }\n    }\n  <\/style>\n\n<div class=\"block-section inner-banner-section lazyload bg-sty section-gaps top-border-line\">\n  <div class=\"container-fluid\">\n    <div class=\"content-wrap\">\n      <h1 class=\"title\">\n        Servicios de contrataci\u00f3n en Madrid      <\/h1>\n      <span style=\"font-size: 18px;\">Ayudamos a las empresas de Madrid a contratar profesionales cualificados con rapidez, confianza y valor duradero<\/span>\n    <\/div>\n  <\/div>\n<\/div>\n\n\n\n\n<div class=\"wp-block-custom-div-wrapper-block col-wrapper has-sidebar\"><div class=\"content-wrapper\" style=\"background-color:#002a26\">\n<div class=\"block-section section-gaps default-content-section \" \n     style=\"--text-color: #ffffff; --bg-color: #119084;\">\n    <div class=\"container\">\n        <div class=\"default-single-content-wrap\">\n            <div class=\"content-wrap\">\n                                    <h2>Primera empresa de selecci\u00f3n de personal en Madrid<\/h2>\n<p>Ofrecemos servicios de selecci\u00f3n de personal por contrato en Madrid para organizaciones que necesitan profesionales que puedan tener un impacto inmediato. Nuestro equipo combina una profunda experiencia en b\u00fasqueda de directivos, selecci\u00f3n de personal y recursos humanos, aplicando un proceso met\u00f3dico con absoluta discreci\u00f3n. Entendemos las distintas presiones a las que se enfrentan las empresas, desde cubrir una vacante cr\u00edtica hasta navegar por la expansi\u00f3n o cumplir con los requisitos normativos.<\/p>\n<p>Nuestro prestigio en la comunidad proviene de proporcionar una orientaci\u00f3n reflexiva, mantener unos est\u00e1ndares \u00e9ticos y aprovechar una red que se extiende por toda Espa\u00f1a y por toda Europa. Las empresas conf\u00edan en nuestra capacidad para encontrar candidatos que no s\u00f3lo encajen en el puesto, sino que tambi\u00e9n enriquezcan la cultura empresarial existente. Abordamos la selecci\u00f3n de personal con una filosof\u00eda de cuidadoso equilibrio, combinando rapidez y precisi\u00f3n para garantizar que cada colocaci\u00f3n aporte un claro valor a\u00f1adido.<\/p>\n<blockquote><p><strong>En Madrid, somos conocidos por ofrecer un asesoramiento experto y por ofrecer resultados consistentes y tangibles.<\/strong><\/p><\/blockquote>\n<h2>Empresa l\u00edder en b\u00fasqueda de directivos en Madrid<\/h2>\n<p>Nos concentramos en la selecci\u00f3n de personal por contrato porque hemos visto c\u00f3mo cada nueva persona puede influir en el rendimiento y la trayectoria a largo plazo de una empresa. Este enfoque dedicado nos permite conectar a las empresas con especialistas expertos en puestos cr\u00edticos. Nuestros consultores trabajan para alinear las prioridades b\u00e1sicas de una organizaci\u00f3n con personas que posean la combinaci\u00f3n adecuada de habilidades t\u00e9cnicas y liderazgo significativo.<\/p>\n<h4>Evaluaci\u00f3n<\/h4>\n<p>Toda colaboraci\u00f3n comienza con un profundo conocimiento de las necesidades de la empresa. Juntos, desarrollamos un perfil detallado del candidato ideal, que capte la esencia de la cultura de la empresa junto con las exigencias espec\u00edficas del puesto. Nuestra evaluaci\u00f3n va m\u00e1s all\u00e1 del curr\u00edculum, examinando las motivaciones, el car\u00e1cter y el impulso profesional de una persona para confirmar que encaja realmente.<\/p>\n<h4>Adquisici\u00f3n de talento<\/h4>\n<p>Aprovechamos nuestras amplias redes europeas y nuestras profundas conexiones en el sector para ampliar la b\u00fasqueda de talentos excepcionales. Nuestro enfoque integra estrategias de reclutamiento probadas con el tiempo con tecnolog\u00edas de b\u00fasqueda contempor\u00e1neas, lo que nos permite comprometernos tanto con los solicitantes de empleo activos como con los profesionales que actualmente no buscan un nuevo puesto. Este m\u00e9todo integral conecta a las organizaciones con especialistas que tienen la visi\u00f3n y la experiencia necesarias para prosperar.<\/p>\n<h4>Transformaci\u00f3n organizativa<\/h4>\n<p>Nuestro compromiso con nuestros clientes contin\u00faa mucho despu\u00e9s de cubrir un puesto. Ofrecemos servicios como la evaluaci\u00f3n del liderazgo, la planificaci\u00f3n de la sucesi\u00f3n y un asesoramiento m\u00e1s amplio en materia de recursos humanos para ayudar a desarrollar la capacidad de recuperaci\u00f3n de la organizaci\u00f3n. Las empresas nos consideran un socio a largo plazo en el que pueden confiar para mantener la estabilidad mientras se preparan para la siguiente etapa de crecimiento.<\/p>\n<h2>Nuestro enfoque de la contrataci\u00f3n<\/h2>\n<p>Comenzamos cada proyecto escuchando atentamente. En primer lugar, tratamos de comprender las prioridades del cliente y el contexto espec\u00edfico que rodea al puesto. A partir de ah\u00ed, dise\u00f1amos un proceso de contrataci\u00f3n adaptado tanto a las necesidades inmediatas como a los objetivos estrat\u00e9gicos m\u00e1s amplios, desarrollando perfiles de candidatos que abarquen las habilidades, cualificaciones y competencias de liderazgo esenciales.<\/p>\n<p>La siguiente fase implica una investigaci\u00f3n detallada y un mapeo del mercado, donde combinamos la b\u00fasqueda de candidatos activos con aproximaciones discretas a profesionales pasivos. Utilizamos entrevistas estructuradas, herramientas psicom\u00e9tricas y an\u00e1lisis basados en datos para identificar a los individuos m\u00e1s fuertes. Las listas de preseleccionados que creamos se depuran con sumo cuidado, garantizando que s\u00f3lo se presenten los profesionales m\u00e1s adecuados.<\/p>\n<p>Seguimos siendo un socio activo durante la fase de entrevistas, ayudando a estructurar conversaciones que minimicen los prejuicios e iluminen claramente la alineaci\u00f3n. Una vez tomada la decisi\u00f3n de contratar, ayudamos en el proceso de incorporaci\u00f3n para promover una transici\u00f3n fluida para el nuevo empleado y la empresa. Nuestro modelo consultivo es diferente de las pr\u00e1cticas habituales; se basa en la claridad, el rigor y la sostenibilidad. Esta combinaci\u00f3n de conocimiento local de Madrid y una red que abarca Espa\u00f1a y la regi\u00f3n EMEA nos permite hacer colocaciones que construyen organizaciones m\u00e1s fuertes.<\/p>\n<h2>Nuestra experiencia como l\u00edderes en selecci\u00f3n de directivos en Madrid<\/h2>\n<p>Nuestra eficacia en la selecci\u00f3n de directivos se basa en d\u00e9cadas de experiencia colectiva en una amplia gama de sectores. Cada consultor de nuestro equipo tiene una trayectoria profesional en selecci\u00f3n de personal, recursos humanos o b\u00fasqueda de directivos, lo que nos da la flexibilidad de adaptar nuestros m\u00e9todos a la situaci\u00f3n \u00fanica de cada cliente.<\/p>\n<p>Participamos activamente en di\u00e1logos profesionales en toda Espa\u00f1a y Europa, lo que mantiene nuestra perspectiva fresca y nuestros est\u00e1ndares altos. Nuestro equipo est\u00e1 compuesto por especialistas que comprenden algo m\u00e1s que cualificaciones t\u00e9cnicas; entendemos el profundo impacto que tienen las personas en la salud a largo plazo de una empresa. Es esta profunda experiencia la que nos permite ofrecer soluciones creadas para un \u00e9xito duradero.<\/p>\n<h4>Algunas \u00e1reas en las que nos especializamos<\/h4>\n<p>Trabajamos con organizaciones de Madrid en sectores como las finanzas, la tecnolog\u00eda, la industria y el comercio. Sabemos que cada sector tiene sus propios retos, desde complejas cuestiones de cumplimiento hasta estilos de liderazgo espec\u00edficos, por lo que ajustamos nuestro proceso en consecuencia. Nuestra capacidad para captar tanto los matices t\u00e9cnicos como culturales de un campo es lo que nos ayuda a conectar a los clientes con los candidatos realmente adecuados.<\/p>\n<h4>Ejemplos de funciones para las que contratamos<\/h4>\n<p>Colocamos a profesionales contratados en una gran variedad de puestos directivos y ejecutivos. Entre ellos se incluyen a menudo puestos como Director de Cuentas, Jefe de Finanzas, Especialista en Tecnolog\u00eda, L\u00edder de Cumplimiento y Director de Fabricaci\u00f3n. Tratamos cada b\u00fasqueda con el mismo nivel de atenci\u00f3n detallada para asegurarnos de que la colocaci\u00f3n satisface las necesidades espec\u00edficas de la organizaci\u00f3n. Invitamos a las organizaciones a que se pongan en contacto con nosotros para obtener m\u00e1s informaci\u00f3n sobre la amplitud de funciones que desempe\u00f1amos. Nuestros consultores est\u00e1n listos para discutir los pr\u00f3ximos pasos.<\/p>\n<h2>Por qu\u00e9 Haldren utiliza un enfoque personalizado para el reclutamiento<\/h2>\n<p>Creemos que un enfoque gen\u00e9rico del reclutamiento a menudo pasa por alto los peque\u00f1os detalles de un puesto o las sutilezas de la cultura de una empresa. A lo largo de los a\u00f1os, hemos visto c\u00f3mo los m\u00e9todos estandarizados daban lugar a desajustes. Nuestros consultores han realizado b\u00fasquedas complejas en las que la urgencia y la discreci\u00f3n eran primordiales, experiencias que reafirman continuamente el valor de un plan personalizado.<\/p>\n<p>Adaptamos nuestro proceso al sector espec\u00edfico, a la naturaleza del puesto y a las ambiciones a largo plazo de la organizaci\u00f3n. Una contrataci\u00f3n en finanzas, por ejemplo, tendr\u00e1 requisitos de cumplimiento diferentes a los de un puesto en tecnolog\u00eda que premie la innovaci\u00f3n. Al personalizar cada b\u00fasqueda, nos aseguramos de que el proceso de contrataci\u00f3n ofrezca un rendimiento tangible.<\/p>\n<p>Esta filosof\u00eda es el resultado directo de nuestro trabajo de apoyo a las empresas en Madrid y en toda Espa\u00f1a. Hemos aprendido que el \u00e9xito en este campo depende de una mezcla de flexibilidad, conducta \u00e9tica y acci\u00f3n met\u00f3dica. Las empresas conf\u00edan en nosotros no s\u00f3lo para cubrir una vacante, sino para realizar contrataciones que mejoren el rendimiento, garanticen la continuidad y construyan un futuro m\u00e1s s\u00f3lido.<\/p>\n<h2>\u00bfPor qu\u00e9 elegir Haldren para la contrataci\u00f3n de personal?<\/h2>\n<p>La elecci\u00f3n de un socio de contrataci\u00f3n es una decisi\u00f3n basada en la confianza. En Haldren, nuestra reputaci\u00f3n se basa en la confidencialidad, el trabajo \u00e9tico y los resultados coherentes. Nuestros consultores ofrecen una orientaci\u00f3n basada en una profunda experiencia, garantizando que cada paso de la b\u00fasqueda sea transparente y reflexivo. Las organizaciones trabajan con nosotros una y otra vez porque cumplimos nuestras promesas a la vez que mostramos respeto tanto por los candidatos como por los equipos de los clientes.<\/p>\n<p>Nuestra red se extiende por Espa\u00f1a, EMEA y el resto de Europa, lo que permite a las empresas acceder a una reserva de talento m\u00e1s amplia. Combinada con nuestro conocimiento especializado del mercado madrile\u00f1o, esta perspectiva nos permite abordar necesidades de contrataci\u00f3n inmediatas al tiempo que apoyamos objetivos estrat\u00e9gicos de mayor envergadura.<\/p>\n<p>Entendemos la contrataci\u00f3n como algo m\u00e1s fundamental que cubrir una vacante en un organigrama. Se trata de forjar alianzas duraderas que ayuden a las empresas a prosperar en el din\u00e1mico entorno de Madrid. Invitamos a las empresas que busquen un socio dedicado a la selecci\u00f3n de personal a iniciar una conversaci\u00f3n con nuestro equipo. Estamos preparados para ofrecer nuestro asesoramiento experto y nuestra cuidadosa orientaci\u00f3n.<\/p>\n                            <\/div>\n        <\/div>\n    <\/div>\n<\/div>\n\n<div class=\"block-section accordion-main-section \">\n    <div class=\"container\">    \n                <div class=\"accordion-faqs\">\n            <h2 class=\"m-title\">Frequently Asked Questions (FAQs)<\/h2>\n                        <div class=\"item\">\n                <h3>\u00bfC\u00f3mo garantiza Haldren la idoneidad de los candidatos para cada puesto?<\/h3>\n                <div class=\"faq-content\"><p>Empezamos creando un perfil completo para cada puesto que va m\u00e1s all\u00e1 de una simple lista de aptitudes. Incluye factores como la motivaci\u00f3n personal y la alineaci\u00f3n con la cultura de la empresa. Este enfoque detallado nos ayuda a presentar candidatos que no solo est\u00e1n cualificados sobre el papel, sino que adem\u00e1s encajan de forma natural en el equipo.<\/p>\n<\/div>\n            <\/div>\n                        <div class=\"item\">\n                <h3>\u00bfQu\u00e9 nivel de participaci\u00f3n del cliente se espera durante el proceso de contrataci\u00f3n?<\/h3>\n                <div class=\"faq-content\"><p>Creemos en la colaboraci\u00f3n. Nuestros clientes participan activamente en las fases clave, como la revisi\u00f3n de la lista de preseleccionados y la realizaci\u00f3n de entrevistas. Al mismo tiempo, nuestros consultores gestionan todo el proceso para garantizar su eficacia, transparencia y cumplimiento de los plazos.<\/p>\n<\/div>\n            <\/div>\n                        <div class=\"item\">\n                <h3>\u00bfC\u00f3mo mantiene Haldren la confidencialidad durante una b\u00fasqueda?<\/h3>\n                <div class=\"faq-content\"><p>La discreci\u00f3n es fundamental en nuestro proceso. Tratamos toda la informaci\u00f3n de clientes y candidatos con el m\u00e1ximo cuidado, utilizando protocolos seguros de comunicaci\u00f3n y de &#8220;necesidad de conocer&#8221;. Cada b\u00fasqueda, especialmente las de naturaleza sensible, se gestiona con rigor profesional de principio a fin.<\/p>\n<\/div>\n            <\/div>\n                        <div class=\"item\">\n                <h3>\u00bfQu\u00e9 diferencia a Haldren de otras agencias de Madrid?<\/h3>\n                <div class=\"faq-content\"><p>Nuestra distinci\u00f3n proviene de la combinaci\u00f3n de nuestro proceso met\u00f3dico, la profunda experiencia de nuestros consultores y una red que proporciona tanto una visi\u00f3n local como un alcance internacional. Aunque trabajamos de forma eficiente, nuestro principal objetivo es realizar colocaciones que aporten un valor tangible y a largo plazo a la organizaci\u00f3n.<\/p>\n<\/div>\n            <\/div>\n                    <\/div>\n            <\/div>\n<\/div><\/div><div class=\"sidebar-wrapper\">\n<div class=\"wpcf7 no-js\" id=\"wpcf7-f13-o1\" lang=\"\" dir=\"ltr\" data-wpcf7-id=\"13\">\n<div class=\"screen-reader-response\"><p role=\"status\" aria-live=\"polite\" aria-atomic=\"true\"><\/p> <ul><\/ul><\/div>\n<form action=\"\/madrid\/wp-json\/wp\/v2\/pages\/165#wpcf7-f13-o1\" method=\"post\" class=\"wpcf7-form init\" aria-label=\"Contact form\" enctype=\"multipart\/form-data\" novalidate=\"novalidate\" data-status=\"init\">\n<fieldset class=\"hidden-fields-container\"><input type=\"hidden\" name=\"_wpcf7\" value=\"13\" \/><input type=\"hidden\" name=\"_wpcf7_version\" value=\"6.1.5\" \/><input type=\"hidden\" name=\"_wpcf7_locale\" value=\"\" \/><input type=\"hidden\" name=\"_wpcf7_unit_tag\" value=\"wpcf7-f13-o1\" \/><input type=\"hidden\" name=\"_wpcf7_container_post\" value=\"0\" \/><input type=\"hidden\" name=\"_wpcf7_posted_data_hash\" value=\"\" \/>\n<\/fieldset>\n<input class=\"wpcf7-form-control wpcf7-hidden\" id=\"utm_source\" value=\"\" type=\"hidden\" name=\"utm_source\" \/>\n<input class=\"wpcf7-form-control wpcf7-hidden\" id=\"utm_medium\" value=\"\" type=\"hidden\" name=\"utm_medium\" \/>\n<input class=\"wpcf7-form-control wpcf7-hidden\" id=\"sideform_user_country\" value=\"\" type=\"hidden\" name=\"userCountry\" \/>\n<div class=\"form-grid-layout\">\n\t<div class=\"form-title\">\n\t\t<h2 class=\"title\">Thrive with Top Talent<br \/>\n- No Upfronts Fees\n\t\t<\/h2>\n\t\t<p>Have it easier with video interview clips and a candidate shortlist within 2-3 weeks\n\t\t<\/p>\n\t<\/div>\n\t<div class=\"input-field\">\n\t\t<p><label for=\"\">Name<\/label><br \/>\n<span class=\"wpcf7-form-control-wrap\" data-name=\"full-Name\"><input size=\"40\" maxlength=\"400\" class=\"wpcf7-form-control wpcf7-text wpcf7-validates-as-required\" aria-required=\"true\" aria-invalid=\"false\" value=\"\" type=\"text\" name=\"full-Name\" \/><\/span>\n\t\t<\/p>\n\t<\/div>\n\t<div class=\"input-field\">\n\t\t<p><label for=\"\">Email Address<\/label><br \/>\n<span class=\"wpcf7-form-control-wrap\" data-name=\"email-address\"><input size=\"40\" maxlength=\"400\" class=\"wpcf7-form-control wpcf7-email wpcf7-validates-as-required wpcf7-text wpcf7-validates-as-email\" aria-required=\"true\" aria-invalid=\"false\" value=\"\" type=\"email\" name=\"email-address\" \/><\/span>\n\t\t<\/p>\n\t<\/div>\n\t<div class=\"input-field\">\n\t\t<p><label for=\"\">Company<\/label><br \/>\n<span class=\"wpcf7-form-control-wrap\" data-name=\"company\"><input size=\"40\" maxlength=\"400\" class=\"wpcf7-form-control wpcf7-text\" aria-invalid=\"false\" value=\"\" type=\"text\" name=\"company\" \/><\/span>\n\t\t<\/p>\n\t<\/div>\n\t<div class=\"radiobox-field\">\n\t\t<p><span class=\"wpcf7-form-control-wrap\" data-name=\"radio-721company-status\"><span class=\"wpcf7-form-control wpcf7-radio\"><span class=\"wpcf7-list-item first\"><label><input type=\"radio\" name=\"radio-721company-status\" value=\"{Employer}\" \/><span class=\"wpcf7-list-item-label\">Employer<\/span><\/label><\/span><span class=\"wpcf7-list-item last\"><label><input type=\"radio\" name=\"radio-721company-status\" value=\"{Candidate}\" \/><span class=\"wpcf7-list-item-label\">Candidate<\/span><\/label><\/span><\/span><\/span>\n\t\t<\/p>\n\t<\/div>\n\t<div class=\"input-field\">\n\t\t<p><span class=\"wpcf7-form-control-wrap\" data-name=\"file-upload\"><input size=\"40\" class=\"wpcf7-form-control wpcf7-file\" accept=\".pdf\" aria-invalid=\"false\" type=\"file\" name=\"file-upload\" \/><\/span>\n\t\t<\/p>\n\t<\/div>\n\t<div class=\"textarea-field\">\n\t\t<p><label for=\"\">How can we help you?<\/label><br \/>\n<span class=\"wpcf7-form-control-wrap\" data-name=\"message\"><textarea cols=\"40\" rows=\"10\" maxlength=\"2000\" class=\"wpcf7-form-control wpcf7-textarea\" aria-invalid=\"false\" name=\"message\"><\/textarea><\/span>\n\t\t<\/p>\n\t<\/div>\n\t<p><span id=\"wpcf7-69fa26636a353-wrapper\" class=\"wpcf7-form-control-wrap nickname-wrap\" ><input id=\"wpcf7-69fa26636a353-field\"  class=\"wpcf7-form-control wpcf7-text\" type=\"text\" name=\"nickname\" value=\"\" size=\"40\" tabindex=\"-1\" autocomplete=\"off\" \/><\/span>\n\t<\/p>\n\t<div class=\"form-term\">\n\t\t<p>Submission of this form means you have agreed to our <a href=\"\/privacy-policy\/\" title=\"\">Privacy Policy<\/a> and <a href=\"\/terms-of-service\/\" title=\"\">Terms Conditions<\/a>\n\t\t<\/p>\n\t<\/div>\n\t<div class=\"submit-btn\">\n\t\t<p><input class=\"wpcf7-form-control wpcf7-submit has-spinner btn-box\" type=\"submit\" value=\"Get in Touch\" \/>\n\t\t<\/p>\n\t<\/div>\n<\/div><div class=\"wpcf7-response-output\" aria-hidden=\"true\"><\/div>\n<\/form>\n<\/div>\n<\/div><\/div>\n\n\n<div class=\"block-section client-reviews-slider \" style=\"background-color: #119084\">  \n    <div class=\"container\">\n                <div class=\"splide client-slider\">\n            <div class=\"splide__track\">\n                <div class=\"splide__list\">\n                                        <div class=\"splide__slide\">\n                        <div class=\"content-box\">\n                            <div class=\"content\">\n                                <p>&#8220;Trabajar con los consultores de Haldren nos dio confianza durante todo el proceso. Su cuidadosa evaluaci\u00f3n y su compromiso con la confidencialidad nos garantizaron el especialista adecuado para un encargo delicado.&#8221;<\/p>\n                            <\/div>\n                                                        <div class=\"name\">\n                                <strong>Marta L.<\/strong>, \n                                Director de RRHH                            <\/div>\n                                                    <\/div>\n                    <\/div>\n                                        <div class=\"splide__slide\">\n                        <div class=\"content-box\">\n                            <div class=\"content\">\n                                <p>&#8220;Nuestra empresa necesitaba cubrir un puesto r\u00e1pidamente y Haldren cumpli\u00f3. Nos proporcionaron una s\u00f3lida lista de preseleccionados en cuesti\u00f3n de d\u00edas, y su orientaci\u00f3n durante las entrevistas nos ayud\u00f3 a elegir con claridad.&#8221;<\/p>\n                            <\/div>\n                                                        <div class=\"name\">\n                                <strong>Javier S.<\/strong>, \n                                Jefe de Operaciones                            <\/div>\n                                                    <\/div>\n                    <\/div>\n                                        <div class=\"splide__slide\">\n                        <div class=\"content-box\">\n                            <div class=\"content\">\n                                <p>&#8220;Los consultores de Haldren ofrecieron un asesoramiento experto que fue mucho m\u00e1s all\u00e1 de la contrataci\u00f3n. Su apoyo a la hora de aclarar los requisitos y guiarnos en cada paso hizo que la experiencia fuera fluida y eficaz.&#8221;<\/p>\n                            <\/div>\n                                                        <div class=\"name\">\n                                <strong>Elena P.<\/strong>, \n                                Director financiero                            <\/div>\n                                                    <\/div>\n                    <\/div>\n                                    <\/div>\n            <\/div>\n        <\/div>\n            <\/div>\n<\/div>","protected":false},"excerpt":{"rendered":"","protected":false},"author":10,"featured_media":0,"parent":156,"menu_order":0,"comment_status":"closed","ping_status":"closed","template":"","meta":{"_acf_changed":false,"footnotes":""},"class_list":["post-165","page","type-page","status-publish","hentry"],"acf":[],"lang":"es","translations":{"es":165},"jetpack_sharing_enabled":true,"pll_sync_post":[],"_links":{"self":[{"href":"https:\/\/www.haldren.com\/madrid\/wp-json\/wp\/v2\/pages\/165","targetHints":{"allow":["GET"]}}],"collection":[{"href":"https:\/\/www.haldren.com\/madrid\/wp-json\/wp\/v2\/pages"}],"about":[{"href":"https:\/\/www.haldren.com\/madrid\/wp-json\/wp\/v2\/types\/page"}],"author":[{"embeddable":true,"href":"https:\/\/www.haldren.com\/madrid\/wp-json\/wp\/v2\/users\/10"}],"replies":[{"embeddable":true,"href":"https:\/\/www.haldren.com\/madrid\/wp-json\/wp\/v2\/comments?post=165"}],"version-history":[{"count":2,"href":"https:\/\/www.haldren.com\/madrid\/wp-json\/wp\/v2\/pages\/165\/revisions"}],"predecessor-version":[{"id":187,"href":"https:\/\/www.haldren.com\/madrid\/wp-json\/wp\/v2\/pages\/165\/revisions\/187"}],"up":[{"embeddable":true,"href":"https:\/\/www.haldren.com\/madrid\/wp-json\/wp\/v2\/pages\/156"}],"wp:attachment":[{"href":"https:\/\/www.haldren.com\/madrid\/wp-json\/wp\/v2\/media?parent=165"}],"curies":[{"name":"wp","href":"https:\/\/api.w.org\/{rel}","templated":true}]}}