{"id":211,"date":"2025-11-11T04:19:31","date_gmt":"2025-11-11T04:19:31","guid":{"rendered":"https:\/\/www.haldren.com\/marseille\/?page_id=211"},"modified":"2026-01-07T03:23:49","modified_gmt":"2026-01-07T03:23:49","slug":"recrutement-contractuel","status":"publish","type":"page","link":"https:\/\/www.haldren.com\/marseille\/fr\/acquisition-de-talents\/recrutement-contractuel\/","title":{"rendered":"Recrutement contractuel"},"content":{"rendered":"\n  <link rel=\"preload\" as=\"image\" href=\"https:\/\/www.haldren.com\/marseille\/wp-content\/uploads\/sites\/30\/2025\/09\/marseille-city-e1764150470730.webp\" fetchpriority=\"high\">\n  <style>\n    .inner-banner-section {\n      background-image: url('https:\/\/www.haldren.com\/marseille\/wp-content\/uploads\/sites\/30\/2025\/09\/marseille-city-e1764150470730.webp');\n      background-size: cover;\n      background-position: center;\n      background-repeat: no-repeat;\n    }\n\n    @media (max-width: 768px) {\n      .inner-banner-section {\n        background-image: url('https:\/\/www.haldren.com\/marseille\/wp-content\/uploads\/sites\/30\/2025\/09\/marseille-city-e1764150470730.webp');\n      }\n    }\n  <\/style>\n\n<div class=\"block-section inner-banner-section lazyload bg-sty section-gaps top-border-line\">\n  <div class=\"container-fluid\">\n    <div class=\"content-wrap\">\n      <h1 class=\"title\">\n        Services de recrutement contractuel \u00e0 Marseille      <\/h1>\n      <span style=\"font-size: 18px;\">Un recrutement flexible qui permet aux projets d&#8217;aller de l&#8217;avant<\/span>\n    <\/div>\n  <\/div>\n<\/div>\n\n\n\n\n<div class=\"wp-block-custom-div-wrapper-block col-wrapper has-sidebar\"><div class=\"content-wrapper\" style=\"background-color:#002a26\">\n<div class=\"block-section section-gaps default-content-section \" \n     style=\"--text-color: #ffffff; --bg-color: #119084;\">\n    <div class=\"container\">\n        <div class=\"default-single-content-wrap\">\n            <div class=\"content-wrap\">\n                                    <h2>Premier cabinet de recrutement contractuel \u00e0 Marseille<\/h2>\n<p>Chez Haldren, nous fournissons des services de recrutement contractuel \u00e0 Marseille avec clart\u00e9 et rapidit\u00e9. Notre r\u00f4le est de mettre en relation les organisations avec des candidats qualifi\u00e9s qui r\u00e9pondent aux exigences techniques tout en s&#8217;int\u00e9grant \u00e0 la culture de l&#8217;entreprise. Gr\u00e2ce \u00e0 notre expertise locale et \u00e0 nos outils num\u00e9riques, nous recrutons de mani\u00e8re simple et fiable afin que les projets avancent sans interruption.<\/p>\n<p>La demande de personnel temporaire est forte \u00e0 Marseille, en particulier pour les chefs de projet, les ing\u00e9nieurs logiciels, les sp\u00e9cialistes en informatique et les experts en cybers\u00e9curit\u00e9. En fixant \u00e0 l&#8217;avance les pr\u00e9tentions salariales, les d\u00e9lais de pr\u00e9avis et les dates de d\u00e9but, nous nous assurons que les travailleurs temporaires arrivent pr\u00eats \u00e0 apporter leur contribution. Les soci\u00e9t\u00e9s internationales et les entreprises en pleine croissance nous font confiance pour des solutions de recrutement pratiques et confidentielles.<\/p>\n<blockquote><p><strong>Notre approche est simple : une port\u00e9e mondiale, une vision locale, un traitement attentif et des m\u00e9thodes de recrutement \u00e9prouv\u00e9es qui permettent aux entreprises marseillaises d&#8217;acc\u00e9der aux meilleurs talents pour des missions de courte dur\u00e9e ou des engagements \u00e0 plus long terme.<\/strong><\/p><\/blockquote>\n<h2>Cabinet de recrutement de cadres de haut niveau en recrutement contractuel<\/h2>\n<p>Nous pensons que le recrutement contractuel fa\u00e7onne la performance, m\u00eame pour des missions de courte dur\u00e9e. Notre mission est de placer des candidats qui aident les organisations \u00e0 rester r\u00e9silientes, et nos valeurs d&#8217;\u00e9quit\u00e9, de clart\u00e9 et de responsabilit\u00e9 guident chaque \u00e9tape. Chaque consultant apporte une connaissance approfondie du march\u00e9 du travail, un vaste r\u00e9seau professionnel et une connaissance de premi\u00e8re main de la mani\u00e8re de recruter les meilleurs talents pour des postes de direction et des postes de niche.<\/p>\n<h4>L&#8217;\u00e9valuation<\/h4>\n<p>Nous \u00e9valuons les candidats \u00e0 l&#8217;aide d&#8217;entretiens structur\u00e9s, de tableaux de bord et de v\u00e9rifications des r\u00e9f\u00e9rences. Les demandeurs d&#8217;emploi actifs et les candidats passifs sont tous deux pris en compte afin que la liste restreinte refl\u00e8te un large bassin de candidats qualifi\u00e9s. Cela permet de prendre des d\u00e9cisions rapidement sans sacrifier la qualit\u00e9.<\/p>\n<h4>Acquisition de talents<\/h4>\n<p>Nos consultants s&#8217;appuient sur leur connaissance du march\u00e9 et sur des m\u00e9thodes de recherche cibl\u00e9es, soutenues par des connexions internationales. Les employeurs de Marseille, Paris et Lyon b\u00e9n\u00e9ficient d&#8217;offres d&#8217;emploi claires et ponctuelles. Nous pr\u00e9servons la confidentialit\u00e9 tout en clarifiant chaque \u00e9tape.<\/p>\n<h4>Transformation organisationnelle<\/h4>\n<p>Le recrutement contractuel accompagne souvent les p\u00e9riodes de transition. En pla\u00e7ant des professionnels qui donnent des r\u00e9sultats d\u00e8s le d\u00e9part, nous aidons les organisations \u00e0 rester stables pendant que de nouvelles strat\u00e9gies prennent forme. Le r\u00e9sultat est une stabilit\u00e9 imm\u00e9diate combin\u00e9e \u00e0 une pr\u00e9paration \u00e0 la croissance \u00e0 long terme.<\/p>\n<h2>Notre approche du recrutement contractuel<\/h2>\n<p>Si nous sommes reconnus comme un leader du recrutement contractuel, c&#8217;est parce que notre approche s&#8217;adapte \u00e0 chaque client. Plut\u00f4t que de suivre des mod\u00e8les g\u00e9n\u00e9riques, nous construisons des solutions de recrutement autour des priorit\u00e9s de chaque entreprise. Contrairement aux agences qui se concentrent sur le volume, nous nous concentrons sur des r\u00e9sultats durables.<\/p>\n<p>Le processus commence par une conversation sur les besoins d&#8217;embauche, les fourchettes de salaires et le calendrier. \u00c0 partir de l\u00e0, nous cartographions le march\u00e9 et identifions les candidats actifs et passifs qui poss\u00e8dent l&#8217;expertise requise. En combinant une port\u00e9e internationale avec une forte pr\u00e9sence en France, nous fournissons des services de recrutement qui r\u00e9pondent aux besoins imm\u00e9diats et soutiennent les objectifs \u00e0 long terme.<\/p>\n<p>Nous utilisons des outils num\u00e9riques pour le suivi des candidats, l&#8217;ex\u00e9cution des \u00e9valuations et la gestion des v\u00e9rifications des ant\u00e9c\u00e9dents. Les tests psychom\u00e9triques et les strat\u00e9gies de diversit\u00e9 sont int\u00e9gr\u00e9s au processus de recrutement, ce qui permet aux employeurs d&#8217;obtenir des professionnels comp\u00e9tents qui s&#8217;alignent \u00e9galement sur les valeurs de l&#8217;organisation. Le succ\u00e8s n&#8217;est pas seulement mesur\u00e9 par la rapidit\u00e9, mais aussi par la stabilit\u00e9 et l&#8217;ad\u00e9quation culturelle.<\/p>\n<p>La confidentialit\u00e9 est pr\u00e9sente \u00e0 chaque \u00e9tape de notre travail. De la prise de contact \u00e0 l&#8217;int\u00e9gration, les informations sont trait\u00e9es avec soin et dans le respect de l&#8217;\u00e9thique. Nous ne nous contentons pas de placer des travailleurs temporaires, nous fournissons des solutions de recrutement qui renforcent les entreprises pour l&#8217;avenir.<\/p>\n<h2>Notre exp\u00e9rience en tant que leader du recrutement de cadres \u00e0 Marseille<\/h2>\n<p>Nos consultants combinent des r\u00e9sultats acad\u00e9miques, des certifications industrielles et des ann\u00e9es d&#8217;exp\u00e9rience directe dans le recrutement. Nombre d&#8217;entre eux ont suivi des \u00e9tudes sup\u00e9rieures en ressources humaines, en psychologie ou en gestion d&#8217;entreprise, ce qui leur donne les bases techniques n\u00e9cessaires pour \u00e9valuer les candidats avec pr\u00e9cision. Ils poss\u00e8dent \u00e9galement des certifications reconnues en mati\u00e8re de recrutement de cadres et de gestion des talents, ce qui garantit que nos m\u00e9thodes restent align\u00e9es sur les meilleures pratiques internationales. La participation \u00e0 des conf\u00e9rences europ\u00e9ennes, \u00e0 des tables rondes et \u00e0 des programmes de formation permet \u00e0 notre \u00e9quipe de rester au fait des \u00e9volutions du march\u00e9 du travail et des nouvelles strat\u00e9gies de recrutement. Cet investissement continu dans l&#8217;apprentissage confirme notre r\u00f4le de sp\u00e9cialistes de confiance en mati\u00e8re de recherche de cadres.<\/p>\n<p>Nous avons soutenu des organisations dans les secteurs de la finance, de la technologie, de la sant\u00e9, de l&#8217;industrie, des \u00e9nergies renouvelables et au-del\u00e0. Chaque secteur requiert une perspective diff\u00e9rente : dans la finance, nous comprenons l&#8217;importance de la pr\u00e9cision et de la conformit\u00e9 ; dans la technologie, nous recherchons l&#8217;agilit\u00e9 et l&#8217;innovation ; dans la sant\u00e9, nous privil\u00e9gions l&#8217;empathie aux connaissances techniques ; et dans les \u00e9nergies renouvelables, nous identifions les professionnels capables d&#8217;\u00e9quilibrer durabilit\u00e9 et performance. En associant l&#8217;expertise technique \u00e0 la connaissance pratique du march\u00e9, nous maintenons les processus de recrutement sur la bonne voie, de sorte que les offres d&#8217;emploi se d\u00e9roulent sans heurts et que les placements soient couronn\u00e9s de succ\u00e8s.<\/p>\n<h4>Quelques domaines dans lesquels nous sommes sp\u00e9cialis\u00e9s<\/h4>\n<p>Notre agence de recrutement est r\u00e9guli\u00e8rement sollicit\u00e9e pour placer des analystes financiers, des ing\u00e9nieurs logiciels, des chefs de projet, des sp\u00e9cialistes en informatique et des experts en cybers\u00e9curit\u00e9 pour des contrats temporaires et des postes permanents. La demande pour ces postes est \u00e9lev\u00e9e, mais notre travail va bien au-del\u00e0. Nous avons \u00e9galement recrut\u00e9 des professionnels de la cha\u00eene d&#8217;approvisionnement, du marketing, des ressources humaines et des op\u00e9rations lorsque les besoins de l&#8217;entreprise l&#8217;exigeaient. Notre objectif n&#8217;est jamais de remplir une liste de postes, mais d&#8217;aider les organisations, dans divers secteurs d&#8217;activit\u00e9, \u00e0 trouver des professionnels qui font une r\u00e9elle diff\u00e9rence.<\/p>\n<h4>Exemples de postes pour lesquels nous recrutons<\/h4>\n<p>Notre mission consiste \u00e0 mettre en relation les besoins en leadership avec les meilleurs talents disponibles, qu&#8217;il s&#8217;agisse de cadres de haut niveau, de cadres sup\u00e9rieurs ou de sp\u00e9cialistes techniques. Nous avons recrut\u00e9 des directeurs financiers qui pilotent des strat\u00e9gies de croissance, des responsables informatiques qui renforcent les syst\u00e8mes de s\u00e9curit\u00e9 et des directeurs des op\u00e9rations qui stabilisent les organisations en p\u00e9riode de transition. Chaque placement est g\u00e9r\u00e9 au moyen d&#8217;une \u00e9valuation rigoureuse, d&#8217;entretiens structur\u00e9s et d&#8217;une v\u00e9rification minutieuse des r\u00e9f\u00e9rences. Parce que nous combinons une approche directe avec l&#8217;acc\u00e8s \u00e0 un vaste r\u00e9seau professionnel, nous pr\u00e9sentons syst\u00e9matiquement des candidats qui correspondent \u00e0 la fois aux exigences techniques du poste et \u00e0 la culture de l&#8217;entreprise.<\/p>\n<blockquote><p><strong>Si vous \u00eates pr\u00eat pour des solutions de recrutement qui apportent clart\u00e9 et r\u00e9sultats fiables, nous serions heureux de vous aider.<\/strong><\/p><\/blockquote>\n<h2>Pourquoi Haldren utilise une approche personnalis\u00e9e du recrutement<\/h2>\n<p>Nous avons pu constater de visu que les m\u00e9thodes de recrutement standard sont souvent insuffisantes. Au d\u00e9but de notre exp\u00e9rience, nous avons travaill\u00e9 avec des clients frustr\u00e9s par des processus g\u00e9n\u00e9riques qui ne tenaient pas compte de leurs v\u00e9ritables priorit\u00e9s. C&#8217;est ce qui a forg\u00e9 notre conviction que le recrutement contractuel n\u00e9cessite une approche personnalis\u00e9e fond\u00e9e sur l&#8217;\u00e9coute et l&#8217;adaptation.<\/p>\n<p>Au fil du temps, nous avons appris que des mesures simples, telles que la confirmation pr\u00e9coce des fourchettes de salaires ou l&#8217;alignement des p\u00e9riodes de pr\u00e9avis, font une diff\u00e9rence significative. Ces le\u00e7ons, tir\u00e9es des d\u00e9fis que nous avons relev\u00e9s, continuent d&#8217;affiner la fa\u00e7on dont nous g\u00e9rons chaque recherche aujourd&#8217;hui. Notre approche s&#8217;adapte toujours au client, et non l&#8217;inverse.<\/p>\n<p>Au lieu de nous appuyer sur des mod\u00e8les g\u00e9n\u00e9riques ax\u00e9s sur le volume, nous nous concentrons sur des solutions de recrutement qui cr\u00e9ent une valeur durable. Gr\u00e2ce au sourcing direct, \u00e0 des outils avanc\u00e9s et \u00e0 une connaissance approfondie du march\u00e9, nous aidons nos clients \u00e0 embaucher en toute confiance et \u00e0 maintenir les r\u00e9sultats au-del\u00e0 du placement initial.<\/p>\n<h2>Pourquoi choisir Haldren pour le recrutement contractuel ?<\/h2>\n<p>Haldren a acquis une r\u00e9putation de fiabilit\u00e9 dans les services de recrutement contractuel \u00e0 Marseille en fournissant constamment des candidats qualifi\u00e9s qui correspondent \u00e0 la fois au poste et \u00e0 l&#8217;organisation. Des entreprises de toutes tailles nous font confiance parce que nous combinons une port\u00e9e mondiale avec une compr\u00e9hension approfondie du march\u00e9 fran\u00e7ais.<\/p>\n<p>La confidentialit\u00e9 et le respect de la vie priv\u00e9e sont au c\u0153ur de notre travail. Les informations sur les candidats ne sont communiqu\u00e9es qu&#8217;en cas de besoin et les donn\u00e9es sensibles sont toujours prot\u00e9g\u00e9es. Les employeurs et les demandeurs d&#8217;emploi savent qu&#8217;ils peuvent faire confiance \u00e0 notre processus.<\/p>\n<p>Nous nous engageons \u00e0 faire preuve d&#8217;\u00e9quit\u00e9, de clart\u00e9 et de responsabilit\u00e9. Chaque recherche est g\u00e9r\u00e9e avec pr\u00e9cision, chaque candidat est \u00e9valu\u00e9 avec soin et chaque client est soutenu personnellement.<\/p>\n<blockquote><p><strong>Choisir Haldren, c&#8217;est choisir des services de recrutement qui renforcent les organisations tout en prot\u00e9geant ce qui compte le plus.<\/strong><\/p><\/blockquote>\n                            <\/div>\n        <\/div>\n    <\/div>\n<\/div>\n\n<div class=\"block-section accordion-main-section \">\n    <div class=\"container\">    \n                <div class=\"accordion-faqs\">\n            <h2 class=\"m-title\">Frequently Asked Questions (FAQs)<\/h2>\n                        <div class=\"item\">\n                <h3>En quoi les services de recrutement contractuel diff\u00e8rent-ils du recrutement permanent ?<\/h3>\n                <div class=\"faq-content\"><p>Le recrutement contractuel se concentre sur les missions temporaires qui r\u00e9pondent \u00e0 des besoins imm\u00e9diats, tandis que le recrutement permanent soutient la croissance \u00e0 long terme. Tous deux utilisent des m\u00e9thodes structur\u00e9es, mais le recrutement contractuel met l&#8217;accent sur une livraison plus rapide.<\/p>\n<\/div>\n            <\/div>\n                        <div class=\"item\">\n                <h3>Quels sont les secteurs les plus demandeurs de contrats de recrutement \u00e0 Marseille ?<\/h3>\n                <div class=\"faq-content\"><p>Les secteurs les plus demand\u00e9s sont l&#8217;informatique, la finance, la gestion de projet, les soins de sant\u00e9 et l&#8217;ing\u00e9nierie. Nos consultants suivent de pr\u00e8s ces tendances, ce qui nous permet de fournir rapidement des candidats qualifi\u00e9s.<\/p>\n<\/div>\n            <\/div>\n                        <div class=\"item\">\n                <h3>Comment Haldren assure-t-il la qualit\u00e9 du recrutement des int\u00e9rimaires ?<\/h3>\n                <div class=\"faq-content\"><p>Nous nous appuyons sur des entretiens structur\u00e9s, des tests psychom\u00e9triques et des v\u00e9rifications de r\u00e9f\u00e9rences pour \u00e9valuer les candidats de mani\u00e8re approfondie. En confirmant \u00e0 l&#8217;avance la disponibilit\u00e9 et les fourchettes de salaires, nous veillons \u00e0 ce que les placements se d\u00e9roulent sans heurts.<\/p>\n<\/div>\n            <\/div>\n                    <\/div>\n            <\/div>\n<\/div><\/div><div class=\"sidebar-wrapper\">\n<div class=\"wpcf7 no-js\" id=\"wpcf7-f50-o1\" lang=\"\" dir=\"ltr\" data-wpcf7-id=\"50\">\n<div class=\"screen-reader-response\"><p role=\"status\" aria-live=\"polite\" aria-atomic=\"true\"><\/p> <ul><\/ul><\/div>\n<form action=\"\/marseille\/wp-json\/wp\/v2\/pages\/211#wpcf7-f50-o1\" method=\"post\" class=\"wpcf7-form init\" aria-label=\"Contact form\" enctype=\"multipart\/form-data\" novalidate=\"novalidate\" data-status=\"init\">\n<fieldset class=\"hidden-fields-container\"><input type=\"hidden\" name=\"_wpcf7\" value=\"50\" \/><input type=\"hidden\" name=\"_wpcf7_version\" value=\"6.1.5\" \/><input type=\"hidden\" name=\"_wpcf7_locale\" value=\"\" \/><input type=\"hidden\" name=\"_wpcf7_unit_tag\" value=\"wpcf7-f50-o1\" \/><input type=\"hidden\" name=\"_wpcf7_container_post\" value=\"0\" \/><input type=\"hidden\" name=\"_wpcf7_posted_data_hash\" value=\"\" \/>\n<\/fieldset>\n<input class=\"wpcf7-form-control wpcf7-hidden\" id=\"utm_source\" value=\"\" type=\"hidden\" name=\"utm_source\" \/>\n<input class=\"wpcf7-form-control wpcf7-hidden\" id=\"utm_medium\" value=\"\" type=\"hidden\" name=\"utm_medium\" \/>\n<input class=\"wpcf7-form-control wpcf7-hidden\" id=\"sideform_user_country\" value=\"\" type=\"hidden\" name=\"userCountry\" \/>\n<div class=\"form-grid-layout\">\n\t<div class=\"form-title\">\n\t\t<h2 class=\"title\">Thrive with Top Talent<br \/>\n- No Upfronts Fees\n\t\t<\/h2>\n\t\t<p>Have it easier with video interview clips and a candidate shortlist within 2-3 weeks\n\t\t<\/p>\n\t<\/div>\n\t<div class=\"input-field\">\n\t\t<p><label for=\"\">Name<\/label><br \/>\n<span class=\"wpcf7-form-control-wrap\" data-name=\"full-Name\"><input size=\"40\" maxlength=\"400\" class=\"wpcf7-form-control wpcf7-text wpcf7-validates-as-required\" aria-required=\"true\" aria-invalid=\"false\" value=\"\" type=\"text\" name=\"full-Name\" \/><\/span>\n\t\t<\/p>\n\t<\/div>\n\t<div class=\"input-field\">\n\t\t<p><label for=\"\">Email Address<\/label><br \/>\n<span class=\"wpcf7-form-control-wrap\" data-name=\"email-address\"><input size=\"40\" maxlength=\"400\" class=\"wpcf7-form-control wpcf7-email wpcf7-validates-as-required wpcf7-text wpcf7-validates-as-email\" aria-required=\"true\" aria-invalid=\"false\" value=\"\" type=\"email\" name=\"email-address\" \/><\/span>\n\t\t<\/p>\n\t<\/div>\n\t<div class=\"input-field\">\n\t\t<p><label for=\"\">Company<\/label><br \/>\n<span class=\"wpcf7-form-control-wrap\" data-name=\"company\"><input size=\"40\" maxlength=\"400\" class=\"wpcf7-form-control wpcf7-text\" aria-invalid=\"false\" value=\"\" type=\"text\" name=\"company\" \/><\/span>\n\t\t<\/p>\n\t<\/div>\n\t<div class=\"radiobox-field\">\n\t\t<p><span class=\"wpcf7-form-control-wrap\" data-name=\"radio-721company-status\"><span class=\"wpcf7-form-control wpcf7-radio\"><span class=\"wpcf7-list-item first\"><label><input type=\"radio\" name=\"radio-721company-status\" value=\"{Employer}\" \/><span class=\"wpcf7-list-item-label\">Employer<\/span><\/label><\/span><span class=\"wpcf7-list-item last\"><label><input type=\"radio\" name=\"radio-721company-status\" value=\"{Candidate}\" \/><span class=\"wpcf7-list-item-label\">Candidate<\/span><\/label><\/span><\/span><\/span>\n\t\t<\/p>\n\t<\/div>\n\t<div class=\"input-field\">\n\t\t<p><span class=\"wpcf7-form-control-wrap\" data-name=\"file-upload\"><input size=\"40\" class=\"wpcf7-form-control wpcf7-file\" accept=\".pdf\" aria-invalid=\"false\" type=\"file\" name=\"file-upload\" \/><\/span>\n\t\t<\/p>\n\t<\/div>\n\t<div class=\"textarea-field\">\n\t\t<p><label for=\"\">How can we help you?<\/label><br \/>\n<span class=\"wpcf7-form-control-wrap\" data-name=\"message\"><textarea cols=\"40\" rows=\"10\" maxlength=\"2000\" class=\"wpcf7-form-control wpcf7-textarea\" aria-invalid=\"false\" name=\"message\"><\/textarea><\/span>\n\t\t<\/p>\n\t<\/div>\n\t<p><span id=\"wpcf7-69ea5c82b3d8b-wrapper\" class=\"wpcf7-form-control-wrap nickname-wrap\" ><input id=\"wpcf7-69ea5c82b3d8b-field\"  class=\"wpcf7-form-control wpcf7-text\" type=\"text\" name=\"nickname\" value=\"\" size=\"40\" tabindex=\"-1\" autocomplete=\"off\" \/><\/span>\n\t<\/p>\n\t<div class=\"form-term\">\n\t\t<p>Submission of this form means you have agreed to our <a href=\"\/privacy-policy\/\" title=\"\">Privacy Policy<\/a> and <a href=\"\/terms-of-service\/\" title=\"\">Terms Conditions<\/a>\n\t\t<\/p>\n\t<\/div>\n\t<div class=\"submit-btn\">\n\t\t<p><input class=\"wpcf7-form-control wpcf7-submit has-spinner btn-box\" type=\"submit\" value=\"Get in Touch\" \/>\n\t\t<\/p>\n\t<\/div>\n<\/div><div class=\"wpcf7-response-output\" aria-hidden=\"true\"><\/div>\n<\/form>\n<\/div>\n<\/div><\/div>\n\n\n<div class=\"block-section client-reviews-slider \" style=\"background-color: #119084\">  \n    <div class=\"container\">\n                <div class=\"splide client-slider\">\n            <div class=\"splide__track\">\n                <div class=\"splide__list\">\n                                        <div class=\"splide__slide\">\n                        <div class=\"content-box\">\n                            <div class=\"content\">\n                                <p>&#8220;Haldren a compris l&#8217;urgence de notre projet et nous a pr\u00e9sent\u00e9 des candidats qui correspondaient \u00e0 la fois aux exigences techniques et \u00e0 notre culture. Leur processus a \u00e9t\u00e9 rapide et discret, ce qui nous a donn\u00e9 confiance \u00e0 un moment critique&#8221;.<\/p>\n                            <\/div>\n                                                        <div class=\"name\">\n                                <strong>Julien P.<\/strong>, \n                                Chef de projet principal                            <\/div>\n                                                    <\/div>\n                    <\/div>\n                                        <div class=\"splide__slide\">\n                        <div class=\"content-box\">\n                            <div class=\"content\">\n                                <p>&#8220;Nous avions besoin d&#8217;ing\u00e9nieurs logiciels pour des contrats temporaires, et Haldren a simplifi\u00e9 le processus. Les attentes salariales ayant \u00e9t\u00e9 fix\u00e9es d&#8217;embl\u00e9e, les offres ont \u00e9t\u00e9 accept\u00e9es rapidement et notre calendrier a \u00e9t\u00e9 respect\u00e9.<\/p>\n                            <\/div>\n                                                        <div class=\"name\">\n                                <strong>Claire D.<\/strong>, \n                                Directeur informatique                            <\/div>\n                                                    <\/div>\n                    <\/div>\n                                        <div class=\"splide__slide\">\n                        <div class=\"content-box\">\n                            <div class=\"content\">\n                                <p>&#8220;Haldren a combin\u00e9 une solide connaissance du march\u00e9 avec des connexions internationales, nous aidant \u00e0 trouver des experts en cybers\u00e9curit\u00e9 que nous n&#8217;aurions pas pu atteindre par nous-m\u00eames. Leur discr\u00e9tion et leur approche directe ont fait toute la diff\u00e9rence&#8221;.<\/p>\n                            <\/div>\n                                                        <div class=\"name\">\n                                <strong>Marc L.<\/strong>, \n                                Responsable de la s\u00e9curit\u00e9 de l&#039;information                            <\/div>\n                                                    <\/div>\n                    <\/div>\n                                    <\/div>\n            <\/div>\n        <\/div>\n            <\/div>\n<\/div>","protected":false},"excerpt":{"rendered":"","protected":false},"author":10,"featured_media":0,"parent":209,"menu_order":0,"comment_status":"closed","ping_status":"closed","template":"","meta":{"_acf_changed":false,"footnotes":""},"class_list":["post-211","page","type-page","status-publish","hentry"],"acf":[],"lang":"fr","translations":{"fr":211,"en":89},"jetpack_sharing_enabled":true,"pll_sync_post":[],"_links":{"self":[{"href":"https:\/\/www.haldren.com\/marseille\/wp-json\/wp\/v2\/pages\/211","targetHints":{"allow":["GET"]}}],"collection":[{"href":"https:\/\/www.haldren.com\/marseille\/wp-json\/wp\/v2\/pages"}],"about":[{"href":"https:\/\/www.haldren.com\/marseille\/wp-json\/wp\/v2\/types\/page"}],"author":[{"embeddable":true,"href":"https:\/\/www.haldren.com\/marseille\/wp-json\/wp\/v2\/users\/10"}],"replies":[{"embeddable":true,"href":"https:\/\/www.haldren.com\/marseille\/wp-json\/wp\/v2\/comments?post=211"}],"version-history":[{"count":1,"href":"https:\/\/www.haldren.com\/marseille\/wp-json\/wp\/v2\/pages\/211\/revisions"}],"predecessor-version":[{"id":222,"href":"https:\/\/www.haldren.com\/marseille\/wp-json\/wp\/v2\/pages\/211\/revisions\/222"}],"up":[{"embeddable":true,"href":"https:\/\/www.haldren.com\/marseille\/wp-json\/wp\/v2\/pages\/209"}],"wp:attachment":[{"href":"https:\/\/www.haldren.com\/marseille\/wp-json\/wp\/v2\/media?parent=211"}],"curies":[{"name":"wp","href":"https:\/\/api.w.org\/{rel}","templated":true}]}}