{"id":213,"date":"2025-11-11T04:20:49","date_gmt":"2025-11-11T04:20:49","guid":{"rendered":"https:\/\/www.haldren.com\/marseille\/?page_id=213"},"modified":"2026-01-07T03:23:27","modified_gmt":"2026-01-07T03:23:27","slug":"chasseurs-de-tetes","status":"publish","type":"page","link":"https:\/\/www.haldren.com\/marseille\/fr\/acquisition-de-talents\/chasseurs-de-tetes\/","title":{"rendered":"Chasseurs de t\u00eates"},"content":{"rendered":"\n  <link rel=\"preload\" as=\"image\" href=\"https:\/\/www.haldren.com\/marseille\/wp-content\/uploads\/sites\/30\/2025\/09\/marseille-city-e1764150470730.webp\" fetchpriority=\"high\">\n  <style>\n    .inner-banner-section {\n      background-image: url('https:\/\/www.haldren.com\/marseille\/wp-content\/uploads\/sites\/30\/2025\/09\/marseille-city-e1764150470730.webp');\n      background-size: cover;\n      background-position: center;\n      background-repeat: no-repeat;\n    }\n\n    @media (max-width: 768px) {\n      .inner-banner-section {\n        background-image: url('https:\/\/www.haldren.com\/marseille\/wp-content\/uploads\/sites\/30\/2025\/09\/marseille-city-e1764150470730.webp');\n      }\n    }\n  <\/style>\n\n<div class=\"block-section inner-banner-section lazyload bg-sty section-gaps top-border-line\">\n  <div class=\"container-fluid\">\n    <div class=\"content-wrap\">\n      <h1 class=\"title\">\n        Services de chasseurs de t\u00eates \u00e0 Marseille      <\/h1>\n      <span style=\"font-size: 18px;\">Mettre en relation les entreprises les plus dynamiques de Marseille avec les leaders qui stimulent la croissance<\/span>\n    <\/div>\n  <\/div>\n<\/div>\n\n\n\n\n<div class=\"wp-block-custom-div-wrapper-block col-wrapper has-sidebar\"><div class=\"content-wrapper\" style=\"background-color:#002a26\">\n<div class=\"block-section section-gaps default-content-section \" \n     style=\"--text-color: #ffffff; --bg-color: #119084;\">\n    <div class=\"container\">\n        <div class=\"default-single-content-wrap\">\n            <div class=\"content-wrap\">\n                                    <h2 data-pm-slice=\"1 1 []\">Un cabinet de chasseurs de t\u00eates de premier plan \u00e0 Marseille<\/h2>\n<p>Haldren est un cabinet de recherche de cadres \u00e0 Marseille qui offre des services exceptionnels de chasse de t\u00eates, bas\u00e9s sur une vision strat\u00e9gique, la confidentialit\u00e9 et un v\u00e9ritable partenariat. Nos consultants <span data-color=\"transparent\">sont des professionnels exp\u00e9riment\u00e9s qui comprennent la complexit\u00e9 du march\u00e9 de l&#8217;emploi marseillais et les d\u00e9fis de recrutement auxquels sont confront\u00e9es les entreprises locales et internationales. <\/span>Gr\u00e2ce \u00e0 notre expertise sectorielle, nous vous aidons \u00e0 trouver des talents qualifi\u00e9s qui correspondent aux valeurs de votre entreprise et \u00e0 votre vision \u00e0 long terme.<\/p>\n<p><span data-color=\"transparent\">Notre cabinet de recrutement op\u00e8re avec int\u00e9grit\u00e9, transparence et discr\u00e9tion \u00e0 chaque \u00e9tape du processus de recrutement. Chaque recherche associe l&#8217;expertise locale \u00e0 notre r\u00e9seau international pour r\u00e9pondre pr\u00e9cis\u00e9ment aux besoins des clients. Nos consultants guident les clients tout au long du processus d&#8217;embauche avec professionnalisme et attention, garantissant un r\u00e9sultat positif dans tous les secteurs d&#8217;activit\u00e9.<\/span><\/p>\n<blockquote><p><strong>Haldren est une agence de recrutement de confiance qui met en relation les entreprises marseillaises avec les bons talents en un temps record.<\/strong><\/p><\/blockquote>\n<h2>Cabinet de recrutement de cadres de haut niveau \u00e0 Marseille<\/h2>\n<p><span data-color=\"transparent\">Chez Haldren, nous consid\u00e9rons que la chasse de t\u00eate est plus qu&#8217;un simple recrutement ; il s&#8217;agit d&#8217;aider les entreprises de Marseille et de la r\u00e9gion PACA \u00e0 atteindre une croissance durable. Nos consultants soutiennent les organisations sur le march\u00e9 marseillais en trouvant des leaders qui ont un impact mesurable sur l&#8217;entreprise. <\/span><\/p>\n<p><span data-color=\"transparent\">Notre succ\u00e8s repose sur le partenariat, la perspicacit\u00e9 et un processus de recherche r\u00e9fl\u00e9chi. Chacun de nos consultants poss\u00e8de une excellente compr\u00e9hension du march\u00e9 local et l&#8217;exp\u00e9rience n\u00e9cessaire pour identifier des leaders exceptionnels. <\/span>Nous sommes fiers de notre r\u00e9putation de professionnalisme et de notre capacit\u00e9 \u00e0 accueillir les meilleurs candidats gr\u00e2ce \u00e0 une approche m\u00e9ticuleuse et centr\u00e9e sur les personnes.<\/p>\n<h4>L&#8217;\u00e9valuation<\/h4>\n<p>Nous commen\u00e7ons chaque recherche par une analyse approfondie de votre entreprise, de sa structure et de sa culture. \u00c0 partir de ces informations, nous cr\u00e9ons un profil de candidat id\u00e9al qui va au-del\u00e0 de l&#8217;exp\u00e9rience, en \u00e9valuant les motivations, les valeurs et les qualit\u00e9s de leadership afin de garantir la bonne ad\u00e9quation.<\/p>\n<h4>Acquisition de talents<\/h4>\n<p>Nous puisons dans nos vastes r\u00e9seaux professionnels, nos associations sectorielles et nos relations avec des talents internationaux pour \u00e9largir le vivier de talents. En utilisant une approche directe et des outils num\u00e9riques puissants, nos recruteurs identifient des candidats potentiels sur le march\u00e9 de l&#8217;emploi \u00e0 Marseille et dans toute l&#8217;Europe, garantissant l&#8217;acc\u00e8s \u00e0 des profils recherch\u00e9s qui s&#8217;alignent sur les missions de nos clients.<\/p>\n<h4>Transformation organisationnelle<\/h4>\n<p><span data-color=\"transparent\">Nous aidons nos clients \u00e0 mettre en place des programmes de leadership durables en planifiant les successions et en d\u00e9veloppant le leadership. En combinant notre expertise en mati\u00e8re de recrutement et notre connaissance de l&#8217;organisation, nous favorisons la croissance et la stabilit\u00e9 pour l&#8217;avenir.<\/span><\/p>\n<h2>Notre approche de la chasse de t\u00eates<\/h2>\n<p><span data-color=\"transparent\">Notre processus de recrutement commence par une compr\u00e9hension compl\u00e8te des objectifs du client, des d\u00e9fis en mati\u00e8re de recrutement et de la dynamique du march\u00e9. Nous pensons que la chasse de t\u00eate la plus efficace repose sur une communication claire et la confiance.<\/span><\/p>\n<p><span data-color=\"transparent\">Nous commen\u00e7ons chaque mission par une phase de d\u00e9couverte afin de d\u00e9finir les objectifs de l&#8217;entreprise, les conditions de l&#8217;industrie et les attentes en mati\u00e8re de salaire. Nos consultants proc\u00e8dent ensuite \u00e0 une analyse approfondie du march\u00e9 afin d&#8217;identifier les candidats potentiels \u00e0 Marseille, en Europe et \u00e0 l&#8217;\u00e9tranger. Ce processus de recherche complet comprend un sourcing cibl\u00e9, des entretiens structur\u00e9s, des \u00e9valuations psychom\u00e9triques et la pr\u00e9sentation d&#8217;une liste restreinte.<\/span><\/p>\n<p>Chaque \u00e9tape refl\u00e8te notre engagement en faveur de la qualit\u00e9. Les profils que nous proposons mettent en \u00e9vidence les comp\u00e9tences techniques, les qualit\u00e9s de leadership et l&#8217;ad\u00e9quation culturelle de chaque candidat. Nos recruteurs s&#8217;appuient \u00e0 la fois sur des m\u00e9thodes \u00e9prouv\u00e9es, telles que l&#8217;approche directe et les recommandations, et sur des strat\u00e9gies de recrutement modernes, notamment la publicit\u00e9 fond\u00e9e sur les donn\u00e9es, les m\u00e9dias sociaux et les offres d&#8217;emploi cibl\u00e9es.<\/p>\n<p>Gr\u00e2ce \u00e0 notre r\u00e9seau international, nous mettons nos clients en contact avec des professionnels exceptionnels, qu&#8217;il s&#8217;agisse de directeurs financiers, de scientifiques des donn\u00e9es ou de cadres sup\u00e9rieurs du marketing. Nous restons \u00e9troitement impliqu\u00e9s au-del\u00e0 de l&#8217;embauche, en veillant \u00e0 ce que chaque placement soutienne la croissance \u00e0 long terme.<\/p>\n<p>Notre d\u00e9vouement \u00e0 une communication claire, \u00e0 la confidentialit\u00e9 et \u00e0 des r\u00e9sultats mesurables nous distingue des autres agences de recrutement \u00e0 Marseille et au-del\u00e0. <span data-color=\"transparent\">Nos consultants guident chaque entreprise avec professionnalisme et \u00e9thique, s&#8217;assurant que chaque embauche soutient la croissance strat\u00e9gique et le succ\u00e8s \u00e0 long terme.<\/span><\/p>\n<h2>Notre expertise en tant que leader du recrutement de cadres \u00e0 Marseille<\/h2>\n<p>Les consultants de Haldren apportent une richesse d&#8217;exp\u00e9rience et d&#8217;expertise sectorielle qui leur permet de recruter pour des postes de direction dans les secteurs cl\u00e9s de Marseille, y compris le transport maritime, le tourisme, le marketing, l&#8217;ing\u00e9nierie et la finance. Notre \u00e9quipe continue de d\u00e9velopper ses comp\u00e9tences et maintient une excellente connaissance du march\u00e9 du recrutement gr\u00e2ce \u00e0 une formation professionnelle continue.<\/p>\n<p>Nous nous adaptons \u00e0 l&#8217;\u00e9volution de vos besoins, en combinant une pr\u00e9sence mondiale avec une expertise locale dans les Bouches du Rh\u00f4ne. Chaque consultant fait preuve de rigueur analytique, d&#8217;empathie et de perspicacit\u00e9 humaine pour obtenir des r\u00e9sultats exceptionnels.<\/p>\n<h4>Quelques domaines dans lesquels nous sommes sp\u00e9cialis\u00e9s<\/h4>\n<p>Notre cabinet de recrutement travaille avec des entreprises marseillaises dans de nombreux secteurs, tels que le maritime, la logistique, le tourisme, l&#8217;\u00e9nergie, la finance, le marketing, etc. Ce large \u00e9ventail nous permet d&#8217;identifier les profils les plus recherch\u00e9s tout en conservant une sp\u00e9cialisation sectorielle approfondie. Notre \u00e9quipe collabore \u00e9troitement avec nos clients pour recruter des dirigeants qui renforcent les op\u00e9rations et stimulent la croissance de l&#8217;entreprise.<\/p>\n<h4>Exemples de postes pour lesquels nous recrutons<\/h4>\n<p>Les postes pour lesquels nous recrutons r\u00e9guli\u00e8rement dans la deuxi\u00e8me ville de France sont des postes de direction et de cadres sup\u00e9rieurs, tels que des dirigeants, des directeurs, des gestionnaires et des membres du conseil d&#8217;administration. Nos consultants s&#8217;attachent \u00e0 identifier des candidats qualifi\u00e9s qui allient de solides comp\u00e9tences techniques \u00e0 l&#8217;\u00e9tat d&#8217;esprit ad\u00e9quat pour diriger avec succ\u00e8s leurs \u00e9quipes.<\/p>\n<blockquote><p><strong><span data-color=\"transparent\">Pour en savoir plus sur la gamme de postes pour lesquels nous recrutons, contactez Haldren d\u00e8s aujourd&#8217;hui. Nous serons heureux de discuter avec vous de la mani\u00e8re dont nous pouvons vous aider \u00e0 trouver les bons talents.<\/span><\/strong><\/p><\/blockquote>\n<h2>Pourquoi Haldren utilise-t-il une approche personnalis\u00e9e du recrutement ?<\/h2>\n<p>Au fil de nos ann\u00e9es d&#8217;exp\u00e9rience dans le domaine du recrutement, nous avons constat\u00e9 que les approches de recrutement \u00e0 l&#8217;emporte-pi\u00e8ce ne parviennent souvent pas \u00e0 r\u00e9pondre aux besoins r\u00e9els d&#8217;une entreprise. Par cons\u00e9quent, notre approche du recrutement est fond\u00e9e sur la conviction que chaque projet de recrutement m\u00e9rite sa propre strat\u00e9gie.<\/p>\n<p>Nous sommes parvenus \u00e0 cette conclusion apr\u00e8s que l&#8217;un de nos consultants ait men\u00e9 \u00e0 bien une recherche de directeur marketing. <span data-color=\"transparent\">Le client avait initialement demand\u00e9 un profil standard, mais gr\u00e2ce \u00e0 une \u00e9valuation et une consultation approfondies, nous avons identifi\u00e9 diff\u00e9rents traits de leadership qui se sont av\u00e9r\u00e9s essentiels pour une r\u00e9ussite \u00e0 long terme. Ce r\u00e9sultat a renforc\u00e9 notre conviction que la compr\u00e9hension du contexte conduit toujours \u00e0 de meilleurs r\u00e9sultats.<\/span><\/p>\n<p>Notre approche sur mesure combine des \u00e9tudes sectorielles, une \u00e9valuation structur\u00e9e et une collaboration \u00e9troite avec les parties prenantes du client. Cette m\u00e9thodologie garantit que chaque placement<span data-color=\"transparent\"> r\u00e9pond non seulement aux exigences du poste, mais soutient \u00e9galement les objectifs culturels et organisationnels.<\/span><\/p>\n<h2>Pourquoi choisir Haldren pour la chasse de t\u00eates ?<\/h2>\n<p>D\u00e9cider de s&#8217;associer \u00e0 Haldren signifie que vous avez acc\u00e8s \u00e0 un cabinet de recrutement fiable, connu pour sa discr\u00e9tion, son int\u00e9grit\u00e9 et ses succ\u00e8s av\u00e9r\u00e9s. Nos consultants agissent en tant que conseillers de confiance, guidant les clients et les candidats \u00e0 chaque \u00e9tape du processus d&#8217;embauche.<\/p>\n<p>Nous traitons chaque interaction avec confidentialit\u00e9 et respect. Nos clients savent qu&#8217;ils peuvent compter sur nous pour prot\u00e9ger les informations sensibles, tandis que les candidats sont convaincus que leurs aspirations seront trait\u00e9es avec soin. Ce respect mutuel d\u00e9finit notre r\u00e9putation de longue date en tant qu&#8217;agence de recrutement fond\u00e9e sur l&#8217;\u00e9thique et le succ\u00e8s.<\/p>\n<p><span data-color=\"transparent\">Avec un r\u00e9seau international et une expertise locale, nous identifions, \u00e9valuons et attirons les leaders qui peuvent transformer les organisations. Nous abordons chaque engagement avec humilit\u00e9, professionnalisme et un r\u00e9el int\u00e9r\u00eat pour les deux parties du processus.<\/span><\/p>\n<blockquote><p><strong><span data-color=\"transparent\">Si vous \u00eates pr\u00eat \u00e0 renforcer votre \u00e9quipe de direction, contactez Haldren d\u00e8s aujourd&#8217;hui et permettez-nous de faire partie de votre parcours de recrutement.<\/span><\/strong><\/p><\/blockquote>\n                            <\/div>\n        <\/div>\n    <\/div>\n<\/div>\n\n<div class=\"block-section accordion-main-section \">\n    <div class=\"container\">    \n                <div class=\"accordion-faqs\">\n            <h2 class=\"m-title\">Frequently Asked Questions (FAQs)<\/h2>\n                        <div class=\"item\">\n                <h3>Comment Haldren assure-t-il la diversit\u00e9 et l&#039;inclusion dans les recherches ?<\/h3>\n                <div class=\"faq-content\"><p data-pm-slice=\"1 1 []\">Nous encourageons activement la diversit\u00e9 des listes de pr\u00e9s\u00e9lection en \u00e9valuant chaque candidat sur la base de son m\u00e9rite, de son potentiel et de ses capacit\u00e9s de leadership, sans tenir compte de son sexe, de son \u00e2ge, de sa race ou d&#8217;autres facteurs d\u00e9mographiques. Cet engagement en faveur de l&#8217;inclusion aide nos clients \u00e0 constituer des \u00e9quipes plus fortes et plus innovantes.<\/p>\n<\/div>\n            <\/div>\n                        <div class=\"item\">\n                <h3>Comment Haldren identifie-t-il les bons leaders pour des r\u00f4les hautement sp\u00e9cialis\u00e9s ?<\/h3>\n                <div class=\"faq-content\"><p data-pm-slice=\"1 1 []\">Nous commen\u00e7ons par comprendre les objectifs et la culture propres \u00e0 votre organisation avant de d\u00e9finir les qualit\u00e9s de leadership qui auront un impact. \u00c0 partir de l\u00e0, nos consultants effectuent des recherches cibl\u00e9es et des contacts directs afin d&#8217;identifier les personnes dont l&#8217;exp\u00e9rience et les valeurs correspondent pr\u00e9cis\u00e9ment \u00e0 vos besoins.<\/p>\n<\/div>\n            <\/div>\n                        <div class=\"item\">\n                <h3>Haldren peut-il soutenir les recherches internationales pour des postes \u00e0 Marseille ?<\/h3>\n                <div class=\"faq-content\"><p data-pm-slice=\"1 1 []\">Absolument. Gr\u00e2ce \u00e0 notre r\u00e9seau international, nous identifions les talents internationaux qui souhaitent s&#8217;installer ou collaborer avec des entreprises marseillaises. Nous prenons en charge tous les aspects, de la prise de contact initiale \u00e0 l&#8217;int\u00e9gration, afin de garantir un processus de recrutement transfrontalier sans faille.<\/p>\n<\/div>\n            <\/div>\n                        <div class=\"item\">\n                <h3>Pourquoi l&#039;approche directe est-elle si efficace dans la chasse aux t\u00eates ?<\/h3>\n                <div class=\"faq-content\"><p data-pm-slice=\"1 1 []\">De nombreux cadres parmi les plus comp\u00e9tents ne postulent pas activement \u00e0 des postes. Une approche directe nous permet d&#8217;engager ces professionnels de mani\u00e8re confidentielle, en leur pr\u00e9sentant des opportunit\u00e9s qui correspondent r\u00e9ellement \u00e0 leurs aspirations, tout en maintenant une discr\u00e9tion totale pour les deux parties.<\/p>\n<\/div>\n            <\/div>\n                    <\/div>\n            <\/div>\n<\/div><\/div><div class=\"sidebar-wrapper\">\n<div class=\"wpcf7 no-js\" id=\"wpcf7-f50-o1\" lang=\"\" dir=\"ltr\" data-wpcf7-id=\"50\">\n<div class=\"screen-reader-response\"><p role=\"status\" aria-live=\"polite\" aria-atomic=\"true\"><\/p> <ul><\/ul><\/div>\n<form action=\"\/marseille\/wp-json\/wp\/v2\/pages\/213#wpcf7-f50-o1\" method=\"post\" class=\"wpcf7-form init\" aria-label=\"Contact form\" enctype=\"multipart\/form-data\" novalidate=\"novalidate\" data-status=\"init\">\n<fieldset class=\"hidden-fields-container\"><input type=\"hidden\" name=\"_wpcf7\" value=\"50\" \/><input type=\"hidden\" name=\"_wpcf7_version\" value=\"6.1.5\" \/><input type=\"hidden\" name=\"_wpcf7_locale\" value=\"\" \/><input type=\"hidden\" name=\"_wpcf7_unit_tag\" value=\"wpcf7-f50-o1\" \/><input type=\"hidden\" name=\"_wpcf7_container_post\" value=\"0\" \/><input type=\"hidden\" name=\"_wpcf7_posted_data_hash\" value=\"\" \/>\n<\/fieldset>\n<input class=\"wpcf7-form-control wpcf7-hidden\" id=\"utm_source\" value=\"\" type=\"hidden\" name=\"utm_source\" \/>\n<input class=\"wpcf7-form-control wpcf7-hidden\" id=\"utm_medium\" value=\"\" type=\"hidden\" name=\"utm_medium\" \/>\n<input class=\"wpcf7-form-control wpcf7-hidden\" id=\"sideform_user_country\" value=\"\" type=\"hidden\" name=\"userCountry\" \/>\n<div class=\"form-grid-layout\">\n\t<div class=\"form-title\">\n\t\t<h2 class=\"title\">Thrive with Top Talent<br \/>\n- No Upfronts Fees\n\t\t<\/h2>\n\t\t<p>Have it easier with video interview clips and a candidate shortlist within 2-3 weeks\n\t\t<\/p>\n\t<\/div>\n\t<div class=\"input-field\">\n\t\t<p><label for=\"\">Name<\/label><br \/>\n<span class=\"wpcf7-form-control-wrap\" data-name=\"full-Name\"><input size=\"40\" maxlength=\"400\" class=\"wpcf7-form-control wpcf7-text wpcf7-validates-as-required\" aria-required=\"true\" aria-invalid=\"false\" value=\"\" type=\"text\" name=\"full-Name\" \/><\/span>\n\t\t<\/p>\n\t<\/div>\n\t<div class=\"input-field\">\n\t\t<p><label for=\"\">Email Address<\/label><br \/>\n<span class=\"wpcf7-form-control-wrap\" data-name=\"email-address\"><input size=\"40\" maxlength=\"400\" class=\"wpcf7-form-control wpcf7-email wpcf7-validates-as-required wpcf7-text wpcf7-validates-as-email\" aria-required=\"true\" aria-invalid=\"false\" value=\"\" type=\"email\" name=\"email-address\" \/><\/span>\n\t\t<\/p>\n\t<\/div>\n\t<div class=\"input-field\">\n\t\t<p><label for=\"\">Company<\/label><br \/>\n<span class=\"wpcf7-form-control-wrap\" data-name=\"company\"><input size=\"40\" maxlength=\"400\" class=\"wpcf7-form-control wpcf7-text\" aria-invalid=\"false\" value=\"\" type=\"text\" name=\"company\" \/><\/span>\n\t\t<\/p>\n\t<\/div>\n\t<div class=\"radiobox-field\">\n\t\t<p><span class=\"wpcf7-form-control-wrap\" data-name=\"radio-721company-status\"><span class=\"wpcf7-form-control wpcf7-radio\"><span class=\"wpcf7-list-item first\"><label><input type=\"radio\" name=\"radio-721company-status\" value=\"{Employer}\" \/><span class=\"wpcf7-list-item-label\">Employer<\/span><\/label><\/span><span class=\"wpcf7-list-item last\"><label><input type=\"radio\" name=\"radio-721company-status\" value=\"{Candidate}\" \/><span class=\"wpcf7-list-item-label\">Candidate<\/span><\/label><\/span><\/span><\/span>\n\t\t<\/p>\n\t<\/div>\n\t<div class=\"input-field\">\n\t\t<p><span class=\"wpcf7-form-control-wrap\" data-name=\"file-upload\"><input size=\"40\" class=\"wpcf7-form-control wpcf7-file\" accept=\".pdf\" aria-invalid=\"false\" type=\"file\" name=\"file-upload\" \/><\/span>\n\t\t<\/p>\n\t<\/div>\n\t<div class=\"textarea-field\">\n\t\t<p><label for=\"\">How can we help you?<\/label><br \/>\n<span class=\"wpcf7-form-control-wrap\" data-name=\"message\"><textarea cols=\"40\" rows=\"10\" maxlength=\"2000\" class=\"wpcf7-form-control wpcf7-textarea\" aria-invalid=\"false\" name=\"message\"><\/textarea><\/span>\n\t\t<\/p>\n\t<\/div>\n\t<p><span id=\"wpcf7-69ea5c8e74240-wrapper\" class=\"wpcf7-form-control-wrap nickname-wrap\" ><input id=\"wpcf7-69ea5c8e74240-field\"  class=\"wpcf7-form-control wpcf7-text\" type=\"text\" name=\"nickname\" value=\"\" size=\"40\" tabindex=\"-1\" autocomplete=\"off\" \/><\/span>\n\t<\/p>\n\t<div class=\"form-term\">\n\t\t<p>Submission of this form means you have agreed to our <a href=\"\/privacy-policy\/\" title=\"\">Privacy Policy<\/a> and <a href=\"\/terms-of-service\/\" title=\"\">Terms Conditions<\/a>\n\t\t<\/p>\n\t<\/div>\n\t<div class=\"submit-btn\">\n\t\t<p><input class=\"wpcf7-form-control wpcf7-submit has-spinner btn-box\" type=\"submit\" value=\"Get in Touch\" \/>\n\t\t<\/p>\n\t<\/div>\n<\/div><div class=\"wpcf7-response-output\" aria-hidden=\"true\"><\/div>\n<\/form>\n<\/div>\n<\/div><\/div>\n\n\n<div class=\"block-section client-reviews-slider \" style=\"background-color: #119084\">  \n    <div class=\"container\">\n                <div class=\"splide client-slider\">\n            <div class=\"splide__track\">\n                <div class=\"splide__list\">\n                                        <div class=\"splide__slide\">\n                        <div class=\"content-box\">\n                            <div class=\"content\">\n                                <p data-pm-slice=\"1 1 []\">&#8220;Les consultants de Haldren nous ont guid\u00e9s \u00e0 travers un processus complexe de recrutement de cadres avec clart\u00e9 et attention. Leur professionnalisme et leur expertise ont fait toute la diff\u00e9rence&#8221;.<\/p>\n                            <\/div>\n                                                        <div class=\"name\">\n                                <strong>Jean-Marc T.<\/strong>, \n                                Chef des ressources humaines                            <\/div>\n                                                    <\/div>\n                    <\/div>\n                                        <div class=\"splide__slide\">\n                        <div class=\"content-box\">\n                            <div class=\"content\">\n                                <p data-pm-slice=\"1 1 []\">&#8220;Nous avons fait appel \u00e0 Haldren pour recruter des professionnels de haut niveau pour notre bureau de Marseille. Leur expertise locale et leur processus de recherche pr\u00e9cis nous ont permis de trouver rapidement la bonne personne.<\/p>\n                            <\/div>\n                                                        <div class=\"name\">\n                                <strong>Antoine B.<\/strong>, \n                                Directeur des ressources humaines                            <\/div>\n                                                    <\/div>\n                    <\/div>\n                                        <div class=\"splide__slide\">\n                        <div class=\"content-box\">\n                            <div class=\"content\">\n                                <p data-pm-slice=\"1 1 []\">&#8220;Travailler avec Haldren m&#8217;a donn\u00e9 l&#8217;impression de collaborer avec des coll\u00e8gues qui comprennent v\u00e9ritablement les entreprises et les personnes. Leurs consultants allient l&#8217;empathie \u00e0 une connaissance exceptionnelle du recrutement.&#8221;<\/p>\n                            <\/div>\n                                                        <div class=\"name\">\n                                <strong>Estelle M.<\/strong>, \n                                Associ\u00e9 g\u00e9rant                            <\/div>\n                                                    <\/div>\n                    <\/div>\n                                    <\/div>\n            <\/div>\n        <\/div>\n            <\/div>\n<\/div>","protected":false},"excerpt":{"rendered":"","protected":false},"author":10,"featured_media":0,"parent":209,"menu_order":0,"comment_status":"closed","ping_status":"closed","template":"","meta":{"_acf_changed":false,"footnotes":""},"class_list":["post-213","page","type-page","status-publish","hentry"],"acf":[],"lang":"fr","translations":{"fr":213,"en":76},"jetpack_sharing_enabled":true,"pll_sync_post":[],"_links":{"self":[{"href":"https:\/\/www.haldren.com\/marseille\/wp-json\/wp\/v2\/pages\/213","targetHints":{"allow":["GET"]}}],"collection":[{"href":"https:\/\/www.haldren.com\/marseille\/wp-json\/wp\/v2\/pages"}],"about":[{"href":"https:\/\/www.haldren.com\/marseille\/wp-json\/wp\/v2\/types\/page"}],"author":[{"embeddable":true,"href":"https:\/\/www.haldren.com\/marseille\/wp-json\/wp\/v2\/users\/10"}],"replies":[{"embeddable":true,"href":"https:\/\/www.haldren.com\/marseille\/wp-json\/wp\/v2\/comments?post=213"}],"version-history":[{"count":1,"href":"https:\/\/www.haldren.com\/marseille\/wp-json\/wp\/v2\/pages\/213\/revisions"}],"predecessor-version":[{"id":224,"href":"https:\/\/www.haldren.com\/marseille\/wp-json\/wp\/v2\/pages\/213\/revisions\/224"}],"up":[{"embeddable":true,"href":"https:\/\/www.haldren.com\/marseille\/wp-json\/wp\/v2\/pages\/209"}],"wp:attachment":[{"href":"https:\/\/www.haldren.com\/marseille\/wp-json\/wp\/v2\/media?parent=213"}],"curies":[{"name":"wp","href":"https:\/\/api.w.org\/{rel}","templated":true}]}}