{"id":216,"date":"2025-11-11T04:23:17","date_gmt":"2025-11-11T04:23:17","guid":{"rendered":"https:\/\/www.haldren.com\/marseille\/?page_id=216"},"modified":"2026-01-07T03:22:59","modified_gmt":"2026-01-07T03:22:59","slug":"recrutement","status":"publish","type":"page","link":"https:\/\/www.haldren.com\/marseille\/fr\/acquisition-de-talents\/recrutement\/","title":{"rendered":"Recrutement"},"content":{"rendered":"\n  <link rel=\"preload\" as=\"image\" href=\"https:\/\/www.haldren.com\/marseille\/wp-content\/uploads\/sites\/30\/2025\/09\/marseille-city-e1764150470730.webp\" fetchpriority=\"high\">\n  <style>\n    .inner-banner-section {\n      background-image: url('https:\/\/www.haldren.com\/marseille\/wp-content\/uploads\/sites\/30\/2025\/09\/marseille-city-e1764150470730.webp');\n      background-size: cover;\n      background-position: center;\n      background-repeat: no-repeat;\n    }\n\n    @media (max-width: 768px) {\n      .inner-banner-section {\n        background-image: url('https:\/\/www.haldren.com\/marseille\/wp-content\/uploads\/sites\/30\/2025\/09\/marseille-city-e1764150470730.webp');\n      }\n    }\n  <\/style>\n\n<div class=\"block-section inner-banner-section lazyload bg-sty section-gaps top-border-line\">\n  <div class=\"container-fluid\">\n    <div class=\"content-wrap\">\n      <h1 class=\"title\">\n        Services de recrutement \u00e0 Marseille      <\/h1>\n      <span style=\"font-size: 18px;\">Des recruteurs experts mettent en relation les entreprises avec des talents exceptionnels \u00e0 Marseille<\/span>\n    <\/div>\n  <\/div>\n<\/div>\n\n\n\n\n<div class=\"wp-block-custom-div-wrapper-block col-wrapper has-sidebar\"><div class=\"content-wrapper\" style=\"background-color:#002a26\">\n<div class=\"block-section section-gaps default-content-section \" \n     style=\"--text-color: #ffffff; --bg-color: #119084;\">\n    <div class=\"container\">\n        <div class=\"default-single-content-wrap\">\n            <div class=\"content-wrap\">\n                                    <h2 data-pm-slice=\"1 1 []\">Premier recrutement \u00e0 Marseille<\/h2>\n<p>Haldren est une agence de recrutement de cadres de haut niveau, fond\u00e9e sur l&#8217;honn\u00eatet\u00e9, l&#8217;expertise et la confiance de longue date que nous avons gagn\u00e9e aupr\u00e8s de nos clients. Nous ne nous contentons pas de pourvoir des postes vacants, nous pla\u00e7ons des personnes ayant l&#8217;attitude et les comp\u00e9tences ad\u00e9quates pour mener leur organisation vers de nouveaux sommets.<\/p>\n<p><span data-color=\"transparent\">Notre agence de recrutement est connue pour associer une connaissance approfondie de l&#8217;industrie \u00e0 une approche personnelle et consultative qui aide les entreprises \u00e0 trouver des leaders qui ont vraiment un impact. Chacun de nos consultants poss\u00e8de une vaste exp\u00e9rience du march\u00e9 de l&#8217;emploi marseillais, soutenue par des outils num\u00e9riques puissants qui am\u00e9liorent l&#8217;efficacit\u00e9 sans compromettre la qualit\u00e9 des candidats.<\/span><\/p>\n<p><span data-color=\"transparent\">Nous combinons une vision globale avec une expertise locale, travaillant en \u00e9troite collaboration avec nos clients \u00e0 travers la France et l&#8217;Europe pour identifier les candidats qui correspondent \u00e0 la culture de l&#8217;entreprise, aux comp\u00e9tences techniques, et aux objectifs \u00e0 long terme. Discr\u00e9tion et professionnalisme guident chaque mission, de la recherche de cadres \u00e0 la planification strat\u00e9gique du recrutement.<\/span><\/p>\n<blockquote><p><strong>Haldren apporte clart\u00e9, pr\u00e9cision et partenariat, <span data-color=\"transparent\">offrant aux entreprises marseillaises l&#8217;acc\u00e8s aux bons talents quand cela compte le plus.<\/span><\/strong><\/p><\/blockquote>\n<h2>Cabinet de recrutement de cadres de haut niveau \u00e0 Marseille<\/h2>\n<p><span data-color=\"transparent\">En tant qu&#8217;agence de recrutement de premier plan, la mission de Haldren est d&#8217;aider les organisations \u00e0 recruter des professionnels qui peuvent conduire \u00e0 un succ\u00e8s mesurable. Nos consultants sont guid\u00e9s par un processus structur\u00e9 et un engagement \u00e0 comprendre les r\u00e9alit\u00e9s de l&#8217;activit\u00e9 de chaque client. Nous savons \u00e9galement que la concurrence pour les profils les plus recherch\u00e9s dans la deuxi\u00e8me ville de France est f\u00e9roce, et c&#8217;est l\u00e0 que nous intervenons. <\/span><\/p>\n<p>Nous pensons qu&#8217;une personne bien recrut\u00e9e ne se contente pas de remplir un r\u00f4le ; elle stimule l&#8217;innovation, renforce les \u00e9quipes et soutient une croissance durable. Ensemble, nous alignons la strat\u00e9gie, la structure et la culture pour recruter les meilleurs candidats qui feront progresser votre organisation.<\/p>\n<h4>L&#8217;\u00e9valuation<\/h4>\n<p>Toutes nos missions commencent par une \u00e9valuation compl\u00e8te de l&#8217;activit\u00e9 de notre client afin de comprendre ses objectifs et ses besoins en mati\u00e8re de recrutement. Nous cr\u00e9ons ensuite le profil du candidat id\u00e9al en identifiant les comp\u00e9tences techniques, les traits de personnalit\u00e9 et les motivations qui garantissent une ad\u00e9quation parfaite avec le poste et la culture de l&#8217;entreprise.<\/p>\n<h4>Acquisition de talents<\/h4>\n<p>Notre agence de recrutement s&#8217;appuie sur des r\u00e9seaux \u00e9tendus et des partenariats de confiance pour identifier des candidats exceptionnels, y compris des talents passifs qui ne sont pas activement \u00e0 la recherche d&#8217;offres d&#8217;emploi. En combinant des m\u00e9thodes de recherche traditionnelles avec une approche moderne, nous sommes \u00e9quip\u00e9s pour r\u00e9pondre aux d\u00e9fis de recrutement complexes du march\u00e9 marseillais, en connectant nos clients avec des leaders exceptionnels.<\/p>\n<h4>Transformation organisationnelle<\/h4>\n<p>Chez Haldren, notre partenariat ne se limite pas \u00e0 une seule embauche. Nous aidons les entreprises \u00e0 renforcer leur vivier de talents par le biais de plans de succession, d&#8217;\u00e9valuation du leadership et de gestion des talents. Ces services favorisent la stabilit\u00e9 \u00e0 long terme, en veillant \u00e0 ce que chaque entreprise avec laquelle nous travaillons puisse fonctionner efficacement et atteindre un succ\u00e8s durable sur le march\u00e9 local.<\/p>\n<h2>Notre approche du recrutement<\/h2>\n<p><span data-color=\"transparent\">Nos consultants abordent le recrutement comme un processus strat\u00e9gique qui commence par la compr\u00e9hension des objectifs du client et se termine par des r\u00e9sultats commerciaux tangibles. Nous travaillons en partenariat avec les entreprises afin de cerner leurs besoins pr\u00e9cis en mati\u00e8re de recrutement avant d&#8217;explorer le march\u00e9 \u00e0 la recherche de candidats qualifi\u00e9s. <\/span><\/p>\n<p>Cela signifie qu&#8217;au d\u00e9but de chaque mission, nous nous plongeons dans les activit\u00e9s du client afin de clarifier les attentes en mati\u00e8re de poste et les priorit\u00e9s des parties prenantes. Ensuite, notre cabinet m\u00e8ne des recherches cibl\u00e9es, en s&#8217;appuyant sur des r\u00e9seaux locaux et internationaux. Nous utilisons des outils de sourcing avanc\u00e9s, des entretiens structur\u00e9s et des \u00e9valuations psychom\u00e9triques pour nous assurer que chaque candidat est \u00e9valu\u00e9 de mani\u00e8re holistique sur la base de son exp\u00e9rience, de ses comp\u00e9tences et de son potentiel de leadership.<\/p>\n<p>Nos consultants maintiennent la transparence tout au long du processus de recrutement, de la recherche et de l&#8217;approche aux entretiens et \u00e0 l&#8217;int\u00e9gration. Nous veillons \u00e9galement \u00e0 ce que les clients soient inform\u00e9s et impliqu\u00e9s, afin qu&#8217;ils sachent toujours o\u00f9 en sont les choses. Nous combinons l&#8217;expertise humaine avec des outils num\u00e9riques puissants, ce qui nous permet d&#8217;identifier les professionnels qui r\u00e9pondent \u00e0 des crit\u00e8res d&#8217;embauche complexes. <span data-color=\"transparent\">Cette approche hybride \u00e9quilibre la technologie et la perspicacit\u00e9, offrant aux clients un acc\u00e8s aux talents internationaux et aux meilleurs candidats de la r\u00e9gion PACA et de l&#8217;Europe.<\/span><\/p>\n<p>Nous surveillons \u00e9galement les aspects cl\u00e9s du march\u00e9 de l&#8217;emploi \u00e0 Marseille, tels que les attentes salariales, la <span data-color=\"transparent\">concurrence pour les profils recherch\u00e9s et l&#8217;\u00e9volution des besoins de l&#8217;industrie<\/span>, <span data-color=\"transparent\">tout en veillant \u00e0 ce que chaque engagement soit conforme aux normes \u00e9thiques de recrutement.<\/span> Cette approche structur\u00e9e et consultative aide les entreprises \u00e0 pourvoir les postes critiques plus efficacement, ce qui favorise la croissance imm\u00e9diate et \u00e0 long terme.<\/p>\n<h2>Notre expertise en tant que leader du recrutement de cadres \u00e0 Marseille<\/h2>\n<p>La force de Haldren r\u00e9side dans sa connaissance approfondie de l&#8217;industrie et dans la <span data-color=\"transparent\">capacit\u00e9 de ses consultants \u00e0 s&#8217;adapter \u00e0 tous les secteurs<\/span>. Chaque recruteur apporte une exp\u00e9rience pratique \u00e0 travers la France, l&#8217;Europe et au-del\u00e0, offrant \u00e0 la fois une vision locale et une port\u00e9e mondiale.<\/p>\n<p><span data-color=\"transparent\">La r\u00e9putation de notre cabinet est b\u00e2tie sur le succ\u00e8s de nos clients. Nous investissons du temps dans la compr\u00e9hension de leurs d\u00e9fis op\u00e9rationnels, de l&#8217;\u00e9volution de leurs besoins en comp\u00e9tences et de leurs priorit\u00e9s commerciales futures. Cette approche de formation continue permet \u00e0 nos consultants d&#8217;anticiper les besoins en recrutement, d&#8217;affiner les strat\u00e9gies de recherche et de proposer les meilleurs candidats pour chaque poste.<\/span><\/p>\n<h4>Quelques domaines dans lesquels nous sommes sp\u00e9cialis\u00e9s<\/h4>\n<p>Haldren r\u00e9pond aux besoins de recrutement d&#8217;entreprises op\u00e9rant dans de nombreux secteurs \u00e0 Marseille, notamment l&#8217;\u00e9nergie, le tourisme, la vente, le transport maritime, la sant\u00e9, la construction, etc. Notre agence de recrutement travaille \u00e9galement en partenariat avec des entreprises de la r\u00e9gion PACA, des Alpes et de l&#8217;Europe pour recruter des cadres pour des postes n\u00e9cessitant une collaboration transfrontali\u00e8re. Chaque recherche refl\u00e8te notre volont\u00e9 d&#8217;aider nos clients \u00e0 pourvoir des postes de direction essentiels et \u00e0 constituer des \u00e9quipes plus solides.<\/p>\n<h4>Exemples de postes pour lesquels nous recrutons<\/h4>\n<p>En tant que cabinet de recrutement et de recherche de cadres, nous nous concentrons principalement sur le placement de talents dans des postes de direction, de directeurs et de cadres sp\u00e9cialis\u00e9s. Cela inclut des postes dans les op\u00e9rations, la finance, les ressources humaines et les fonctions techniques dans divers secteurs d&#8217;activit\u00e9 \u00e0 Marseille.<\/p>\n<blockquote><p><strong>Pour en savoir plus sur les postes pour lesquels nous recrutons, contactez Haldren d\u00e8s aujourd&#8217;hui. Nos consultants se feront un plaisir de discuter avec vous de la mani\u00e8re dont nous pouvons vous aider \u00e0 pourvoir vos postes cl\u00e9s avec des talents exceptionnels.<\/strong><\/p><\/blockquote>\n<h2>Pourquoi Haldren utilise-t-il une approche personnalis\u00e9e du recrutement ?<\/h2>\n<p>L&#8217;exp\u00e9rience nous a appris qu&#8217;il n&#8217;y a pas deux entreprises identiques, m\u00eame au sein d&#8217;un m\u00eame secteur d&#8217;activit\u00e9. Un processus de recrutement standardis\u00e9 peut n\u00e9gliger ces diff\u00e9rences, c&#8217;est pourquoi notre cabinet aborde chaque mission avec ouverture et flexibilit\u00e9.<\/p>\n<p>Lors d&#8217;une mission pour une entreprise r\u00e9gionale \u00e0 la recherche d&#8217;un leader dot\u00e9 de solides comp\u00e9tences techniques et d&#8217;une exp\u00e9rience de gestion transversale, nous nous sommes concentr\u00e9s sur le caract\u00e8re et l&#8217;alignement culturel. Ce faisant, nous avons pu identifier un candidat qui a d\u00e9pass\u00e9 toutes les attentes et qui reste aujourd&#8217;hui un membre appr\u00e9ci\u00e9 de l&#8217;\u00e9quipe.<\/p>\n<p><span data-color=\"transparent\">Notre processus personnalis\u00e9 nous permet de r\u00e9pondre pr\u00e9cis\u00e9ment aux besoins des clients tout en veillant \u00e0 ce que les candidats se sentent respect\u00e9s et inform\u00e9s. <\/span>Nous pensons qu&#8217;en faisant du recrutement une exp\u00e9rience positive pour tous, nous cr\u00e9ons des partenariats durables. Cette approche centr\u00e9e sur les personnes est devenue une caract\u00e9ristique d\u00e9terminante du succ\u00e8s de notre agence \u00e0 travers la France et l&#8217;Europe.<\/p>\n<h2>Pourquoi choisir Haldren pour le recrutement ?<\/h2>\n<p>Nous savons que le choix d&#8217;une agence de recrutement doit \u00eatre m\u00fbrement r\u00e9fl\u00e9chi. Notre cabinet est reconnu \u00e0 Marseille, Paris, en France et au-del\u00e0 pour sa fiabilit\u00e9, sa discr\u00e9tion et ses normes \u00e9thiques. <span data-color=\"transparent\">Les clients nous font confiance parce que nous fournissons des r\u00e9sultats mesurables avec transparence \u00e0 chaque \u00e9tape du processus de recrutement.<\/span><\/p>\n<p>Nos consultants combinent l&#8217;expertise locale avec une port\u00e9e mondiale, aidant les entreprises de Marseille \u00e0 obtenir des talents exceptionnels qui soutiennent leurs objectifs organisationnels. Que vous soyez une organisation locale ou une entreprise internationale qui se d\u00e9veloppe dans la deuxi\u00e8me ville de France, notre agence consid\u00e8re chaque engagement comme un partenariat construit pour l&#8217;avenir.<\/p>\n<p>De plus, nous traitons chaque mission avec soin, respect et confidentialit\u00e9. Notre engagement pour des relations durables signifie \u00e9galement que nous continuons \u00e0 conseiller et \u00e0 soutenir nos clients bien au-del\u00e0 du placement initial, en les aidant \u00e0 planifier, \u00e0 aligner leurs strat\u00e9gies de gestion des talents et \u00e0 se pr\u00e9parer aux futurs d\u00e9fis du recrutement.<\/p>\n<blockquote><p><strong><span data-color=\"transparent\">Si vous \u00eates pr\u00eat \u00e0 renforcer l&#8217;\u00e9quipe dirigeante de votre entreprise et \u00e0 recruter le personnel ad\u00e9quat, contactez Haldren d\u00e8s aujourd&#8217;hui. Nos consultants sont l\u00e0 pour vous guider \u00e0 chaque \u00e9tape du processus de recrutement.<\/span><\/strong><\/p><\/blockquote>\n                            <\/div>\n        <\/div>\n    <\/div>\n<\/div>\n\n<div class=\"block-section accordion-main-section \">\n    <div class=\"container\">    \n                <div class=\"accordion-faqs\">\n            <h2 class=\"m-title\">Frequently Asked Questions (FAQs)<\/h2>\n                        <div class=\"item\">\n                <h3>Comment Haldren aborde-t-il les attentes salariales et l&#039;analyse comparative du march\u00e9 ?<\/h3>\n                <div class=\"faq-content\"><p data-pm-slice=\"1 1 []\">Nos recruteurs fournissent des informations d\u00e9taill\u00e9es sur le march\u00e9 afin d&#8217;aider les clients \u00e0 aligner leurs attentes salariales sur les tendances actuelles. Cela permet de proposer des offres \u00e9quitables et comp\u00e9titives qui attirent et retiennent les meilleurs candidats sans d\u00e9passer les contraintes budg\u00e9taires.<\/p>\n<\/div>\n            <\/div>\n                        <div class=\"item\">\n                <h3>Dans quel d\u00e9lai Haldren peut-il lancer un nouveau projet de recrutement ?<\/h3>\n                <div class=\"faq-content\"><p data-pm-slice=\"1 1 []\">Une fois que nous avons compris vos objectifs et les exigences du poste, nos recruteurs peuvent commencer imm\u00e9diatement \u00e0 cartographier le march\u00e9 local et international des talents. Ce travail pr\u00e9paratoire garantit que votre recherche progresse efficacement d\u00e8s le premier jour.<\/p>\n<\/div>\n            <\/div>\n                        <div class=\"item\">\n                <h3>Quelle est la dur\u00e9e habituelle du processus de recrutement ?<\/h3>\n                <div class=\"faq-content\"><p data-pm-slice=\"1 1 []\">Les d\u00e9lais varient en fonction de la complexit\u00e9 du poste, mais notre approche structur\u00e9e garantit que chaque phase, de la recherche \u00e0 l&#8217;int\u00e9gration, est trait\u00e9e de mani\u00e8re efficace et transparente.<\/p>\n<\/div>\n            <\/div>\n                        <div class=\"item\">\n                <h3>Haldren offre-t-il un soutien apr\u00e8s le placement ?<\/h3>\n                <div class=\"faq-content\"><p data-pm-slice=\"1 1 []\">Oui. Notre entreprise reste en contact avec les clients et les candidats apr\u00e8s le placement afin de garantir une int\u00e9gration r\u00e9ussie et des performances durables.<\/p>\n<\/div>\n            <\/div>\n                    <\/div>\n            <\/div>\n<\/div><\/div><div class=\"sidebar-wrapper\">\n<div class=\"wpcf7 no-js\" id=\"wpcf7-f50-o1\" lang=\"\" dir=\"ltr\" data-wpcf7-id=\"50\">\n<div class=\"screen-reader-response\"><p role=\"status\" aria-live=\"polite\" aria-atomic=\"true\"><\/p> <ul><\/ul><\/div>\n<form action=\"\/marseille\/wp-json\/wp\/v2\/pages\/216#wpcf7-f50-o1\" method=\"post\" class=\"wpcf7-form init\" aria-label=\"Contact form\" enctype=\"multipart\/form-data\" novalidate=\"novalidate\" data-status=\"init\">\n<fieldset class=\"hidden-fields-container\"><input type=\"hidden\" name=\"_wpcf7\" value=\"50\" \/><input type=\"hidden\" name=\"_wpcf7_version\" value=\"6.1.5\" \/><input type=\"hidden\" name=\"_wpcf7_locale\" value=\"\" \/><input type=\"hidden\" name=\"_wpcf7_unit_tag\" value=\"wpcf7-f50-o1\" \/><input type=\"hidden\" name=\"_wpcf7_container_post\" value=\"0\" \/><input type=\"hidden\" name=\"_wpcf7_posted_data_hash\" value=\"\" \/>\n<\/fieldset>\n<input class=\"wpcf7-form-control wpcf7-hidden\" id=\"utm_source\" value=\"\" type=\"hidden\" name=\"utm_source\" \/>\n<input class=\"wpcf7-form-control wpcf7-hidden\" id=\"utm_medium\" value=\"\" type=\"hidden\" name=\"utm_medium\" \/>\n<input class=\"wpcf7-form-control wpcf7-hidden\" id=\"sideform_user_country\" value=\"\" type=\"hidden\" name=\"userCountry\" \/>\n<div class=\"form-grid-layout\">\n\t<div class=\"form-title\">\n\t\t<h2 class=\"title\">Thrive with Top Talent<br \/>\n- No Upfronts Fees\n\t\t<\/h2>\n\t\t<p>Have it easier with video interview clips and a candidate shortlist within 2-3 weeks\n\t\t<\/p>\n\t<\/div>\n\t<div class=\"input-field\">\n\t\t<p><label for=\"\">Name<\/label><br \/>\n<span class=\"wpcf7-form-control-wrap\" data-name=\"full-Name\"><input size=\"40\" maxlength=\"400\" class=\"wpcf7-form-control wpcf7-text wpcf7-validates-as-required\" aria-required=\"true\" aria-invalid=\"false\" value=\"\" type=\"text\" name=\"full-Name\" \/><\/span>\n\t\t<\/p>\n\t<\/div>\n\t<div class=\"input-field\">\n\t\t<p><label for=\"\">Email Address<\/label><br \/>\n<span class=\"wpcf7-form-control-wrap\" data-name=\"email-address\"><input size=\"40\" maxlength=\"400\" class=\"wpcf7-form-control wpcf7-email wpcf7-validates-as-required wpcf7-text wpcf7-validates-as-email\" aria-required=\"true\" aria-invalid=\"false\" value=\"\" type=\"email\" name=\"email-address\" \/><\/span>\n\t\t<\/p>\n\t<\/div>\n\t<div class=\"input-field\">\n\t\t<p><label for=\"\">Company<\/label><br \/>\n<span class=\"wpcf7-form-control-wrap\" data-name=\"company\"><input size=\"40\" maxlength=\"400\" class=\"wpcf7-form-control wpcf7-text\" aria-invalid=\"false\" value=\"\" type=\"text\" name=\"company\" \/><\/span>\n\t\t<\/p>\n\t<\/div>\n\t<div class=\"radiobox-field\">\n\t\t<p><span class=\"wpcf7-form-control-wrap\" data-name=\"radio-721company-status\"><span class=\"wpcf7-form-control wpcf7-radio\"><span class=\"wpcf7-list-item first\"><label><input type=\"radio\" name=\"radio-721company-status\" value=\"{Employer}\" \/><span class=\"wpcf7-list-item-label\">Employer<\/span><\/label><\/span><span class=\"wpcf7-list-item last\"><label><input type=\"radio\" name=\"radio-721company-status\" value=\"{Candidate}\" \/><span class=\"wpcf7-list-item-label\">Candidate<\/span><\/label><\/span><\/span><\/span>\n\t\t<\/p>\n\t<\/div>\n\t<div class=\"input-field\">\n\t\t<p><span class=\"wpcf7-form-control-wrap\" data-name=\"file-upload\"><input size=\"40\" class=\"wpcf7-form-control wpcf7-file\" accept=\".pdf\" aria-invalid=\"false\" type=\"file\" name=\"file-upload\" \/><\/span>\n\t\t<\/p>\n\t<\/div>\n\t<div class=\"textarea-field\">\n\t\t<p><label for=\"\">How can we help you?<\/label><br \/>\n<span class=\"wpcf7-form-control-wrap\" data-name=\"message\"><textarea cols=\"40\" rows=\"10\" maxlength=\"2000\" class=\"wpcf7-form-control wpcf7-textarea\" aria-invalid=\"false\" name=\"message\"><\/textarea><\/span>\n\t\t<\/p>\n\t<\/div>\n\t<p><span id=\"wpcf7-69ea5cb8bf7ea-wrapper\" class=\"wpcf7-form-control-wrap nickname-wrap\" ><input id=\"wpcf7-69ea5cb8bf7ea-field\"  class=\"wpcf7-form-control wpcf7-text\" type=\"text\" name=\"nickname\" value=\"\" size=\"40\" tabindex=\"-1\" autocomplete=\"off\" \/><\/span>\n\t<\/p>\n\t<div class=\"form-term\">\n\t\t<p>Submission of this form means you have agreed to our <a href=\"\/privacy-policy\/\" title=\"\">Privacy Policy<\/a> and <a href=\"\/terms-of-service\/\" title=\"\">Terms Conditions<\/a>\n\t\t<\/p>\n\t<\/div>\n\t<div class=\"submit-btn\">\n\t\t<p><input class=\"wpcf7-form-control wpcf7-submit has-spinner btn-box\" type=\"submit\" value=\"Get in Touch\" \/>\n\t\t<\/p>\n\t<\/div>\n<\/div><div class=\"wpcf7-response-output\" aria-hidden=\"true\"><\/div>\n<\/form>\n<\/div>\n<\/div><\/div>\n\n\n<div class=\"block-section client-reviews-slider \" style=\"background-color: #119084\">  \n    <div class=\"container\">\n                <div class=\"splide client-slider\">\n            <div class=\"splide__track\">\n                <div class=\"splide__list\">\n                                        <div class=\"splide__slide\">\n                        <div class=\"content-box\">\n                            <div class=\"content\">\n                                <p data-pm-slice=\"1 1 []\">&#8220;Nous avons travaill\u00e9 avec plusieurs agences de recrutement au fil des ans, mais Haldren s&#8217;est imm\u00e9diatement distingu\u00e9e. Leurs consultants ont \u00e9cout\u00e9 attentivement et ont identifi\u00e9 des candidats qui correspondaient parfaitement \u00e0 nos besoins techniques et culturels.<\/p>\n                            <\/div>\n                                                        <div class=\"name\">\n                                <strong>Camille D.<\/strong>, \n                                Responsable des op\u00e9rations humaines                            <\/div>\n                                                    <\/div>\n                    <\/div>\n                                        <div class=\"splide__slide\">\n                        <div class=\"content-box\">\n                            <div class=\"content\">\n                                <p data-pm-slice=\"1 1 []\">&#8220;Les recruteurs de Haldren sont attentifs, r\u00e9actifs et tr\u00e8s professionnels. Ils ont g\u00e9r\u00e9 un dossier d&#8217;embauche complexe en toute discr\u00e9tion et ont fourni des candidats exceptionnels pour plusieurs postes.&#8221;<\/p>\n                            <\/div>\n                                                        <div class=\"name\">\n                                <strong>Cl\u00e9mence R.<\/strong>, \n                                HR Manager                            <\/div>\n                                                    <\/div>\n                    <\/div>\n                                        <div class=\"splide__slide\">\n                        <div class=\"content-box\">\n                            <div class=\"content\">\n                                <p data-pm-slice=\"1 1 []\">&#8220;Notre collaboration avec Haldren a chang\u00e9 notre fa\u00e7on d&#8217;aborder le recrutement. Leur expertise et leur int\u00e9grit\u00e9 en font un partenaire de confiance pour chaque embauche strat\u00e9gique que nous pr\u00e9voyons \u00e0 Marseille.&#8221;<\/p>\n                            <\/div>\n                                                        <div class=\"name\">\n                                <strong>Marc P.<\/strong>, \n                                Responsable du recrutement                            <\/div>\n                                                    <\/div>\n                    <\/div>\n                                    <\/div>\n            <\/div>\n        <\/div>\n            <\/div>\n<\/div>","protected":false},"excerpt":{"rendered":"","protected":false},"author":10,"featured_media":0,"parent":209,"menu_order":0,"comment_status":"closed","ping_status":"closed","template":"","meta":{"_acf_changed":false,"footnotes":""},"class_list":["post-216","page","type-page","status-publish","hentry"],"acf":[],"lang":"fr","translations":{"fr":216,"en":84},"jetpack_sharing_enabled":true,"pll_sync_post":[],"_links":{"self":[{"href":"https:\/\/www.haldren.com\/marseille\/wp-json\/wp\/v2\/pages\/216","targetHints":{"allow":["GET"]}}],"collection":[{"href":"https:\/\/www.haldren.com\/marseille\/wp-json\/wp\/v2\/pages"}],"about":[{"href":"https:\/\/www.haldren.com\/marseille\/wp-json\/wp\/v2\/types\/page"}],"author":[{"embeddable":true,"href":"https:\/\/www.haldren.com\/marseille\/wp-json\/wp\/v2\/users\/10"}],"replies":[{"embeddable":true,"href":"https:\/\/www.haldren.com\/marseille\/wp-json\/wp\/v2\/comments?post=216"}],"version-history":[{"count":1,"href":"https:\/\/www.haldren.com\/marseille\/wp-json\/wp\/v2\/pages\/216\/revisions"}],"predecessor-version":[{"id":227,"href":"https:\/\/www.haldren.com\/marseille\/wp-json\/wp\/v2\/pages\/216\/revisions\/227"}],"up":[{"embeddable":true,"href":"https:\/\/www.haldren.com\/marseille\/wp-json\/wp\/v2\/pages\/209"}],"wp:attachment":[{"href":"https:\/\/www.haldren.com\/marseille\/wp-json\/wp\/v2\/media?parent=216"}],"curies":[{"name":"wp","href":"https:\/\/api.w.org\/{rel}","templated":true}]}}