{"id":178,"date":"2025-11-10T04:26:51","date_gmt":"2025-11-10T04:26:51","guid":{"rendered":"https:\/\/www.haldren.com\/munich\/?page_id=178"},"modified":"2026-01-07T03:54:48","modified_gmt":"2026-01-07T03:54:48","slug":"suche-nach-fuhrungskraften","status":"publish","type":"page","link":"https:\/\/www.haldren.com\/munich\/de\/talentwerving\/suche-nach-fuhrungskraften\/","title":{"rendered":"Suche nach F\u00fchrungskr\u00e4ften"},"content":{"rendered":"\n  <link rel=\"preload\" as=\"image\" href=\"https:\/\/www.haldren.com\/munich\/wp-content\/uploads\/sites\/44\/2025\/10\/munich-city-e1764148260913.webp\" fetchpriority=\"high\">\n  <style>\n    .inner-banner-section {\n      background-image: url('https:\/\/www.haldren.com\/munich\/wp-content\/uploads\/sites\/44\/2025\/10\/munich-city-e1764148260913.webp');\n      background-size: cover;\n      background-position: center;\n      background-repeat: no-repeat;\n    }\n\n    @media (max-width: 768px) {\n      .inner-banner-section {\n        background-image: url('https:\/\/www.haldren.com\/munich\/wp-content\/uploads\/sites\/44\/2025\/10\/munich-city-e1764148260913.webp');\n      }\n    }\n  <\/style>\n\n<div class=\"block-section inner-banner-section lazyload bg-sty section-gaps top-border-line\">\n  <div class=\"container-fluid\">\n    <div class=\"content-wrap\">\n      <h1 class=\"title\">\n        Executive Search Dienstleistungen in M\u00fcnchen      <\/h1>\n      <span style=\"font-size: 18px;\">Beratung f\u00fcr M\u00fcnchner Unternehmen bei der Ernennung von F\u00fchrungskr\u00e4ften, die Strategie, Wachstum und nachhaltigen Erfolg vorantreiben<\/span>\n    <\/div>\n  <\/div>\n<\/div>\n\n\n\n\n<div class=\"wp-block-custom-div-wrapper-block col-wrapper has-sidebar\"><div class=\"content-wrapper\" style=\"background-color:#002a26\">\n<div class=\"block-section section-gaps default-content-section \" \n     style=\"--text-color: #ffffff; --bg-color: #119084;\">\n    <div class=\"container\">\n        <div class=\"default-single-content-wrap\">\n            <div class=\"content-wrap\">\n                                    <h2>F\u00fchrende Personalberatung in M\u00fcnchen<\/h2>\n<p>Wir bieten Executive Search Services in M\u00fcnchen mit Diskretion, Professionalit\u00e4t und messbaren Ergebnissen. Unsere Berater verf\u00fcgen \u00fcber langj\u00e4hrige Berufserfahrung und arbeiten eng mit Kunden aus unterschiedlichen Branchen zusammen. Jeder Auftrag wird mit absoluter Vertraulichkeit und tiefem Respekt behandelt, so dass sich F\u00fchrungskr\u00e4fte und Bewerber w\u00e4hrend des gesamten Suchprozesses unterst\u00fctzt f\u00fchlen.<\/p>\n<p>Unser erfahrenes Team kombiniert ein tiefes Verst\u00e4ndnis des deutschen Marktes mit einem umfangreichen Netzwerk in ganz Europa, so dass Unternehmen Zugang zu geeigneten Kandidaten f\u00fcr wichtige F\u00fchrungspositionen haben. Man vertraut uns nicht nur bei der Besetzung von Vakanzen, sondern auch bei der Vorstellung von Spitzenkandidaten, die die Unternehmenskultur st\u00e4rken und zur langfristigen Entwicklung eines Unternehmens beitragen.<\/p>\n<p>Was uns wirklich auszeichnet, ist ein Beratungsstil, der durch eine globale Reichweite und eine best\u00e4ndige F\u00fchrung durch Senior Consultants unterst\u00fctzt wird. Unsere Klienten z\u00e4hlen auf strukturierte Beratungsleistungen, praktische Einblicke und sichere Unterst\u00fctzung von der ersten Anfrage bis zur endg\u00fcltigen Besetzung.<br \/>\n Haldren<\/p>\n<blockquote><p><strong>ist hier in M\u00fcnchen als Executive Search Partner anerkannt, der sich durch Diskretion, Expertise und nachhaltige Ergebnisse auszeichnet.<\/strong><\/p><\/blockquote>\n<h2>Top-Tier Executive Search Firm in M\u00fcnchen<\/h2>\n<p>Wir sind davon \u00fcberzeugt, dass F\u00fchrung den Erfolg eines Unternehmens ma\u00dfgeblich bestimmt. Deshalb geht es bei unserer Suche nach F\u00fchrungskr\u00e4ften in M\u00fcnchen um weit mehr als nur um die Besetzung von Positionen. Wir unterst\u00fctzen unsere Kunden dabei, F\u00fchrungskr\u00e4fte zu gewinnen, die sich exakt an den strategischen Priorit\u00e4ten orientieren, ihre Teams inspirieren und ein solides, nachhaltiges Wachstum vorantreiben.<\/p>\n<p>Unsere Berater verbinden langj\u00e4hrige Recruiting-Erfahrung mit fundierten Kenntnissen in Schl\u00fcsselindustrien wie dem Finanzwesen, dem Gastgewerbe und der Technologie. Wir gehen an jedes Projekt mit einem klaren Stellenprofil, einem strukturierten Prozess und einem st\u00e4ndigen Fokus auf messbare Ergebnisse heran. Unsere Kunden verlassen sich auf unsere Diskretion, unsere Best\u00e4ndigkeit und unsere positiven Ergebnisse, die ihre langfristige Entwicklung aktiv unterst\u00fctzen.<\/p>\n<h4>Bewertung<\/h4>\n<p>Ein Engagement beginnt mit einer sorgf\u00e4ltigen Analyse der Bed\u00fcrfnisse, Erwartungen und aktuellen Herausforderungen des Kunden. Wir definieren ein ideales Kandidatenprofil, das sowohl technische Funktionen als auch die spezifische Unternehmenskultur widerspiegelt. Unsere Bewertung geht weit \u00fcber Dokumente und Hintergrund hinaus und ber\u00fccksichtigt sorgf\u00e4ltig Motivation, F\u00fchrungsqualit\u00e4ten und Anpassungsf\u00e4higkeit.<\/p>\n<h4>Talent-Akquisition<\/h4>\n<p>Wir verf\u00fcgen \u00fcber ein umfangreiches Netzwerk in Deutschland und Europa und nutzen Methoden der Direktansprache ebenso wie die neuesten digitalen Recruiting-Tools. Mit diesem effektiven Mix erreichen wir sowohl aktive als auch passive Kandidaten und stellen sicher, dass nur Top-Kandidaten f\u00fcr anspruchsvolle F\u00fchrungspositionen identifiziert und pr\u00e4sentiert werden.<\/p>\n<h4>Organisatorische Transformation<\/h4>\n<p>Neben der individuellen Suche unterst\u00fctzen wir auch die Nachfolgeplanung, die Beurteilung von F\u00fchrungskr\u00e4ften und die entscheidende Organisationsentwicklung. Diese Dienstleistungen st\u00e4rken die langfristige Stabilit\u00e4t und helfen unseren Kunden, sich mit fundiertem Vertrauen auf zuk\u00fcnftige Vakanzen vorzubereiten.<\/p>\n<h2>Unser Ansatz f\u00fcr Executive Search Services<\/h2>\n<p>Unser Ansatz beginnt ganz einfach mit Zuh\u00f6ren. Wir nehmen uns die n\u00f6tige Zeit, um die Ziele eines Unternehmens, seine Marktposition und seine spezifischen Erwartungen an die F\u00fchrung wirklich zu verstehen. Dieses umfassende Verst\u00e4ndnis erm\u00f6glicht es uns, ein klares Anforderungsprofil zu definieren, das den gesamten Suchprozess perfekt gestaltet.<\/p>\n<p>Von dort aus kartieren wir potenzielle Kandidaten durch strukturierte Recherche, tiefe Branchenkenntnisse und unser exzellentes Netzwerk in ganz Deutschland und Europa. Recruiter kombinieren traditionelle Methoden mit moderner digitaler Technologie, einschlie\u00dflich Social Media Recruiting, gezielter Werbung und branchenspezifischer Jobb\u00f6rsen. Durch die direkte Ansprache erreichen wir Top-F\u00fchrungskr\u00e4fte, die vielleicht nicht aktiv nach einer neuen Rolle suchen, aber definitiv offen f\u00fcr die richtige, \u00fcberzeugende Gelegenheit sind.<\/p>\n<p>Jeder vielversprechende Kandidat durchl\u00e4uft strukturierte Interviews, professionelle Hintergrundpr\u00fcfungen und psychometrische Bewertungen. Wir bewerten nicht nur ihre Erfahrung, sondern auch ihre Motivation, ihren F\u00fchrungsstil und ihre wesentliche kulturelle Ausrichtung. Dieser strenge Prozess stellt sicher, dass wir stets geeignete Kandidaten empfehlen, die Ergebnisse liefern und gleichzeitig die Unternehmenskultur st\u00e4rken.<\/p>\n<p>Unsere Kunden erhalten detaillierte Bewerberunterlagen, in denen F\u00e4higkeiten, Hintergrund und spezifische Qualit\u00e4ten, die f\u00fcr die Stelle relevant sind, klar herausgestellt werden. Wir sind w\u00e4hrend der Vorstellungsgespr\u00e4che, der Verhandlungen und des Onboardings aktiv anwesend, um einen reibungslosen, sicheren \u00dcbergang in die Position zu gew\u00e4hrleisten.<\/p>\n<p>W\u00e4hrend viele Personalvermittler auf Schnelligkeit setzen, legen wir stets Wert auf Genauigkeit, hohe ethische Standards und nachhaltige Ergebnisse. Vielfalt und Diskretion werden bei jeder Suche, die wir durchf\u00fchren, voll ber\u00fccksichtigt. Unser beratendes Verfahren liefert durchweg F\u00fchrungskr\u00e4fte, die f\u00fcr unsere Kunden einen bedeutenden, langfristigen Wert darstellen.<\/p>\n<h2>Unsere Expertise als f\u00fchrende M\u00fcnchner Personalberater<\/h2>\n<p>Unsere Berater kombinieren fundierte Recruiting-Expertise mit tiefgreifenden Branchenkenntnissen in Deutschland und Europa. Jeder Senior Consultant verf\u00fcgt \u00fcber professionelle Erfahrung im Executive Search, in der Personalsuche und in der Beratung von F\u00fchrungskr\u00e4ften.<\/p>\n<p>Wir verfolgen kontinuierlich die Marktentwicklungen, um sicherzustellen, dass unsere Kunden von aktuellen Kenntnissen \u00fcber die Erwartungen der Kandidaten, den Wettbewerbsdruck und die sich entwickelnden Branchentrends profitieren. Unser Fachwissen erstreckt sich auf die Bereiche Finanzen, Technologie, Gastgewerbe und Entwicklung sowie auf verschiedene andere Schl\u00fcsselsektoren.<\/p>\n<p>Unsere Kunden vertrauen uns wegen unserer Diskretion, unserer strukturierten Methodik und der konsequenten Umsetzung. Wir identifizieren nicht nur potenzielle Kandidaten, sondern helfen aktiv bei der Definition der genauen Rollenanforderungen, kl\u00e4ren die Erwartungen und unterst\u00fctzen Unternehmen bei der Besetzung von Positionen mit F\u00fchrungskr\u00e4ften, die wirklich bereit sind, effektiv zu f\u00fchren.<\/p>\n<h4>Einige Bereiche, auf die wir uns spezialisiert haben<\/h4>\n<p>Wir betreuen Kunden in M\u00fcnchen aus den Bereichen Finanzen, Gastgewerbe, Maschinenbau, Technologie und Entwicklung. Unsere Berater identifizieren immer wieder Top-F\u00fchrungskr\u00e4fte f\u00fcr die verschiedensten Funktionen, einschlie\u00dflich Operations, Vertrieb und strategische F\u00fchrung. Durch die Kombination wertvoller lokaler Kenntnisse mit unserer internationalen Reichweite bringen wir unsere Kunden effektiv mit Kandidaten zusammen, die vom ersten Tag an messbare Erfolge erzielen.<\/p>\n<h4>Beispiele f\u00fcr Rollen, f\u00fcr die wir rekrutieren<\/h4>\n<p>Wir rekrutieren f\u00fcr Positionen auf Senior- und Executive-Ebene, einschlie\u00dflich C-Suite-Positionen (Chief Executive Officer, Chief Financial Officer, Chief Technology Officer), entscheidende Vorstandsmitglieder und Abteilungsleiter. Au\u00dferdem identifizieren wir High Potentials, die f\u00fcr neue F\u00fchrungsaufgaben in den Bereichen Strategie, Entwicklung und Betrieb bereit sind.<\/p>\n<blockquote><p><strong>Wenn Sie mehr \u00fcber die spezifischen F\u00fchrungspositionen erfahren m\u00f6chten, f\u00fcr die wir rekrutieren, laden wir Sie ein, mit Haldren Kontakt aufzunehmen. Unser erfahrenes Team w\u00fcrde sich freuen, mit Ihnen zu besprechen, wie wir Ihr Unternehmen bei der Suche nach F\u00fchrungskr\u00e4ften unterst\u00fctzen k\u00f6nnen, die bereit sind, sich dem Unternehmen anzuschlie\u00dfen und sofortigen Mehrwert zu liefern.<\/strong><\/p><\/blockquote>\n<h2>Warum Haldren einen ma\u00dfgeschneiderten Ansatz f\u00fcr die Rekrutierung verwendet<\/h2>\n<p>Eine Rekrutierung nach einem starren Schema bringt selten die richtigen und besten F\u00fchrungskr\u00e4fte hervor. Wir haben gesehen, dass Unternehmen, die sich auf generische Prozesse verlassen, oft mit kurzfristigen L\u00f6sungen enden, anstatt dauerhafte L\u00f6sungen zu erzielen.<\/p>\n<p>Bei Haldren beginnt jede Suche mit einer strukturierten Bewertung, wird dann aber aktiv an die spezifischen, einzigartigen Bed\u00fcrfnisse des Unternehmens angepasst. Ein Beispiel: Ein Kunde aus dem Technologiesektor verlangte vor kurzem eine starke kulturelle \u00dcbereinstimmung und einen bestimmten F\u00fchrungsstil anstelle von reinem technischem Fachwissen. Indem wir uns aktiv auf diese Schl\u00fcsselqualit\u00e4ten konzentrierten, identifizierten wir einen Kandidaten, der das Team erfolgreich stabilisierte und seitdem alle Erwartungen \u00fcbertroffen hat.<\/p>\n<p>Wir behandeln jede Anfrage als einzigartig und wichtig. Ob es um die Besetzung anspruchsvoller Positionen im Finanz-, Technologie- oder Gastgewerbe geht, wir definieren klare Profile, antizipieren potenzielle Herausforderungen und identifizieren F\u00fchrungskr\u00e4fte mit nachgewiesener Kompetenz und solidem Charakter. Die Erfahrungen aus unserer langj\u00e4hrigen Beratungst\u00e4tigkeit best\u00e4tigen, dass Anpassungsf\u00e4higkeit, Diskretion und eine strukturierte Methodik die grundlegenden Schl\u00fcssel f\u00fcr nachhaltigen Erfolg sind.<\/p>\n<p>Dieser ma\u00dfgeschneiderte Ansatz ist unser Versprechen: Rekrutierung, die ethisch und professionell ist und sich ganz auf Ergebnisse konzentriert, die wirklich Bestand haben.<\/p>\n<h2>Warum Haldren f\u00fcr Executive Search Services w\u00e4hlen?<\/h2>\n<p>Vertrauen ist das A und O bei der Suche nach F\u00fchrungskr\u00e4ften. Haldren ist in M\u00fcnchen bekannt f\u00fcr seine Diskretion, seine Ethik und seine Ergebnisse, die den Test der Zeit bestehen. Unsere Berater begleiten jede Anfrage mit unersch\u00fctterlicher Professionalit\u00e4t und echtem Respekt und stellen sicher, dass sich unsere Kunden vom ersten Kontakt bis zur endg\u00fcltigen Vermittlung voll unterst\u00fctzt f\u00fchlen.<\/p>\n<p>Vertraulichkeit ist absolut. Sowohl Kundendaten als auch Informationen \u00fcber Kandidaten werden w\u00e4hrend des gesamten Prozesses mit \u00e4u\u00dferster Sorgfalt behandelt. Diese entscheidende Verpflichtung erm\u00f6glicht es uns, Methoden der Direktansprache zu nutzen und gleichzeitig das Vertrauen und den Ruf aller Beteiligten zu wahren.<\/p>\n<p>Mit einem umfangreichen Netzwerk in Deutschland und Europa bringen wir unsere Kunden effektiv mit Spitzenkandidaten in verschiedenen Branchen zusammen. Unsere Senior Consultants bringen praktische Marktkenntnisse, bew\u00e4hrte Rekrutierungsexpertise und Berufserfahrung mit, um sicherzustellen, dass alle F\u00fchrungspositionen mit F\u00fchrungskr\u00e4ften besetzt werden, die kontinuierlich messbare Ergebnisse liefern.<\/p>\n<p>Wir sind wirklich mehr als nur Personalvermittler. Wir arbeiten langfristig mit unseren Kunden zusammen und unterst\u00fctzen sie aktiv bei der Entwicklung von F\u00fchrungskr\u00e4ften, der Nachfolgeplanung und bei wichtigen organisatorischen Ver\u00e4nderungen. Dieses tiefgreifende, nachhaltige Engagement macht uns zu einer vertrauensw\u00fcrdigen Ressource f\u00fcr Unternehmen, die sowohl Wachstum als auch Herausforderungen erfolgreich meistern.<\/p>\n<blockquote><p><strong>Wenn Sie einen zuverl\u00e4ssigen, engagierten Partner f\u00fcr die Suche nach F\u00fchrungskr\u00e4ften in M\u00fcnchen suchen, freuen wir uns, wenn Sie sich an Haldren wenden. Setzen Sie sich noch heute mit uns in Verbindung, um herauszufinden, wie wir Ihr Unternehmen bei der Identifizierung und Ernennung von F\u00fchrungskr\u00e4ften unterst\u00fctzen k\u00f6nnen, die Ihre F\u00fchrung st\u00e4rken und einen dauerhaften Wert schaffen werden.<\/strong><\/p><\/blockquote>\n                            <\/div>\n        <\/div>\n    <\/div>\n<\/div>\n\n<div class=\"block-section accordion-main-section \">\n    <div class=\"container\">    \n                <div class=\"accordion-faqs\">\n            <h2 class=\"m-title\">Frequently Asked Questions (FAQs)<\/h2>\n                        <div class=\"item\">\n                <h3>Wie ist der Prozess der Suche nach F\u00fchrungskr\u00e4ften strukturiert?<\/h3>\n                <div class=\"faq-content\"><p>Wir beginnen mit der Ermittlung und Entwicklung eines detaillierten Stellenprofils. Dann identifizieren wir potenzielle Kandidaten, f\u00fchren gr\u00fcndliche Beurteilungen durch und stellen eine kurze Auswahlliste vor, bevor wir die abschlie\u00dfenden Vorstellungsgespr\u00e4che f\u00fchren und eine vertrauensvolle Einarbeitung vornehmen.<\/p>\n<\/div>\n            <\/div>\n                        <div class=\"item\">\n                <h3>Welcher Grad an Vertraulichkeit ist gew\u00e4hrleistet?<\/h3>\n                <div class=\"faq-content\"><p>Vertraulichkeit ist bei jeder Suche, die wir durchf\u00fchren, absolut zentral. Sowohl Kundeninformationen als auch alle Bewerberdaten werden in jeder Phase streng vertraulich behandelt.<\/p>\n<\/div>\n            <\/div>\n                        <div class=\"item\">\n                <h3>Wie bleiben die Kunden involviert?<\/h3>\n                <div class=\"faq-content\"><p>Die Kunden werden in den entscheidenden Phasen, einschlie\u00dflich der anf\u00e4nglichen Rollendefinition, der Vorauswahl der Kandidaten und des endg\u00fcltigen Auswahlverfahrens, voll einbezogen. Dadurch wird sichergestellt, dass die Erwartungen einheitlich und vollst\u00e4ndig abgestimmt sind.<\/p>\n<\/div>\n            <\/div>\n                        <div class=\"item\">\n                <h3>Welche Unterst\u00fctzung wird nach der Vermittlung angeboten?<\/h3>\n                <div class=\"faq-content\"><p>Unsere Berater stehen auch nach der Vermittlung zur Verf\u00fcgung, um sowohl die Eingliederung als auch die Integration umfassend zu unterst\u00fctzen und der F\u00fchrungskraft zu helfen, sich von Anfang an effektiv und aktiv einzubringen.<\/p>\n<\/div>\n            <\/div>\n                    <\/div>\n            <\/div>\n<\/div><\/div><div class=\"sidebar-wrapper\">\n<div class=\"wpcf7 no-js\" id=\"wpcf7-f52-o1\" lang=\"\" dir=\"ltr\" data-wpcf7-id=\"52\">\n<div class=\"screen-reader-response\"><p role=\"status\" aria-live=\"polite\" aria-atomic=\"true\"><\/p> <ul><\/ul><\/div>\n<form action=\"\/munich\/wp-json\/wp\/v2\/pages\/178#wpcf7-f52-o1\" method=\"post\" class=\"wpcf7-form init\" aria-label=\"Contact form\" enctype=\"multipart\/form-data\" novalidate=\"novalidate\" data-status=\"init\">\n<fieldset class=\"hidden-fields-container\"><input type=\"hidden\" name=\"_wpcf7\" value=\"52\" \/><input type=\"hidden\" name=\"_wpcf7_version\" value=\"6.1.5\" \/><input type=\"hidden\" name=\"_wpcf7_locale\" value=\"\" \/><input type=\"hidden\" name=\"_wpcf7_unit_tag\" value=\"wpcf7-f52-o1\" \/><input type=\"hidden\" name=\"_wpcf7_container_post\" value=\"0\" \/><input type=\"hidden\" name=\"_wpcf7_posted_data_hash\" value=\"\" \/>\n<\/fieldset>\n<input class=\"wpcf7-form-control wpcf7-hidden\" id=\"utm_source\" value=\"\" type=\"hidden\" name=\"utm_source\" \/>\n<input class=\"wpcf7-form-control wpcf7-hidden\" id=\"utm_medium\" value=\"\" type=\"hidden\" name=\"utm_medium\" \/>\n<input class=\"wpcf7-form-control wpcf7-hidden\" id=\"sideform_user_country\" value=\"\" type=\"hidden\" name=\"userCountry\" \/>\n<div class=\"form-grid-layout\">\n\t<div class=\"form-title\">\n\t\t<h2 class=\"title\">Thrive with Top Talent<br \/>\n- No Upfronts Fees\n\t\t<\/h2>\n\t\t<p>Have it easier with video interview clips and a candidate shortlist within 2-3 weeks\n\t\t<\/p>\n\t<\/div>\n\t<div class=\"input-field\">\n\t\t<p><label for=\"\">Name<\/label><br \/>\n<span class=\"wpcf7-form-control-wrap\" data-name=\"full-Name\"><input size=\"40\" maxlength=\"400\" class=\"wpcf7-form-control wpcf7-text wpcf7-validates-as-required\" aria-required=\"true\" aria-invalid=\"false\" value=\"\" type=\"text\" name=\"full-Name\" \/><\/span>\n\t\t<\/p>\n\t<\/div>\n\t<div class=\"input-field\">\n\t\t<p><label for=\"\">Email Address<\/label><br \/>\n<span class=\"wpcf7-form-control-wrap\" data-name=\"email-address\"><input size=\"40\" maxlength=\"400\" class=\"wpcf7-form-control wpcf7-email wpcf7-validates-as-required wpcf7-text wpcf7-validates-as-email\" aria-required=\"true\" aria-invalid=\"false\" value=\"\" type=\"email\" name=\"email-address\" \/><\/span>\n\t\t<\/p>\n\t<\/div>\n\t<div class=\"input-field\">\n\t\t<p><label for=\"\">Company<\/label><br \/>\n<span class=\"wpcf7-form-control-wrap\" data-name=\"company\"><input size=\"40\" maxlength=\"400\" class=\"wpcf7-form-control wpcf7-text\" aria-invalid=\"false\" value=\"\" type=\"text\" name=\"company\" \/><\/span>\n\t\t<\/p>\n\t<\/div>\n\t<div class=\"radiobox-field\">\n\t\t<p><span class=\"wpcf7-form-control-wrap\" data-name=\"radio-721company-status\"><span class=\"wpcf7-form-control wpcf7-radio\"><span class=\"wpcf7-list-item first\"><label><input type=\"radio\" name=\"radio-721company-status\" value=\"{Employer}\" \/><span class=\"wpcf7-list-item-label\">Employer<\/span><\/label><\/span><span class=\"wpcf7-list-item last\"><label><input type=\"radio\" name=\"radio-721company-status\" value=\"{Candidate}\" \/><span class=\"wpcf7-list-item-label\">Candidate<\/span><\/label><\/span><\/span><\/span>\n\t\t<\/p>\n\t<\/div>\n\t<div class=\"input-field\">\n\t\t<p><span class=\"wpcf7-form-control-wrap\" data-name=\"file-upload\"><input size=\"40\" class=\"wpcf7-form-control wpcf7-file\" accept=\".pdf\" aria-invalid=\"false\" type=\"file\" name=\"file-upload\" \/><\/span>\n\t\t<\/p>\n\t<\/div>\n\t<div class=\"textarea-field\">\n\t\t<p><label for=\"\">How can we help you?<\/label><br \/>\n<span class=\"wpcf7-form-control-wrap\" data-name=\"message\"><textarea cols=\"40\" rows=\"10\" maxlength=\"2000\" class=\"wpcf7-form-control wpcf7-textarea\" aria-invalid=\"false\" name=\"message\"><\/textarea><\/span>\n\t\t<\/p>\n\t<\/div>\n\t<p><span id=\"wpcf7-6a01cbab66a73-wrapper\" class=\"wpcf7-form-control-wrap nickname-wrap\" ><input id=\"wpcf7-6a01cbab66a73-field\"  class=\"wpcf7-form-control wpcf7-text\" type=\"text\" name=\"nickname\" value=\"\" size=\"40\" tabindex=\"-1\" autocomplete=\"off\" \/><\/span>\n\t<\/p>\n\t<div class=\"form-term\">\n\t\t<p>Submission of this form means you have agreed to our <a href=\"\/privacy-policy\/\" title=\"\">Privacy Policy<\/a> and <a href=\"\/terms-of-service\/\" title=\"\">Terms Conditions<\/a>\n\t\t<\/p>\n\t<\/div>\n\t<div class=\"submit-btn\">\n\t\t<p><input class=\"wpcf7-form-control wpcf7-submit has-spinner btn-box\" type=\"submit\" value=\"Get in Touch\" \/>\n\t\t<\/p>\n\t<\/div>\n<\/div><div class=\"wpcf7-response-output\" aria-hidden=\"true\"><\/div>\n<\/form>\n<\/div>\n<\/div><\/div>\n\n\n<div class=\"block-section client-reviews-slider \" style=\"background-color: #119084\">  \n    <div class=\"container\">\n                <div class=\"splide client-slider\">\n            <div class=\"splide__track\">\n                <div class=\"splide__list\">\n                                        <div class=\"splide__slide\">\n                        <div class=\"content-box\">\n                            <div class=\"content\">\n                                <p>&#8220;Die Zusammenarbeit mit Haldren war eine professionelle und sehr beruhigende Erfahrung. Ihr Senior Consultant hat uns mit Diskretion und klarer Kommunikation durch die Suche gef\u00fchrt. Die vorgestellten Kandidaten entsprachen genau unserem Stellenprofil und unserer Unternehmenskultur.&#8221;<\/p>\n                            <\/div>\n                                                        <div class=\"name\">\n                                <strong>Thomas R.<\/strong>, \n                                Gesch\u00e4ftsf\u00fchrender Direktor                            <\/div>\n                                                    <\/div>\n                    <\/div>\n                                        <div class=\"splide__slide\">\n                        <div class=\"content-box\">\n                            <div class=\"content\">\n                                <p>&#8220;Haldren hat uns dabei geholfen, eine wichtige F\u00fchrungsposition in einer entscheidenden Phase unserer Entwicklung zu besetzen. Das Team kombinierte fundierte Marktkenntnisse mit einem umfangreichen Netzwerk und stellte sicher, dass wir schnell geeignete Kandidaten fanden. Ihre Professionalit\u00e4t hat uns durchweg Vertrauen vermittelt.&#8221;<\/p>\n                            <\/div>\n                                                        <div class=\"name\">\n                                <strong>Sabine K.<\/strong>, \n                                Personalleiter                            <\/div>\n                                                    <\/div>\n                    <\/div>\n                                        <div class=\"splide__slide\">\n                        <div class=\"content-box\">\n                            <div class=\"content\">\n                                <p>&#8220;Unser Unternehmen wandte sich an Haldren, nachdem wir mit schwierigen Stellenangeboten f\u00fcr F\u00fchrungskr\u00e4fte zu k\u00e4mpfen hatten. Die Personalvermittler waren umsichtig, pr\u00e4zise und sehr reaktionsschnell. Ihr tiefes Verst\u00e4ndnis des deutschen Marktes half uns, einen idealen Kandidaten zu finden, der bereits einen messbaren Einfluss aus\u00fcbt.&#8221;<\/p>\n                            <\/div>\n                                                        <div class=\"name\">\n                                <strong>Markus L.<\/strong>, \n                                Finanzvorstand                            <\/div>\n                                                    <\/div>\n                    <\/div>\n                                    <\/div>\n            <\/div>\n        <\/div>\n            <\/div>\n<\/div>","protected":false},"excerpt":{"rendered":"","protected":false},"author":10,"featured_media":0,"parent":174,"menu_order":0,"comment_status":"closed","ping_status":"closed","template":"","meta":{"_acf_changed":false,"footnotes":""},"class_list":["post-178","page","type-page","status-publish","hentry"],"acf":[],"lang":"de","translations":{"de":178,"en":63},"jetpack_sharing_enabled":true,"pll_sync_post":[],"_links":{"self":[{"href":"https:\/\/www.haldren.com\/munich\/wp-json\/wp\/v2\/pages\/178","targetHints":{"allow":["GET"]}}],"collection":[{"href":"https:\/\/www.haldren.com\/munich\/wp-json\/wp\/v2\/pages"}],"about":[{"href":"https:\/\/www.haldren.com\/munich\/wp-json\/wp\/v2\/types\/page"}],"author":[{"embeddable":true,"href":"https:\/\/www.haldren.com\/munich\/wp-json\/wp\/v2\/users\/10"}],"replies":[{"embeddable":true,"href":"https:\/\/www.haldren.com\/munich\/wp-json\/wp\/v2\/comments?post=178"}],"version-history":[{"count":1,"href":"https:\/\/www.haldren.com\/munich\/wp-json\/wp\/v2\/pages\/178\/revisions"}],"predecessor-version":[{"id":181,"href":"https:\/\/www.haldren.com\/munich\/wp-json\/wp\/v2\/pages\/178\/revisions\/181"}],"up":[{"embeddable":true,"href":"https:\/\/www.haldren.com\/munich\/wp-json\/wp\/v2\/pages\/174"}],"wp:attachment":[{"href":"https:\/\/www.haldren.com\/munich\/wp-json\/wp\/v2\/media?parent=178"}],"curies":[{"name":"wp","href":"https:\/\/api.w.org\/{rel}","templated":true}]}}