{"id":182,"date":"2025-11-10T04:29:05","date_gmt":"2025-11-10T04:29:05","guid":{"rendered":"https:\/\/www.haldren.com\/munich\/?page_id=182"},"modified":"2026-01-07T03:54:39","modified_gmt":"2026-01-07T03:54:39","slug":"headhunting","status":"publish","type":"page","link":"https:\/\/www.haldren.com\/munich\/de\/talentwerving\/headhunting\/","title":{"rendered":"Headhunting"},"content":{"rendered":"\n  <link rel=\"preload\" as=\"image\" href=\"https:\/\/www.haldren.com\/munich\/wp-content\/uploads\/sites\/44\/2025\/10\/munich-city-e1764148260913.webp\" fetchpriority=\"high\">\n  <style>\n    .inner-banner-section {\n      background-image: url('https:\/\/www.haldren.com\/munich\/wp-content\/uploads\/sites\/44\/2025\/10\/munich-city-e1764148260913.webp');\n      background-size: cover;\n      background-position: center;\n      background-repeat: no-repeat;\n    }\n\n    @media (max-width: 768px) {\n      .inner-banner-section {\n        background-image: url('https:\/\/www.haldren.com\/munich\/wp-content\/uploads\/sites\/44\/2025\/10\/munich-city-e1764148260913.webp');\n      }\n    }\n  <\/style>\n\n<div class=\"block-section inner-banner-section lazyload bg-sty section-gaps top-border-line\">\n  <div class=\"container-fluid\">\n    <div class=\"content-wrap\">\n      <h1 class=\"title\">\n        Headhunting Dienstleistungen in M\u00fcnchen      <\/h1>\n      <span style=\"font-size: 18px;\">Wir unterst\u00fctzen M\u00fcnchner Unternehmen bei der Ernennung von F\u00fchrungskr\u00e4ften, die Wachstum, Stabilit\u00e4t und dauerhafte Wirkung f\u00f6rdern<\/span>\n    <\/div>\n  <\/div>\n<\/div>\n\n\n\n\n<div class=\"wp-block-custom-div-wrapper-block col-wrapper has-sidebar\"><div class=\"content-wrapper\" style=\"background-color:#002a26\">\n<div class=\"block-section section-gaps default-content-section \" \n     style=\"--text-color: #ffffff; --bg-color: #119084;\">\n    <div class=\"container\">\n        <div class=\"default-single-content-wrap\">\n            <div class=\"content-wrap\">\n                                    <h2>F\u00fchrende Headhunting Firma in M\u00fcnchen<\/h2>\n<p>Haldren bietet Headhunting-Dienstleistungen in M\u00fcnchen mit Diskretion, Professionalit\u00e4t und bew\u00e4hrter Expertise. Unsere Personalberater arbeiten eng mit Unternehmen in der bayerischen Landeshauptstadt zusammen und stellen F\u00fchrungskr\u00e4fte und Manager vor, die Klarheit, F\u00fchrung und messbare Ergebnisse bringen. Jeder Auftrag spiegelt unsere Kernprinzipien von Ethik, Vertraulichkeit und Partnerschaft wider &#8211; Qualit\u00e4ten, die uns zu einer vertrauensw\u00fcrdigen Personalagentur f\u00fcr Unternehmen in ganz Deutschland und Europa gemacht haben.<\/p>\n<p>Unser erfahrenes Team wei\u00df, wie entscheidend die richtige Besetzung sein kann. Wir gehen jeden Auftrag mit Pr\u00e4zision an und kombinieren lokale Kenntnisse mit einem umfangreichen Netzwerk, das weit \u00fcber das Stadtzentrum hinausreicht. Von der ersten Beratung bis zur endg\u00fcltigen Besetzung sind unsere Managing Partner direkt involviert, um sicherzustellen, dass die Ziele des Kunden mit dem Potenzial der Kandidaten \u00fcbereinstimmen.<\/p>\n<blockquote><p><strong>Wir bei Haldren sehen die Personalbeschaffung als eine Chance, Organisationen und die Menschen darin zu st\u00e4rken. Wir sind in M\u00fcnchen als ein Headhunting-Partner anerkannt, der sich durch Integrit\u00e4t, Einsicht und nachhaltige Ergebnisse auszeichnet.<\/strong><\/p><\/blockquote>\n<h2>Top-Tier Executive Search Firma in M\u00fcnchen<\/h2>\n<p>Unser Engagement im Bereich Headhunting beruht auf einem klaren Ziel: Unternehmen mit F\u00fchrungskr\u00e4ften zusammenzubringen, die in der Lage sind, einen dauerhaften Wert zu schaffen. Unser Ziel ist es, bei jeder Suche Fachleute zu finden, deren Visionen Wachstum und Innovation unterst\u00fctzen und es Unternehmen erm\u00f6glichen, sich mit Zuversicht weiterzuentwickeln.<\/p>\n<p>Unsere Personalberater kombinieren die Struktur von Executive Search mit der Agilit\u00e4t einer individuellen Beratung. Wir unterst\u00fctzen unsere Kunden in der drittgr\u00f6\u00dften Stadt Deutschlands in allen Branchen &#8211; von Maschinenbau und Technologie bis hin zu Finanzwesen, Gesundheitswesen und vielen anderen &#8211; durch die Identifizierung von F\u00fchrungskr\u00e4ften, die sowohl technische Exzellenz als auch strategisches Verst\u00e4ndnis mitbringen.<\/p>\n<p>Wir gelten als eine der f\u00fchrenden Personalberatungen in M\u00fcnchen, weil wir jeden Auftrag als strategische Partnerschaft und nicht als Transaktion behandeln.<\/p>\n<h4>Bewertung<\/h4>\n<p>Jeder Auftrag beginnt mit einer detaillierten \u00dcberpr\u00fcfung des Unternehmens und seiner F\u00fchrungspriorit\u00e4ten. Wir definieren das Stellenprofil und ermitteln sowohl die funktionalen Anforderungen als auch die pers\u00f6nlichen Qualit\u00e4ten, die f\u00fcr die kulturelle Passung entscheidend sind. Unsere Berater bewerten nicht nur die Erfahrung, sondern auch die Arbeitsmoral, den zwischenmenschlichen Stil und die Motivation, um sicherzustellen, dass die Kandidaten mit den langfristigen Zielen des Unternehmens \u00fcbereinstimmen.<\/p>\n<h4>Talentakquise<\/h4>\n<p>Unser Zugang zu einem umfangreichen Netzwerk in Deutschland und Europa erm\u00f6glicht es uns, sowohl aktive als auch passive F\u00fchrungskr\u00e4fte zu erreichen. Mithilfe strukturierter Rekrutierungsprozesse, sozialer Plattformen und vertraulicher Empfehlungen kn\u00fcpfen wir Kontakte zu Fachleuten, die m\u00f6glicherweise nicht auf dem \u00f6ffentlichen Markt vertreten sind. Auf diese Weise finden wir immer wieder Spitzenkandidaten, die in der Lage sind, komplexe Gesch\u00e4ftsanforderungen zu erf\u00fcllen.<\/p>\n<h4>Organisatorische Umwandlung<\/h4>\n<p>\u00dcber die Vermittlung von Einzelpersonen hinaus unterst\u00fctzen wir Organisationen beim Aufbau st\u00e4rkerer F\u00fchrungsstrukturen. Durch die Beurteilung von F\u00fchrungskr\u00e4ften, Nachfolgeplanung und Managementunterst\u00fctzung helfen wir Unternehmen bei der Vorbereitung auf nachhaltiges Wachstum. Unsere Rolle geht \u00fcber die Personalbeschaffung hinaus &#8211; wir agieren als langfristige Partner bei der Organisationsentwicklung.<\/p>\n<h2>Unser Ansatz f\u00fcr Headhunting-Dienstleistungen<\/h2>\n<p>Unser Ansatz beim Headhunting kombiniert Erfahrung, Struktur und Pr\u00e4zision. Jeder Auftrag beginnt mit einem ausf\u00fchrlichen Gespr\u00e4ch, um die strategische Ausrichtung des Unternehmens, die Managementherausforderungen und die F\u00fchrungskultur zu verstehen. Anschlie\u00dfend entwickeln wir einen Rekrutierungsprozess, der sicherstellt, dass jeder Schritt zur Identifizierung der am besten geeigneten Kandidaten f\u00fchrt.<\/p>\n<p>Unser Prozess umfasst Entdeckungsgespr\u00e4che, Marktanalysen und gezielte Suchkampagnen in Deutschland und Europa. Wir bewerten die Kandidaten durch strukturierte Interviews und psychometrische Tests, die sich auf F\u00fchrungsqualit\u00e4ten, technisches Know-how und kulturelle Kompatibilit\u00e4t konzentrieren. Jede in die engere Wahl kommende F\u00fchrungskraft erh\u00e4lt Klarheit \u00fcber die Erwartungen, Verantwortlichkeiten und Entwicklungsm\u00f6glichkeiten innerhalb des Unternehmens.<\/p>\n<p>Die Personalberater von Haldren setzen sowohl auf moderne als auch auf traditionelle Rekrutierungsmethoden. Neben pers\u00f6nlichen Empfehlungen und der Direktsuche nutzen wir fortschrittliche Analysen, professionelle Netzwerke und diskrete digitale Tools, um qualifizierte Fachkr\u00e4fte zu identifizieren, die m\u00f6glicherweise nicht aktiv nach neuen M\u00f6glichkeiten suchen.<\/p>\n<p>Ethik und Transparenz bestimmen jede Phase unserer Suche. Wir sch\u00fctzen die Vertraulichkeit unserer Kunden und stellen sicher, dass die Bewerber w\u00e4hrend des gesamten Bewerbungsprozesses mit Respekt behandelt werden. Dieses disziplinierte, beratende Modell bringt immer wieder F\u00fchrungskr\u00e4fte hervor, die die Leistung des Unternehmens langfristig st\u00e4rken.<\/p>\n<p>Durch die Kombination unserer Erfahrung in der Suche nach F\u00fchrungskr\u00e4ften mit einem tiefen Verst\u00e4ndnis der lokalen und internationalen M\u00e4rkte bringen wir Menschen und Organisationen auf eine Weise zusammen, die f\u00fcr beide Seiten einen messbaren Nutzen schafft.<\/p>\n<h2>Unsere Expertise als f\u00fchrende M\u00fcnchner Personalberatung<\/h2>\n<p>Haldren verf\u00fcgt \u00fcber jahrelange Erfahrung in der Suche nach F\u00fchrungskr\u00e4ften in den verschiedensten Branchen. Unsere gesch\u00e4ftsf\u00fchrenden Partner und Berater verpflichten sich zu professioneller Exzellenz, kontinuierlicher Weiterbildung und ethischem Verhalten. Jeder von ihnen bringt einen Hintergrund in der Rekrutierung von F\u00fchrungskr\u00e4ften und in der Personalvermittlung mit, unterst\u00fctzt durch Forschung und st\u00e4ndiges Lernen \u00fcber neue Markttrends in der bayerischen Hauptstadt.<\/p>\n<p>Wir arbeiten eng mit unseren Kunden zusammen, um ihre Branchen, Strukturen und Wettbewerbsherausforderungen zu verstehen. Unsere Berater passen sich schnell an und stellen sicher, dass jedes Rekrutierungsprojekt sowohl auf den unmittelbaren Personalbedarf als auch auf langfristige Wachstumsziele abgestimmt ist.<\/p>\n<h4>Einige Bereiche, auf die wir uns spezialisiert haben<\/h4>\n<p>Unsere Headhunting-Dienstleistungen decken ein breites Spektrum an Branchen in M\u00fcnchen ab &#8211; darunter Maschinenbau, Technologie, Finanzen, Biowissenschaften, Konsumg\u00fcter und viele andere. Jeder Auftrag spiegelt unseren Fokus auf die Ernennung von F\u00fchrungskr\u00e4ften wider, die Managementteams verst\u00e4rken und operative Spitzenleistungen erbringen k\u00f6nnen. Unser Ziel ist es, Unternehmen dabei zu unterst\u00fctzen, nachhaltigen Erfolg zu erzielen, indem wir sie bei der Rekrutierung von F\u00fchrungskr\u00e4ften mit Integrit\u00e4t und Fachwissen unterst\u00fctzen.<\/p>\n<h4>Beispiele f\u00fcr Rollen, f\u00fcr die wir rekrutieren<\/h4>\n<p>Wir besetzen regelm\u00e4\u00dfig F\u00fchrungspositionen wie C-Suite-F\u00fchrungskr\u00e4fte, Gesch\u00e4ftsf\u00fchrer, Abteilungsleiter und leitende Manager in den Bereichen Strategie, Betrieb und Finanzen. Jede Ernennung wird von einem klaren Prozess geleitet, der F\u00fchrungsqualit\u00e4ten, fachliche Kompetenz und kulturelle \u00dcbereinstimmung identifiziert.<\/p>\n<blockquote><p><strong>Um mehr \u00fcber die von uns besetzten Positionen zu erfahren oder um zu besprechen, wie wir Ihr Unternehmen unterst\u00fctzen k\u00f6nnen, kontaktieren Sie Haldren noch heute. Wir freuen uns darauf, Ihr zuverl\u00e4ssiger Partner bei der Personalbeschaffung zu sein.<\/strong><\/p><\/blockquote>\n<h2>Warum Haldren einen ma\u00dfgeschneiderten Ansatz zur Personalbeschaffung verwendet<\/h2>\n<p>Keine zwei Rekrutierungsherausforderungen sind die gleichen. Im Laufe der Jahre haben unsere Berater festgestellt, dass bei Einheitsmethoden oft entscheidende menschliche Faktoren \u00fcbersehen werden, die den Erfolg beeinflussen. Aus diesem Grund basiert unser Ansatz auf Personalisierung &#8211; jeder Auftrag beginnt mit dem Verst\u00e4ndnis des Gesch\u00e4ftsmodells, der F\u00fchrungsstruktur und der zuk\u00fcnftigen Ausrichtung des Kunden.<\/p>\n<p>Ein Fertigungsunternehmen in M\u00fcnchen ben\u00f6tigt beispielsweise einen Projektleiter mit praktischer technischer Expertise, w\u00e4hrend ein Technologieunternehmen eine vision\u00e4re F\u00fchrungskraft sucht, die Innovationen vorantreibt. Das Erkennen dieser Nuancen erm\u00f6glicht es uns, pr\u00e4zise Rollendefinitionen zu erstellen und Fachleute zu finden, die sowohl zur Rolle als auch zum Unternehmen passen.<\/p>\n<p>Unsere Berater teilen ihre Erkenntnisse aus jahrelanger Erfahrung in der Personalbeschaffung und stellen sicher, dass jeder Kunde von den praktischen Erfahrungen aus realen Eins\u00e4tzen profitiert. Dieser Ansatz hat Unternehmen in ganz Deutschland dabei geholfen, F\u00fchrungsteams aufzubauen, die zuverl\u00e4ssig arbeiten und sich schnell anpassen.<\/p>\n<p>Bei Haldren ist Individualit\u00e4t kein Schlagwort &#8211; es ist unsere Methode, um dauerhafte Ergebnisse zu erzielen.<\/p>\n<h2>Warum Haldren f\u00fcr Headhunting Services w\u00e4hlen?<\/h2>\n<p>Unternehmen entscheiden sich f\u00fcr Haldren, weil wir Vertraulichkeit, Professionalit\u00e4t und Partnerschaft miteinander verbinden. Jede Suche wird von einem gesch\u00e4ftsf\u00fchrenden Partner geleitet, der pers\u00f6nlich f\u00fcr die Einhaltung von Qualit\u00e4t und Diskretion verantwortlich bleibt. Unsere Berater halten sich an ethische Standards, die die Interessen der Kunden und die Privatsph\u00e4re der Kandidaten w\u00e4hrend des gesamten Prozesses sch\u00fctzen.<\/p>\n<p>Wir sind in M\u00fcnchen und dar\u00fcber hinaus f\u00fcr zuverl\u00e4ssige Ergebnisse und dauerhafte Beziehungen bekannt. Unternehmen vertrauen uns, wenn es um die Rekrutierung von F\u00fchrungskr\u00e4ften geht, die die Gesch\u00e4ftsstrategie st\u00e4rken, Innovationen vorantreiben und die langfristige Stabilit\u00e4t unterst\u00fctzen. Unser umfangreiches Netzwerk erstreckt sich \u00fcber mehrere Branchen und Regionen, so dass wir Zugang zu Fachleuten mit nachgewiesener Erfolgsbilanz und F\u00fchrungsqualit\u00e4ten haben.<\/p>\n<p>Wir wissen, dass Personalbeschaffung sowohl eine Investition als auch eine Verantwortung ist. Deshalb behandeln wir jeden Auftrag als eine Zusammenarbeit, die auf Transparenz und gegenseitigem Respekt beruht.<\/p>\n<blockquote><p><strong>Wenn Sie bereit sind, Ihre n\u00e4chste F\u00fchrungsposition zu besprechen, wenden Sie sich noch heute an Haldren. Unser Team unterst\u00fctzt Sie gerne dabei, den richtigen Partner f\u00fcr Ihren Gesch\u00e4ftserfolg zu finden.<\/strong><\/p><\/blockquote>\n                            <\/div>\n        <\/div>\n    <\/div>\n<\/div>\n\n<div class=\"block-section accordion-main-section \">\n    <div class=\"container\">    \n                <div class=\"accordion-faqs\">\n            <h2 class=\"m-title\">Frequently Asked Questions (FAQs)<\/h2>\n                        <div class=\"item\">\n                <h3>Wie stellt Haldren die Vertraulichkeit w\u00e4hrend des Suchprozesses sicher?<\/h3>\n                <div class=\"faq-content\"><p>Vertraulichkeit ist ein zentraler Bestandteil unserer Arbeit. Wir behandeln alle Kunden- und Bewerberinformationen diskret und gew\u00e4hrleisten Datenschutz und Professionalit\u00e4t w\u00e4hrend des gesamten Einstellungsverfahrens.<\/p>\n<\/div>\n            <\/div>\n                        <div class=\"item\">\n                <h3>Was unterscheidet den Ansatz von Haldren von dem anderer Personalvermittler in M\u00fcnchen?<\/h3>\n                <div class=\"faq-content\"><p>Unsere Arbeit ist beratend, nicht transaktional. Wir kombinieren die Disziplin der Suche nach F\u00fchrungskr\u00e4ften mit dem pers\u00f6nlichen Einblick unserer Managing Partner, um sicherzustellen, dass jede Vermittlung mit der Strategie und Kultur des Unternehmens \u00fcbereinstimmt.<\/p>\n<\/div>\n            <\/div>\n                        <div class=\"item\">\n                <h3>Wie lange dauert ein typischer Headhunting-Auftrag?<\/h3>\n                <div class=\"faq-content\"><p>Der Zeitrahmen h\u00e4ngt von der Komplexit\u00e4t der Aufgabe ab, aber die meisten Suchen verlaufen von der ersten Beratung bis zur Vorauswahl der Kandidaten innerhalb weniger Wochen. Wir pflegen eine kontinuierliche Kommunikation, damit die Kunden in jeder Phase informiert sind.<\/p>\n<\/div>\n            <\/div>\n                        <div class=\"item\">\n                <h3>Bietet Haldren nach einer Vermittlung Unterst\u00fctzung an?<\/h3>\n                <div class=\"faq-content\"><p>Ja. Wir bleiben nach jeder Ernennung in Kontakt, um ein reibungsloses Onboarding und eine kontinuierliche Abstimmung zu gew\u00e4hrleisten. Diese Unterst\u00fctzung nach der Vermittlung st\u00e4rkt die Beziehungen und hilft sowohl dem Kunden als auch der F\u00fchrungskraft, langfristig erfolgreich zu sein.<\/p>\n<\/div>\n            <\/div>\n                    <\/div>\n            <\/div>\n<\/div><\/div><div class=\"sidebar-wrapper\">\n<div class=\"wpcf7 no-js\" id=\"wpcf7-f52-o1\" lang=\"\" dir=\"ltr\" data-wpcf7-id=\"52\">\n<div class=\"screen-reader-response\"><p role=\"status\" aria-live=\"polite\" aria-atomic=\"true\"><\/p> <ul><\/ul><\/div>\n<form action=\"\/munich\/wp-json\/wp\/v2\/pages\/182#wpcf7-f52-o1\" method=\"post\" class=\"wpcf7-form init\" aria-label=\"Contact form\" enctype=\"multipart\/form-data\" novalidate=\"novalidate\" data-status=\"init\">\n<fieldset class=\"hidden-fields-container\"><input type=\"hidden\" name=\"_wpcf7\" value=\"52\" \/><input type=\"hidden\" name=\"_wpcf7_version\" value=\"6.1.5\" \/><input type=\"hidden\" name=\"_wpcf7_locale\" value=\"\" \/><input type=\"hidden\" name=\"_wpcf7_unit_tag\" value=\"wpcf7-f52-o1\" \/><input type=\"hidden\" name=\"_wpcf7_container_post\" value=\"0\" \/><input type=\"hidden\" name=\"_wpcf7_posted_data_hash\" value=\"\" \/>\n<\/fieldset>\n<input class=\"wpcf7-form-control wpcf7-hidden\" id=\"utm_source\" value=\"\" type=\"hidden\" name=\"utm_source\" \/>\n<input class=\"wpcf7-form-control wpcf7-hidden\" id=\"utm_medium\" value=\"\" type=\"hidden\" name=\"utm_medium\" \/>\n<input class=\"wpcf7-form-control wpcf7-hidden\" id=\"sideform_user_country\" value=\"\" type=\"hidden\" name=\"userCountry\" \/>\n<div class=\"form-grid-layout\">\n\t<div class=\"form-title\">\n\t\t<h2 class=\"title\">Thrive with Top Talent<br \/>\n- No Upfronts Fees\n\t\t<\/h2>\n\t\t<p>Have it easier with video interview clips and a candidate shortlist within 2-3 weeks\n\t\t<\/p>\n\t<\/div>\n\t<div class=\"input-field\">\n\t\t<p><label for=\"\">Name<\/label><br \/>\n<span class=\"wpcf7-form-control-wrap\" data-name=\"full-Name\"><input size=\"40\" maxlength=\"400\" class=\"wpcf7-form-control wpcf7-text wpcf7-validates-as-required\" aria-required=\"true\" aria-invalid=\"false\" value=\"\" type=\"text\" name=\"full-Name\" \/><\/span>\n\t\t<\/p>\n\t<\/div>\n\t<div class=\"input-field\">\n\t\t<p><label for=\"\">Email Address<\/label><br \/>\n<span class=\"wpcf7-form-control-wrap\" data-name=\"email-address\"><input size=\"40\" maxlength=\"400\" class=\"wpcf7-form-control wpcf7-email wpcf7-validates-as-required wpcf7-text wpcf7-validates-as-email\" aria-required=\"true\" aria-invalid=\"false\" value=\"\" type=\"email\" name=\"email-address\" \/><\/span>\n\t\t<\/p>\n\t<\/div>\n\t<div class=\"input-field\">\n\t\t<p><label for=\"\">Company<\/label><br \/>\n<span class=\"wpcf7-form-control-wrap\" data-name=\"company\"><input size=\"40\" maxlength=\"400\" class=\"wpcf7-form-control wpcf7-text\" aria-invalid=\"false\" value=\"\" type=\"text\" name=\"company\" \/><\/span>\n\t\t<\/p>\n\t<\/div>\n\t<div class=\"radiobox-field\">\n\t\t<p><span class=\"wpcf7-form-control-wrap\" data-name=\"radio-721company-status\"><span class=\"wpcf7-form-control wpcf7-radio\"><span class=\"wpcf7-list-item first\"><label><input type=\"radio\" name=\"radio-721company-status\" value=\"{Employer}\" \/><span class=\"wpcf7-list-item-label\">Employer<\/span><\/label><\/span><span class=\"wpcf7-list-item last\"><label><input type=\"radio\" name=\"radio-721company-status\" value=\"{Candidate}\" \/><span class=\"wpcf7-list-item-label\">Candidate<\/span><\/label><\/span><\/span><\/span>\n\t\t<\/p>\n\t<\/div>\n\t<div class=\"input-field\">\n\t\t<p><span class=\"wpcf7-form-control-wrap\" data-name=\"file-upload\"><input size=\"40\" class=\"wpcf7-form-control wpcf7-file\" accept=\".pdf\" aria-invalid=\"false\" type=\"file\" name=\"file-upload\" \/><\/span>\n\t\t<\/p>\n\t<\/div>\n\t<div class=\"textarea-field\">\n\t\t<p><label for=\"\">How can we help you?<\/label><br \/>\n<span class=\"wpcf7-form-control-wrap\" data-name=\"message\"><textarea cols=\"40\" rows=\"10\" maxlength=\"2000\" class=\"wpcf7-form-control wpcf7-textarea\" aria-invalid=\"false\" name=\"message\"><\/textarea><\/span>\n\t\t<\/p>\n\t<\/div>\n\t<p><span id=\"wpcf7-6a01cbb6d6c6f-wrapper\" class=\"wpcf7-form-control-wrap nickname-wrap\" ><input id=\"wpcf7-6a01cbb6d6c6f-field\"  class=\"wpcf7-form-control wpcf7-text\" type=\"text\" name=\"nickname\" value=\"\" size=\"40\" tabindex=\"-1\" autocomplete=\"off\" \/><\/span>\n\t<\/p>\n\t<div class=\"form-term\">\n\t\t<p>Submission of this form means you have agreed to our <a href=\"\/privacy-policy\/\" title=\"\">Privacy Policy<\/a> and <a href=\"\/terms-of-service\/\" title=\"\">Terms Conditions<\/a>\n\t\t<\/p>\n\t<\/div>\n\t<div class=\"submit-btn\">\n\t\t<p><input class=\"wpcf7-form-control wpcf7-submit has-spinner btn-box\" type=\"submit\" value=\"Get in Touch\" \/>\n\t\t<\/p>\n\t<\/div>\n<\/div><div class=\"wpcf7-response-output\" aria-hidden=\"true\"><\/div>\n<\/form>\n<\/div>\n<\/div><\/div>\n\n\n<div class=\"block-section client-reviews-slider \" style=\"background-color: #119084\">  \n    <div class=\"container\">\n                <div class=\"splide client-slider\">\n            <div class=\"splide__track\">\n                <div class=\"splide__list\">\n                                        <div class=\"splide__slide\">\n                        <div class=\"content-box\">\n                            <div class=\"content\">\n                                <p>&#8220;Die Zusammenarbeit mit Haldren war von Anfang bis Ende eine professionelle und beruhigende Erfahrung. Die Personalberater haben unsere Anforderungen sofort verstanden und uns hochqualifizierte Spezialisten vorgestellt, die perfekt zu unserer Unternehmenskultur passen.&#8221;<\/p>\n                            <\/div>\n                                                        <div class=\"name\">\n                                <strong>Matthias K.<\/strong>, \n                                Gesch\u00e4ftsf\u00fchrender Direktor                            <\/div>\n                                                    <\/div>\n                    <\/div>\n                                        <div class=\"splide__slide\">\n                        <div class=\"content-box\">\n                            <div class=\"content\">\n                                <p>&#8220;Die gesch\u00e4ftsf\u00fchrenden Partner von Haldren zeigten w\u00e4hrend unserer Suche nach F\u00fchrungskr\u00e4ften au\u00dfergew\u00f6hnliche Professionalit\u00e4t. Sie kommunizierten klar, hielten den Prozess strukturiert und stellten sicher, dass jeder Kandidat, den wir trafen, wirklich f\u00fcr die Position geeignet war.&#8221;<\/p>\n                            <\/div>\n                                                        <div class=\"name\">\n                                <strong>Claudia S.<\/strong>, \n                                Finanzvorstand                            <\/div>\n                                                    <\/div>\n                    <\/div>\n                                        <div class=\"splide__slide\">\n                        <div class=\"content-box\">\n                            <div class=\"content\">\n                                <p>&#8220;Wir sch\u00e4tzten den Einblick und die Diskretion von Haldren. Ihr erfahrenes Team hat uns ehrlich beraten und unser Vertrauen w\u00e4hrend eines komplexen Einstellungsprojekts bewahrt. Die von uns eingestellte F\u00fchrungskraft liefert weiterhin hervorragende Ergebnisse.&#8221;<\/p>\n                            <\/div>\n                                                        <div class=\"name\">\n                                <strong>Stefan R.<\/strong>, \n                                Leiter der Abteilung Operations                            <\/div>\n                                                    <\/div>\n                    <\/div>\n                                    <\/div>\n            <\/div>\n        <\/div>\n            <\/div>\n<\/div>","protected":false},"excerpt":{"rendered":"","protected":false},"author":10,"featured_media":0,"parent":174,"menu_order":0,"comment_status":"closed","ping_status":"closed","template":"","meta":{"_acf_changed":false,"footnotes":""},"class_list":["post-182","page","type-page","status-publish","hentry"],"acf":[],"lang":"de","translations":{"de":182,"en":74},"jetpack_sharing_enabled":true,"pll_sync_post":[],"_links":{"self":[{"href":"https:\/\/www.haldren.com\/munich\/wp-json\/wp\/v2\/pages\/182","targetHints":{"allow":["GET"]}}],"collection":[{"href":"https:\/\/www.haldren.com\/munich\/wp-json\/wp\/v2\/pages"}],"about":[{"href":"https:\/\/www.haldren.com\/munich\/wp-json\/wp\/v2\/types\/page"}],"author":[{"embeddable":true,"href":"https:\/\/www.haldren.com\/munich\/wp-json\/wp\/v2\/users\/10"}],"replies":[{"embeddable":true,"href":"https:\/\/www.haldren.com\/munich\/wp-json\/wp\/v2\/comments?post=182"}],"version-history":[{"count":1,"href":"https:\/\/www.haldren.com\/munich\/wp-json\/wp\/v2\/pages\/182\/revisions"}],"predecessor-version":[{"id":185,"href":"https:\/\/www.haldren.com\/munich\/wp-json\/wp\/v2\/pages\/182\/revisions\/185"}],"up":[{"embeddable":true,"href":"https:\/\/www.haldren.com\/munich\/wp-json\/wp\/v2\/pages\/174"}],"wp:attachment":[{"href":"https:\/\/www.haldren.com\/munich\/wp-json\/wp\/v2\/media?parent=182"}],"curies":[{"name":"wp","href":"https:\/\/api.w.org\/{rel}","templated":true}]}}