{"id":183,"date":"2025-11-10T04:30:08","date_gmt":"2025-11-10T04:30:08","guid":{"rendered":"https:\/\/www.haldren.com\/munich\/?page_id=183"},"modified":"2026-01-07T03:54:22","modified_gmt":"2026-01-07T03:54:22","slug":"interim-management","status":"publish","type":"page","link":"https:\/\/www.haldren.com\/munich\/de\/talentwerving\/interim-management\/","title":{"rendered":"Interim Management"},"content":{"rendered":"\n  <link rel=\"preload\" as=\"image\" href=\"https:\/\/www.haldren.com\/munich\/wp-content\/uploads\/sites\/44\/2025\/10\/munich-city-e1764148260913.webp\" fetchpriority=\"high\">\n  <style>\n    .inner-banner-section {\n      background-image: url('https:\/\/www.haldren.com\/munich\/wp-content\/uploads\/sites\/44\/2025\/10\/munich-city-e1764148260913.webp');\n      background-size: cover;\n      background-position: center;\n      background-repeat: no-repeat;\n    }\n\n    @media (max-width: 768px) {\n      .inner-banner-section {\n        background-image: url('https:\/\/www.haldren.com\/munich\/wp-content\/uploads\/sites\/44\/2025\/10\/munich-city-e1764148260913.webp');\n      }\n    }\n  <\/style>\n\n<div class=\"block-section inner-banner-section lazyload bg-sty section-gaps top-border-line\">\n  <div class=\"container-fluid\">\n    <div class=\"content-wrap\">\n      <h1 class=\"title\">\n        Interim Management Dienstleistungen in M\u00fcnchen      <\/h1>\n      <span style=\"font-size: 18px;\">Unterst\u00fctzung von M\u00fcnchner Unternehmen bei der Ernennung von Interim-F\u00fchrungskr\u00e4ften, die Stabilit\u00e4t und strategische Ausrichtung bieten<\/span>\n    <\/div>\n  <\/div>\n<\/div>\n\n\n\n\n<div class=\"wp-block-custom-div-wrapper-block col-wrapper has-sidebar\"><div class=\"content-wrapper\" style=\"background-color:#002a26\">\n<div class=\"block-section section-gaps default-content-section \" \n     style=\"--text-color: #ffffff; --bg-color: #119084;\">\n    <div class=\"container\">\n        <div class=\"default-single-content-wrap\">\n            <div class=\"content-wrap\">\n                                    <h2>F\u00fchrende Interim Management Firma in M\u00fcnchen<\/h2>\n<p>Wir bieten Interim Management Dienstleistungen in M\u00fcnchen an, die auf Professionalit\u00e4t, absoluter Vertraulichkeit und messbaren Ergebnissen basieren. Unsere Berater verf\u00fcgen \u00fcber jahrelange Erfahrung im Executive Search und unterst\u00fctzen Unternehmen, die Interim Manager ben\u00f6tigen, um F\u00fchrungsaufgaben auf hohem Niveau zu \u00fcbernehmen und vom ersten Tag an Wirkung zu zeigen. Wir behandeln jeden Auftrag mit Diskretion, so dass Klienten und Kandidaten w\u00e4hrend des gesamten Prozesses Klarheit und Respekt erfahren.<\/p>\n<p>Was uns auszeichnet, ist die Kombination aus erfahrenen Interim Managern, strukturierten Rekrutierungsmethoden und dem Zugang zu umfangreichen Netzwerken in Deutschland und Europa. Wir unterst\u00fctzen Unternehmen, die vor Umstrukturierungen, Projektterminen oder F\u00fchrungswechseln stehen, durch die Vermittlung von Fachleuten, die effektiv f\u00fchren und die operative Stabilit\u00e4t aufrechterhalten k\u00f6nnen.<\/p>\n<blockquote><p><strong>Unsere Berater f\u00fchren jeden Auftrag mit Fokus, Disziplin und Engagement f\u00fcr langfristige Ergebnisse aus. Haldren steht in M\u00fcnchen als vertrauensw\u00fcrdiger Partner f\u00fcr Interim Management, bekannt f\u00fcr Ethik, Expertise und Ergebnisse, die wirklich Bestand haben.<\/strong><\/p><\/blockquote>\n<h2>Top-Tier Executive Search Firma in M\u00fcnchen<\/h2>\n<p>Unser Engagement im Interimsmanagement beruht auf einer einfachen Wahrheit: Eine rechtzeitige F\u00fchrung entscheidet oft dar\u00fcber, ob ein Unternehmen in einer \u00dcbergangsphase erfolgreich ist oder Schwierigkeiten hat. Wir arbeiten mit unseren Kunden zusammen, um Interim-Manager zu finden, die bereit sind, Verantwortung zu \u00fcbernehmen, Teams zu f\u00fchren und den Betrieb aufrechtzuerhalten, w\u00e4hrend dauerhafte L\u00f6sungen entwickelt werden. Unser Ziel ist es, Unternehmen zu st\u00e4rken, indem wir sie mit Fachleuten zusammenbringen, die sowohl operative Unterst\u00fctzung als auch strategischen Weitblick bieten.<\/p>\n<h4>Bewertung<\/h4>\n<p>Jeder Auftrag beginnt mit einer strukturierten \u00dcberpr\u00fcfung des Gesch\u00e4ftsbedarfs und der Rollenanforderungen. Wir erstellen das ideale Kandidatenprofil unter Ber\u00fccksichtigung der Unternehmenskultur, der Erwartungen an die F\u00fchrung und der langfristigen Ziele. Neben der Erfahrung bewerten wir auch die Motivation, die zwischenmenschlichen F\u00e4higkeiten und die F\u00e4higkeit, Teams effektiv zu f\u00fchren.<\/p>\n<h4>Talentakquise<\/h4>\n<p>Unsere Berater verf\u00fcgen \u00fcber ein weitreichendes, branchen\u00fcbergreifendes Netzwerk in M\u00fcnchen und ganz Deutschland. Durch direkte Suche, Empfehlungen und digitale Kontaktaufnahme identifizieren wir sowohl aktive als auch passive Kandidaten. Dieser Ansatz gew\u00e4hrleistet den Zugang zu Interim-Managern mit den f\u00fcr den Erfolg erforderlichen F\u00e4higkeiten und Visionen.<\/p>\n<h4>Organisatorische Umwandlung<\/h4>\n<p>Interim Management ist f\u00fcr uns mehr als eine kurzfristige L\u00f6sung. Unsere Arbeit umfasst oft auch Personalberatung, Nachfolgeplanung und F\u00fchrungsentwicklung. Indem wir als Partner agieren, helfen wir Organisationen, Interim Manager einzusetzen, um sich auf ein dauerhaftes Wachstum vorzubereiten.<\/p>\n<h2>Unser Ansatz f\u00fcr Interim-Management-Dienstleistungen<\/h2>\n<p>Wir gehen an das Interim Management mit einem strukturierten, beratenden Prozess heran, der sich aus unserer langj\u00e4hrigen Erfahrung im Executive Search entwickelt hat. Unsere Engagements beginnen mit einer Bestandsaufnahme, bei der wir die Priorit\u00e4ten des Kunden, die Erwartungen der Interessengruppen und die Dynamik des Teams analysieren. Dies erm\u00f6glicht uns die Erstellung von Kandidaten-Scorecards, die die fachliche Kompetenz, den F\u00fchrungsstil und die kulturelle \u00dcbereinstimmung beschreiben.<\/p>\n<p>Von dort aus f\u00fchren wir eine Marktanalyse durch, suchen direkt nach Kandidaten und stellen \u00fcber unser etabliertes Netzwerk in Deutschland und Europa Kontakte zu Interim Managern her. Bei hochspezialisierten Anforderungen beraten wir auch bei der Beauftragung von Freiberuflern, die gezieltes Fachwissen f\u00fcr bestimmte Projekte mitbringen.<\/p>\n<p>Die Kandidaten werden sorgf\u00e4ltig durch strukturierte Interviews, psychometrische Tests und rollenbasierte Beurteilungen bewertet. Wir analysieren ihre F\u00e4higkeit, sich schnell anzupassen, unter Druck zu f\u00fchren und in umstrukturierten oder projektorientierten Umgebungen Ergebnisse zu erzielen. Unsere Berater pr\u00fcfen auch fr\u00fchere Eins\u00e4tze, um sicherzustellen, dass sie sich bew\u00e4hrt haben.<\/p>\n<p>Wir stellen dann eine Auswahlliste qualifizierter Fachleute mit datengest\u00fctzten Profilen vor, koordinieren die Vorstellungsgespr\u00e4che und bleiben w\u00e4hrend der Einarbeitung aktiv beteiligt. Auch nach der Vermittlung bleiben wir in regelm\u00e4\u00dfigen Abst\u00e4nden in Kontakt, um sicherzustellen, dass sich der Interim Manager reibungslos integriert und messbare Ergebnisse liefert.<\/p>\n<p>W\u00e4hrend Standardagenturen oft der Schnelligkeit den Vorzug vor der Pr\u00e4zision geben, liefern wir zeitnahe Ergebnisse, ohne dabei an Tiefe zu verlieren. Unser Engagement f\u00fcr Ethik, Detailgenauigkeit und Kundenpartnerschaft stellt sicher, dass Unternehmen in M\u00fcnchen Interim Manager erhalten, die sofortige Wirkung zeigen und die langfristige Gesch\u00e4ftsentwicklung unterst\u00fctzen.<\/p>\n<h2>Unsere Expertise als f\u00fchrende M\u00fcnchner Executive Recruiter<\/h2>\n<p>Unsere Berater kombinieren Erfahrung im Executive Search mit praktischem Wissen \u00fcber Interim Management. Viele von ihnen haben Aufsichtsr\u00e4te und C-Suite-F\u00fchrungskr\u00e4fte beraten und kennen daher die Risiken von F\u00fchrungsl\u00fccken. Wir verfeinern unser Fachwissen durch st\u00e4ndige Weiterbildung und durch die aktive Teilnahme an HR- und F\u00fchrungsdiskussionen in ganz Deutschland.<\/p>\n<p>Unsere Kunden sch\u00e4tzen unsere Diskretion, unseren analytischen Ansatz und unsere Anpassungsf\u00e4higkeit. Wir wissen, dass sich die Anforderungen eines Fertigungsprojekts von denen eines Technologieunternehmens oder eines Gesundheitsdienstleisters unterscheiden. Diese Flexibilit\u00e4t, gepaart mit strukturierten Methoden, hat unseren Ruf f\u00fcr Zuverl\u00e4ssigkeit und konsistente Ergebnisse begr\u00fcndet.<\/p>\n<h4>Einige Bereiche, auf die wir uns spezialisiert haben<\/h4>\n<p>Wir stellen Interim Manager f\u00fcr eine Vielzahl von Branchen in M\u00fcnchen zur Verf\u00fcgung, darunter Finanzen, Technologie, Automotive, Gesundheitswesen und Handel. Unsere Berater kennen die branchenspezifischen Anforderungen, so dass wir effektiv beraten und Fachleute vermitteln k\u00f6nnen, die schnell Ergebnisse liefern.<\/p>\n<h4>Beispiele f\u00fcr Rollen, f\u00fcr die wir rekrutieren<\/h4>\n<p>Unsere Arbeit umfasst hochrangige Positionen wie Gesch\u00e4ftsf\u00fchrer, Projektleiter, Personalleiter, Finanzleiter und Betriebsleiter. Wir rekrutieren auch f\u00fcr Interimspositionen in der F\u00fchrungsetage, wenn Unternehmen w\u00e4hrend einer Umstrukturierung oder Transformation strategische F\u00fchrung ben\u00f6tigen. Wenn Sie das Spektrum der von uns zu besetzenden Positionen erkunden m\u00f6chten, laden wir Sie ein, noch heute mit Haldren Kontakt aufzunehmen.<\/p>\n<h2>Warum Haldren einen ma\u00dfgeschneiderten Ansatz zur Personalbeschaffung verwendet<\/h2>\n<p>Durch unsere jahrelange Arbeit f\u00fcr Kunden in ganz Deutschland haben wir festgestellt, dass keine zwei Interim-Auftr\u00e4ge genau gleich sind. Ein Unternehmen, das einen Projektmanager f\u00fcr die Leitung einer Umstrukturierung sucht, hat ganz andere Bed\u00fcrfnisse als ein Unternehmen, das einen Finanzleiter zur Stabilisierung des Berichtswesens ben\u00f6tigt. Eine standardisierte Rekrutierung f\u00fchrt selten zu den richtigen Ergebnissen.<\/p>\n<p>Unsere Berater investieren im Vorfeld Zeit, indem sie strukturierte Interviews, kulturelle Beurteilungen und F\u00fchrungsbewertungen durchf\u00fchren. Dadurch wird sichergestellt, dass die von uns empfohlenen Interim Manager schnell einsteigen und effektiv f\u00fchren k\u00f6nnen. Unsere Kunden stellen h\u00e4ufig fest, dass unser Prozess nicht nur die Risiken reduziert, sondern auch die Leistung in kritischen Phasen beschleunigt.<\/p>\n<p>One-size-fits-all-Ans\u00e4tze erh\u00f6hen die Wahrscheinlichkeit, dass die Erwartungen nicht \u00fcbereinstimmen und der Wert begrenzt ist. Im Gegensatz dazu erm\u00f6glicht unser ma\u00dfgeschneiderter Prozess den Unternehmen, Interim Management strategisch einzusetzen, sei es f\u00fcr die Durchf\u00fchrung von Projekten, die Kontinuit\u00e4t der F\u00fchrung oder organisatorische Ver\u00e4nderungen. Aus diesem Grund verlassen sich viele Kunden weiterhin auf Haldren als ihren Partner f\u00fcr Interim Management.<\/p>\n<h2>Warum Haldren f\u00fcr Interim Management Dienstleistungen w\u00e4hlen?<\/h2>\n<p>Die Wahl des richtigen Partners f\u00fcr Interim Management ist entscheidend. Bei Haldren beruht unser Ruf auf Vertraulichkeit, Ethik und langfristiger Zuverl\u00e4ssigkeit. Wir bringen unsere Kunden mit erfahrenen Interim Managern zusammen, die auf hohem Niveau f\u00fchren, Projekte effektiv managen und in Zeiten des Wandels f\u00fcr Stabilit\u00e4t sorgen.<\/p>\n<p>Unsere Berater sind bekannt f\u00fcr ihre Diskretion, ihre strukturierten Methoden und ihre F\u00e4higkeit, zeitnahe Ergebnisse zu liefern &#8211; in allen Branchen in M\u00fcnchen und dar\u00fcber hinaus. Unsere Kunden sch\u00e4tzen unseren beratenden Stil, der sich auf Gesch\u00e4ftsergebnisse und die Eignung von F\u00fchrungskr\u00e4ften konzentriert, anstatt einfach nur eine Stelle zu besetzen. Mit etablierten Netzwerken in Deutschland und Europa bieten wir Zugang zu Experten, die sofort einsatzbereit sind.<\/p>\n<p>Wir glauben, dass starke Partnerschaften aus Transparenz und Vertrauen erwachsen. Aus diesem Grund bleiben unsere Berater auch nach der Vermittlung engagiert und unterst\u00fctzen sowohl den Kunden als auch den Interim Manager w\u00e4hrend der gesamten Dauer des Einsatzes. Durch dieses Engagement sind dauerhafte Beziehungen zu Unternehmen entstanden, die immer wieder zu uns zur\u00fcckkehren, wenn F\u00fchrungsunterst\u00fctzung ben\u00f6tigt wird.<\/p>\n<blockquote><p><strong>Um zu besprechen, wie Interim Management Ihr Unternehmen st\u00e4rken kann, nehmen Sie noch heute Kontakt mit Haldren auf. Wir w\u00fcrden uns freuen, Ihre Anforderungen zu erfahren und Ihnen die richtige Interim-F\u00fchrungskraft f\u00fcr Ihr n\u00e4chstes Projekt vorzustellen.<\/strong><\/p><\/blockquote>\n                            <\/div>\n        <\/div>\n    <\/div>\n<\/div>\n\n<div class=\"block-section accordion-main-section \">\n    <div class=\"container\">    \n                <div class=\"accordion-faqs\">\n            <h2 class=\"m-title\">Frequently Asked Questions (FAQs)<\/h2>\n                        <div class=\"item\">\n                <h3>Wie stellen Sie sicher, dass Interim-Manager die richtige Besetzung sind?<\/h3>\n                <div class=\"faq-content\"><p>Wir beginnen mit einer detaillierten Bewertung der Bed\u00fcrfnisse und der Kultur des Unternehmens. Jeder Kandidat wird hinsichtlich seiner technischen Kompetenz, seines F\u00fchrungsstils und seiner Motivationsfaktoren bewertet, bevor er in die engere Wahl kommt.<\/p>\n<\/div>\n            <\/div>\n                        <div class=\"item\">\n                <h3>Inwieweit sind die Kunden in den Prozess eingebunden?<\/h3>\n                <div class=\"faq-content\"><p>Die Kunden werden in jeder Phase eingebunden, von der Festlegung der Anforderungen bis zu den abschlie\u00dfenden Gespr\u00e4chen. Wir bieten strukturierte Updates und beraten w\u00e4hrend des gesamten Auswahlverfahrens.<\/p>\n<\/div>\n            <\/div>\n                        <div class=\"item\">\n                <h3>Wie schnell kann ein Interim Manager beginnen?<\/h3>\n                <div class=\"faq-content\"><p>Viele unserer Interim Manager sind innerhalb weniger Tage einsatzbereit. Unsere Netzwerke erm\u00f6glichen es uns, schnell zu reagieren und gleichzeitig hohe Bewertungsstandards einzuhalten.<\/p>\n<\/div>\n            <\/div>\n                        <div class=\"item\">\n                <h3>Bieten Sie Unterst\u00fctzung nach der Vermittlung an?<\/h3>\n                <div class=\"faq-content\"><p>Ja. Wir bleiben w\u00e4hrend des Auftrags in Kontakt mit dem Kunden und dem Interim Manager. Dadurch wird sichergestellt, dass die Projekte auf Kurs bleiben und bei Bedarf Anpassungen vorgenommen werden k\u00f6nnen.<\/p>\n<\/div>\n            <\/div>\n                    <\/div>\n            <\/div>\n<\/div><\/div><div class=\"sidebar-wrapper\">\n<div class=\"wpcf7 no-js\" id=\"wpcf7-f52-o1\" lang=\"\" dir=\"ltr\" data-wpcf7-id=\"52\">\n<div class=\"screen-reader-response\"><p role=\"status\" aria-live=\"polite\" aria-atomic=\"true\"><\/p> <ul><\/ul><\/div>\n<form action=\"\/munich\/wp-json\/wp\/v2\/pages\/183#wpcf7-f52-o1\" method=\"post\" class=\"wpcf7-form init\" aria-label=\"Contact form\" enctype=\"multipart\/form-data\" novalidate=\"novalidate\" data-status=\"init\">\n<fieldset class=\"hidden-fields-container\"><input type=\"hidden\" name=\"_wpcf7\" value=\"52\" \/><input type=\"hidden\" name=\"_wpcf7_version\" value=\"6.1.5\" \/><input type=\"hidden\" name=\"_wpcf7_locale\" value=\"\" \/><input type=\"hidden\" name=\"_wpcf7_unit_tag\" value=\"wpcf7-f52-o1\" \/><input type=\"hidden\" name=\"_wpcf7_container_post\" value=\"0\" \/><input type=\"hidden\" name=\"_wpcf7_posted_data_hash\" value=\"\" \/>\n<\/fieldset>\n<input class=\"wpcf7-form-control wpcf7-hidden\" id=\"utm_source\" value=\"\" type=\"hidden\" name=\"utm_source\" \/>\n<input class=\"wpcf7-form-control wpcf7-hidden\" id=\"utm_medium\" value=\"\" type=\"hidden\" name=\"utm_medium\" \/>\n<input class=\"wpcf7-form-control wpcf7-hidden\" id=\"sideform_user_country\" value=\"\" type=\"hidden\" name=\"userCountry\" \/>\n<div class=\"form-grid-layout\">\n\t<div class=\"form-title\">\n\t\t<h2 class=\"title\">Bloeien met toptalent<br \/>\n- Geen kosten vooraf\n\t\t<\/h2>\n\t\t<p>Maak het uzelf gemakkelijker met videogespreksfragmenten en een shortlist van kandidaten binnen 2-3 weken.\n\t\t<\/p>\n\t<\/div>\n\t<div class=\"input-field\">\n\t\t<p><label for=\"\">Naam<\/label><br \/>\n<span class=\"wpcf7-form-control-wrap\" data-name=\"full-Name\"><input size=\"40\" maxlength=\"400\" class=\"wpcf7-form-control wpcf7-text wpcf7-validates-as-required\" aria-required=\"true\" aria-invalid=\"false\" value=\"\" type=\"text\" name=\"full-Name\" \/><\/span>\n\t\t<\/p>\n\t<\/div>\n\t<div class=\"input-field\">\n\t\t<p><label for=\"\">E-mailadres<\/label><br \/>\n<span class=\"wpcf7-form-control-wrap\" data-name=\"email-address\"><input size=\"40\" maxlength=\"400\" class=\"wpcf7-form-control wpcf7-email wpcf7-validates-as-required wpcf7-text wpcf7-validates-as-email\" aria-required=\"true\" aria-invalid=\"false\" value=\"\" type=\"email\" name=\"email-address\" \/><\/span>\n\t\t<\/p>\n\t<\/div>\n\t<div class=\"input-field\">\n\t\t<p><label for=\"\">Bedrijf<\/label><br \/>\n<span class=\"wpcf7-form-control-wrap\" data-name=\"company\"><input size=\"40\" maxlength=\"400\" class=\"wpcf7-form-control wpcf7-text\" aria-invalid=\"false\" value=\"\" type=\"text\" name=\"company\" \/><\/span>\n\t\t<\/p>\n\t<\/div>\n\t<div class=\"radiobox-field\">\n\t\t<p><span class=\"wpcf7-form-control-wrap\" data-name=\"radio-721company-status\"><span class=\"wpcf7-form-control wpcf7-radio\"><span class=\"wpcf7-list-item first\"><label><input type=\"radio\" name=\"radio-721company-status\" value=\"{Employer}\" \/><span class=\"wpcf7-list-item-label\">Werkgever<\/span><\/label><\/span><span class=\"wpcf7-list-item last\"><label><input type=\"radio\" name=\"radio-721company-status\" value=\"{Candidate}\" \/><span class=\"wpcf7-list-item-label\">Kandidaat<\/span><\/label><\/span><\/span><\/span>\n\t\t<\/p>\n\t<\/div>\n\t<div class=\"input-field\">\n\t\t<p><span class=\"wpcf7-form-control-wrap\" data-name=\"file-upload\"><input size=\"40\" class=\"wpcf7-form-control wpcf7-file\" accept=\".pdf\" aria-invalid=\"false\" type=\"file\" name=\"file-upload\" \/><\/span>\n\t\t<\/p>\n\t<\/div>\n\t<div class=\"textarea-field\">\n\t\t<p><label for=\"\">Hoe kunnen we u helpen?<\/label><br \/>\n<span class=\"wpcf7-form-control-wrap\" data-name=\"message\"><textarea cols=\"40\" rows=\"10\" maxlength=\"2000\" class=\"wpcf7-form-control wpcf7-textarea\" aria-invalid=\"false\" name=\"message\"><\/textarea><\/span>\n\t\t<\/p>\n\t<\/div>\n\t<p><span id=\"wpcf7-6a01ca503a22f-wrapper\" class=\"wpcf7-form-control-wrap nickname-wrap\" ><input id=\"wpcf7-6a01ca503a22f-field\"  class=\"wpcf7-form-control wpcf7-text\" type=\"text\" name=\"nickname\" value=\"\" size=\"40\" tabindex=\"-1\" autocomplete=\"off\" \/><\/span>\n\t<\/p>\n\t<div class=\"form-term\">\n\t\t<p>Submission of this form means you have agreed to our <a href=\"\/privacy-policy\/\" title=\"\">Privacy Policy<\/a> and <a href=\"\/terms-of-service\/\" title=\"\">Terms Conditions<\/a>\n\t\t<\/p>\n\t<\/div>\n\t<div class=\"submit-btn\">\n\t\t<p><input class=\"wpcf7-form-control wpcf7-submit has-spinner btn-box\" type=\"submit\" value=\"Neem contact op\" \/>\n\t\t<\/p>\n\t<\/div>\n<\/div><div class=\"wpcf7-response-output\" aria-hidden=\"true\"><\/div>\n<\/form>\n<\/div>\n<\/div><\/div>\n\n\n<div class=\"block-section client-reviews-slider \" style=\"background-color: #119084\">  \n    <div class=\"container\">\n                <div class=\"splide client-slider\">\n            <div class=\"splide__track\">\n                <div class=\"splide__list\">\n                                        <div class=\"splide__slide\">\n                        <div class=\"content-box\">\n                            <div class=\"content\">\n                                <p>&#8220;Die Zusammenarbeit mit Haldren hat uns w\u00e4hrend einer komplexen Umstrukturierung Vertrauen gegeben. Die Berater von Haldren haben einen Interimsmanager eingesetzt, der unser Team stabilisiert und das Unternehmen vorangebracht hat. Wir sch\u00e4tzten ihre Professionalit\u00e4t w\u00e4hrend der gesamten Zeit.<\/p>\n                            <\/div>\n                                                        <div class=\"name\">\n                                <strong>Markus F.<\/strong>, \n                                CFO                            <\/div>\n                                                    <\/div>\n                    <\/div>\n                                        <div class=\"splide__slide\">\n                        <div class=\"content-box\">\n                            <div class=\"content\">\n                                <p>&#8220;Der Prozess bei Haldren war klar und strukturiert. Sie nahmen sich Zeit, um unsere Anforderungen zu verstehen und stellten uns Interim Manager vor, die nicht nur qualifiziert waren, sondern auch zu unserer Kultur passten. Ihr Fachwissen hat uns wertvolle Zeit erspart.&#8221;<\/p>\n                            <\/div>\n                                                        <div class=\"name\">\n                                <strong>Anna K.<\/strong>, \n                                Personalleiter                            <\/div>\n                                                    <\/div>\n                    <\/div>\n                                        <div class=\"splide__slide\">\n                        <div class=\"content-box\">\n                            <div class=\"content\">\n                                <p>&#8220;Unser Unternehmen sah sich pl\u00f6tzlich mit einer F\u00fchrungsl\u00fccke konfrontiert, und Haldren reagierte schnell. Der von ihnen eingesetzte Interimsmanager war entschlossen, erfahren und bereit zu f\u00fchren. Wir f\u00fchlten uns von Anfang bis Ende unterst\u00fctzt.&#8221;<\/p>\n                            <\/div>\n                                                        <div class=\"name\">\n                                <strong>Thomas R.<\/strong>, \n                                Gesch\u00e4ftsf\u00fchrender Direktor                            <\/div>\n                                                    <\/div>\n                    <\/div>\n                                    <\/div>\n            <\/div>\n        <\/div>\n            <\/div>\n<\/div>","protected":false},"excerpt":{"rendered":"","protected":false},"author":10,"featured_media":0,"parent":174,"menu_order":0,"comment_status":"closed","ping_status":"closed","template":"","meta":{"_acf_changed":false,"footnotes":""},"class_list":["post-183","page","type-page","status-publish","hentry"],"acf":[],"lang":"de","translations":{"de":183,"en":70},"jetpack_sharing_enabled":true,"pll_sync_post":[],"_links":{"self":[{"href":"https:\/\/www.haldren.com\/munich\/wp-json\/wp\/v2\/pages\/183","targetHints":{"allow":["GET"]}}],"collection":[{"href":"https:\/\/www.haldren.com\/munich\/wp-json\/wp\/v2\/pages"}],"about":[{"href":"https:\/\/www.haldren.com\/munich\/wp-json\/wp\/v2\/types\/page"}],"author":[{"embeddable":true,"href":"https:\/\/www.haldren.com\/munich\/wp-json\/wp\/v2\/users\/10"}],"replies":[{"embeddable":true,"href":"https:\/\/www.haldren.com\/munich\/wp-json\/wp\/v2\/comments?post=183"}],"version-history":[{"count":1,"href":"https:\/\/www.haldren.com\/munich\/wp-json\/wp\/v2\/pages\/183\/revisions"}],"predecessor-version":[{"id":186,"href":"https:\/\/www.haldren.com\/munich\/wp-json\/wp\/v2\/pages\/183\/revisions\/186"}],"up":[{"embeddable":true,"href":"https:\/\/www.haldren.com\/munich\/wp-json\/wp\/v2\/pages\/174"}],"wp:attachment":[{"href":"https:\/\/www.haldren.com\/munich\/wp-json\/wp\/v2\/media?parent=183"}],"curies":[{"name":"wp","href":"https:\/\/api.w.org\/{rel}","templated":true}]}}