{"id":190,"date":"2025-11-10T04:34:25","date_gmt":"2025-11-10T04:34:25","guid":{"rendered":"https:\/\/www.haldren.com\/munich\/?page_id=190"},"modified":"2026-01-07T03:53:21","modified_gmt":"2026-01-07T03:53:21","slug":"outsourcing-von-rekrutierungsprozessen","status":"publish","type":"page","link":"https:\/\/www.haldren.com\/munich\/de\/talentwerving\/outsourcing-von-rekrutierungsprozessen\/","title":{"rendered":"Outsourcing von Rekrutierungsprozessen"},"content":{"rendered":"\n  <link rel=\"preload\" as=\"image\" href=\"https:\/\/www.haldren.com\/munich\/wp-content\/uploads\/sites\/44\/2025\/10\/munich-city-e1764148260913.webp\" fetchpriority=\"high\">\n  <style>\n    .inner-banner-section {\n      background-image: url('https:\/\/www.haldren.com\/munich\/wp-content\/uploads\/sites\/44\/2025\/10\/munich-city-e1764148260913.webp');\n      background-size: cover;\n      background-position: center;\n      background-repeat: no-repeat;\n    }\n\n    @media (max-width: 768px) {\n      .inner-banner-section {\n        background-image: url('https:\/\/www.haldren.com\/munich\/wp-content\/uploads\/sites\/44\/2025\/10\/munich-city-e1764148260913.webp');\n      }\n    }\n  <\/style>\n\n<div class=\"block-section inner-banner-section lazyload bg-sty section-gaps top-border-line\">\n  <div class=\"container-fluid\">\n    <div class=\"content-wrap\">\n      <h1 class=\"title\">\n        Outsourcing van het wervingsproces Dienstleistungen in M\u00fcnchen      <\/h1>\n      <span style=\"font-size: 18px;\">Mit Kompetenz, Struktur und nachhaltigen Ergebnissen die Einstellung von Mitarbeitern bei M\u00fcnchner Unternehmen st\u00e4rken<\/span>\n    <\/div>\n  <\/div>\n<\/div>\n\n\n\n\n<div class=\"wp-block-custom-div-wrapper-block col-wrapper has-sidebar\"><div class=\"content-wrapper\" style=\"background-color:#002a26\">\n<div class=\"block-section section-gaps default-content-section \" \n     style=\"--text-color: #ffffff; --bg-color: #119084;\">\n    <div class=\"container\">\n        <div class=\"default-single-content-wrap\">\n            <div class=\"content-wrap\">\n                                    <h2>Erstes Outsourcing-Unternehmen f\u00fcr Personalbeschaffungsprozesse in M\u00fcnchen<\/h2>\n<p>Wir bieten Outsourcing-Dienstleistungen f\u00fcr Personalbeschaffungsprozesse in ganz M\u00fcnchen an, wobei wir unsere Arbeit mit Professionalit\u00e4t, Vertraulichkeit und messbaren Ergebnissen durchf\u00fchren. Unsere Berater kombinieren fundierte Fachkenntnisse im Executive Search mit operativer Pr\u00e4zision, um Unternehmen bei der Optimierung ihres gesamten Einstellungsprozesses zu unterst\u00fctzen. Jeder Auftrag wird von Transparenz, Respekt und einem klaren Fokus auf die Erzielung von Ergebnissen geleitet, die direkt mit den strategischen Zielen unserer Kunden \u00fcbereinstimmen.<\/p>\n<p>Unser Ansatz geht \u00fcber die reine Verwaltung von Rekrutierungsschritten hinaus. Wir bieten RPO-L\u00f6sungen an, die die Effizienz interner Personalabteilungen steigern, die Gesamtkosten f\u00fcr die Personalbeschaffung senken und die Einstellungszeit f\u00fcr wichtige Positionen verk\u00fcrzen. Durch offene Kommunikation und sorgf\u00e4ltige Beurteilung stellen wir sicher, dass sowohl unsere Kunden als auch jeder Kandidat w\u00e4hrend des gesamten Prozesses optimal unterst\u00fctzt werden.<\/p>\n<p>Wir arbeiten sowohl mit mittelst\u00e4ndischen Unternehmen als auch mit globalen Konzernen eng zusammen und bieten ma\u00dfgeschneiderte L\u00f6sungen, die die Kultur und die individuellen Anforderungen jedes Unternehmens widerspiegeln. Jeder Auftrag wird mit Diskretion, Sorgfalt und einem konsequenten Fokus auf Qualit\u00e4t durchgef\u00fchrt.<br \/>\n Haldren<\/p>\n<blockquote><p><strong>ist in M\u00fcnchen als Personalberatung anerkannt, die sich durch Kompetenz, Integrit\u00e4t und nachhaltige Ergebnisse auszeichnet.<\/strong><\/p><\/blockquote>\n<h2>Top-Tier Executive Search Firma in M\u00fcnchen<\/h2>\n<p>Unser Engagement im Bereich Recruitment Process Outsourcing basiert auf einem Leitsatz: Die richtige Struktur f\u00fchrt zu nachhaltigem Erfolg. Wir bieten RPO-L\u00f6sungen, die strategische Beratung mit direkter, praktischer Umsetzung verbinden und Unternehmen dabei helfen, Fachkr\u00e4fte und hochqualifizierte Spezialisten effizient und effektiv zu sichern. Unsere Berater wissen, dass jedes Unternehmen seine eigenen Herausforderungen bei der Personalbeschaffung hat. Deshalb entwickeln wir Personalbeschaffungsdienste, die sich nahtlos in die bestehenden Organisationsstrukturen einf\u00fcgen und gleichzeitig die langfristigen Verpflichtungen und die Gesamtqualit\u00e4t verbessern.<\/p>\n<h4>Bewertung<\/h4>\n<p>Wir beginnen mit einer sorgf\u00e4ltigen Analyse der Gesch\u00e4ftsziele, des spezifischen Personalbedarfs und der Unternehmenskultur jedes Kunden. Auf dieser Grundlage erstellen wir ein detailliertes Kandidatenprofil, das sowohl die erforderlichen fachlichen Qualifikationen als auch die notwendige kulturelle Passung widerspiegelt. \u00dcber die fachlichen Qualifikationen hinaus bewerten wir entscheidende Aspekte wie Motivation, Werte und Pers\u00f6nlichkeit, um die perfekte \u00dcbereinstimmung f\u00fcr jede einzelne Position zu gew\u00e4hrleisten.<\/p>\n<h4>Talentakquise<\/h4>\n<p>Unsere Berater nutzen umfassende globale Netzwerke, pr\u00e4zise lokale Marktkenntnisse und moderne Rekrutierungsinstrumente, um die besten verf\u00fcgbaren Talente zu finden. Durch die Kombination von proaktivem, aktivem Sourcing und zielgerichteten Stellenausschreibungen erreichen wir immer wieder Kandidaten, die wirklich zu den langfristigen Visionen und Kernzielen des Unternehmens passen.<\/p>\n<h4>Organisatorische Umwandlung<\/h4>\n<p>Wir unterst\u00fctzen unsere Kunden weit \u00fcber die erste Einstellung hinaus und bieten Personalentwicklungs- und F\u00fchrungsdienstleistungen an, die zur langfristigen Stabilit\u00e4t beitragen. Von der entscheidenden Nachfolgeplanung bis hin zur umfassenden Organisationsentwicklung tr\u00e4gt unsere Arbeit zu nachhaltigem Erfolg in allen relevanten Sektoren und Branchen bei.<\/p>\n<h2>Unser Ansatz f\u00fcr Recruitment Process Outsourcing Services<\/h2>\n<p>Unsere Arbeit im Bereich Outsourcing von Personalbeschaffungsprozessen basiert auf jahrelanger Erfahrung und einer strukturierten, datengest\u00fctzten Methodik. Wir beginnen mit der Erkundung &#8211; wir h\u00f6ren genau zu, um die gesch\u00e4ftlichen Priorit\u00e4ten unserer Kunden, die bestehende Struktur der Personalabteilung und ihre spezifischen Herausforderungen bei der Personalbeschaffung vollst\u00e4ndig zu verstehen. Sobald alle Ziele definiert sind, entwerfen wir einen klaren, transparenten Prozess, der die Zuordnung von Rollen, die Beschaffung, die Bewertung und das strukturierte Onboarding umfasst.<\/p>\n<p>Jede Suche beginnt mit einer genauen Definition dessen, wie Erfolg aussieht. Wir entwickeln detaillierte Rollenscorecards, in denen die erforderlichen Kompetenzen, die gew\u00fcnschten F\u00fchrungsqualit\u00e4ten und die erforderlichen technischen F\u00e4higkeiten genau beschrieben werden. Diese Scorecards dienen w\u00e4hrend des gesamten Rekrutierungsprozesses als objektiver Leitfaden, der sicherstellt, dass alle in die engere Wahl kommenden Kandidaten sowohl mit den organisatorischen Anforderungen als auch mit der bestehenden Unternehmenskultur perfekt \u00fcbereinstimmen.<\/p>\n<p>Unsere Berater kombinieren fortschrittliche digitale Tools mit traditionellem Networking, indem sie Social-Media-Recruiting, zielgenaue Stellenanzeigen und professionelle Kan\u00e4le nutzen, um mit hochqualifizierten Arbeitskr\u00e4ften in Kontakt zu treten. Durch die Integration von Analysen und psychometrischen Beurteilungen bewerten wir Kandidaten gezielt und stellen sicher, dass alle Entscheidungen auf verifizierten Daten und nicht auf einfachen Annahmen beruhen.<\/p>\n<p>Wir legen bei jedem einzelnen Auftrag Wert auf Qualit\u00e4t, Vielfalt und Vertraulichkeit. Unsere Kunden profitieren von einem Prozess-Outsourcing, das die Zeit bis zur Einstellung verk\u00fcrzt, das Gesamterlebnis der Bewerber verbessert und die h\u00f6chsten Qualit\u00e4tsstandards in allen Rekrutierungsprozessen aufrechterh\u00e4lt. Dieses strukturierte, beratende Modell liefert durchg\u00e4ngig messbare Ergebnisse und einen echten Mehrwert &#8211; und hilft Unternehmen in ganz M\u00fcnchen und dar\u00fcber hinaus, sich die besten Talente mit Vertrauen zu sichern.<\/p>\n<h2>Unsere Expertise als f\u00fchrende M\u00fcnchner Personalberatung<\/h2>\n<p>Die Berater von Haldren bringen branchenspezifisches Fachwissen, globale Reichweite und ein klares Bekenntnis zu Spitzenleistungen in jede Partnerschaft ein. Wir verbinden analytische Pr\u00e4zision mit echtem menschlichem Verst\u00e4ndnis und stellen so sicher, dass sich unsere Rekrutierungsl\u00f6sungen perfekt an die Ziele jedes Kunden und die sich ver\u00e4ndernden Marktbedingungen anpassen.<\/p>\n<p>Die Erfahrung unseres Teams erstreckt sich auf Branchen wie Finanzen, Technologie, die Automobilindustrie und Biowissenschaften, neben vielen anderen Sektoren. Wir entwickeln unser Fachwissen st\u00e4ndig weiter, um den sich entwickelnden Bed\u00fcrfnissen unserer Kunden gerecht zu werden und bei jedem Auftrag die h\u00f6chstm\u00f6gliche Qualit\u00e4t zu gew\u00e4hrleisten.<\/p>\n<h4>Einige Bereiche, auf die wir uns spezialisiert haben<\/h4>\n<p>Wir bieten RPO-L\u00f6sungen f\u00fcr mehrere Schl\u00fcsselindustrien in M\u00fcnchen an, darunter die Finanz-, Technologie-, Fertigungs- und Automobilindustrie. Unsere Berater sind mit dem Tempo und den Priorit\u00e4ten dieser Branchen bestens vertraut und beraten Unternehmen bei der Entwicklung von Rekrutierungsprozessen, mit denen sie kontinuierlich leistungsstarke Spezialisten gewinnen und halten k\u00f6nnen.<\/p>\n<h4>Beispiele f\u00fcr Rollen, f\u00fcr die wir rekrutieren<\/h4>\n<p>Wir rekrutieren f\u00fcr leitende Positionen wie HR-Manager, Finanzdirektoren und C-Suite-F\u00fchrungskr\u00e4fte sowie f\u00fcr operative Positionen, die f\u00fcr die Kontinuit\u00e4t des Tagesgesch\u00e4fts unerl\u00e4sslich sind. Unser Ziel ist es, sicherzustellen, dass jeder einzelne Mitarbeiter einen bedeutenden Beitrag zur langfristigen Entwicklung und positiven kulturellen Ausrichtung leistet.<\/p>\n<p>Um mehr \u00fcber die verschiedenen Rollen zu erfahren, f\u00fcr die wir rekrutieren, wenden Sie sich noch heute an Haldren &#8211; unsere Berater sind gerne bereit, mit Ihnen zu besprechen, wie unsere Recruitment Process Outsourcing Services den Erfolg Ihres Unternehmens unterst\u00fctzen k\u00f6nnen.<\/p>\n<h2>Warum Haldren einen ma\u00dfgeschneiderten Ansatz zur Personalbeschaffung verwendet<\/h2>\n<p>Aus jahrelanger Erfahrung wissen wir, dass keine zwei Personalbeschaffungsprozesse wirklich gleich sind. Eine generische L\u00f6sung \u00fcbersieht oft die entscheidenden Nuancen, die die einzigartige Unternehmenskultur und die Hauptmotivation der Bewerber definieren. Unsere Berater nehmen sich die n\u00f6tige Zeit, um die Struktur, den typischen Kommunikationsstil und die F\u00fchrungsvisionen eines jeden Unternehmens genau zu verstehen, bevor sie einen spezifischen, ma\u00dfgeschneiderten Plan entwerfen.<\/p>\n<p>Wir verwenden echte, messbare Daten, um alle Einstellungsstrategien zu steuern, und verfeinern unseren Prozess kontinuierlich auf der Grundlage nachvollziehbarer Ergebnisse. Unabh\u00e4ngig davon, ob ein Unternehmen kurzfristige Unterst\u00fctzung f\u00fcr mehrere kritische Vakanzen oder eine langfristige RPO-Partnerschaft ben\u00f6tigt, stellen wir sicher, dass der gesamte Prozess effizient, transparent und auf die Kerngesch\u00e4ftsziele abgestimmt ist.<\/p>\n<p>Dieser praxisorientierte Ansatz erm\u00f6glicht es Kunden, sich auf strukturierte, flexible L\u00f6sungen zu verlassen, die in jeder Phase der Personalbeschaffung h\u00f6chste Qualit\u00e4t gew\u00e4hrleisten. Das Ergebnis ist eine Partnerschaft, die auf gegenseitigem Verst\u00e4ndnis, tiefem Vertrauen und Ergebnissen beruht, die sich wirklich bew\u00e4hren.<\/p>\n<h2>Warum Haldren f\u00fcr Recruitment Process Outsourcing Services w\u00e4hlen?<\/h2>\n<p>Wenn Sie sich f\u00fcr Haldren entscheiden, arbeiten Sie mit Beratern zusammen, bei denen Ethik, Diskretion und messbarer Erfolg an erster Stelle stehen. Wir f\u00fchren jedes Projekt mit gro\u00dfem Respekt vor der Vertraulichkeit des Kunden und der Integrit\u00e4t der Bewerber durch und sorgen daf\u00fcr, dass sich alle Parteien w\u00e4hrend des gesamten Prozesses wertgesch\u00e4tzt und unterst\u00fctzt f\u00fchlen. Unsere Berater bringen eine wertvolle globale Perspektive und ein tiefes lokales Verst\u00e4ndnis mit und kombinieren strukturierte Rekrutierungsprozesse mit einem menschlichen Ansatz, der offene Kommunikation und gemeinsamen Erfolg sch\u00e4tzt.<\/p>\n<p>Kunden profitieren von unserer F\u00e4higkeit, jeden einzelnen Schritt des Rekrutierungsprozesses fachm\u00e4nnisch zu verwalten &#8211; von der Gestaltung effektiver Stellenanzeigen bis zur endg\u00fcltigen Vermittlung. Unsere Methoden senken durchweg die Kosten, verk\u00fcrzen die Zeit bis zur Einstellung und verbessern die Qualit\u00e4t der Einstellungen.<\/p>\n<p>Wir pflegen starke, langfristige Partnerschaften mit Kunden, die unsere Best\u00e4ndigkeit, Professionalit\u00e4t und unerm\u00fcdliche Konzentration auf die gew\u00fcnschten Ergebnisse zu sch\u00e4tzen wissen. Bei Haldren wissen die Kunden, dass sie mit einem engagierten Team zusammenarbeiten, das bei jedem einzelnen Auftrag Zuverl\u00e4ssigkeit und tiefgreifendes Fachwissen bietet.<\/p>\n<blockquote><p><strong>Um die Einstellungskapazit\u00e4ten Ihres Unternehmens zu st\u00e4rken, wenden Sie sich noch heute an Haldren und erfahren Sie, wie unsere Outsourcing-Dienstleistungen f\u00fcr Personalbeschaffungsprozesse dauerhaften Wert f\u00fcr Ihr Unternehmen schaffen k\u00f6nnen.<\/strong><\/p><\/blockquote>\n                            <\/div>\n        <\/div>\n    <\/div>\n<\/div>\n\n<div class=\"block-section accordion-main-section \">\n    <div class=\"container\">    \n                <div class=\"accordion-faqs\">\n            <h2 class=\"m-title\">Frequently Asked Questions (FAQs)<\/h2>\n                        <div class=\"item\">\n                <h3>Wie funktioniert das Recruitment Process Outsourcing bei Haldren?<\/h3>\n                <div class=\"faq-content\"><p>Wir k\u00fcmmern uns um den gesamten Rekrutierungsprozess &#8211; von der Definition spezifischer Rollen und der Ver\u00f6ffentlichung gezielter Stellenanzeigen bis hin zur Vorauswahl und dem Onboarding &#8211; und halten Ihr internes HR-Team in jeder Phase auf dem Laufenden.<\/p>\n<\/div>\n            <\/div>\n                        <div class=\"item\">\n                <h3>Welche Arten von Unternehmen profitieren am meisten von RPO-L\u00f6sungen?<\/h3>\n                <div class=\"faq-content\"><p>Unsere RPO-Services eignen sich sowohl f\u00fcr mittelst\u00e4ndische Unternehmen als auch f\u00fcr globale Organisationen, die strukturierte, datengesteuerte Rekrutierungsprozesse w\u00fcnschen, ohne ihre interne Arbeitsbelastung zu erh\u00f6hen.<\/p>\n<\/div>\n            <\/div>\n                        <div class=\"item\">\n                <h3>Wie stellen Sie die kulturelle Passung bei der Einstellung sicher?<\/h3>\n                <div class=\"faq-content\"><p>Jeder Kandidat wird nicht nur auf seine fachlichen F\u00e4higkeiten hin gepr\u00fcft, sondern auch darauf, ob er zu Ihrer Unternehmenskultur, Ihrem F\u00fchrungsstil und Ihren langfristigen Verpflichtungen passt, um die perfekte Passung zu gew\u00e4hrleisten.<\/p>\n<\/div>\n            <\/div>\n                        <div class=\"item\">\n                <h3>Was macht die RPO-L\u00f6sungen von Haldren so besonders?<\/h3>\n                <div class=\"faq-content\"><p>Unsere Berater konzentrieren sich auf messbare Ergebnisse, transparente Prozesse und eine gleichbleibend hohe Qualit\u00e4t der Ergebnisse. Wir kombinieren globale Beschaffungsexpertise mit spezifischen lokalen Marktkenntnissen, um f\u00fcr jeden Kunden einen echten Mehrwert zu schaffen.<\/p>\n<\/div>\n            <\/div>\n                    <\/div>\n            <\/div>\n<\/div><\/div><div class=\"sidebar-wrapper\">\n<div class=\"wpcf7 no-js\" id=\"wpcf7-f52-o1\" lang=\"\" dir=\"ltr\" data-wpcf7-id=\"52\">\n<div class=\"screen-reader-response\"><p role=\"status\" aria-live=\"polite\" aria-atomic=\"true\"><\/p> <ul><\/ul><\/div>\n<form action=\"\/munich\/wp-json\/wp\/v2\/pages\/190#wpcf7-f52-o1\" method=\"post\" class=\"wpcf7-form init\" aria-label=\"Contact form\" enctype=\"multipart\/form-data\" novalidate=\"novalidate\" data-status=\"init\">\n<fieldset class=\"hidden-fields-container\"><input type=\"hidden\" name=\"_wpcf7\" value=\"52\" \/><input type=\"hidden\" name=\"_wpcf7_version\" value=\"6.1.5\" \/><input type=\"hidden\" name=\"_wpcf7_locale\" value=\"\" \/><input type=\"hidden\" name=\"_wpcf7_unit_tag\" value=\"wpcf7-f52-o1\" \/><input type=\"hidden\" name=\"_wpcf7_container_post\" value=\"0\" \/><input type=\"hidden\" name=\"_wpcf7_posted_data_hash\" value=\"\" \/>\n<\/fieldset>\n<input class=\"wpcf7-form-control wpcf7-hidden\" id=\"utm_source\" value=\"\" type=\"hidden\" name=\"utm_source\" \/>\n<input class=\"wpcf7-form-control wpcf7-hidden\" id=\"utm_medium\" value=\"\" type=\"hidden\" name=\"utm_medium\" \/>\n<input class=\"wpcf7-form-control wpcf7-hidden\" id=\"sideform_user_country\" value=\"\" type=\"hidden\" name=\"userCountry\" \/>\n<div class=\"form-grid-layout\">\n\t<div class=\"form-title\">\n\t\t<h2 class=\"title\">Thrive with Top Talent<br \/>\n- No Upfronts Fees\n\t\t<\/h2>\n\t\t<p>Have it easier with video interview clips and a candidate shortlist within 2-3 weeks\n\t\t<\/p>\n\t<\/div>\n\t<div class=\"input-field\">\n\t\t<p><label for=\"\">Name<\/label><br \/>\n<span class=\"wpcf7-form-control-wrap\" data-name=\"full-Name\"><input size=\"40\" maxlength=\"400\" class=\"wpcf7-form-control wpcf7-text wpcf7-validates-as-required\" aria-required=\"true\" aria-invalid=\"false\" value=\"\" type=\"text\" name=\"full-Name\" \/><\/span>\n\t\t<\/p>\n\t<\/div>\n\t<div class=\"input-field\">\n\t\t<p><label for=\"\">Email Address<\/label><br \/>\n<span class=\"wpcf7-form-control-wrap\" data-name=\"email-address\"><input size=\"40\" maxlength=\"400\" class=\"wpcf7-form-control wpcf7-email wpcf7-validates-as-required wpcf7-text wpcf7-validates-as-email\" aria-required=\"true\" aria-invalid=\"false\" value=\"\" type=\"email\" name=\"email-address\" \/><\/span>\n\t\t<\/p>\n\t<\/div>\n\t<div class=\"input-field\">\n\t\t<p><label for=\"\">Company<\/label><br \/>\n<span class=\"wpcf7-form-control-wrap\" data-name=\"company\"><input size=\"40\" maxlength=\"400\" class=\"wpcf7-form-control wpcf7-text\" aria-invalid=\"false\" value=\"\" type=\"text\" name=\"company\" \/><\/span>\n\t\t<\/p>\n\t<\/div>\n\t<div class=\"radiobox-field\">\n\t\t<p><span class=\"wpcf7-form-control-wrap\" data-name=\"radio-721company-status\"><span class=\"wpcf7-form-control wpcf7-radio\"><span class=\"wpcf7-list-item first\"><label><input type=\"radio\" name=\"radio-721company-status\" value=\"{Employer}\" \/><span class=\"wpcf7-list-item-label\">Employer<\/span><\/label><\/span><span class=\"wpcf7-list-item last\"><label><input type=\"radio\" name=\"radio-721company-status\" value=\"{Candidate}\" \/><span class=\"wpcf7-list-item-label\">Candidate<\/span><\/label><\/span><\/span><\/span>\n\t\t<\/p>\n\t<\/div>\n\t<div class=\"input-field\">\n\t\t<p><span class=\"wpcf7-form-control-wrap\" data-name=\"file-upload\"><input size=\"40\" class=\"wpcf7-form-control wpcf7-file\" accept=\".pdf\" aria-invalid=\"false\" type=\"file\" name=\"file-upload\" \/><\/span>\n\t\t<\/p>\n\t<\/div>\n\t<div class=\"textarea-field\">\n\t\t<p><label for=\"\">How can we help you?<\/label><br \/>\n<span class=\"wpcf7-form-control-wrap\" data-name=\"message\"><textarea cols=\"40\" rows=\"10\" maxlength=\"2000\" class=\"wpcf7-form-control wpcf7-textarea\" aria-invalid=\"false\" name=\"message\"><\/textarea><\/span>\n\t\t<\/p>\n\t<\/div>\n\t<p><span id=\"wpcf7-6a01ca5eadc87-wrapper\" class=\"wpcf7-form-control-wrap nickname-wrap\" ><input id=\"wpcf7-6a01ca5eadc87-field\"  class=\"wpcf7-form-control wpcf7-text\" type=\"text\" name=\"nickname\" value=\"\" size=\"40\" tabindex=\"-1\" autocomplete=\"off\" \/><\/span>\n\t<\/p>\n\t<div class=\"form-term\">\n\t\t<p>Submission of this form means you have agreed to our <a href=\"\/privacy-policy\/\" title=\"\">Privacy Policy<\/a> and <a href=\"\/terms-of-service\/\" title=\"\">Terms Conditions<\/a>\n\t\t<\/p>\n\t<\/div>\n\t<div class=\"submit-btn\">\n\t\t<p><input class=\"wpcf7-form-control wpcf7-submit has-spinner btn-box\" type=\"submit\" value=\"Get in Touch\" \/>\n\t\t<\/p>\n\t<\/div>\n<\/div><div class=\"wpcf7-response-output\" aria-hidden=\"true\"><\/div>\n<\/form>\n<\/div>\n<\/div><\/div>\n\n\n<div class=\"block-section client-reviews-slider \" style=\"background-color: #119084\">  \n    <div class=\"container\">\n                <div class=\"splide client-slider\">\n            <div class=\"splide__track\">\n                <div class=\"splide__list\">\n                                        <div class=\"splide__slide\">\n                        <div class=\"content-box\">\n                            <div class=\"content\">\n                                <p>&#8220;Die Berater von Haldren haben unseren Einstellungsprozess m\u00fchelos gestaltet. Ihre Struktur, Professionalit\u00e4t und ihr Verst\u00e4ndnis f\u00fcr unsere Unternehmenskultur waren au\u00dfergew\u00f6hnlich. Wir konnten mehrere Schl\u00fcsselpositionen schnell besetzen, ohne Kompromisse bei der Qualit\u00e4t einzugehen.&#8221;<\/p>\n                            <\/div>\n                                                        <div class=\"name\">\n                                <strong>Julia M.<\/strong>, \n                                Personalleiter                            <\/div>\n                                                    <\/div>\n                    <\/div>\n                                        <div class=\"splide__slide\">\n                        <div class=\"content-box\">\n                            <div class=\"content\">\n                                <p>&#8220;Unsere Personalabteilung ben\u00f6tigte in einer Wachstumsphase kurzfristige Unterst\u00fctzung, und Haldren hat sie geliefert. Ihr Prozess-Outsourcing-Ansatz sparte Zeit, senkte die Kosten und brachte uns Kandidaten, die perfekt in unsere bestehenden Teams passten.&#8221;<\/p>\n                            <\/div>\n                                                        <div class=\"name\">\n                                <strong>Stefan K.<\/strong>, \n                                Betriebsleiter                            <\/div>\n                                                    <\/div>\n                    <\/div>\n                                        <div class=\"splide__slide\">\n                        <div class=\"content-box\">\n                            <div class=\"content\">\n                                <p>&#8220;Was Haldren auszeichnet, ist die offene Kommunikation und der Fokus auf das langfristige Bild. Sie besetzen nicht einfach nur Stellen &#8211; sie beraten, verfeinern und stellen sicher, dass jede Einstellung zum nachhaltigen Erfolg beitr\u00e4gt.&#8221;<\/p>\n                            <\/div>\n                                                        <div class=\"name\">\n                                <strong>Anja W.<\/strong>, \n                                Gesch\u00e4ftsf\u00fchrender Gesellschafter                            <\/div>\n                                                    <\/div>\n                    <\/div>\n                                    <\/div>\n            <\/div>\n        <\/div>\n            <\/div>\n<\/div>","protected":false},"excerpt":{"rendered":"","protected":false},"author":10,"featured_media":0,"parent":174,"menu_order":0,"comment_status":"closed","ping_status":"closed","template":"","meta":{"_acf_changed":false,"footnotes":""},"class_list":["post-190","page","type-page","status-publish","hentry"],"acf":[],"lang":"de","translations":{"de":190,"en":82},"jetpack_sharing_enabled":true,"pll_sync_post":[],"_links":{"self":[{"href":"https:\/\/www.haldren.com\/munich\/wp-json\/wp\/v2\/pages\/190","targetHints":{"allow":["GET"]}}],"collection":[{"href":"https:\/\/www.haldren.com\/munich\/wp-json\/wp\/v2\/pages"}],"about":[{"href":"https:\/\/www.haldren.com\/munich\/wp-json\/wp\/v2\/types\/page"}],"author":[{"embeddable":true,"href":"https:\/\/www.haldren.com\/munich\/wp-json\/wp\/v2\/users\/10"}],"replies":[{"embeddable":true,"href":"https:\/\/www.haldren.com\/munich\/wp-json\/wp\/v2\/comments?post=190"}],"version-history":[{"count":3,"href":"https:\/\/www.haldren.com\/munich\/wp-json\/wp\/v2\/pages\/190\/revisions"}],"predecessor-version":[{"id":216,"href":"https:\/\/www.haldren.com\/munich\/wp-json\/wp\/v2\/pages\/190\/revisions\/216"}],"up":[{"embeddable":true,"href":"https:\/\/www.haldren.com\/munich\/wp-json\/wp\/v2\/pages\/174"}],"wp:attachment":[{"href":"https:\/\/www.haldren.com\/munich\/wp-json\/wp\/v2\/media?parent=190"}],"curies":[{"name":"wp","href":"https:\/\/api.w.org\/{rel}","templated":true}]}}