{"id":162,"date":"2025-09-23T05:05:30","date_gmt":"2025-09-23T05:05:30","guid":{"rendered":"https:\/\/www.haldren.com\/seville\/?page_id=60"},"modified":"2025-10-28T06:22:23","modified_gmt":"2025-10-28T06:22:23","slug":"contratacion-de-directivos","status":"publish","type":"page","link":"https:\/\/www.haldren.com\/seville\/es\/adquisicion-de-talentos\/contratacion-de-directivos\/","title":{"rendered":"Contrataci\u00f3n de directivos"},"content":{"rendered":"\n  <link rel=\"preload\" as=\"image\" href=\"https:\/\/www.haldren.com\/seville\/wp-content\/uploads\/sites\/35\/2025\/09\/spain-city-e1764150426218.webp\" fetchpriority=\"high\">\n  <style>\n    .inner-banner-section {\n      background-image: url('https:\/\/www.haldren.com\/seville\/wp-content\/uploads\/sites\/35\/2025\/09\/spain-city-e1764150426218.webp');\n      background-size: cover;\n      background-position: center;\n      background-repeat: no-repeat;\n    }\n\n    @media (max-width: 768px) {\n      .inner-banner-section {\n        background-image: url('https:\/\/www.haldren.com\/seville\/wp-content\/uploads\/sites\/35\/2025\/09\/spain-city-e1764150426218.webp');\n      }\n    }\n  <\/style>\n\n<div class=\"block-section inner-banner-section lazyload bg-sty section-gaps top-border-line\">\n  <div class=\"container-fluid\">\n    <div class=\"content-wrap\">\n      <h1 class=\"title\">\n        Servicios De Reclutamiento De Directivos En Sevilla      <\/h1>\n      <span style=\"font-size: 18px;\">Conectando Empresas En Sevilla Con L\u00edderes Que Construyen Equipos M\u00e1s Fuertes Y Crecimiento Sostenible<\/span>\n    <\/div>\n  <\/div>\n<\/div>\n\n\n\n\n<div class=\"wp-block-custom-div-wrapper-block col-wrapper has-sidebar\"><div class=\"content-wrapper\" style=\"background-color:#002a26\">\n<div class=\"block-section section-gaps default-content-section \" \n     style=\"--text-color: #ffffff; --bg-color: #119084;\">\n    <div class=\"container\">\n        <div class=\"default-single-content-wrap\">\n            <div class=\"content-wrap\">\n                                    <h2>Empresa l\u00edder en selecci\u00f3n de directivos en Sevilla<\/h2>\n<p>Abordamos la selecci\u00f3n de directivos en Sevilla con la discreci\u00f3n, precisi\u00f3n y visi\u00f3n consultiva que las principales empresas espa\u00f1olas esperan. Nuestros consultores aportan una amplia experiencia en la b\u00fasqueda de directivos, equilibrando las realidades de la contrataci\u00f3n local e internacional. Manejamos cada compromiso con cuidado, protegiendo la informaci\u00f3n sensible para asegurar que las decisiones de liderazgo se toman con total confianza.<\/p>\n<p>Nuestra ventaja distintiva radica en la fusi\u00f3n de la experiencia local con una extensa red global. Este enfoque permite a las empresas de Sevilla acceder al talento mucho m\u00e1s all\u00e1 de los canales de contrataci\u00f3n convencionales. La combinaci\u00f3n nos permite alinear cada b\u00fasqueda con objetivos de negocio espec\u00edficos, siempre teniendo en cuenta las regulaciones locales y los matices culturales.<\/p>\n<blockquote><p><strong>Las empresas se asocian con nosotros por nuestros m\u00e9todos basados en principios, consultores experimentados y un objetivo compartido: encontrar l\u00edderes que realmente marquen la diferencia.<\/strong><\/p><\/blockquote>\n<h2>La mejor empresa de b\u00fasqueda de directivos en Sevilla<\/h2>\n<p>Entendemos nuestro trabajo como el fortalecimiento de las organizaciones desde dentro. Identificamos talentos ejecutivos que aportan m\u00e1s que habilidades t\u00e9cnicas; tambi\u00e9n demuestran habilidades blandas que contribuyen a un rendimiento empresarial sostenido. Para nosotros, la selecci\u00f3n de directivos consiste en encontrar l\u00edderes capaces de guiar equipos, cultivar nuevas oportunidades y navegar por el cambio.<\/p>\n<h4>Evaluaci\u00f3n<\/h4>\n<p>Cada contrataci\u00f3n comienza con una revisi\u00f3n exhaustiva de los objetivos de la empresa, sus necesidades de contrataci\u00f3n y su cultura particular. A partir de ah\u00ed, construimos un perfil de candidato ideal que refleja tanto el historial profesional como los requisitos espec\u00edficos. Evaluamos la personalidad, el estilo de comunicaci\u00f3n y los factores de motivaci\u00f3n para encontrar una verdadera combinaci\u00f3n.<\/p>\n<h4>Adquisici\u00f3n de talento<\/h4>\n<p>Nuestra b\u00fasqueda de candidatos combina el contacto directo, las estrategias internacionales y nuestras profundas redes sectoriales. Nuestros cazatalentos especializados se relacionan con profesionales de todo el mundo, as\u00ed como con l\u00edderes locales, ayudando a atraer a los mejores talentos para empresas de diversos sectores.<\/p>\n<h4>Transformaci\u00f3n organizativa<\/h4>\n<p>Nuestra colaboraci\u00f3n a menudo contin\u00faa mucho despu\u00e9s de que se haya completado una colocaci\u00f3n. Ofrecemos orientaci\u00f3n sobre planes de sucesi\u00f3n, gesti\u00f3n interina y estrategia general de recursos humanos, aplicando un enfoque personalizado para satisfacer las necesidades espec\u00edficas de cada organizaci\u00f3n. Estudiamos las tendencias del mercado y las din\u00e1micas de liderazgo para dotar a las empresas espa\u00f1olas de conocimientos que fomenten el crecimiento sostenible y la resiliencia.<\/p>\n<h2>Nuestro enfoque de la selecci\u00f3n de directivos<\/h2>\n<p>Entendemos la contrataci\u00f3n no como una acci\u00f3n \u00fanica, sino como una serie de pasos conectados para descubrir, evaluar y asegurar el talento adecuado. El proceso de contrataci\u00f3n comienza escuchando. Colaboramos con la direcci\u00f3n de una organizaci\u00f3n para definir las prioridades y esbozar los requisitos precisos para un puesto. A continuaci\u00f3n, exploramos el mercado para identificar candidatos activos y pasivos a trav\u00e9s de nuestra red global, m\u00e9todos de b\u00fasqueda directa y canales digitales.<\/p>\n<p>Desarrollamos perfiles detallados de los candidatos que act\u00faan como hojas de ruta, describiendo sus cualificaciones, competencias de liderazgo y alineaci\u00f3n cultural. Mediante entrevistas estructuradas, pruebas psicom\u00e9tricas y evaluaciones espec\u00edficas, evaluamos a los profesionales a un nivel m\u00e1s profundo, utilizando las herramientas necesarias para medir la capacidad de liderazgo y el ajuste. Nos centramos en c\u00f3mo contribuir\u00e1 una persona al entorno de trabajo y a la toma de decisiones dentro de la empresa.<\/p>\n<p>Las listas de preseleccionados que presentamos son precisas, y en ellas s\u00f3lo figuran las personas que cumplen unos est\u00e1ndares exigentes. A continuaci\u00f3n, apoyamos cada etapa del proceso de contrataci\u00f3n, desde la coordinaci\u00f3n de las entrevistas hasta la facilitaci\u00f3n de la incorporaci\u00f3n, para garantizar una transici\u00f3n fluida tanto para el nuevo l\u00edder como para la empresa.<\/p>\n<p>Mientras que algunas agencias de contrataci\u00f3n en Espa\u00f1a dependen de listados est\u00e1ndar, nuestro trabajo se basa en la perspicacia, la \u00e9tica y una metodolog\u00eda personalizada. Este enfoque hace m\u00e1s que cubrir un puesto vacante; fortalece a las empresas con l\u00edderes preparados para desarrollar equipos y lograr resultados medibles.<\/p>\n<h2>Nuestra experiencia como reclutadores ejecutivos en Sevilla<\/h2>\n<p>Nuestros consultores cuentan con una amplia experiencia profesional en diversos sectores, lo que les permite adaptar las soluciones de selecci\u00f3n a las cambiantes tendencias del mercado. Colaboramos con empresas espa\u00f1olas de todos los tama\u00f1os, desde start-ups que incorporan su primer nivel directivo hasta organizaciones consolidadas que planifican su expansi\u00f3n.<\/p>\n<p>Un gestor de cuentas especializado dirige cada proyecto, manteniendo una clara alineaci\u00f3n con los objetivos de la empresa y ofreciendo apoyo continuo. Combinando un profundo conocimiento local con una red global, encontramos constantemente talento ejecutivo preparado para afrontar complejos retos empresariales.<\/p>\n<h4>Algunas \u00e1reas en las que nos especializamos<\/h4>\n<p>Nuestro trabajo en Sevilla abarca una gran variedad de sectores, incluyendo servicios financieros, tecnolog\u00eda, sanidad, log\u00edstica, industria y bienes de consumo. Ponemos en contacto a las organizaciones con profesionales cuyas habilidades y visi\u00f3n se ajustan a objetivos empresariales espec\u00edficos, desde puestos de mandos intermedios hasta posiciones de alta direcci\u00f3n. El hilo conductor de todas nuestras b\u00fasquedas es el compromiso de encontrar talentos que refuercen los equipos e impulsen un progreso significativo.<\/p>\n<h4>Ejemplos de puestos para los que reclutamos<\/h4>\n<p>Con frecuencia reclutamos para puestos como Chief People Officer, Director de RRHH, Jefe de Adquisici\u00f3n de Talento, Director de Aprendizaje y Desarrollo, y HR Business Partner, entre otros especialistas senior. Todas las b\u00fasquedas que realizamos tienen como objetivo encontrar candidatos que combinen la experiencia t\u00e9cnica con las cualidades de liderazgo necesarias para crear equipos s\u00f3lidos y hacer avanzar las prioridades de la empresa.<\/p>\n<blockquote><p><strong>Le invitamos a conversar con nosotros para hablar sobre el amplio espectro de funciones que desempe\u00f1amos y explorar c\u00f3mo nuestra experiencia puede ayudar a una empresa a asegurar su pr\u00f3ximo gran l\u00edder.<\/strong><\/p><\/blockquote>\n<h2>Por qu\u00e9 Haldren utiliza un enfoque personalizado para el reclutamiento<\/h2>\n<p>Nuestra experiencia nos ha demostrado que un proceso de reclutamiento gen\u00e9rico produce resultados gen\u00e9ricos. Cada empresa tiene necesidades distintas definidas por su cultura, estructura y objetivos. Un enfoque de talla \u00fanica inevitablemente pasa por alto los detalles que m\u00e1s importan.<\/p>\n<p>Nuestros consultores adaptan herramientas probadas como entrevistas estructuradas, evaluaciones detalladas y cuadros de mando espec\u00edficos para cada funci\u00f3n para ajustarse a cada situaci\u00f3n \u00fanica. En el caso de una nueva empresa, podemos hacer hincapi\u00e9 en la adaptabilidad y la capacidad de toma de decisiones. En el caso de una empresa consolidada, podemos centrarnos en la planificaci\u00f3n de la sucesi\u00f3n y el desarrollo del liderazgo. Esta flexibilidad hace que nuestras soluciones de contrataci\u00f3n sean pr\u00e1cticas, pertinentes y eficaces, lo que garantiza que siempre obtengamos los mejores talentos.<\/p>\n<p>La lecci\u00f3n es sencilla: los mejores resultados surgen cuando la experiencia se combina con la adaptabilidad. Combinando m\u00e9todos estructurados con un toque personalizado, ayudamos a asegurar el talento que fortalece una organizaci\u00f3n a largo plazo.<\/p>\n<h2>Por qu\u00e9 elegir Haldren para el reclutamiento de directivos<\/h2>\n<p>Las empresas espa\u00f1olas que buscan un socio de reclutamiento valoran la confianza, la discreci\u00f3n y los resultados tangibles. Nuestro trabajo se basa en estos tres pilares. La confidencialidad se entreteje en cada compromiso, y nuestros consultores ofrecen conocimientos basados en la experiencia profesional directa, un enfoque sectorial agudo y una clara comprensi\u00f3n de la din\u00e1mica del mercado.<\/p>\n<p>Si bien nuestro alcance se extiende a trav\u00e9s de una red global, nuestros m\u00e9todos est\u00e1n firmemente anclados en la experiencia local. Este equilibrio nos permite presentar a las empresas profesionales internacionales sin perder de vista las especificidades del mercado espa\u00f1ol. Nuestros headhunters especializados identifican el talento ejecutivo que puede satisfacer las necesidades inmediatas y tambi\u00e9n impulsar la estrategia a largo plazo, posicionando a las empresas junto a un l\u00edder global en reclutamiento.<\/p>\n<p>Las empresas siguen asoci\u00e1ndose con nosotros porque pueden confiar en una calidad constante, un apoyo fiable y una reputaci\u00f3n basada en pr\u00e1cticas \u00e9ticas. A trav\u00e9s de la contrataci\u00f3n de directivos, las soluciones provisionales o el desarrollo organizativo, ofrecemos resultados dise\u00f1ados para servir tanto a los objetivos presentes como a los futuros.<\/p>\n<blockquote><p><strong>Le invitamos a conversar sobre c\u00f3mo nuestra experiencia en contrataci\u00f3n de directivos puede apoyar el pr\u00f3ximo cap\u00edtulo de una empresa.<\/strong><\/p><\/blockquote>\n                            <\/div>\n        <\/div>\n    <\/div>\n<\/div>\n\n<div class=\"block-section accordion-main-section \">\n    <div class=\"container\">    \n                <div class=\"accordion-faqs\">\n            <h2 class=\"m-title\">Frequently Asked Questions (FAQs)<\/h2>\n                        <div class=\"item\">\n                <h3>\u00bfQu\u00e9 medidas toma para proteger la confidencialidad?<\/h3>\n                <div class=\"faq-content\"><p>Tratamos toda la informaci\u00f3n de la empresa y las conversaciones con los candidatos bajo estrictos acuerdos de confidencialidad. Esta pr\u00e1ctica garantiza que las decisiones delicadas permanezcan privadas de principio a fin.<\/p>\n<\/div>\n            <\/div>\n                        <div class=\"item\">\n                <h3>\u00bfEn qu\u00e9 medida interviene la empresa en el proceso de contrataci\u00f3n?<\/h3>\n                <div class=\"faq-content\"><p>Nuestro proceso es altamente colaborativo. Involucramos a la direcci\u00f3n de la empresa en etapas clave, como la definici\u00f3n del perfil del candidato ideal, la revisi\u00f3n de las listas de preseleccionados y la participaci\u00f3n en las entrevistas finales. Esto garantiza que nuestra b\u00fasqueda est\u00e9 perfectamente alineada con los objetivos empresariales.<\/p>\n<\/div>\n            <\/div>\n                        <div class=\"item\">\n                <h3>\u00bfC\u00f3mo identificar a posibles candidatos para puestos directivos?<\/h3>\n                <div class=\"faq-content\"><p>Nuestra metodolog\u00eda de b\u00fasqueda combina el contacto directo, el mapeo en profundidad del mercado y nuestra extensa red global. Tambi\u00e9n utilizamos herramientas digitales de reclutamiento para conectar con profesionales activos y pasivos que puedan encajar.<\/p>\n<\/div>\n            <\/div>\n                        <div class=\"item\">\n                <h3>\u00bfOfrecen orientaci\u00f3n despu\u00e9s de la colocaci\u00f3n?<\/h3>\n                <div class=\"faq-content\"><p>S\u00ed, nuestro apoyo contin\u00faa m\u00e1s all\u00e1 de la colocaci\u00f3n. Seguimos participando durante el per\u00edodo de incorporaci\u00f3n e integraci\u00f3n inicial para ayudar al nuevo l\u00edder a adaptarse sin problemas y empezar a contribuir a los objetivos de la empresa desde el primer momento.<\/p>\n<\/div>\n            <\/div>\n                    <\/div>\n            <\/div>\n<\/div><\/div><div class=\"sidebar-wrapper\">\n<div class=\"wpcf7 no-js\" id=\"wpcf7-f50-o1\" lang=\"\" dir=\"ltr\" data-wpcf7-id=\"50\">\n<div class=\"screen-reader-response\"><p role=\"status\" aria-live=\"polite\" aria-atomic=\"true\"><\/p> <ul><\/ul><\/div>\n<form action=\"\/seville\/wp-json\/wp\/v2\/pages\/162#wpcf7-f50-o1\" method=\"post\" class=\"wpcf7-form init\" aria-label=\"Contact form\" enctype=\"multipart\/form-data\" novalidate=\"novalidate\" data-status=\"init\">\n<fieldset class=\"hidden-fields-container\"><input type=\"hidden\" name=\"_wpcf7\" value=\"50\" \/><input type=\"hidden\" name=\"_wpcf7_version\" value=\"6.1.5\" \/><input type=\"hidden\" name=\"_wpcf7_locale\" value=\"\" \/><input type=\"hidden\" name=\"_wpcf7_unit_tag\" value=\"wpcf7-f50-o1\" \/><input type=\"hidden\" name=\"_wpcf7_container_post\" value=\"0\" \/><input type=\"hidden\" name=\"_wpcf7_posted_data_hash\" value=\"\" \/>\n<\/fieldset>\n<input class=\"wpcf7-form-control wpcf7-hidden\" id=\"utm_source\" value=\"\" type=\"hidden\" name=\"utm_source\" \/>\n<input class=\"wpcf7-form-control wpcf7-hidden\" id=\"utm_medium\" value=\"\" type=\"hidden\" name=\"utm_medium\" \/>\n<input class=\"wpcf7-form-control wpcf7-hidden\" id=\"sideform_user_country\" value=\"\" type=\"hidden\" name=\"userCountry\" \/>\n<div class=\"form-grid-layout\">\n\t<div class=\"form-title\">\n\t\t<h2 class=\"title\">Thrive with Top Talent<br \/>\n- No Upfronts Fees\n\t\t<\/h2>\n\t\t<p>Have it easier with video interview clips and a candidate shortlist within 2-3 weeks\n\t\t<\/p>\n\t<\/div>\n\t<div class=\"input-field\">\n\t\t<p><label for=\"\">Name<\/label><br \/>\n<span class=\"wpcf7-form-control-wrap\" data-name=\"full-Name\"><input size=\"40\" maxlength=\"400\" class=\"wpcf7-form-control wpcf7-text wpcf7-validates-as-required\" aria-required=\"true\" aria-invalid=\"false\" value=\"\" type=\"text\" name=\"full-Name\" \/><\/span>\n\t\t<\/p>\n\t<\/div>\n\t<div class=\"input-field\">\n\t\t<p><label for=\"\">Email Address<\/label><br \/>\n<span class=\"wpcf7-form-control-wrap\" data-name=\"email-address\"><input size=\"40\" maxlength=\"400\" class=\"wpcf7-form-control wpcf7-email wpcf7-validates-as-required wpcf7-text wpcf7-validates-as-email\" aria-required=\"true\" aria-invalid=\"false\" value=\"\" type=\"email\" name=\"email-address\" \/><\/span>\n\t\t<\/p>\n\t<\/div>\n\t<div class=\"input-field\">\n\t\t<p><label for=\"\">Company<\/label><br \/>\n<span class=\"wpcf7-form-control-wrap\" data-name=\"company\"><input size=\"40\" maxlength=\"400\" class=\"wpcf7-form-control wpcf7-text\" aria-invalid=\"false\" value=\"\" type=\"text\" name=\"company\" \/><\/span>\n\t\t<\/p>\n\t<\/div>\n\t<div class=\"radiobox-field\">\n\t\t<p><span class=\"wpcf7-form-control-wrap\" data-name=\"radio-721company-status\"><span class=\"wpcf7-form-control wpcf7-radio\"><span class=\"wpcf7-list-item first\"><label><input type=\"radio\" name=\"radio-721company-status\" value=\"{Employer}\" \/><span class=\"wpcf7-list-item-label\">Employer<\/span><\/label><\/span><span class=\"wpcf7-list-item last\"><label><input type=\"radio\" name=\"radio-721company-status\" value=\"{Candidate}\" \/><span class=\"wpcf7-list-item-label\">Candidate<\/span><\/label><\/span><\/span><\/span>\n\t\t<\/p>\n\t<\/div>\n\t<div class=\"input-field\">\n\t\t<p><span class=\"wpcf7-form-control-wrap\" data-name=\"file-upload\"><input size=\"40\" class=\"wpcf7-form-control wpcf7-file\" accept=\".pdf\" aria-invalid=\"false\" type=\"file\" name=\"file-upload\" \/><\/span>\n\t\t<\/p>\n\t<\/div>\n\t<div class=\"textarea-field\">\n\t\t<p><label for=\"\">How can we help you?<\/label><br \/>\n<span class=\"wpcf7-form-control-wrap\" data-name=\"message\"><textarea cols=\"40\" rows=\"10\" maxlength=\"2000\" class=\"wpcf7-form-control wpcf7-textarea\" aria-invalid=\"false\" name=\"message\"><\/textarea><\/span>\n\t\t<\/p>\n\t<\/div>\n\t<p><span id=\"wpcf7-69fa2806a42b9-wrapper\" class=\"wpcf7-form-control-wrap nickname-wrap\" ><input id=\"wpcf7-69fa2806a42b9-field\"  class=\"wpcf7-form-control wpcf7-text\" type=\"text\" name=\"nickname\" value=\"\" size=\"40\" tabindex=\"-1\" autocomplete=\"off\" \/><\/span>\n\t<\/p>\n\t<div class=\"form-term\">\n\t\t<p>Submission of this form means you have agreed to our <a href=\"\/privacy-policy\/\" title=\"\">Privacy Policy<\/a> and <a href=\"\/terms-of-service\/\" title=\"\">Terms Conditions<\/a>\n\t\t<\/p>\n\t<\/div>\n\t<div class=\"submit-btn\">\n\t\t<p><input class=\"wpcf7-form-control wpcf7-submit has-spinner btn-box\" type=\"submit\" value=\"Get in Touch\" \/>\n\t\t<\/p>\n\t<\/div>\n<\/div><div class=\"wpcf7-response-output\" aria-hidden=\"true\"><\/div>\n<\/form>\n<\/div>\n<\/div><\/div>\n\n\n<div class=\"block-section client-reviews-slider \" style=\"background-color: #119084\">  \n    <div class=\"container\">\n                <div class=\"splide client-slider\">\n            <div class=\"splide__track\">\n                <div class=\"splide__list\">\n                                        <div class=\"splide__slide\">\n                        <div class=\"content-box\">\n                            <div class=\"content\">\n                                <p>&#8220;Los consultores de Haldren nos impresionaron por su capacidad para entender nuestra cultura y prioridades. Presentaron candidatos que no solo se ajustaban a nuestras necesidades t\u00e9cnicas, sino que tambi\u00e9n reforzaban nuestro equipo de liderazgo.&#8221;<\/p>\n                            <\/div>\n                                                        <div class=\"name\">\n                                <strong>Isabel G.<\/strong>, \n                                Director de RRHH                            <\/div>\n                                                    <\/div>\n                    <\/div>\n                                        <div class=\"splide__slide\">\n                        <div class=\"content-box\">\n                            <div class=\"content\">\n                                <p>&#8220;La combinaci\u00f3n del alcance de la red global y la experiencia local nos dio acceso a talentos que no podr\u00edamos haber encontrado solos. Su enfoque fue profesional, minucioso y centrado en la calidad&#8221;.<\/p>\n                            <\/div>\n                                                        <div class=\"name\">\n                                <strong>Luis R.<\/strong>, \n                                Director de Operaciones                            <\/div>\n                                                    <\/div>\n                    <\/div>\n                                        <div class=\"splide__slide\">\n                        <div class=\"content-box\">\n                            <div class=\"content\">\n                                <p>&#8220;Confiamos a Haldren una b\u00fasqueda delicada y cumplieron con total discreci\u00f3n. Sus consultores demostraron una vasta experiencia y nos guiaron en cada etapa del proceso.&#8221;<\/p>\n                            <\/div>\n                                                        <div class=\"name\">\n                                <strong>Marta S.<\/strong>, \n                                Jefe de Recursos Humanos                            <\/div>\n                                                    <\/div>\n                    <\/div>\n                                    <\/div>\n            <\/div>\n        <\/div>\n            <\/div>\n<\/div>","protected":false},"excerpt":{"rendered":"","protected":false},"author":10,"featured_media":0,"parent":160,"menu_order":0,"comment_status":"closed","ping_status":"closed","template":"","meta":{"_acf_changed":false,"footnotes":""},"class_list":["post-162","page","type-page","status-publish","hentry"],"acf":[],"lang":"es","translations":{"es":162},"jetpack_sharing_enabled":true,"pll_sync_post":[],"_links":{"self":[{"href":"https:\/\/www.haldren.com\/seville\/wp-json\/wp\/v2\/pages\/162","targetHints":{"allow":["GET"]}}],"collection":[{"href":"https:\/\/www.haldren.com\/seville\/wp-json\/wp\/v2\/pages"}],"about":[{"href":"https:\/\/www.haldren.com\/seville\/wp-json\/wp\/v2\/types\/page"}],"author":[{"embeddable":true,"href":"https:\/\/www.haldren.com\/seville\/wp-json\/wp\/v2\/users\/10"}],"replies":[{"embeddable":true,"href":"https:\/\/www.haldren.com\/seville\/wp-json\/wp\/v2\/comments?post=162"}],"version-history":[{"count":1,"href":"https:\/\/www.haldren.com\/seville\/wp-json\/wp\/v2\/pages\/162\/revisions"}],"predecessor-version":[{"id":185,"href":"https:\/\/www.haldren.com\/seville\/wp-json\/wp\/v2\/pages\/162\/revisions\/185"}],"up":[{"embeddable":true,"href":"https:\/\/www.haldren.com\/seville\/wp-json\/wp\/v2\/pages\/160"}],"wp:attachment":[{"href":"https:\/\/www.haldren.com\/seville\/wp-json\/wp\/v2\/media?parent=162"}],"curies":[{"name":"wp","href":"https:\/\/api.w.org\/{rel}","templated":true}]}}