{"id":164,"date":"2025-09-23T05:18:38","date_gmt":"2025-09-23T05:18:38","guid":{"rendered":"https:\/\/www.haldren.com\/seville\/?page_id=69"},"modified":"2025-10-28T06:20:44","modified_gmt":"2025-10-28T06:20:44","slug":"busqueda-en-la-junta","status":"publish","type":"page","link":"https:\/\/www.haldren.com\/seville\/es\/adquisicion-de-talentos\/busqueda-en-la-junta\/","title":{"rendered":"B\u00fasqueda en la Junta"},"content":{"rendered":"\n  <link rel=\"preload\" as=\"image\" href=\"https:\/\/www.haldren.com\/seville\/wp-content\/uploads\/sites\/35\/2025\/09\/spain-city-e1764150426218.webp\" fetchpriority=\"high\">\n  <style>\n    .inner-banner-section {\n      background-image: url('https:\/\/www.haldren.com\/seville\/wp-content\/uploads\/sites\/35\/2025\/09\/spain-city-e1764150426218.webp');\n      background-size: cover;\n      background-position: center;\n      background-repeat: no-repeat;\n    }\n\n    @media (max-width: 768px) {\n      .inner-banner-section {\n        background-image: url('https:\/\/www.haldren.com\/seville\/wp-content\/uploads\/sites\/35\/2025\/09\/spain-city-e1764150426218.webp');\n      }\n    }\n  <\/style>\n\n<div class=\"block-section inner-banner-section lazyload bg-sty section-gaps top-border-line\">\n  <div class=\"container-fluid\">\n    <div class=\"content-wrap\">\n      <h1 class=\"title\">\n        B\u00fasqueda de consejeros en Sevilla      <\/h1>\n      <span style=\"font-size: 18px;\">Conectando empresas sevillanas con l\u00edderes que refuerzan los consejos e impulsan las decisiones estrat\u00e9gicas<\/span>\n    <\/div>\n  <\/div>\n<\/div>\n\n\n\n\n<div class=\"wp-block-custom-div-wrapper-block col-wrapper has-sidebar\"><div class=\"content-wrapper\" style=\"background-color:#002a26\">\n<div class=\"block-section section-gaps default-content-section \" \n     style=\"--text-color: #ffffff; --bg-color: #119084;\">\n    <div class=\"container\">\n        <div class=\"default-single-content-wrap\">\n            <div class=\"content-wrap\">\n                                    <h2>Primera empresa de b\u00fasqueda de consejeros en Sevilla<\/h2>\n<p>En Sevilla, guiamos a las organizaciones a trav\u00e9s del preciso proceso de nombramiento de consejeros. Nuestro trabajo se basa en la discreci\u00f3n y la orientaci\u00f3n constante, una base que nos ha granjeado la confianza de empresas de toda Espa\u00f1a. Colaboramos con los equipos ejecutivos para llevar a cabo estas tareas confidenciales, asegur\u00e1ndonos de que cada conversaci\u00f3n est\u00e9 protegida y cada elecci\u00f3n est\u00e9 respaldada por un an\u00e1lisis exhaustivo.<\/p>\n<p>Con d\u00e9cadas de experiencia colectiva en gobernanza y colocaci\u00f3n de ejecutivos, nuestro equipo entiende lo que hace que un consejo sea eficaz. Presentamos directores, altos ejecutivos y miembros asesores que aportan mucho m\u00e1s que conocimientos t\u00e9cnicos. Estos l\u00edderes aportan una perspectiva y una credibilidad inestimables, cualidades que les capacitan para influir en la trayectoria estrat\u00e9gica de una empresa.<\/p>\n<p>Nuestro m\u00e9todo se define por la forma en que escuchamos, asesoramos y realizamos el seguimiento. Comenzamos evaluando cuidadosamente las necesidades y respetando el tejido cultural distintivo de cada organizaci\u00f3n, presentando candidatos preparados para asumir sus responsabilidades con integridad.<\/p>\n<blockquote><p><strong>En toda Sevilla, nuestra reputaci\u00f3n es la de unos servicios de colocaci\u00f3n de ejecutivos basados en la calidad y el apoyo constante que los \u00f3rganos de gobierno requieren para los nombramientos cr\u00edticos.<\/strong><\/p><\/blockquote>\n<h2>La mejor empresa de b\u00fasqueda de directivos en Sevilla<\/h2>\n<p>Ayudamos a las empresas a encontrar l\u00edderes que fortalezcan la gobernanza y dirijan el desarrollo a largo plazo. Creemos que un consejo de administraci\u00f3n cuidadosamente constituido contribuye a la comunidad en general fomentando la innovaci\u00f3n, reforzando la estabilidad econ\u00f3mica y defendiendo las normas \u00e9ticas.<\/p>\n<p>Nuestras conversaciones con la alta direcci\u00f3n alinean cada b\u00fasqueda con las circunstancias inmediatas y las aspiraciones futuras de la empresa. Combinamos un profundo conocimiento del sector con una aguda conciencia del mercado para encontrar directores y miembros asesores con la experiencia necesaria en campos como las finanzas, el derecho, la ingenier\u00eda o el comercio.<\/p>\n<p>En todo el pa\u00eds, nuestro equipo es conocido por poner en contacto a las empresas con profesionales que comprenden la importancia de las funciones de los consejos de administraci\u00f3n. Nuestro enfoque en las decisiones fundamentales ayuda a los directivos a construir \u00f3rganos de gobierno que produzcan un impacto duradero y positivo.<\/p>\n<h4>Evaluaci\u00f3n<\/h4>\n<p>Cada encargo comienza con un cuidadoso an\u00e1lisis de los objetivos, el panorama del sector y las necesidades espec\u00edficas de gobierno. A partir de esta base, construimos un perfil de candidato que se alinea con la cultura de la empresa y las normas de cumplimiento, al tiempo que da importancia al car\u00e1cter individual y la motivaci\u00f3n.<\/p>\n<h4>Adquisici\u00f3n de talento<\/h4>\n<p>Nuestro alcance se extiende a trav\u00e9s de amplias redes locales e internacionales de directivos y altos ejecutivos. Combinamos las metodolog\u00edas de b\u00fasqueda establecidas con el an\u00e1lisis de datos para identificar a los profesionales capaces de contribuir en los niveles m\u00e1s altos de la direcci\u00f3n corporativa.<\/p>\n<h4>Transformaci\u00f3n organizativa<\/h4>\n<p>Nuestro apoyo va m\u00e1s all\u00e1 de la identificaci\u00f3n de candidatos. Ayudamos a planificar la sucesi\u00f3n, a cultivar el liderazgo y a evaluar la gobernanza, equipando a las organizaciones para afrontar los retos del futuro y preservando al mismo tiempo la continuidad operativa.<\/p>\n<h2>Nuestro enfoque en la b\u00fasqueda de directivos<\/h2>\n<p>Para cada b\u00fasqueda de directivos en Sevilla, empleamos una metodolog\u00eda estructurada que equilibra el an\u00e1lisis detallado con la confidencialidad y la estrecha colaboraci\u00f3n. Comenzamos con conversaciones para aclarar las prioridades, definir los requisitos del consejo y consultar con los principales interesados. Tras estas conversaciones, trazamos un mapa del mercado, creamos perfiles completos de los candidatos e identificamos a los profesionales que ofrecen una s\u00f3lida combinaci\u00f3n de experiencia y alineaci\u00f3n cultural.<\/p>\n<p>Nuestras evaluaciones se basan en an\u00e1lisis respaldados por datos, entrevistas estructuradas y valoraciones meditadas para comparar a los candidatos. La lista de preseleccionados que presentamos destaca algo m\u00e1s que la habilidad t\u00e9cnica; presenta directores que poseen un juicio s\u00f3lido, integridad y capacidad para guiar decisiones cr\u00edticas.<\/p>\n<p>Para conectar con las personas m\u00e1s adecuadas, combinamos m\u00e9todos de b\u00fasqueda tradicionales con un sofisticado conocimiento del panorama digital. Utilizamos plataformas profesionales en l\u00ednea y foros espec\u00edficos del sector para ampliar nuestro alcance, lo que nos permite conectar con l\u00edderes excepcionales que pueden no estar buscando activamente nuevos puestos.<\/p>\n<p>Tras identificar a los candidatos prometedores, ofrecemos orientaci\u00f3n sobre el dise\u00f1o de las entrevistas, proporcionamos an\u00e1lisis comparativos y apoyamos cada fase de la toma de decisiones. Este proceso deliberado permite a los \u00f3rganos de gobierno evaluar a las personas con confianza, seguros de que la b\u00fasqueda se ha gestionado con precisi\u00f3n.<\/p>\n<p>Nuestro enfoque nunca es est\u00e1tico; lo adaptamos a cada empresa. Esta flexibilidad es un reflejo de nuestra dilatada trayectoria apoyando la gobernanza no s\u00f3lo en Espa\u00f1a sino tambi\u00e9n a nivel internacional, con experiencia en mercados como M\u00e9xico, Francia, Alemania, Colombia y Portugal.<\/p>\n<h2>Nuestra experiencia como l\u00edderes en selecci\u00f3n de directivos en Sevilla<\/h2>\n<p>La fuerza de nuestro equipo proviene de una mezcla de conocimientos especializados y a\u00f1os de experiencia directa en la selecci\u00f3n de directivos. Muchos de nuestros consultores tienen un historial profesional en campos como las finanzas, el derecho y la ingenier\u00eda, lo que nos da la capacidad de asesorar con autoridad en un amplio espectro de industrias. Ofrecemos un an\u00e1lisis detallado y una orientaci\u00f3n fundamentada, asegur\u00e1ndonos de que cada decisi\u00f3n est\u00e9 respaldada por pruebas claras.<\/p>\n<p>Nuestro compromiso con el aprendizaje continuo significa que siempre estamos involucrados en la investigaci\u00f3n de la industria, participando en asociaciones profesionales e intercambiando puntos de vista con l\u00edderes de toda Espa\u00f1a. Esta participaci\u00f3n activa nos ayuda a perfeccionar nuestros m\u00e9todos y a seguir siendo relevantes en un mercado din\u00e1mico.<\/p>\n<h4>Algunas \u00e1reas en las que nos especializamos<\/h4>\n<p>En Sevilla, nuestro trabajo apoya a empresas de diversos sectores, como servicios financieros, sanidad, tecnolog\u00eda, turismo, agroalimentaci\u00f3n, energ\u00eda y desarrollo industrial. Tambi\u00e9n asesoramos a consejos asesores en los campos de la ingenier\u00eda y el comercio, gestionando cada nombramiento en armon\u00eda con los objetivos de la empresa y el entorno m\u00e1s amplio del mercado.<\/p>\n<h4>Ejemplos de funciones para las que contratamos<\/h4>\n<p>Llevamos a cabo b\u00fasquedas para una amplia gama de funciones de gobierno, incluidos presidentes de consejos de administraci\u00f3n, consejeros independientes y ejecutivos de C-suite en transici\u00f3n a puestos de consejero. Nuestro trabajo tambi\u00e9n incluye el nombramiento de consejeros delegados y la contrataci\u00f3n de miembros especializados con amplia experiencia en finanzas, derecho o innovaci\u00f3n. Adem\u00e1s, buscamos consejeros asesores, vicepresidentes y secretarios de empresa encargados de mantener los m\u00e1s altos est\u00e1ndares de gobernanza.<\/p>\n<blockquote><p><strong>Si su empresa est\u00e1 preparando la b\u00fasqueda de un consejero en Sevilla, estaremos encantados de mantener una conversaci\u00f3n con usted. Exploremos c\u00f3mo podemos presentarle profesionales que fortalecer\u00e1n su gobernanza y le ayudar\u00e1n a guiar decisiones estrat\u00e9gicas importantes.<\/strong><\/p><\/blockquote>\n<h2>Por qu\u00e9 Haldren utiliza un enfoque personalizado para el reclutamiento<\/h2>\n<p>A trav\u00e9s de a\u00f1os de pr\u00e1ctica, hemos aprendido que las empresas logran los mejores resultados cuando el proceso de reclutamiento refleja su historia, cultura y panorama operativo \u00fanicos. Una f\u00f3rmula estandarizada simplemente no puede acomodar estos matices. Esta es la raz\u00f3n por la que personalizamos cada contrataci\u00f3n, consultando con profundidad y analizando los requisitos con precisi\u00f3n.<\/p>\n<p>Nuestro equipo puede se\u00f1alar b\u00fasquedas en las que un candidato requer\u00eda no s\u00f3lo competencia t\u00e9cnica, sino tambi\u00e9n una profunda credibilidad dentro de la comunidad en general. En otras ocasiones, los cambios econ\u00f3micos abruptos exig\u00edan directores con la agilidad necesaria para adaptarse y el juicio firme para guiar a una empresa a trav\u00e9s de la incertidumbre. Estas situaciones del mundo real han dado forma a nuestra metodolog\u00eda y consolidado nuestra convicci\u00f3n de que la excelencia nace de la escucha atenta y el ajuste reflexivo.<\/p>\n<p>Al ofrecer un an\u00e1lisis claro, mantener la confidencialidad y adaptarnos con respeto a las circunstancias de cada empresa, producimos resultados que los enfoques m\u00e1s gen\u00e9ricos no pueden replicar. Nuestro historial de apoyo a directivos y \u00f3rganos de gobierno en toda Espa\u00f1a afirma que la personalizaci\u00f3n es fundamental para un nombramiento exitoso.<\/p>\n<h2>Por qu\u00e9 elegir Haldren para la b\u00fasqueda de directivos<\/h2>\n<p>Las empresas de Sevilla se asocian con Haldren por nuestro compromiso con las pr\u00e1cticas \u00e9ticas, nuestro enfoque discreto y nuestros m\u00e9todos consultivos. Tratamos las decisiones sensibles con respeto, protegemos la privacidad de cada intercambio y apoyamos a los equipos directivos con an\u00e1lisis meticulosos. Nuestra red se extiende por toda Espa\u00f1a y a escala internacional, proporcionando acceso a distinguidos profesionales que ofrecen tanto autoridad como credibilidad.<\/p>\n<p>Operamos sobre el principio de que una gobernanza eficaz fortalece la sociedad e impulsa el progreso econ\u00f3mico. Centr\u00e1ndonos en la calidad, la innovaci\u00f3n y la excelencia, ayudamos a nombrar consejeros preparados para dise\u00f1ar la estrategia con convicci\u00f3n.<\/p>\n<p>La reputaci\u00f3n de nuestra firma se basa en asociaciones duraderas, en las que los consejos dependen de nuestra coherencia y profesionalidad. Asesoramos en cada etapa, presentamos comparaciones de candidatos con claridad y ofrecemos el apoyo necesario para tomar decisiones de valor duradero.<\/p>\n<blockquote><p><strong>Si su empresa est\u00e1 considerando la b\u00fasqueda de un consejo de administraci\u00f3n en Sevilla, le invitamos a una discusi\u00f3n. Estaremos encantados de ofrecerle nuestro asesoramiento, presentar posibles candidatos y ayudar a su consejo a construir el futuro.<\/strong><\/p><\/blockquote>\n                            <\/div>\n        <\/div>\n    <\/div>\n<\/div>\n\n<div class=\"block-section accordion-main-section \">\n    <div class=\"container\">    \n                <div class=\"accordion-faqs\">\n            <h2 class=\"m-title\">Frequently Asked Questions (FAQs)<\/h2>\n                        <div class=\"item\">\n                <h3>\u00bfC\u00f3mo mantiene Haldren la confidencialidad de la b\u00fasqueda de consejeros?<\/h3>\n                <div class=\"faq-content\"><p>Cumplimos rigurosos protocolos de confidencialidad. Desde la primera conversaci\u00f3n hasta la cita final, cada proceso se gestiona con la m\u00e1xima discreci\u00f3n. Nos aseguramos de que la informaci\u00f3n sensible de la empresa permanezca protegida y solo se comparta con las partes esenciales implicadas en la decisi\u00f3n.<\/p>\n<\/div>\n            <\/div>\n                        <div class=\"item\">\n                <h3>\u00bfQu\u00e9 diferencia la b\u00fasqueda de directivos de la de otros ejecutivos?<\/h3>\n                <div class=\"faq-content\"><p>La b\u00fasqueda de un director de consejo va m\u00e1s all\u00e1 de la evaluaci\u00f3n de la capacidad t\u00e9cnica. Buscamos profesionales que posean experiencia demostrada en gobernanza, un historial de liderazgo eficaz y la credibilidad reconocida necesaria para influir en decisiones estrat\u00e9gicas importantes.<\/p>\n<\/div>\n            <\/div>\n                        <div class=\"item\">\n                <h3>\u00bfCu\u00e1nto dura una b\u00fasqueda normal?<\/h3>\n                <div class=\"faq-content\"><p>El calendario de una b\u00fasqueda var\u00eda en funci\u00f3n de la complejidad del puesto y de las especificidades del mercado. Por lo general, un proceso completo dura varios meses. Esta duraci\u00f3n nos permite disponer de tiempo suficiente para realizar consultas exhaustivas, comparar cuidadosamente a los candidatos y facilitar un resultado de alta calidad.<\/p>\n<\/div>\n            <\/div>\n                        <div class=\"item\">\n                <h3>\u00bfOfrecen apoyo despu\u00e9s de la cita?<\/h3>\n                <div class=\"faq-content\"><p>S\u00ed, nuestra colaboraci\u00f3n contin\u00faa tras el nombramiento. Ofrecemos asesoramiento para la incorporaci\u00f3n, asistimos en el desarrollo de la gobernanza y proporcionamos apoyo continuo para ayudar a los nuevos directores a integrarse y contribuir eficazmente al consejo.<\/p>\n<\/div>\n            <\/div>\n                    <\/div>\n            <\/div>\n<\/div><\/div><div class=\"sidebar-wrapper\">\n<div class=\"wpcf7 no-js\" id=\"wpcf7-f50-o1\" lang=\"\" dir=\"ltr\" data-wpcf7-id=\"50\">\n<div class=\"screen-reader-response\"><p role=\"status\" aria-live=\"polite\" aria-atomic=\"true\"><\/p> <ul><\/ul><\/div>\n<form action=\"\/seville\/wp-json\/wp\/v2\/pages\/164#wpcf7-f50-o1\" method=\"post\" class=\"wpcf7-form init\" aria-label=\"Contact form\" enctype=\"multipart\/form-data\" novalidate=\"novalidate\" data-status=\"init\">\n<fieldset class=\"hidden-fields-container\"><input type=\"hidden\" name=\"_wpcf7\" value=\"50\" \/><input type=\"hidden\" name=\"_wpcf7_version\" value=\"6.1.5\" \/><input type=\"hidden\" name=\"_wpcf7_locale\" value=\"\" \/><input type=\"hidden\" name=\"_wpcf7_unit_tag\" value=\"wpcf7-f50-o1\" \/><input type=\"hidden\" name=\"_wpcf7_container_post\" value=\"0\" \/><input type=\"hidden\" name=\"_wpcf7_posted_data_hash\" value=\"\" \/>\n<\/fieldset>\n<input class=\"wpcf7-form-control wpcf7-hidden\" id=\"utm_source\" value=\"\" type=\"hidden\" name=\"utm_source\" \/>\n<input class=\"wpcf7-form-control wpcf7-hidden\" id=\"utm_medium\" value=\"\" type=\"hidden\" name=\"utm_medium\" \/>\n<input class=\"wpcf7-form-control wpcf7-hidden\" id=\"sideform_user_country\" value=\"\" type=\"hidden\" name=\"userCountry\" \/>\n<div class=\"form-grid-layout\">\n\t<div class=\"form-title\">\n\t\t<h2 class=\"title\">Thrive with Top Talent<br \/>\n- No Upfronts Fees\n\t\t<\/h2>\n\t\t<p>Have it easier with video interview clips and a candidate shortlist within 2-3 weeks\n\t\t<\/p>\n\t<\/div>\n\t<div class=\"input-field\">\n\t\t<p><label for=\"\">Name<\/label><br \/>\n<span class=\"wpcf7-form-control-wrap\" data-name=\"full-Name\"><input size=\"40\" maxlength=\"400\" class=\"wpcf7-form-control wpcf7-text wpcf7-validates-as-required\" aria-required=\"true\" aria-invalid=\"false\" value=\"\" type=\"text\" name=\"full-Name\" \/><\/span>\n\t\t<\/p>\n\t<\/div>\n\t<div class=\"input-field\">\n\t\t<p><label for=\"\">Email Address<\/label><br \/>\n<span class=\"wpcf7-form-control-wrap\" data-name=\"email-address\"><input size=\"40\" maxlength=\"400\" class=\"wpcf7-form-control wpcf7-email wpcf7-validates-as-required wpcf7-text wpcf7-validates-as-email\" aria-required=\"true\" aria-invalid=\"false\" value=\"\" type=\"email\" name=\"email-address\" \/><\/span>\n\t\t<\/p>\n\t<\/div>\n\t<div class=\"input-field\">\n\t\t<p><label for=\"\">Company<\/label><br \/>\n<span class=\"wpcf7-form-control-wrap\" data-name=\"company\"><input size=\"40\" maxlength=\"400\" class=\"wpcf7-form-control wpcf7-text\" aria-invalid=\"false\" value=\"\" type=\"text\" name=\"company\" \/><\/span>\n\t\t<\/p>\n\t<\/div>\n\t<div class=\"radiobox-field\">\n\t\t<p><span class=\"wpcf7-form-control-wrap\" data-name=\"radio-721company-status\"><span class=\"wpcf7-form-control wpcf7-radio\"><span class=\"wpcf7-list-item first\"><label><input type=\"radio\" name=\"radio-721company-status\" value=\"{Employer}\" \/><span class=\"wpcf7-list-item-label\">Employer<\/span><\/label><\/span><span class=\"wpcf7-list-item last\"><label><input type=\"radio\" name=\"radio-721company-status\" value=\"{Candidate}\" \/><span class=\"wpcf7-list-item-label\">Candidate<\/span><\/label><\/span><\/span><\/span>\n\t\t<\/p>\n\t<\/div>\n\t<div class=\"input-field\">\n\t\t<p><span class=\"wpcf7-form-control-wrap\" data-name=\"file-upload\"><input size=\"40\" class=\"wpcf7-form-control wpcf7-file\" accept=\".pdf\" aria-invalid=\"false\" type=\"file\" name=\"file-upload\" \/><\/span>\n\t\t<\/p>\n\t<\/div>\n\t<div class=\"textarea-field\">\n\t\t<p><label for=\"\">How can we help you?<\/label><br \/>\n<span class=\"wpcf7-form-control-wrap\" data-name=\"message\"><textarea cols=\"40\" rows=\"10\" maxlength=\"2000\" class=\"wpcf7-form-control wpcf7-textarea\" aria-invalid=\"false\" name=\"message\"><\/textarea><\/span>\n\t\t<\/p>\n\t<\/div>\n\t<p><span id=\"wpcf7-69fa28383116c-wrapper\" class=\"wpcf7-form-control-wrap nickname-wrap\" ><input id=\"wpcf7-69fa28383116c-field\"  class=\"wpcf7-form-control wpcf7-text\" type=\"text\" name=\"nickname\" value=\"\" size=\"40\" tabindex=\"-1\" autocomplete=\"off\" \/><\/span>\n\t<\/p>\n\t<div class=\"form-term\">\n\t\t<p>Submission of this form means you have agreed to our <a href=\"\/privacy-policy\/\" title=\"\">Privacy Policy<\/a> and <a href=\"\/terms-of-service\/\" title=\"\">Terms Conditions<\/a>\n\t\t<\/p>\n\t<\/div>\n\t<div class=\"submit-btn\">\n\t\t<p><input class=\"wpcf7-form-control wpcf7-submit has-spinner btn-box\" type=\"submit\" value=\"Get in Touch\" \/>\n\t\t<\/p>\n\t<\/div>\n<\/div><div class=\"wpcf7-response-output\" aria-hidden=\"true\"><\/div>\n<\/form>\n<\/div>\n<\/div><\/div>\n\n\n<div class=\"block-section client-reviews-slider \" style=\"background-color: #119084\">  \n    <div class=\"container\">\n                <div class=\"splide client-slider\">\n            <div class=\"splide__track\">\n                <div class=\"splide__list\">\n                                        <div class=\"splide__slide\">\n                        <div class=\"content-box\">\n                            <div class=\"content\">\n                                <p>&#8220;Asociarnos con Haldren fue un punto de inflexi\u00f3n en la renovaci\u00f3n de nuestro consejo. Sus consultores gestionaron el proceso con total discreci\u00f3n e introdujeron directores que aportaron tanto perspectiva como excelencia.&#8221;<\/p>\n                            <\/div>\n                                                        <div class=\"name\">\n                                <strong>Javier R.<\/strong>, \n                                Presidente del Consejo                            <\/div>\n                                                    <\/div>\n                    <\/div>\n                                        <div class=\"splide__slide\">\n                        <div class=\"content-box\">\n                            <div class=\"content\">\n                                <p>&#8220;Haldren nos apoy\u00f3 en un proceso delicado con una experiencia serena. Su an\u00e1lisis y su enfoque consultivo nos dieron confianza en las decisiones que marcaron el rumbo de nuestra empresa.&#8221;<\/p>\n                            <\/div>\n                                                        <div class=\"name\">\n                                <strong>Marta S.<\/strong>, \n                                Teniente de Alcalde                            <\/div>\n                                                    <\/div>\n                    <\/div>\n                                        <div class=\"splide__slide\">\n                        <div class=\"content-box\">\n                            <div class=\"content\">\n                                <p>&#8220;Trabajamos con Haldren en el nombramiento de un consejo asesor. Sus consultores respetaron nuestra historia, comprendieron nuestro contexto y presentaron candidatos que se ganaron la confianza inmediata.&#8221;<\/p>\n                            <\/div>\n                                                        <div class=\"name\">\n                                <strong>Luis G.<\/strong>, \n                                Secretario de empresa                            <\/div>\n                                                    <\/div>\n                    <\/div>\n                                    <\/div>\n            <\/div>\n        <\/div>\n            <\/div>\n<\/div>","protected":false},"excerpt":{"rendered":"","protected":false},"author":10,"featured_media":0,"parent":160,"menu_order":0,"comment_status":"closed","ping_status":"closed","template":"","meta":{"_acf_changed":false,"footnotes":""},"class_list":["post-164","page","type-page","status-publish","hentry"],"acf":[],"lang":"es","translations":{"es":164},"jetpack_sharing_enabled":true,"pll_sync_post":[],"_links":{"self":[{"href":"https:\/\/www.haldren.com\/seville\/wp-json\/wp\/v2\/pages\/164","targetHints":{"allow":["GET"]}}],"collection":[{"href":"https:\/\/www.haldren.com\/seville\/wp-json\/wp\/v2\/pages"}],"about":[{"href":"https:\/\/www.haldren.com\/seville\/wp-json\/wp\/v2\/types\/page"}],"author":[{"embeddable":true,"href":"https:\/\/www.haldren.com\/seville\/wp-json\/wp\/v2\/users\/10"}],"replies":[{"embeddable":true,"href":"https:\/\/www.haldren.com\/seville\/wp-json\/wp\/v2\/comments?post=164"}],"version-history":[{"count":1,"href":"https:\/\/www.haldren.com\/seville\/wp-json\/wp\/v2\/pages\/164\/revisions"}],"predecessor-version":[{"id":182,"href":"https:\/\/www.haldren.com\/seville\/wp-json\/wp\/v2\/pages\/164\/revisions\/182"}],"up":[{"embeddable":true,"href":"https:\/\/www.haldren.com\/seville\/wp-json\/wp\/v2\/pages\/160"}],"wp:attachment":[{"href":"https:\/\/www.haldren.com\/seville\/wp-json\/wp\/v2\/media?parent=164"}],"curies":[{"name":"wp","href":"https:\/\/api.w.org\/{rel}","templated":true}]}}