{"id":166,"date":"2025-09-23T05:38:10","date_gmt":"2025-09-23T05:38:10","guid":{"rendered":"https:\/\/www.haldren.com\/seville\/?page_id=76"},"modified":"2025-10-28T06:21:15","modified_gmt":"2025-10-28T06:21:15","slug":"cazatalentos","status":"publish","type":"page","link":"https:\/\/www.haldren.com\/seville\/es\/adquisicion-de-talentos\/cazatalentos\/","title":{"rendered":"Cazatalentos"},"content":{"rendered":"\n  <link rel=\"preload\" as=\"image\" href=\"https:\/\/www.haldren.com\/seville\/wp-content\/uploads\/sites\/35\/2025\/09\/spain-city-e1764150426218.webp\" fetchpriority=\"high\">\n  <style>\n    .inner-banner-section {\n      background-image: url('https:\/\/www.haldren.com\/seville\/wp-content\/uploads\/sites\/35\/2025\/09\/spain-city-e1764150426218.webp');\n      background-size: cover;\n      background-position: center;\n      background-repeat: no-repeat;\n    }\n\n    @media (max-width: 768px) {\n      .inner-banner-section {\n        background-image: url('https:\/\/www.haldren.com\/seville\/wp-content\/uploads\/sites\/35\/2025\/09\/spain-city-e1764150426218.webp');\n      }\n    }\n  <\/style>\n\n<div class=\"block-section inner-banner-section lazyload bg-sty section-gaps top-border-line\">\n  <div class=\"container-fluid\">\n    <div class=\"content-wrap\">\n      <h1 class=\"title\">\n        Servicios de b\u00fasqueda de personal en Sevilla      <\/h1>\n      <span style=\"font-size: 18px;\">Conectamos a las empresas sevillanas con l\u00edderes especializados y expertos en contrataci\u00f3n de ejecutivos de confianza<\/span>\n    <\/div>\n  <\/div>\n<\/div>\n\n\n\n\n<div class=\"wp-block-custom-div-wrapper-block col-wrapper has-sidebar\"><div class=\"content-wrapper\" style=\"background-color:#002a26\">\n<div class=\"block-section section-gaps default-content-section \" \n     style=\"--text-color: #ffffff; --bg-color: #119084;\">\n    <div class=\"container\">\n        <div class=\"default-single-content-wrap\">\n            <div class=\"content-wrap\">\n                                    <h2>Premier Headhunting Firm En Sevilla<\/h2>\n<p>Ofrecemos servicios de headhunting en Sevilla, con un prestigio en la comunidad basado en una conducta profesional, confidencialidad absoluta y resultados tangibles. Nuestros consultores especializados aportan a\u00f1os de experiencia en una amplia gama de sectores, combinando un extenso conocimiento del mercado local con un amplio alcance internacional. Las empresas nos conf\u00edan sus b\u00fasquedas de liderazgo m\u00e1s delicadas, sabiendo que identificamos y evaluamos a los ejecutivos a trav\u00e9s de un meticuloso m\u00e9todo basado en la calidad y los principios \u00e9ticos.<\/p>\n<p>Nuestro enfoque es colaborativo, combinando el conocimiento espec\u00edfico de la industria con un proceso bien perfeccionado. Nos asociamos con organizaciones de toda Sevilla, desde el Barrio de Diego Mart\u00ednez hasta los centros comerciales de la ciudad, que necesitan l\u00edderes capaces de fomentar la expansi\u00f3n, inspirar nuevas ideas y proporcionar una orientaci\u00f3n constante. Gestionamos cada b\u00fasqueda con deliberaci\u00f3n, equilibrando la rapidez con la precisi\u00f3n para encontrar a los profesionales m\u00e1s adecuados.<\/p>\n<blockquote><p><strong>En toda Espa\u00f1a, se nos considera un socio fiable en la selecci\u00f3n de directivos, conocido por contribuir al \u00e9xito duradero de las organizaciones a las que servimos.<\/strong><\/p><\/blockquote>\n<h2>La mejor empresa de b\u00fasqueda de directivos en Sevilla<\/h2>\n<p>Nuestro trabajo se centra en la b\u00fasqueda de directivos, ya que creemos que un liderazgo adecuado influye directamente en la trayectoria de una empresa. Nuestro objetivo es encontrar talento ejecutivo capacitado para cultivar equipos, mejorar la gesti\u00f3n de los recursos humanos y marcar una diferencia significativa en sus respectivos campos. A trav\u00e9s de nuestros cazatalentos especializados, consultores centrados y un m\u00e9todo de b\u00fasqueda establecido, ayudamos a las empresas que buscan l\u00edderes capaces de abordar retos espec\u00edficos con convicci\u00f3n.<\/p>\n<p>Nuestros consultores trabajan para conectar los objetivos estrat\u00e9gicos de una organizaci\u00f3n con las personas que los alcanzar\u00e1n. El proceso de selecci\u00f3n est\u00e1 dise\u00f1ado para encontrar candidatos capaces de hacer avanzar las prioridades actuales y, al mismo tiempo, ayudar a desarrollar futuras iniciativas de crecimiento. Nos consideramos asesores, ofreciendo perspectiva y apoyo en cada momento del proceso de selecci\u00f3n.<\/p>\n<h4>Evaluaci\u00f3n<\/h4>\n<p>Cada b\u00fasqueda comienza con una revisi\u00f3n exhaustiva de los objetivos empresariales y las exigencias espec\u00edficas del puesto. A continuaci\u00f3n, elaboramos un perfil del candidato que capta la cultura de la empresa, las habilidades t\u00e9cnicas necesarias y los atributos de liderazgo esenciales. M\u00e1s all\u00e1 del curr\u00edculum vitae, evaluamos la dedicaci\u00f3n profesional de la persona, su rendimiento en la conversaci\u00f3n y sus principales motivaciones para encontrar una combinaci\u00f3n realmente compatible.<\/p>\n<h4>Adquisici\u00f3n de talento<\/h4>\n<p>Nuestro equipo se pone en contacto con ejecutivos a trav\u00e9s de nuestras conexiones en Espa\u00f1a y a nivel internacional, empleando una combinaci\u00f3n de b\u00fasqueda directa y modernas tecnolog\u00edas de reclutamiento. Este m\u00e9todo combinado nos da acceso a un mayor n\u00famero de talentos, incluidos profesionales de campos como la ingenier\u00eda, las finanzas y el marketing. Buscamos l\u00edderes dispuestos a realizar una contribuci\u00f3n tangible en puestos especializados de diferentes sectores.<\/p>\n<h4>Transformaci\u00f3n organizativa<\/h4>\n<p>Adem\u00e1s de cubrir vacantes inmediatas, ofrecemos consultor\u00eda de RR.HH. para la evaluaci\u00f3n del liderazgo, la estrategia de sucesi\u00f3n y los nombramientos de directivos interinos. Estas ofertas ayudan a las empresas a reforzar sus estructuras internas de gesti\u00f3n de personas y mandos intermedios, cultivando un entorno m\u00e1s innovador. Como colaboradores duraderos, ayudamos a las organizaciones a crear resiliencia y lograr un desarrollo constante a lo largo del tiempo.<\/p>\n<h2>Nuestro enfoque de los servicios de b\u00fasqueda de directivos<\/h2>\n<p>Nuestro m\u00e9todo de headhunting sigue un camino estructurado destinado a proporcionar claridad y seguridad a lo largo del compromiso. Comenzamos con una fase de descubrimiento, en la que nuestros consultores escuchan atentamente para comprender los retos espec\u00edficos, la din\u00e1mica del mercado y el entorno organizativo. A continuaci\u00f3n, trazamos un mapa de los sectores pertinentes, aclaramos el lugar que ocupa el puesto dentro de la estructura de la empresa y elaboramos un proyecto preciso del candidato.<\/p>\n<p>La b\u00fasqueda en s\u00ed combina las pr\u00e1cticas de creaci\u00f3n de redes establecidas con las herramientas de contrataci\u00f3n contempor\u00e1neas. Nos ponemos en contacto con los profesionales a trav\u00e9s de la comunicaci\u00f3n directa, anuncios espec\u00edficos, foros sectoriales y plataformas digitales. Cada candidato potencial se somete a una evaluaci\u00f3n exhaustiva que incluye conversaciones estructuradas, evaluaciones de aptitudes y comprobaciones de referencias para confirmar tanto su competencia t\u00e9cnica como su buen encaje cultural.<\/p>\n<p>Presentamos una lista de preseleccionados con total transparencia, lo que permite a nuestros socios comparar ejecutivos que han sido cuidadosamente examinados por su calibre, conocimientos y potencial futuro. Una vez tomada la decisi\u00f3n, permanecemos implicados durante el periodo de incorporaci\u00f3n para ofrecer orientaci\u00f3n y facilitar una integraci\u00f3n perfecta en el nuevo puesto.<\/p>\n<p>Una piedra angular de nuestra pr\u00e1ctica es un profundo compromiso con la conducta \u00e9tica y los est\u00e1ndares superiores. Salvaguardamos toda la informaci\u00f3n, respetamos las prioridades de nuestros clientes y mantenemos un nivel inquebrantable de profesionalidad. Nuestro detallado proceso de headhunting est\u00e1 dise\u00f1ado para ofrecer ejecutivos que hagan algo m\u00e1s que ocupar un puesto; contribuyen al avance general de la organizaci\u00f3n, mejoran el rendimiento y la eficacia.<\/p>\n<h2>Nuestra experiencia como l\u00edderes en selecci\u00f3n de directivos en Sevilla<\/h2>\n<p>Nuestros consultores poseen un amplio conocimiento de los diversos sectores industriales de Espa\u00f1a, un conocimiento que se perfecciona continuamente a trav\u00e9s de la formaci\u00f3n continua y la participaci\u00f3n en di\u00e1logos de b\u00fasqueda de alto nivel. Cada miembro del equipo aplica esta experiencia con esmero, garantizando que cada proceso de selecci\u00f3n se gestione con meticulosa atenci\u00f3n al detalle.<\/p>\n<p>Reconocemos que las organizaciones necesitan algo m\u00e1s que candidatos; necesitan profesionales que puedan dar forma positiva a departamentos como personal, marketing, ingenier\u00eda y finanzas. Aprovechando nuestra profunda experiencia y una s\u00f3lida red nacional, presentamos ejecutivos que est\u00e1n equipados para tener un impacto inmediato.<\/p>\n<h4>Algunas \u00e1reas en las que nos especializamos<\/h4>\n<p>Realizamos b\u00fasquedas en un amplio abanico de sectores en Sevilla, desde tecnolog\u00eda y finanzas hasta ingenier\u00eda, sanidad y marketing, asegurando la cobertura de varios sectores con un claro enfoque industrial. Nuestro trabajo tambi\u00e9n se extiende a los sectores industrial, log\u00edstico, energ\u00e9tico, agroalimentario y tur\u00edstico. Este conocimiento espec\u00edfico del sector nos permite encontrar candidatos que puedan abordar retos empresariales concretos, mientras que nuestra experiencia en toda Espa\u00f1a aporta una perspectiva valiosa y m\u00e1s amplia.<\/p>\n<p>Nuestros socios abarcan desde empresas en r\u00e1pida expansi\u00f3n hasta instituciones de larga trayectoria en todo el pa\u00eds, y les ayudamos a encontrar ejecutivos que puedan elevar el rendimiento, impulsar la innovaci\u00f3n y guiar a sus equipos con integridad.<\/p>\n<h4>Ejemplos de puestos para los que reclutamos<\/h4>\n<p>Nuestras b\u00fasquedas se centran a menudo en puestos de la C-suite, como Director de Recursos Humanos, Director de Marketing y Director Financiero. Tambi\u00e9n gestionamos el reclutamiento para puestos de liderazgo especializados, como Director de RR.HH., Jefe de Adquisici\u00f3n de Talento, L\u00edder de Marca del Empleador y L\u00edder de An\u00e1lisis de Personas, as\u00ed como nombramientos senior en operaciones, finanzas e ingenier\u00eda.<\/p>\n<blockquote><p><strong>Le invitamos a mantener una conversaci\u00f3n para explorar c\u00f3mo nuestros cazatalentos pueden ayudar a una organizaci\u00f3n a asegurar un talento excepcional para sus puestos de liderazgo.<\/strong><\/p><\/blockquote>\n<h2>Por qu\u00e9 Haldren utiliza un enfoque personalizado para el reclutamiento<\/h2>\n<p>Los m\u00e9todos est\u00e1ndar de reclutamiento pueden pasar por alto las cualidades intangibles que son la marca de un verdadero l\u00edder. A lo largo de a\u00f1os de consultor\u00eda, hemos observado situaciones en las que las organizaciones contrataban a ejecutivos con credenciales t\u00e9cnicas perfectas que luchaban por inspirar a los equipos o lograr resultados constantes. Esta experiencia personal ciment\u00f3 nuestra convicci\u00f3n en una filosof\u00eda de contrataci\u00f3n a medida.<\/p>\n<p>Dise\u00f1amos cada b\u00fasqueda en torno a la cultura espec\u00edfica, la posici\u00f3n en el mercado y la direcci\u00f3n estrat\u00e9gica de un socio. Una empresa financiera de Sevilla, por ejemplo, podr\u00eda necesitar un l\u00edder que posea no s\u00f3lo conocimientos del sector, sino tambi\u00e9n la capacidad de impulsar sus programas de desarrollo de personas. Al estructurar el proceso de selecci\u00f3n en torno a estas distintas necesidades, podemos evaluar a los ejecutivos con imparcialidad y profundidad.<\/p>\n<p>Nuestros consultores ofrecen una comunicaci\u00f3n y un asesoramiento claros a lo largo de todo el proceso, garantizando que la b\u00fasqueda se alinea con los objetivos de la organizaci\u00f3n. Este m\u00e9todo a medida nos permite encontrar profesionales que realmente enriquecen a una empresa, en lugar de limitarse a cubrir una vacante.<\/p>\n<h2>Por qu\u00e9 elegir Haldren para servicios de Headhunting<\/h2>\n<p>Las empresas eligen asociarse con nosotros por nuestra profesionalidad demostrada, discreci\u00f3n y un historial consistente de colocaciones exitosas. Tratamos cada conversaci\u00f3n con total confidencialidad y gestionamos el proceso de headhunting con integridad, lo que garantiza que nuestros socios s\u00f3lo conozcan a los candidatos m\u00e1s adecuados.<\/p>\n<p>Nuestros consultores aplican su considerable experiencia dentro de Espa\u00f1a, aumentada por una s\u00f3lida red internacional que nos permite conectar con ejecutivos que pueden no ser accesibles a trav\u00e9s de los canales convencionales. Nuestro enfoque colaborativo significa que proporcionamos apoyo continuo desde la evaluaci\u00f3n inicial hasta la integraci\u00f3n del nuevo l\u00edder.<\/p>\n<p>Nos hemos ganado una reputaci\u00f3n de calidad, m\u00e9todos innovadores y principios de contrataci\u00f3n. Esta reputaci\u00f3n se debe a nuestro enfoque en el fortalecimiento de las organizaciones con las que colaboramos, no s\u00f3lo en la realizaci\u00f3n de colocaciones, lo que refleja nuestro compromiso con la excelencia reconocido en toda Espa\u00f1a y m\u00e1s all\u00e1 de sus fronteras. Nuestra dedicaci\u00f3n a la profesionalidad y a los altos est\u00e1ndares se traduce en servicios que mejoran tanto el rendimiento inmediato como el crecimiento futuro.<\/p>\n<blockquote><p><strong>Para las organizaciones preparadas para atraer talento excepcional y reforzar sus equipos de liderazgo en Sevilla, animamos a que hablen sobre nuestros servicios de headhunting, de confianza en oficinas de Espa\u00f1a y de todo el mundo.<\/strong><\/p><\/blockquote>\n                            <\/div>\n        <\/div>\n    <\/div>\n<\/div>\n\n<div class=\"block-section accordion-main-section \">\n    <div class=\"container\">    \n                <div class=\"accordion-faqs\">\n            <h2 class=\"m-title\">Frequently Asked Questions (FAQs)<\/h2>\n                        <div class=\"item\">\n                <h3>\u00bfC\u00f3mo estructura Haldren el proceso de b\u00fasqueda de talentos?<\/h3>\n                <div class=\"faq-content\"><p>Nuestro proceso sigue una secuencia distinta, que comienza con el descubrimiento y pasa por el mapeo del sector, la b\u00fasqueda de candidatos, las conversaciones estructuradas, la presentaci\u00f3n de preselecciones y, por \u00faltimo, el apoyo a la incorporaci\u00f3n. Cada fase est\u00e1 dise\u00f1ada para garantizar la confidencialidad y producir resultados de alta calidad.<\/p>\n<\/div>\n            <\/div>\n                        <div class=\"item\">\n                <h3>\u00bfQu\u00e9 papel desempe\u00f1an los clientes en el proceso de selecci\u00f3n?<\/h3>\n                <div class=\"faq-content\"><p>Nuestros socios son parte integrante de la selecci\u00f3n, desde la revisi\u00f3n detallada de los perfiles de los candidatos hasta la participaci\u00f3n en las entrevistas formales. A lo largo de este proceso, nuestros consultores ofrecen asesoramiento para mantener una estrecha alineaci\u00f3n con los objetivos fundamentales de la empresa.<\/p>\n<\/div>\n            <\/div>\n                        <div class=\"item\">\n                <h3>\u00bfC\u00f3mo se asegura Haldren de atraer a los mejores talentos?<\/h3>\n                <div class=\"faq-content\"><p>Utilizamos una combinaci\u00f3n de contactos directos, modernas herramientas digitales y nuestras amplias redes profesionales en toda Espa\u00f1a. Esto nos permite contactar con un amplio espectro de profesionales, incluidos aquellos que no est\u00e1n buscando activamente nuevos puestos, conectando a nuestros socios con l\u00edderes que ofrecen una habilidad y dedicaci\u00f3n excepcionales.<\/p>\n<\/div>\n            <\/div>\n                        <div class=\"item\">\n                <h3>\u00bfQu\u00e9 ocurre despu\u00e9s de colocar a un ejecutivo?<\/h3>\n                <div class=\"faq-content\"><p>Nuestra implicaci\u00f3n contin\u00faa despu\u00e9s de la contrataci\u00f3n. Ofrecemos apoyo y orientaci\u00f3n durante el periodo de incorporaci\u00f3n para facilitar una transici\u00f3n fluida tanto para la organizaci\u00f3n como para el nuevo ejecutivo, ayudando a garantizar que la persona contratada contribuya positivamente al rendimiento de la empresa.<\/p>\n<\/div>\n            <\/div>\n                    <\/div>\n            <\/div>\n<\/div><\/div><div class=\"sidebar-wrapper\">\n<div class=\"wpcf7 no-js\" id=\"wpcf7-f50-o1\" lang=\"\" dir=\"ltr\" data-wpcf7-id=\"50\">\n<div class=\"screen-reader-response\"><p role=\"status\" aria-live=\"polite\" aria-atomic=\"true\"><\/p> <ul><\/ul><\/div>\n<form action=\"\/seville\/wp-json\/wp\/v2\/pages\/166#wpcf7-f50-o1\" method=\"post\" class=\"wpcf7-form init\" aria-label=\"Contact form\" enctype=\"multipart\/form-data\" novalidate=\"novalidate\" data-status=\"init\">\n<fieldset class=\"hidden-fields-container\"><input type=\"hidden\" name=\"_wpcf7\" value=\"50\" \/><input type=\"hidden\" name=\"_wpcf7_version\" value=\"6.1.5\" \/><input type=\"hidden\" name=\"_wpcf7_locale\" value=\"\" \/><input type=\"hidden\" name=\"_wpcf7_unit_tag\" value=\"wpcf7-f50-o1\" \/><input type=\"hidden\" name=\"_wpcf7_container_post\" value=\"0\" \/><input type=\"hidden\" name=\"_wpcf7_posted_data_hash\" value=\"\" \/>\n<\/fieldset>\n<input class=\"wpcf7-form-control wpcf7-hidden\" id=\"utm_source\" value=\"\" type=\"hidden\" name=\"utm_source\" \/>\n<input class=\"wpcf7-form-control wpcf7-hidden\" id=\"utm_medium\" value=\"\" type=\"hidden\" name=\"utm_medium\" \/>\n<input class=\"wpcf7-form-control wpcf7-hidden\" id=\"sideform_user_country\" value=\"\" type=\"hidden\" name=\"userCountry\" \/>\n<div class=\"form-grid-layout\">\n\t<div class=\"form-title\">\n\t\t<h2 class=\"title\">Thrive with Top Talent<br \/>\n- No Upfronts Fees\n\t\t<\/h2>\n\t\t<p>Have it easier with video interview clips and a candidate shortlist within 2-3 weeks\n\t\t<\/p>\n\t<\/div>\n\t<div class=\"input-field\">\n\t\t<p><label for=\"\">Name<\/label><br \/>\n<span class=\"wpcf7-form-control-wrap\" data-name=\"full-Name\"><input size=\"40\" maxlength=\"400\" class=\"wpcf7-form-control wpcf7-text wpcf7-validates-as-required\" aria-required=\"true\" aria-invalid=\"false\" value=\"\" type=\"text\" name=\"full-Name\" \/><\/span>\n\t\t<\/p>\n\t<\/div>\n\t<div class=\"input-field\">\n\t\t<p><label for=\"\">Email Address<\/label><br \/>\n<span class=\"wpcf7-form-control-wrap\" data-name=\"email-address\"><input size=\"40\" maxlength=\"400\" class=\"wpcf7-form-control wpcf7-email wpcf7-validates-as-required wpcf7-text wpcf7-validates-as-email\" aria-required=\"true\" aria-invalid=\"false\" value=\"\" type=\"email\" name=\"email-address\" \/><\/span>\n\t\t<\/p>\n\t<\/div>\n\t<div class=\"input-field\">\n\t\t<p><label for=\"\">Company<\/label><br \/>\n<span class=\"wpcf7-form-control-wrap\" data-name=\"company\"><input size=\"40\" maxlength=\"400\" class=\"wpcf7-form-control wpcf7-text\" aria-invalid=\"false\" value=\"\" type=\"text\" name=\"company\" \/><\/span>\n\t\t<\/p>\n\t<\/div>\n\t<div class=\"radiobox-field\">\n\t\t<p><span class=\"wpcf7-form-control-wrap\" data-name=\"radio-721company-status\"><span class=\"wpcf7-form-control wpcf7-radio\"><span class=\"wpcf7-list-item first\"><label><input type=\"radio\" name=\"radio-721company-status\" value=\"{Employer}\" \/><span class=\"wpcf7-list-item-label\">Employer<\/span><\/label><\/span><span class=\"wpcf7-list-item last\"><label><input type=\"radio\" name=\"radio-721company-status\" value=\"{Candidate}\" \/><span class=\"wpcf7-list-item-label\">Candidate<\/span><\/label><\/span><\/span><\/span>\n\t\t<\/p>\n\t<\/div>\n\t<div class=\"input-field\">\n\t\t<p><span class=\"wpcf7-form-control-wrap\" data-name=\"file-upload\"><input size=\"40\" class=\"wpcf7-form-control wpcf7-file\" accept=\".pdf\" aria-invalid=\"false\" type=\"file\" name=\"file-upload\" \/><\/span>\n\t\t<\/p>\n\t<\/div>\n\t<div class=\"textarea-field\">\n\t\t<p><label for=\"\">How can we help you?<\/label><br \/>\n<span class=\"wpcf7-form-control-wrap\" data-name=\"message\"><textarea cols=\"40\" rows=\"10\" maxlength=\"2000\" class=\"wpcf7-form-control wpcf7-textarea\" aria-invalid=\"false\" name=\"message\"><\/textarea><\/span>\n\t\t<\/p>\n\t<\/div>\n\t<p><span id=\"wpcf7-69fa283de7079-wrapper\" class=\"wpcf7-form-control-wrap nickname-wrap\" ><input id=\"wpcf7-69fa283de7079-field\"  class=\"wpcf7-form-control wpcf7-text\" type=\"text\" name=\"nickname\" value=\"\" size=\"40\" tabindex=\"-1\" autocomplete=\"off\" \/><\/span>\n\t<\/p>\n\t<div class=\"form-term\">\n\t\t<p>Submission of this form means you have agreed to our <a href=\"\/privacy-policy\/\" title=\"\">Privacy Policy<\/a> and <a href=\"\/terms-of-service\/\" title=\"\">Terms Conditions<\/a>\n\t\t<\/p>\n\t<\/div>\n\t<div class=\"submit-btn\">\n\t\t<p><input class=\"wpcf7-form-control wpcf7-submit has-spinner btn-box\" type=\"submit\" value=\"Get in Touch\" \/>\n\t\t<\/p>\n\t<\/div>\n<\/div><div class=\"wpcf7-response-output\" aria-hidden=\"true\"><\/div>\n<\/form>\n<\/div>\n<\/div><\/div>\n\n\n<div class=\"block-section client-reviews-slider \" style=\"background-color: #119084\">  \n    <div class=\"container\">\n                <div class=\"splide client-slider\">\n            <div class=\"splide__track\">\n                <div class=\"splide__list\">\n                                        <div class=\"splide__slide\">\n                        <div class=\"content-box\">\n                            <div class=\"content\">\n                                <p>&#8220;Trabajar con Haldren fue una experiencia profesional de principio a fin. Sus consultores escucharon atentamente, respetaron la confidencialidad y presentaron a ejecutivos que encajaron perfectamente en nuestra organizaci\u00f3n.&#8221;<\/p>\n                            <\/div>\n                                                        <div class=\"name\">\n                                <strong>Javier M.<\/strong>, \n                                Director General                            <\/div>\n                                                    <\/div>\n                    <\/div>\n                                        <div class=\"splide__slide\">\n                        <div class=\"content-box\">\n                            <div class=\"content\">\n                                <p>&#8220;Los cazatalentos de Haldren demostraron una amplia experiencia y un profundo conocimiento de nuestro sector. Gestionaron el proceso con eficacia y presentaron candidatos que aportaron un valor inmediato a nuestro equipo.&#8221;<\/p>\n                            <\/div>\n                                                        <div class=\"name\">\n                                <strong>Carmen R.<\/strong>, \n                                Director de RRHH                            <\/div>\n                                                    <\/div>\n                    <\/div>\n                                        <div class=\"splide__slide\">\n                        <div class=\"content-box\">\n                            <div class=\"content\">\n                                <p>&#8220;Valoramos el asesoramiento y el apoyo que Haldren nos proporcion\u00f3 durante cada etapa del proceso de headhunting. Su profesionalidad nos dio la seguridad de que nuestra empresa estaba tomando las decisiones correctas.&#8221;<\/p>\n                            <\/div>\n                                                        <div class=\"name\">\n                                <strong>Luis T.<\/strong>, \n                                Director Financiero                            <\/div>\n                                                    <\/div>\n                    <\/div>\n                                    <\/div>\n            <\/div>\n        <\/div>\n            <\/div>\n<\/div>","protected":false},"excerpt":{"rendered":"","protected":false},"author":10,"featured_media":0,"parent":160,"menu_order":0,"comment_status":"closed","ping_status":"closed","template":"","meta":{"_acf_changed":false,"footnotes":""},"class_list":["post-166","page","type-page","status-publish","hentry"],"acf":[],"lang":"es","translations":{"es":166},"jetpack_sharing_enabled":true,"pll_sync_post":[],"_links":{"self":[{"href":"https:\/\/www.haldren.com\/seville\/wp-json\/wp\/v2\/pages\/166","targetHints":{"allow":["GET"]}}],"collection":[{"href":"https:\/\/www.haldren.com\/seville\/wp-json\/wp\/v2\/pages"}],"about":[{"href":"https:\/\/www.haldren.com\/seville\/wp-json\/wp\/v2\/types\/page"}],"author":[{"embeddable":true,"href":"https:\/\/www.haldren.com\/seville\/wp-json\/wp\/v2\/users\/10"}],"replies":[{"embeddable":true,"href":"https:\/\/www.haldren.com\/seville\/wp-json\/wp\/v2\/comments?post=166"}],"version-history":[{"count":1,"href":"https:\/\/www.haldren.com\/seville\/wp-json\/wp\/v2\/pages\/166\/revisions"}],"predecessor-version":[{"id":183,"href":"https:\/\/www.haldren.com\/seville\/wp-json\/wp\/v2\/pages\/166\/revisions\/183"}],"up":[{"embeddable":true,"href":"https:\/\/www.haldren.com\/seville\/wp-json\/wp\/v2\/pages\/160"}],"wp:attachment":[{"href":"https:\/\/www.haldren.com\/seville\/wp-json\/wp\/v2\/media?parent=166"}],"curies":[{"name":"wp","href":"https:\/\/api.w.org\/{rel}","templated":true}]}}