{"id":168,"date":"2025-09-23T05:48:03","date_gmt":"2025-09-23T05:48:03","guid":{"rendered":"https:\/\/www.haldren.com\/seville\/?page_id=83"},"modified":"2025-10-28T06:22:42","modified_gmt":"2025-10-28T06:22:42","slug":"externalizacion-de-procesos-de-contratacion","status":"publish","type":"page","link":"https:\/\/www.haldren.com\/seville\/es\/adquisicion-de-talentos\/externalizacion-de-procesos-de-contratacion\/","title":{"rendered":"Externalizaci\u00f3n de procesos de contrataci\u00f3n"},"content":{"rendered":"\n  <link rel=\"preload\" as=\"image\" href=\"https:\/\/www.haldren.com\/seville\/wp-content\/uploads\/sites\/35\/2025\/09\/spain-city-e1764150426218.webp\" fetchpriority=\"high\">\n  <style>\n    .inner-banner-section {\n      background-image: url('https:\/\/www.haldren.com\/seville\/wp-content\/uploads\/sites\/35\/2025\/09\/spain-city-e1764150426218.webp');\n      background-size: cover;\n      background-position: center;\n      background-repeat: no-repeat;\n    }\n\n    @media (max-width: 768px) {\n      .inner-banner-section {\n        background-image: url('https:\/\/www.haldren.com\/seville\/wp-content\/uploads\/sites\/35\/2025\/09\/spain-city-e1764150426218.webp');\n      }\n    }\n  <\/style>\n\n<div class=\"block-section inner-banner-section lazyload bg-sty section-gaps top-border-line\">\n  <div class=\"container-fluid\">\n    <div class=\"content-wrap\">\n      <h1 class=\"title\">\n        Servicios de externalizaci\u00f3n de procesos de contrataci\u00f3n en Sevilla      <\/h1>\n      <span style=\"font-size: 18px;\">Conseguir mejores resultados para las empresas agilizando la contrataci\u00f3n con expertos especializados<\/span>\n    <\/div>\n  <\/div>\n<\/div>\n\n\n\n\n<div class=\"wp-block-custom-div-wrapper-block col-wrapper has-sidebar\"><div class=\"content-wrapper\" style=\"background-color:#002a26\">\n<div class=\"block-section section-gaps default-content-section \" \n     style=\"--text-color: #ffffff; --bg-color: #119084;\">\n    <div class=\"container\">\n        <div class=\"default-single-content-wrap\">\n            <div class=\"content-wrap\">\n                                    <h2>Empresa l\u00edder en externalizaci\u00f3n de procesos de selecci\u00f3n en Sevilla<\/h2>\n<p>En Sevilla, gestionamos todo el proceso de selecci\u00f3n para empresas que requieren precisi\u00f3n absoluta, confidencialidad inquebrantable y resultados fiables. Nuestros consultores cuentan con a\u00f1os de experiencia especializada en b\u00fasqueda de directivos y soluciones de RPO, combinando un profundo conocimiento de la din\u00e1mica del mercado espa\u00f1ol con una perspectiva internacional.<\/p>\n<p>Establecemos alianzas con organizaciones que buscan algo m\u00e1s que una simple transacci\u00f3n. Un equipo especializado de nuestros especialistas en selecci\u00f3n de personal supervisa cada contrataci\u00f3n, gestionando todo el ciclo de vida con discreci\u00f3n y una clara responsabilidad. Desde la estrategia inicial hasta la incorporaci\u00f3n final, nuestros servicios se centran en conseguir talentos excepcionales, protegiendo al mismo tiempo los objetivos empresariales fundamentales.<\/p>\n<p>Conducta \u00e9tica, conocimientos profundos y discreci\u00f3n son los principios que rigen nuestro trabajo. Los socios conf\u00edan en nuestros m\u00e9todos porque ofrecemos un marco de contrataci\u00f3n racionalizado sin comprometer nunca la calidad o la armon\u00eda cultural de los candidatos.<br \/>\n Haldren<\/p>\n<blockquote><p><strong>es un socio de confianza para la externalizaci\u00f3n de procesos de selecci\u00f3n en Sevilla, que elabora soluciones a medida que satisfacen sistem\u00e1ticamente las necesidades de adquisici\u00f3n de talento de alto nivel.<\/strong><\/p><\/blockquote>\n<h2>La mejor empresa de b\u00fasqueda de ejecutivos en Sevilla<\/h2>\n<p>Nuestro trabajo en externalizaci\u00f3n de procesos de selecci\u00f3n proporciona a las organizaciones de Sevilla un apoyo estructurado y acceso a conocimientos especializados. Alineamos cuidadosamente las estrategias de adquisici\u00f3n de talento con los objetivos m\u00e1s amplios de la empresa, asegur\u00e1ndonos de que cada nueva contrataci\u00f3n mejore tanto el rendimiento como la cultura. Con un enfoque orientado al futuro para encontrar talento, ayudamos a las empresas a cultivar el \u00e9xito, gestionar los costes e inspirar la innovaci\u00f3n.<\/p>\n<p>Creemos en ir m\u00e1s all\u00e1 de simplemente cubrir puestos vacantes. Como proveedor de RPO a largo plazo, ofrecemos modelos escalables que proporcionan a los responsables de contrataci\u00f3n una sensaci\u00f3n de confianza y control. Al ofrecer un apoyo integrado que encaja con los equipos internos, garantizamos mejores resultados a lo largo de todo el ciclo de vida del talento.<\/p>\n<h4>Evaluaci\u00f3n<\/h4>\n<p>Cada compromiso de RPO comienza con un an\u00e1lisis minucioso de los requisitos de contrataci\u00f3n y las prioridades empresariales de una organizaci\u00f3n. A continuaci\u00f3n, elaboramos perfiles detallados de los candidatos que van m\u00e1s all\u00e1 de las capacidades t\u00e9cnicas, incorporando habilidades interpersonales, motivaciones personales y alineaci\u00f3n cultural para encontrar profesionales de alta calidad.<\/p>\n<h4>Adquisici\u00f3n de talento<\/h4>\n<p>Nuestros reclutadores aprovechan amplias redes y sofisticadas tecnolog\u00edas de reclutamiento para conectar con candidatos activos y pasivos. Al equilibrar m\u00e9todos probados con la difusi\u00f3n digital espec\u00edfica, identificamos talentos de primer nivel para necesidades de gran volumen y en nichos de mercado, reforzando al mismo tiempo la marca de empleador de un socio.<\/p>\n<h4>Transformaci\u00f3n organizativa<\/h4>\n<p>Los servicios de RPO contribuyen a un valor organizativo duradero. Ofrecemos evaluaci\u00f3n del liderazgo, planificaci\u00f3n de la sucesi\u00f3n y estrategias de talento dise\u00f1adas para crear resiliencia. Como aliado fiable, ayudamos a nuestros socios a fomentar un crecimiento sostenible que mantenga su negocio en movimiento.<\/p>\n<h2>Nuestro enfoque de los servicios de externalizaci\u00f3n de procesos de contrataci\u00f3n<\/h2>\n<p>Abordamos la externalizaci\u00f3n de procesos de selecci\u00f3n con estructura, precisi\u00f3n y un profundo conocimiento de lo que las empresas de Sevilla esperan de sus funciones de contrataci\u00f3n. Cada proyecto comienza con una fase de descubrimiento en la que escuchamos a los responsables de contrataci\u00f3n, aclaramos las necesidades de talento y alineamos el alcance del compromiso con los objetivos operativos.<\/p>\n<p>Nuestro proceso se desarrolla met\u00f3dicamente. En primer lugar, trazamos un mapa del mercado para comprender el panorama de profesionales disponibles y la demanda actual. A continuaci\u00f3n, establecemos tarjetas de puntuaci\u00f3n de funciones y estrategias de contrataci\u00f3n espec\u00edficas. A continuaci\u00f3n, nuestros reclutadores utilizan contactos directos, asociaciones profesionales y campa\u00f1as digitales espec\u00edficas para atraer a las personas adecuadas.<\/p>\n<p>La evaluaci\u00f3n de los candidatos es exhaustiva. Utilizamos entrevistas estructuradas, evaluaciones psicom\u00e9tricas y comprobaciones exhaustivas de referencias para evaluar tanto los conocimientos t\u00e9cnicos como las habilidades interpersonales. Nos aseguramos de que los candidatos encajan perfectamente en la cultura de la empresa, manteniendo al mismo tiempo una experiencia positiva y respetuosa. Las listas de preseleccionados se presentan con informes claros y detallados para que las decisiones puedan tomarse con confianza.<\/p>\n<p>Nuestro equipo permanece involucrado a lo largo de las etapas de entrevista, selecci\u00f3n e incorporaci\u00f3n para garantizar una transici\u00f3n fluida. Con modelos de RPO adaptables, podemos ofrecer ahorros de costes significativos al tiempo que mantenemos los m\u00e1s altos est\u00e1ndares de calidad del talento.<\/p>\n<p>Lo que nos diferencia es nuestra mentalidad proactiva. Anticipamos las futuras necesidades de contrataci\u00f3n, reforzamos la marca del empleador y dise\u00f1amos soluciones de contrataci\u00f3n que crean valor a largo plazo. Mientras que la externalizaci\u00f3n est\u00e1ndar cubre vacantes, nuestros servicios de RPO ofrecen estrategia, cumplimiento y logros medibles.<\/p>\n<h2>Nuestra experiencia como l\u00edderes en selecci\u00f3n de ejecutivos en Sevilla<\/h2>\n<p>Nuestros consultores poseen un profundo conocimiento de la industria en numerosos sectores, lo que nos permite resolver intrincados retos de contrataci\u00f3n. Todos los miembros de nuestro equipo cuentan con formaci\u00f3n especializada en servicios de RPO y pr\u00e1cticas de contrataci\u00f3n global, junto con una amplia experiencia en el apoyo a empresas espa\u00f1olas. Aplicando los conocimientos adquiridos en proyectos anteriores y participando en las conversaciones del sector, nos mantenemos adaptables y centrados en las necesidades de nuestros socios.<\/p>\n<p>Nuestro principal objetivo es alinear los objetivos empresariales con soluciones de contrataci\u00f3n que puedan operar m\u00e1s all\u00e1 de las fronteras y responder a las cambiantes condiciones del mercado. Al combinar la competencia t\u00e9cnica con la sabidur\u00eda pr\u00e1ctica, proporcionamos a nuestros socios una estrategia y una ejecuci\u00f3n de alto nivel.<\/p>\n<h4>Algunas \u00e1reas en las que nos especializamos<\/h4>\n<p>Trabajamos en toda la diversa econom\u00eda de Sevilla. Nuestra experiencia abarca los sectores de la tecnolog\u00eda, los servicios financieros, la sanidad, los bienes de consumo, la log\u00edstica, el turismo, la agroalimentaci\u00f3n, la energ\u00eda y la industria. Cada \u00e1rea presenta necesidades distintas de adquisici\u00f3n de talento, y adaptamos nuestros servicios de RPO en consecuencia para ofrecer estrategias que apoyen el \u00e9xito tangible.<\/p>\n<h4>Ejemplos de funciones para las que contratamos<\/h4>\n<p>Dentro de nuestros proyectos de RPO, nos ocupamos de una amplia gama de puestos directivos y especializados. Entre ellos se incluyen ejecutivos de alto nivel, jefes de adquisici\u00f3n de talento, directores de contrataci\u00f3n, jefes de marca del empleador, directores de RR.HH. y l\u00edderes de aprendizaje y desarrollo, junto con funciones de apoyo a la contrataci\u00f3n de gran volumen. Ya sea a trav\u00e9s de un proyecto espec\u00edfico o de una colaboraci\u00f3n continuada, proporcionamos profesionales de alto calibre que contribuyen desde el primer d\u00eda.<\/p>\n<blockquote><p><strong>Para descubrir la gama completa de funciones que podemos proporcionarle en Sevilla, p\u00f3ngase en contacto con Haldren. Estaremos encantados de discutir c\u00f3mo nuestro equipo puede apoyar objetivos espec\u00edficos de reclutamiento.<\/strong><\/p><\/blockquote>\n<h2>\u00bfPor qu\u00e9 Haldren utiliza un enfoque personalizado para el reclutamiento?<\/h2>\n<p>Un modelo \u00fanico de contrataci\u00f3n externa a menudo fracasa porque no tiene en cuenta la cultura, los objetivos y los obst\u00e1culos espec\u00edficos de contrataci\u00f3n de una empresa. Hemos observado c\u00f3mo las organizaciones luchan con servicios de RPO r\u00edgidos que pasan por alto lo m\u00e1s importante. Nuestro m\u00e9todo es diferente; cada contrataci\u00f3n se construye mediante una estrecha colaboraci\u00f3n con los responsables de contrataci\u00f3n y los equipos internos.<\/p>\n<p>Durante un proyecto, por ejemplo, los cambios repentinos del mercado exigieron ajustes inmediatos. R\u00e1pidamente revisamos nuestras t\u00e1cticas de contrataci\u00f3n, redefinimos los perfiles de los candidatos y adaptamos nuestros m\u00e9todos de b\u00fasqueda. Esta flexibilidad nos permiti\u00f3 preservar la calidad de los candidatos y mantener el avance de la empresa a pesar de las presiones externas.<\/p>\n<p>Las necesidades de contrataci\u00f3n tambi\u00e9n cambian a medida que crece una empresa. Para algunos socios, la OPR basada en proyectos ha soportado periodos de gran volumen de contrataci\u00f3n, mientras que otros han requerido asociaciones a largo plazo e integradas. La lecci\u00f3n es siempre la misma: fomentar el \u00e9xito genuino depende de tratar cada proyecto como una empresa distinta.<\/p>\n<p>Al concentrarnos en la cultura de la empresa, las habilidades interpersonales y el proceso completo de contrataci\u00f3n, vamos m\u00e1s all\u00e1 de la simple contrataci\u00f3n para ofrecer valor estrat\u00e9gico. Nuestras soluciones a medida garantizan mejores resultados tanto para nuestros socios como para los candidatos que contratamos.<\/p>\n<h2>\u00bfPor qu\u00e9 elegir Haldren para los servicios de externalizaci\u00f3n de procesos de selecci\u00f3n en Sevilla?<\/h2>\n<p>Confianza, discreci\u00f3n y fiabilidad son la base de nuestro trabajo. Manejamos proyectos sensibles con inmenso cuidado, proporcionando un soporte integrado que agiliza la funci\u00f3n de contrataci\u00f3n a la vez que ayuda a reducir los costes operativos.<\/p>\n<p>Los socios aprecian nuestro profundo conocimiento de las condiciones de la industria, nuestra capacidad para atraer talentos de primer nivel y nuestros modelos estructurados de RPO que crean claridad. Se nos reconoce como un proveedor de RPO fiable que crea asociaciones duraderas para ofrecer algo m\u00e1s que contrataciones inmediatas.<\/p>\n<p>Con un alcance global y consultores que combinan conocimientos espec\u00edficos del sector con experiencia pr\u00e1ctica, Haldren ofrece servicios de RPO que refuerzan tanto los resultados de contrataci\u00f3n como el rendimiento general de la empresa. Ponemos un gran \u00e9nfasis en la calidad del candidato, la alineaci\u00f3n cultural y una experiencia positiva a lo largo del ciclo de vida del talento.<\/p>\n<p>Nos vemos como algo m\u00e1s que simples reclutadores. Somos asesores de confianza que se integran perfectamente con los departamentos internos, ayudando a impulsar la innovaci\u00f3n y a apoyar la marca del empleador al tiempo que ofrecemos soluciones de contrataci\u00f3n de alto nivel.<\/p>\n<blockquote><p><strong>P\u00f3ngase en contacto con Haldren hoy mismo para explorar c\u00f3mo nuestra externalizaci\u00f3n de procesos de contrataci\u00f3n en Sevilla puede fortalecer la funci\u00f3n de contrataci\u00f3n y construir el \u00e9xito a largo plazo.<\/strong><\/p><\/blockquote>\n                            <\/div>\n        <\/div>\n    <\/div>\n<\/div>\n\n<div class=\"block-section accordion-main-section \">\n    <div class=\"container\">    \n                <div class=\"accordion-faqs\">\n            <h2 class=\"m-title\">Frequently Asked Questions (FAQs)<\/h2>\n                        <div class=\"item\">\n                <h3>\u00bfEn qu\u00e9 se diferencia un proyecto de RPO de una contrataci\u00f3n est\u00e1ndar?<\/h3>\n                <div class=\"faq-content\"><p>Un proyecto de RPO abarca todo el proceso de adquisici\u00f3n de talento, desde la planificaci\u00f3n de la plantilla hasta la incorporaci\u00f3n de un nuevo empleado. A diferencia de la contrataci\u00f3n est\u00e1ndar, los servicios de RPO ofrecen una soluci\u00f3n estructurada y hol\u00edstica con reclutadores especializados que funcionan como una extensi\u00f3n natural de un equipo interno.<\/p>\n<\/div>\n            <\/div>\n                        <div class=\"item\">\n                <h3>\u00bfQu\u00e9 nivel de implicaci\u00f3n tienen los responsables de contrataci\u00f3n durante los servicios de RPO?<\/h3>\n                <div class=\"faq-content\"><p>Los responsables de contrataci\u00f3n siguen participando estrechamente en la definici\u00f3n de los requisitos del puesto, la revisi\u00f3n de los candidatos preseleccionados y la realizaci\u00f3n de las entrevistas finales. Nuestra funci\u00f3n es gestionar las actividades diarias de contrataci\u00f3n, lo que garantiza el cumplimiento de los objetivos de contrataci\u00f3n y deja tiempo libre a los gestores para otras tareas estrat\u00e9gicas.<\/p>\n<\/div>\n            <\/div>\n                        <div class=\"item\">\n                <h3>\u00bfC\u00f3mo protege Haldren la confidencialidad durante la externalizaci\u00f3n del proceso de contrataci\u00f3n RPO?<\/h3>\n                <div class=\"faq-content\"><p>La confidencialidad es la piedra angular de todos nuestros compromisos. Salvaguardamos diligentemente la informaci\u00f3n sensible, gestionamos todas las comunicaciones a trav\u00e9s de canales seguros y mantenemos una estricta discreci\u00f3n en todas las fases para proteger la reputaci\u00f3n y los intereses comerciales de nuestros socios.<\/p>\n<\/div>\n            <\/div>\n                        <div class=\"item\">\n                <h3>\u00bfQu\u00e9 diferencia a Haldren como proveedor de RPO en Sevilla?<\/h3>\n                <div class=\"faq-content\"><p>Combinamos una profunda experiencia en el sector con un enfoque proactivo y estrat\u00e9gico. Nuestro servicio ofrece algo m\u00e1s que candidatos: alineamos la estrategia de contrataci\u00f3n con las necesidades de la empresa, trabajamos para reforzar la marca de empleador y nos aseguramos de que nuestro equipo se integre a la perfecci\u00f3n en las estructuras internas existentes.<\/p>\n<\/div>\n            <\/div>\n                    <\/div>\n            <\/div>\n<\/div><\/div><div class=\"sidebar-wrapper\">\n<div class=\"wpcf7 no-js\" id=\"wpcf7-f50-o1\" lang=\"\" dir=\"ltr\" data-wpcf7-id=\"50\">\n<div class=\"screen-reader-response\"><p role=\"status\" aria-live=\"polite\" aria-atomic=\"true\"><\/p> <ul><\/ul><\/div>\n<form action=\"\/seville\/wp-json\/wp\/v2\/pages\/168#wpcf7-f50-o1\" method=\"post\" class=\"wpcf7-form init\" aria-label=\"Contact form\" enctype=\"multipart\/form-data\" novalidate=\"novalidate\" data-status=\"init\">\n<fieldset class=\"hidden-fields-container\"><input type=\"hidden\" name=\"_wpcf7\" value=\"50\" \/><input type=\"hidden\" name=\"_wpcf7_version\" value=\"6.1.5\" \/><input type=\"hidden\" name=\"_wpcf7_locale\" value=\"\" \/><input type=\"hidden\" name=\"_wpcf7_unit_tag\" value=\"wpcf7-f50-o1\" \/><input type=\"hidden\" name=\"_wpcf7_container_post\" value=\"0\" \/><input type=\"hidden\" name=\"_wpcf7_posted_data_hash\" value=\"\" \/>\n<\/fieldset>\n<input class=\"wpcf7-form-control wpcf7-hidden\" id=\"utm_source\" value=\"\" type=\"hidden\" name=\"utm_source\" \/>\n<input class=\"wpcf7-form-control wpcf7-hidden\" id=\"utm_medium\" value=\"\" type=\"hidden\" name=\"utm_medium\" \/>\n<input class=\"wpcf7-form-control wpcf7-hidden\" id=\"sideform_user_country\" value=\"\" type=\"hidden\" name=\"userCountry\" \/>\n<div class=\"form-grid-layout\">\n\t<div class=\"form-title\">\n\t\t<h2 class=\"title\">Thrive with Top Talent<br \/>\n- No Upfronts Fees\n\t\t<\/h2>\n\t\t<p>Have it easier with video interview clips and a candidate shortlist within 2-3 weeks\n\t\t<\/p>\n\t<\/div>\n\t<div class=\"input-field\">\n\t\t<p><label for=\"\">Name<\/label><br \/>\n<span class=\"wpcf7-form-control-wrap\" data-name=\"full-Name\"><input size=\"40\" maxlength=\"400\" class=\"wpcf7-form-control wpcf7-text wpcf7-validates-as-required\" aria-required=\"true\" aria-invalid=\"false\" value=\"\" type=\"text\" name=\"full-Name\" \/><\/span>\n\t\t<\/p>\n\t<\/div>\n\t<div class=\"input-field\">\n\t\t<p><label for=\"\">Email Address<\/label><br \/>\n<span class=\"wpcf7-form-control-wrap\" data-name=\"email-address\"><input size=\"40\" maxlength=\"400\" class=\"wpcf7-form-control wpcf7-email wpcf7-validates-as-required wpcf7-text wpcf7-validates-as-email\" aria-required=\"true\" aria-invalid=\"false\" value=\"\" type=\"email\" name=\"email-address\" \/><\/span>\n\t\t<\/p>\n\t<\/div>\n\t<div class=\"input-field\">\n\t\t<p><label for=\"\">Company<\/label><br \/>\n<span class=\"wpcf7-form-control-wrap\" data-name=\"company\"><input size=\"40\" maxlength=\"400\" class=\"wpcf7-form-control wpcf7-text\" aria-invalid=\"false\" value=\"\" type=\"text\" name=\"company\" \/><\/span>\n\t\t<\/p>\n\t<\/div>\n\t<div class=\"radiobox-field\">\n\t\t<p><span class=\"wpcf7-form-control-wrap\" data-name=\"radio-721company-status\"><span class=\"wpcf7-form-control wpcf7-radio\"><span class=\"wpcf7-list-item first\"><label><input type=\"radio\" name=\"radio-721company-status\" value=\"{Employer}\" \/><span class=\"wpcf7-list-item-label\">Employer<\/span><\/label><\/span><span class=\"wpcf7-list-item last\"><label><input type=\"radio\" name=\"radio-721company-status\" value=\"{Candidate}\" \/><span class=\"wpcf7-list-item-label\">Candidate<\/span><\/label><\/span><\/span><\/span>\n\t\t<\/p>\n\t<\/div>\n\t<div class=\"input-field\">\n\t\t<p><span class=\"wpcf7-form-control-wrap\" data-name=\"file-upload\"><input size=\"40\" class=\"wpcf7-form-control wpcf7-file\" accept=\".pdf\" aria-invalid=\"false\" type=\"file\" name=\"file-upload\" \/><\/span>\n\t\t<\/p>\n\t<\/div>\n\t<div class=\"textarea-field\">\n\t\t<p><label for=\"\">How can we help you?<\/label><br \/>\n<span class=\"wpcf7-form-control-wrap\" data-name=\"message\"><textarea cols=\"40\" rows=\"10\" maxlength=\"2000\" class=\"wpcf7-form-control wpcf7-textarea\" aria-invalid=\"false\" name=\"message\"><\/textarea><\/span>\n\t\t<\/p>\n\t<\/div>\n\t<p><span id=\"wpcf7-69fa29de7c60c-wrapper\" class=\"wpcf7-form-control-wrap nickname-wrap\" ><input id=\"wpcf7-69fa29de7c60c-field\"  class=\"wpcf7-form-control wpcf7-text\" type=\"text\" name=\"nickname\" value=\"\" size=\"40\" tabindex=\"-1\" autocomplete=\"off\" \/><\/span>\n\t<\/p>\n\t<div class=\"form-term\">\n\t\t<p>Submission of this form means you have agreed to our <a href=\"\/privacy-policy\/\" title=\"\">Privacy Policy<\/a> and <a href=\"\/terms-of-service\/\" title=\"\">Terms Conditions<\/a>\n\t\t<\/p>\n\t<\/div>\n\t<div class=\"submit-btn\">\n\t\t<p><input class=\"wpcf7-form-control wpcf7-submit has-spinner btn-box\" type=\"submit\" value=\"Get in Touch\" \/>\n\t\t<\/p>\n\t<\/div>\n<\/div><div class=\"wpcf7-response-output\" aria-hidden=\"true\"><\/div>\n<\/form>\n<\/div>\n<\/div><\/div>\n\n\n<div class=\"block-section client-reviews-slider \" style=\"background-color: #119084\">  \n    <div class=\"container\">\n                <div class=\"splide client-slider\">\n            <div class=\"splide__track\">\n                <div class=\"splide__list\">\n                                        <div class=\"splide__slide\">\n                        <div class=\"content-box\">\n                            <div class=\"content\">\n                                <p>&#8220;Haldren apoy\u00f3 nuestro proyecto de RPO con una profesionalidad y una atenci\u00f3n incre\u00edbles. Sus dedicados reclutadores comprendieron realmente la cultura de nuestra empresa y consiguieron candidatos de alta calidad que tuvieron un impacto inmediato. Todo el proceso fue fluido y se gestion\u00f3 con discreci\u00f3n&#8221;.<\/p>\n                            <\/div>\n                                                        <div class=\"name\">\n                                <strong>Mar\u00eda G.<\/strong>, \n                                Director de RRHH                            <\/div>\n                                                    <\/div>\n                    <\/div>\n                                        <div class=\"splide__slide\">\n                        <div class=\"content-box\">\n                            <div class=\"content\">\n                                <p>&#8220;Necesit\u00e1bamos soluciones de RPO eficaces para un gran volumen de contrataciones durante nuestra expansi\u00f3n en Espa\u00f1a. Haldren cumpli\u00f3 con precisi\u00f3n, manteniendo la eficiencia del ciclo de vida de la contrataci\u00f3n al tiempo que garantizaba una experiencia positiva para cada candidato. Su equipo se convirti\u00f3 r\u00e1pidamente en un socio de confianza para nosotros.&#8221;<\/p>\n                            <\/div>\n                                                        <div class=\"name\">\n                                <strong>Javier R.<\/strong>, \n                                Directora de Personal                            <\/div>\n                                                    <\/div>\n                    <\/div>\n                                        <div class=\"splide__slide\">\n                        <div class=\"content-box\">\n                            <div class=\"content\">\n                                <p>&#8220;Nuestras necesidades de contrataci\u00f3n eran complejas y los plazos, ajustados. Los servicios de RPO de Haldren nos dieron la soluci\u00f3n a medida que necesit\u00e1bamos, combinando una aguda visi\u00f3n del mercado con un proceso de contrataci\u00f3n excepcionalmente eficiente. Su apoyo ha sido inestimable&#8221;.<\/p>\n                            <\/div>\n                                                        <div class=\"name\">\n                                <strong>Isabel T.<\/strong>, \n                                Gestor s\u00e9nior de adquisici\u00f3n de talentos                            <\/div>\n                                                    <\/div>\n                    <\/div>\n                                    <\/div>\n            <\/div>\n        <\/div>\n            <\/div>\n<\/div>","protected":false},"excerpt":{"rendered":"","protected":false},"author":10,"featured_media":0,"parent":160,"menu_order":0,"comment_status":"closed","ping_status":"closed","template":"","meta":{"_acf_changed":false,"footnotes":""},"class_list":["post-168","page","type-page","status-publish","hentry"],"acf":[],"lang":"es","translations":{"es":168},"jetpack_sharing_enabled":true,"pll_sync_post":[],"_links":{"self":[{"href":"https:\/\/www.haldren.com\/seville\/wp-json\/wp\/v2\/pages\/168","targetHints":{"allow":["GET"]}}],"collection":[{"href":"https:\/\/www.haldren.com\/seville\/wp-json\/wp\/v2\/pages"}],"about":[{"href":"https:\/\/www.haldren.com\/seville\/wp-json\/wp\/v2\/types\/page"}],"author":[{"embeddable":true,"href":"https:\/\/www.haldren.com\/seville\/wp-json\/wp\/v2\/users\/10"}],"replies":[{"embeddable":true,"href":"https:\/\/www.haldren.com\/seville\/wp-json\/wp\/v2\/comments?post=168"}],"version-history":[{"count":1,"href":"https:\/\/www.haldren.com\/seville\/wp-json\/wp\/v2\/pages\/168\/revisions"}],"predecessor-version":[{"id":186,"href":"https:\/\/www.haldren.com\/seville\/wp-json\/wp\/v2\/pages\/168\/revisions\/186"}],"up":[{"embeddable":true,"href":"https:\/\/www.haldren.com\/seville\/wp-json\/wp\/v2\/pages\/160"}],"wp:attachment":[{"href":"https:\/\/www.haldren.com\/seville\/wp-json\/wp\/v2\/media?parent=168"}],"curies":[{"name":"wp","href":"https:\/\/api.w.org\/{rel}","templated":true}]}}