{"id":220,"date":"2025-08-18T09:34:58","date_gmt":"2025-08-18T09:34:58","guid":{"rendered":"https:\/\/www.haldren.com\/stuttgart\/?page_id=73"},"modified":"2025-10-31T10:48:46","modified_gmt":"2025-10-31T10:48:46","slug":"rekrutierung","status":"publish","type":"page","link":"https:\/\/www.haldren.com\/stuttgart\/de\/talentwerving\/rekrutierung\/","title":{"rendered":"Rekrutierung"},"content":{"rendered":"\n  <link rel=\"preload\" as=\"image\" href=\"https:\/\/www.haldren.com\/stuttgart\/wp-content\/uploads\/sites\/22\/2025\/08\/stuttgart-city-e1764152113578.jpg\" fetchpriority=\"high\">\n  <style>\n    .inner-banner-section {\n      background-image: url('https:\/\/www.haldren.com\/stuttgart\/wp-content\/uploads\/sites\/22\/2025\/08\/stuttgart-city-e1764152113578.jpg');\n      background-size: cover;\n      background-position: center;\n      background-repeat: no-repeat;\n    }\n\n    @media (max-width: 768px) {\n      .inner-banner-section {\n        background-image: url('https:\/\/www.haldren.com\/stuttgart\/wp-content\/uploads\/sites\/22\/2025\/08\/stuttgart-city-e1764152113578.jpg');\n      }\n    }\n  <\/style>\n\n<div class=\"block-section inner-banner-section lazyload bg-sty section-gaps top-border-line\">\n  <div class=\"container-fluid\">\n    <div class=\"content-wrap\">\n      <h1 class=\"title\">\n        Personaldienstleistungen in Stuttgart      <\/h1>\n      <span style=\"font-size: 18px;\">Vertrauensvoller Partner f\u00fcr Executive Search und Recruitment Excellence in Stuttgart, Deutschland<\/span>\n    <\/div>\n  <\/div>\n<\/div>\n\n\n\n\n<div class=\"wp-block-custom-div-wrapper-block col-wrapper has-sidebar\"><div class=\"content-wrapper\" style=\"background-color:#002a26\">\n<div class=\"block-section section-gaps default-content-section \" \n     style=\"--text-color: #ffffff; --bg-color: #119084;\">\n    <div class=\"container\">\n        <div class=\"default-single-content-wrap\">\n            <div class=\"content-wrap\">\n                                    <h2 data-pm-slice=\"1 1 []\">Erstklassige Personalbeschaffung in Stuttgart<\/h2>\n<p>Haldren ist sich bewusst, dass die Suche nach der richtigen F\u00fchrungskraft wichtig f\u00fcr die Gestaltung der Zukunft Ihres Unternehmens ist. Deshalb arbeiten wir mit Ihnen zusammen, um Ihnen Rekrutierungsdienstleistungen anzubieten, <span data-color=\"transparent\">die sich auf Pr\u00e4zision, Ethik und nachhaltige Wirkung konzentrieren. <\/span>Unser engagiertes Beraterteam kombiniert globales Fachwissen mit lokaler Marktkenntnis und liefert Personall\u00f6sungen, die Diskretion wahren und Unternehmen dabei helfen, geeignete Kandidaten f\u00fcr ihre wichtigsten F\u00fchrungspositionen zu finden. Jeder Senior Consultant verf\u00fcgt \u00fcber einen reichen Erfahrungsschatz im Executive Search und f\u00fchrt Sie durch einen Rekrutierungsprozess, der darauf ausgerichtet ist, hochqualifizierte Spezialisten f\u00fcr Ihr Team zu gewinnen.<\/p>\n<p>Wir unterscheiden uns von einer typischen Personalagentur durch unsere intensiven pers\u00f6nlichen Kontakte, strukturierten Bewertungen und transparente Kommunikation. Dar\u00fcber hinaus ist unser Beratungsteam f\u00fcr seine Zuverl\u00e4ssigkeit, die Einhaltung hoher Standards und den best\u00e4ndigen Erfolg bei der Unterst\u00fctzung von Unternehmen aller Gr\u00f6\u00dfen und Branchen bekannt. Durch unseren ma\u00dfgeschneiderten Ansatz helfen wir Unternehmen, F\u00fchrungskr\u00e4fte einzustellen, die nicht nur die Anforderungen erf\u00fcllen, sondern auch die Kultur und die Leistung st\u00e4rken.<\/p>\n<blockquote><p><strong><span data-color=\"transparent\">Insgesamt ist Haldren ein zuverl\u00e4ssiger Partner, dem Stuttgarter Unternehmen bei der Suche nach erstklassigen F\u00fchrungskr\u00e4ften vertrauen k\u00f6nnen.<\/span><\/strong><\/p><\/blockquote>\n<h2>Top-Tier Executive Search Firma in Stuttgart<\/h2>\n<p>Wir bei Haldren sehen die Personalbeschaffung als Chance, Ihren Gesch\u00e4ftserfolg zu f\u00f6rdern. Unsere Aufgabe ist es, Unternehmen w\u00e4hrend des gesamten Rekrutierungsprozesses zu beraten und sicherzustellen, dass die richtigen Mitarbeiter mit den richtigen Aufgaben zusammengebracht werden. Unsere Berater engagieren sich auch daf\u00fcr, dass unsere Kunden F\u00fchrungskr\u00e4fte gewinnen, die nachhaltige Ergebnisse erzielen. Mit unserem umfangreichen Netzwerk, unseren fundierten Branchenkenntnissen und unserem sorgf\u00e4ltig strukturierten Prozess sind wir als eine der f\u00fchrenden Personalagenturen in Stuttgart anerkannt.<\/p>\n<h4>Bewertung<\/h4>\n<p>Wir beginnen jedes Projekt mit einer umfassenden Bewertung des Unternehmensbedarfs. Anschlie\u00dfend erstellen wir detaillierte Kandidatenprofile, die auf die Unternehmenskultur, die Erwartungen an die F\u00fchrung und die F\u00e4higkeiten unserer Kunden abgestimmt sind. <span data-color=\"transparent\">Neben der Erfahrung bewerten wir auch die Motivation, die Werte und die Pers\u00f6nlichkeit der Kandidaten, um den perfekten Kandidaten zu finden.<\/span><\/p>\n<h4>Talentakquise<\/h4>\n<p>Wir greifen auf ein gro\u00dfes Netzwerk von Fachleuten aus verschiedenen Branchen zur\u00fcck und nutzen sowohl moderne digitale Methoden als auch bew\u00e4hrte Rekrutierungsverfahren. Dank dieses dualen Ansatzes k\u00f6nnen wir auch kurzfristig potenzielle Kandidaten ausfindig machen, die \u00fcber die Visionen und das Fachwissen verf\u00fcgen, um sich in F\u00fchrungspositionen zu bew\u00e4hren.<\/p>\n<h4>Organisatorische Transformation<\/h4>\n<p>Unsere Partnerschaft geht \u00fcber die Besetzung freier Stellen hinaus. Wir unterst\u00fctzen Unternehmen bei der Nachfolgeplanung, der Beurteilung von F\u00fchrungskr\u00e4ften und der Organisationsentwicklung, um die langfristige Stabilit\u00e4t zu st\u00e4rken. Dieser ganzheitliche Ansatz hilft Managern und F\u00fchrungskr\u00e4ften, sich auch nach der ersten Einstellung weiterzuentwickeln.<\/p>\n<h2>Unser Ansatz bei der Rekrutierung<\/h2>\n<p>Wir beginnen jede Suche nach F\u00fchrungskr\u00e4ften mit Klarheit und Respekt f\u00fcr die Priorit\u00e4ten des jeweiligen Kunden. Jeder Auftrag beginnt mit einer Erkundungsphase, in der wir die strategischen Ziele, die Marktbedingungen und die F\u00fchrungsanforderungen er\u00f6rtern.<\/p>\n<p>Anschlie\u00dfend entwickeln unsere Berater Rollenbewertungslisten und Kandidatenprofile, die die F\u00e4higkeiten, Qualifikationen und F\u00fchrungskompetenzen definieren, die unser Kunde f\u00fcr die offene Position sucht. Diese bilden den Rahmen f\u00fcr unsere Suche und erm\u00f6glichen es uns, Bewerber effektiv zu filtern. <span data-color=\"transparent\">Anschlie\u00dfend f\u00fchren wir eine gezielte Ansprache durch, bei der wir Executive-Search-Methoden mit digitalen Tools wie Jobb\u00f6rsen, Social Recruiting und Werbekampagnen kombinieren, um sowohl aktive als auch passive Kandidaten zu erreichen.<\/span><\/p>\n<p><span data-color=\"transparent\">Die von uns identifizierten Kandidaten durchlaufen anschlie\u00dfend strukturierte Interviews, psychometrische Tests und Referenzpr\u00fcfungen, um genaue Einblicke in ihr Leistungspotenzial zu erhalten. Die in die engere Wahl gezogenen F\u00fchrungskr\u00e4fte werden dem Kunden mit detaillierten Bewerbungsunterlagen und Beurteilungshinweisen pr\u00e4sentiert, um eine fundierte Endentscheidung zu erm\u00f6glichen. <\/span>Wir bleiben w\u00e4hrend der Vertragsphase, der Verhandlungen und des Onboardings involviert. Unsere Berater halten auch den Kontakt sowohl zu den Kandidaten als auch zu den Kunden aufrecht, um einen reibungslosen \u00dcbergang in eine Festanstellung zu gew\u00e4hrleisten.<\/p>\n<p>Schlie\u00dflich stehen Compliance, Vielfalt und Ethik im Mittelpunkt unserer Dienstleistungen. W\u00e4hrend viele Personalvermittler nur offene Stellen besetzen, unterst\u00fctzen wir Unternehmen durch die Vermittlung von Fachkr\u00e4ften, deren F\u00fchrung den langfristigen Gesch\u00e4ftserfolg sichert.<\/p>\n<h2>Unsere Expertise als f\u00fchrende Stuttgarter Personalberatung f\u00fcr F\u00fchrungskr\u00e4fte<\/h2>\n<p>Unsere Expertise erstreckt sich \u00fcber mehrere Branchen und F\u00fchrungsebenen. Jeder Berater bei Haldren bringt Projekterfahrung und Einblicke in die Personalberatung aus erster Hand mit, was uns das Vertrauen namhafter Unternehmen eingebracht hat. Unsere Kunden profitieren zudem von unserer F\u00e4higkeit, F\u00fchrungskr\u00e4fte branchen\u00fcbergreifend zu identifizieren und dabei auf die sich ver\u00e4ndernden Marktanforderungen zu reagieren.<\/p>\n<p>Dar\u00fcber hinaus entwickeln wir unsere Methoden kontinuierlich weiter und lernen aus der erfolgreichen Zusammenarbeit mit namhaften Unternehmen. <span data-color=\"transparent\">Diese kontinuierliche Weiterentwicklung stellt sicher, dass wir Organisationen mit Strategien beraten, die auf realen Ergebnissen beruhen. <\/span>Durch unsere Fokussierung auf nachhaltige Personalbeschaffung <span data-color=\"transparent\">haben wir uns als der Personalvermittler etabliert, an den sich Unternehmen wenden, wenn sie einen zuverl\u00e4ssigen Partner und qualitativ hochwertige Ergebnisse ben\u00f6tigen.<\/span><\/p>\n<h4>Einige Bereiche, auf die wir uns spezialisiert haben<\/h4>\n<p>Stuttgarts vielf\u00e4ltige Wirtschaft verlangt nach einer Personalberatung mit Tiefgang. Haldren unterst\u00fctzt Unternehmen in Branchen wie der verarbeitenden Industrie, Finanzdienstleistungen, Gesundheitswesen, Konsumg\u00fcter, Technologie und mehr.<span data-color=\"transparent\">Wir kennen die besonderen Anforderungen jedes Sektors und konzentrieren uns darauf, geeignete Kandidaten zu vermitteln, die einen messbaren Erfolg erzielen. Unser Beratungsteam arbeitet eng mit den Kunden zusammen, um sicherzustellen, dass jede Einstellung die langfristigen Ziele unterst\u00fctzt.<\/span><\/p>\n<h4>Beispiele f\u00fcr Rollen, f\u00fcr die wir rekrutieren<\/h4>\n<p><span data-color=\"transparent\">Unsere Rekrutierungsdienste konzentrieren sich auf F\u00fchrungskr\u00e4fte, Manager und leitende Angestellte. Wir suchen regelm\u00e4\u00dfig nach Fachleuten f\u00fcr die Besetzung von C-Suite-Positionen, F\u00fchrungspositionen in Abteilungen und spezialisierten Managementpositionen. Ganz gleich, ob es sich um die Festanstellung eines CFO, eines Betriebsleiters oder eines Projektleiters handelt, unser Team stellt sicher, dass jede Einstellung die F\u00fchrungskapazit\u00e4t st\u00e4rkt.<\/span><\/p>\n<blockquote><p><strong>Kontaktieren Sie Haldren noch heute und entdecken Sie, wie wir Sie mit dem perfekten Kandidaten f\u00fcr Ihre offene Position zusammenbringen k\u00f6nnen.<\/strong><\/p><\/blockquote>\n<h2>Warum Haldren einen ma\u00dfgeschneiderten Ansatz f\u00fcr die Personalbeschaffung verwendet<\/h2>\n<p><span data-color=\"transparent\">Bei allgemeinen Rekrutierungsprozessen werden oft die Feinheiten \u00fcbersehen, die f\u00fcr den langfristigen Erfolg eines Mitarbeiters entscheidend sind. Unsere Berater bei Haldren haben aus erster Hand erfahren, wie eine pauschale Suchmethode dazu f\u00fchren kann, dass die richtigen Mitarbeiter f\u00fcr wichtige Positionen nicht gefunden werden. Unsere Erfahrung in verschiedenen Unternehmen hat uns auch gelehrt, dass jedes Unternehmen einzigartige F\u00fchrungsanforderungen, Marktdruck und kulturelle Dynamiken hat.<\/span><\/p>\n<p><span data-color=\"transparent\">Vor diesem Hintergrund entwickeln wir ma\u00dfgeschneiderte Rekrutierungsstrategien, die auf diese Faktoren abgestimmt sind. Im Rahmen von Nachfolgeplanungsprojekten betonen unsere Berater beispielsweise sowohl die technischen F\u00e4higkeiten als auch die Motivationsfaktoren. In anderen F\u00e4llen bringen wir F\u00fchrungskr\u00e4fte mit geeigneten Stellen zusammen, bei denen ihre Branchenkenntnisse und ihr Fachwissen sofortige Wirkung zeigen.<\/span><\/p>\n<p>Unser Beraterteam bespricht jede Phase offen mit den Kunden, von der ersten Beurteilung bis zur endg\u00fcltigen Entscheidung. Diese Transparenz schafft Vertrauen und stellt sicher, dass alle Beteiligten auf einer Linie sind. <span data-color=\"transparent\">Indem wir uns auf die wichtigen Details konzentrieren, unterst\u00fctzen wir Unternehmen mit Strategien, die F\u00fchrungskr\u00e4fte sichern, die langfristig erfolgreich sind.<\/span><\/p>\n<h2>Warum Haldren f\u00fcr die Personalbeschaffung w\u00e4hlen?<\/h2>\n<p><span data-color=\"transparent\">Bei der Wahl eines Personalvermittlers geht es um mehr als die Besetzung freier Stellen. Es geht darum, eine Partnerschaft aufzubauen, die auf Vertrauen, Ethik und Diskretion beruht. Bei Haldren agieren wir als vertrauensw\u00fcrdiger Verb\u00fcndeter f\u00fcr Unternehmen, die Wert auf Vertraulichkeit, Qualit\u00e4t und nachhaltigen Erfolg legen.<\/span><\/p>\n<p><span data-color=\"transparent\">Unsere Berater verf\u00fcgen \u00fcber jahrzehntelange Erfahrung und beraten Bewerber und Kunden gleicherma\u00dfen mit Professionalit\u00e4t. Dar\u00fcber hinaus verf\u00fcgen wir \u00fcber ein umfangreiches Netzwerk von Fachleuten aus verschiedenen Branchen, das es uns erm\u00f6glicht, Kandidaten auch f\u00fcr die anspruchsvollsten Positionen zu gewinnen. <\/span>Durch unseren strukturierten Prozess in Verbindung mit unseren pers\u00f6nlichen Kontakten unterst\u00fctzen wir Unternehmen konsequent bei der Einstellung von F\u00fchrungskr\u00e4ften, die sowohl zur Rolle als auch zur Kultur passen.<\/p>\n<p><span data-color=\"transparent\">Unser Ruf als f\u00fchrender Personalvermittler in Stuttgart spiegelt unser Engagement wider, langfristige Beziehungen zu unseren Kunden aufzubauen. Viele Unternehmen arbeiten \u00fcber mehrere Projekte hinweg mit uns zusammen, da sie die Vorteile einer konsistenten Expertise und kontinuierlichen Unterst\u00fctzung erkannt haben. Ob wir Sie zu Gehaltsbenchmarks, zur Beurteilung von F\u00fchrungskr\u00e4ften oder zur Nachfolgeplanung beraten, wir stellen sicher, dass jeder Rekrutierungsprozess mit Sorgfalt und Pr\u00e4zision abgewickelt wird.<\/span><\/p>\n<blockquote><p><strong><span data-color=\"transparent\">Nehmen Sie noch heute Kontakt mit Haldren auf, um zu besprechen, wie unsere Rekrutierungsdienstleistungen Ihre n\u00e4chste Einstellung von F\u00fchrungskr\u00e4ften unterst\u00fctzen k\u00f6nnen.<\/span><\/strong><\/p><\/blockquote>\n                            <\/div>\n        <\/div>\n    <\/div>\n<\/div>\n\n<div class=\"block-section accordion-main-section \">\n    <div class=\"container\">    \n                <div class=\"accordion-faqs\">\n            <h2 class=\"m-title\">Frequently Asked Questions (FAQs)<\/h2>\n                        <div class=\"item\">\n                <h3>Wie stellt Haldren eine perfekte \u00dcbereinstimmung f\u00fcr F\u00fchrungskr\u00e4fte sicher?<\/h3>\n                <div class=\"faq-content\"><p data-pm-slice=\"1 1 []\">Wir nutzen strukturierte Beurteilungen, Rollenscorecards und das Fachwissen unserer Executive-Search-Berater sowie pers\u00f6nliche Kontakte. So stellen wir sicher, dass die Kandidaten den Anforderungen der Stelle und der Unternehmenskultur entsprechen, was zu einem langfristigen Erfolg f\u00fchrt.<\/p>\n<\/div>\n            <\/div>\n                        <div class=\"item\">\n                <h3>Welches Ma\u00df an Kundenbeteiligung ist w\u00e4hrend des Einstellungsverfahrens erforderlich?<\/h3>\n                <div class=\"faq-content\"><p data-pm-slice=\"1 1 []\">Wir betrachten dies als eine gemeinsame Reise. Unsere Berater besprechen die Fortschritte offen, stellen Auswahllisten vor und unterst\u00fctzen die Unternehmen bei der endg\u00fcltigen Entscheidung. So bleiben die Kunden auf dem Laufenden, ohne die ganze Last der Suche zu tragen.<\/p>\n<\/div>\n            <\/div>\n                        <div class=\"item\">\n                <h3>Wie unterst\u00fctzt Haldren Unternehmen nach der Einstellung?<\/h3>\n                <div class=\"faq-content\"><p data-pm-slice=\"1 1 []\">Unsere Dienstleistungen gehen nach der Vertragsunterzeichnung weiter. Wir bleiben w\u00e4hrend des Onboardings sowohl mit dem Arbeitnehmer als auch mit dem Unternehmen in Kontakt und sorgen f\u00fcr eine reibungslose Integration in die Stelle. Bei Bedarf bieten wir Gehaltsbenchmarks, Feedbackschleifen und einen leichten Integrationsplan, um die Erfolgschancen zu verbessern.<\/p>\n<\/div>\n            <\/div>\n                        <div class=\"item\">\n                <h3>Wie sch\u00fctzt Haldren die Vertraulichkeit bei der Suche nach F\u00fchrungskr\u00e4ften?<\/h3>\n                <div class=\"faq-content\"><p data-pm-slice=\"1 1 []\">Wir arbeiten nach dem Need-to-know-Prinzip, verwenden eine diskrete Kontaktaufnahme und anonymisieren die Profile, bis Sie die Einf\u00fchrung genehmigen. Partner, Gremien und Bewerber erhalten in jeder Phase nur die erforderlichen Informationen, und wir dokumentieren jeden Schritt, um die Vorschriften einzuhalten. Dies sch\u00fctzt Ihre Privatsph\u00e4re und Sicherheit und erm\u00f6glicht gleichzeitig eine gr\u00fcndliche, qualitativ hochwertige Suche.<\/p>\n<\/div>\n            <\/div>\n                    <\/div>\n            <\/div>\n<\/div><\/div><div class=\"sidebar-wrapper\">\n<div class=\"wpcf7 no-js\" id=\"wpcf7-f47-o1\" lang=\"\" dir=\"ltr\" data-wpcf7-id=\"47\">\n<div class=\"screen-reader-response\"><p role=\"status\" aria-live=\"polite\" aria-atomic=\"true\"><\/p> <ul><\/ul><\/div>\n<form action=\"\/stuttgart\/wp-json\/wp\/v2\/pages\/220#wpcf7-f47-o1\" method=\"post\" class=\"wpcf7-form init\" aria-label=\"Contact form\" enctype=\"multipart\/form-data\" novalidate=\"novalidate\" data-status=\"init\">\n<fieldset class=\"hidden-fields-container\"><input type=\"hidden\" name=\"_wpcf7\" value=\"47\" \/><input type=\"hidden\" name=\"_wpcf7_version\" value=\"6.1.5\" \/><input type=\"hidden\" name=\"_wpcf7_locale\" value=\"\" \/><input type=\"hidden\" name=\"_wpcf7_unit_tag\" value=\"wpcf7-f47-o1\" \/><input type=\"hidden\" name=\"_wpcf7_container_post\" value=\"0\" \/><input type=\"hidden\" name=\"_wpcf7_posted_data_hash\" value=\"\" \/>\n<\/fieldset>\n<input class=\"wpcf7-form-control wpcf7-hidden\" id=\"utm_source\" value=\"\" type=\"hidden\" name=\"utm_source\" \/>\n<input class=\"wpcf7-form-control wpcf7-hidden\" id=\"utm_medium\" value=\"\" type=\"hidden\" name=\"utm_medium\" \/>\n<input class=\"wpcf7-form-control wpcf7-hidden\" id=\"sideform_user_country\" value=\"\" type=\"hidden\" name=\"userCountry\" \/>\n<div class=\"form-grid-layout\">\n\t<div class=\"form-title\">\n\t\t<h2 class=\"title\">Thrive with Top Talent<br \/>\n- No Upfronts Fees\n\t\t<\/h2>\n\t\t<p>Have it easier with video interview clips and a candidate shortlist within 2-3 weeks\n\t\t<\/p>\n\t<\/div>\n\t<div class=\"input-field\">\n\t\t<p><label for=\"\">Name<\/label><br \/>\n<span class=\"wpcf7-form-control-wrap\" data-name=\"full-Name\"><input size=\"40\" maxlength=\"400\" class=\"wpcf7-form-control wpcf7-text wpcf7-validates-as-required\" aria-required=\"true\" aria-invalid=\"false\" value=\"\" type=\"text\" name=\"full-Name\" \/><\/span>\n\t\t<\/p>\n\t<\/div>\n\t<div class=\"input-field\">\n\t\t<p><label for=\"\">Email Address<\/label><br \/>\n<span class=\"wpcf7-form-control-wrap\" data-name=\"email-address\"><input size=\"40\" maxlength=\"400\" class=\"wpcf7-form-control wpcf7-email wpcf7-validates-as-required wpcf7-text wpcf7-validates-as-email\" aria-required=\"true\" aria-invalid=\"false\" value=\"\" type=\"email\" name=\"email-address\" \/><\/span>\n\t\t<\/p>\n\t<\/div>\n\t<div class=\"input-field\">\n\t\t<p><label for=\"\">Company<\/label><br \/>\n<span class=\"wpcf7-form-control-wrap\" data-name=\"company\"><input size=\"40\" maxlength=\"400\" class=\"wpcf7-form-control wpcf7-text\" aria-invalid=\"false\" value=\"\" type=\"text\" name=\"company\" \/><\/span>\n\t\t<\/p>\n\t<\/div>\n\t<div class=\"radiobox-field\">\n\t\t<p><span class=\"wpcf7-form-control-wrap\" data-name=\"radio-721company-status\"><span class=\"wpcf7-form-control wpcf7-radio\"><span class=\"wpcf7-list-item first\"><label><input type=\"radio\" name=\"radio-721company-status\" value=\"{Employer}\" \/><span class=\"wpcf7-list-item-label\">Employer<\/span><\/label><\/span><span class=\"wpcf7-list-item last\"><label><input type=\"radio\" name=\"radio-721company-status\" value=\"{Candidate}\" \/><span class=\"wpcf7-list-item-label\">Candidate<\/span><\/label><\/span><\/span><\/span>\n\t\t<\/p>\n\t<\/div>\n\t<div class=\"input-field\">\n\t\t<p><span class=\"wpcf7-form-control-wrap\" data-name=\"file-upload\"><input size=\"40\" class=\"wpcf7-form-control wpcf7-file\" accept=\".pdf\" aria-invalid=\"false\" type=\"file\" name=\"file-upload\" \/><\/span>\n\t\t<\/p>\n\t<\/div>\n\t<div class=\"textarea-field\">\n\t\t<p><label for=\"\">How can we help you?<\/label><br \/>\n<span class=\"wpcf7-form-control-wrap\" data-name=\"message\"><textarea cols=\"40\" rows=\"10\" maxlength=\"2000\" class=\"wpcf7-form-control wpcf7-textarea\" aria-invalid=\"false\" name=\"message\"><\/textarea><\/span>\n\t\t<\/p>\n\t<\/div>\n\t<p><span id=\"wpcf7-69fa16c1161f7-wrapper\" class=\"wpcf7-form-control-wrap nickname-wrap\" ><input id=\"wpcf7-69fa16c1161f7-field\"  class=\"wpcf7-form-control wpcf7-text\" type=\"text\" name=\"nickname\" value=\"\" size=\"40\" tabindex=\"-1\" autocomplete=\"off\" \/><\/span>\n\t<\/p>\n\t<div class=\"form-term\">\n\t\t<p>Submission of this form means you have agreed to our <a href=\"\/privacy-policy\/\" title=\"\">Privacy Policy<\/a> and <a href=\"\/terms-of-service\/\" title=\"\">Terms & Conditions<\/a>\n\t\t<\/p>\n\t<\/div>\n\t<div class=\"submit-btn\">\n\t\t<p><input class=\"wpcf7-form-control wpcf7-submit has-spinner btn-box\" type=\"submit\" value=\"Get in Touch\" \/>\n\t\t<\/p>\n\t<\/div>\n<\/div><div class=\"wpcf7-response-output\" aria-hidden=\"true\"><\/div>\n<\/form>\n<\/div>\n<\/div><\/div>\n\n\n<div class=\"block-section client-reviews-slider \" style=\"background-color: #119084\">  \n    <div class=\"container\">\n                <div class=\"splide client-slider\">\n            <div class=\"splide__track\">\n                <div class=\"splide__list\">\n                                        <div class=\"splide__slide\">\n                        <div class=\"content-box\">\n                            <div class=\"content\">\n                                <p data-pm-slice=\"1 1 []\">&#8220;Die Zusammenarbeit mit Haldren verlief reibungslos. Ihre Berater haben uns durch jeden Schritt des Rekrutierungsprozesses gef\u00fchrt, von der Definition der Rolle bis zur Pr\u00e4sentation hochqualifizierter Spezialisten. Mit ihrer Hilfe haben wir die perfekte Besetzung f\u00fcr eine wichtige Managementposition gefunden.&#8221;<\/p>\n                            <\/div>\n                                                        <div class=\"name\">\n                                <strong>J\u00fcrgen R.<\/strong>, \n                                Gesch\u00e4ftsf\u00fchrender Direktor                            <\/div>\n                                                    <\/div>\n                    <\/div>\n                                        <div class=\"splide__slide\">\n                        <div class=\"content-box\">\n                            <div class=\"content\">\n                                <p data-pm-slice=\"1 1 []\">&#8220;Haldren hat unsere Erwartungen \u00fcbertroffen. Sie haben unsere gesch\u00e4ftlichen Herausforderungen verstanden und schnell, auch kurzfristig, geeignete Kandidaten gefunden. Ihre Unterst\u00fctzung hat uns geholfen, eine vakante F\u00fchrungsposition mit Professionalit\u00e4t und Qualit\u00e4t zu besetzen.&#8221;<\/p>\n                            <\/div>\n                                                        <div class=\"name\">\n                                <strong>Sven N.<\/strong>, \n                                Personalleiter                            <\/div>\n                                                    <\/div>\n                    <\/div>\n                                        <div class=\"splide__slide\">\n                        <div class=\"content-box\">\n                            <div class=\"content\">\n                                <p data-pm-slice=\"1 1 []\">&#8220;Der Senior Consultant, der uns bei Haldren unterst\u00fctzt hat, wurde zu einem vertrauten Ansprechpartner. Der Prozess war effizient, und dank ihrer klaren Einsch\u00e4tzungen haben wir unsere Einstellungsentscheidung mit Zuversicht getroffen. Wir sch\u00e4tzen ihren Beitrag und werden wieder mit ihnen zusammenarbeiten.<\/p>\n                            <\/div>\n                                                        <div class=\"name\">\n                                <strong>Vanessa M.<\/strong>, \n                                COO                            <\/div>\n                                                    <\/div>\n                    <\/div>\n                                    <\/div>\n            <\/div>\n        <\/div>\n            <\/div>\n<\/div>","protected":false},"excerpt":{"rendered":"","protected":false},"author":10,"featured_media":0,"parent":213,"menu_order":0,"comment_status":"closed","ping_status":"closed","template":"","meta":{"_acf_changed":false,"footnotes":""},"class_list":["post-220","page","type-page","status-publish","hentry"],"acf":[],"lang":"de","translations":{"de":220},"jetpack_sharing_enabled":true,"pll_sync_post":[],"_links":{"self":[{"href":"https:\/\/www.haldren.com\/stuttgart\/wp-json\/wp\/v2\/pages\/220","targetHints":{"allow":["GET"]}}],"collection":[{"href":"https:\/\/www.haldren.com\/stuttgart\/wp-json\/wp\/v2\/pages"}],"about":[{"href":"https:\/\/www.haldren.com\/stuttgart\/wp-json\/wp\/v2\/types\/page"}],"author":[{"embeddable":true,"href":"https:\/\/www.haldren.com\/stuttgart\/wp-json\/wp\/v2\/users\/10"}],"replies":[{"embeddable":true,"href":"https:\/\/www.haldren.com\/stuttgart\/wp-json\/wp\/v2\/comments?post=220"}],"version-history":[{"count":1,"href":"https:\/\/www.haldren.com\/stuttgart\/wp-json\/wp\/v2\/pages\/220\/revisions"}],"predecessor-version":[{"id":234,"href":"https:\/\/www.haldren.com\/stuttgart\/wp-json\/wp\/v2\/pages\/220\/revisions\/234"}],"up":[{"embeddable":true,"href":"https:\/\/www.haldren.com\/stuttgart\/wp-json\/wp\/v2\/pages\/213"}],"wp:attachment":[{"href":"https:\/\/www.haldren.com\/stuttgart\/wp-json\/wp\/v2\/media?parent=220"}],"curies":[{"name":"wp","href":"https:\/\/api.w.org\/{rel}","templated":true}]}}