{"id":190,"date":"2025-09-16T05:38:42","date_gmt":"2025-09-16T05:38:42","guid":{"rendered":"https:\/\/www.haldren.com\/toulouse\/?page_id=53"},"modified":"2025-11-11T09:07:06","modified_gmt":"2025-11-11T09:07:06","slug":"services-dacquisition-de-talents","status":"publish","type":"page","link":"https:\/\/www.haldren.com\/toulouse\/fr\/acquisition-de-talents\/services-dacquisition-de-talents\/","title":{"rendered":"Services d&#8217;acquisition de talents"},"content":{"rendered":"\n  <link rel=\"preload\" as=\"image\" href=\"https:\/\/www.haldren.com\/toulouse\/wp-content\/uploads\/sites\/32\/2025\/09\/toulouse-city.webp\" fetchpriority=\"high\">\n  <style>\n    .inner-banner-section {\n      background-image: url('https:\/\/www.haldren.com\/toulouse\/wp-content\/uploads\/sites\/32\/2025\/09\/toulouse-city.webp');\n      background-size: cover;\n      background-position: center;\n      background-repeat: no-repeat;\n    }\n\n    @media (max-width: 768px) {\n      .inner-banner-section {\n        background-image: url('https:\/\/www.haldren.com\/toulouse\/wp-content\/uploads\/sites\/32\/2025\/09\/toulouse-city.webp');\n      }\n    }\n  <\/style>\n\n<div class=\"block-section inner-banner-section lazyload bg-sty section-gaps top-border-line\">\n  <div class=\"container-fluid\">\n    <div class=\"content-wrap\">\n      <h1 class=\"title\">\n        Services d&#039;acquisition de talents \u00e0 Toulouse       <\/h1>\n      <span style=\"font-size: 18px;\">Mettre en relation les entreprises avec des talents qualifi\u00e9s \u00e0 travers la France et l&#8217;Europe <\/span>\n    <\/div>\n  <\/div>\n<\/div>\n\n\n\n\n<div class=\"wp-block-custom-div-wrapper-block col-wrapper has-sidebar\"><div class=\"content-wrapper\" style=\"background-color:#002a26\">\n<div class=\"block-section section-gaps default-content-section \" \n     style=\"--text-color: #ffffff; --bg-color: #119084;\">\n    <div class=\"container\">\n        <div class=\"default-single-content-wrap\">\n            <div class=\"content-wrap\">\n                                    <h2>Premier cabinet d&#8217;acquisition de talents \u00e0 Toulouse<\/h2>\n<p>Chez Haldren, nous transformons les d\u00e9fis du recrutement en avantages concurrentiels en mettant l&#8217;accent sur la pr\u00e9cision, la rapidit\u00e9 et la discr\u00e9tion absolue. Nos consultants g\u00e8rent l&#8217;ensemble du processus de recrutement, identifiant les professionnels dont l&#8217;expertise et les valeurs peuvent avoir un impact imm\u00e9diat et construire un succ\u00e8s durable. Avec une connaissance approfondie de Toulouse, Paris et d&#8217;autres villes fran\u00e7aises, nous combinons expertise locale et acc\u00e8s international pour aider les entreprises \u00e0 prendre des d\u00e9cisions plus rapides et \u00e0 s&#8217;assurer les talents les plus qualifi\u00e9s.<\/p>\n<p>L&#8217;excellence dans des secteurs cl\u00e9s tels que l&#8217;ing\u00e9nierie, la finance, la sant\u00e9 et la technologie exige plus qu&#8217;une simple recherche d&#8217;emploi. Nous utilisons des entretiens structur\u00e9s, des \u00e9valuations psychom\u00e9triques et des syst\u00e8mes de suivi avanc\u00e9s pour mettre en relation les demandeurs d&#8217;emploi et les entreprises ambitieuses. Pour que le recrutement reste efficace, nous r\u00e9pondons d&#8217;embl\u00e9e aux attentes en mati\u00e8re de salaires, de d\u00e9lais de pr\u00e9avis et de d\u00e9m\u00e9nagement, ce qui raccourcit les d\u00e9lais et donne aux candidats une transparence totale sur les possibilit\u00e9s d&#8217;emploi.<\/p>\n<blockquote><p><strong>Les clients font confiance \u00e0 Haldren parce que nous sommes plus qu&#8217;une agence de recrutement &#8211; nous sommes un cabinet de recrutement qui offre une couverture mondiale, un traitement confidentiel et un r\u00e9seau de consultants qui fournit constamment des professionnels qui font toute la diff\u00e9rence.<\/strong><\/p><\/blockquote>\n<h2>Cabinet de recrutement de cadres de premier plan dans le domaine de l&#8217;acquisition de talents<\/h2>\n<p>Chaque recherche que nous entreprenons est guid\u00e9e par un objectif clair. Nous nous attachons \u00e0 renforcer les organisations en trouvant des dirigeants qui stimulent la croissance, et nous fondons notre travail sur l&#8217;\u00e9quit\u00e9, la responsabilit\u00e9 et la confidentialit\u00e9 totale. Nos consultants utilisent les donn\u00e9es actuelles du march\u00e9, des r\u00e9seaux \u00e9tablis et une expertise de premi\u00e8re main pour identifier les candidats qui apportent \u00e0 la fois des comp\u00e9tences et une valeur \u00e0 long terme.<\/p>\n<h4>L&#8217;\u00e9valuation<\/h4>\n<p>Notre processus d&#8217;\u00e9valuation associe des tableaux de bord sp\u00e9cifiques aux fonctions, des entretiens comportementaux et des outils psychom\u00e9triques \u00e9prouv\u00e9s. Nous disposons ainsi d&#8217;une m\u00e9thode coh\u00e9rente et objective pour \u00e9valuer les comp\u00e9tences de chaque candidat. Cette approche d\u00e9taill\u00e9e fournit une image claire des comp\u00e9tences et des points forts d&#8217;une personne, aidant nos clients \u00e0 prendre des d\u00e9cisions en toute confiance, bas\u00e9es sur des preuves solides et non sur des suppositions.<\/p>\n<h4>Acquisition de talents<\/h4>\n<p>Nous trouvons, apprenons \u00e0 conna\u00eetre et pr\u00e9sentons des professionnels qui correspondent parfaitement aux exigences du poste et \u00e0 la culture de l&#8217;entreprise. Nous pr\u00e9sentons les candidats dans une simple comparaison c\u00f4te \u00e0 c\u00f4te avec les besoins convenus, ce qui facilite la d\u00e9finition des priorit\u00e9s. Cette combinaison de travail minutieux et d&#8217;efficacit\u00e9 am\u00e9liore la qualit\u00e9 de l&#8217;embauche tout en r\u00e9duisant le temps n\u00e9cessaire pour pourvoir un poste.<\/p>\n<h4>Transformation organisationnelle<\/h4>\n<p>Les p\u00e9riodes de croissance, de restructuration ou de changement de strat\u00e9gie requi\u00e8rent une approche flexible du recrutement. Qu&#8217;il s&#8217;agisse de placer des dirigeants temporaires ou des cadres permanents, nous associons chaque embauche aux objectifs de l&#8217;entreprise afin de l&#8217;aider \u00e0 maintenir son \u00e9lan. En anticipant les besoins d&#8217;une entreprise, nous l&#8217;aidons \u00e0 progresser sans interruption.<\/p>\n<h2>Notre approche de l&#8217;acquisition de talents<\/h2>\n<p>L&#8217;approche de Haldren en mati\u00e8re de recrutement repose sur un processus que nous avons affin\u00e9 au fil des ans. Chaque projet commence par des conversations approfondies pour bien comprendre les objectifs de l&#8217;entreprise, sa culture et les d\u00e9tails du poste. Nos consultants cartographient ensuite le march\u00e9 des talents, examinent les donn\u00e9es relatives \u00e0 la r\u00e9mun\u00e9ration et contactent les professionnels qui recherchent activement un nouvel emploi ou qui sont pr\u00eats \u00e0 le faire.<\/p>\n<p>La technologie nous aide \u00e0 travailler plus efficacement. Des syst\u00e8mes de suivi modernes permettent \u00e0 chacun d&#8217;\u00eatre inform\u00e9, tandis que les donn\u00e9es sur les tendances en mati\u00e8re de recrutement nous donnent des indications importantes. Nous proc\u00e9dons \u00e0 des v\u00e9rifications approfondies des ant\u00e9c\u00e9dents et des r\u00e9f\u00e9rences afin de pr\u00e9venir les probl\u00e8mes, et nos profils de personnalit\u00e9 et de comp\u00e9tences ajoutent une couche suppl\u00e9mentaire de compr\u00e9hension \u00e0 nos \u00e9valuations. Le r\u00e9sultat est une liste de candidats qui allient de solides comp\u00e9tences techniques \u00e0 des qualit\u00e9s de leadership.<\/p>\n<p>Nous savons que des \u00e9quipes diversifi\u00e9es rendent les organisations plus performantes. Nos pratiques de recherche sont con\u00e7ues pour \u00eatre inclusives, ce qui \u00e9largit le bassin de candidats et apporte des perspectives diff\u00e9rentes qui am\u00e9liorent la prise de d\u00e9cision. Nos consultants sont form\u00e9s pour rep\u00e9rer les pr\u00e9jug\u00e9s et s&#8217;assurer que chacun est \u00e9valu\u00e9 \u00e9quitablement, en pr\u00e9sentant des personnes qui refl\u00e8tent la richesse de la communaut\u00e9 professionnelle de notre r\u00e9gion.<\/p>\n<p>Nous nous concentrons sur les r\u00e9sultats. Contrairement aux pratiques de recrutement habituelles, notre approche ne se limite pas \u00e0 pourvoir des postes. Nous accompagnons nos clients lors des entretiens, de la n\u00e9gociation des salaires et de l&#8217;int\u00e9gration, en veillant \u00e0 ce que les nouvelles recrues r\u00e9ussissent. Ce processus complet permet de r\u00e9duire les d\u00e9parts pr\u00e9coces, d&#8217;am\u00e9liorer les performances et de renforcer les partenariats durables.<\/p>\n<h2>Notre exp\u00e9rience en tant que leader du recrutement de cadres \u00e0 Toulouse<\/h2>\n<p>Chaque consultant Haldren poss\u00e8de des connaissances pratiques et une expertise sectorielle. Les membres de notre \u00e9quipe ont une exp\u00e9rience directe dans des domaines tels que les ressources humaines, la finance et l&#8217;ing\u00e9nierie, ce qui leur conf\u00e8re une cr\u00e9dibilit\u00e9 imm\u00e9diate aupr\u00e8s des candidats et des responsables de recrutement. Avec des certifications en outils psychom\u00e9triques, en gestion des talents et en droit du travail, nous suivons les normes internationales tout en respectant la r\u00e9glementation fran\u00e7aise.<\/p>\n<p>Nous apprenons sans cesse. Nous assistons \u00e0 des conf\u00e9rences europ\u00e9ennes sur le recrutement, participons \u00e0 des forums sur les talents num\u00e9riques et mettons constamment \u00e0 jour notre fa\u00e7on de travailler pour rester au fait des tendances de l&#8217;emploi \u00e0 Toulouse et au-del\u00e0. Notre formation, nos certifications industrielles et l&#8217;historique de nos projets r\u00e9ussis d\u00e9montrent notre profond engagement dans notre travail.<\/p>\n<h4>Quelques domaines dans lesquels nous sommes sp\u00e9cialis\u00e9s<\/h4>\n<p>Notre expertise couvre la finance, l&#8217;ing\u00e9nierie, la sant\u00e9, la technologie et les services professionnels &#8211; des secteurs cl\u00e9s de l&#8217;\u00e9conomie toulousaine et fran\u00e7aise. Nous avons \u00e9galement une grande exp\u00e9rience de l&#8217;accompagnement des entreprises internationales dans leur expansion et de l&#8217;aide aux entreprises en forte croissance pour trouver rapidement les dirigeants dont elles ont besoin. Chaque recherche re\u00e7oit toute notre attention, qu&#8217;il s&#8217;agisse de trouver un ing\u00e9nieur sp\u00e9cialis\u00e9 ou de placer un cadre dans le domaine de la sant\u00e9.<\/p>\n<h4>Exemples de fonctions pour lesquelles nous recrutons<\/h4>\n<p>Nous pla\u00e7ons des dirigeants qui contribuent \u00e0 l&#8217;am\u00e9lioration des organisations. Nous nous concentrons sur des postes tels que ceux d&#8217;ing\u00e9nieurs confirm\u00e9s, de directeurs financiers, de responsables des ressources humaines, de gestionnaires de la technologie et de cadres du secteur de la sant\u00e9. \u00c0 tous les niveaux, nous trouvons des professionnels qui rel\u00e8vent les d\u00e9fis et obtiennent des r\u00e9sultats clairs. Notre objectif est de mettre en relation les entreprises avec les personnes qui leur donneront un avantage concurrentiel durable.<\/p>\n<h2>Pourquoi Haldren utilise-t-il une approche personnalis\u00e9e du recrutement ?<\/h2>\n<p>Une approche g\u00e9n\u00e9rique du recrutement ne fonctionne pas car elle ne tient pas compte de ce qui fait la sp\u00e9cificit\u00e9 de chaque entreprise. Nous l&#8217;avons appris de premi\u00e8re main lorsqu&#8217;un client a connu un taux de rotation \u00e9lev\u00e9 parce que ses recruteurs pr\u00e9c\u00e9dents s&#8217;\u00e9taient concentr\u00e9s uniquement sur les CV et n&#8217;avaient pas tenu compte de l&#8217;importance de l&#8217;ad\u00e9quation culturelle. Cette exp\u00e9rience a fa\u00e7onn\u00e9 notre philosophie chez Haldren : le v\u00e9ritable succ\u00e8s vient d&#8217;une approche personnalis\u00e9e.<\/p>\n<p>Aujourd&#8217;hui, chaque recherche que nous menons commence par la compr\u00e9hension du style de leadership de l&#8217;entreprise, de la fa\u00e7on dont ses \u00e9quipes travaillent ensemble et de son approche de la r\u00e9mun\u00e9ration. Prendre ce temps d\u00e8s le d\u00e9part permet de gagner des semaines par la suite et de s&#8217;assurer que les offres d&#8217;emploi sont accept\u00e9es et que les nouveaux collaborateurs peuvent r\u00e9ellement r\u00e9ussir.<\/p>\n<p>Les m\u00e9thodes standardis\u00e9es et universelles ne tiennent pas compte des petits d\u00e9tails qui d\u00e9finissent souvent une bonne embauche. Nos consultants utilisent leur exp\u00e9rience pour fournir un service de recrutement qui construit des organisations solides et ne se contente pas de remplir des si\u00e8ges vides.<\/p>\n<h2>Pourquoi choisir Haldren pour l&#8217;acquisition de talents<\/h2>\n<p>Nous avons b\u00e2ti notre r\u00e9putation sur des r\u00e9sultats constants, des partenariats de confiance et un engagement profond en faveur de la qualit\u00e9. Nous traitons chaque mission avec clart\u00e9 et discr\u00e9tion, en respectant les besoins de nos clients et de nos candidats. De la premi\u00e8re conversation au contrat final, nous assurons la transparence du processus tout en prot\u00e9geant les informations sensibles \u00e0 l&#8217;aide de syst\u00e8mes s\u00e9curis\u00e9s et de mesures de protection strictes. Pour nous, la confidentialit\u00e9 n&#8217;est pas seulement une promesse, c&#8217;est une norme que nous respectons dans tout ce que nous faisons.<\/p>\n<p>L&#8217;\u00e9thique est au c\u0153ur de notre travail. Nous pensons que le processus de recrutement doit \u00eatre d\u00e9fini par des \u00e9valuations \u00e9quitables, des comparaisons \u00e9quilibr\u00e9es et une communication claire. Nous prenons nos d\u00e9cisions en fonction des comp\u00e9tences, de l&#8217;ad\u00e9quation culturelle et du potentiel &#8211; jamais en fonction de pr\u00e9jug\u00e9s ou de pressions ext\u00e9rieures. Cette approche fond\u00e9e sur des principes nous a permis d&#8217;\u00e9tablir des relations durables avec des entreprises \u00e0 Toulouse, Paris et en Europe, qui accordent autant d&#8217;importance \u00e0 la confiance qu&#8217;\u00e0 la performance.<\/p>\n<p>Nous nous concentrons toujours sur les r\u00e9sultats qui comptent. Notre expertise locale nous donne une longueur d&#8217;avance dans la compr\u00e9hension des salaires, des p\u00e9riodes de pr\u00e9avis et des d\u00e9tails culturels, tandis que notre r\u00e9seau international nous permet d&#8217;acc\u00e9der \u00e0 des professionnels de tous les secteurs et de tous les pays.<\/p>\n<blockquote><p><strong>Nous nous attachons \u00e0 trouver des candidats capables de s&#8217;int\u00e9grer \u00e0 un poste et d&#8217;y contribuer d\u00e8s le premier jour. Lorsque vous \u00eates pr\u00eat \u00e0 renforcer votre \u00e9quipe, nous sommes l\u00e0 pour vous fournir les services d&#8217;acquisition de talents \u00e0 Toulouse qui feront une r\u00e9elle diff\u00e9rence.<\/strong><\/p><\/blockquote>\n                            <\/div>\n        <\/div>\n    <\/div>\n<\/div>\n\n<div class=\"block-section accordion-main-section \">\n    <div class=\"container\">    \n                <div class=\"accordion-faqs\">\n            <h2 class=\"m-title\">Frequently Asked Questions (FAQs)<\/h2>\n                        <div class=\"item\">\n                <h3>Comment les consultants Haldren identifient-ils les talents qualifi\u00e9s \u00e0 Toulouse ? <\/h3>\n                <div class=\"faq-content\"><p>Nous utilisons une combinaison d&#8217;\u00e9tudes de march\u00e9, de contacts directs et notre r\u00e9seau \u00e9tabli pour trouver des personnes talentueuses, y compris celles qui ne sont pas activement \u00e0 la recherche d&#8217;un nouvel emploi. Nous utilisons ensuite des entretiens approfondis et des outils d&#8217;\u00e9valuation \u00e9prouv\u00e9s pour garantir une \u00e9valuation compl\u00e8te.<\/p>\n<\/div>\n            <\/div>\n                        <div class=\"item\">\n                <h3>Quels sont les secteurs d&#039;activit\u00e9 couverts par vos services d&#039;acquisition de talents ? <\/h3>\n                <div class=\"faq-content\"><p>Nos principaux domaines sont la finance, les soins de sant\u00e9, la technologie et l&#8217;ing\u00e9nierie, ainsi que les services professionnels et le soutien aux entreprises qui se d\u00e9veloppent \u00e0 l&#8217;international. Nous adaptons notre processus aux besoins sp\u00e9cifiques de chaque secteur.<\/p>\n<\/div>\n            <\/div>\n                        <div class=\"item\">\n                <h3>Comment Haldren prot\u00e8ge-t-il la vie priv\u00e9e des clients et des candidats ? <\/h3>\n                <div class=\"faq-content\"><p>Nous utilisons des mesures de s\u00e9curit\u00e9 pour prot\u00e9ger chaque conversation et chaque donn\u00e9e. Les dossiers des candidats sont crypt\u00e9s et ne peuvent \u00eatre consult\u00e9s que par le consultant d\u00e9sign\u00e9. Nous demandons toujours une autorisation claire avant de partager toute information.<\/p>\n<\/div>\n            <\/div>\n                    <\/div>\n            <\/div>\n<\/div><\/div><div class=\"sidebar-wrapper\">\n<div class=\"wpcf7 no-js\" id=\"wpcf7-f49-o1\" lang=\"\" dir=\"ltr\" data-wpcf7-id=\"49\">\n<div class=\"screen-reader-response\"><p role=\"status\" aria-live=\"polite\" aria-atomic=\"true\"><\/p> <ul><\/ul><\/div>\n<form action=\"\/toulouse\/wp-json\/wp\/v2\/pages\/190#wpcf7-f49-o1\" method=\"post\" class=\"wpcf7-form init\" aria-label=\"Contact form\" enctype=\"multipart\/form-data\" novalidate=\"novalidate\" data-status=\"init\">\n<fieldset class=\"hidden-fields-container\"><input type=\"hidden\" name=\"_wpcf7\" value=\"49\" \/><input type=\"hidden\" name=\"_wpcf7_version\" value=\"6.1.5\" \/><input type=\"hidden\" name=\"_wpcf7_locale\" value=\"\" \/><input type=\"hidden\" name=\"_wpcf7_unit_tag\" value=\"wpcf7-f49-o1\" \/><input type=\"hidden\" name=\"_wpcf7_container_post\" value=\"0\" \/><input type=\"hidden\" name=\"_wpcf7_posted_data_hash\" value=\"\" \/>\n<\/fieldset>\n<input class=\"wpcf7-form-control wpcf7-hidden\" id=\"utm_source\" value=\"\" type=\"hidden\" name=\"utm_source\" \/>\n<input class=\"wpcf7-form-control wpcf7-hidden\" id=\"utm_medium\" value=\"\" type=\"hidden\" name=\"utm_medium\" \/>\n<input class=\"wpcf7-form-control wpcf7-hidden\" id=\"sideform_user_country\" value=\"\" type=\"hidden\" name=\"userCountry\" \/>\n<div class=\"form-grid-layout\">\n\t<div class=\"form-title\">\n\t\t<h2 class=\"title\">Thrive with Top Talent<br \/>\n- No Upfronts Fees\n\t\t<\/h2>\n\t\t<p>Have it easier with video interview clips and a candidate shortlist within 2-3 weeks\n\t\t<\/p>\n\t<\/div>\n\t<div class=\"input-field\">\n\t\t<p><label for=\"\">Name<\/label><br \/>\n<span class=\"wpcf7-form-control-wrap\" data-name=\"full-Name\"><input size=\"40\" maxlength=\"400\" class=\"wpcf7-form-control wpcf7-text wpcf7-validates-as-required\" aria-required=\"true\" aria-invalid=\"false\" value=\"\" type=\"text\" name=\"full-Name\" \/><\/span>\n\t\t<\/p>\n\t<\/div>\n\t<div class=\"input-field\">\n\t\t<p><label for=\"\">Email Address<\/label><br \/>\n<span class=\"wpcf7-form-control-wrap\" data-name=\"email-address\"><input size=\"40\" maxlength=\"400\" class=\"wpcf7-form-control wpcf7-email wpcf7-validates-as-required wpcf7-text wpcf7-validates-as-email\" aria-required=\"true\" aria-invalid=\"false\" value=\"\" type=\"email\" name=\"email-address\" \/><\/span>\n\t\t<\/p>\n\t<\/div>\n\t<div class=\"input-field\">\n\t\t<p><label for=\"\">Company<\/label><br \/>\n<span class=\"wpcf7-form-control-wrap\" data-name=\"company\"><input size=\"40\" maxlength=\"400\" class=\"wpcf7-form-control wpcf7-text\" aria-invalid=\"false\" value=\"\" type=\"text\" name=\"company\" \/><\/span>\n\t\t<\/p>\n\t<\/div>\n\t<div class=\"radiobox-field\">\n\t\t<p><span class=\"wpcf7-form-control-wrap\" data-name=\"radio-721company-status\"><span class=\"wpcf7-form-control wpcf7-radio\"><span class=\"wpcf7-list-item first\"><label><input type=\"radio\" name=\"radio-721company-status\" value=\"{Employer}\" \/><span class=\"wpcf7-list-item-label\">Employer<\/span><\/label><\/span><span class=\"wpcf7-list-item last\"><label><input type=\"radio\" name=\"radio-721company-status\" value=\"{Candidate}\" \/><span class=\"wpcf7-list-item-label\">Candidate<\/span><\/label><\/span><\/span><\/span>\n\t\t<\/p>\n\t<\/div>\n\t<div class=\"input-field\">\n\t\t<p><span class=\"wpcf7-form-control-wrap\" data-name=\"file-upload\"><input size=\"40\" class=\"wpcf7-form-control wpcf7-file\" accept=\".pdf\" aria-invalid=\"false\" type=\"file\" name=\"file-upload\" \/><\/span>\n\t\t<\/p>\n\t<\/div>\n\t<div class=\"textarea-field\">\n\t\t<p><label for=\"\">How can we help you?<\/label><br \/>\n<span class=\"wpcf7-form-control-wrap\" data-name=\"message\"><textarea cols=\"40\" rows=\"10\" maxlength=\"2000\" class=\"wpcf7-form-control wpcf7-textarea\" aria-invalid=\"false\" name=\"message\"><\/textarea><\/span>\n\t\t<\/p>\n\t<\/div>\n\t<p><span id=\"wpcf7-6a04716a523b0-wrapper\" class=\"wpcf7-form-control-wrap nickname-wrap\" ><input id=\"wpcf7-6a04716a523b0-field\"  class=\"wpcf7-form-control wpcf7-text\" type=\"text\" name=\"nickname\" value=\"\" size=\"40\" tabindex=\"-1\" autocomplete=\"off\" \/><\/span>\n\t<\/p>\n\t<div class=\"form-term\">\n\t\t<p>Submission of this form means you have agreed to our <a href=\"\/privacy-policy\/\" title=\"\">Privacy Policy<\/a> and <a href=\"\/terms-of-service\/\" title=\"\">Terms Conditions<\/a>\n\t\t<\/p>\n\t<\/div>\n\t<div class=\"submit-btn\">\n\t\t<p><input class=\"wpcf7-form-control wpcf7-submit has-spinner btn-box\" type=\"submit\" value=\"Get in Touch\" \/>\n\t\t<\/p>\n\t<\/div>\n<\/div><div class=\"wpcf7-response-output\" aria-hidden=\"true\"><\/div>\n<\/form>\n<\/div>\n<\/div><\/div>\n\n\n<div class=\"block-section client-reviews-slider \" style=\"background-color: #119084\">  \n    <div class=\"container\">\n                <div class=\"splide client-slider\">\n            <div class=\"splide__track\">\n                <div class=\"splide__list\">\n                                        <div class=\"splide__slide\">\n                        <div class=\"content-box\">\n                            <div class=\"content\">\n                                <p>&#8220;Haldren a transform\u00e9 notre recherche complexe \u00e0 Toulouse en un succ\u00e8s rationalis\u00e9. Leur expertise salariale et leurs comp\u00e9tences en mati\u00e8re de n\u00e9gociation nous ont permis de trouver le candidat id\u00e9al dans les limites de notre budget. La qualit\u00e9 de la pr\u00e9s\u00e9lection a d\u00e9pass\u00e9 toutes nos attentes.<\/p>\n                            <\/div>\n                                                        <div class=\"name\">\n                                <strong>Julien P.<\/strong>, \n                                Directeur principal des ressources humaines                             <\/div>\n                                                    <\/div>\n                    <\/div>\n                                        <div class=\"splide__slide\">\n                        <div class=\"content-box\">\n                            <div class=\"content\">\n                                <p>&#8220;Lorsque nous avons eu un besoin urgent de managers exp\u00e9riment\u00e9s, Haldren nous a fourni des professionnels pr\u00eats \u00e0 intervenir imm\u00e9diatement. La transparence totale, le respect des d\u00e9lais et la qualit\u00e9 exceptionnelle des candidats ont transform\u00e9 la dynamique de notre \u00e9quipe.<\/p>\n                            <\/div>\n                                                        <div class=\"name\">\n                                <strong>Claire D.<\/strong>, \n                                Responsable des finances                             <\/div>\n                                                    <\/div>\n                    <\/div>\n                                        <div class=\"splide__slide\">\n                        <div class=\"content-box\">\n                            <div class=\"content\">\n                                <p>&#8220;Haldren a relev\u00e9 le d\u00e9fi de notre recrutement d&#8217;ing\u00e9nieurs en cartographiant le march\u00e9, en atteignant des sp\u00e9cialistes inaccessibles et en obtenant 100 % d&#8217;acceptation des offres. Ce partenariat a red\u00e9fini nos attentes en mati\u00e8re d&#8217;acquisition de talents&#8221;.<\/p>\n                            <\/div>\n                                                        <div class=\"name\">\n                                <strong>Marc L.<\/strong>, \n                                Cadre ing\u00e9nieur                             <\/div>\n                                                    <\/div>\n                    <\/div>\n                                    <\/div>\n            <\/div>\n        <\/div>\n            <\/div>\n<\/div>","protected":false},"excerpt":{"rendered":"","protected":false},"author":10,"featured_media":0,"parent":188,"menu_order":0,"comment_status":"closed","ping_status":"closed","template":"","meta":{"_acf_changed":false,"footnotes":""},"class_list":["post-190","page","type-page","status-publish","hentry"],"acf":[],"lang":"fr","translations":{"fr":190,"en":53},"jetpack_sharing_enabled":true,"pll_sync_post":[],"_links":{"self":[{"href":"https:\/\/www.haldren.com\/toulouse\/wp-json\/wp\/v2\/pages\/190","targetHints":{"allow":["GET"]}}],"collection":[{"href":"https:\/\/www.haldren.com\/toulouse\/wp-json\/wp\/v2\/pages"}],"about":[{"href":"https:\/\/www.haldren.com\/toulouse\/wp-json\/wp\/v2\/types\/page"}],"author":[{"embeddable":true,"href":"https:\/\/www.haldren.com\/toulouse\/wp-json\/wp\/v2\/users\/10"}],"replies":[{"embeddable":true,"href":"https:\/\/www.haldren.com\/toulouse\/wp-json\/wp\/v2\/comments?post=190"}],"version-history":[{"count":1,"href":"https:\/\/www.haldren.com\/toulouse\/wp-json\/wp\/v2\/pages\/190\/revisions"}],"predecessor-version":[{"id":213,"href":"https:\/\/www.haldren.com\/toulouse\/wp-json\/wp\/v2\/pages\/190\/revisions\/213"}],"up":[{"embeddable":true,"href":"https:\/\/www.haldren.com\/toulouse\/wp-json\/wp\/v2\/pages\/188"}],"wp:attachment":[{"href":"https:\/\/www.haldren.com\/toulouse\/wp-json\/wp\/v2\/media?parent=190"}],"curies":[{"name":"wp","href":"https:\/\/api.w.org\/{rel}","templated":true}]}}