{"id":194,"date":"2025-09-16T06:02:56","date_gmt":"2025-09-16T06:02:56","guid":{"rendered":"https:\/\/www.haldren.com\/toulouse\/?page_id=68"},"modified":"2025-11-11T09:05:58","modified_gmt":"2025-11-11T09:05:58","slug":"gestion-interimaire","status":"publish","type":"page","link":"https:\/\/www.haldren.com\/toulouse\/fr\/acquisition-de-talents\/gestion-interimaire\/","title":{"rendered":"Gestion int\u00e9rimaire"},"content":{"rendered":"\n  <link rel=\"preload\" as=\"image\" href=\"https:\/\/www.haldren.com\/toulouse\/wp-content\/uploads\/sites\/32\/2025\/09\/toulouse-city.webp\" fetchpriority=\"high\">\n  <style>\n    .inner-banner-section {\n      background-image: url('https:\/\/www.haldren.com\/toulouse\/wp-content\/uploads\/sites\/32\/2025\/09\/toulouse-city.webp');\n      background-size: cover;\n      background-position: center;\n      background-repeat: no-repeat;\n    }\n\n    @media (max-width: 768px) {\n      .inner-banner-section {\n        background-image: url('https:\/\/www.haldren.com\/toulouse\/wp-content\/uploads\/sites\/32\/2025\/09\/toulouse-city.webp');\n      }\n    }\n  <\/style>\n\n<div class=\"block-section inner-banner-section lazyload bg-sty section-gaps top-border-line\">\n  <div class=\"container-fluid\">\n    <div class=\"content-wrap\">\n      <h1 class=\"title\">\n        Services de gestion int\u00e9rimaire \u00e0 Toulouse      <\/h1>\n      <span style=\"font-size: 18px;\">Des dirigeants int\u00e9rimaires exp\u00e9riment\u00e9s pour les besoins imm\u00e9diats des entreprises<\/span>\n    <\/div>\n  <\/div>\n<\/div>\n\n\n\n\n<div class=\"wp-block-custom-div-wrapper-block col-wrapper has-sidebar\"><div class=\"content-wrapper\" style=\"background-color:#002a26\">\n<div class=\"block-section section-gaps default-content-section \" \n     style=\"--text-color: #ffffff; --bg-color: #119084;\">\n    <div class=\"container\">\n        <div class=\"default-single-content-wrap\">\n            <div class=\"content-wrap\">\n                                    <h2>Premier cabinet de management de transition \u00e0 Toulouse<\/h2>\n<p>Nous fournissons des services de management de transition \u00e0 Toulouse avec discr\u00e9tion, rapidit\u00e9 et pr\u00e9cision. Notre r\u00e9putation repose sur la force de nos consultants, qui apportent une exp\u00e9rience approfondie dans tous les secteurs d&#8217;activit\u00e9 et un engagement ferme en faveur de pratiques \u00e9thiques. Les entreprises s&#8217;associent \u00e0 nous parce que chaque mission commence par un processus clair, une stricte confidentialit\u00e9 et des r\u00e9sultats mesurables.<\/p>\n<p>Nos managers de transition sont pr\u00eats \u00e0 devenir op\u00e9rationnels, capables d&#8217;occuper des postes de direction dans des d\u00e9lais tr\u00e8s courts et de r\u00e9soudre des probl\u00e8mes critiques d&#8217;une main ferme. Nous accompagnons les entreprises de la r\u00e9gion Occitanie et d&#8217;Europe, qu&#8217;il s&#8217;agisse de grands groupes ou d&#8217;entreprises en croissance, en veillant \u00e0 ce que les dirigeants soient en place lorsque la stabilit\u00e9 et la direction sont les plus importantes.<\/p>\n<p>Nous nous distinguons en tant que cabinet de management de transition en associant une vision locale \u00e0 une port\u00e9e internationale. Notre approche du conseil met l&#8217;accent sur la collaboration et la mise en \u0153uvre pratique, garantissant que chaque mission produise des r\u00e9sultats durables.<\/p>\n<blockquote><p><strong>Haldren est un partenaire de confiance pour le management de transition \u00e0 Toulouse, fournissant des dirigeants qui renforcent les organisations \u00e0 des moments cruciaux.<\/strong><\/p><\/blockquote>\n<h2>Cabinet de recrutement de cadres de haut niveau \u00e0 Toulouse<\/h2>\n<p>L&#8217;importance que nous accordons au management de transition guide tout ce que nous faisons. Nous pensons que les entreprises sont plus performantes lorsque leurs dirigeants alignent la strat\u00e9gie sur l&#8217;ex\u00e9cution, guidant l&#8217;organisation \u00e0 travers des d\u00e9fis complexes tout en favorisant la croissance. Nos consultants apportent leur expertise en mati\u00e8re de gestion de crise, de transformation num\u00e9rique et de leadership en ressources humaines, offrant des solutions qui vont au-del\u00e0 des correctifs temporaires.<\/p>\n<h4>L&#8217;\u00e9valuation<\/h4>\n<p>Chaque engagement commence par une \u00e9valuation approfondie des objectifs de l&#8217;entreprise, des lacunes en mati\u00e8re de leadership et des besoins du projet. Nous travaillons ensemble pour d\u00e9finir le profil du manager de transition id\u00e9al en int\u00e9grant la culture et les objectifs op\u00e9rationnels. Au-del\u00e0 de l&#8217;exp\u00e9rience professionnelle, nous prenons en compte la motivation, l&#8217;adaptabilit\u00e9 et le style de leadership pour trouver la bonne personne.<\/p>\n<h4>Acquisition de talents<\/h4>\n<p>Nous nous appuyons sur un vaste r\u00e9seau de cadres en France et dans d&#8217;autres parties de l&#8217;Europe. Notre processus combine une approche directe et personnelle avec des outils modernes pour entrer en contact avec des candidats qui sont pr\u00eats \u00e0 donner le meilleur d&#8217;eux-m\u00eames. Ces managers de transition sont issus de secteurs tels que l&#8217;a\u00e9rospatiale, le tourisme et le conseil, et offrent l&#8217;expertise n\u00e9cessaire pour relever les diff\u00e9rents d\u00e9fis de l&#8217;entreprise.<\/p>\n<h4>Transformation organisationnelle<\/h4>\n<p>Notre soutien va bien au-del\u00e0 de la phase de recrutement. Nous donnons des conseils sur l&#8217;\u00e9valuation du leadership, la planification de la succession et les consultations des directeurs des ressources humaines qui renforcent la stabilit\u00e9 \u00e0 long terme. En int\u00e9grant les solutions de ressources humaines aux services de leadership, nous aidons nos clients \u00e0 assurer un succ\u00e8s durable.<\/p>\n<h2>Notre approche du management de transition<\/h2>\n<p>Nous consid\u00e9rons le management de transition comme une solution rapide et un puissant moteur de d\u00e9veloppement. Chaque projet commence par des sessions de d\u00e9couverte, au cours desquelles nos consultants \u00e9tudient le mod\u00e8le d&#8217;entreprise, ses op\u00e9rations et ses priorit\u00e9s strat\u00e9giques. Ce travail de fond permet de s&#8217;assurer que chaque mission s&#8217;aligne sur les objectifs de l&#8217;entreprise et r\u00e9pond \u00e0 des besoins sp\u00e9cifiques.<\/p>\n<p>A partir de l\u00e0, nous cartographions le march\u00e9, en combinant notre connaissance r\u00e9gionale de la r\u00e9gion Occitanie avec un r\u00e9seau international. Les profils des candidats sont \u00e9valu\u00e9s sur la base de l&#8217;expertise technique, des comp\u00e9tences en leadership et de l&#8217;alignement culturel. Des entretiens structur\u00e9s, des tests psychom\u00e9triques et des \u00e9valuations de comp\u00e9tences confirment que seuls les candidats les plus appropri\u00e9s sont retenus.<\/p>\n<p>Nos m\u00e9thodes de sourcing combinent le recrutement traditionnel avec des outils num\u00e9riques, y compris des bases de donn\u00e9es de cadres, des r\u00e9seaux sociaux et de la publicit\u00e9 cibl\u00e9e. Cela nous permet d&#8217;entrer en contact avec des dirigeants actifs et des candidats passifs qui ne sont peut-\u00eatre pas ouvertement \u00e0 la recherche d&#8217;un poste int\u00e9rimaire. Le r\u00e9sultat est un acc\u00e8s \u00e0 des managers hautement qualifi\u00e9s \u00e0 Toulouse et dans d&#8217;autres grandes villes de France.<\/p>\n<p>Nous g\u00e9rons l&#8217;ensemble du processus, du premier briefing \u00e0 l&#8217;onboarding, ce qui inclut la planification des entretiens, l&#8217;alignement sur le salaire et le respect de la l\u00e9gislation du travail. Par rapport aux pratiques habituelles des cabinets de recrutement, notre processus structur\u00e9 et notre approche directe permettent de recruter des cadres pr\u00eats \u00e0 g\u00e9rer des projets critiques et \u00e0 diriger en toute confiance.<\/p>\n<h2>Notre expertise en tant que leader du recrutement de cadres \u00e0 Toulouse<\/h2>\n<p>Nous recrutons dans les secteurs cl\u00e9s de l&#8217;\u00e9conomie toulousaine et de la r\u00e9gion Occitanie. Notre expertise couvre l&#8217;a\u00e9rospatiale, l&#8217;industrie manufacturi\u00e8re, le tourisme, les produits de luxe et la sant\u00e9. Nos consultants comprennent les d\u00e9fis sp\u00e9cifiques \u00e0 chaque secteur et peuvent identifier les comp\u00e9tences requises pour les surmonter. Nous proposons un management de transition qui stabilise les entreprises aujourd&#8217;hui tout en les pr\u00e9parant \u00e0 la croissance de demain.<\/p>\n<p>Notre \u00e9quipe reste pr\u00e9sente tout au long de la mission, soutenant les employ\u00e9s, les directeurs et les parties prenantes au fur et \u00e0 mesure que le manager de transition s&#8217;int\u00e8gre dans l&#8217;organisation. Avec des ann\u00e9es d&#8217;exp\u00e9rience dans le recrutement de cadres, nous apportons le r\u00e9seau et les connaissances n\u00e9cessaires pour trouver les bons talents pour divers postes et fonctions de direction.<\/p>\n<h4>Quelques domaines dans lesquels nous sommes sp\u00e9cialis\u00e9s<\/h4>\n<p>Nous soutenons des clients dans les domaines de l&#8217;a\u00e9rospatiale, de l&#8217;ing\u00e9nierie, du tourisme, de la finance et du conseil. Nos managers de transition contribuent \u00e9galement \u00e0 des secteurs tels que les services num\u00e9riques et la sant\u00e9 \u00e0 Toulouse, dans la r\u00e9gion Occitanie et dans d&#8217;autres parties de la France. Chaque projet refl\u00e8te notre engagement \u00e0 favoriser la croissance et \u00e0 produire des r\u00e9sultats mesurables.<\/p>\n<h4>Exemples de postes pour lesquels nous recrutons<\/h4>\n<p>Nos missions de management de transition couvrent la direction g\u00e9n\u00e9rale, les op\u00e9rations, les ressources humaines et la finance. Nous pla\u00e7ons r\u00e9guli\u00e8rement des managers de transition \u00e0 des postes tels que directeur g\u00e9n\u00e9ral, directeur des ressources humaines, et d&#8217;autres cadres sup\u00e9rieurs qui dirigent des projets essentiels. Chaque recherche est motiv\u00e9e par une mission, ax\u00e9e sur la mise en relation des entreprises avec le talent ad\u00e9quat pour le d\u00e9fi \u00e0 relever.<\/p>\n<blockquote><p><strong>Si votre entreprise recherche un manager de transition \u00e0 Toulouse, contactez Haldren d\u00e8s aujourd&#8217;hui pour discuter de la mani\u00e8re dont nous pouvons vous aider \u00e0 trouver des leaders pour des postes de direction dans tous les secteurs d&#8217;activit\u00e9.<\/strong><\/p><\/blockquote>\n<h2>Pourquoi Haldren utilise-t-il une approche personnalis\u00e9e du recrutement ?<\/h2>\n<p>Il n&#8217;y a pas deux projets identiques. Une approche g\u00e9n\u00e9rique passe souvent \u00e0 c\u00f4t\u00e9 des besoins sp\u00e9cifiques d&#8217;une entreprise confront\u00e9e \u00e0 un d\u00e9fi majeur. C&#8217;est pourquoi nos consultants con\u00e7oivent chaque processus en fonction du contexte du client, qu&#8217;il s&#8217;agisse de gestion de crise, de transformation num\u00e9rique ou de stabilisation d&#8217;une nouvelle activit\u00e9.<\/p>\n<p>Dans le cadre d&#8217;une mission r\u00e9cente, un client avait besoin d&#8217;un dirigeant dans un d\u00e9lai tr\u00e8s court. Au lieu de puiser dans une liste g\u00e9n\u00e9rique de candidats, nous avons combin\u00e9 une \u00e9valuation structur\u00e9e, des entretiens cibl\u00e9s et une recherche cibl\u00e9e dans le r\u00e9seau. En l&#8217;espace de quelques semaines, le manager int\u00e9rimaire \u00e9tait en place et produisait des r\u00e9sultats. De telles exp\u00e9riences confirment l&#8217;importance d&#8217;un soutien sur mesure et d&#8217;un processus r\u00e9fl\u00e9chi.<\/p>\n<p>En nous appuyant sur les le\u00e7ons tir\u00e9es de l&#8217;exp\u00e9rience dans tous les secteurs et avec de grands groupes en France et en Europe, nous affinons continuellement nos m\u00e9thodes pour fournir ce qui fonctionne dans la pratique. Notre capacit\u00e9 \u00e0 nous adapter tout en prot\u00e9geant la confidentialit\u00e9 et en respectant les normes \u00e9thiques signifie que les clients re\u00e7oivent plus que de simples candidats &#8211; ils gagnent des leaders pr\u00eats \u00e0 cr\u00e9er un impact imm\u00e9diat.<\/p>\n<h2>Pourquoi choisir Haldren pour le management de transition<\/h2>\n<p>La confiance est au c\u0153ur de notre travail dans le domaine du management de transition. Chez Haldren, cette confiance repose sur un engagement de confidentialit\u00e9, de fiabilit\u00e9 et de r\u00e9sultats. Nos consultants sont reconnus pour leur discr\u00e9tion et leur capacit\u00e9 \u00e0 g\u00e9rer des projets critiques avec clart\u00e9, qu&#8217;il s&#8217;agisse de stabiliser des op\u00e9rations ou de conduire une transformation majeure.<\/p>\n<p>Les clients reviennent vers nous parce que nous combinons une port\u00e9e internationale avec une connaissance locale approfondie de Toulouse et de la r\u00e9gion Occitanie. Notre processus est structur\u00e9, nos normes sont \u00e9lev\u00e9es et nous nous concentrons sur les cadres qui sont capables d&#8217;agir sous pression. De la gestion de crise au soutien des ressources humaines, nous fournissons des conseils qui vont bien au-del\u00e0 du placement.<\/p>\n<p>Pour nous, le management de transition ne se limite pas \u00e0 remplir un r\u00f4le. Il s&#8217;agit de renforcer une entreprise \u00e0 un moment d\u00e9cisif et de jeter les bases d&#8217;une croissance future. Avec Haldren, une organisation gagne un partenaire de recrutement engag\u00e9 dans l&#8217;\u00e9thique, la transparence et le succ\u00e8s partag\u00e9.<\/p>\n<blockquote><p><strong>Contactez Haldren d\u00e8s aujourd&#8217;hui pour savoir comment nous pouvons soutenir votre entreprise avec des managers de transition exp\u00e9riment\u00e9s \u00e0 Toulouse et dans toute la France.<\/strong><\/p><\/blockquote>\n                            <\/div>\n        <\/div>\n    <\/div>\n<\/div>\n\n<div class=\"block-section accordion-main-section \">\n    <div class=\"container\">    \n                <div class=\"accordion-faqs\">\n            <h2 class=\"m-title\">Frequently Asked Questions (FAQs)<\/h2>\n                        <div class=\"item\">\n                <h3>En combien de temps un manager de transition peut-il \u00eatre en place ?<\/h3>\n                <div class=\"faq-content\"><p>Notre processus structur\u00e9 permet de gagner en rapidit\u00e9 sans sacrifier la qualit\u00e9. La plupart des managers de transition peuvent \u00eatre d\u00e9ploy\u00e9s en quelques semaines, en fonction de l&#8217;ampleur du projet, du secteur et du lieu.<\/p>\n<\/div>\n            <\/div>\n                        <div class=\"item\">\n                <h3>Quels types de d\u00e9fis les managers de transition rel\u00e8vent-ils ?<\/h3>\n                <div class=\"faq-content\"><p>Ils sont amen\u00e9s \u00e0 assurer la stabilit\u00e9 et le leadership dans des situations complexes. Les missions courantes comprennent la gestion des d\u00e9fis op\u00e9rationnels, la gestion d&#8217;une crise et la supervision des projets de transformation num\u00e9rique pendant que des solutions \u00e0 long terme sont \u00e9labor\u00e9es.<\/p>\n<\/div>\n            <\/div>\n                        <div class=\"item\">\n                <h3>Quel est le degr\u00e9 d&#039;implication de Haldren au cours de la mission ?<\/h3>\n                <div class=\"faq-content\"><p>Nos consultants restent engag\u00e9s en tant que partenaires tout au long du processus. Nous sommes pr\u00e9sents depuis l&#8217;\u00e9valuation initiale jusqu&#8217;\u00e0 l&#8217;int\u00e9gration finale, et nous continuons \u00e0 soutenir nos clients et leurs employ\u00e9s une fois le placement termin\u00e9.<\/p>\n<\/div>\n            <\/div>\n                        <div class=\"item\">\n                <h3>Quand les entreprises doivent-elles choisir le management de transition plut\u00f4t que le recrutement permanent ?<\/h3>\n                <div class=\"faq-content\"><p>Le management de transition est id\u00e9al lorsqu&#8217;une entreprise a besoin d&#8217;une expertise et d&#8217;une flexibilit\u00e9 imm\u00e9diates pour un projet critique. Il offre une solution rapide lorsque l&#8217;organisation ne peut se permettre d&#8217;attendre une recherche \u00e0 long terme, en compl\u00e9ment d&#8217;une strat\u00e9gie de recrutement permanent.<\/p>\n<\/div>\n            <\/div>\n                    <\/div>\n            <\/div>\n<\/div><\/div><div class=\"sidebar-wrapper\">\n<div class=\"wpcf7 no-js\" id=\"wpcf7-f49-o1\" lang=\"\" dir=\"ltr\" data-wpcf7-id=\"49\">\n<div class=\"screen-reader-response\"><p role=\"status\" aria-live=\"polite\" aria-atomic=\"true\"><\/p> <ul><\/ul><\/div>\n<form action=\"\/toulouse\/wp-json\/wp\/v2\/pages\/194#wpcf7-f49-o1\" method=\"post\" class=\"wpcf7-form init\" aria-label=\"Contact form\" enctype=\"multipart\/form-data\" novalidate=\"novalidate\" data-status=\"init\">\n<fieldset class=\"hidden-fields-container\"><input type=\"hidden\" name=\"_wpcf7\" value=\"49\" \/><input type=\"hidden\" name=\"_wpcf7_version\" value=\"6.1.5\" \/><input type=\"hidden\" name=\"_wpcf7_locale\" value=\"\" \/><input type=\"hidden\" name=\"_wpcf7_unit_tag\" value=\"wpcf7-f49-o1\" \/><input type=\"hidden\" name=\"_wpcf7_container_post\" value=\"0\" \/><input type=\"hidden\" name=\"_wpcf7_posted_data_hash\" value=\"\" \/>\n<\/fieldset>\n<input class=\"wpcf7-form-control wpcf7-hidden\" id=\"utm_source\" value=\"\" type=\"hidden\" name=\"utm_source\" \/>\n<input class=\"wpcf7-form-control wpcf7-hidden\" id=\"utm_medium\" value=\"\" type=\"hidden\" name=\"utm_medium\" \/>\n<input class=\"wpcf7-form-control wpcf7-hidden\" id=\"sideform_user_country\" value=\"\" type=\"hidden\" name=\"userCountry\" \/>\n<div class=\"form-grid-layout\">\n\t<div class=\"form-title\">\n\t\t<h2 class=\"title\">Thrive with Top Talent<br \/>\n- No Upfronts Fees\n\t\t<\/h2>\n\t\t<p>Have it easier with video interview clips and a candidate shortlist within 2-3 weeks\n\t\t<\/p>\n\t<\/div>\n\t<div class=\"input-field\">\n\t\t<p><label for=\"\">Name<\/label><br \/>\n<span class=\"wpcf7-form-control-wrap\" data-name=\"full-Name\"><input size=\"40\" maxlength=\"400\" class=\"wpcf7-form-control wpcf7-text wpcf7-validates-as-required\" aria-required=\"true\" aria-invalid=\"false\" value=\"\" type=\"text\" name=\"full-Name\" \/><\/span>\n\t\t<\/p>\n\t<\/div>\n\t<div class=\"input-field\">\n\t\t<p><label for=\"\">Email Address<\/label><br \/>\n<span class=\"wpcf7-form-control-wrap\" data-name=\"email-address\"><input size=\"40\" maxlength=\"400\" class=\"wpcf7-form-control wpcf7-email wpcf7-validates-as-required wpcf7-text wpcf7-validates-as-email\" aria-required=\"true\" aria-invalid=\"false\" value=\"\" type=\"email\" name=\"email-address\" \/><\/span>\n\t\t<\/p>\n\t<\/div>\n\t<div class=\"input-field\">\n\t\t<p><label for=\"\">Company<\/label><br \/>\n<span class=\"wpcf7-form-control-wrap\" data-name=\"company\"><input size=\"40\" maxlength=\"400\" class=\"wpcf7-form-control wpcf7-text\" aria-invalid=\"false\" value=\"\" type=\"text\" name=\"company\" \/><\/span>\n\t\t<\/p>\n\t<\/div>\n\t<div class=\"radiobox-field\">\n\t\t<p><span class=\"wpcf7-form-control-wrap\" data-name=\"radio-721company-status\"><span class=\"wpcf7-form-control wpcf7-radio\"><span class=\"wpcf7-list-item first\"><label><input type=\"radio\" name=\"radio-721company-status\" value=\"{Employer}\" \/><span class=\"wpcf7-list-item-label\">Employer<\/span><\/label><\/span><span class=\"wpcf7-list-item last\"><label><input type=\"radio\" name=\"radio-721company-status\" value=\"{Candidate}\" \/><span class=\"wpcf7-list-item-label\">Candidate<\/span><\/label><\/span><\/span><\/span>\n\t\t<\/p>\n\t<\/div>\n\t<div class=\"input-field\">\n\t\t<p><span class=\"wpcf7-form-control-wrap\" data-name=\"file-upload\"><input size=\"40\" class=\"wpcf7-form-control wpcf7-file\" accept=\".pdf\" aria-invalid=\"false\" type=\"file\" name=\"file-upload\" \/><\/span>\n\t\t<\/p>\n\t<\/div>\n\t<div class=\"textarea-field\">\n\t\t<p><label for=\"\">How can we help you?<\/label><br \/>\n<span class=\"wpcf7-form-control-wrap\" data-name=\"message\"><textarea cols=\"40\" rows=\"10\" maxlength=\"2000\" class=\"wpcf7-form-control wpcf7-textarea\" aria-invalid=\"false\" name=\"message\"><\/textarea><\/span>\n\t\t<\/p>\n\t<\/div>\n\t<p><span id=\"wpcf7-6a047e741c9ac-wrapper\" class=\"wpcf7-form-control-wrap nickname-wrap\" ><input id=\"wpcf7-6a047e741c9ac-field\"  class=\"wpcf7-form-control wpcf7-text\" type=\"text\" name=\"nickname\" value=\"\" size=\"40\" tabindex=\"-1\" autocomplete=\"off\" \/><\/span>\n\t<\/p>\n\t<div class=\"form-term\">\n\t\t<p>Submission of this form means you have agreed to our <a href=\"\/privacy-policy\/\" title=\"\">Privacy Policy<\/a> and <a href=\"\/terms-of-service\/\" title=\"\">Terms Conditions<\/a>\n\t\t<\/p>\n\t<\/div>\n\t<div class=\"submit-btn\">\n\t\t<p><input class=\"wpcf7-form-control wpcf7-submit has-spinner btn-box\" type=\"submit\" value=\"Get in Touch\" \/>\n\t\t<\/p>\n\t<\/div>\n<\/div><div class=\"wpcf7-response-output\" aria-hidden=\"true\"><\/div>\n<\/form>\n<\/div>\n<\/div><\/div>\n\n\n<div class=\"block-section client-reviews-slider \" style=\"background-color: #119084\">  \n    <div class=\"container\">\n                <div class=\"splide client-slider\">\n            <div class=\"splide__track\">\n                <div class=\"splide__list\">\n                                        <div class=\"splide__slide\">\n                        <div class=\"content-box\">\n                            <div class=\"content\">\n                                <p>&#8220;Le manager de transition que nous avons engag\u00e9 par l&#8217;interm\u00e9diaire de Haldren a \u00e9t\u00e9 imm\u00e9diatement op\u00e9rationnel et a stabilis\u00e9 nos activit\u00e9s en quelques semaines. Le processus a \u00e9t\u00e9 efficace, discret et rassurant&#8221;.<\/p>\n                            <\/div>\n                                                        <div class=\"name\">\n                                <strong> Claire M.<\/strong>, \n                                Directeur des ressources humaines                            <\/div>\n                                                    <\/div>\n                    <\/div>\n                                        <div class=\"splide__slide\">\n                        <div class=\"content-box\">\n                            <div class=\"content\">\n                                <p>&#8220;Haldren nous a fourni des candidats de qualit\u00e9 pour un projet critique. Leurs consultants ont compris nos besoins sp\u00e9cifiques et ont agi rapidement pour fournir les bons talents.&#8221;<\/p>\n                            <\/div>\n                                                        <div class=\"name\">\n                                <strong>Julien R.<\/strong>, \n                                Directeur g\u00e9n\u00e9ral                            <\/div>\n                                                    <\/div>\n                    <\/div>\n                                        <div class=\"splide__slide\">\n                        <div class=\"content-box\">\n                            <div class=\"content\">\n                                <p>&#8220;Nous avions d\u00e9j\u00e0 travaill\u00e9 avec des cabinets de recrutement, mais les consultants de Haldren se sont distingu\u00e9s par leur expertise et leur v\u00e9ritable engagement. Leur soutien nous a donn\u00e9 confiance \u00e0 chaque \u00e9tape&#8221;.<\/p>\n                            <\/div>\n                                                        <div class=\"name\">\n                                <strong>Sophie L.<\/strong>, \n                                Directeur des ressources humaines                            <\/div>\n                                                    <\/div>\n                    <\/div>\n                                    <\/div>\n            <\/div>\n        <\/div>\n            <\/div>\n<\/div>","protected":false},"excerpt":{"rendered":"","protected":false},"author":10,"featured_media":0,"parent":188,"menu_order":0,"comment_status":"closed","ping_status":"closed","template":"","meta":{"_acf_changed":false,"footnotes":""},"class_list":["post-194","page","type-page","status-publish","hentry"],"acf":[],"lang":"fr","translations":{"fr":194,"en":68},"jetpack_sharing_enabled":true,"pll_sync_post":[],"_links":{"self":[{"href":"https:\/\/www.haldren.com\/toulouse\/wp-json\/wp\/v2\/pages\/194","targetHints":{"allow":["GET"]}}],"collection":[{"href":"https:\/\/www.haldren.com\/toulouse\/wp-json\/wp\/v2\/pages"}],"about":[{"href":"https:\/\/www.haldren.com\/toulouse\/wp-json\/wp\/v2\/types\/page"}],"author":[{"embeddable":true,"href":"https:\/\/www.haldren.com\/toulouse\/wp-json\/wp\/v2\/users\/10"}],"replies":[{"embeddable":true,"href":"https:\/\/www.haldren.com\/toulouse\/wp-json\/wp\/v2\/comments?post=194"}],"version-history":[{"count":1,"href":"https:\/\/www.haldren.com\/toulouse\/wp-json\/wp\/v2\/pages\/194\/revisions"}],"predecessor-version":[{"id":205,"href":"https:\/\/www.haldren.com\/toulouse\/wp-json\/wp\/v2\/pages\/194\/revisions\/205"}],"up":[{"embeddable":true,"href":"https:\/\/www.haldren.com\/toulouse\/wp-json\/wp\/v2\/pages\/188"}],"wp:attachment":[{"href":"https:\/\/www.haldren.com\/toulouse\/wp-json\/wp\/v2\/media?parent=194"}],"curies":[{"name":"wp","href":"https:\/\/api.w.org\/{rel}","templated":true}]}}