{"id":164,"date":"2025-09-19T03:32:07","date_gmt":"2025-09-19T03:32:07","guid":{"rendered":"https:\/\/www.haldren.com\/valencia\/?page_id=64"},"modified":"2025-10-15T05:40:39","modified_gmt":"2025-10-15T05:40:39","slug":"busqueda-de-ejecutivos","status":"publish","type":"page","link":"https:\/\/www.haldren.com\/valencia\/es\/adquisicion-de-talentos\/busqueda-de-ejecutivos\/","title":{"rendered":"B\u00fasqueda de ejecutivos"},"content":{"rendered":"\n  <link rel=\"preload\" as=\"image\" href=\"https:\/\/www.haldren.com\/valencia\/wp-content\/uploads\/sites\/34\/2025\/09\/valencia-city-e1764150340710.webp\" fetchpriority=\"high\">\n  <style>\n    .inner-banner-section {\n      background-image: url('https:\/\/www.haldren.com\/valencia\/wp-content\/uploads\/sites\/34\/2025\/09\/valencia-city-e1764150340710.webp');\n      background-size: cover;\n      background-position: center;\n      background-repeat: no-repeat;\n    }\n\n    @media (max-width: 768px) {\n      .inner-banner-section {\n        background-image: url('https:\/\/www.haldren.com\/valencia\/wp-content\/uploads\/sites\/34\/2025\/09\/valencia-city-e1764150340710.webp');\n      }\n    }\n  <\/style>\n\n<div class=\"block-section inner-banner-section lazyload bg-sty section-gaps top-border-line\">\n  <div class=\"container-fluid\">\n    <div class=\"content-wrap\">\n      <h1 class=\"title\">\n        Servicios de b\u00fasqueda de ejecutivos en Valencia      <\/h1>\n      <span style=\"font-size: 18px;\">Conectando empresas en Valencia con l\u00edderes que ofrecen resultados duraderos<\/span>\n    <\/div>\n  <\/div>\n<\/div>\n\n\n\n\n<div class=\"wp-block-custom-div-wrapper-block col-wrapper has-sidebar\"><div class=\"content-wrapper\" style=\"background-color:#002a26\">\n<div class=\"block-section section-gaps default-content-section \" \n     style=\"--text-color: #ffffff; --bg-color: #119084;\">\n    <div class=\"container\">\n        <div class=\"default-single-content-wrap\">\n            <div class=\"content-wrap\">\n                                    <h2>Empresa l\u00edder en b\u00fasqueda de directivos en Valencia<\/h2>\n<p>Ofrecemos servicios de b\u00fasqueda de directivos en Valencia basados en la profesionalidad, la confidencialidad y una colaboraci\u00f3n consultiva en la que conf\u00edan las principales empresas espa\u00f1olas. Nuestros consultores aportan d\u00e9cadas de experiencia combinada, aplicando una \u00e9tica s\u00f3lida y una metodolog\u00eda estructurada para ayudar a las organizaciones a identificar al candidato ideal para puestos directivos. Cada asignaci\u00f3n se gestiona con absoluta discreci\u00f3n para proteger las decisiones importantes de nuestros clientes.<\/p>\n<p>Entendemos nuestro trabajo como la creaci\u00f3n de asociaciones dise\u00f1adas para el \u00e9xito duradero, una filosof\u00eda que va m\u00e1s all\u00e1 de las simples transacciones. Con una red global y una firme presencia local, nuestro equipo recluta l\u00edderes en todos los sectores, al tiempo que comprende el particular clima empresarial de Valencia. Combinando herramientas innovadoras con m\u00e9todos de b\u00fasqueda probados, ofrecemos resultados de calidad en los que las organizaciones conf\u00edan.<\/p>\n<blockquote><p><strong>Nuestra reputaci\u00f3n en Valencia se basa en un proceso de b\u00fasqueda de directivos basado en la confianza, el alcance internacional y la profunda experiencia de nuestros consultores.<\/strong><\/p><\/blockquote>\n<h2>Empresa l\u00edder en b\u00fasqueda de directivos en Valencia<\/h2>\n<p>Nuestro objetivo es poner en contacto a las organizaciones con ejecutivos que puedan dirigir el crecimiento, fortalecer los equipos de gesti\u00f3n y ofrecer resultados sostenibles. Entendemos que en el actual mercado competitivo por el talento, asegurar los mejores l\u00edderes significa mirar m\u00e1s all\u00e1 de las habilidades t\u00e9cnicas para encontrar individuos con visi\u00f3n, compatibilidad cultural y una probada capacidad de rendimiento.<\/p>\n<h4>Evaluaci\u00f3n<\/h4>\n<p>Cada b\u00fasqueda comienza con un examen minucioso de los objetivos, la cultura y los requisitos espec\u00edficos de contrataci\u00f3n de una organizaci\u00f3n. A partir de esta base, elaboramos un perfil del candidato ideal que describe las cualidades esenciales de liderazgo, las competencias profesionales y la alineaci\u00f3n con los valores de la empresa. Nuestra evaluaci\u00f3n va m\u00e1s all\u00e1 del curr\u00edculum del candidato, ya que tenemos en cuenta su motivaci\u00f3n, integridad y din\u00e1mica interpersonal.<\/p>\n<h4>Adquisici\u00f3n de talento<\/h4>\n<p>Aprovechamos nuestras amplias redes locales e internacionales, junto con referencias industriales de confianza y contactos espec\u00edficos del sector. Al integrar el contacto directo con los modernos canales digitales, nuestra b\u00fasqueda llega tanto a los solicitantes de empleo activos como a los ejecutivos consumados que, aunque no est\u00e9n buscando abiertamente, son receptivos a la oportunidad adecuada.<\/p>\n<h4>Transformaci\u00f3n organizativa<\/h4>\n<p>Nuestra contribuci\u00f3n a menudo va m\u00e1s all\u00e1 de cubrir un \u00fanico puesto. Tambi\u00e9n apoyamos a las organizaciones con evaluaciones de liderazgo, planes de sucesi\u00f3n y asesoramiento en recursos humanos, ayud\u00e1ndoles a construir el marco para futuras necesidades y un crecimiento sostenido.<\/p>\n<h2>Nuestro enfoque de la b\u00fasqueda de directivos<\/h2>\n<p>Dado que cada organizaci\u00f3n se enfrenta a retos distintos, nuestra metodolog\u00eda est\u00e1 dise\u00f1ada para ser a la vez estructurada y adaptable. Comenzamos con sesiones de descubrimiento en profundidad para comprender las prioridades empresariales y las expectativas de las partes interesadas. A partir de ese conocimiento, nuestro equipo traza un mapa del mercado, identifica sectores prometedores y comienza a buscar personas que se ajusten a los objetivos principales de la empresa.<\/p>\n<p>Nuestro proceso combina estrategias de contrataci\u00f3n establecidas con herramientas modernas, como publicidad dirigida, difusi\u00f3n en redes sociales y plataformas espec\u00edficas de cada sector. Nuestros consultores tambi\u00e9n se comprometen directamente con los candidatos pasivos, aprovechando una fuerte presencia local y amplias conexiones internacionales. Todos los posibles l\u00edderes se someten a una serie de entrevistas estructuradas, evaluaciones psicom\u00e9tricas y comprobaciones exhaustivas de referencias para confirmar su idoneidad.<\/p>\n<p>A continuaci\u00f3n, presentamos una preselecci\u00f3n clara y de alta calidad de candidatos que demuestran un equilibrio entre competencia t\u00e9cnica, perspicacia para el liderazgo y alineaci\u00f3n cultural. Nuestro equipo gu\u00eda a la organizaci\u00f3n a trav\u00e9s de las etapas de entrevista, ofrece apoyo durante la selecci\u00f3n final y se mantiene involucrado durante todo el proceso de incorporaci\u00f3n para ayudar a garantizar una transici\u00f3n sin problemas.<\/p>\n<p>La profundidad de nuestro proceso es un diferenciador clave. En lugar de apresurarnos a cubrir un puesto, damos prioridad a la confidencialidad, la evaluaci\u00f3n rigurosa y los resultados sostenibles. Este enfoque disciplinado ayuda sistem\u00e1ticamente a las empresas a conseguir ejecutivos que contribuyan directamente al impulso del negocio y a la consecuci\u00f3n de logros duraderos.<\/p>\n<h2>Nuestra experiencia como l\u00edderes en selecci\u00f3n de ejecutivos en Valencia<\/h2>\n<p>Nuestros consultores abordan cada proyecto con una combinaci\u00f3n de conocimientos espec\u00edficos del sector, el compromiso de comprender el mundo del cliente y una experiencia demostrada en b\u00fasquedas. Muchos de los miembros de nuestro equipo tienen experiencia profesional en finanzas, marketing, fabricaci\u00f3n, ingenier\u00eda y tecnolog\u00edas de la informaci\u00f3n, lo que les proporciona la visi\u00f3n pr\u00e1ctica necesaria para evaluar a los candidatos con aut\u00e9ntico realismo.<\/p>\n<p>Somos conocidos por adaptarnos r\u00e1pidamente a los objetivos de nuestros clientes, perfeccionando nuestra metodolog\u00eda para reflejar las prioridades \u00fanicas de cada organizaci\u00f3n. Esta flexibilidad nos permite encontrar ejecutivos capaces de prosperar incluso en entornos empresariales dif\u00edciles. Nuestra adaptabilidad, combinada con una fuerte presencia en toda Espa\u00f1a, nos ha consolidado como un socio de confianza para las empresas que construyen su futuro.<\/p>\n<h4>Algunas \u00e1reas en las que nos especializamos<\/h4>\n<p>Nuestro trabajo abarca un amplio espectro de sectores, tanto en Valencia como en el resto de Espa\u00f1a. Proporcionamos regularmente apoyo en la b\u00fasqueda de directivos para organizaciones de los sectores financiero, de marketing, industrial, de ingenier\u00eda, jur\u00eddico y de tecnolog\u00edas de la informaci\u00f3n. Cada b\u00fasqueda que emprendemos est\u00e1 dise\u00f1ada para preservar la confidencialidad, ofrecer resultados excepcionales y ayudar a nuestros clientes a lograr un crecimiento sostenible.<\/p>\n<h4>Ejemplos de puestos para los que contratamos<\/h4>\n<p>Reclutamos para una amplia gama de puestos de alta direcci\u00f3n, incluidos los de Consejero Delegado, Director Financiero, Director de Marketing y otros nombramientos de C-suite. Nuestro equipo tambi\u00e9n gestiona b\u00fasquedas para puestos de director, vicepresidente y otros puestos directivos de alto impacto. Cada asignaci\u00f3n se lleva a cabo con total confidencialidad, profundidad estrat\u00e9gica y un firme compromiso con la excelencia.<\/p>\n<blockquote><p><strong>Para las organizaciones que buscan reclutamiento ejecutivo en Valencia, invitamos a una conversaci\u00f3n con Haldren para explorar c\u00f3mo nuestro equipo puede ayudar a cubrir posiciones cr\u00edticas con l\u00edderes excepcionales.<\/strong><\/p><\/blockquote>\n<h2>Por qu\u00e9 Haldren utiliza un enfoque personalizado para el reclutamiento<\/h2>\n<p>Creemos que un enfoque estandarizado del reclutamiento rara vez ofrece resultados duraderos. Nuestra experiencia nos ha demostrado que las organizaciones pueden enfrentarse a importantes contratiempos cuando un proceso de b\u00fasqueda prioriza la velocidad sobre la sustancia. Por este motivo, personalizamos cada contrataci\u00f3n para que refleje las demandas espec\u00edficas del sector, la cultura de la empresa y los objetivos a largo plazo.<\/p>\n<p>Por ejemplo, en el sector de las tecnolog\u00edas de la informaci\u00f3n, el candidato ideal debe combinar profundos conocimientos t\u00e9cnicos con el liderazgo necesario para guiar a los equipos a trav\u00e9s del cambio constante. En el sector financiero, los principios de confidencialidad y confianza no son negociables. Lecciones como \u00e9stas, extra\u00eddas del trabajo directo con nuestros clientes, conforman continuamente nuestra forma de abordar cada misi\u00f3n.<\/p>\n<p>Al adaptar nuestra metodolog\u00eda a cada b\u00fasqueda, ayudamos a las organizaciones a evitar costosos errores de contrataci\u00f3n y garantizamos que los ejecutivos que colocamos pueden ofrecer tanto un impacto inmediato como un valor sostenido.<\/p>\n<h2>Por qu\u00e9 elegir Haldren para la b\u00fasqueda de directivos<\/h2>\n<p>Entendemos que la b\u00fasqueda de directivos requiere un socio de confianza. En Haldren, nuestro trabajo se define por el compromiso de proteger la confidencialidad, respetar la delicada naturaleza de la selecci\u00f3n de directivos y llevar a cabo cada proceso con cuidado. Las empresas conf\u00edan en nosotros no s\u00f3lo para encontrar personas con talento, sino tambi\u00e9n para conocer a fondo su cultura organizativa y sus prioridades estrat\u00e9gicas.<\/p>\n<p>Nuestra reputaci\u00f3n en toda Espa\u00f1a se basa en unos resultados constantes, guiados por consultores con experiencia directa en finanzas, marketing, fabricaci\u00f3n y otros sectores clave. Esta experiencia, respaldada por nuestro alcance internacional y nuestra s\u00f3lida presencia local, nos permite ayudar a las empresas a asegurar el mejor talento incluso en los mercados m\u00e1s competitivos.<\/p>\n<p>Nuestro compromiso se extiende mucho m\u00e1s all\u00e1 de la colocaci\u00f3n final. Proporcionamos apoyo posterior a la contrataci\u00f3n para ayudar a los nuevos ejecutivos a integrarse eficazmente, garantizando que puedan ofrecer resultados positivos para s\u00ed mismos y para la organizaci\u00f3n. Esta dedicaci\u00f3n a la calidad, la confianza y las alianzas duraderas es la raz\u00f3n por la que tantos clientes eligen trabajar con nosotros una y otra vez.<\/p>\n<blockquote><p><strong>Para cualquier organizaci\u00f3n que est\u00e9 considerando una b\u00fasqueda de directivos en Valencia, estaremos encantados de mantener una conversaci\u00f3n. Estaremos encantados de discutir c\u00f3mo nuestros consultores pueden apoyar el objetivo de asegurar l\u00edderes que marcar\u00e1n una diferencia duradera.<\/strong><\/p><\/blockquote>\n                            <\/div>\n        <\/div>\n    <\/div>\n<\/div>\n\n<div class=\"block-section accordion-main-section \">\n    <div class=\"container\">    \n                <div class=\"accordion-faqs\">\n            <h2 class=\"m-title\">Frequently Asked Questions (FAQs)<\/h2>\n                        <div class=\"item\">\n                <h3>\u00bfC\u00f3mo proteger la confidencialidad durante un registro?<\/h3>\n                <div class=\"faq-content\"><p>Operamos bajo estrictos protocolos de privacidad en cada etapa. El acceso a informaci\u00f3n sensible est\u00e1 cuidadosamente limitado y toda la comunicaci\u00f3n se gestiona con la m\u00e1xima discreci\u00f3n para proteger a nuestros clientes y candidatos.<\/p>\n<\/div>\n            <\/div>\n                        <div class=\"item\">\n                <h3>\u00bfQu\u00e9 diferencia su proceso de selecci\u00f3n del de otras empresas?<\/h3>\n                <div class=\"faq-content\"><p>Nuestro proceso se distingue por su profundidad. Empleamos una combinaci\u00f3n de cuadros de mando estructurados, entrevistas basadas en competencias y rigurosas comprobaciones de referencias. Este enfoque met\u00f3dico garantiza que la lista final de preseleccionados est\u00e9 formada por ejecutivos que no solo tengan aptitudes demostradas, sino tambi\u00e9n una aut\u00e9ntica alineaci\u00f3n con la cultura de la organizaci\u00f3n.<\/p>\n<\/div>\n            <\/div>\n                        <div class=\"item\">\n                <h3>\u00bfCu\u00e1nto suele durar una contrataci\u00f3n de ejecutivos?<\/h3>\n                <div class=\"faq-content\"><p>Aunque los plazos pueden variar en funci\u00f3n de la complejidad del puesto, la mayor\u00eda de las b\u00fasquedas de directivos concluyen en varios meses. Nos centramos m\u00e1s en la calidad de los resultados que en la rapidez del proceso, ya que as\u00ed conseguimos contrataciones m\u00e1s duraderas y satisfactorias.<\/p>\n<\/div>\n            <\/div>\n                        <div class=\"item\">\n                <h3>\u00bfProporcionan apoyo posterior a la colocaci\u00f3n?<\/h3>\n                <div class=\"faq-content\"><p>Nosotros lo hacemos. Nuestra colaboraci\u00f3n contin\u00faa una vez contratado el candidato. Seguimos comprometidos durante el per\u00edodo de transici\u00f3n inicial para apoyar tanto al nuevo ejecutivo como a la organizaci\u00f3n, ayudando a fomentar una base para el \u00e9xito a largo plazo.<\/p>\n<\/div>\n            <\/div>\n                    <\/div>\n            <\/div>\n<\/div><\/div><div class=\"sidebar-wrapper\">\n<div class=\"wpcf7 no-js\" id=\"wpcf7-f10-o1\" lang=\"\" dir=\"ltr\" data-wpcf7-id=\"10\">\n<div class=\"screen-reader-response\"><p role=\"status\" aria-live=\"polite\" aria-atomic=\"true\"><\/p> <ul><\/ul><\/div>\n<form action=\"\/valencia\/wp-json\/wp\/v2\/pages\/164#wpcf7-f10-o1\" method=\"post\" class=\"wpcf7-form init\" aria-label=\"Contact form\" enctype=\"multipart\/form-data\" novalidate=\"novalidate\" data-status=\"init\">\n<fieldset class=\"hidden-fields-container\"><input type=\"hidden\" name=\"_wpcf7\" value=\"10\" \/><input type=\"hidden\" name=\"_wpcf7_version\" value=\"6.1.5\" \/><input type=\"hidden\" name=\"_wpcf7_locale\" value=\"\" \/><input type=\"hidden\" name=\"_wpcf7_unit_tag\" value=\"wpcf7-f10-o1\" \/><input type=\"hidden\" name=\"_wpcf7_container_post\" value=\"0\" \/><input type=\"hidden\" name=\"_wpcf7_posted_data_hash\" value=\"\" \/>\n<\/fieldset>\n<input class=\"wpcf7-form-control wpcf7-hidden\" id=\"utm_source\" value=\"\" type=\"hidden\" name=\"utm_source\" \/>\n<input class=\"wpcf7-form-control wpcf7-hidden\" id=\"utm_medium\" value=\"\" type=\"hidden\" name=\"utm_medium\" \/>\n<input class=\"wpcf7-form-control wpcf7-hidden\" id=\"sideform_user_country\" value=\"\" type=\"hidden\" name=\"userCountry\" \/>\n<div class=\"form-grid-layout\">\n\t<div class=\"form-title\">\n\t\t<h2 class=\"title\">Thrive with Top Talent<br \/>\n- No Upfronts Fees\n\t\t<\/h2>\n\t\t<p>Have it easier with video interview clips and a candidate shortlist within 2-3 weeks\n\t\t<\/p>\n\t<\/div>\n\t<div class=\"input-field\">\n\t\t<p><label for=\"\">Name<\/label><br \/>\n<span class=\"wpcf7-form-control-wrap\" data-name=\"full-Name\"><input size=\"40\" maxlength=\"400\" class=\"wpcf7-form-control wpcf7-text wpcf7-validates-as-required\" aria-required=\"true\" aria-invalid=\"false\" value=\"\" type=\"text\" name=\"full-Name\" \/><\/span>\n\t\t<\/p>\n\t<\/div>\n\t<div class=\"input-field\">\n\t\t<p><label for=\"\">Email Address<\/label><br \/>\n<span class=\"wpcf7-form-control-wrap\" data-name=\"email-address\"><input size=\"40\" maxlength=\"400\" class=\"wpcf7-form-control wpcf7-email wpcf7-validates-as-required wpcf7-text wpcf7-validates-as-email\" aria-required=\"true\" aria-invalid=\"false\" value=\"\" type=\"email\" name=\"email-address\" \/><\/span>\n\t\t<\/p>\n\t<\/div>\n\t<div class=\"input-field\">\n\t\t<p><label for=\"\">Company<\/label><br \/>\n<span class=\"wpcf7-form-control-wrap\" data-name=\"company\"><input size=\"40\" maxlength=\"400\" class=\"wpcf7-form-control wpcf7-text\" aria-invalid=\"false\" value=\"\" type=\"text\" name=\"company\" \/><\/span>\n\t\t<\/p>\n\t<\/div>\n\t<div class=\"radiobox-field\">\n\t\t<p><span class=\"wpcf7-form-control-wrap\" data-name=\"radio-721company-status\"><span class=\"wpcf7-form-control wpcf7-radio\"><span class=\"wpcf7-list-item first\"><label><input type=\"radio\" name=\"radio-721company-status\" value=\"{Employer}\" \/><span class=\"wpcf7-list-item-label\">Employer<\/span><\/label><\/span><span class=\"wpcf7-list-item last\"><label><input type=\"radio\" name=\"radio-721company-status\" value=\"{Candidate}\" \/><span class=\"wpcf7-list-item-label\">Candidate<\/span><\/label><\/span><\/span><\/span>\n\t\t<\/p>\n\t<\/div>\n\t<div class=\"input-field\">\n\t\t<p><span class=\"wpcf7-form-control-wrap\" data-name=\"file-upload\"><input size=\"40\" class=\"wpcf7-form-control wpcf7-file\" accept=\".pdf\" aria-invalid=\"false\" type=\"file\" name=\"file-upload\" \/><\/span>\n\t\t<\/p>\n\t<\/div>\n\t<div class=\"textarea-field\">\n\t\t<p><label for=\"\">How can we help you?<\/label><br \/>\n<span class=\"wpcf7-form-control-wrap\" data-name=\"message\"><textarea cols=\"40\" rows=\"10\" maxlength=\"2000\" class=\"wpcf7-form-control wpcf7-textarea\" aria-invalid=\"false\" name=\"message\"><\/textarea><\/span>\n\t\t<\/p>\n\t<\/div>\n\t<p><span id=\"wpcf7-6a074cf47cc9b-wrapper\" class=\"wpcf7-form-control-wrap nickname-wrap\" ><input id=\"wpcf7-6a074cf47cc9b-field\"  class=\"wpcf7-form-control wpcf7-text\" type=\"text\" name=\"nickname\" value=\"\" size=\"40\" tabindex=\"-1\" autocomplete=\"off\" \/><\/span>\n\t<\/p>\n\t<div class=\"form-term\">\n\t\t<p>Submission of this form means you have agreed to our <a href=\"\/privacy-policy\/\" title=\"\">Privacy Policy<\/a> and <a href=\"\/terms-of-service\/\" title=\"\">Terms Conditions<\/a>\n\t\t<\/p>\n\t<\/div>\n\t<div class=\"submit-btn\">\n\t\t<p><input class=\"wpcf7-form-control wpcf7-submit has-spinner btn-box\" type=\"submit\" value=\"Get in Touch\" \/>\n\t\t<\/p>\n\t<\/div>\n<\/div><div class=\"wpcf7-response-output\" aria-hidden=\"true\"><\/div>\n<\/form>\n<\/div>\n<\/div><\/div>\n\n\n<div class=\"block-section client-reviews-slider \" style=\"background-color: #119084\">  \n    <div class=\"container\">\n                <div class=\"splide client-slider\">\n            <div class=\"splide__track\">\n                <div class=\"splide__list\">\n                                        <div class=\"splide__slide\">\n                        <div class=\"content-box\">\n                            <div class=\"content\">\n                                <p>&#8220;Asociarnos con Haldren durante un proceso de contrataci\u00f3n desafiante nos dio confianza. Sus consultores entendieron nuestra cultura y presentaron candidatos cualificados y alineados con nuestros valores.&#8221;<\/p>\n                            <\/div>\n                                                        <div class=\"name\">\n                                <strong>Marta R.<\/strong>, \n                                Director de RRHH                            <\/div>\n                                                    <\/div>\n                    <\/div>\n                                        <div class=\"splide__slide\">\n                        <div class=\"content-box\">\n                            <div class=\"content\">\n                                <p>&#8220;Los cazatalentos de Haldren combinaron el conocimiento local con una perspectiva internacional. Su proceso estructurado nos dio claridad en cada etapa. El ejecutivo que contratamos ya est\u00e1 teniendo un impacto significativo.&#8221;<\/p>\n                            <\/div>\n                                                        <div class=\"name\">\n                                <strong>Javier L.<\/strong>, \n                                Director de Operaciones                            <\/div>\n                                                    <\/div>\n                    <\/div>\n                                        <div class=\"splide__slide\">\n                        <div class=\"content-box\">\n                            <div class=\"content\">\n                                <p>&#8220;Elegimos a Haldren por su profesionalidad y discreci\u00f3n. Los consultores proporcionaron una orientaci\u00f3n clara, y el candidato final era el adecuado para nuestra organizaci\u00f3n.&#8221;<\/p>\n                            <\/div>\n                                                        <div class=\"name\">\n                                <strong>Isabel G.<\/strong>, \n                                Miembro del Consejo                            <\/div>\n                                                    <\/div>\n                    <\/div>\n                                    <\/div>\n            <\/div>\n        <\/div>\n            <\/div>\n<\/div>","protected":false},"excerpt":{"rendered":"","protected":false},"author":10,"featured_media":0,"parent":161,"menu_order":0,"comment_status":"closed","ping_status":"closed","template":"","meta":{"_acf_changed":false,"footnotes":""},"class_list":["post-164","page","type-page","status-publish","hentry"],"acf":[],"lang":"es","translations":{"es":164},"jetpack_sharing_enabled":true,"pll_sync_post":[],"_links":{"self":[{"href":"https:\/\/www.haldren.com\/valencia\/wp-json\/wp\/v2\/pages\/164","targetHints":{"allow":["GET"]}}],"collection":[{"href":"https:\/\/www.haldren.com\/valencia\/wp-json\/wp\/v2\/pages"}],"about":[{"href":"https:\/\/www.haldren.com\/valencia\/wp-json\/wp\/v2\/types\/page"}],"author":[{"embeddable":true,"href":"https:\/\/www.haldren.com\/valencia\/wp-json\/wp\/v2\/users\/10"}],"replies":[{"embeddable":true,"href":"https:\/\/www.haldren.com\/valencia\/wp-json\/wp\/v2\/comments?post=164"}],"version-history":[{"count":1,"href":"https:\/\/www.haldren.com\/valencia\/wp-json\/wp\/v2\/pages\/164\/revisions"}],"predecessor-version":[{"id":192,"href":"https:\/\/www.haldren.com\/valencia\/wp-json\/wp\/v2\/pages\/164\/revisions\/192"}],"up":[{"embeddable":true,"href":"https:\/\/www.haldren.com\/valencia\/wp-json\/wp\/v2\/pages\/161"}],"wp:attachment":[{"href":"https:\/\/www.haldren.com\/valencia\/wp-json\/wp\/v2\/media?parent=164"}],"curies":[{"name":"wp","href":"https:\/\/api.w.org\/{rel}","templated":true}]}}