{"id":166,"date":"2025-09-19T03:42:58","date_gmt":"2025-09-19T03:42:58","guid":{"rendered":"https:\/\/www.haldren.com\/valencia\/?page_id=70"},"modified":"2025-10-15T05:31:23","modified_gmt":"2025-10-15T05:31:23","slug":"gestion-provisional","status":"publish","type":"page","link":"https:\/\/www.haldren.com\/valencia\/es\/adquisicion-de-talentos\/gestion-provisional\/","title":{"rendered":"Gesti\u00f3n provisional"},"content":{"rendered":"\n  <link rel=\"preload\" as=\"image\" href=\"https:\/\/www.haldren.com\/valencia\/wp-content\/uploads\/sites\/34\/2025\/09\/valencia-city-e1764150340710.webp\" fetchpriority=\"high\">\n  <style>\n    .inner-banner-section {\n      background-image: url('https:\/\/www.haldren.com\/valencia\/wp-content\/uploads\/sites\/34\/2025\/09\/valencia-city-e1764150340710.webp');\n      background-size: cover;\n      background-position: center;\n      background-repeat: no-repeat;\n    }\n\n    @media (max-width: 768px) {\n      .inner-banner-section {\n        background-image: url('https:\/\/www.haldren.com\/valencia\/wp-content\/uploads\/sites\/34\/2025\/09\/valencia-city-e1764150340710.webp');\n      }\n    }\n  <\/style>\n\n<div class=\"block-section inner-banner-section lazyload bg-sty section-gaps top-border-line\">\n  <div class=\"container-fluid\">\n    <div class=\"content-wrap\">\n      <h1 class=\"title\">\n        Servicios de gesti\u00f3n interina en Valencia      <\/h1>\n      <span style=\"font-size: 18px;\">L\u00edderes interinos experimentados que ayudan a las empresas valencianas a gestionar transiciones cr\u00edticas con confianza<\/span>\n    <\/div>\n  <\/div>\n<\/div>\n\n\n\n\n<div class=\"wp-block-custom-div-wrapper-block col-wrapper has-sidebar\"><div class=\"content-wrapper\" style=\"background-color:#002a26\">\n<div class=\"block-section section-gaps default-content-section \" \n     style=\"--text-color: #ffffff; --bg-color: #119084;\">\n    <div class=\"container\">\n        <div class=\"default-single-content-wrap\">\n            <div class=\"content-wrap\">\n                                    <h2>Primera empresa de gesti\u00f3n interina en Valencia<\/h2>\n<p>Haldren ofrece servicios de gesti\u00f3n interina en Valencia con la profesionalidad, discreci\u00f3n y enfoque consultivo en los que conf\u00edan empresas l\u00edderes de toda Espa\u00f1a. Nuestros consultores aportan una amplia experiencia en selecci\u00f3n de ejecutivos, transiciones de liderazgo y desarrollo organizativo. Todas las contrataciones se llevan a cabo con total confidencialidad, garantizando que las decisiones delicadas permanezcan seguras y cuidadosamente gestionadas.<\/p>\n<p>Nos diferenciamos por seguir un proceso estructurado que conecta el alcance internacional con un claro conocimiento del mercado espa\u00f1ol, incluyendo Valencia, Madrid y Barcelona. Los interim managers se seleccionan no s\u00f3lo por su capacidad t\u00e9cnica, sino tambi\u00e9n por su alineaci\u00f3n con la cultura, los objetivos y la direcci\u00f3n estrat\u00e9gica de la empresa.<br \/>\n Haldren<\/p>\n<blockquote><p><strong>es conocida por su apoyo fiable a los interim managers, su compromiso inquebrantable con la \u00e9tica y sus soluciones pr\u00e1cticas para retos empresariales complejos.<\/strong><\/p><\/blockquote>\n<h2>La mejor empresa de b\u00fasqueda de directivos en Valencia<\/h2>\n<p>Nuestro trabajo en la gesti\u00f3n interina refleja la misi\u00f3n de proporcionar ejecutivos que refuercen la gesti\u00f3n, gu\u00eden el desarrollo y ayuden a las empresas a alcanzar sus objetivos. Vemos nuestro papel como un socio de confianza, comprometido a asegurar que cada nombramiento crea un valor medible y apoya el crecimiento a largo plazo.<\/p>\n<h4>Evaluaci\u00f3n<\/h4>\n<p>Cada contrataci\u00f3n comienza con un an\u00e1lisis de la posici\u00f3n de la empresa, sus objetivos y la situaci\u00f3n del mercado. Definimos un perfil de candidato que refleje la cultura organizativa y las exigencias espec\u00edficas del puesto. La evaluaci\u00f3n va m\u00e1s all\u00e1 de la experiencia pasada para incluir el estilo de liderazgo, la personalidad y la motivaci\u00f3n.<\/p>\n<h4>Adquisici\u00f3n de talento<\/h4>\n<p>Mantenemos amplias redes de contactos en Espa\u00f1a y Europa, lo que permite a los clientes acceder a ejecutivos interinos con capacidad para intervenir r\u00e1pidamente. Nuestros consultores utilizan tanto m\u00e9todos de reclutamiento establecidos como herramientas digitales para llegar a profesionales senior. Este enfoque nos ayuda a identificar directivos interinos con las habilidades y la visi\u00f3n necesarias para tener \u00e9xito en proyectos exigentes.<\/p>\n<h4>Transformaci\u00f3n organizativa<\/h4>\n<p>Nuestra misi\u00f3n va m\u00e1s all\u00e1 de la contrataci\u00f3n de reemplazos inmediatos. Apoyamos la reestructuraci\u00f3n, la planificaci\u00f3n de la sucesi\u00f3n y el desarrollo organizativo, ayudando a los clientes a reforzar las estructuras de gesti\u00f3n y el rendimiento a largo plazo. Al ofrecer servicios adicionales de liderazgo, seguimos siendo un socio en el \u00e9xito sostenible.<\/p>\n<h2>Nuestro enfoque de la gesti\u00f3n interina<\/h2>\n<p>La gesti\u00f3n interina ofrece una soluci\u00f3n eficaz para las empresas que se enfrentan a retos urgentes u oportunidades urgentes. Comenzamos con un proceso de descubrimiento que aclara las prioridades, los plazos y los resultados esperados. Este an\u00e1lisis da forma a un cuadro de mando que gu\u00eda cada paso de la asignaci\u00f3n.<\/p>\n<p>Llevamos a cabo un mapeo del mercado y la contrataci\u00f3n, recurriendo a contactos internacionales en toda Espa\u00f1a, Madrid, Barcelona y Europa. Estos recursos, combinados con herramientas de reclutamiento como la publicidad dirigida y las plataformas profesionales, nos permiten llegar a los ejecutivos adecuados. Las evaluaciones de los candidatos incluyen pruebas psicom\u00e9tricas y entrevistas estructuradas para medir las competencias de liderazgo, el historial de desempe\u00f1o y la compatibilidad cultural.<\/p>\n<p>A partir de ah\u00ed, preparamos una lista de preselecci\u00f3n de directivos interinos cualificados. A continuaci\u00f3n, los clientes se re\u00fanen con los candidatos y toman las decisiones finales con nuestro apoyo. Una vez designados, permanecemos comprometidos durante toda la misi\u00f3n, garantizando una implementaci\u00f3n sin problemas y ofreciendo orientaci\u00f3n a medida que surgen cambios. Los directivos interinos mantienen su autonom\u00eda mientras nuestros consultores realizan un seguimiento continuo.<\/p>\n<p>Hacemos hincapi\u00e9 en la \u00e9tica, la diversidad y los resultados sostenibles en cada encargo. Mientras que algunas empresas se centran \u00fanicamente en cubrir un puesto r\u00e1pidamente, nuestro proceso garantiza que cada asignaci\u00f3n refuerce la gesti\u00f3n y contribuya a un crecimiento duradero. Este enfoque estructurado y consultivo produce sistem\u00e1ticamente resultados m\u00e1s s\u00f3lidos y ayuda a las empresas a aprovechar oportunidades en mercados competitivos.<\/p>\n<h2>Nuestra experiencia como l\u00edderes en selecci\u00f3n de directivos en Valencia<\/h2>\n<p>Nuestros consultores combinan conocimientos t\u00e9cnicos con a\u00f1os de experiencia en selecci\u00f3n de personal en Espa\u00f1a y en otros pa\u00edses. Nos mantenemos activos en los debates del sector sobre el desarrollo de la gesti\u00f3n y la b\u00fasqueda de directivos, garantizando que nuestras pr\u00e1cticas reflejen las realidades actuales del mercado.<\/p>\n<p>Cada empresa tiene unos objetivos distintos, y nuestro papel es adaptar las estrategias para ajustarnos a esas necesidades. Esta adaptabilidad, junto con un enfoque en el rendimiento y la confidencialidad, ha generado una confianza duradera con los clientes que conf\u00edan en nosotros para obtener soluciones provisionales eficaces.<\/p>\n<h4>Algunas \u00e1reas en las que nos especializamos<\/h4>\n<p>En Valencia, apoyamos la gesti\u00f3n interina en sectores como el manufacturero, financiero, sanitario, minorista y tecnol\u00f3gico. Nuestros consultores han dirigido proyectos de reestructuraci\u00f3n, escisiones, adquisiciones y ventas. En cada caso, el trabajo est\u00e1 dise\u00f1ado para servir a los objetivos del cliente y garantizar un desarrollo significativo.<\/p>\n<h4>Ejemplos de puestos para los que contratamos<\/h4>\n<p>Nombramos con regularidad a ejecutivos interinos para puestos de Consejero Delegado, Director Financiero, Director de Operaciones y otras funciones de alta direcci\u00f3n. Nuestra misi\u00f3n es identificar l\u00edderes capaces de gestionar proyectos, ofrecer resultados y guiar a las organizaciones a trav\u00e9s de cambios significativos.<\/p>\n<blockquote><p><strong>Si su empresa est\u00e1 considerando el liderazgo interino, le invitamos a ponerse en contacto con Haldren para obtener m\u00e1s informaci\u00f3n sobre las diferentes funciones para las que reclutamos.<\/strong><\/p><\/blockquote>\n<h2>Por qu\u00e9 Haldren utiliza un enfoque personalizado para el reclutamiento<\/h2>\n<p>El reclutamiento gen\u00e9rico raramente produce \u00e9xito en la gesti\u00f3n interina. A lo largo de los a\u00f1os de apoyo a clientes en toda Espa\u00f1a, hemos visto c\u00f3mo los procesos de &#8220;talla \u00fanica&#8221; pasan por alto las realidades de los retos organizativos.<\/p>\n<p>Hemos llevado a cabo proyectos para empresas que requer\u00edan contrataciones r\u00e1pidas de reemplazo, as\u00ed como para aquellas que necesitaban directivos interinos para reestructuraciones o expansiones internacionales. Estas experiencias nos han demostrado la importancia de un an\u00e1lisis cuidadoso, una comunicaci\u00f3n clara y soluciones flexibles dise\u00f1adas para cumplir los plazos sin perder de vista la calidad.<\/p>\n<p>Nuestra misi\u00f3n es garantizar que los directivos interinos no s\u00f3lo resuelvan situaciones inmediatas, sino que tambi\u00e9n dejen tras de s\u00ed sistemas de gesti\u00f3n m\u00e1s s\u00f3lidos. Ese compromiso es lo que distingue a Haldren de las empresas de selecci\u00f3n convencionales y sigue dando forma a nuestra manera de apoyar a los clientes.<\/p>\n<h2>Por qu\u00e9 elegir Haldren para la gesti\u00f3n interina<\/h2>\n<p>Cada misi\u00f3n est\u00e1 guiada por la confianza, la confidencialidad y el compromiso. Nuestra reputaci\u00f3n ha crecido gracias a la entrega constante de directivos interinos que se alinean con los objetivos de la empresa y refuerzan el rendimiento.<\/p>\n<p>Ofrecemos alcance internacional, amplia experiencia y un equipo de consultores formados para identificar ejecutivos capaces de gestionar retos complejos. Los nombramientos se basan en la compatibilidad cultural, la disponibilidad y el liderazgo demostrado.<\/p>\n<p>Nuestros consultores han apoyado a empresas de toda Espa\u00f1a, incluidas Valencia, Madrid y Barcelona, en reestructuraciones, gesti\u00f3n de crisis y cambios organizativos. Proporcionamos soluciones flexibles que protegen la confidencialidad y garantizan la estabilidad durante los momentos cr\u00edticos.<\/p>\n<blockquote><p><strong>Si la gesti\u00f3n interina podr\u00eda apoyar a su organizaci\u00f3n, le animamos a que se ponga en contacto con Haldren o con nosotros hoy mismo para explorar c\u00f3mo podemos proporcionar soluciones eficaces.<\/strong><\/p><\/blockquote>\n                            <\/div>\n        <\/div>\n    <\/div>\n<\/div>\n\n<div class=\"block-section accordion-main-section \">\n    <div class=\"container\">    \n                <div class=\"accordion-faqs\">\n            <h2 class=\"m-title\">Frequently Asked Questions (FAQs)<\/h2>\n                        <div class=\"item\">\n                <h3>\u00bfC\u00f3mo asegurarse de que los gestores interinos se ajustan a nuestros objetivos?<\/h3>\n                <div class=\"faq-content\"><p>Comenzamos analizando los objetivos de la empresa y su posici\u00f3n en el mercado. A partir de ah\u00ed, definimos un perfil de candidato que garantice la alineaci\u00f3n del ejecutivo interino con las prioridades de la organizaci\u00f3n.<\/p>\n<\/div>\n            <\/div>\n                        <div class=\"item\">\n                <h3>\u00bfQu\u00e9 medidas protegen la confidencialidad durante el proceso?<\/h3>\n                <div class=\"faq-content\"><p>Toda la informaci\u00f3n es privada. Nuestros consultores tratan los datos sensibles con discreci\u00f3n y llevan a cabo el proceso de contrataci\u00f3n con arreglo a estrictas normas \u00e9ticas.<\/p>\n<\/div>\n            <\/div>\n                        <div class=\"item\">\n                <h3>\u00bfCon qu\u00e9 rapidez pueden empezar a trabajar los gestores interinos?<\/h3>\n                <div class=\"faq-content\"><p>Muchos de nuestros ejecutivos tienen disponibilidad inmediata. Dependiendo de la situaci\u00f3n, las citas pueden confirmarse a menudo en cuesti\u00f3n de semanas.<\/p>\n<\/div>\n            <\/div>\n                        <div class=\"item\">\n                <h3>\u00bfQu\u00e9 apoyo se sigue prestando tras el nombramiento de un administrador provisional?<\/h3>\n                <div class=\"faq-content\"><p>Seguimos comprometidos durante toda la duraci\u00f3n del encargo, supervisando la ejecuci\u00f3n y ofreciendo recursos adicionales para garantizar el cumplimiento de los objetivos.<\/p>\n<\/div>\n            <\/div>\n                    <\/div>\n            <\/div>\n<\/div><\/div><div class=\"sidebar-wrapper\">\n<div class=\"wpcf7 no-js\" id=\"wpcf7-f10-o1\" lang=\"\" dir=\"ltr\" data-wpcf7-id=\"10\">\n<div class=\"screen-reader-response\"><p role=\"status\" aria-live=\"polite\" aria-atomic=\"true\"><\/p> <ul><\/ul><\/div>\n<form action=\"\/valencia\/wp-json\/wp\/v2\/pages\/166#wpcf7-f10-o1\" method=\"post\" class=\"wpcf7-form init\" aria-label=\"Contact form\" enctype=\"multipart\/form-data\" novalidate=\"novalidate\" data-status=\"init\">\n<fieldset class=\"hidden-fields-container\"><input type=\"hidden\" name=\"_wpcf7\" value=\"10\" \/><input type=\"hidden\" name=\"_wpcf7_version\" value=\"6.1.5\" \/><input type=\"hidden\" name=\"_wpcf7_locale\" value=\"\" \/><input type=\"hidden\" name=\"_wpcf7_unit_tag\" value=\"wpcf7-f10-o1\" \/><input type=\"hidden\" name=\"_wpcf7_container_post\" value=\"0\" \/><input type=\"hidden\" name=\"_wpcf7_posted_data_hash\" value=\"\" \/>\n<\/fieldset>\n<input class=\"wpcf7-form-control wpcf7-hidden\" id=\"utm_source\" value=\"\" type=\"hidden\" name=\"utm_source\" \/>\n<input class=\"wpcf7-form-control wpcf7-hidden\" id=\"utm_medium\" value=\"\" type=\"hidden\" name=\"utm_medium\" \/>\n<input class=\"wpcf7-form-control wpcf7-hidden\" id=\"sideform_user_country\" value=\"\" type=\"hidden\" name=\"userCountry\" \/>\n<div class=\"form-grid-layout\">\n\t<div class=\"form-title\">\n\t\t<h2 class=\"title\">Thrive with Top Talent<br \/>\n- No Upfronts Fees\n\t\t<\/h2>\n\t\t<p>Have it easier with video interview clips and a candidate shortlist within 2-3 weeks\n\t\t<\/p>\n\t<\/div>\n\t<div class=\"input-field\">\n\t\t<p><label for=\"\">Name<\/label><br \/>\n<span class=\"wpcf7-form-control-wrap\" data-name=\"full-Name\"><input size=\"40\" maxlength=\"400\" class=\"wpcf7-form-control wpcf7-text wpcf7-validates-as-required\" aria-required=\"true\" aria-invalid=\"false\" value=\"\" type=\"text\" name=\"full-Name\" \/><\/span>\n\t\t<\/p>\n\t<\/div>\n\t<div class=\"input-field\">\n\t\t<p><label for=\"\">Email Address<\/label><br \/>\n<span class=\"wpcf7-form-control-wrap\" data-name=\"email-address\"><input size=\"40\" maxlength=\"400\" class=\"wpcf7-form-control wpcf7-email wpcf7-validates-as-required wpcf7-text wpcf7-validates-as-email\" aria-required=\"true\" aria-invalid=\"false\" value=\"\" type=\"email\" name=\"email-address\" \/><\/span>\n\t\t<\/p>\n\t<\/div>\n\t<div class=\"input-field\">\n\t\t<p><label for=\"\">Company<\/label><br \/>\n<span class=\"wpcf7-form-control-wrap\" data-name=\"company\"><input size=\"40\" maxlength=\"400\" class=\"wpcf7-form-control wpcf7-text\" aria-invalid=\"false\" value=\"\" type=\"text\" name=\"company\" \/><\/span>\n\t\t<\/p>\n\t<\/div>\n\t<div class=\"radiobox-field\">\n\t\t<p><span class=\"wpcf7-form-control-wrap\" data-name=\"radio-721company-status\"><span class=\"wpcf7-form-control wpcf7-radio\"><span class=\"wpcf7-list-item first\"><label><input type=\"radio\" name=\"radio-721company-status\" value=\"{Employer}\" \/><span class=\"wpcf7-list-item-label\">Employer<\/span><\/label><\/span><span class=\"wpcf7-list-item last\"><label><input type=\"radio\" name=\"radio-721company-status\" value=\"{Candidate}\" \/><span class=\"wpcf7-list-item-label\">Candidate<\/span><\/label><\/span><\/span><\/span>\n\t\t<\/p>\n\t<\/div>\n\t<div class=\"input-field\">\n\t\t<p><span class=\"wpcf7-form-control-wrap\" data-name=\"file-upload\"><input size=\"40\" class=\"wpcf7-form-control wpcf7-file\" accept=\".pdf\" aria-invalid=\"false\" type=\"file\" name=\"file-upload\" \/><\/span>\n\t\t<\/p>\n\t<\/div>\n\t<div class=\"textarea-field\">\n\t\t<p><label for=\"\">How can we help you?<\/label><br \/>\n<span class=\"wpcf7-form-control-wrap\" data-name=\"message\"><textarea cols=\"40\" rows=\"10\" maxlength=\"2000\" class=\"wpcf7-form-control wpcf7-textarea\" aria-invalid=\"false\" name=\"message\"><\/textarea><\/span>\n\t\t<\/p>\n\t<\/div>\n\t<p><span id=\"wpcf7-69fa27f546ffe-wrapper\" class=\"wpcf7-form-control-wrap nickname-wrap\" ><input id=\"wpcf7-69fa27f546ffe-field\"  class=\"wpcf7-form-control wpcf7-text\" type=\"text\" name=\"nickname\" value=\"\" size=\"40\" tabindex=\"-1\" autocomplete=\"off\" \/><\/span>\n\t<\/p>\n\t<div class=\"form-term\">\n\t\t<p>Submission of this form means you have agreed to our <a href=\"\/privacy-policy\/\" title=\"\">Privacy Policy<\/a> and <a href=\"\/terms-of-service\/\" title=\"\">Terms Conditions<\/a>\n\t\t<\/p>\n\t<\/div>\n\t<div class=\"submit-btn\">\n\t\t<p><input class=\"wpcf7-form-control wpcf7-submit has-spinner btn-box\" type=\"submit\" value=\"Get in Touch\" \/>\n\t\t<\/p>\n\t<\/div>\n<\/div><div class=\"wpcf7-response-output\" aria-hidden=\"true\"><\/div>\n<\/form>\n<\/div>\n<\/div><\/div>\n\n\n<div class=\"block-section client-reviews-slider \" style=\"background-color: #119084\">  \n    <div class=\"container\">\n                <div class=\"splide client-slider\">\n            <div class=\"splide__track\">\n                <div class=\"splide__list\">\n                                        <div class=\"splide__slide\">\n                        <div class=\"content-box\">\n                            <div class=\"content\">\n                                <p>&#8220;Durante una reestructuraci\u00f3n, necesit\u00e1bamos un liderazgo que pudiera estabilizar las operaciones y marcar el rumbo. Haldren nos present\u00f3 a un gestor interino que r\u00e1pidamente gener\u00f3 confianza y ofreci\u00f3 resultados.&#8221;<\/p>\n                            <\/div>\n                                                        <div class=\"name\">\n                                <strong>Javier R.<\/strong>, \n                                Director Financiero                            <\/div>\n                                                    <\/div>\n                    <\/div>\n                                        <div class=\"splide__slide\">\n                        <div class=\"content-box\">\n                            <div class=\"content\">\n                                <p>&#8220;Nuestros plazos eran ajustados y la situaci\u00f3n exig\u00eda una actuaci\u00f3n inmediata. Haldren llev\u00f3 a cabo el proceso de contrataci\u00f3n con precisi\u00f3n y encontr\u00f3 un ejecutivo interino que encajaba con nuestra cultura y nuestros objetivos.&#8221;<\/p>\n                            <\/div>\n                                                        <div class=\"name\">\n                                <strong>Marta G.<\/strong>, \n                                Director de Operaciones                            <\/div>\n                                                    <\/div>\n                    <\/div>\n                                        <div class=\"splide__slide\">\n                        <div class=\"content-box\">\n                            <div class=\"content\">\n                                <p>&#8220;Gestionar una adquisici\u00f3n requer\u00eda tanto experiencia como calma bajo presi\u00f3n. El gestor interino proporcionado por Haldren garantiz\u00f3 una ejecuci\u00f3n sin contratiempos y aport\u00f3 un claro valor a\u00f1adido desde la primera reuni\u00f3n.&#8221;<\/p>\n                            <\/div>\n                                                        <div class=\"name\">\n                                <strong>Luis P.<\/strong>, \n                                Director General                            <\/div>\n                                                    <\/div>\n                    <\/div>\n                                    <\/div>\n            <\/div>\n        <\/div>\n            <\/div>\n<\/div>","protected":false},"excerpt":{"rendered":"","protected":false},"author":10,"featured_media":0,"parent":161,"menu_order":0,"comment_status":"closed","ping_status":"closed","template":"","meta":{"_acf_changed":false,"footnotes":""},"class_list":["post-166","page","type-page","status-publish","hentry"],"acf":[],"lang":"es","translations":{"es":166},"jetpack_sharing_enabled":true,"pll_sync_post":[],"_links":{"self":[{"href":"https:\/\/www.haldren.com\/valencia\/wp-json\/wp\/v2\/pages\/166","targetHints":{"allow":["GET"]}}],"collection":[{"href":"https:\/\/www.haldren.com\/valencia\/wp-json\/wp\/v2\/pages"}],"about":[{"href":"https:\/\/www.haldren.com\/valencia\/wp-json\/wp\/v2\/types\/page"}],"author":[{"embeddable":true,"href":"https:\/\/www.haldren.com\/valencia\/wp-json\/wp\/v2\/users\/10"}],"replies":[{"embeddable":true,"href":"https:\/\/www.haldren.com\/valencia\/wp-json\/wp\/v2\/comments?post=166"}],"version-history":[{"count":1,"href":"https:\/\/www.haldren.com\/valencia\/wp-json\/wp\/v2\/pages\/166\/revisions"}],"predecessor-version":[{"id":188,"href":"https:\/\/www.haldren.com\/valencia\/wp-json\/wp\/v2\/pages\/166\/revisions\/188"}],"up":[{"embeddable":true,"href":"https:\/\/www.haldren.com\/valencia\/wp-json\/wp\/v2\/pages\/161"}],"wp:attachment":[{"href":"https:\/\/www.haldren.com\/valencia\/wp-json\/wp\/v2\/media?parent=166"}],"curies":[{"name":"wp","href":"https:\/\/api.w.org\/{rel}","templated":true}]}}