{"id":169,"date":"2025-09-19T04:06:40","date_gmt":"2025-09-19T04:06:40","guid":{"rendered":"https:\/\/www.haldren.com\/valencia\/?page_id=78"},"modified":"2025-10-15T05:26:14","modified_gmt":"2025-10-15T05:26:14","slug":"externalizacion-de-procesos-de-contratacion","status":"publish","type":"page","link":"https:\/\/www.haldren.com\/valencia\/es\/adquisicion-de-talentos\/externalizacion-de-procesos-de-contratacion\/","title":{"rendered":"Externalizaci\u00f3n de procesos de contrataci\u00f3n"},"content":{"rendered":"\n  <link rel=\"preload\" as=\"image\" href=\"https:\/\/www.haldren.com\/valencia\/wp-content\/uploads\/sites\/34\/2025\/09\/valencia-city-e1764150340710.webp\" fetchpriority=\"high\">\n  <style>\n    .inner-banner-section {\n      background-image: url('https:\/\/www.haldren.com\/valencia\/wp-content\/uploads\/sites\/34\/2025\/09\/valencia-city-e1764150340710.webp');\n      background-size: cover;\n      background-position: center;\n      background-repeat: no-repeat;\n    }\n\n    @media (max-width: 768px) {\n      .inner-banner-section {\n        background-image: url('https:\/\/www.haldren.com\/valencia\/wp-content\/uploads\/sites\/34\/2025\/09\/valencia-city-e1764150340710.webp');\n      }\n    }\n  <\/style>\n\n<div class=\"block-section inner-banner-section lazyload bg-sty section-gaps top-border-line\">\n  <div class=\"container-fluid\">\n    <div class=\"content-wrap\">\n      <h1 class=\"title\">\n        Servicios de externalizaci\u00f3n de procesos de contrataci\u00f3n en Valencia      <\/h1>\n      <span style=\"font-size: 18px;\">Servicios eficientes de RPO que ayudan a las empresas valencianas a conseguir el talento adecuado con confianza<\/span>\n    <\/div>\n  <\/div>\n<\/div>\n\n\n\n\n<div class=\"wp-block-custom-div-wrapper-block col-wrapper has-sidebar\"><div class=\"content-wrapper\" style=\"background-color:#002a26\">\n<div class=\"block-section section-gaps default-content-section \" \n     style=\"--text-color: #ffffff; --bg-color: #119084;\">\n    <div class=\"container\">\n        <div class=\"default-single-content-wrap\">\n            <div class=\"content-wrap\">\n                                    <h2>Empresa l\u00edder en externalizaci\u00f3n de procesos de selecci\u00f3n en Valencia<\/h2>\n<p>En Haldren, enfocamos la externalizaci\u00f3n de procesos de selecci\u00f3n en Valencia como una oportunidad para construir una base estable para el crecimiento de una empresa. Proporcionamos una estructura fiable, procesos transparentes y conocimientos especializados precisamente cuando se necesitan. Nuestros consultores aportan a\u00f1os de experiencia directa en selecci\u00f3n de personal y un profundo conocimiento del sector a cada proyecto, gestionando cada paso con discreci\u00f3n y una colaboraci\u00f3n consultiva. Manejamos cada compromiso cuidadosamente, protegiendo la informaci\u00f3n confidencial de contrataci\u00f3n y logrando resultados fiables.<\/p>\n<p>Nuestro m\u00e9todo distintivo combina una perspectiva global con un conocimiento local espec\u00edfico. Este doble enfoque nos permite encontrar candidatos cuyos valores, capacidades t\u00e9cnicas y ambiciones profesionales coincidan con la visi\u00f3n de una organizaci\u00f3n. Utilizamos herramientas sofisticadas, bases de datos seleccionadas y m\u00e9todos de evaluaci\u00f3n meticulosos para agilizar el proceso de contrataci\u00f3n, garantizando que cada decisi\u00f3n apoye los objetivos centrales de nuestros clientes.<\/p>\n<blockquote><p><strong>En Valencia, las organizaciones conocen a Haldren como un socio de confianza para los servicios de RPO, y aprecian nuestro enfoque cuidadoso, nuestros conocimientos especializados y nuestro rendimiento constante.<\/strong><\/p>\n<h2>Top-Tier Executive Search Firm In Valencia<\/h2>\n<\/blockquote>\n<p> Nuestra dedicaci\u00f3n a la externalizaci\u00f3n de los procesos de selecci\u00f3n se basa en la creencia fundamental de agilizar las funciones de recursos humanos para abrir las puertas a talentos excepcionales. Trabajamos para poner en contacto a las empresas con profesionales que puedan fortalecer las operaciones, avanzar en los objetivos estrat\u00e9gicos y sentar las bases de un \u00e9xito duradero.<\/p>\n<h4>Evaluaci\u00f3n<\/h4>\n<p>Comenzamos cada proyecto con un descubrimiento exhaustivo de los objetivos de una organizaci\u00f3n y de los requisitos espec\u00edficos de contrataci\u00f3n. A partir de este conocimiento, elaboramos fichas de puntuaci\u00f3n detalladas que describen las funciones esenciales y los aspectos culturales. Nuestra evaluaci\u00f3n va m\u00e1s all\u00e1 del curr\u00edculum del candidato para tener en cuenta su motivaci\u00f3n personal, su enfoque del liderazgo y sus principios profesionales, lo que ayuda a establecer una conexi\u00f3n duradera.<\/p>\n<h4>Adquisici\u00f3n de talento<\/h4>\n<p>Nuestra b\u00fasqueda de talento se nutre de redes globales y bases de datos especializadas del sector, ampliando nuestro alcance para conectar tanto con buscadores de empleo activos como con profesionales pasivos. Combinamos t\u00e9cnicas de reclutamiento de eficacia probada con un alcance digital innovador para localizar a las personas que poseen las habilidades necesarias para superar retos complejos y lograr resultados tangibles.<\/p>\n<h4>Transformaci\u00f3n organizativa<\/h4>\n<p>Nuestra colaboraci\u00f3n contin\u00faa mucho despu\u00e9s de cubrir un puesto. Asesoramos sobre la arquitectura de la plantilla, las hojas de ruta de sucesi\u00f3n y los programas para el crecimiento de los empleados. Al integrar nuestras soluciones de contrataci\u00f3n en el marco estrat\u00e9gico m\u00e1s amplio de una empresa, ayudamos a las organizaciones a tomar impulso y adaptarse a la evoluci\u00f3n de los mercados.<\/p>\n<h2>Nuestro enfoque de la externalizaci\u00f3n de procesos de contrataci\u00f3n<\/h2>\n<p>Dise\u00f1amos nuestros servicios de RPO para abordar los objetivos de contrataci\u00f3n con precisi\u00f3n y verdadera atenci\u00f3n. El viaje comienza con sesiones de descubrimiento colaborativo en las que escuchamos los objetivos de nuestros clientes, evaluamos sus recursos disponibles y aclaramos sus expectativas. Sobre la base de esa conversaci\u00f3n, trazamos una ruta clara que abarca la contrataci\u00f3n, la evaluaci\u00f3n de candidatos, las entrevistas y la incorporaci\u00f3n final.<\/p>\n<p>El perfil del candidato que desarrollamos sirve como un plan detallado para toda la b\u00fasqueda. Este documento especifica las capacidades t\u00e9cnicas, las cualidades de liderazgo y el ajuste cultural que buscamos. Este enfoque garantiza que cada colocaci\u00f3n satisfaga las necesidades inmediatas al tiempo que contribuye al futuro de la organizaci\u00f3n.<\/p>\n<p>Dirigimos la b\u00fasqueda con una combinaci\u00f3n equilibrada de planificaci\u00f3n met\u00f3dica, tecnolog\u00eda moderna e interacci\u00f3n personal. Adem\u00e1s de las referencias y el contacto directo, aprovechamos las plataformas digitales y las campa\u00f1as espec\u00edficas para que el proceso sea m\u00e1s eficaz. Para profundizar en nuestra evaluaci\u00f3n, incorporamos evaluaciones psicom\u00e9tricas y entrevistas estructuradas, que proporcionan una base s\u00f3lida para las decisiones de contrataci\u00f3n de nuestros clientes.<\/p>\n<p>Gestionamos cada proyecto con total discreci\u00f3n. Nuestro papel difiere del de una agencia t\u00edpica; nos convertimos en una extensi\u00f3n del equipo interno de RRHH, ayudando a cubrir puestos r\u00e1pidamente sin rebajar los est\u00e1ndares de calidad. Al hacernos cargo del ciclo de contrataci\u00f3n de principio a fin, liberamos a las organizaciones para que se concentren en sus operaciones principales mientras nosotros supervisamos la log\u00edstica de contrataci\u00f3n.<\/p>\n<p>Este m\u00e9todo basado en la colaboraci\u00f3n garantiza que cada proyecto de externalizaci\u00f3n del proceso de contrataci\u00f3n en Valencia concluya con logros tangibles y nuevos miembros de equipo fiables.<\/p>\n<h2>Nuestra experiencia como l\u00edderes en selecci\u00f3n de directivos en Valencia<\/h2>\n<p>La reputaci\u00f3n de nuestro equipo se construye sobre una base de conocimientos t\u00e9cnicos, un punto de vista mundial y experiencia pr\u00e1ctica. Con un historial de gesti\u00f3n de la contrataci\u00f3n en diversos sectores y funciones, adaptamos nuestro apoyo a las circunstancias espec\u00edficas de cada organizaci\u00f3n, desde necesidades inmediatas de contrataci\u00f3n hasta estrategias integrales de personal.<\/p>\n<p>Hemos comprobado que los clientes aprecian nuestra capacidad para escuchar atentamente, evaluar las situaciones con precisi\u00f3n y elaborar soluciones que se ajusten a su misi\u00f3n principal. A lo largo de todo el proceso, desde la evaluaci\u00f3n inicial hasta la oferta final, nuestra atenci\u00f3n se centra en producir resultados que fortalezcan al equipo y a toda la empresa.<\/p>\n<h4>Algunas \u00e1reas en las que nos especializamos<\/h4>\n<p>Ofrecemos apoyo especializado a organizaciones de los sectores financiero, educativo, sanitario, industrial y tecnol\u00f3gico. Nuestro trabajo en estos sectores tan variados nos proporciona un conocimiento real de los distintos entornos operativos y funciones laborales. Esta experiencia nos permite conectar los conocimientos adecuados con los complejos retos de contrataci\u00f3n.<\/p>\n<h4>Ejemplos de puestos para los que contratamos<\/h4>\n<p>Nuestros esfuerzos de contrataci\u00f3n se centran en nombramientos de altos cargos y ejecutivos, como director financiero, director de RR.HH., gestor de proyectos, jefe de operaciones y director de servicios educativos. Estos puestos de liderazgo son fundamentales para marcar el rumbo de una empresa, y nosotros nos dedicamos a encontrar a los profesionales adecuados para guiar ese viaje.<\/p>\n<blockquote><p><strong>Le invitamos a conversar sobre los puestos ejecutivos y s\u00e9nior para los que contratamos. No dude en ponerse en contacto con Haldren para discutir c\u00f3mo nuestros servicios pueden apoyar las necesidades espec\u00edficas de una organizaci\u00f3n.<\/strong><\/p><\/blockquote>\n<h2>\u00bfPor qu\u00e9 Haldren utiliza un enfoque personalizado para el reclutamiento?<\/h2>\n<p>Nuestra experiencia demuestra que los m\u00e9todos estandarizados de reclutamiento a menudo no alcanzan los objetivos espec\u00edficos de una empresa. Cada organizaci\u00f3n posee una combinaci\u00f3n distinta de presiones industriales, estructuras internas y objetivos estrat\u00e9gicos. Nuestros consultores utilizan sus conocimientos de primera mano para elaborar estrategias de contrataci\u00f3n que sean eficaces en la pr\u00e1ctica, no s\u00f3lo sobre el papel.<\/p>\n<p>Para un cliente, una necesidad urgente de contrataci\u00f3n exig\u00eda rapidez y precisi\u00f3n. Aplicamos nuestro marco de externalizaci\u00f3n de procesos y nos concentramos en bases de datos muy espec\u00edficas para cubrir los puestos r\u00e1pidamente, manteniendo al mismo tiempo los est\u00e1ndares de calidad. Otro encargo se centr\u00f3 en la alineaci\u00f3n cultural, donde nuestro proceso de evaluaci\u00f3n en profundidad confirm\u00f3 que los candidatos elegidos encajaban con la visi\u00f3n a largo plazo de la empresa.<\/p>\n<p>Estas situaciones ilustran la importancia de una estrategia adaptable. Nuestros m\u00e9todos a medida nos permiten navegar por diferentes escenarios de contrataci\u00f3n con diligencia y claridad. Esta flexibilidad conduce a resultados que no s\u00f3lo son pr\u00e1cticos y sostenibles, sino que tambi\u00e9n responden directamente a las prioridades m\u00e1s importantes del cliente.<\/p>\n<h2>\u00bfPor qu\u00e9 elegir Haldren para la externalizaci\u00f3n del proceso de contrataci\u00f3n?<\/h2>\n<p>Elegir un socio en la externalizaci\u00f3n del proceso de reclutamiento es una decisi\u00f3n basada en la confianza. En Haldren, basamos cada proyecto en la profesionalidad, la conducta \u00e9tica y la discreci\u00f3n total. Nuestros consultores se dedican a salvaguardar la informaci\u00f3n sensible y a gestionar cada fase del proceso con responsabilidad.<\/p>\n<p>Las organizaciones nos buscan por nuestra fiabilidad y el beneficio duradero que proporcionamos. Ayudamos a racionalizar las funciones de recursos humanos, a perfeccionar las estrategias de personal y a resolver dif\u00edciles rompecabezas de contrataci\u00f3n. Nuestra capacidad para ofrecer resultados fiables se basa en nuestras conexiones globales y nuestro profundo conocimiento del sector.<\/p>\n<p>Cada compromiso es un reflejo de nuestra misi\u00f3n principal: conectar a las empresas con personas excepcionales al tiempo que protegemos la privacidad y avanzamos en los objetivos estrat\u00e9gicos. Al supervisar el ciclo completo de contrataci\u00f3n, creamos el espacio para que las empresas se concentren en su rendimiento, con la confianza de que se est\u00e1 reuniendo el equipo adecuado.<\/p>\n<blockquote><p><strong>Para iniciar una conversaci\u00f3n, damos la bienvenida a las consultas a Haldren. Estaremos encantados de discutir c\u00f3mo nuestros servicios de RPO en Valencia pueden apoyar los objetivos de contrataci\u00f3n de una organizaci\u00f3n.<\/strong><\/p><\/blockquote>\n                            <\/div>\n        <\/div>\n    <\/div>\n<\/div>\n\n<div class=\"block-section accordion-main-section \">\n    <div class=\"container\">    \n                <div class=\"accordion-faqs\">\n            <h2 class=\"m-title\">Frequently Asked Questions (FAQs)<\/h2>\n                        <div class=\"item\">\n                <h3>\u00bfC\u00f3mo estructura Haldren la fase de externalizaci\u00f3n del proceso de contrataci\u00f3n (RPO)?<\/h3>\n                <div class=\"faq-content\"><p>Nuestro proceso comienza con una evaluaci\u00f3n detallada de los objetivos de la empresa. A partir de ah\u00ed, supervisamos cada paso, incluida la b\u00fasqueda de candidatos, la realizaci\u00f3n de evaluaciones, la organizaci\u00f3n de entrevistas y la gesti\u00f3n de la incorporaci\u00f3n final. Dise\u00f1amos cada fase para que sea totalmente clara y progrese sin problemas.<\/p>\n<\/div>\n            <\/div>\n                        <div class=\"item\">\n                <h3>\u00bfQu\u00e9 nivel de confidencialidad podemos esperar en el proceso de contrataci\u00f3n?<\/h3>\n                <div class=\"faq-content\"><p>Garantizamos una confidencialidad total en cada contrataci\u00f3n. Toda la informaci\u00f3n, desde los datos de la empresa y los registros de los candidatos hasta las decisiones de contrataci\u00f3n, se mantiene estrictamente segura.<\/p>\n<\/div>\n            <\/div>\n                        <div class=\"item\">\n                <h3>\u00bfC\u00f3mo se eval\u00faa a los candidatos m\u00e1s all\u00e1 de su experiencia?<\/h3>\n                <div class=\"faq-content\"><p>Nuestras evaluaciones van m\u00e1s all\u00e1 de un curr\u00edculum para valorar las capacidades t\u00e9cnicas, el potencial de liderazgo, el impulso personal y la compatibilidad cultural. Utilizamos herramientas como entrevistas estructuradas y evaluaciones psicom\u00e9tricas para obtener una imagen m\u00e1s completa e identificar a las personas m\u00e1s adecuadas.<\/p>\n<\/div>\n            <\/div>\n                        <div class=\"item\">\n                <h3>\u00bfEn qu\u00e9 se diferencian los servicios de RPO de Haldren de los de una agencia est\u00e1ndar?<\/h3>\n                <div class=\"faq-content\"><p>Nuestro enfoque va m\u00e1s all\u00e1 de simplemente cubrir una vacante. Actuamos como una extensi\u00f3n del equipo de recursos humanos de una empresa, proporcionando apoyo sostenido y gesti\u00f3n de recursos. Nuestro objetivo es crear asociaciones duraderas que generen valor a largo plazo, en lugar de centrarnos en transacciones \u00fanicas.<\/p>\n<\/div>\n            <\/div>\n                    <\/div>\n            <\/div>\n<\/div><\/div><div class=\"sidebar-wrapper\">\n<div class=\"wpcf7 no-js\" id=\"wpcf7-f10-o1\" lang=\"\" dir=\"ltr\" data-wpcf7-id=\"10\">\n<div class=\"screen-reader-response\"><p role=\"status\" aria-live=\"polite\" aria-atomic=\"true\"><\/p> <ul><\/ul><\/div>\n<form action=\"\/valencia\/wp-json\/wp\/v2\/pages\/169#wpcf7-f10-o1\" method=\"post\" class=\"wpcf7-form init\" aria-label=\"Contact form\" enctype=\"multipart\/form-data\" novalidate=\"novalidate\" data-status=\"init\">\n<fieldset class=\"hidden-fields-container\"><input type=\"hidden\" name=\"_wpcf7\" value=\"10\" \/><input type=\"hidden\" name=\"_wpcf7_version\" value=\"6.1.5\" \/><input type=\"hidden\" name=\"_wpcf7_locale\" value=\"\" \/><input type=\"hidden\" name=\"_wpcf7_unit_tag\" value=\"wpcf7-f10-o1\" \/><input type=\"hidden\" name=\"_wpcf7_container_post\" value=\"0\" \/><input type=\"hidden\" name=\"_wpcf7_posted_data_hash\" value=\"\" \/>\n<\/fieldset>\n<input class=\"wpcf7-form-control wpcf7-hidden\" id=\"utm_source\" value=\"\" type=\"hidden\" name=\"utm_source\" \/>\n<input class=\"wpcf7-form-control wpcf7-hidden\" id=\"utm_medium\" value=\"\" type=\"hidden\" name=\"utm_medium\" \/>\n<input class=\"wpcf7-form-control wpcf7-hidden\" id=\"sideform_user_country\" value=\"\" type=\"hidden\" name=\"userCountry\" \/>\n<div class=\"form-grid-layout\">\n\t<div class=\"form-title\">\n\t\t<h2 class=\"title\">Prospera con el mejor talento<br \/>\n- Sin cuotas iniciales\n\t\t<\/h2>\n\t\t<p>Facil\u00edtese el proceso con v\u00eddeos de entrevistas y una lista de candidatos preseleccionados en un plazo de 2 a 3 semanas.\n\t\t<\/p>\n\t<\/div>\n\t<div class=\"input-field\">\n\t\t<p><label for=\"\">Nombre<\/label><br \/>\n<span class=\"wpcf7-form-control-wrap\" data-name=\"full-Name\"><input size=\"40\" maxlength=\"400\" class=\"wpcf7-form-control wpcf7-text wpcf7-validates-as-required\" aria-required=\"true\" aria-invalid=\"false\" value=\"\" type=\"text\" name=\"full-Name\" \/><\/span>\n\t\t<\/p>\n\t<\/div>\n\t<div class=\"input-field\">\n\t\t<p><label for=\"\">Direcci\u00f3n de correo electr\u00f3nico<\/label><br \/>\n<span class=\"wpcf7-form-control-wrap\" data-name=\"email-address\"><input size=\"40\" maxlength=\"400\" class=\"wpcf7-form-control wpcf7-email wpcf7-validates-as-required wpcf7-text wpcf7-validates-as-email\" aria-required=\"true\" aria-invalid=\"false\" value=\"\" type=\"email\" name=\"email-address\" \/><\/span>\n\t\t<\/p>\n\t<\/div>\n\t<div class=\"input-field\">\n\t\t<p><label for=\"\">Empresa<\/label><br \/>\n<span class=\"wpcf7-form-control-wrap\" data-name=\"company\"><input size=\"40\" maxlength=\"400\" class=\"wpcf7-form-control wpcf7-text\" aria-invalid=\"false\" value=\"\" type=\"text\" name=\"company\" \/><\/span>\n\t\t<\/p>\n\t<\/div>\n\t<div class=\"radiobox-field\">\n\t\t<p><span class=\"wpcf7-form-control-wrap\" data-name=\"radio-721company-status\"><span class=\"wpcf7-form-control wpcf7-radio\"><span class=\"wpcf7-list-item first\"><label><input type=\"radio\" name=\"radio-721company-status\" value=\"{Employer}\" \/><span class=\"wpcf7-list-item-label\">Empleador<\/span><\/label><\/span><span class=\"wpcf7-list-item last\"><label><input type=\"radio\" name=\"radio-721company-status\" value=\"{Candidate}\" \/><span class=\"wpcf7-list-item-label\">Candidato<\/span><\/label><\/span><\/span><\/span>\n\t\t<\/p>\n\t<\/div>\n\t<div class=\"input-field\">\n\t\t<p><span class=\"wpcf7-form-control-wrap\" data-name=\"file-upload\"><input size=\"40\" class=\"wpcf7-form-control wpcf7-file\" accept=\".pdf\" aria-invalid=\"false\" type=\"file\" name=\"file-upload\" \/><\/span>\n\t\t<\/p>\n\t<\/div>\n\t<div class=\"textarea-field\">\n\t\t<p><label for=\"\">\u00bfEn qu\u00e9 podemos ayudarle?<\/label><br \/>\n<span class=\"wpcf7-form-control-wrap\" data-name=\"message\"><textarea cols=\"40\" rows=\"10\" maxlength=\"2000\" class=\"wpcf7-form-control wpcf7-textarea\" aria-invalid=\"false\" name=\"message\"><\/textarea><\/span>\n\t\t<\/p>\n\t<\/div>\n\t<p><span id=\"wpcf7-69fa16f15faf7-wrapper\" class=\"wpcf7-form-control-wrap nickname-wrap\" ><input id=\"wpcf7-69fa16f15faf7-field\"  class=\"wpcf7-form-control wpcf7-text\" type=\"text\" name=\"nickname\" value=\"\" size=\"40\" tabindex=\"-1\" autocomplete=\"off\" \/><\/span>\n\t<\/p>\n\t<div class=\"form-term\">\n\t\t<p>Submission of this form means you have agreed to our <a href=\"\/privacy-policy\/\" title=\"\">Privacy Policy<\/a> and <a href=\"\/terms-of-service\/\" title=\"\">Terms Conditions<\/a>\n\t\t<\/p>\n\t<\/div>\n\t<div class=\"submit-btn\">\n\t\t<p><input class=\"wpcf7-form-control wpcf7-submit has-spinner btn-box\" type=\"submit\" value=\"P\u00f3ngase en contacto con nosotros\" \/>\n\t\t<\/p>\n\t<\/div>\n<\/div><div class=\"wpcf7-response-output\" aria-hidden=\"true\"><\/div>\n<\/form>\n<\/div>\n<\/div><\/div>\n\n\n<div class=\"block-section client-reviews-slider \" style=\"background-color: #119084\">  \n    <div class=\"container\">\n                <div class=\"splide client-slider\">\n            <div class=\"splide__track\">\n                <div class=\"splide__list\">\n                                        <div class=\"splide__slide\">\n                        <div class=\"content-box\">\n                            <div class=\"content\">\n                                <p>&#8220;Trabajar con Haldren nos aport\u00f3 claridad durante un exigente proceso de contrataci\u00f3n. Sus consultores llevaron el proyecto con discreci\u00f3n y se aseguraron de que cada etapa se gestionara con cuidado. Cubrimos los puestos cr\u00edticos con eficacia&#8221;.<\/p>\n                            <\/div>\n                                                        <div class=\"name\">\n                                <strong>Marta L.<\/strong>, \n                                Director de RRHH                            <\/div>\n                                                    <\/div>\n                    <\/div>\n                                        <div class=\"splide__slide\">\n                        <div class=\"content-box\">\n                            <div class=\"content\">\n                                <p>&#8220;Los servicios de RPO de Haldren aportaron estructura y profesionalidad a nuestro proceso de contrataci\u00f3n. Comprendieron la cultura de nuestra empresa y gestionaron la b\u00fasqueda con precisi\u00f3n, ayud\u00e1ndonos a conseguir empleados que han aportado un valor a\u00f1adido real.&#8221;<\/p>\n                            <\/div>\n                                                        <div class=\"name\">\n                                <strong>Javier S.<\/strong>, \n                                Director de Operaciones                            <\/div>\n                                                    <\/div>\n                    <\/div>\n                                        <div class=\"splide__slide\">\n                        <div class=\"content-box\">\n                            <div class=\"content\">\n                                <p>&#8220;Recurrimos a Haldren para la externalizaci\u00f3n de procesos de contrataci\u00f3n y nos impresion\u00f3 su experiencia. Sus consultores combinaron herramientas avanzadas con conocimientos del sector, lo que nos dio confianza en cada contrataci\u00f3n.&#8221;<\/p>\n                            <\/div>\n                                                        <div class=\"name\">\n                                <strong>Laura G.<\/strong>, \n                                Director de Servicios Educativos                            <\/div>\n                                                    <\/div>\n                    <\/div>\n                                    <\/div>\n            <\/div>\n        <\/div>\n            <\/div>\n<\/div>","protected":false},"excerpt":{"rendered":"","protected":false},"author":10,"featured_media":0,"parent":161,"menu_order":0,"comment_status":"closed","ping_status":"closed","template":"","meta":{"_acf_changed":false,"footnotes":""},"class_list":["post-169","page","type-page","status-publish","hentry"],"acf":[],"lang":"es","translations":{"es":169},"jetpack_sharing_enabled":true,"pll_sync_post":[],"_links":{"self":[{"href":"https:\/\/www.haldren.com\/valencia\/wp-json\/wp\/v2\/pages\/169","targetHints":{"allow":["GET"]}}],"collection":[{"href":"https:\/\/www.haldren.com\/valencia\/wp-json\/wp\/v2\/pages"}],"about":[{"href":"https:\/\/www.haldren.com\/valencia\/wp-json\/wp\/v2\/types\/page"}],"author":[{"embeddable":true,"href":"https:\/\/www.haldren.com\/valencia\/wp-json\/wp\/v2\/users\/10"}],"replies":[{"embeddable":true,"href":"https:\/\/www.haldren.com\/valencia\/wp-json\/wp\/v2\/comments?post=169"}],"version-history":[{"count":1,"href":"https:\/\/www.haldren.com\/valencia\/wp-json\/wp\/v2\/pages\/169\/revisions"}],"predecessor-version":[{"id":185,"href":"https:\/\/www.haldren.com\/valencia\/wp-json\/wp\/v2\/pages\/169\/revisions\/185"}],"up":[{"embeddable":true,"href":"https:\/\/www.haldren.com\/valencia\/wp-json\/wp\/v2\/pages\/161"}],"wp:attachment":[{"href":"https:\/\/www.haldren.com\/valencia\/wp-json\/wp\/v2\/media?parent=169"}],"curies":[{"name":"wp","href":"https:\/\/api.w.org\/{rel}","templated":true}]}}