{"id":170,"date":"2025-09-19T04:12:14","date_gmt":"2025-09-19T04:12:14","guid":{"rendered":"https:\/\/www.haldren.com\/valencia\/?page_id=81"},"modified":"2025-10-15T05:24:21","modified_gmt":"2025-10-15T05:24:21","slug":"contratacion-por-contrato","status":"publish","type":"page","link":"https:\/\/www.haldren.com\/valencia\/es\/adquisicion-de-talentos\/contratacion-por-contrato\/","title":{"rendered":"Contrataci\u00f3n por contrato"},"content":{"rendered":"\n  <link rel=\"preload\" as=\"image\" href=\"https:\/\/www.haldren.com\/valencia\/wp-content\/uploads\/sites\/34\/2025\/09\/valencia-city-e1764150340710.webp\" fetchpriority=\"high\">\n  <style>\n    .inner-banner-section {\n      background-image: url('https:\/\/www.haldren.com\/valencia\/wp-content\/uploads\/sites\/34\/2025\/09\/valencia-city-e1764150340710.webp');\n      background-size: cover;\n      background-position: center;\n      background-repeat: no-repeat;\n    }\n\n    @media (max-width: 768px) {\n      .inner-banner-section {\n        background-image: url('https:\/\/www.haldren.com\/valencia\/wp-content\/uploads\/sites\/34\/2025\/09\/valencia-city-e1764150340710.webp');\n      }\n    }\n  <\/style>\n\n<div class=\"block-section inner-banner-section lazyload bg-sty section-gaps top-border-line\">\n  <div class=\"container-fluid\">\n    <div class=\"content-wrap\">\n      <h1 class=\"title\">\n        Servicios de contrataci\u00f3n en Valencia      <\/h1>\n      <span style=\"font-size: 18px;\">Soluciones de contrataci\u00f3n flexibles respaldadas por la discreci\u00f3n y la experiencia<\/span>\n    <\/div>\n  <\/div>\n<\/div>\n\n\n\n\n<div class=\"wp-block-custom-div-wrapper-block col-wrapper has-sidebar\"><div class=\"content-wrapper\" style=\"background-color:#002a26\">\n<div class=\"block-section section-gaps default-content-section \" \n     style=\"--text-color: #ffffff; --bg-color: #119084;\">\n    <div class=\"container\">\n        <div class=\"default-single-content-wrap\">\n            <div class=\"content-wrap\">\n                                    <h2><strong>Primera empresa de selecci\u00f3n de personal en Valencia<\/strong><\/h2>\n<p>Ofrecemos selecci\u00f3n de personal por contrato en Valencia, poniendo en contacto a empresas con especialistas probados precisamente cuando la agilidad es una necesidad estrat\u00e9gica. A diferencia de muchas agencias de selecci\u00f3n de personal, nos centramos en la selecci\u00f3n de personas que aporten tanto experiencia como adaptabilidad. Nuestros consultores aplican sus conocimientos del sector con total discreci\u00f3n, asegur\u00e1ndose de que cada colocaci\u00f3n refuerza el rendimiento operativo sin alterar las prioridades internas. A trav\u00e9s de una metodolog\u00eda estructurada y de nuestra red internacional, facilitamos un proceso de contrataci\u00f3n eficiente que pone en contacto a las organizaciones con los profesionales adecuados en el momento oportuno.<\/p>\n<p>Gestionamos cada b\u00fasqueda con diligencia, comenzando con una definici\u00f3n clara de los objetivos y culminando con la presentaci\u00f3n de personas que poseen exactamente las habilidades requeridas. Empresas de toda Espa\u00f1a, Valencia y Europa conf\u00edan en nosotros porque combinamos la capacidad de respuesta con un esfuerzo meticuloso, encontrando expertos que aportan valor inmediato y se integran sin problemas en los equipos existentes.<\/p>\n<blockquote><p><strong>Nuestra reputaci\u00f3n se basa en ofrecer soluciones de contrataci\u00f3n que combinan rapidez, confidencialidad y un enfoque inquebrantable en la obtenci\u00f3n de talento de primer nivel y de los mejores candidatos para cada puesto.<\/strong><\/p><\/blockquote>\n<h2><strong>Empresa de b\u00fasqueda de ejecutivos de primer nivel en Valencia<\/strong><\/h2>\n<p>Nuestro compromiso con la contrataci\u00f3n va m\u00e1s all\u00e1 de la mera cobertura de un puesto; se trata de dotar a las organizaciones del liderazgo y la competencia necesarios para mantener su \u00e9xito. Cada misi\u00f3n que emprendemos se basa en los principios de responsabilidad, claridad y apoyo dedicado del consultor.<\/p>\n<p><strong>Assessment<\/strong><\/p>\n<p>Nuestro proceso comienza con un an\u00e1lisis detallado de la estructura de la empresa, sus objetivos y los retos espec\u00edficos a los que se enfrenta. A partir de ah\u00ed, nuestros consultores elaboran un cuadro de mando que describe las competencias t\u00e9cnicas esenciales, los atributos de liderazgo y los principales factores de motivaci\u00f3n. Este marco garantiza que las posibles contrataciones se ajusten a las exigencias del puesto y a la cultura distintiva de la empresa.<\/p>\n<p><strong>Talent Acquisition<\/strong><\/p>\n<p>Identificamos especialistas recurriendo a nuestras amplias bases de datos, referencias verificadas y redes sectoriales de gran alcance que abarcan Espa\u00f1a, Valencia y otros mercados clave. Nuestro enfoque combina t\u00e9cnicas de b\u00fasqueda convencionales con modernos instrumentos digitales para identificar el mejor talento, incluidos profesionales especializados en tecnolog\u00eda y expertos multiling\u00fces en diferentes idiomas. Esto incluye descubrir a profesionales receptivos al trabajo por contrato que a menudo son invisibles para los anuncios de empleo convencionales.<\/p>\n<p><strong>Transformaci\u00f3n organizativa<\/strong><\/p>\n<p>La colocaci\u00f3n de profesionales por contrato suele apoyar un cambio organizativo m\u00e1s amplio. Ayudamos a las empresas a reforzar su liderazgo, a superar transiciones importantes y a prepararse para el crecimiento futuro. Estos esfuerzos a menudo se ven reforzados por nuestro trabajo complementario en la planificaci\u00f3n de la sucesi\u00f3n y el desarrollo organizativo, ayudando a los empleados a adaptarse de manera eficiente al tiempo que permite el control del liderazgo durante las transiciones cr\u00edticas.<\/p>\n<h2><strong>Nuestro enfoque de la contrataci\u00f3n<\/strong><\/h2>\n<p>Creemos que el \u00e9xito de la contrataci\u00f3n depende de una combinaci\u00f3n de procesos disciplinados y conocimientos genuinos. Esta filosof\u00eda es la raz\u00f3n por la que iniciamos nuestro trabajo con conversaciones en profundidad para comprender plenamente el puesto, los objetivos del proyecto y las prioridades de todas las partes interesadas. Tras esta fase de descubrimiento, trazamos un mapa del mercado de talentos, identificamos a las personas potenciales y comenzamos nuestra b\u00fasqueda.<\/p>\n<p>Nuestro equipo emplea una combinaci\u00f3n de referencias estructuradas, b\u00fasqueda directa y estrategias digitales espec\u00edficas, incluidas campa\u00f1as en LinkedIn y bolsas de trabajo especializadas del sector, para acceder a un amplio grupo de personas cualificadas. Evaluamos a desarrolladores, gestores de proyectos y otros especialistas mediante entrevistas exhaustivas y evaluaciones psicom\u00e9tricas, lo que proporciona una visi\u00f3n transparente de sus aptitudes y motivaciones fundamentales.<\/p>\n<p>A continuaci\u00f3n, se presenta una lista de preseleccionados con notas claras y detalladas, lo que permite revisar con confianza las opciones disponibles. Seguimos prestando nuestro apoyo durante la fase de entrevistas, salvaguardamos la confidencialidad durante las negociaciones y nos mantenemos comprometidos durante todo el proceso de incorporaci\u00f3n. Este m\u00e9todo minucioso garantiza que cada colocaci\u00f3n sea eficiente y sostenible.<\/p>\n<p>Nuestra medida de los logros no se basa \u00fanicamente en la velocidad. Combinamos nuestro alcance internacional con un profundo conocimiento del mercado local, lo que permite a las empresas de Valencia asegurar contratistas que proporcionan resultados medibles y contribuyen significativamente desde el primer d\u00eda.<\/p>\n<h2><strong>Nuestra experiencia como l\u00edderes en selecci\u00f3n de directivos en Valencia<\/strong><\/h2>\n<p>Nuestros consultores ofrecen a\u00f1os de experiencia directa en selecci\u00f3n de personal, con historiales profesionales que abarcan una amplia gama de sectores. Perfeccionamos constantemente nuestras pr\u00e1cticas para mantenernos alineados con la evoluci\u00f3n del mercado, aplicando al mismo tiempo metodolog\u00edas de evaluaci\u00f3n probadas a lo largo del tiempo.<\/p>\n<p>Nuestro trabajo en diversos sectores en Espa\u00f1a, Valencia, Reino Unido, Alemania y en toda Europa nos permite comprender perfectamente las presiones a las que se enfrentan las organizaciones a la hora de contratar. Este conocimiento nos permite adaptarnos con precisi\u00f3n, tanto si la necesidad inmediata es de habilidades t\u00e9cnicas especializadas, continuidad en el liderazgo o cubrir con confianza un puesto urgente.<\/p>\n<h4><strong>Algunas \u00e1reas en las que nos especializamos<\/strong><\/h4>\n<p>Colaboramos con empresas de sectores como la tecnolog\u00eda, los servicios profesionales, la sanidad, la industria manufacturera, los servicios financieros y los bienes de consumo. Estos grupos de industrias reflejan el mundo de empleadores e inversores a los que apoyamos regularmente en m\u00faltiples ubicaciones. Nos centramos en alinear el nombramiento de profesionales contratados con los principales objetivos empresariales, ayudando a las organizaciones a mantener el impulso mientras atraviesan periodos de transici\u00f3n.<\/p>\n<h4><strong>Ejemplos de funciones para las que contratamos<\/strong><\/h4>\n<p>Nuestros contratos incluyen una amplia gama de puestos senior y especializados, tales como personal de apoyo a la C-suite, gerentes interinos, directores financieros, jefes de proyecto y desarrolladores de software. Tambi\u00e9n buscamos personas para puestos que exigen una experiencia \u00fanica para iniciativas de duraci\u00f3n determinada o durante transformaciones empresariales cr\u00edticas.<\/p>\n<blockquote><p><strong>Para obtener informaci\u00f3n m\u00e1s detallada sobre los puestos que gestionamos, le animamos a ponerse en contacto con Haldren. P\u00f3ngase en contacto con nosotros a trav\u00e9s de nuestra p\u00e1gina web, donde podr\u00e1 hablar con un consultor, rellenar un sencillo formulario y, adem\u00e1s, conocer c\u00f3mo ayudamos a las empresas a atraer a los profesionales adecuados.<\/strong><\/p><\/blockquote>\n<h2><strong>Por qu\u00e9 Haldren utiliza un enfoque personalizado para el reclutamiento<\/strong><\/h2>\n<p>Cada organizaci\u00f3n opera con su propia cultura, ritmo y conjunto de prioridades. Los modelos estandarizados de reclutamiento pueden pasar por alto estos matices, lo que a veces resulta en colocaciones que no apoyan los objetivos a largo plazo. Nuestros consultores han observado directamente estos retos, lo que explica nuestra insistencia en un enfoque a medida.<\/p>\n<p>Dise\u00f1amos cada proceso de b\u00fasqueda en torno a los requisitos espec\u00edficos del puesto, la naturaleza del entorno organizativo y las expectativas de sus dirigentes. Para una empresa, el objetivo puede ser conseguir desarrolladores con habilidades t\u00e9cnicas poco comunes; para otra, encontrar un profesional con excepcionales dotes de comunicaci\u00f3n. Adaptando nuestra metodolog\u00eda, salvaguardamos los objetivos de la empresa a la vez que mantenemos un proceso eficiente.<\/p>\n<p>Nuestro trabajo en Espa\u00f1a, Valencia y Europa confirma que el \u00e9xito en la contrataci\u00f3n es el resultado de una evaluaci\u00f3n cuidadosa, conversaciones estructuradas y referencias exhaustivas. Este marco a medida produce sistem\u00e1ticamente resultados superiores en comparaci\u00f3n con las estrategias de &#8220;talla \u00fanica&#8221;.<\/p>\n<h2><strong>\u00bfPor qu\u00e9 elegir Haldren para la contrataci\u00f3n de personal?<\/strong><\/h2>\n<p>Haldren se ha ganado la confianza a trav\u00e9s de la discreci\u00f3n, las pr\u00e1cticas \u00e9ticas y un historial de resultados fiables. Las empresas se asocian con nosotros sabiendo que gestionamos cada contrataci\u00f3n con profesionalidad y diligencia, garantizando que las decisiones sensibles de contrataci\u00f3n de personal se mantengan siempre seguras.<\/p>\n<p>Nuestros consultores ofrecen apoyo continuo durante todo el ciclo de contrataci\u00f3n, desde la definici\u00f3n del puesto hasta la realizaci\u00f3n de entrevistas y la facilitaci\u00f3n de la incorporaci\u00f3n. Nuestra combinaci\u00f3n de acceso global y conocimiento local nos permite poner en contacto a los empleadores de Espa\u00f1a y Valencia con talentos de primer nivel preparados para ofrecer un impacto inmediato.<\/p>\n<blockquote><p><strong>Si la contrataci\u00f3n por contrato es una prioridad actual, le invitamos a conversar con Haldren. Estamos preparados para hablar, responder preguntas y, adem\u00e1s, proporcionar informaci\u00f3n pr\u00e1ctica sobre c\u00f3mo estructurar las cuentas de contrataci\u00f3n para gestionar los costes, los presupuestos y las consideraciones salariales de forma justa.<\/strong><\/p><\/blockquote>\n                            <\/div>\n        <\/div>\n    <\/div>\n<\/div>\n\n<div class=\"block-section accordion-main-section \">\n    <div class=\"container\">    \n                <div class=\"accordion-faqs\">\n            <h2 class=\"m-title\">Frequently Asked Questions (FAQs)<\/h2>\n                        <div class=\"item\">\n                <h3>\u00bfC\u00f3mo asegurarse de que los candidatos encajan tanto en el puesto como en la empresa?<\/h3>\n                <div class=\"faq-content\"><p>Desarrollamos un cuadro de mando detallado para cada puesto y utilizamos entrevistas estructuradas para evaluar la competencia t\u00e9cnica, el ajuste cultural y la motivaci\u00f3n personal.<\/p>\n<\/div>\n            <\/div>\n                        <div class=\"item\">\n                <h3>\u00bfQu\u00e9 medidas toma para proteger la confidencialidad?<\/h3>\n                <div class=\"faq-content\"><p>La confidencialidad es una piedra angular de nuestro proceso. Gestionamos todas las actividades de comunicaci\u00f3n, documentaci\u00f3n y contrataci\u00f3n con estrictas medidas de seguridad para salvaguardar los intereses tanto de nuestros clientes como de los profesionales que contratamos.<\/p>\n<\/div>\n            <\/div>\n                        <div class=\"item\">\n                <h3>\u00bfCon qu\u00e9 rapidez puede presentar candidatos?<\/h3>\n                <div class=\"faq-content\"><p>Aunque el plazo de cada b\u00fasqueda puede variar, nuestra amplia base de datos y nuestras redes establecidas en toda Espa\u00f1a y Europa nos permiten identificar y presentar a personas cualificadas en el momento oportuno.<\/p>\n<\/div>\n            <\/div>\n                        <div class=\"item\">\n                <h3>\u00bfOfrecen apoyo m\u00e1s all\u00e1 de la colocaci\u00f3n?<\/h3>\n                <div class=\"faq-content\"><p>Lo hacemos. Nuestro apoyo contin\u00faa con la asistencia en la incorporaci\u00f3n y el seguimiento posterior a la colocaci\u00f3n para ayudar a los nuevos empleados a integrarse sin problemas y contribuir eficazmente desde el principio.<\/p>\n<\/div>\n            <\/div>\n                    <\/div>\n            <\/div>\n<\/div><\/div><div class=\"sidebar-wrapper\">\n<div class=\"wpcf7 no-js\" id=\"wpcf7-f10-o1\" lang=\"\" dir=\"ltr\" data-wpcf7-id=\"10\">\n<div class=\"screen-reader-response\"><p role=\"status\" aria-live=\"polite\" aria-atomic=\"true\"><\/p> <ul><\/ul><\/div>\n<form action=\"\/valencia\/wp-json\/wp\/v2\/pages\/170#wpcf7-f10-o1\" method=\"post\" class=\"wpcf7-form init\" aria-label=\"Contact form\" enctype=\"multipart\/form-data\" novalidate=\"novalidate\" data-status=\"init\">\n<fieldset class=\"hidden-fields-container\"><input type=\"hidden\" name=\"_wpcf7\" value=\"10\" \/><input type=\"hidden\" name=\"_wpcf7_version\" value=\"6.1.5\" \/><input type=\"hidden\" name=\"_wpcf7_locale\" value=\"\" \/><input type=\"hidden\" name=\"_wpcf7_unit_tag\" value=\"wpcf7-f10-o1\" \/><input type=\"hidden\" name=\"_wpcf7_container_post\" value=\"0\" \/><input type=\"hidden\" name=\"_wpcf7_posted_data_hash\" value=\"\" \/>\n<\/fieldset>\n<input class=\"wpcf7-form-control wpcf7-hidden\" id=\"utm_source\" value=\"\" type=\"hidden\" name=\"utm_source\" \/>\n<input class=\"wpcf7-form-control wpcf7-hidden\" id=\"utm_medium\" value=\"\" type=\"hidden\" name=\"utm_medium\" \/>\n<input class=\"wpcf7-form-control wpcf7-hidden\" id=\"sideform_user_country\" value=\"\" type=\"hidden\" name=\"userCountry\" \/>\n<div class=\"form-grid-layout\">\n\t<div class=\"form-title\">\n\t\t<h2 class=\"title\">Thrive with Top Talent<br \/>\n- No Upfronts Fees\n\t\t<\/h2>\n\t\t<p>Have it easier with video interview clips and a candidate shortlist within 2-3 weeks\n\t\t<\/p>\n\t<\/div>\n\t<div class=\"input-field\">\n\t\t<p><label for=\"\">Name<\/label><br \/>\n<span class=\"wpcf7-form-control-wrap\" data-name=\"full-Name\"><input size=\"40\" maxlength=\"400\" class=\"wpcf7-form-control wpcf7-text wpcf7-validates-as-required\" aria-required=\"true\" aria-invalid=\"false\" value=\"\" type=\"text\" name=\"full-Name\" \/><\/span>\n\t\t<\/p>\n\t<\/div>\n\t<div class=\"input-field\">\n\t\t<p><label for=\"\">Email Address<\/label><br \/>\n<span class=\"wpcf7-form-control-wrap\" data-name=\"email-address\"><input size=\"40\" maxlength=\"400\" class=\"wpcf7-form-control wpcf7-email wpcf7-validates-as-required wpcf7-text wpcf7-validates-as-email\" aria-required=\"true\" aria-invalid=\"false\" value=\"\" type=\"email\" name=\"email-address\" \/><\/span>\n\t\t<\/p>\n\t<\/div>\n\t<div class=\"input-field\">\n\t\t<p><label for=\"\">Company<\/label><br \/>\n<span class=\"wpcf7-form-control-wrap\" data-name=\"company\"><input size=\"40\" maxlength=\"400\" class=\"wpcf7-form-control wpcf7-text\" aria-invalid=\"false\" value=\"\" type=\"text\" name=\"company\" \/><\/span>\n\t\t<\/p>\n\t<\/div>\n\t<div class=\"radiobox-field\">\n\t\t<p><span class=\"wpcf7-form-control-wrap\" data-name=\"radio-721company-status\"><span class=\"wpcf7-form-control wpcf7-radio\"><span class=\"wpcf7-list-item first\"><label><input type=\"radio\" name=\"radio-721company-status\" value=\"{Employer}\" \/><span class=\"wpcf7-list-item-label\">Employer<\/span><\/label><\/span><span class=\"wpcf7-list-item last\"><label><input type=\"radio\" name=\"radio-721company-status\" value=\"{Candidate}\" \/><span class=\"wpcf7-list-item-label\">Candidate<\/span><\/label><\/span><\/span><\/span>\n\t\t<\/p>\n\t<\/div>\n\t<div class=\"input-field\">\n\t\t<p><span class=\"wpcf7-form-control-wrap\" data-name=\"file-upload\"><input size=\"40\" class=\"wpcf7-form-control wpcf7-file\" accept=\".pdf\" aria-invalid=\"false\" type=\"file\" name=\"file-upload\" \/><\/span>\n\t\t<\/p>\n\t<\/div>\n\t<div class=\"textarea-field\">\n\t\t<p><label for=\"\">How can we help you?<\/label><br \/>\n<span class=\"wpcf7-form-control-wrap\" data-name=\"message\"><textarea cols=\"40\" rows=\"10\" maxlength=\"2000\" class=\"wpcf7-form-control wpcf7-textarea\" aria-invalid=\"false\" name=\"message\"><\/textarea><\/span>\n\t\t<\/p>\n\t<\/div>\n\t<p><span id=\"wpcf7-69fa0ba66f61f-wrapper\" class=\"wpcf7-form-control-wrap nickname-wrap\" ><input id=\"wpcf7-69fa0ba66f61f-field\"  class=\"wpcf7-form-control wpcf7-text\" type=\"text\" name=\"nickname\" value=\"\" size=\"40\" tabindex=\"-1\" autocomplete=\"off\" \/><\/span>\n\t<\/p>\n\t<div class=\"form-term\">\n\t\t<p>Submission of this form means you have agreed to our <a href=\"\/privacy-policy\/\" title=\"\">Privacy Policy<\/a> and <a href=\"\/terms-of-service\/\" title=\"\">Terms Conditions<\/a>\n\t\t<\/p>\n\t<\/div>\n\t<div class=\"submit-btn\">\n\t\t<p><input class=\"wpcf7-form-control wpcf7-submit has-spinner btn-box\" type=\"submit\" value=\"Get in Touch\" \/>\n\t\t<\/p>\n\t<\/div>\n<\/div><div class=\"wpcf7-response-output\" aria-hidden=\"true\"><\/div>\n<\/form>\n<\/div>\n<\/div><\/div>\n\n\n<div class=\"block-section client-reviews-slider \" style=\"background-color: #119084\">  \n    <div class=\"container\">\n                <div class=\"splide client-slider\">\n            <div class=\"splide__track\">\n                <div class=\"splide__list\">\n                                        <div class=\"splide__slide\">\n                        <div class=\"content-box\">\n                            <div class=\"content\">\n                                <p>&#8220;Haldren hizo que el proceso de contrataci\u00f3n fuera fluido. La lista de preseleccionados reflejaba un profundo conocimiento de nuestras necesidades, y contratamos r\u00e1pidamente sin comprometer la calidad.&#8221;<\/p>\n                            <\/div>\n                                                        <div class=\"name\">\n                                <strong>Javier M.<\/strong>, \n                                Director de RRHH                            <\/div>\n                                                    <\/div>\n                    <\/div>\n                                        <div class=\"splide__slide\">\n                        <div class=\"content-box\">\n                            <div class=\"content\">\n                                <p>&#8220;Los consultores fueron profesionales y discretos en todo momento. Nos encontraron los mejores talentos y gestionaron el proceso con una comunicaci\u00f3n clara en todo momento.&#8221;<\/p>\n                            <\/div>\n                                                        <div class=\"name\">\n                                <strong>Isabel R.<\/strong>, \n                                Director de operaciones                            <\/div>\n                                                    <\/div>\n                    <\/div>\n                                        <div class=\"splide__slide\">\n                        <div class=\"content-box\">\n                            <div class=\"content\">\n                                <p>&#8220;Nuestra empresa necesitaba cubrir r\u00e1pidamente un puesto cr\u00edtico. Los reclutadores de Haldren entregaron candidatos con las habilidades adecuadas, y la contrataci\u00f3n fue un \u00e9xito.&#8221;<\/p>\n                            <\/div>\n                                                        <div class=\"name\">\n                                <strong>Antonio G.<\/strong>, \n                                DIRECTOR GENERAL                            <\/div>\n                                                    <\/div>\n                    <\/div>\n                                    <\/div>\n            <\/div>\n        <\/div>\n            <\/div>\n<\/div>","protected":false},"excerpt":{"rendered":"","protected":false},"author":10,"featured_media":0,"parent":161,"menu_order":0,"comment_status":"closed","ping_status":"closed","template":"","meta":{"_acf_changed":false,"footnotes":""},"class_list":["post-170","page","type-page","status-publish","hentry"],"acf":[],"lang":"es","translations":{"es":170},"jetpack_sharing_enabled":true,"pll_sync_post":[],"_links":{"self":[{"href":"https:\/\/www.haldren.com\/valencia\/wp-json\/wp\/v2\/pages\/170","targetHints":{"allow":["GET"]}}],"collection":[{"href":"https:\/\/www.haldren.com\/valencia\/wp-json\/wp\/v2\/pages"}],"about":[{"href":"https:\/\/www.haldren.com\/valencia\/wp-json\/wp\/v2\/types\/page"}],"author":[{"embeddable":true,"href":"https:\/\/www.haldren.com\/valencia\/wp-json\/wp\/v2\/users\/10"}],"replies":[{"embeddable":true,"href":"https:\/\/www.haldren.com\/valencia\/wp-json\/wp\/v2\/comments?post=170"}],"version-history":[{"count":1,"href":"https:\/\/www.haldren.com\/valencia\/wp-json\/wp\/v2\/pages\/170\/revisions"}],"predecessor-version":[{"id":184,"href":"https:\/\/www.haldren.com\/valencia\/wp-json\/wp\/v2\/pages\/170\/revisions\/184"}],"up":[{"embeddable":true,"href":"https:\/\/www.haldren.com\/valencia\/wp-json\/wp\/v2\/pages\/161"}],"wp:attachment":[{"href":"https:\/\/www.haldren.com\/valencia\/wp-json\/wp\/v2\/media?parent=170"}],"curies":[{"name":"wp","href":"https:\/\/api.w.org\/{rel}","templated":true}]}}